{"id":610,"date":"2018-06-17T19:18:13","date_gmt":"2018-06-17T17:18:13","guid":{"rendered":"http:\/\/wp.kristdemokraterna.se\/ydre\/?page_id=610"},"modified":"2018-06-17T19:18:56","modified_gmt":"2018-06-17T17:18:56","slug":"fornuftet-bor-hos-ledarn","status":"publish","type":"page","link":"https:\/\/wp.kristdemokraterna.se\/ydre\/fornuftet-bor-hos-ledarn\/","title":{"rendered":"2017-01-14 &#8221;F\u00f6rnuftet bor hos ledarn&#8221;"},"content":{"rendered":"<p><span style=\"font-size: large\">P\u00e5 1820-talet skrev Atterbom ett drama kallat\u00a0<i>Lycksalighetens \u00f6<\/i>. Det mest k\u00e4nda avsnittet handlade om ett land d\u00e4r det var stor oreda efter en revolution.<br \/>\nUnder det nya styret var det kaos i skolorna och f\u00f6rsvaret var n\u00e4stan avskaffat. Men den nye ledaren var stolt. Han ber\u00e4ttade att alla nu var j\u00e4mst\u00e4llda. &#8221;Dock, det f\u00f6rst\u00e5s: F\u00f6rnuftet bor hos ledarn&#8221;, sade han halvh\u00f6gt och mysande.<\/span><\/p>\n<p><span style=\"font-size: large\"><img loading=\"lazy\" decoding=\"async\" src=\"http:\/\/ydrebo.se\/kd\/veckobrev2015\/bulsjoan2.JPG\" width=\"600\" height=\"450\" \/><br \/>\n<\/span><i>Hur f\u00f6rnuftigt kommer v\u00e4rlden att styras?<\/i><\/p>\n<p><span style=\"font-size: large\">Men detta skrevs f\u00f6r 190 \u00e5r sedan. Visst \u00e4r det v\u00e4l b\u00e4ttre i v\u00e4rlden i dag? Finns det n\u00e5gon anledning till oro? Stora l\u00e4nder har v\u00e4l stora ledare, eller hur?<\/span><\/p>\n<p><i>Bengt Malm, ordf.<br \/>\n(f\u00f6dd i en diktatur)<br \/>\n14 januari 2017<\/i><\/p>\n<p>&nbsp;<\/p>\n","protected":false},"excerpt":{"rendered":"<p>P\u00e5 1820-talet skrev Atterbom ett drama kallat\u00a0Lycksalighetens \u00f6. Det mest k\u00e4nda avsnittet handlade om ett land d\u00e4r det var stor oreda efter en revolution. Under det nya styret var det kaos i skolorna och f\u00f6rsvaret var n\u00e4stan avskaffat. Men den nye ledaren var stolt. Han ber\u00e4ttade att alla nu var j\u00e4mst\u00e4llda. &#8221;Dock, det f\u00f6rst\u00e5s: F\u00f6rnuftet <a class=\"read-more-link\" href=\"https:\/\/wp.kristdemokraterna.se\/ydre\/fornuftet-bor-hos-ledarn\/\">L\u00e4s mer<\/a><\/p>\n","protected":false},"author":793,"featured_media":0,"parent":0,"menu_order":0,"comment_status":"closed","ping_status":"closed","template":"","meta":{"_acf_changed":false,"footnotes":""},"class_list":["post-610","page","type-page","status-publish","hentry"],"acf":[],"yoast_head":"<!-- This site is optimized with the Yoast SEO plugin v27.5 - https:\/\/yoast.com\/product\/yoast-seo-wordpress\/ -->\n<title>2017-01-14 &quot;F\u00f6rnuftet bor hos ledarn&quot; - Kristdemokraterna i Ydre<\/title>\n<meta name=\"robots\" content=\"index, follow, max-snippet:-1, max-image-preview:large, max-video-preview:-1\" \/>\n<link rel=\"canonical\" href=\"https:\/\/wp.kristdemokraterna.se\/ydre\/fornuftet-bor-hos-ledarn\/\" \/>\n<meta property=\"og:locale\" content=\"sv_SE\" \/>\n<meta property=\"og:type\" content=\"article\" \/>\n<meta property=\"og:title\" content=\"2017-01-14 &quot;F\u00f6rnuftet bor hos ledarn&quot; - Kristdemokraterna i Ydre\" \/>\n<meta property=\"og:description\" content=\"P\u00e5 1820-talet skrev Atterbom ett drama kallat\u00a0Lycksalighetens \u00f6. Det mest k\u00e4nda avsnittet handlade om ett land d\u00e4r det var stor oreda efter en revolution. Under det nya styret var det kaos i skolorna och f\u00f6rsvaret var n\u00e4stan avskaffat. Men den nye ledaren var stolt. Han ber\u00e4ttade att alla nu var j\u00e4mst\u00e4llda. &#8221;Dock, det f\u00f6rst\u00e5s: F\u00f6rnuftet L\u00e4s mer\" \/>\n<meta property=\"og:url\" content=\"https:\/\/wp.kristdemokraterna.se\/ydre\/fornuftet-bor-hos-ledarn\/\" \/>\n<meta property=\"og:site_name\" content=\"Kristdemokraterna i Ydre\" \/>\n<meta property=\"article:modified_time\" content=\"2018-06-17T17:18:56+00:00\" \/>\n<meta property=\"og:image\" content=\"http:\/\/ydrebo.se\/kd\/veckobrev2015\/bulsjoan2.JPG\" \/>\n<meta name=\"twitter:card\" content=\"summary_large_image\" \/>\n<meta name=\"twitter:label1\" content=\"Ber\u00e4knad l\u00e4stid\" \/>\n\t<meta name=\"twitter:data1\" content=\"1 minut\" \/>\n<script type=\"application\/ld+json\" class=\"yoast-schema-graph\">{\"@context\":\"https:\\\/\\\/schema.org\",\"@graph\":[{\"@type\":\"WebPage\",\"@id\":\"https:\\\/\\\/wp.kristdemokraterna.se\\\/ydre\\\/fornuftet-bor-hos-ledarn\\\/\",\"url\":\"https:\\\/\\\/wp.kristdemokraterna.se\\\/ydre\\\/fornuftet-bor-hos-ledarn\\\/\",\"name\":\"2017-01-14 \\\"F\u00f6rnuftet bor hos ledarn\\\" - Kristdemokraterna i Ydre\",\"isPartOf\":{\"@id\":\"https:\\\/\\\/wp.kristdemokraterna.se\\\/ydre\\\/#website\"},\"primaryImageOfPage\":{\"@id\":\"https:\\\/\\\/wp.kristdemokraterna.se\\\/ydre\\\/fornuftet-bor-hos-ledarn\\\/#primaryimage\"},\"image\":{\"@id\":\"https:\\\/\\\/wp.kristdemokraterna.se\\\/ydre\\\/fornuftet-bor-hos-ledarn\\\/#primaryimage\"},\"thumbnailUrl\":\"http:\\\/\\\/ydrebo.se\\\/kd\\\/veckobrev2015\\\/bulsjoan2.JPG\",\"datePublished\":\"2018-06-17T17:18:13+00:00\",\"dateModified\":\"2018-06-17T17:18:56+00:00\",\"breadcrumb\":{\"@id\":\"https:\\\/\\\/wp.kristdemokraterna.se\\\/ydre\\\/fornuftet-bor-hos-ledarn\\\/#breadcrumb\"},\"inLanguage\":\"sv-SE\",\"potentialAction\":[{\"@type\":\"ReadAction\",\"target\":[\"https:\\\/\\\/wp.kristdemokraterna.se\\\/ydre\\\/fornuftet-bor-hos-ledarn\\\/\"]}]},{\"@type\":\"ImageObject\",\"inLanguage\":\"sv-SE\",\"@id\":\"https:\\\/\\\/wp.kristdemokraterna.se\\\/ydre\\\/fornuftet-bor-hos-ledarn\\\/#primaryimage\",\"url\":\"http:\\\/\\\/ydrebo.se\\\/kd\\\/veckobrev2015\\\/bulsjoan2.JPG\",\"contentUrl\":\"http:\\\/\\\/ydrebo.se\\\/kd\\\/veckobrev2015\\\/bulsjoan2.JPG\"},{\"@type\":\"BreadcrumbList\",\"@id\":\"https:\\\/\\\/wp.kristdemokraterna.se\\\/ydre\\\/fornuftet-bor-hos-ledarn\\\/#breadcrumb\",\"itemListElement\":[{\"@type\":\"ListItem\",\"position\":1,\"name\":\"Hem\",\"item\":\"https:\\\/\\\/wp.kristdemokraterna.se\\\/ydre\\\/\"},{\"@type\":\"ListItem\",\"position\":2,\"name\":\"2017-01-14 &#8221;F\u00f6rnuftet bor hos ledarn&#8221;\"}]},{\"@type\":\"WebSite\",\"@id\":\"https:\\\/\\\/wp.kristdemokraterna.se\\\/ydre\\\/#website\",\"url\":\"https:\\\/\\\/wp.kristdemokraterna.se\\\/ydre\\\/\",\"name\":\"Kristdemokraterna i Ydre\",\"description\":\"En till Kristdemokraterna webbplats\",\"inLanguage\":\"sv-SE\"}]}<\/script>\n<!-- \/ Yoast SEO plugin. -->","yoast_head_json":{"title":"2017-01-14 \"F\u00f6rnuftet bor hos ledarn\" - Kristdemokraterna i Ydre","robots":{"index":"index","follow":"follow","max-snippet":"max-snippet:-1","max-image-preview":"max-image-preview:large","max-video-preview":"max-video-preview:-1"},"canonical":"https:\/\/wp.kristdemokraterna.se\/ydre\/fornuftet-bor-hos-ledarn\/","og_locale":"sv_SE","og_type":"article","og_title":"2017-01-14 \"F\u00f6rnuftet bor hos ledarn\" - Kristdemokraterna i Ydre","og_description":"P\u00e5 1820-talet skrev Atterbom ett drama kallat\u00a0Lycksalighetens \u00f6. Det mest k\u00e4nda avsnittet handlade om ett land d\u00e4r det var stor oreda efter en revolution. Under det nya styret var det kaos i skolorna och f\u00f6rsvaret var n\u00e4stan avskaffat. Men den nye ledaren var stolt. Han ber\u00e4ttade att alla nu var j\u00e4mst\u00e4llda. &#8221;Dock, det f\u00f6rst\u00e5s: F\u00f6rnuftet L\u00e4s mer","og_url":"https:\/\/wp.kristdemokraterna.se\/ydre\/fornuftet-bor-hos-ledarn\/","og_site_name":"Kristdemokraterna i Ydre","article_modified_time":"2018-06-17T17:18:56+00:00","og_image":[{"url":"http:\/\/ydrebo.se\/kd\/veckobrev2015\/bulsjoan2.JPG","type":"","width":"","height":""}],"twitter_card":"summary_large_image","twitter_misc":{"Ber\u00e4knad l\u00e4stid":"1 minut"},"schema":{"@context":"https:\/\/schema.org","@graph":[{"@type":"WebPage","@id":"https:\/\/wp.kristdemokraterna.se\/ydre\/fornuftet-bor-hos-ledarn\/","url":"https:\/\/wp.kristdemokraterna.se\/ydre\/fornuftet-bor-hos-ledarn\/","name":"2017-01-14 \"F\u00f6rnuftet bor hos ledarn\" - Kristdemokraterna i Ydre","isPartOf":{"@id":"https:\/\/wp.kristdemokraterna.se\/ydre\/#website"},"primaryImageOfPage":{"@id":"https:\/\/wp.kristdemokraterna.se\/ydre\/fornuftet-bor-hos-ledarn\/#primaryimage"},"image":{"@id":"https:\/\/wp.kristdemokraterna.se\/ydre\/fornuftet-bor-hos-ledarn\/#primaryimage"},"thumbnailUrl":"http:\/\/ydrebo.se\/kd\/veckobrev2015\/bulsjoan2.JPG","datePublished":"2018-06-17T17:18:13+00:00","dateModified":"2018-06-17T17:18:56+00:00","breadcrumb":{"@id":"https:\/\/wp.kristdemokraterna.se\/ydre\/fornuftet-bor-hos-ledarn\/#breadcrumb"},"inLanguage":"sv-SE","potentialAction":[{"@type":"ReadAction","target":["https:\/\/wp.kristdemokraterna.se\/ydre\/fornuftet-bor-hos-ledarn\/"]}]},{"@type":"ImageObject","inLanguage":"sv-SE","@id":"https:\/\/wp.kristdemokraterna.se\/ydre\/fornuftet-bor-hos-ledarn\/#primaryimage","url":"http:\/\/ydrebo.se\/kd\/veckobrev2015\/bulsjoan2.JPG","contentUrl":"http:\/\/ydrebo.se\/kd\/veckobrev2015\/bulsjoan2.JPG"},{"@type":"BreadcrumbList","@id":"https:\/\/wp.kristdemokraterna.se\/ydre\/fornuftet-bor-hos-ledarn\/#breadcrumb","itemListElement":[{"@type":"ListItem","position":1,"name":"Hem","item":"https:\/\/wp.kristdemokraterna.se\/ydre\/"},{"@type":"ListItem","position":2,"name":"2017-01-14 &#8221;F\u00f6rnuftet bor hos ledarn&#8221;"}]},{"@type":"WebSite","@id":"https:\/\/wp.kristdemokraterna.se\/ydre\/#website","url":"https:\/\/wp.kristdemokraterna.se\/ydre\/","name":"Kristdemokraterna i Ydre","description":"En till Kristdemokraterna webbplats","inLanguage":"sv-SE"}]}},"_links":{"self":[{"href":"https:\/\/wp.kristdemokraterna.se\/ydre\/wp-json\/wp\/v2\/pages\/610","targetHints":{"allow":["GET"]}}],"collection":[{"href":"https:\/\/wp.kristdemokraterna.se\/ydre\/wp-json\/wp\/v2\/pages"}],"about":[{"href":"https:\/\/wp.kristdemokraterna.se\/ydre\/wp-json\/wp\/v2\/types\/page"}],"author":[{"embeddable":true,"href":"https:\/\/wp.kristdemokraterna.se\/ydre\/wp-json\/wp\/v2\/users\/793"}],"replies":[{"embeddable":true,"href":"https:\/\/wp.kristdemokraterna.se\/ydre\/wp-json\/wp\/v2\/comments?post=610"}],"version-history":[{"count":2,"href":"https:\/\/wp.kristdemokraterna.se\/ydre\/wp-json\/wp\/v2\/pages\/610\/revisions"}],"predecessor-version":[{"id":612,"href":"https:\/\/wp.kristdemokraterna.se\/ydre\/wp-json\/wp\/v2\/pages\/610\/revisions\/612"}],"wp:attachment":[{"href":"https:\/\/wp.kristdemokraterna.se\/ydre\/wp-json\/wp\/v2\/media?parent=610"}],"curies":[{"name":"wp","href":"https:\/\/api.w.org\/{rel}","templated":true}]}}