{"id":615,"date":"2018-06-17T19:23:05","date_gmt":"2018-06-17T17:23:05","guid":{"rendered":"http:\/\/wp.kristdemokraterna.se\/ydre\/?page_id=615"},"modified":"2018-06-17T19:24:59","modified_gmt":"2018-06-17T17:24:59","slug":"antligen-ar-vi-tio-millioner","status":"publish","type":"page","link":"https:\/\/wp.kristdemokraterna.se\/ydre\/antligen-ar-vi-tio-millioner\/","title":{"rendered":"2017-01-20 \u00c4ntligen \u00e4r vi tio millioner!"},"content":{"rendered":"<p><span style=\"font-size: large\">Det s\u00e4gs att vi blir s\u00e5 m\u00e5nga i dag. Det \u00e4r till stor del invandrarnas f\u00f6rtj\u00e4nst att Sverige inte har en lika \u00e5ldrande befolkning som m\u00e5nga andra l\u00e4nder i v\u00e4st. Dessutom \u00e4r det s\u00e5 att vi som \u00e4r f\u00f6dda i andra v\u00e4rldsdelar ocks\u00e5 kan arbeta. Vi kan faktiskt det!<br \/>\nMen det \u00e4r inte alltid s\u00e5 l\u00e4tt f\u00f6r de nya inv\u00e5narna att f\u00e5 stanna. Just nu talas det om ett fall d\u00e5 Sverige \u00f6nskar utvisa en nio\u00e5rig flicka trots att resten av familjen har permanent uppeh\u00e5llstillst\u00e5nd.<br \/>\nEtt sk\u00e4l som Migrationsverket och Migrationsdomstolen gett f\u00f6r beslutet \u00e4r att flickans fader inte godk\u00e4nt att hon f\u00e5r permanent uppeh\u00e5llstillst\u00e5nd. Han har n\u00e4mligen inte g\u00e5tt att n\u00e5 sedan flickan var mycket liten och nu vet\u00a0<i>ingen<\/i>\u00a0var hans finns. Moderns och barnets \u00f6nskan att fortfarande f\u00e5 vara tillsammans r\u00e4cker inte. Hon skall utvisas till Marocko trots att hennes chans till \u00e5terf\u00f6rening med fadern nog f\u00e5r anses var n\u00e4stan obefintlig. Hon skall allts\u00e5 i forts\u00e4ttningen inte f\u00e5 leva med n\u00e5gon i familjen.<br \/>\nDet finns uppenbarligen stora brister i den svenska lagstiftningen om det inte \u00e4r till\u00e5tet att se till barnets b\u00e4sta.<\/span><\/p>\n<p><span style=\"font-size: large\"><img loading=\"lazy\" decoding=\"async\" src=\"http:\/\/ydrebo.se\/kd\/barn.JPG\" width=\"384\" height=\"288\" \/><br \/>\n<\/span><i>Varf\u00f6r \u00e4r inte barnkonventionen svensk lag?<\/i><\/p>\n<p><i>Bengt Malm, ordf.<br \/>\n(f\u00f6dd utomlands)<br \/>\n20 januari 2017<\/i><\/p>\n<p>&nbsp;<\/p>\n","protected":false},"excerpt":{"rendered":"<p>Det s\u00e4gs att vi blir s\u00e5 m\u00e5nga i dag. Det \u00e4r till stor del invandrarnas f\u00f6rtj\u00e4nst att Sverige inte har en lika \u00e5ldrande befolkning som m\u00e5nga andra l\u00e4nder i v\u00e4st. Dessutom \u00e4r det s\u00e5 att vi som \u00e4r f\u00f6dda i andra v\u00e4rldsdelar ocks\u00e5 kan arbeta. Vi kan faktiskt det! Men det \u00e4r inte alltid s\u00e5 <a class=\"read-more-link\" href=\"https:\/\/wp.kristdemokraterna.se\/ydre\/antligen-ar-vi-tio-millioner\/\">L\u00e4s mer<\/a><\/p>\n","protected":false},"author":793,"featured_media":0,"parent":0,"menu_order":0,"comment_status":"closed","ping_status":"closed","template":"","meta":{"_acf_changed":false,"footnotes":""},"class_list":["post-615","page","type-page","status-publish","hentry"],"acf":[],"yoast_head":"<!-- This site is optimized with the Yoast SEO plugin v27.5 - https:\/\/yoast.com\/product\/yoast-seo-wordpress\/ -->\n<title>2017-01-20 \u00c4ntligen \u00e4r vi tio millioner! - Kristdemokraterna i Ydre<\/title>\n<meta name=\"robots\" content=\"index, follow, max-snippet:-1, max-image-preview:large, max-video-preview:-1\" \/>\n<link rel=\"canonical\" href=\"https:\/\/wp.kristdemokraterna.se\/ydre\/antligen-ar-vi-tio-millioner\/\" \/>\n<meta property=\"og:locale\" content=\"sv_SE\" \/>\n<meta property=\"og:type\" content=\"article\" \/>\n<meta property=\"og:title\" content=\"2017-01-20 \u00c4ntligen \u00e4r vi tio millioner! - Kristdemokraterna i Ydre\" \/>\n<meta property=\"og:description\" content=\"Det s\u00e4gs att vi blir s\u00e5 m\u00e5nga i dag. Det \u00e4r till stor del invandrarnas f\u00f6rtj\u00e4nst att Sverige inte har en lika \u00e5ldrande befolkning som m\u00e5nga andra l\u00e4nder i v\u00e4st. Dessutom \u00e4r det s\u00e5 att vi som \u00e4r f\u00f6dda i andra v\u00e4rldsdelar ocks\u00e5 kan arbeta. Vi kan faktiskt det! Men det \u00e4r inte alltid s\u00e5 L\u00e4s mer\" \/>\n<meta property=\"og:url\" content=\"https:\/\/wp.kristdemokraterna.se\/ydre\/antligen-ar-vi-tio-millioner\/\" \/>\n<meta property=\"og:site_name\" content=\"Kristdemokraterna i Ydre\" \/>\n<meta property=\"article:modified_time\" content=\"2018-06-17T17:24:59+00:00\" \/>\n<meta property=\"og:image\" content=\"http:\/\/ydrebo.se\/kd\/barn.JPG\" \/>\n<meta name=\"twitter:card\" content=\"summary_large_image\" \/>\n<meta name=\"twitter:label1\" content=\"Ber\u00e4knad l\u00e4stid\" \/>\n\t<meta name=\"twitter:data1\" content=\"1 minut\" \/>\n<script type=\"application\/ld+json\" class=\"yoast-schema-graph\">{\"@context\":\"https:\\\/\\\/schema.org\",\"@graph\":[{\"@type\":\"WebPage\",\"@id\":\"https:\\\/\\\/wp.kristdemokraterna.se\\\/ydre\\\/antligen-ar-vi-tio-millioner\\\/\",\"url\":\"https:\\\/\\\/wp.kristdemokraterna.se\\\/ydre\\\/antligen-ar-vi-tio-millioner\\\/\",\"name\":\"2017-01-20 \u00c4ntligen \u00e4r vi tio millioner! - Kristdemokraterna i Ydre\",\"isPartOf\":{\"@id\":\"https:\\\/\\\/wp.kristdemokraterna.se\\\/ydre\\\/#website\"},\"primaryImageOfPage\":{\"@id\":\"https:\\\/\\\/wp.kristdemokraterna.se\\\/ydre\\\/antligen-ar-vi-tio-millioner\\\/#primaryimage\"},\"image\":{\"@id\":\"https:\\\/\\\/wp.kristdemokraterna.se\\\/ydre\\\/antligen-ar-vi-tio-millioner\\\/#primaryimage\"},\"thumbnailUrl\":\"http:\\\/\\\/ydrebo.se\\\/kd\\\/barn.JPG\",\"datePublished\":\"2018-06-17T17:23:05+00:00\",\"dateModified\":\"2018-06-17T17:24:59+00:00\",\"breadcrumb\":{\"@id\":\"https:\\\/\\\/wp.kristdemokraterna.se\\\/ydre\\\/antligen-ar-vi-tio-millioner\\\/#breadcrumb\"},\"inLanguage\":\"sv-SE\",\"potentialAction\":[{\"@type\":\"ReadAction\",\"target\":[\"https:\\\/\\\/wp.kristdemokraterna.se\\\/ydre\\\/antligen-ar-vi-tio-millioner\\\/\"]}]},{\"@type\":\"ImageObject\",\"inLanguage\":\"sv-SE\",\"@id\":\"https:\\\/\\\/wp.kristdemokraterna.se\\\/ydre\\\/antligen-ar-vi-tio-millioner\\\/#primaryimage\",\"url\":\"http:\\\/\\\/ydrebo.se\\\/kd\\\/barn.JPG\",\"contentUrl\":\"http:\\\/\\\/ydrebo.se\\\/kd\\\/barn.JPG\"},{\"@type\":\"BreadcrumbList\",\"@id\":\"https:\\\/\\\/wp.kristdemokraterna.se\\\/ydre\\\/antligen-ar-vi-tio-millioner\\\/#breadcrumb\",\"itemListElement\":[{\"@type\":\"ListItem\",\"position\":1,\"name\":\"Hem\",\"item\":\"https:\\\/\\\/wp.kristdemokraterna.se\\\/ydre\\\/\"},{\"@type\":\"ListItem\",\"position\":2,\"name\":\"2017-01-20 \u00c4ntligen \u00e4r vi tio millioner!\"}]},{\"@type\":\"WebSite\",\"@id\":\"https:\\\/\\\/wp.kristdemokraterna.se\\\/ydre\\\/#website\",\"url\":\"https:\\\/\\\/wp.kristdemokraterna.se\\\/ydre\\\/\",\"name\":\"Kristdemokraterna i Ydre\",\"description\":\"En till Kristdemokraterna webbplats\",\"inLanguage\":\"sv-SE\"}]}<\/script>\n<!-- \/ Yoast SEO plugin. -->","yoast_head_json":{"title":"2017-01-20 \u00c4ntligen \u00e4r vi tio millioner! - Kristdemokraterna i Ydre","robots":{"index":"index","follow":"follow","max-snippet":"max-snippet:-1","max-image-preview":"max-image-preview:large","max-video-preview":"max-video-preview:-1"},"canonical":"https:\/\/wp.kristdemokraterna.se\/ydre\/antligen-ar-vi-tio-millioner\/","og_locale":"sv_SE","og_type":"article","og_title":"2017-01-20 \u00c4ntligen \u00e4r vi tio millioner! - Kristdemokraterna i Ydre","og_description":"Det s\u00e4gs att vi blir s\u00e5 m\u00e5nga i dag. Det \u00e4r till stor del invandrarnas f\u00f6rtj\u00e4nst att Sverige inte har en lika \u00e5ldrande befolkning som m\u00e5nga andra l\u00e4nder i v\u00e4st. Dessutom \u00e4r det s\u00e5 att vi som \u00e4r f\u00f6dda i andra v\u00e4rldsdelar ocks\u00e5 kan arbeta. Vi kan faktiskt det! Men det \u00e4r inte alltid s\u00e5 L\u00e4s mer","og_url":"https:\/\/wp.kristdemokraterna.se\/ydre\/antligen-ar-vi-tio-millioner\/","og_site_name":"Kristdemokraterna i Ydre","article_modified_time":"2018-06-17T17:24:59+00:00","og_image":[{"url":"http:\/\/ydrebo.se\/kd\/barn.JPG","type":"","width":"","height":""}],"twitter_card":"summary_large_image","twitter_misc":{"Ber\u00e4knad l\u00e4stid":"1 minut"},"schema":{"@context":"https:\/\/schema.org","@graph":[{"@type":"WebPage","@id":"https:\/\/wp.kristdemokraterna.se\/ydre\/antligen-ar-vi-tio-millioner\/","url":"https:\/\/wp.kristdemokraterna.se\/ydre\/antligen-ar-vi-tio-millioner\/","name":"2017-01-20 \u00c4ntligen \u00e4r vi tio millioner! - Kristdemokraterna i Ydre","isPartOf":{"@id":"https:\/\/wp.kristdemokraterna.se\/ydre\/#website"},"primaryImageOfPage":{"@id":"https:\/\/wp.kristdemokraterna.se\/ydre\/antligen-ar-vi-tio-millioner\/#primaryimage"},"image":{"@id":"https:\/\/wp.kristdemokraterna.se\/ydre\/antligen-ar-vi-tio-millioner\/#primaryimage"},"thumbnailUrl":"http:\/\/ydrebo.se\/kd\/barn.JPG","datePublished":"2018-06-17T17:23:05+00:00","dateModified":"2018-06-17T17:24:59+00:00","breadcrumb":{"@id":"https:\/\/wp.kristdemokraterna.se\/ydre\/antligen-ar-vi-tio-millioner\/#breadcrumb"},"inLanguage":"sv-SE","potentialAction":[{"@type":"ReadAction","target":["https:\/\/wp.kristdemokraterna.se\/ydre\/antligen-ar-vi-tio-millioner\/"]}]},{"@type":"ImageObject","inLanguage":"sv-SE","@id":"https:\/\/wp.kristdemokraterna.se\/ydre\/antligen-ar-vi-tio-millioner\/#primaryimage","url":"http:\/\/ydrebo.se\/kd\/barn.JPG","contentUrl":"http:\/\/ydrebo.se\/kd\/barn.JPG"},{"@type":"BreadcrumbList","@id":"https:\/\/wp.kristdemokraterna.se\/ydre\/antligen-ar-vi-tio-millioner\/#breadcrumb","itemListElement":[{"@type":"ListItem","position":1,"name":"Hem","item":"https:\/\/wp.kristdemokraterna.se\/ydre\/"},{"@type":"ListItem","position":2,"name":"2017-01-20 \u00c4ntligen \u00e4r vi tio millioner!"}]},{"@type":"WebSite","@id":"https:\/\/wp.kristdemokraterna.se\/ydre\/#website","url":"https:\/\/wp.kristdemokraterna.se\/ydre\/","name":"Kristdemokraterna i Ydre","description":"En till Kristdemokraterna webbplats","inLanguage":"sv-SE"}]}},"_links":{"self":[{"href":"https:\/\/wp.kristdemokraterna.se\/ydre\/wp-json\/wp\/v2\/pages\/615","targetHints":{"allow":["GET"]}}],"collection":[{"href":"https:\/\/wp.kristdemokraterna.se\/ydre\/wp-json\/wp\/v2\/pages"}],"about":[{"href":"https:\/\/wp.kristdemokraterna.se\/ydre\/wp-json\/wp\/v2\/types\/page"}],"author":[{"embeddable":true,"href":"https:\/\/wp.kristdemokraterna.se\/ydre\/wp-json\/wp\/v2\/users\/793"}],"replies":[{"embeddable":true,"href":"https:\/\/wp.kristdemokraterna.se\/ydre\/wp-json\/wp\/v2\/comments?post=615"}],"version-history":[{"count":3,"href":"https:\/\/wp.kristdemokraterna.se\/ydre\/wp-json\/wp\/v2\/pages\/615\/revisions"}],"predecessor-version":[{"id":619,"href":"https:\/\/wp.kristdemokraterna.se\/ydre\/wp-json\/wp\/v2\/pages\/615\/revisions\/619"}],"wp:attachment":[{"href":"https:\/\/wp.kristdemokraterna.se\/ydre\/wp-json\/wp\/v2\/media?parent=615"}],"curies":[{"name":"wp","href":"https:\/\/api.w.org\/{rel}","templated":true}]}}