{"id":620,"date":"2018-06-17T19:28:10","date_gmt":"2018-06-17T17:28:10","guid":{"rendered":"http:\/\/wp.kristdemokraterna.se\/ydre\/?page_id=620"},"modified":"2018-06-17T19:29:05","modified_gmt":"2018-06-17T17:29:05","slug":"gor-det-ont-att-bli-slagen","status":"publish","type":"page","link":"https:\/\/wp.kristdemokraterna.se\/ydre\/gor-det-ont-att-bli-slagen\/","title":{"rendered":"2017-01-26 G\u00f6r det ont att bli slagen?"},"content":{"rendered":"<p><span style=\"font-size: large\">Naturligtvis g\u00f6r det det. \u00c4ven om det \u00e4r &#8221;l\u00e4tta&#8221; slag. Men nu har duman i Ryssland antagit ett lagf\u00f6rslag som kraftigt minskar p\u00e5f\u00f6ljderna f\u00f6r v\u00e5ld i hemmet.<br \/>\nEtt av sk\u00e4len till lag\u00e4ndringen \u00e4r p\u00e5st\u00e5endet att samh\u00e4llet inte b\u00f6r l\u00e4gga sig i m\u00e4nniskornas privatliv. Och man h\u00e4vdar att &#8221;mindre&#8221; mots\u00e4ttningar \u00e4r just privatliv.<br \/>\nTill de h\u00e4pnadsv\u00e4ckande uttalandena inf\u00f6r omr\u00f6stningen h\u00f6r p\u00e5st\u00e5endet att det inte s\u00e5rar en kvinna om hon blir slagen av sin man. D\u00e4remot skulle det vara outh\u00e4rdligt f\u00f6r mannen att bli motsagd&#8230;<\/span><\/p>\n<p><span style=\"font-size: large\"><img loading=\"lazy\" decoding=\"async\" src=\"http:\/\/ydrebo.se\/kd\/veckobrev2016\/skog.JPG\" width=\"600\" height=\"460\" \/><br \/>\n<\/span>Det har inte alltid varit s\u00e5 bra i Sverige heller. V\u00e5r lagstiftning p\u00e5 omr\u00e5det \u00e4r inte s\u00e5 gammal. Men den m\u00e5ste vi v\u00e4rna om.<br \/>\nJag kan inte l\u00e5ta bli att j\u00e4mf\u00f6ra med hur man ganska l\u00e4nge \u00f6vers\u00e5g med slagsm\u00e5l och mobbning p\u00e5 skolg\u00e5rdarna. Tydligen ans\u00e5g de vuxna att den som l\u00e5g underst inte blev s\u00e5rad av det. S\u00e5 man skulle inte l\u00e4gga sig i &#8221;normal&#8221; kamratfostran. Barnen skulle helt enkelt l\u00e4ra sig att v\u00e4rlden \u00e4r s\u00e5dan. \u00c4ven om reglerna nu \u00e4r annorlunda blir det ibland brister i till\u00e4mpningen. Men det m\u00e5ste vi se upp med h\u00e4r hos oss i Ydre.<\/p>\n<p><i>Bengt Malm, ordf.<br \/>\n26 januari 2017<\/i><\/p>\n<p>&nbsp;<\/p>\n","protected":false},"excerpt":{"rendered":"<p>Naturligtvis g\u00f6r det det. \u00c4ven om det \u00e4r &#8221;l\u00e4tta&#8221; slag. Men nu har duman i Ryssland antagit ett lagf\u00f6rslag som kraftigt minskar p\u00e5f\u00f6ljderna f\u00f6r v\u00e5ld i hemmet. Ett av sk\u00e4len till lag\u00e4ndringen \u00e4r p\u00e5st\u00e5endet att samh\u00e4llet inte b\u00f6r l\u00e4gga sig i m\u00e4nniskornas privatliv. Och man h\u00e4vdar att &#8221;mindre&#8221; mots\u00e4ttningar \u00e4r just privatliv. Till de h\u00e4pnadsv\u00e4ckande <a class=\"read-more-link\" href=\"https:\/\/wp.kristdemokraterna.se\/ydre\/gor-det-ont-att-bli-slagen\/\">L\u00e4s mer<\/a><\/p>\n","protected":false},"author":793,"featured_media":0,"parent":0,"menu_order":0,"comment_status":"closed","ping_status":"closed","template":"","meta":{"_acf_changed":false,"footnotes":""},"class_list":["post-620","page","type-page","status-publish","hentry"],"acf":[],"yoast_head":"<!-- This site is optimized with the Yoast SEO plugin v27.5 - https:\/\/yoast.com\/product\/yoast-seo-wordpress\/ -->\n<title>2017-01-26 G\u00f6r det ont att bli slagen? - Kristdemokraterna i Ydre<\/title>\n<meta name=\"robots\" content=\"index, follow, max-snippet:-1, max-image-preview:large, max-video-preview:-1\" \/>\n<link rel=\"canonical\" href=\"https:\/\/wp.kristdemokraterna.se\/ydre\/gor-det-ont-att-bli-slagen\/\" \/>\n<meta property=\"og:locale\" content=\"sv_SE\" \/>\n<meta property=\"og:type\" content=\"article\" \/>\n<meta property=\"og:title\" content=\"2017-01-26 G\u00f6r det ont att bli slagen? - Kristdemokraterna i Ydre\" \/>\n<meta property=\"og:description\" content=\"Naturligtvis g\u00f6r det det. \u00c4ven om det \u00e4r &#8221;l\u00e4tta&#8221; slag. Men nu har duman i Ryssland antagit ett lagf\u00f6rslag som kraftigt minskar p\u00e5f\u00f6ljderna f\u00f6r v\u00e5ld i hemmet. Ett av sk\u00e4len till lag\u00e4ndringen \u00e4r p\u00e5st\u00e5endet att samh\u00e4llet inte b\u00f6r l\u00e4gga sig i m\u00e4nniskornas privatliv. Och man h\u00e4vdar att &#8221;mindre&#8221; mots\u00e4ttningar \u00e4r just privatliv. Till de h\u00e4pnadsv\u00e4ckande L\u00e4s mer\" \/>\n<meta property=\"og:url\" content=\"https:\/\/wp.kristdemokraterna.se\/ydre\/gor-det-ont-att-bli-slagen\/\" \/>\n<meta property=\"og:site_name\" content=\"Kristdemokraterna i Ydre\" \/>\n<meta property=\"article:modified_time\" content=\"2018-06-17T17:29:05+00:00\" \/>\n<meta property=\"og:image\" content=\"http:\/\/ydrebo.se\/kd\/veckobrev2016\/skog.JPG\" \/>\n<meta name=\"twitter:card\" content=\"summary_large_image\" \/>\n<meta name=\"twitter:label1\" content=\"Ber\u00e4knad l\u00e4stid\" \/>\n\t<meta name=\"twitter:data1\" content=\"1 minut\" \/>\n<script type=\"application\/ld+json\" class=\"yoast-schema-graph\">{\"@context\":\"https:\\\/\\\/schema.org\",\"@graph\":[{\"@type\":\"WebPage\",\"@id\":\"https:\\\/\\\/wp.kristdemokraterna.se\\\/ydre\\\/gor-det-ont-att-bli-slagen\\\/\",\"url\":\"https:\\\/\\\/wp.kristdemokraterna.se\\\/ydre\\\/gor-det-ont-att-bli-slagen\\\/\",\"name\":\"2017-01-26 G\u00f6r det ont att bli slagen? - Kristdemokraterna i Ydre\",\"isPartOf\":{\"@id\":\"https:\\\/\\\/wp.kristdemokraterna.se\\\/ydre\\\/#website\"},\"primaryImageOfPage\":{\"@id\":\"https:\\\/\\\/wp.kristdemokraterna.se\\\/ydre\\\/gor-det-ont-att-bli-slagen\\\/#primaryimage\"},\"image\":{\"@id\":\"https:\\\/\\\/wp.kristdemokraterna.se\\\/ydre\\\/gor-det-ont-att-bli-slagen\\\/#primaryimage\"},\"thumbnailUrl\":\"http:\\\/\\\/ydrebo.se\\\/kd\\\/veckobrev2016\\\/skog.JPG\",\"datePublished\":\"2018-06-17T17:28:10+00:00\",\"dateModified\":\"2018-06-17T17:29:05+00:00\",\"breadcrumb\":{\"@id\":\"https:\\\/\\\/wp.kristdemokraterna.se\\\/ydre\\\/gor-det-ont-att-bli-slagen\\\/#breadcrumb\"},\"inLanguage\":\"sv-SE\",\"potentialAction\":[{\"@type\":\"ReadAction\",\"target\":[\"https:\\\/\\\/wp.kristdemokraterna.se\\\/ydre\\\/gor-det-ont-att-bli-slagen\\\/\"]}]},{\"@type\":\"ImageObject\",\"inLanguage\":\"sv-SE\",\"@id\":\"https:\\\/\\\/wp.kristdemokraterna.se\\\/ydre\\\/gor-det-ont-att-bli-slagen\\\/#primaryimage\",\"url\":\"http:\\\/\\\/ydrebo.se\\\/kd\\\/veckobrev2016\\\/skog.JPG\",\"contentUrl\":\"http:\\\/\\\/ydrebo.se\\\/kd\\\/veckobrev2016\\\/skog.JPG\"},{\"@type\":\"BreadcrumbList\",\"@id\":\"https:\\\/\\\/wp.kristdemokraterna.se\\\/ydre\\\/gor-det-ont-att-bli-slagen\\\/#breadcrumb\",\"itemListElement\":[{\"@type\":\"ListItem\",\"position\":1,\"name\":\"Hem\",\"item\":\"https:\\\/\\\/wp.kristdemokraterna.se\\\/ydre\\\/\"},{\"@type\":\"ListItem\",\"position\":2,\"name\":\"2017-01-26 G\u00f6r det ont att bli slagen?\"}]},{\"@type\":\"WebSite\",\"@id\":\"https:\\\/\\\/wp.kristdemokraterna.se\\\/ydre\\\/#website\",\"url\":\"https:\\\/\\\/wp.kristdemokraterna.se\\\/ydre\\\/\",\"name\":\"Kristdemokraterna i Ydre\",\"description\":\"En till Kristdemokraterna webbplats\",\"inLanguage\":\"sv-SE\"}]}<\/script>\n<!-- \/ Yoast SEO plugin. -->","yoast_head_json":{"title":"2017-01-26 G\u00f6r det ont att bli slagen? - Kristdemokraterna i Ydre","robots":{"index":"index","follow":"follow","max-snippet":"max-snippet:-1","max-image-preview":"max-image-preview:large","max-video-preview":"max-video-preview:-1"},"canonical":"https:\/\/wp.kristdemokraterna.se\/ydre\/gor-det-ont-att-bli-slagen\/","og_locale":"sv_SE","og_type":"article","og_title":"2017-01-26 G\u00f6r det ont att bli slagen? - Kristdemokraterna i Ydre","og_description":"Naturligtvis g\u00f6r det det. \u00c4ven om det \u00e4r &#8221;l\u00e4tta&#8221; slag. Men nu har duman i Ryssland antagit ett lagf\u00f6rslag som kraftigt minskar p\u00e5f\u00f6ljderna f\u00f6r v\u00e5ld i hemmet. Ett av sk\u00e4len till lag\u00e4ndringen \u00e4r p\u00e5st\u00e5endet att samh\u00e4llet inte b\u00f6r l\u00e4gga sig i m\u00e4nniskornas privatliv. Och man h\u00e4vdar att &#8221;mindre&#8221; mots\u00e4ttningar \u00e4r just privatliv. Till de h\u00e4pnadsv\u00e4ckande L\u00e4s mer","og_url":"https:\/\/wp.kristdemokraterna.se\/ydre\/gor-det-ont-att-bli-slagen\/","og_site_name":"Kristdemokraterna i Ydre","article_modified_time":"2018-06-17T17:29:05+00:00","og_image":[{"url":"http:\/\/ydrebo.se\/kd\/veckobrev2016\/skog.JPG","type":"","width":"","height":""}],"twitter_card":"summary_large_image","twitter_misc":{"Ber\u00e4knad l\u00e4stid":"1 minut"},"schema":{"@context":"https:\/\/schema.org","@graph":[{"@type":"WebPage","@id":"https:\/\/wp.kristdemokraterna.se\/ydre\/gor-det-ont-att-bli-slagen\/","url":"https:\/\/wp.kristdemokraterna.se\/ydre\/gor-det-ont-att-bli-slagen\/","name":"2017-01-26 G\u00f6r det ont att bli slagen? - Kristdemokraterna i Ydre","isPartOf":{"@id":"https:\/\/wp.kristdemokraterna.se\/ydre\/#website"},"primaryImageOfPage":{"@id":"https:\/\/wp.kristdemokraterna.se\/ydre\/gor-det-ont-att-bli-slagen\/#primaryimage"},"image":{"@id":"https:\/\/wp.kristdemokraterna.se\/ydre\/gor-det-ont-att-bli-slagen\/#primaryimage"},"thumbnailUrl":"http:\/\/ydrebo.se\/kd\/veckobrev2016\/skog.JPG","datePublished":"2018-06-17T17:28:10+00:00","dateModified":"2018-06-17T17:29:05+00:00","breadcrumb":{"@id":"https:\/\/wp.kristdemokraterna.se\/ydre\/gor-det-ont-att-bli-slagen\/#breadcrumb"},"inLanguage":"sv-SE","potentialAction":[{"@type":"ReadAction","target":["https:\/\/wp.kristdemokraterna.se\/ydre\/gor-det-ont-att-bli-slagen\/"]}]},{"@type":"ImageObject","inLanguage":"sv-SE","@id":"https:\/\/wp.kristdemokraterna.se\/ydre\/gor-det-ont-att-bli-slagen\/#primaryimage","url":"http:\/\/ydrebo.se\/kd\/veckobrev2016\/skog.JPG","contentUrl":"http:\/\/ydrebo.se\/kd\/veckobrev2016\/skog.JPG"},{"@type":"BreadcrumbList","@id":"https:\/\/wp.kristdemokraterna.se\/ydre\/gor-det-ont-att-bli-slagen\/#breadcrumb","itemListElement":[{"@type":"ListItem","position":1,"name":"Hem","item":"https:\/\/wp.kristdemokraterna.se\/ydre\/"},{"@type":"ListItem","position":2,"name":"2017-01-26 G\u00f6r det ont att bli slagen?"}]},{"@type":"WebSite","@id":"https:\/\/wp.kristdemokraterna.se\/ydre\/#website","url":"https:\/\/wp.kristdemokraterna.se\/ydre\/","name":"Kristdemokraterna i Ydre","description":"En till Kristdemokraterna webbplats","inLanguage":"sv-SE"}]}},"_links":{"self":[{"href":"https:\/\/wp.kristdemokraterna.se\/ydre\/wp-json\/wp\/v2\/pages\/620","targetHints":{"allow":["GET"]}}],"collection":[{"href":"https:\/\/wp.kristdemokraterna.se\/ydre\/wp-json\/wp\/v2\/pages"}],"about":[{"href":"https:\/\/wp.kristdemokraterna.se\/ydre\/wp-json\/wp\/v2\/types\/page"}],"author":[{"embeddable":true,"href":"https:\/\/wp.kristdemokraterna.se\/ydre\/wp-json\/wp\/v2\/users\/793"}],"replies":[{"embeddable":true,"href":"https:\/\/wp.kristdemokraterna.se\/ydre\/wp-json\/wp\/v2\/comments?post=620"}],"version-history":[{"count":3,"href":"https:\/\/wp.kristdemokraterna.se\/ydre\/wp-json\/wp\/v2\/pages\/620\/revisions"}],"predecessor-version":[{"id":623,"href":"https:\/\/wp.kristdemokraterna.se\/ydre\/wp-json\/wp\/v2\/pages\/620\/revisions\/623"}],"wp:attachment":[{"href":"https:\/\/wp.kristdemokraterna.se\/ydre\/wp-json\/wp\/v2\/media?parent=620"}],"curies":[{"name":"wp","href":"https:\/\/api.w.org\/{rel}","templated":true}]}}