{"id":625,"date":"2018-06-17T19:32:08","date_gmt":"2018-06-17T17:32:08","guid":{"rendered":"http:\/\/wp.kristdemokraterna.se\/ydre\/?page_id=625"},"modified":"2018-06-17T19:36:19","modified_gmt":"2018-06-17T17:36:19","slug":"ar-det-brattom","status":"publish","type":"page","link":"https:\/\/wp.kristdemokraterna.se\/ydre\/ar-det-brattom\/","title":{"rendered":"2017-02-03 \u00c4r det br\u00e5ttom?"},"content":{"rendered":"<p><span style=\"font-size: large\">Nyligen fick alla de politiska partierna i Ydre brev fr\u00e5n naturskyddsf\u00f6reningarna i Sommenbygden. Vad anser vi om id\u00e9n att bygga en h\u00f6ghstighetsbana \u00f6ver Sommen? Politikerna i Tran\u00e5s \u00f6nskar sig denna j\u00e4rnv\u00e4g och ett av f\u00f6rslagen \u00e4r just att bygga broar \u00f6ver Sommen f\u00f6r de nya sp\u00e5ren.<br \/>\nDet \u00e4r l\u00e4tt att svara (alla partier i kommunstyrelsen h\u00e5ller med):<br \/>\n<i>Till skillnad fr\u00e5n i Tran\u00e5s m\u00e5ste politiker i Ydre vara realistiska \u00e4ven om vi ocks\u00e5 m\u00e5ste ha visioner.<\/i><br \/>\n<\/span><\/p>\n<p><img loading=\"lazy\" decoding=\"async\" src=\"http:\/\/ydrebo.se\/kd\/veckobrev2016\/raas.JPG\" width=\"600\" height=\"450\" \/><br \/>\n<i>Hit g\u00e5r inga motorv\u00e4gar eller h\u00f6ghastighetsbanor.<\/i><\/p>\n<p>Det \u00e4r ett annat slags kommunikationer vi beh\u00f6ver. Ett av kommunstyrelsens bekymmer \u00e4r hur bussf\u00f6rbindelserna skall kunna beh\u00e5llas och inte f\u00f6rs\u00e4mras.<br \/>\nP\u00e5 tal om hastigheter \u00e4r det nu klart att det blir s\u00e4nkta hastighetsgr\u00e4nser i Ydres t\u00e4torter (enligt ett kristdemokratiskt f\u00f6rslag).<\/p>\n<p><img loading=\"lazy\" decoding=\"async\" src=\"http:\/\/ydrebo.se\/kd\/veckobrev2016\/idissla.JPG\" width=\"600\" height=\"462\" \/><br \/>\n<i>Ydre \u00e4r en plats f\u00f6r livet.<\/i><\/p>\n<p>Ja, hur br\u00e5ttom m\u00e5ste vi ha?<\/p>\n<p><i>Bengt Malm, ordf.<br \/>\n3 februari 2017<\/i><\/p>\n<p>&nbsp;<\/p>\n","protected":false},"excerpt":{"rendered":"<p>Nyligen fick alla de politiska partierna i Ydre brev fr\u00e5n naturskyddsf\u00f6reningarna i Sommenbygden. Vad anser vi om id\u00e9n att bygga en h\u00f6ghstighetsbana \u00f6ver Sommen? Politikerna i Tran\u00e5s \u00f6nskar sig denna j\u00e4rnv\u00e4g och ett av f\u00f6rslagen \u00e4r just att bygga broar \u00f6ver Sommen f\u00f6r de nya sp\u00e5ren. Det \u00e4r l\u00e4tt att svara (alla partier i kommunstyrelsen <a class=\"read-more-link\" href=\"https:\/\/wp.kristdemokraterna.se\/ydre\/ar-det-brattom\/\">L\u00e4s mer<\/a><\/p>\n","protected":false},"author":793,"featured_media":0,"parent":0,"menu_order":0,"comment_status":"closed","ping_status":"closed","template":"","meta":{"_acf_changed":false,"footnotes":""},"class_list":["post-625","page","type-page","status-publish","hentry"],"acf":[],"yoast_head":"<!-- This site is optimized with the Yoast SEO plugin v27.5 - https:\/\/yoast.com\/product\/yoast-seo-wordpress\/ -->\n<title>2017-02-03 \u00c4r det br\u00e5ttom? - Kristdemokraterna i Ydre<\/title>\n<meta name=\"robots\" content=\"index, follow, max-snippet:-1, max-image-preview:large, max-video-preview:-1\" \/>\n<link rel=\"canonical\" href=\"https:\/\/wp.kristdemokraterna.se\/ydre\/ar-det-brattom\/\" \/>\n<meta property=\"og:locale\" content=\"sv_SE\" \/>\n<meta property=\"og:type\" content=\"article\" \/>\n<meta property=\"og:title\" content=\"2017-02-03 \u00c4r det br\u00e5ttom? - Kristdemokraterna i Ydre\" \/>\n<meta property=\"og:description\" content=\"Nyligen fick alla de politiska partierna i Ydre brev fr\u00e5n naturskyddsf\u00f6reningarna i Sommenbygden. Vad anser vi om id\u00e9n att bygga en h\u00f6ghstighetsbana \u00f6ver Sommen? Politikerna i Tran\u00e5s \u00f6nskar sig denna j\u00e4rnv\u00e4g och ett av f\u00f6rslagen \u00e4r just att bygga broar \u00f6ver Sommen f\u00f6r de nya sp\u00e5ren. Det \u00e4r l\u00e4tt att svara (alla partier i kommunstyrelsen L\u00e4s mer\" \/>\n<meta property=\"og:url\" content=\"https:\/\/wp.kristdemokraterna.se\/ydre\/ar-det-brattom\/\" \/>\n<meta property=\"og:site_name\" content=\"Kristdemokraterna i Ydre\" \/>\n<meta property=\"article:modified_time\" content=\"2018-06-17T17:36:19+00:00\" \/>\n<meta property=\"og:image\" content=\"http:\/\/ydrebo.se\/kd\/veckobrev2016\/raas.JPG\" \/>\n<meta name=\"twitter:card\" content=\"summary_large_image\" \/>\n<meta name=\"twitter:label1\" content=\"Ber\u00e4knad l\u00e4stid\" \/>\n\t<meta name=\"twitter:data1\" content=\"1 minut\" \/>\n<script type=\"application\/ld+json\" class=\"yoast-schema-graph\">{\"@context\":\"https:\\\/\\\/schema.org\",\"@graph\":[{\"@type\":\"WebPage\",\"@id\":\"https:\\\/\\\/wp.kristdemokraterna.se\\\/ydre\\\/ar-det-brattom\\\/\",\"url\":\"https:\\\/\\\/wp.kristdemokraterna.se\\\/ydre\\\/ar-det-brattom\\\/\",\"name\":\"2017-02-03 \u00c4r det br\u00e5ttom? - Kristdemokraterna i Ydre\",\"isPartOf\":{\"@id\":\"https:\\\/\\\/wp.kristdemokraterna.se\\\/ydre\\\/#website\"},\"primaryImageOfPage\":{\"@id\":\"https:\\\/\\\/wp.kristdemokraterna.se\\\/ydre\\\/ar-det-brattom\\\/#primaryimage\"},\"image\":{\"@id\":\"https:\\\/\\\/wp.kristdemokraterna.se\\\/ydre\\\/ar-det-brattom\\\/#primaryimage\"},\"thumbnailUrl\":\"http:\\\/\\\/ydrebo.se\\\/kd\\\/veckobrev2016\\\/raas.JPG\",\"datePublished\":\"2018-06-17T17:32:08+00:00\",\"dateModified\":\"2018-06-17T17:36:19+00:00\",\"breadcrumb\":{\"@id\":\"https:\\\/\\\/wp.kristdemokraterna.se\\\/ydre\\\/ar-det-brattom\\\/#breadcrumb\"},\"inLanguage\":\"sv-SE\",\"potentialAction\":[{\"@type\":\"ReadAction\",\"target\":[\"https:\\\/\\\/wp.kristdemokraterna.se\\\/ydre\\\/ar-det-brattom\\\/\"]}]},{\"@type\":\"ImageObject\",\"inLanguage\":\"sv-SE\",\"@id\":\"https:\\\/\\\/wp.kristdemokraterna.se\\\/ydre\\\/ar-det-brattom\\\/#primaryimage\",\"url\":\"http:\\\/\\\/ydrebo.se\\\/kd\\\/veckobrev2016\\\/raas.JPG\",\"contentUrl\":\"http:\\\/\\\/ydrebo.se\\\/kd\\\/veckobrev2016\\\/raas.JPG\"},{\"@type\":\"BreadcrumbList\",\"@id\":\"https:\\\/\\\/wp.kristdemokraterna.se\\\/ydre\\\/ar-det-brattom\\\/#breadcrumb\",\"itemListElement\":[{\"@type\":\"ListItem\",\"position\":1,\"name\":\"Hem\",\"item\":\"https:\\\/\\\/wp.kristdemokraterna.se\\\/ydre\\\/\"},{\"@type\":\"ListItem\",\"position\":2,\"name\":\"2017-02-03 \u00c4r det br\u00e5ttom?\"}]},{\"@type\":\"WebSite\",\"@id\":\"https:\\\/\\\/wp.kristdemokraterna.se\\\/ydre\\\/#website\",\"url\":\"https:\\\/\\\/wp.kristdemokraterna.se\\\/ydre\\\/\",\"name\":\"Kristdemokraterna i Ydre\",\"description\":\"En till Kristdemokraterna webbplats\",\"inLanguage\":\"sv-SE\"}]}<\/script>\n<!-- \/ Yoast SEO plugin. -->","yoast_head_json":{"title":"2017-02-03 \u00c4r det br\u00e5ttom? - Kristdemokraterna i Ydre","robots":{"index":"index","follow":"follow","max-snippet":"max-snippet:-1","max-image-preview":"max-image-preview:large","max-video-preview":"max-video-preview:-1"},"canonical":"https:\/\/wp.kristdemokraterna.se\/ydre\/ar-det-brattom\/","og_locale":"sv_SE","og_type":"article","og_title":"2017-02-03 \u00c4r det br\u00e5ttom? - Kristdemokraterna i Ydre","og_description":"Nyligen fick alla de politiska partierna i Ydre brev fr\u00e5n naturskyddsf\u00f6reningarna i Sommenbygden. Vad anser vi om id\u00e9n att bygga en h\u00f6ghstighetsbana \u00f6ver Sommen? Politikerna i Tran\u00e5s \u00f6nskar sig denna j\u00e4rnv\u00e4g och ett av f\u00f6rslagen \u00e4r just att bygga broar \u00f6ver Sommen f\u00f6r de nya sp\u00e5ren. Det \u00e4r l\u00e4tt att svara (alla partier i kommunstyrelsen L\u00e4s mer","og_url":"https:\/\/wp.kristdemokraterna.se\/ydre\/ar-det-brattom\/","og_site_name":"Kristdemokraterna i Ydre","article_modified_time":"2018-06-17T17:36:19+00:00","og_image":[{"url":"http:\/\/ydrebo.se\/kd\/veckobrev2016\/raas.JPG","type":"","width":"","height":""}],"twitter_card":"summary_large_image","twitter_misc":{"Ber\u00e4knad l\u00e4stid":"1 minut"},"schema":{"@context":"https:\/\/schema.org","@graph":[{"@type":"WebPage","@id":"https:\/\/wp.kristdemokraterna.se\/ydre\/ar-det-brattom\/","url":"https:\/\/wp.kristdemokraterna.se\/ydre\/ar-det-brattom\/","name":"2017-02-03 \u00c4r det br\u00e5ttom? - Kristdemokraterna i Ydre","isPartOf":{"@id":"https:\/\/wp.kristdemokraterna.se\/ydre\/#website"},"primaryImageOfPage":{"@id":"https:\/\/wp.kristdemokraterna.se\/ydre\/ar-det-brattom\/#primaryimage"},"image":{"@id":"https:\/\/wp.kristdemokraterna.se\/ydre\/ar-det-brattom\/#primaryimage"},"thumbnailUrl":"http:\/\/ydrebo.se\/kd\/veckobrev2016\/raas.JPG","datePublished":"2018-06-17T17:32:08+00:00","dateModified":"2018-06-17T17:36:19+00:00","breadcrumb":{"@id":"https:\/\/wp.kristdemokraterna.se\/ydre\/ar-det-brattom\/#breadcrumb"},"inLanguage":"sv-SE","potentialAction":[{"@type":"ReadAction","target":["https:\/\/wp.kristdemokraterna.se\/ydre\/ar-det-brattom\/"]}]},{"@type":"ImageObject","inLanguage":"sv-SE","@id":"https:\/\/wp.kristdemokraterna.se\/ydre\/ar-det-brattom\/#primaryimage","url":"http:\/\/ydrebo.se\/kd\/veckobrev2016\/raas.JPG","contentUrl":"http:\/\/ydrebo.se\/kd\/veckobrev2016\/raas.JPG"},{"@type":"BreadcrumbList","@id":"https:\/\/wp.kristdemokraterna.se\/ydre\/ar-det-brattom\/#breadcrumb","itemListElement":[{"@type":"ListItem","position":1,"name":"Hem","item":"https:\/\/wp.kristdemokraterna.se\/ydre\/"},{"@type":"ListItem","position":2,"name":"2017-02-03 \u00c4r det br\u00e5ttom?"}]},{"@type":"WebSite","@id":"https:\/\/wp.kristdemokraterna.se\/ydre\/#website","url":"https:\/\/wp.kristdemokraterna.se\/ydre\/","name":"Kristdemokraterna i Ydre","description":"En till Kristdemokraterna webbplats","inLanguage":"sv-SE"}]}},"_links":{"self":[{"href":"https:\/\/wp.kristdemokraterna.se\/ydre\/wp-json\/wp\/v2\/pages\/625","targetHints":{"allow":["GET"]}}],"collection":[{"href":"https:\/\/wp.kristdemokraterna.se\/ydre\/wp-json\/wp\/v2\/pages"}],"about":[{"href":"https:\/\/wp.kristdemokraterna.se\/ydre\/wp-json\/wp\/v2\/types\/page"}],"author":[{"embeddable":true,"href":"https:\/\/wp.kristdemokraterna.se\/ydre\/wp-json\/wp\/v2\/users\/793"}],"replies":[{"embeddable":true,"href":"https:\/\/wp.kristdemokraterna.se\/ydre\/wp-json\/wp\/v2\/comments?post=625"}],"version-history":[{"count":5,"href":"https:\/\/wp.kristdemokraterna.se\/ydre\/wp-json\/wp\/v2\/pages\/625\/revisions"}],"predecessor-version":[{"id":630,"href":"https:\/\/wp.kristdemokraterna.se\/ydre\/wp-json\/wp\/v2\/pages\/625\/revisions\/630"}],"wp:attachment":[{"href":"https:\/\/wp.kristdemokraterna.se\/ydre\/wp-json\/wp\/v2\/media?parent=625"}],"curies":[{"name":"wp","href":"https:\/\/api.w.org\/{rel}","templated":true}]}}