{"id":646,"date":"2018-06-17T20:40:54","date_gmt":"2018-06-17T18:40:54","guid":{"rendered":"http:\/\/wp.kristdemokraterna.se\/ydre\/?page_id=646"},"modified":"2018-06-17T20:40:54","modified_gmt":"2018-06-17T18:40:54","slug":"tidsresa-16-augusti-2011","status":"publish","type":"page","link":"https:\/\/wp.kristdemokraterna.se\/ydre\/tidsresa-16-augusti-2011\/","title":{"rendered":"Tidsresa 16 augusti 2011"},"content":{"rendered":"<p>Den h\u00e4r j\u00e4rnv\u00e4gen finns inte. S\u00e5 l\u00e5t oss titta n\u00e4rmare p\u00e5 den.<\/p>\n<p><img loading=\"lazy\" decoding=\"async\" title=\"T\u00e5g med \u00e5nglok\" src=\"https:\/\/ydrebo.se\/sverigeresor\/tidsresa\/resa1.JPG\" alt=\"T\u00e5g med \u00e5nglok\" width=\"768\" height=\"577\" \/><\/p>\n<p>\u00c5ngloket \u00e4r imponerande.<\/p>\n<p><img loading=\"lazy\" decoding=\"async\" title=\"\u00c5nglok\" src=\"https:\/\/ydrebo.se\/sverigeresor\/tidsresa\/resa2.JPG\" alt=\"\u00c5nglok\" width=\"768\" height=\"576\" \/><\/p>\n<p>S\u00e5 stora hjulen \u00e4r!<\/p>\n<p><img loading=\"lazy\" decoding=\"async\" title=\"J\u00e4rnv\u00e4gsvagn\" src=\"https:\/\/ydrebo.se\/sverigeresor\/tidsresa\/resa3.JPG\" alt=\"J\u00e4rnv\u00e4gsvagn\" width=\"768\" height=\"576\" \/><\/p>\n<p>Avresan n\u00e4rmar sig.<\/p>\n<p><img loading=\"lazy\" decoding=\"async\" title=\"J\u00e4rnv\u00e4gsvagn\" src=\"https:\/\/ydrebo.se\/sverigeresor\/tidsresa\/resa4.JPG\" alt=\"J\u00e4rnv\u00e4gsvagn\" width=\"768\" height=\"575\" \/><\/p>\n<p>Ombord.<\/p>\n<p><img loading=\"lazy\" decoding=\"async\" title=\"J\u00e4rnv\u00e4gsvagn\" src=\"https:\/\/ydrebo.se\/sverigeresor\/tidsresa\/resa5.JPG\" alt=\"J\u00e4rnv\u00e4gsvagn\" width=\"768\" height=\"577\" \/><\/p>\n<p>St\u00e4ng alla grindar!<\/p>\n<p><img loading=\"lazy\" decoding=\"async\" title=\"J\u00e4rnv\u00e4gsvagn\" src=\"https:\/\/ydrebo.se\/sverigeresor\/tidsresa\/resa6.JPG\" alt=\"J\u00e4rnv\u00e4gsvagn\" width=\"768\" height=\"576\" \/><\/p>\n<p>Hej d\u00e5!<\/p>\n<p><img loading=\"lazy\" decoding=\"async\" title=\"J\u00e4rnv\u00e4gsvagn\" src=\"https:\/\/ydrebo.se\/sverigeresor\/tidsresa\/resa7.JPG\" alt=\"J\u00e4rnv\u00e4gsvagn\" width=\"768\" height=\"574\" \/><\/p>\n<p>Utsikten \u00e4r vacker.<\/p>\n<p><img loading=\"lazy\" decoding=\"async\" title=\"J\u00e4rnv\u00e4gsvagn\" src=\"https:\/\/ydrebo.se\/sverigeresor\/tidsresa\/resa8.JPG\" alt=\"J\u00e4rnv\u00e4gsvagn\" width=\"768\" height=\"575\" \/><\/p>\n<p>Framme!<\/p>\n<p><img loading=\"lazy\" decoding=\"async\" title=\"\u00c5nglok\" src=\"https:\/\/ydrebo.se\/sverigeresor\/tidsresa\/resa9.JPG\" alt=\"\u00c5nglok\" width=\"768\" height=\"576\" \/><\/p>\n<p>M\u00e5ler\u00e5s forna station i Sm\u00e5land \u00e4r v\u00e4rd ett bes\u00f6k.<\/p>\n","protected":false},"excerpt":{"rendered":"<p>Den h\u00e4r j\u00e4rnv\u00e4gen finns inte. S\u00e5 l\u00e5t oss titta n\u00e4rmare p\u00e5 den. \u00c5ngloket \u00e4r imponerande. S\u00e5 stora hjulen \u00e4r! Avresan n\u00e4rmar sig. Ombord. St\u00e4ng alla grindar! Hej d\u00e5! Utsikten \u00e4r vacker. Framme! M\u00e5ler\u00e5s forna station i Sm\u00e5land \u00e4r v\u00e4rd ett bes\u00f6k.<\/p>\n","protected":false},"author":793,"featured_media":0,"parent":0,"menu_order":0,"comment_status":"closed","ping_status":"closed","template":"","meta":{"_acf_changed":false,"footnotes":""},"class_list":["post-646","page","type-page","status-publish","hentry"],"acf":[],"yoast_head":"<!-- This site is optimized with the Yoast SEO plugin v27.5 - https:\/\/yoast.com\/product\/yoast-seo-wordpress\/ -->\n<title>Tidsresa 16 augusti 2011 - Kristdemokraterna i Ydre<\/title>\n<meta name=\"robots\" content=\"index, follow, max-snippet:-1, max-image-preview:large, max-video-preview:-1\" \/>\n<link rel=\"canonical\" href=\"https:\/\/wp.kristdemokraterna.se\/ydre\/tidsresa-16-augusti-2011\/\" \/>\n<meta property=\"og:locale\" content=\"sv_SE\" \/>\n<meta property=\"og:type\" content=\"article\" \/>\n<meta property=\"og:title\" content=\"Tidsresa 16 augusti 2011 - Kristdemokraterna i Ydre\" \/>\n<meta property=\"og:description\" content=\"Den h\u00e4r j\u00e4rnv\u00e4gen finns inte. S\u00e5 l\u00e5t oss titta n\u00e4rmare p\u00e5 den. \u00c5ngloket \u00e4r imponerande. S\u00e5 stora hjulen \u00e4r! Avresan n\u00e4rmar sig. Ombord. St\u00e4ng alla grindar! Hej d\u00e5! Utsikten \u00e4r vacker. Framme! M\u00e5ler\u00e5s forna station i Sm\u00e5land \u00e4r v\u00e4rd ett bes\u00f6k.\" \/>\n<meta property=\"og:url\" content=\"https:\/\/wp.kristdemokraterna.se\/ydre\/tidsresa-16-augusti-2011\/\" \/>\n<meta property=\"og:site_name\" content=\"Kristdemokraterna i Ydre\" \/>\n<meta property=\"og:image\" content=\"https:\/\/ydrebo.se\/sverigeresor\/tidsresa\/resa1.JPG\" \/>\n<meta name=\"twitter:card\" content=\"summary_large_image\" \/>\n<script type=\"application\/ld+json\" class=\"yoast-schema-graph\">{\"@context\":\"https:\\\/\\\/schema.org\",\"@graph\":[{\"@type\":\"WebPage\",\"@id\":\"https:\\\/\\\/wp.kristdemokraterna.se\\\/ydre\\\/tidsresa-16-augusti-2011\\\/\",\"url\":\"https:\\\/\\\/wp.kristdemokraterna.se\\\/ydre\\\/tidsresa-16-augusti-2011\\\/\",\"name\":\"Tidsresa 16 augusti 2011 - Kristdemokraterna i Ydre\",\"isPartOf\":{\"@id\":\"https:\\\/\\\/wp.kristdemokraterna.se\\\/ydre\\\/#website\"},\"primaryImageOfPage\":{\"@id\":\"https:\\\/\\\/wp.kristdemokraterna.se\\\/ydre\\\/tidsresa-16-augusti-2011\\\/#primaryimage\"},\"image\":{\"@id\":\"https:\\\/\\\/wp.kristdemokraterna.se\\\/ydre\\\/tidsresa-16-augusti-2011\\\/#primaryimage\"},\"thumbnailUrl\":\"https:\\\/\\\/ydrebo.se\\\/sverigeresor\\\/tidsresa\\\/resa1.JPG\",\"datePublished\":\"2018-06-17T18:40:54+00:00\",\"breadcrumb\":{\"@id\":\"https:\\\/\\\/wp.kristdemokraterna.se\\\/ydre\\\/tidsresa-16-augusti-2011\\\/#breadcrumb\"},\"inLanguage\":\"sv-SE\",\"potentialAction\":[{\"@type\":\"ReadAction\",\"target\":[\"https:\\\/\\\/wp.kristdemokraterna.se\\\/ydre\\\/tidsresa-16-augusti-2011\\\/\"]}]},{\"@type\":\"ImageObject\",\"inLanguage\":\"sv-SE\",\"@id\":\"https:\\\/\\\/wp.kristdemokraterna.se\\\/ydre\\\/tidsresa-16-augusti-2011\\\/#primaryimage\",\"url\":\"https:\\\/\\\/ydrebo.se\\\/sverigeresor\\\/tidsresa\\\/resa1.JPG\",\"contentUrl\":\"https:\\\/\\\/ydrebo.se\\\/sverigeresor\\\/tidsresa\\\/resa1.JPG\"},{\"@type\":\"BreadcrumbList\",\"@id\":\"https:\\\/\\\/wp.kristdemokraterna.se\\\/ydre\\\/tidsresa-16-augusti-2011\\\/#breadcrumb\",\"itemListElement\":[{\"@type\":\"ListItem\",\"position\":1,\"name\":\"Hem\",\"item\":\"https:\\\/\\\/wp.kristdemokraterna.se\\\/ydre\\\/\"},{\"@type\":\"ListItem\",\"position\":2,\"name\":\"Tidsresa 16 augusti 2011\"}]},{\"@type\":\"WebSite\",\"@id\":\"https:\\\/\\\/wp.kristdemokraterna.se\\\/ydre\\\/#website\",\"url\":\"https:\\\/\\\/wp.kristdemokraterna.se\\\/ydre\\\/\",\"name\":\"Kristdemokraterna i Ydre\",\"description\":\"En till Kristdemokraterna webbplats\",\"inLanguage\":\"sv-SE\"}]}<\/script>\n<!-- \/ Yoast SEO plugin. -->","yoast_head_json":{"title":"Tidsresa 16 augusti 2011 - Kristdemokraterna i Ydre","robots":{"index":"index","follow":"follow","max-snippet":"max-snippet:-1","max-image-preview":"max-image-preview:large","max-video-preview":"max-video-preview:-1"},"canonical":"https:\/\/wp.kristdemokraterna.se\/ydre\/tidsresa-16-augusti-2011\/","og_locale":"sv_SE","og_type":"article","og_title":"Tidsresa 16 augusti 2011 - Kristdemokraterna i Ydre","og_description":"Den h\u00e4r j\u00e4rnv\u00e4gen finns inte. S\u00e5 l\u00e5t oss titta n\u00e4rmare p\u00e5 den. \u00c5ngloket \u00e4r imponerande. S\u00e5 stora hjulen \u00e4r! Avresan n\u00e4rmar sig. Ombord. St\u00e4ng alla grindar! Hej d\u00e5! Utsikten \u00e4r vacker. Framme! M\u00e5ler\u00e5s forna station i Sm\u00e5land \u00e4r v\u00e4rd ett bes\u00f6k.","og_url":"https:\/\/wp.kristdemokraterna.se\/ydre\/tidsresa-16-augusti-2011\/","og_site_name":"Kristdemokraterna i Ydre","og_image":[{"url":"https:\/\/ydrebo.se\/sverigeresor\/tidsresa\/resa1.JPG","type":"","width":"","height":""}],"twitter_card":"summary_large_image","schema":{"@context":"https:\/\/schema.org","@graph":[{"@type":"WebPage","@id":"https:\/\/wp.kristdemokraterna.se\/ydre\/tidsresa-16-augusti-2011\/","url":"https:\/\/wp.kristdemokraterna.se\/ydre\/tidsresa-16-augusti-2011\/","name":"Tidsresa 16 augusti 2011 - Kristdemokraterna i Ydre","isPartOf":{"@id":"https:\/\/wp.kristdemokraterna.se\/ydre\/#website"},"primaryImageOfPage":{"@id":"https:\/\/wp.kristdemokraterna.se\/ydre\/tidsresa-16-augusti-2011\/#primaryimage"},"image":{"@id":"https:\/\/wp.kristdemokraterna.se\/ydre\/tidsresa-16-augusti-2011\/#primaryimage"},"thumbnailUrl":"https:\/\/ydrebo.se\/sverigeresor\/tidsresa\/resa1.JPG","datePublished":"2018-06-17T18:40:54+00:00","breadcrumb":{"@id":"https:\/\/wp.kristdemokraterna.se\/ydre\/tidsresa-16-augusti-2011\/#breadcrumb"},"inLanguage":"sv-SE","potentialAction":[{"@type":"ReadAction","target":["https:\/\/wp.kristdemokraterna.se\/ydre\/tidsresa-16-augusti-2011\/"]}]},{"@type":"ImageObject","inLanguage":"sv-SE","@id":"https:\/\/wp.kristdemokraterna.se\/ydre\/tidsresa-16-augusti-2011\/#primaryimage","url":"https:\/\/ydrebo.se\/sverigeresor\/tidsresa\/resa1.JPG","contentUrl":"https:\/\/ydrebo.se\/sverigeresor\/tidsresa\/resa1.JPG"},{"@type":"BreadcrumbList","@id":"https:\/\/wp.kristdemokraterna.se\/ydre\/tidsresa-16-augusti-2011\/#breadcrumb","itemListElement":[{"@type":"ListItem","position":1,"name":"Hem","item":"https:\/\/wp.kristdemokraterna.se\/ydre\/"},{"@type":"ListItem","position":2,"name":"Tidsresa 16 augusti 2011"}]},{"@type":"WebSite","@id":"https:\/\/wp.kristdemokraterna.se\/ydre\/#website","url":"https:\/\/wp.kristdemokraterna.se\/ydre\/","name":"Kristdemokraterna i Ydre","description":"En till Kristdemokraterna webbplats","inLanguage":"sv-SE"}]}},"_links":{"self":[{"href":"https:\/\/wp.kristdemokraterna.se\/ydre\/wp-json\/wp\/v2\/pages\/646","targetHints":{"allow":["GET"]}}],"collection":[{"href":"https:\/\/wp.kristdemokraterna.se\/ydre\/wp-json\/wp\/v2\/pages"}],"about":[{"href":"https:\/\/wp.kristdemokraterna.se\/ydre\/wp-json\/wp\/v2\/types\/page"}],"author":[{"embeddable":true,"href":"https:\/\/wp.kristdemokraterna.se\/ydre\/wp-json\/wp\/v2\/users\/793"}],"replies":[{"embeddable":true,"href":"https:\/\/wp.kristdemokraterna.se\/ydre\/wp-json\/wp\/v2\/comments?post=646"}],"version-history":[{"count":1,"href":"https:\/\/wp.kristdemokraterna.se\/ydre\/wp-json\/wp\/v2\/pages\/646\/revisions"}],"predecessor-version":[{"id":647,"href":"https:\/\/wp.kristdemokraterna.se\/ydre\/wp-json\/wp\/v2\/pages\/646\/revisions\/647"}],"wp:attachment":[{"href":"https:\/\/wp.kristdemokraterna.se\/ydre\/wp-json\/wp\/v2\/media?parent=646"}],"curies":[{"name":"wp","href":"https:\/\/api.w.org\/{rel}","templated":true}]}}