{"id":649,"date":"2018-06-17T20:45:25","date_gmt":"2018-06-17T18:45:25","guid":{"rendered":"http:\/\/wp.kristdemokraterna.se\/ydre\/?page_id=649"},"modified":"2018-06-17T20:46:45","modified_gmt":"2018-06-17T18:46:45","slug":"vem-kunde-tro-det","status":"publish","type":"page","link":"https:\/\/wp.kristdemokraterna.se\/ydre\/vem-kunde-tro-det\/","title":{"rendered":"2017-02-28 Vem kunde tro det?"},"content":{"rendered":"<p><span style=\"font-size: large\">P\u00e5 sista tiden har vi f\u00e5tt l\u00e4ra oss en rad nya begrepp och uttryck. T.ex. \u00e4r\u00a0<i>alternativa fakta<\/i>\u00a0en ny beteckning p\u00e5 rena fantasier.<br \/>\nDet talas ocks\u00e5 om &#8221;i g\u00e5r kv\u00e4ll i Sverige&#8221; (last night in Sweden) \u00e4ven om inget s\u00e4rskilt h\u00e4nde d\u00e5. Och naturligtvis har vi det nya utropet\u00a0<i>Sverige! Vem kunde tro det!<\/i>\u00a0(Sweden! Who could think of that!)<\/span><\/p>\n<p><span style=\"font-size: large\"><img loading=\"lazy\" decoding=\"async\" src=\"http:\/\/ydrebo.se\/kd\/veckobrev2015\/ydrekollage1.jpg\" width=\"600\" height=\"480\" \/><br \/>\n<\/span><i>\u00c4r vi otrygga? Har Trump och SD r\u00e4tt?<\/i><\/p>\n<p>Sverigedemokraterna har i Wall Street Journal i en artikel med rubriken\u00a0<i>Trump har r\u00e4tt<\/i>\u00a0h\u00e4vdat att Sverige \u00e4r precis s\u00e5 otryggt som Trump menar. Och det beror enligt artikeln helt och h\u00e5llet p\u00e5 de muslimska invandrarna.<br \/>\nI radio var det nyligen en kort debatt mellan SD:s partiledare Jimmie \u00c5kesson och justitieminister Morgan Johansson. SD hade i artikeln p\u00e5st\u00e5tt att Sverige &#8221;med \u00f6ppna armar&#8221; v\u00e4lkomnar terrorister. Eftersom det enligt svensk lag \u00e4r straffbart att vara terrorist \u00e4ven i annat land undrade programledaren vad SD menar. Lyssnarna fick inget svar utom p\u00e5st\u00e5endet att vi i Sverige &#8221;gulligullar&#8221; med terroristerna (\u00c5kessons formulering).<br \/>\nDet \u00c5kesson g\u00e5ng p\u00e5 g\u00e5ng upprepade var att m\u00e5nga m\u00e4nniskor \u00e4r skr\u00e4mda. Konsekvenserna av en s\u00e5dan skr\u00e4mseltaktik har vi m\u00e4rkt \u00e4ven i Ydre. Jag har sj\u00e4lv f\u00e5tt fr\u00e5gan hur jag v\u00e5gar bo i den allra invandrart\u00e4taste delen av \u00d6sterbymo. Och kommunstyrelsen fick en g\u00e5ng ett brev fr\u00e5n att antal oroade ortsbor.<br \/>\nDet naturliga s\u00e4ttet att handskas med s\u00e5dana uttryck f\u00f6r \u00e4ngslan \u00e4r att f\u00f6rst se efter hur befogad den \u00e4r och sedan tala med dem som s\u00e4ger sig vara skr\u00e4mda. I Ydre g\u00f6r vi helt sj\u00e4lvklart p\u00e5 det s\u00e4ttet. Men hur man skall kunna tala vettigt med dem som medvetet sprider alternativa fakta om invandringen f\u00f6r att skapa panik f\u00f6rst\u00e5r jag inte.<br \/>\nS\u00e5 visst finns det rasism.\u00a0<i>Just det. Rasism! I Sverige! Vem kunde tro det?<\/i><\/p>\n<p><i>Bengt Malm, ordf.<br \/>\n28 februari 2017<\/i><\/p>\n","protected":false},"excerpt":{"rendered":"<p>P\u00e5 sista tiden har vi f\u00e5tt l\u00e4ra oss en rad nya begrepp och uttryck. T.ex. \u00e4r\u00a0alternativa fakta\u00a0en ny beteckning p\u00e5 rena fantasier. Det talas ocks\u00e5 om &#8221;i g\u00e5r kv\u00e4ll i Sverige&#8221; (last night in Sweden) \u00e4ven om inget s\u00e4rskilt h\u00e4nde d\u00e5. Och naturligtvis har vi det nya utropet\u00a0Sverige! Vem kunde tro det!\u00a0(Sweden! Who could think <a class=\"read-more-link\" href=\"https:\/\/wp.kristdemokraterna.se\/ydre\/vem-kunde-tro-det\/\">L\u00e4s mer<\/a><\/p>\n","protected":false},"author":793,"featured_media":0,"parent":0,"menu_order":0,"comment_status":"closed","ping_status":"closed","template":"","meta":{"_acf_changed":false,"footnotes":""},"class_list":["post-649","page","type-page","status-publish","hentry"],"acf":[],"yoast_head":"<!-- This site is optimized with the Yoast SEO plugin v27.5 - https:\/\/yoast.com\/product\/yoast-seo-wordpress\/ -->\n<title>2017-02-28 Vem kunde tro det? - Kristdemokraterna i Ydre<\/title>\n<meta name=\"robots\" content=\"index, follow, max-snippet:-1, max-image-preview:large, max-video-preview:-1\" \/>\n<link rel=\"canonical\" href=\"https:\/\/wp.kristdemokraterna.se\/ydre\/vem-kunde-tro-det\/\" \/>\n<meta property=\"og:locale\" content=\"sv_SE\" \/>\n<meta property=\"og:type\" content=\"article\" \/>\n<meta property=\"og:title\" content=\"2017-02-28 Vem kunde tro det? - Kristdemokraterna i Ydre\" \/>\n<meta property=\"og:description\" content=\"P\u00e5 sista tiden har vi f\u00e5tt l\u00e4ra oss en rad nya begrepp och uttryck. T.ex. \u00e4r\u00a0alternativa fakta\u00a0en ny beteckning p\u00e5 rena fantasier. Det talas ocks\u00e5 om &#8221;i g\u00e5r kv\u00e4ll i Sverige&#8221; (last night in Sweden) \u00e4ven om inget s\u00e4rskilt h\u00e4nde d\u00e5. Och naturligtvis har vi det nya utropet\u00a0Sverige! Vem kunde tro det!\u00a0(Sweden! Who could think L\u00e4s mer\" \/>\n<meta property=\"og:url\" content=\"https:\/\/wp.kristdemokraterna.se\/ydre\/vem-kunde-tro-det\/\" \/>\n<meta property=\"og:site_name\" content=\"Kristdemokraterna i Ydre\" \/>\n<meta property=\"article:modified_time\" content=\"2018-06-17T18:46:45+00:00\" \/>\n<meta property=\"og:image\" content=\"http:\/\/ydrebo.se\/kd\/veckobrev2015\/ydrekollage1.jpg\" \/>\n<meta name=\"twitter:card\" content=\"summary_large_image\" \/>\n<meta name=\"twitter:label1\" content=\"Ber\u00e4knad l\u00e4stid\" \/>\n\t<meta name=\"twitter:data1\" content=\"2 minuter\" \/>\n<script type=\"application\/ld+json\" class=\"yoast-schema-graph\">{\"@context\":\"https:\\\/\\\/schema.org\",\"@graph\":[{\"@type\":\"WebPage\",\"@id\":\"https:\\\/\\\/wp.kristdemokraterna.se\\\/ydre\\\/vem-kunde-tro-det\\\/\",\"url\":\"https:\\\/\\\/wp.kristdemokraterna.se\\\/ydre\\\/vem-kunde-tro-det\\\/\",\"name\":\"2017-02-28 Vem kunde tro det? - Kristdemokraterna i Ydre\",\"isPartOf\":{\"@id\":\"https:\\\/\\\/wp.kristdemokraterna.se\\\/ydre\\\/#website\"},\"primaryImageOfPage\":{\"@id\":\"https:\\\/\\\/wp.kristdemokraterna.se\\\/ydre\\\/vem-kunde-tro-det\\\/#primaryimage\"},\"image\":{\"@id\":\"https:\\\/\\\/wp.kristdemokraterna.se\\\/ydre\\\/vem-kunde-tro-det\\\/#primaryimage\"},\"thumbnailUrl\":\"http:\\\/\\\/ydrebo.se\\\/kd\\\/veckobrev2015\\\/ydrekollage1.jpg\",\"datePublished\":\"2018-06-17T18:45:25+00:00\",\"dateModified\":\"2018-06-17T18:46:45+00:00\",\"breadcrumb\":{\"@id\":\"https:\\\/\\\/wp.kristdemokraterna.se\\\/ydre\\\/vem-kunde-tro-det\\\/#breadcrumb\"},\"inLanguage\":\"sv-SE\",\"potentialAction\":[{\"@type\":\"ReadAction\",\"target\":[\"https:\\\/\\\/wp.kristdemokraterna.se\\\/ydre\\\/vem-kunde-tro-det\\\/\"]}]},{\"@type\":\"ImageObject\",\"inLanguage\":\"sv-SE\",\"@id\":\"https:\\\/\\\/wp.kristdemokraterna.se\\\/ydre\\\/vem-kunde-tro-det\\\/#primaryimage\",\"url\":\"http:\\\/\\\/ydrebo.se\\\/kd\\\/veckobrev2015\\\/ydrekollage1.jpg\",\"contentUrl\":\"http:\\\/\\\/ydrebo.se\\\/kd\\\/veckobrev2015\\\/ydrekollage1.jpg\"},{\"@type\":\"BreadcrumbList\",\"@id\":\"https:\\\/\\\/wp.kristdemokraterna.se\\\/ydre\\\/vem-kunde-tro-det\\\/#breadcrumb\",\"itemListElement\":[{\"@type\":\"ListItem\",\"position\":1,\"name\":\"Hem\",\"item\":\"https:\\\/\\\/wp.kristdemokraterna.se\\\/ydre\\\/\"},{\"@type\":\"ListItem\",\"position\":2,\"name\":\"2017-02-28 Vem kunde tro det?\"}]},{\"@type\":\"WebSite\",\"@id\":\"https:\\\/\\\/wp.kristdemokraterna.se\\\/ydre\\\/#website\",\"url\":\"https:\\\/\\\/wp.kristdemokraterna.se\\\/ydre\\\/\",\"name\":\"Kristdemokraterna i Ydre\",\"description\":\"En till Kristdemokraterna webbplats\",\"inLanguage\":\"sv-SE\"}]}<\/script>\n<!-- \/ Yoast SEO plugin. -->","yoast_head_json":{"title":"2017-02-28 Vem kunde tro det? - Kristdemokraterna i Ydre","robots":{"index":"index","follow":"follow","max-snippet":"max-snippet:-1","max-image-preview":"max-image-preview:large","max-video-preview":"max-video-preview:-1"},"canonical":"https:\/\/wp.kristdemokraterna.se\/ydre\/vem-kunde-tro-det\/","og_locale":"sv_SE","og_type":"article","og_title":"2017-02-28 Vem kunde tro det? - Kristdemokraterna i Ydre","og_description":"P\u00e5 sista tiden har vi f\u00e5tt l\u00e4ra oss en rad nya begrepp och uttryck. T.ex. \u00e4r\u00a0alternativa fakta\u00a0en ny beteckning p\u00e5 rena fantasier. Det talas ocks\u00e5 om &#8221;i g\u00e5r kv\u00e4ll i Sverige&#8221; (last night in Sweden) \u00e4ven om inget s\u00e4rskilt h\u00e4nde d\u00e5. Och naturligtvis har vi det nya utropet\u00a0Sverige! Vem kunde tro det!\u00a0(Sweden! Who could think L\u00e4s mer","og_url":"https:\/\/wp.kristdemokraterna.se\/ydre\/vem-kunde-tro-det\/","og_site_name":"Kristdemokraterna i Ydre","article_modified_time":"2018-06-17T18:46:45+00:00","og_image":[{"url":"http:\/\/ydrebo.se\/kd\/veckobrev2015\/ydrekollage1.jpg","type":"","width":"","height":""}],"twitter_card":"summary_large_image","twitter_misc":{"Ber\u00e4knad l\u00e4stid":"2 minuter"},"schema":{"@context":"https:\/\/schema.org","@graph":[{"@type":"WebPage","@id":"https:\/\/wp.kristdemokraterna.se\/ydre\/vem-kunde-tro-det\/","url":"https:\/\/wp.kristdemokraterna.se\/ydre\/vem-kunde-tro-det\/","name":"2017-02-28 Vem kunde tro det? - Kristdemokraterna i Ydre","isPartOf":{"@id":"https:\/\/wp.kristdemokraterna.se\/ydre\/#website"},"primaryImageOfPage":{"@id":"https:\/\/wp.kristdemokraterna.se\/ydre\/vem-kunde-tro-det\/#primaryimage"},"image":{"@id":"https:\/\/wp.kristdemokraterna.se\/ydre\/vem-kunde-tro-det\/#primaryimage"},"thumbnailUrl":"http:\/\/ydrebo.se\/kd\/veckobrev2015\/ydrekollage1.jpg","datePublished":"2018-06-17T18:45:25+00:00","dateModified":"2018-06-17T18:46:45+00:00","breadcrumb":{"@id":"https:\/\/wp.kristdemokraterna.se\/ydre\/vem-kunde-tro-det\/#breadcrumb"},"inLanguage":"sv-SE","potentialAction":[{"@type":"ReadAction","target":["https:\/\/wp.kristdemokraterna.se\/ydre\/vem-kunde-tro-det\/"]}]},{"@type":"ImageObject","inLanguage":"sv-SE","@id":"https:\/\/wp.kristdemokraterna.se\/ydre\/vem-kunde-tro-det\/#primaryimage","url":"http:\/\/ydrebo.se\/kd\/veckobrev2015\/ydrekollage1.jpg","contentUrl":"http:\/\/ydrebo.se\/kd\/veckobrev2015\/ydrekollage1.jpg"},{"@type":"BreadcrumbList","@id":"https:\/\/wp.kristdemokraterna.se\/ydre\/vem-kunde-tro-det\/#breadcrumb","itemListElement":[{"@type":"ListItem","position":1,"name":"Hem","item":"https:\/\/wp.kristdemokraterna.se\/ydre\/"},{"@type":"ListItem","position":2,"name":"2017-02-28 Vem kunde tro det?"}]},{"@type":"WebSite","@id":"https:\/\/wp.kristdemokraterna.se\/ydre\/#website","url":"https:\/\/wp.kristdemokraterna.se\/ydre\/","name":"Kristdemokraterna i Ydre","description":"En till Kristdemokraterna webbplats","inLanguage":"sv-SE"}]}},"_links":{"self":[{"href":"https:\/\/wp.kristdemokraterna.se\/ydre\/wp-json\/wp\/v2\/pages\/649","targetHints":{"allow":["GET"]}}],"collection":[{"href":"https:\/\/wp.kristdemokraterna.se\/ydre\/wp-json\/wp\/v2\/pages"}],"about":[{"href":"https:\/\/wp.kristdemokraterna.se\/ydre\/wp-json\/wp\/v2\/types\/page"}],"author":[{"embeddable":true,"href":"https:\/\/wp.kristdemokraterna.se\/ydre\/wp-json\/wp\/v2\/users\/793"}],"replies":[{"embeddable":true,"href":"https:\/\/wp.kristdemokraterna.se\/ydre\/wp-json\/wp\/v2\/comments?post=649"}],"version-history":[{"count":2,"href":"https:\/\/wp.kristdemokraterna.se\/ydre\/wp-json\/wp\/v2\/pages\/649\/revisions"}],"predecessor-version":[{"id":651,"href":"https:\/\/wp.kristdemokraterna.se\/ydre\/wp-json\/wp\/v2\/pages\/649\/revisions\/651"}],"wp:attachment":[{"href":"https:\/\/wp.kristdemokraterna.se\/ydre\/wp-json\/wp\/v2\/media?parent=649"}],"curies":[{"name":"wp","href":"https:\/\/api.w.org\/{rel}","templated":true}]}}