{"id":653,"date":"2018-06-17T20:51:39","date_gmt":"2018-06-17T18:51:39","guid":{"rendered":"http:\/\/wp.kristdemokraterna.se\/ydre\/?page_id=653"},"modified":"2018-06-17T20:56:45","modified_gmt":"2018-06-17T18:56:45","slug":"vilket-varde-har-ydres-natur","status":"publish","type":"page","link":"https:\/\/wp.kristdemokraterna.se\/ydre\/vilket-varde-har-ydres-natur\/","title":{"rendered":"2017-03-04 Vilket v\u00e4rde har Ydres natur?"},"content":{"rendered":"<p><span style=\"font-size: large\">Naturen \u00e4r en Ydres fr\u00e4msta tillg\u00e5ngar. Den g\u00f6r det v\u00e4rt att bo h\u00e4r. Den g\u00f6r det v\u00e4rt att bes\u00f6ka Ydre t.ex. under semestern.<br \/>\nSommen h\u00f6r naturligtvis till det b\u00e4sta vi har. Cirka 45% av sj\u00f6n (som \u00e4r av riksintresse) ligger inom Ydres gr\u00e4ns. Men ocks\u00e5 de delar av sj\u00f6n som ligger utanf\u00f6r kommunen \u00e4r naturligtvis viktiga f\u00f6r oss. Planerna p\u00e5 att dra en h\u00f6ghastighetsj\u00e4rnv\u00e4g p\u00e5 broar \u00f6ver sj\u00f6ns nordligaste fj\u00e4rdar f\u00f6refaller oss skr\u00e4mmande.<\/span><\/p>\n<p><span style=\"font-size: large\"><img loading=\"lazy\" decoding=\"async\" src=\"https:\/\/ydrebo.se\/ydre\/natur\/ydrenatur2.jpg\" width=\"600\" height=\"450\" \/><br \/>\n<\/span><i>F\u00f6rsvunnen blomster\u00e4ng. (Foto: Barbro Malm)<\/i><\/p>\n<p>Men vi m\u00e5ste ocks\u00e5 vara r\u00e4dda om natur- och kulturlandskapen i resten av Ydre. Det finns mycket som \u00e4r\u00a0<a href=\"http:\/\/wp.kristdemokraterna.se\/ydre\/naturbilder-fran-ydre\/\" rel=\"noopener\"><b>v\u00e4rt att se och bevara<\/b><\/a>. Milj\u00f6er f\u00f6rsvinner s\u00e5 l\u00e4tt. Bilden ovan visar en blomster\u00e4ng vid \u00d6sterbymo som inte l\u00e4ngre \u00e4r kvar.<br \/>\nL\u00e5t oss vara r\u00e4dda om det Ydre vi \u00e4rvt!<\/p>\n<p><i>Bengt Malm, ordf.<br \/>\n4 mars 2017<\/i><\/p>\n","protected":false},"excerpt":{"rendered":"<p>Naturen \u00e4r en Ydres fr\u00e4msta tillg\u00e5ngar. Den g\u00f6r det v\u00e4rt att bo h\u00e4r. Den g\u00f6r det v\u00e4rt att bes\u00f6ka Ydre t.ex. under semestern. Sommen h\u00f6r naturligtvis till det b\u00e4sta vi har. Cirka 45% av sj\u00f6n (som \u00e4r av riksintresse) ligger inom Ydres gr\u00e4ns. Men ocks\u00e5 de delar av sj\u00f6n som ligger utanf\u00f6r kommunen \u00e4r naturligtvis <a class=\"read-more-link\" href=\"https:\/\/wp.kristdemokraterna.se\/ydre\/vilket-varde-har-ydres-natur\/\">L\u00e4s mer<\/a><\/p>\n","protected":false},"author":793,"featured_media":0,"parent":0,"menu_order":0,"comment_status":"closed","ping_status":"closed","template":"","meta":{"_acf_changed":false,"footnotes":""},"class_list":["post-653","page","type-page","status-publish","hentry"],"acf":[],"yoast_head":"<!-- This site is optimized with the Yoast SEO plugin v27.5 - https:\/\/yoast.com\/product\/yoast-seo-wordpress\/ -->\n<title>2017-03-04 Vilket v\u00e4rde har Ydres natur? - Kristdemokraterna i Ydre<\/title>\n<meta name=\"robots\" content=\"index, follow, max-snippet:-1, max-image-preview:large, max-video-preview:-1\" \/>\n<link rel=\"canonical\" href=\"https:\/\/wp.kristdemokraterna.se\/ydre\/vilket-varde-har-ydres-natur\/\" \/>\n<meta property=\"og:locale\" content=\"sv_SE\" \/>\n<meta property=\"og:type\" content=\"article\" \/>\n<meta property=\"og:title\" content=\"2017-03-04 Vilket v\u00e4rde har Ydres natur? - Kristdemokraterna i Ydre\" \/>\n<meta property=\"og:description\" content=\"Naturen \u00e4r en Ydres fr\u00e4msta tillg\u00e5ngar. Den g\u00f6r det v\u00e4rt att bo h\u00e4r. Den g\u00f6r det v\u00e4rt att bes\u00f6ka Ydre t.ex. under semestern. Sommen h\u00f6r naturligtvis till det b\u00e4sta vi har. Cirka 45% av sj\u00f6n (som \u00e4r av riksintresse) ligger inom Ydres gr\u00e4ns. Men ocks\u00e5 de delar av sj\u00f6n som ligger utanf\u00f6r kommunen \u00e4r naturligtvis L\u00e4s mer\" \/>\n<meta property=\"og:url\" content=\"https:\/\/wp.kristdemokraterna.se\/ydre\/vilket-varde-har-ydres-natur\/\" \/>\n<meta property=\"og:site_name\" content=\"Kristdemokraterna i Ydre\" \/>\n<meta property=\"article:modified_time\" content=\"2018-06-17T18:56:45+00:00\" \/>\n<meta property=\"og:image\" content=\"https:\/\/ydrebo.se\/ydre\/natur\/ydrenatur2.jpg\" \/>\n<meta name=\"twitter:card\" content=\"summary_large_image\" \/>\n<meta name=\"twitter:label1\" content=\"Ber\u00e4knad l\u00e4stid\" \/>\n\t<meta name=\"twitter:data1\" content=\"1 minut\" \/>\n<script type=\"application\/ld+json\" class=\"yoast-schema-graph\">{\"@context\":\"https:\\\/\\\/schema.org\",\"@graph\":[{\"@type\":\"WebPage\",\"@id\":\"https:\\\/\\\/wp.kristdemokraterna.se\\\/ydre\\\/vilket-varde-har-ydres-natur\\\/\",\"url\":\"https:\\\/\\\/wp.kristdemokraterna.se\\\/ydre\\\/vilket-varde-har-ydres-natur\\\/\",\"name\":\"2017-03-04 Vilket v\u00e4rde har Ydres natur? - Kristdemokraterna i Ydre\",\"isPartOf\":{\"@id\":\"https:\\\/\\\/wp.kristdemokraterna.se\\\/ydre\\\/#website\"},\"primaryImageOfPage\":{\"@id\":\"https:\\\/\\\/wp.kristdemokraterna.se\\\/ydre\\\/vilket-varde-har-ydres-natur\\\/#primaryimage\"},\"image\":{\"@id\":\"https:\\\/\\\/wp.kristdemokraterna.se\\\/ydre\\\/vilket-varde-har-ydres-natur\\\/#primaryimage\"},\"thumbnailUrl\":\"https:\\\/\\\/ydrebo.se\\\/ydre\\\/natur\\\/ydrenatur2.jpg\",\"datePublished\":\"2018-06-17T18:51:39+00:00\",\"dateModified\":\"2018-06-17T18:56:45+00:00\",\"breadcrumb\":{\"@id\":\"https:\\\/\\\/wp.kristdemokraterna.se\\\/ydre\\\/vilket-varde-har-ydres-natur\\\/#breadcrumb\"},\"inLanguage\":\"sv-SE\",\"potentialAction\":[{\"@type\":\"ReadAction\",\"target\":[\"https:\\\/\\\/wp.kristdemokraterna.se\\\/ydre\\\/vilket-varde-har-ydres-natur\\\/\"]}]},{\"@type\":\"ImageObject\",\"inLanguage\":\"sv-SE\",\"@id\":\"https:\\\/\\\/wp.kristdemokraterna.se\\\/ydre\\\/vilket-varde-har-ydres-natur\\\/#primaryimage\",\"url\":\"https:\\\/\\\/ydrebo.se\\\/ydre\\\/natur\\\/ydrenatur2.jpg\",\"contentUrl\":\"https:\\\/\\\/ydrebo.se\\\/ydre\\\/natur\\\/ydrenatur2.jpg\"},{\"@type\":\"BreadcrumbList\",\"@id\":\"https:\\\/\\\/wp.kristdemokraterna.se\\\/ydre\\\/vilket-varde-har-ydres-natur\\\/#breadcrumb\",\"itemListElement\":[{\"@type\":\"ListItem\",\"position\":1,\"name\":\"Hem\",\"item\":\"https:\\\/\\\/wp.kristdemokraterna.se\\\/ydre\\\/\"},{\"@type\":\"ListItem\",\"position\":2,\"name\":\"2017-03-04 Vilket v\u00e4rde har Ydres natur?\"}]},{\"@type\":\"WebSite\",\"@id\":\"https:\\\/\\\/wp.kristdemokraterna.se\\\/ydre\\\/#website\",\"url\":\"https:\\\/\\\/wp.kristdemokraterna.se\\\/ydre\\\/\",\"name\":\"Kristdemokraterna i Ydre\",\"description\":\"En till Kristdemokraterna webbplats\",\"inLanguage\":\"sv-SE\"}]}<\/script>\n<!-- \/ Yoast SEO plugin. -->","yoast_head_json":{"title":"2017-03-04 Vilket v\u00e4rde har Ydres natur? - Kristdemokraterna i Ydre","robots":{"index":"index","follow":"follow","max-snippet":"max-snippet:-1","max-image-preview":"max-image-preview:large","max-video-preview":"max-video-preview:-1"},"canonical":"https:\/\/wp.kristdemokraterna.se\/ydre\/vilket-varde-har-ydres-natur\/","og_locale":"sv_SE","og_type":"article","og_title":"2017-03-04 Vilket v\u00e4rde har Ydres natur? - Kristdemokraterna i Ydre","og_description":"Naturen \u00e4r en Ydres fr\u00e4msta tillg\u00e5ngar. Den g\u00f6r det v\u00e4rt att bo h\u00e4r. Den g\u00f6r det v\u00e4rt att bes\u00f6ka Ydre t.ex. under semestern. Sommen h\u00f6r naturligtvis till det b\u00e4sta vi har. Cirka 45% av sj\u00f6n (som \u00e4r av riksintresse) ligger inom Ydres gr\u00e4ns. Men ocks\u00e5 de delar av sj\u00f6n som ligger utanf\u00f6r kommunen \u00e4r naturligtvis L\u00e4s mer","og_url":"https:\/\/wp.kristdemokraterna.se\/ydre\/vilket-varde-har-ydres-natur\/","og_site_name":"Kristdemokraterna i Ydre","article_modified_time":"2018-06-17T18:56:45+00:00","og_image":[{"url":"https:\/\/ydrebo.se\/ydre\/natur\/ydrenatur2.jpg","type":"","width":"","height":""}],"twitter_card":"summary_large_image","twitter_misc":{"Ber\u00e4knad l\u00e4stid":"1 minut"},"schema":{"@context":"https:\/\/schema.org","@graph":[{"@type":"WebPage","@id":"https:\/\/wp.kristdemokraterna.se\/ydre\/vilket-varde-har-ydres-natur\/","url":"https:\/\/wp.kristdemokraterna.se\/ydre\/vilket-varde-har-ydres-natur\/","name":"2017-03-04 Vilket v\u00e4rde har Ydres natur? - Kristdemokraterna i Ydre","isPartOf":{"@id":"https:\/\/wp.kristdemokraterna.se\/ydre\/#website"},"primaryImageOfPage":{"@id":"https:\/\/wp.kristdemokraterna.se\/ydre\/vilket-varde-har-ydres-natur\/#primaryimage"},"image":{"@id":"https:\/\/wp.kristdemokraterna.se\/ydre\/vilket-varde-har-ydres-natur\/#primaryimage"},"thumbnailUrl":"https:\/\/ydrebo.se\/ydre\/natur\/ydrenatur2.jpg","datePublished":"2018-06-17T18:51:39+00:00","dateModified":"2018-06-17T18:56:45+00:00","breadcrumb":{"@id":"https:\/\/wp.kristdemokraterna.se\/ydre\/vilket-varde-har-ydres-natur\/#breadcrumb"},"inLanguage":"sv-SE","potentialAction":[{"@type":"ReadAction","target":["https:\/\/wp.kristdemokraterna.se\/ydre\/vilket-varde-har-ydres-natur\/"]}]},{"@type":"ImageObject","inLanguage":"sv-SE","@id":"https:\/\/wp.kristdemokraterna.se\/ydre\/vilket-varde-har-ydres-natur\/#primaryimage","url":"https:\/\/ydrebo.se\/ydre\/natur\/ydrenatur2.jpg","contentUrl":"https:\/\/ydrebo.se\/ydre\/natur\/ydrenatur2.jpg"},{"@type":"BreadcrumbList","@id":"https:\/\/wp.kristdemokraterna.se\/ydre\/vilket-varde-har-ydres-natur\/#breadcrumb","itemListElement":[{"@type":"ListItem","position":1,"name":"Hem","item":"https:\/\/wp.kristdemokraterna.se\/ydre\/"},{"@type":"ListItem","position":2,"name":"2017-03-04 Vilket v\u00e4rde har Ydres natur?"}]},{"@type":"WebSite","@id":"https:\/\/wp.kristdemokraterna.se\/ydre\/#website","url":"https:\/\/wp.kristdemokraterna.se\/ydre\/","name":"Kristdemokraterna i Ydre","description":"En till Kristdemokraterna webbplats","inLanguage":"sv-SE"}]}},"_links":{"self":[{"href":"https:\/\/wp.kristdemokraterna.se\/ydre\/wp-json\/wp\/v2\/pages\/653","targetHints":{"allow":["GET"]}}],"collection":[{"href":"https:\/\/wp.kristdemokraterna.se\/ydre\/wp-json\/wp\/v2\/pages"}],"about":[{"href":"https:\/\/wp.kristdemokraterna.se\/ydre\/wp-json\/wp\/v2\/types\/page"}],"author":[{"embeddable":true,"href":"https:\/\/wp.kristdemokraterna.se\/ydre\/wp-json\/wp\/v2\/users\/793"}],"replies":[{"embeddable":true,"href":"https:\/\/wp.kristdemokraterna.se\/ydre\/wp-json\/wp\/v2\/comments?post=653"}],"version-history":[{"count":3,"href":"https:\/\/wp.kristdemokraterna.se\/ydre\/wp-json\/wp\/v2\/pages\/653\/revisions"}],"predecessor-version":[{"id":659,"href":"https:\/\/wp.kristdemokraterna.se\/ydre\/wp-json\/wp\/v2\/pages\/653\/revisions\/659"}],"wp:attachment":[{"href":"https:\/\/wp.kristdemokraterna.se\/ydre\/wp-json\/wp\/v2\/media?parent=653"}],"curies":[{"name":"wp","href":"https:\/\/api.w.org\/{rel}","templated":true}]}}