{"id":660,"date":"2018-06-17T21:00:26","date_gmt":"2018-06-17T19:00:26","guid":{"rendered":"http:\/\/wp.kristdemokraterna.se\/ydre\/?page_id=660"},"modified":"2018-06-17T21:00:57","modified_gmt":"2018-06-17T19:00:57","slug":"kunnskap-e-mackt","status":"publish","type":"page","link":"https:\/\/wp.kristdemokraterna.se\/ydre\/kunnskap-e-mackt\/","title":{"rendered":"2018-03-10 Kunnskap e mackt"},"content":{"rendered":"<p><span style=\"font-size: large\">Att\u00a0<i>kunskap \u00e4r makt<\/i>\u00a0\u00e4r v\u00e4l k\u00e4nt, likas\u00e5 att\u00a0<i>makt korrumperar<\/i>. Betyder det att kunskap korrumperar? Skall vi vara r\u00e4dda f\u00f6r information?<br \/>\nKommunalf\u00f6rbundet ITSAM som bl.a. sk\u00f6ter Ydre kommuns datorer har just skickat ut ett dokument p\u00e5 remiss till oss. Det handlar om informationss\u00e4kerhet. Det vi f\u00e5tt hittills \u00e4r bara allm\u00e4nna ideer.<\/span><\/p>\n<p><span style=\"font-size: large\"><img loading=\"lazy\" decoding=\"async\" src=\"http:\/\/ydrebo.se\/kd\/veckobrev2015\/krokus.JPG\" width=\"600\" height=\"450\" \/><br \/>\n<\/span><i>Snart!<\/i><\/p>\n<p>Vi f\u00e5r veta att\u00a0<i>information \u00e4r en viktig tillg\u00e5ng<\/i>. Det l\u00e5ter n\u00e4stan som om en kommunf\u00f6rvaltning \u00e4r en fabrik som tillverkar n\u00e5gonting d\u00e4r informationen \u00e4r en r\u00e5vara. Liknelsen med industrin forts\u00e4tter. Det s\u00e4gs att det \u00e4r viktigt\u00a0<i>att r\u00e4tt information \u00e4r tillg\u00e4nglig f\u00f6r r\u00e4tt person vid r\u00e4tt tillf\u00e4lle<\/i>.<br \/>\nI en fabrik r\u00e4cker det med att man har de r\u00e4tta detaljerna till hands i det \u00f6gonblick man beh\u00f6ver dem. N\u00e5got annat beh\u00f6vs inte. Men vad \u00e4r &#8221;r\u00e4tt information&#8221; i en kommunf\u00f6rvaltning? Vem planerar och best\u00e4mmer det?<br \/>\nJust nu skriver snart sagt alla tidningar om en skandal i Lunds kommun. I maj f\u00f6rra \u00e5ret blev en flicka som g\u00e5r p\u00e5 h\u00f6gstadiet v\u00e5ldtagen av tv\u00e5 skolkamrater. Fram till h\u00e4romdagen gick f\u00f6r\u00f6varna kvar p\u00e5 skolan. Flickan som naturligtvis inte kunde g\u00e5 tillsammans med dem undervisades bristf\u00e4lligt p\u00e5 annat h\u00e5ll. Skolinspektionen har kritiserat skolan h\u00e5rt. Rektorn har nu avg\u00e5tt. Hans st\u00e4llning blev oh\u00e5llbar n\u00e4r han f\u00f6rsvarat sitt handlande. Kommunens ledning har nu bett flickan om urs\u00e4kt.<br \/>\nMen varf\u00f6r reagerade inte kommunen tidigare? Kan det vara s\u00e5 att kunskapen om flickans \u00f6de inte var &#8221;r\u00e4tt information&#8221; att f\u00f6rmedla till kommunledningen?<br \/>\nDet g\u00e5r inte att behandla information som en lagervara i ett industrif\u00f6rr\u00e5d. All information som finns m\u00e5ste vara tillg\u00e4nglig utom den som av s\u00e4rskilda sk\u00e4l m\u00e5ste vara sekretessbelagd.<br \/>\nTyv\u00e4rr vet vi inte \u00e4n hur ITSAM t\u00e4nker styra ydrebornas och deras anst\u00e4lldas tillg\u00e5ng till information. De hittillsvarande reglerna som sekretessbel\u00e4gger i stort sett allting \u00e4r i alla fall rent olagliga och naturligtvis skadliga f\u00f6r kommunens arbete.<br \/>\nDessutom f\u00f6rv\u00e4ntar sig ITSAM att uppdateringen av best\u00e4mmelserna &#8221;\u00f6verl\u00e5ts till kommunalf\u00f6rbundet&#8221;. Det understryks ocks\u00e5 att det inte finss &#8221;utrymme f\u00f6r att besluta om lokala regler&#8221;.<br \/>\nDet \u00e4r sant att kunskap \u00e4r makt och att makt korrumperar. Men det \u00e4r inte sant att kunskap korrumperar. Det \u00e4r brist p\u00e5 information som \u00e4r farlig.<\/p>\n<p><i>Bengt Malm, ordf.<br \/>\n10 mars 2017<\/i><\/p>\n<p>&nbsp;<\/p>\n","protected":false},"excerpt":{"rendered":"<p>Att\u00a0kunskap \u00e4r makt\u00a0\u00e4r v\u00e4l k\u00e4nt, likas\u00e5 att\u00a0makt korrumperar. Betyder det att kunskap korrumperar? Skall vi vara r\u00e4dda f\u00f6r information? Kommunalf\u00f6rbundet ITSAM som bl.a. sk\u00f6ter Ydre kommuns datorer har just skickat ut ett dokument p\u00e5 remiss till oss. Det handlar om informationss\u00e4kerhet. Det vi f\u00e5tt hittills \u00e4r bara allm\u00e4nna ideer. Snart! Vi f\u00e5r veta att\u00a0information \u00e4r <a class=\"read-more-link\" href=\"https:\/\/wp.kristdemokraterna.se\/ydre\/kunnskap-e-mackt\/\">L\u00e4s mer<\/a><\/p>\n","protected":false},"author":793,"featured_media":0,"parent":0,"menu_order":0,"comment_status":"closed","ping_status":"closed","template":"","meta":{"_acf_changed":false,"footnotes":""},"class_list":["post-660","page","type-page","status-publish","hentry"],"acf":[],"yoast_head":"<!-- This site is optimized with the Yoast SEO plugin v27.5 - https:\/\/yoast.com\/product\/yoast-seo-wordpress\/ -->\n<title>2018-03-10 Kunnskap e mackt - Kristdemokraterna i Ydre<\/title>\n<meta name=\"robots\" content=\"index, follow, max-snippet:-1, max-image-preview:large, max-video-preview:-1\" \/>\n<link rel=\"canonical\" href=\"https:\/\/wp.kristdemokraterna.se\/ydre\/kunnskap-e-mackt\/\" \/>\n<meta property=\"og:locale\" content=\"sv_SE\" \/>\n<meta property=\"og:type\" content=\"article\" \/>\n<meta property=\"og:title\" content=\"2018-03-10 Kunnskap e mackt - Kristdemokraterna i Ydre\" \/>\n<meta property=\"og:description\" content=\"Att\u00a0kunskap \u00e4r makt\u00a0\u00e4r v\u00e4l k\u00e4nt, likas\u00e5 att\u00a0makt korrumperar. Betyder det att kunskap korrumperar? Skall vi vara r\u00e4dda f\u00f6r information? Kommunalf\u00f6rbundet ITSAM som bl.a. sk\u00f6ter Ydre kommuns datorer har just skickat ut ett dokument p\u00e5 remiss till oss. Det handlar om informationss\u00e4kerhet. Det vi f\u00e5tt hittills \u00e4r bara allm\u00e4nna ideer. Snart! Vi f\u00e5r veta att\u00a0information \u00e4r L\u00e4s mer\" \/>\n<meta property=\"og:url\" content=\"https:\/\/wp.kristdemokraterna.se\/ydre\/kunnskap-e-mackt\/\" \/>\n<meta property=\"og:site_name\" content=\"Kristdemokraterna i Ydre\" \/>\n<meta property=\"article:modified_time\" content=\"2018-06-17T19:00:57+00:00\" \/>\n<meta property=\"og:image\" content=\"http:\/\/ydrebo.se\/kd\/veckobrev2015\/krokus.JPG\" \/>\n<meta name=\"twitter:card\" content=\"summary_large_image\" \/>\n<meta name=\"twitter:label1\" content=\"Ber\u00e4knad l\u00e4stid\" \/>\n\t<meta name=\"twitter:data1\" content=\"2 minuter\" \/>\n<script type=\"application\/ld+json\" class=\"yoast-schema-graph\">{\"@context\":\"https:\\\/\\\/schema.org\",\"@graph\":[{\"@type\":\"WebPage\",\"@id\":\"https:\\\/\\\/wp.kristdemokraterna.se\\\/ydre\\\/kunnskap-e-mackt\\\/\",\"url\":\"https:\\\/\\\/wp.kristdemokraterna.se\\\/ydre\\\/kunnskap-e-mackt\\\/\",\"name\":\"2018-03-10 Kunnskap e mackt - Kristdemokraterna i Ydre\",\"isPartOf\":{\"@id\":\"https:\\\/\\\/wp.kristdemokraterna.se\\\/ydre\\\/#website\"},\"primaryImageOfPage\":{\"@id\":\"https:\\\/\\\/wp.kristdemokraterna.se\\\/ydre\\\/kunnskap-e-mackt\\\/#primaryimage\"},\"image\":{\"@id\":\"https:\\\/\\\/wp.kristdemokraterna.se\\\/ydre\\\/kunnskap-e-mackt\\\/#primaryimage\"},\"thumbnailUrl\":\"http:\\\/\\\/ydrebo.se\\\/kd\\\/veckobrev2015\\\/krokus.JPG\",\"datePublished\":\"2018-06-17T19:00:26+00:00\",\"dateModified\":\"2018-06-17T19:00:57+00:00\",\"breadcrumb\":{\"@id\":\"https:\\\/\\\/wp.kristdemokraterna.se\\\/ydre\\\/kunnskap-e-mackt\\\/#breadcrumb\"},\"inLanguage\":\"sv-SE\",\"potentialAction\":[{\"@type\":\"ReadAction\",\"target\":[\"https:\\\/\\\/wp.kristdemokraterna.se\\\/ydre\\\/kunnskap-e-mackt\\\/\"]}]},{\"@type\":\"ImageObject\",\"inLanguage\":\"sv-SE\",\"@id\":\"https:\\\/\\\/wp.kristdemokraterna.se\\\/ydre\\\/kunnskap-e-mackt\\\/#primaryimage\",\"url\":\"http:\\\/\\\/ydrebo.se\\\/kd\\\/veckobrev2015\\\/krokus.JPG\",\"contentUrl\":\"http:\\\/\\\/ydrebo.se\\\/kd\\\/veckobrev2015\\\/krokus.JPG\"},{\"@type\":\"BreadcrumbList\",\"@id\":\"https:\\\/\\\/wp.kristdemokraterna.se\\\/ydre\\\/kunnskap-e-mackt\\\/#breadcrumb\",\"itemListElement\":[{\"@type\":\"ListItem\",\"position\":1,\"name\":\"Hem\",\"item\":\"https:\\\/\\\/wp.kristdemokraterna.se\\\/ydre\\\/\"},{\"@type\":\"ListItem\",\"position\":2,\"name\":\"2018-03-10 Kunnskap e mackt\"}]},{\"@type\":\"WebSite\",\"@id\":\"https:\\\/\\\/wp.kristdemokraterna.se\\\/ydre\\\/#website\",\"url\":\"https:\\\/\\\/wp.kristdemokraterna.se\\\/ydre\\\/\",\"name\":\"Kristdemokraterna i Ydre\",\"description\":\"En till Kristdemokraterna webbplats\",\"inLanguage\":\"sv-SE\"}]}<\/script>\n<!-- \/ Yoast SEO plugin. -->","yoast_head_json":{"title":"2018-03-10 Kunnskap e mackt - Kristdemokraterna i Ydre","robots":{"index":"index","follow":"follow","max-snippet":"max-snippet:-1","max-image-preview":"max-image-preview:large","max-video-preview":"max-video-preview:-1"},"canonical":"https:\/\/wp.kristdemokraterna.se\/ydre\/kunnskap-e-mackt\/","og_locale":"sv_SE","og_type":"article","og_title":"2018-03-10 Kunnskap e mackt - Kristdemokraterna i Ydre","og_description":"Att\u00a0kunskap \u00e4r makt\u00a0\u00e4r v\u00e4l k\u00e4nt, likas\u00e5 att\u00a0makt korrumperar. Betyder det att kunskap korrumperar? Skall vi vara r\u00e4dda f\u00f6r information? Kommunalf\u00f6rbundet ITSAM som bl.a. sk\u00f6ter Ydre kommuns datorer har just skickat ut ett dokument p\u00e5 remiss till oss. Det handlar om informationss\u00e4kerhet. Det vi f\u00e5tt hittills \u00e4r bara allm\u00e4nna ideer. Snart! Vi f\u00e5r veta att\u00a0information \u00e4r L\u00e4s mer","og_url":"https:\/\/wp.kristdemokraterna.se\/ydre\/kunnskap-e-mackt\/","og_site_name":"Kristdemokraterna i Ydre","article_modified_time":"2018-06-17T19:00:57+00:00","og_image":[{"url":"http:\/\/ydrebo.se\/kd\/veckobrev2015\/krokus.JPG","type":"","width":"","height":""}],"twitter_card":"summary_large_image","twitter_misc":{"Ber\u00e4knad l\u00e4stid":"2 minuter"},"schema":{"@context":"https:\/\/schema.org","@graph":[{"@type":"WebPage","@id":"https:\/\/wp.kristdemokraterna.se\/ydre\/kunnskap-e-mackt\/","url":"https:\/\/wp.kristdemokraterna.se\/ydre\/kunnskap-e-mackt\/","name":"2018-03-10 Kunnskap e mackt - Kristdemokraterna i Ydre","isPartOf":{"@id":"https:\/\/wp.kristdemokraterna.se\/ydre\/#website"},"primaryImageOfPage":{"@id":"https:\/\/wp.kristdemokraterna.se\/ydre\/kunnskap-e-mackt\/#primaryimage"},"image":{"@id":"https:\/\/wp.kristdemokraterna.se\/ydre\/kunnskap-e-mackt\/#primaryimage"},"thumbnailUrl":"http:\/\/ydrebo.se\/kd\/veckobrev2015\/krokus.JPG","datePublished":"2018-06-17T19:00:26+00:00","dateModified":"2018-06-17T19:00:57+00:00","breadcrumb":{"@id":"https:\/\/wp.kristdemokraterna.se\/ydre\/kunnskap-e-mackt\/#breadcrumb"},"inLanguage":"sv-SE","potentialAction":[{"@type":"ReadAction","target":["https:\/\/wp.kristdemokraterna.se\/ydre\/kunnskap-e-mackt\/"]}]},{"@type":"ImageObject","inLanguage":"sv-SE","@id":"https:\/\/wp.kristdemokraterna.se\/ydre\/kunnskap-e-mackt\/#primaryimage","url":"http:\/\/ydrebo.se\/kd\/veckobrev2015\/krokus.JPG","contentUrl":"http:\/\/ydrebo.se\/kd\/veckobrev2015\/krokus.JPG"},{"@type":"BreadcrumbList","@id":"https:\/\/wp.kristdemokraterna.se\/ydre\/kunnskap-e-mackt\/#breadcrumb","itemListElement":[{"@type":"ListItem","position":1,"name":"Hem","item":"https:\/\/wp.kristdemokraterna.se\/ydre\/"},{"@type":"ListItem","position":2,"name":"2018-03-10 Kunnskap e mackt"}]},{"@type":"WebSite","@id":"https:\/\/wp.kristdemokraterna.se\/ydre\/#website","url":"https:\/\/wp.kristdemokraterna.se\/ydre\/","name":"Kristdemokraterna i Ydre","description":"En till Kristdemokraterna webbplats","inLanguage":"sv-SE"}]}},"_links":{"self":[{"href":"https:\/\/wp.kristdemokraterna.se\/ydre\/wp-json\/wp\/v2\/pages\/660","targetHints":{"allow":["GET"]}}],"collection":[{"href":"https:\/\/wp.kristdemokraterna.se\/ydre\/wp-json\/wp\/v2\/pages"}],"about":[{"href":"https:\/\/wp.kristdemokraterna.se\/ydre\/wp-json\/wp\/v2\/types\/page"}],"author":[{"embeddable":true,"href":"https:\/\/wp.kristdemokraterna.se\/ydre\/wp-json\/wp\/v2\/users\/793"}],"replies":[{"embeddable":true,"href":"https:\/\/wp.kristdemokraterna.se\/ydre\/wp-json\/wp\/v2\/comments?post=660"}],"version-history":[{"count":3,"href":"https:\/\/wp.kristdemokraterna.se\/ydre\/wp-json\/wp\/v2\/pages\/660\/revisions"}],"predecessor-version":[{"id":663,"href":"https:\/\/wp.kristdemokraterna.se\/ydre\/wp-json\/wp\/v2\/pages\/660\/revisions\/663"}],"wp:attachment":[{"href":"https:\/\/wp.kristdemokraterna.se\/ydre\/wp-json\/wp\/v2\/media?parent=660"}],"curies":[{"name":"wp","href":"https:\/\/api.w.org\/{rel}","templated":true}]}}