{"id":670,"date":"2018-06-17T21:25:01","date_gmt":"2018-06-17T19:25:01","guid":{"rendered":"http:\/\/wp.kristdemokraterna.se\/ydre\/?page_id=670"},"modified":"2018-07-25T18:41:45","modified_gmt":"2018-07-25T16:41:45","slug":"supersommar","status":"publish","type":"page","link":"https:\/\/wp.kristdemokraterna.se\/ydre\/supersommar\/","title":{"rendered":"2014-08-06 Supersommar!"},"content":{"rendered":"<p>Superval\u00e5ret har f\u00e5tt superv\u00e4rme och nu ocks\u00e5 en superskogsbrand i V\u00e4stmanland. Superhettan har varit mycket anstr\u00e4ngande f\u00f6r en del \u00e4ldre t.ex. dem med klent hj\u00e4rta.<br \/>\nMen f\u00f6r det mesta \u00e4r det vintrarna som \u00e4r besv\u00e4rliga f\u00f6r m\u00e5nga pension\u00e4rer. Sn\u00f6 och halka g\u00f6r det sv\u00e5rt att ta sig fram. Somliga s\u00e4tter broddar p\u00e5 skorna, andra tar till stavar, en del g\u00f6r b\u00e5da delarna. Den senaste vintern kunde man se en och annan \u00e5ka spark.<\/p>\n<p><img loading=\"lazy\" decoding=\"async\" src=\"http:\/\/ydrebo.se\/kd\/veckobrev\/snovader.JPG\" width=\"600\" height=\"463\" \/><br \/>\n<i>Vinter i \u00d6sterbymo.<\/i><\/p>\n<p>Varje vinter har det varit n\u00f6dv\u00e4ndigt att tala om f\u00f6r kommunen att det varit glashalt utanf\u00f6r v\u00e5rdcentralen. Det \u00e4r ju inte bra om l\u00e4karen m\u00e5ste ta hand om personer som brutit benet i entr\u00e9n till v\u00e5rdcentralen. Men det skall s\u00e4gas att det ofta varit v\u00e4rre v\u00e4glag i en del grannkommuner.<br \/>\nMen det beh\u00f6vs mycket mer f\u00f6r en bra \u00e4ldrev\u00e5rd. Det s\u00e4gs att de \u00e4ldre skall kunna v\u00e4lja, men h\u00e4r finns i praktiken bara ett alternativ. Det s\u00e4gs vidare att var och en av pension\u00e4rerna skall kunna trivas med det som erbjuds. D\u00e5 \u00e4r det viktigt att vi erbjuder s\u00e5 bra v\u00e5rd som m\u00f6jligt. Vi har ansvar f\u00f6r hemsjukv\u00e5rden, hemtj\u00e4nsten, trygghetsboendet och det s\u00e4rskilda boendet p\u00e5 Sol\u00e4ngen.<br \/>\nEffektivitet i \u00e4ldrev\u00e5rden\u00a0<i>m\u00e5ste<\/i>\u00a0inneb\u00e4ra att s\u00e5 stor andel som m\u00f6jligt av de anst\u00e4lldas arbetstid skall tillbingas hos dem som beh\u00f6ver tj\u00e4nsterna. Detta st\u00e4ller krav p\u00e5 organiserandet och vi m\u00e5ste vara uppm\u00e4rksamma p\u00e5 eventuella problem.<\/p>\n<p><img loading=\"lazy\" decoding=\"async\" src=\"http:\/\/ydrebo.se\/kd\/veckobrev\/solangen.jpg\" width=\"310\" height=\"400\" \/><br \/>\n<i>Sol\u00e4ngen i \u00d6sterbymo.<\/i><\/p>\n<p>F\u00f6r dem som bor p\u00e5 trygghetsboendet och \u00e4nnu mer f\u00f6r dem som bor p\u00e5 Sol\u00e4ngen \u00e4r det viktigt att det finns aktiviteter av olika slag. Ett och annat har f\u00f6rsvunnit p\u00e5 grund av besparingar. Den tendensen m\u00e5ste v\u00e4ndas.<\/p>\n<p><a href=\"http:\/\/wp.kristdemokraterna.se\/ydre\/ett-bra-liv-hela-livet\/\"><b>V\u00e5ra \u00e4ldre skall hela tiden kunna leva ett s\u00e5 rikt liv som m\u00f6jligt.<\/b><\/a><br \/>\n<i>Bengt Malm, ordf.<br \/>\n6 augusti 2014<\/i><\/p>\n<p>P.S. Nyligen fick jag bes\u00f6k fr\u00e5n Sveriges Radio. &#8221;Varf\u00f6r skall ydreborna r\u00f6sta p\u00e5 er?&#8221; var en fr\u00e5ga. Svaret \u00e4r enkelt: Vi vill se till behoven &#8211; s\u00e4rskilt n\u00e4r det g\u00e4ller \u00e4ldrev\u00e5rden och skolan. Det g\u00e5r att samtidigt f\u00f6ra en ansvarsfull ekonomisk politk!<\/p>\n","protected":false},"excerpt":{"rendered":"<p>Superval\u00e5ret har f\u00e5tt superv\u00e4rme och nu ocks\u00e5 en superskogsbrand i V\u00e4stmanland. Superhettan har varit mycket anstr\u00e4ngande f\u00f6r en del \u00e4ldre t.ex. dem med klent hj\u00e4rta. Men f\u00f6r det mesta \u00e4r det vintrarna som \u00e4r besv\u00e4rliga f\u00f6r m\u00e5nga pension\u00e4rer. Sn\u00f6 och halka g\u00f6r det sv\u00e5rt att ta sig fram. Somliga s\u00e4tter broddar p\u00e5 skorna, andra tar <a class=\"read-more-link\" href=\"https:\/\/wp.kristdemokraterna.se\/ydre\/supersommar\/\">L\u00e4s mer<\/a><\/p>\n","protected":false},"author":793,"featured_media":0,"parent":0,"menu_order":0,"comment_status":"closed","ping_status":"closed","template":"","meta":{"_acf_changed":false,"footnotes":""},"class_list":["post-670","page","type-page","status-publish","hentry"],"acf":[],"yoast_head":"<!-- This site is optimized with the Yoast SEO plugin v27.5 - https:\/\/yoast.com\/product\/yoast-seo-wordpress\/ -->\n<title>2014-08-06 Supersommar! - Kristdemokraterna i Ydre<\/title>\n<meta name=\"robots\" content=\"index, follow, max-snippet:-1, max-image-preview:large, max-video-preview:-1\" \/>\n<link rel=\"canonical\" href=\"https:\/\/wp.kristdemokraterna.se\/ydre\/supersommar\/\" \/>\n<meta property=\"og:locale\" content=\"sv_SE\" \/>\n<meta property=\"og:type\" content=\"article\" \/>\n<meta property=\"og:title\" content=\"2014-08-06 Supersommar! - Kristdemokraterna i Ydre\" \/>\n<meta property=\"og:description\" content=\"Superval\u00e5ret har f\u00e5tt superv\u00e4rme och nu ocks\u00e5 en superskogsbrand i V\u00e4stmanland. Superhettan har varit mycket anstr\u00e4ngande f\u00f6r en del \u00e4ldre t.ex. dem med klent hj\u00e4rta. Men f\u00f6r det mesta \u00e4r det vintrarna som \u00e4r besv\u00e4rliga f\u00f6r m\u00e5nga pension\u00e4rer. Sn\u00f6 och halka g\u00f6r det sv\u00e5rt att ta sig fram. Somliga s\u00e4tter broddar p\u00e5 skorna, andra tar L\u00e4s mer\" \/>\n<meta property=\"og:url\" content=\"https:\/\/wp.kristdemokraterna.se\/ydre\/supersommar\/\" \/>\n<meta property=\"og:site_name\" content=\"Kristdemokraterna i Ydre\" \/>\n<meta property=\"article:modified_time\" content=\"2018-07-25T16:41:45+00:00\" \/>\n<meta property=\"og:image\" content=\"http:\/\/ydrebo.se\/kd\/veckobrev\/snovader.JPG\" \/>\n<meta name=\"twitter:card\" content=\"summary_large_image\" \/>\n<meta name=\"twitter:label1\" content=\"Ber\u00e4knad l\u00e4stid\" \/>\n\t<meta name=\"twitter:data1\" content=\"2 minuter\" \/>\n<script type=\"application\/ld+json\" class=\"yoast-schema-graph\">{\"@context\":\"https:\\\/\\\/schema.org\",\"@graph\":[{\"@type\":\"WebPage\",\"@id\":\"https:\\\/\\\/wp.kristdemokraterna.se\\\/ydre\\\/supersommar\\\/\",\"url\":\"https:\\\/\\\/wp.kristdemokraterna.se\\\/ydre\\\/supersommar\\\/\",\"name\":\"2014-08-06 Supersommar! - Kristdemokraterna i Ydre\",\"isPartOf\":{\"@id\":\"https:\\\/\\\/wp.kristdemokraterna.se\\\/ydre\\\/#website\"},\"primaryImageOfPage\":{\"@id\":\"https:\\\/\\\/wp.kristdemokraterna.se\\\/ydre\\\/supersommar\\\/#primaryimage\"},\"image\":{\"@id\":\"https:\\\/\\\/wp.kristdemokraterna.se\\\/ydre\\\/supersommar\\\/#primaryimage\"},\"thumbnailUrl\":\"http:\\\/\\\/ydrebo.se\\\/kd\\\/veckobrev\\\/snovader.JPG\",\"datePublished\":\"2018-06-17T19:25:01+00:00\",\"dateModified\":\"2018-07-25T16:41:45+00:00\",\"breadcrumb\":{\"@id\":\"https:\\\/\\\/wp.kristdemokraterna.se\\\/ydre\\\/supersommar\\\/#breadcrumb\"},\"inLanguage\":\"sv-SE\",\"potentialAction\":[{\"@type\":\"ReadAction\",\"target\":[\"https:\\\/\\\/wp.kristdemokraterna.se\\\/ydre\\\/supersommar\\\/\"]}]},{\"@type\":\"ImageObject\",\"inLanguage\":\"sv-SE\",\"@id\":\"https:\\\/\\\/wp.kristdemokraterna.se\\\/ydre\\\/supersommar\\\/#primaryimage\",\"url\":\"http:\\\/\\\/ydrebo.se\\\/kd\\\/veckobrev\\\/snovader.JPG\",\"contentUrl\":\"http:\\\/\\\/ydrebo.se\\\/kd\\\/veckobrev\\\/snovader.JPG\"},{\"@type\":\"BreadcrumbList\",\"@id\":\"https:\\\/\\\/wp.kristdemokraterna.se\\\/ydre\\\/supersommar\\\/#breadcrumb\",\"itemListElement\":[{\"@type\":\"ListItem\",\"position\":1,\"name\":\"Hem\",\"item\":\"https:\\\/\\\/wp.kristdemokraterna.se\\\/ydre\\\/\"},{\"@type\":\"ListItem\",\"position\":2,\"name\":\"2014-08-06 Supersommar!\"}]},{\"@type\":\"WebSite\",\"@id\":\"https:\\\/\\\/wp.kristdemokraterna.se\\\/ydre\\\/#website\",\"url\":\"https:\\\/\\\/wp.kristdemokraterna.se\\\/ydre\\\/\",\"name\":\"Kristdemokraterna i Ydre\",\"description\":\"En till Kristdemokraterna webbplats\",\"inLanguage\":\"sv-SE\"}]}<\/script>\n<!-- \/ Yoast SEO plugin. -->","yoast_head_json":{"title":"2014-08-06 Supersommar! - Kristdemokraterna i Ydre","robots":{"index":"index","follow":"follow","max-snippet":"max-snippet:-1","max-image-preview":"max-image-preview:large","max-video-preview":"max-video-preview:-1"},"canonical":"https:\/\/wp.kristdemokraterna.se\/ydre\/supersommar\/","og_locale":"sv_SE","og_type":"article","og_title":"2014-08-06 Supersommar! - Kristdemokraterna i Ydre","og_description":"Superval\u00e5ret har f\u00e5tt superv\u00e4rme och nu ocks\u00e5 en superskogsbrand i V\u00e4stmanland. Superhettan har varit mycket anstr\u00e4ngande f\u00f6r en del \u00e4ldre t.ex. dem med klent hj\u00e4rta. Men f\u00f6r det mesta \u00e4r det vintrarna som \u00e4r besv\u00e4rliga f\u00f6r m\u00e5nga pension\u00e4rer. Sn\u00f6 och halka g\u00f6r det sv\u00e5rt att ta sig fram. Somliga s\u00e4tter broddar p\u00e5 skorna, andra tar L\u00e4s mer","og_url":"https:\/\/wp.kristdemokraterna.se\/ydre\/supersommar\/","og_site_name":"Kristdemokraterna i Ydre","article_modified_time":"2018-07-25T16:41:45+00:00","og_image":[{"url":"http:\/\/ydrebo.se\/kd\/veckobrev\/snovader.JPG","type":"","width":"","height":""}],"twitter_card":"summary_large_image","twitter_misc":{"Ber\u00e4knad l\u00e4stid":"2 minuter"},"schema":{"@context":"https:\/\/schema.org","@graph":[{"@type":"WebPage","@id":"https:\/\/wp.kristdemokraterna.se\/ydre\/supersommar\/","url":"https:\/\/wp.kristdemokraterna.se\/ydre\/supersommar\/","name":"2014-08-06 Supersommar! - Kristdemokraterna i Ydre","isPartOf":{"@id":"https:\/\/wp.kristdemokraterna.se\/ydre\/#website"},"primaryImageOfPage":{"@id":"https:\/\/wp.kristdemokraterna.se\/ydre\/supersommar\/#primaryimage"},"image":{"@id":"https:\/\/wp.kristdemokraterna.se\/ydre\/supersommar\/#primaryimage"},"thumbnailUrl":"http:\/\/ydrebo.se\/kd\/veckobrev\/snovader.JPG","datePublished":"2018-06-17T19:25:01+00:00","dateModified":"2018-07-25T16:41:45+00:00","breadcrumb":{"@id":"https:\/\/wp.kristdemokraterna.se\/ydre\/supersommar\/#breadcrumb"},"inLanguage":"sv-SE","potentialAction":[{"@type":"ReadAction","target":["https:\/\/wp.kristdemokraterna.se\/ydre\/supersommar\/"]}]},{"@type":"ImageObject","inLanguage":"sv-SE","@id":"https:\/\/wp.kristdemokraterna.se\/ydre\/supersommar\/#primaryimage","url":"http:\/\/ydrebo.se\/kd\/veckobrev\/snovader.JPG","contentUrl":"http:\/\/ydrebo.se\/kd\/veckobrev\/snovader.JPG"},{"@type":"BreadcrumbList","@id":"https:\/\/wp.kristdemokraterna.se\/ydre\/supersommar\/#breadcrumb","itemListElement":[{"@type":"ListItem","position":1,"name":"Hem","item":"https:\/\/wp.kristdemokraterna.se\/ydre\/"},{"@type":"ListItem","position":2,"name":"2014-08-06 Supersommar!"}]},{"@type":"WebSite","@id":"https:\/\/wp.kristdemokraterna.se\/ydre\/#website","url":"https:\/\/wp.kristdemokraterna.se\/ydre\/","name":"Kristdemokraterna i Ydre","description":"En till Kristdemokraterna webbplats","inLanguage":"sv-SE"}]}},"_links":{"self":[{"href":"https:\/\/wp.kristdemokraterna.se\/ydre\/wp-json\/wp\/v2\/pages\/670","targetHints":{"allow":["GET"]}}],"collection":[{"href":"https:\/\/wp.kristdemokraterna.se\/ydre\/wp-json\/wp\/v2\/pages"}],"about":[{"href":"https:\/\/wp.kristdemokraterna.se\/ydre\/wp-json\/wp\/v2\/types\/page"}],"author":[{"embeddable":true,"href":"https:\/\/wp.kristdemokraterna.se\/ydre\/wp-json\/wp\/v2\/users\/793"}],"replies":[{"embeddable":true,"href":"https:\/\/wp.kristdemokraterna.se\/ydre\/wp-json\/wp\/v2\/comments?post=670"}],"version-history":[{"count":4,"href":"https:\/\/wp.kristdemokraterna.se\/ydre\/wp-json\/wp\/v2\/pages\/670\/revisions"}],"predecessor-version":[{"id":677,"href":"https:\/\/wp.kristdemokraterna.se\/ydre\/wp-json\/wp\/v2\/pages\/670\/revisions\/677"}],"wp:attachment":[{"href":"https:\/\/wp.kristdemokraterna.se\/ydre\/wp-json\/wp\/v2\/media?parent=670"}],"curies":[{"name":"wp","href":"https:\/\/api.w.org\/{rel}","templated":true}]}}