{"id":688,"date":"2018-06-18T20:57:26","date_gmt":"2018-06-18T18:57:26","guid":{"rendered":"http:\/\/wp.kristdemokraterna.se\/ydre\/?page_id=688"},"modified":"2018-06-18T20:57:26","modified_gmt":"2018-06-18T18:57:26","slug":"osterfors-smedja-den-6-augusti-2009","status":"publish","type":"page","link":"https:\/\/wp.kristdemokraterna.se\/ydre\/osterfors-smedja-den-6-augusti-2009\/","title":{"rendered":"\u00d6sterfors smedja den 6 augusti 2009"},"content":{"rendered":"<p><img loading=\"lazy\" decoding=\"async\" src=\"http:\/\/ydrebo.se\/ydre_rundtur\/osterfors_smedja\/2smed.JPG\" alt=\"I \u00d6sterfors smedja i Ydre\" width=\"431\" height=\"576\" \/><\/p>\n<p>I smedjan, i eldens sken, tr\u00e4ffar vi m\u00e4stersmeden som h\u00e5llit p\u00e5 med smide i 58 \u00e5r.<br \/>\nMedan han smidde en krok att h\u00e4nga sm\u00e5prylar p\u00e5 ber\u00e4ttade han om sitt yrke.<\/p>\n<p><img loading=\"lazy\" decoding=\"async\" src=\"http:\/\/ydrebo.se\/ydre_rundtur\/osterfors_smedja\/2smedens_eldsken.JPG\" alt=\"I \u00d6sterfors smedja i Ydre\" width=\"465\" height=\"349\" \/><\/p>\n<p>Elden b\u00e5de v\u00e4rmer och lyser. Den s\u00e4tter ig\u00e5ng min fantasi.<\/p>\n<p><img loading=\"lazy\" decoding=\"async\" src=\"http:\/\/ydrebo.se\/ydre_rundtur\/osterfors_smedja\/2smedens_kaffekanna.JPG\" alt=\"I \u00d6sterfors smedja i Ydre\" width=\"495\" height=\"352\" \/><\/p>\n<p>H\u00e4r har jag f\u00f6r ovanlighetens skull gjort ett montage. Till rekvisitan p\u00e5 h\u00e4llen fanns en kaffepetter.<br \/>\nJag har flyttat in den i eldens hetta. Det var m\u00e5nga hundra grader varmt i stenkolsbrasan.<\/p>\n<p><img loading=\"lazy\" decoding=\"async\" src=\"http:\/\/ydrebo.se\/ydre_rundtur\/osterfors_smedja\/2smedens_kaffepetter.JPG\" alt=\"I \u00d6sterfors smedja i Ydre\" width=\"500\" height=\"477\" \/><\/p>\n<p>Oj d\u00e5, blev det s\u00e5 varmt! T\u00e4nk om kaffepetter brinner upp.<\/p>\n<p>&nbsp;<\/p>\n<p>Om du vill se\u00a0fler bilder fr\u00e5n smedjan\u00a0var jag d\u00e4r f\u00f6rra veckan och tog bilder.<\/p>\n<h2>\u00d6sterfors smedja vid \u00d6sterbymo i Ydre<\/h2>\n<p><span style=\"font-size: large\"><img loading=\"lazy\" decoding=\"async\" title=\"Bulsj\u00f6\u00e5n n\u00e4ra \u00d6sterbymo i Ydre\" src=\"http:\/\/ydrebo.se\/ydre\/smedjan\/osterfors_smedja1.JPG\" alt=\"Bulsj\u00f6\u00e5n n\u00e4ra \u00d6sterbymo i Ydre\" width=\"768\" height=\"576\" \/><\/span><\/p>\n<p>Kommer man p\u00e5 v\u00e4g 134 p\u00e5 v\u00e4g fr\u00e5n Eksj\u00f6 till Kisa kan man ta en paus strax utanf\u00f6r \u00d6sterbymo. D\u00e4r finns en skylt som visar till \u00d6sterfors smedja. Sv\u00e4nger man in p\u00e5 v\u00e4gen kommer man strax till en bro som leder \u00f6ver Bulsj\u00f6\u00e5n. H\u00e4r har jag stannat till.<\/p>\n<p><img loading=\"lazy\" decoding=\"async\" title=\"\u00d6sterfors smedja vid \u00d6sterbymo i Ydre\" src=\"http:\/\/ydrebo.se\/ydre\/smedjan\/osterfors_smedja2.JPG\" alt=\"\u00d6sterfors smedja vid \u00d6sterbymo i Ydre\" width=\"768\" height=\"576\" \/><\/p>\n<p>Smedjan ligger d\u00e4r Bulsj\u00f6\u00e5n g\u00e5r ut i \u00d6sterbysj\u00f6n. G\u00e5r man f\u00f6rbi ing\u00e5ngsd\u00f6rren och fram till den bortre gaveln finns intressanta ting, dels p\u00e5 v\u00e4ggen, dels p\u00e5 marken. G\u00e5rdspumpen \u00e4r gjord av tr\u00e4.<\/p>\n<p><img loading=\"lazy\" decoding=\"async\" title=\"\u00d6sterfors smedja vid \u00d6sterbymo i Ydre\" src=\"http:\/\/ydrebo.se\/ydre\/smedjan\/osterfors_smedja3.JPG\" alt=\"\u00d6sterfors smedja vid \u00d6sterbymo i Ydre\" width=\"768\" height=\"576\" \/><\/p>\n<p>Inne i smedjans dunkel arbetar sedan 14 somrar konstsmeden Bertil Elmqvist n\u00e5gra dagar i veckan varje sommar. Men f\u00f6r tv\u00e5 \u00e5r sedan (2007) regnade det alldeles v\u00e4ldigt mycket och man var tvungen att reglera vattnet i Bulsj\u00f6\u00e5n fr\u00e5n Tran\u00e5s Energi. D\u00e5 gick det p\u00e5 tok. S\u00e5 h\u00e4r s\u00e5g\u00a0den \u00f6versv\u00e4mmade smedjan\u00a0ut.\u00a0 Det gick inte att anv\u00e4nda smedjan p\u00e5 hela sommaren. Golvet var underminerat och delvis bortspolat. Men det mesta gick att r\u00e4dda och nu \u00e4r smedjan \u00e5terst\u00e4lld. V\u00e4rd att ses<\/p>\n<div class=\"imagesection-top-fix\">\n<div id=\"savecancel_top_e892eb5c-717a-42fa-9919-b77286fc5dbb\"><\/div>\n<p><img decoding=\"async\" src=\"https:\/\/cdn.simplesite.com\/i\/8e\/f7\/285415634001524622\/i285415639420134264._szw1280h1280_.jpg\" \/><\/div>\n<div><\/div>\n<p>&nbsp;<\/p>\n<p><img loading=\"lazy\" decoding=\"async\" title=\"\u00d6sterfors smedja vid \u00d6sterbymo i Ydre\" src=\"http:\/\/ydrebo.se\/ydre\/smedjan\/osterfors_smedja4.JPG\" alt=\"\u00d6sterfors smedja vid \u00d6sterbymo i Ydre\" width=\"768\" height=\"576\" \/><\/p>\n<p>En kund har best\u00e4llt ett d\u00f6rrhandtag.<\/p>\n<p><img loading=\"lazy\" decoding=\"async\" title=\"\u00d6sterfors smedja vid \u00d6sterbymo i Ydre\" src=\"http:\/\/ydrebo.se\/ydre\/smedjan\/osterfors_smedja5.JPG\" alt=\"\u00d6sterfors smedja vid \u00d6sterbymo i Ydre\" width=\"768\" height=\"576\" \/><\/p>\n<p>Kolelden b\u00e5de lyser och v\u00e4rmer.<\/p>\n<p><img loading=\"lazy\" decoding=\"async\" title=\"\u00d6sterfors smedja vid \u00d6sterbymo i Ydre\" src=\"http:\/\/ydrebo.se\/ydre\/smedjan\/osterfors_smedja6.JPG\" alt=\"\u00d6sterfors smedja vid \u00d6sterbymo i Ydre\" width=\"768\" height=\"576\" \/><\/p>\n<p>Det finns mycket sev\u00e4rt i smedjan. Dessutom g\u00e5r det att handla \u00e4kta hantverksm\u00e4ssigt gjorda prydnadsf\u00f6rem\u00e5l eller beslag o.dyl.<\/p>\n<p><img loading=\"lazy\" decoding=\"async\" title=\"\u00d6sterfors smedja vid \u00d6sterbymo i Ydre\" src=\"http:\/\/ydrebo.se\/ydre\/smedjan\/osterfors_smedja7.JPG\" alt=\"\u00d6sterfors smedja vid \u00d6sterbymo i Ydre\" width=\"768\" height=\"576\" \/><\/p>\n<p>P\u00e5 andra gaveln kan man l\u00e4sa information om smedjan.<\/p>\n<p><img loading=\"lazy\" decoding=\"async\" title=\"\u00d6sterfors smedja vid \u00d6sterbymo i Ydre\" src=\"http:\/\/ydrebo.se\/ydre\/smedjan\/osterfors_smedja8.JPG\" alt=\"\u00d6sterfors smedja vid \u00d6sterbymo i Ydre\" width=\"768\" height=\"576\" \/><\/p>\n<p>Efter bes\u00f6ket g\u00e5r det att ta sig ett dopp vid badplatsen i \u00d6sterbysj\u00f6n. Men det g\u00e5r inte att ta genv\u00e4gen \u00f6ver g\u00e5ngbron. Den slutar med ett djupt dike d\u00e4r Bulsj\u00f6\u00e5ns vatten br\u00f6t igenom f\u00f6r tv\u00e5 \u00e5r sedan. Men det blir inte m\u00e5nga steg extra om man g\u00e5r k\u00f6rv\u00e4gen.<\/p>\n<p>&nbsp;<\/p>\n","protected":false},"excerpt":{"rendered":"<p>I smedjan, i eldens sken, tr\u00e4ffar vi m\u00e4stersmeden som h\u00e5llit p\u00e5 med smide i 58 \u00e5r. Medan han smidde en krok att h\u00e4nga sm\u00e5prylar p\u00e5 ber\u00e4ttade han om sitt yrke. Elden b\u00e5de v\u00e4rmer och lyser. Den s\u00e4tter ig\u00e5ng min fantasi. H\u00e4r har jag f\u00f6r ovanlighetens skull gjort ett montage. Till rekvisitan p\u00e5 h\u00e4llen fanns en <a class=\"read-more-link\" href=\"https:\/\/wp.kristdemokraterna.se\/ydre\/osterfors-smedja-den-6-augusti-2009\/\">L\u00e4s mer<\/a><\/p>\n","protected":false},"author":793,"featured_media":0,"parent":0,"menu_order":0,"comment_status":"closed","ping_status":"closed","template":"","meta":{"_acf_changed":false,"footnotes":""},"class_list":["post-688","page","type-page","status-publish","hentry"],"acf":[],"yoast_head":"<!-- This site is optimized with the Yoast SEO plugin v27.5 - https:\/\/yoast.com\/product\/yoast-seo-wordpress\/ -->\n<title>\u00d6sterfors smedja den 6 augusti 2009 - Kristdemokraterna i Ydre<\/title>\n<meta name=\"robots\" content=\"index, follow, max-snippet:-1, max-image-preview:large, max-video-preview:-1\" \/>\n<link rel=\"canonical\" href=\"https:\/\/wp.kristdemokraterna.se\/ydre\/osterfors-smedja-den-6-augusti-2009\/\" \/>\n<meta property=\"og:locale\" content=\"sv_SE\" \/>\n<meta property=\"og:type\" content=\"article\" \/>\n<meta property=\"og:title\" content=\"\u00d6sterfors smedja den 6 augusti 2009 - Kristdemokraterna i Ydre\" \/>\n<meta property=\"og:description\" content=\"I smedjan, i eldens sken, tr\u00e4ffar vi m\u00e4stersmeden som h\u00e5llit p\u00e5 med smide i 58 \u00e5r. Medan han smidde en krok att h\u00e4nga sm\u00e5prylar p\u00e5 ber\u00e4ttade han om sitt yrke. Elden b\u00e5de v\u00e4rmer och lyser. Den s\u00e4tter ig\u00e5ng min fantasi. H\u00e4r har jag f\u00f6r ovanlighetens skull gjort ett montage. Till rekvisitan p\u00e5 h\u00e4llen fanns en L\u00e4s mer\" \/>\n<meta property=\"og:url\" content=\"https:\/\/wp.kristdemokraterna.se\/ydre\/osterfors-smedja-den-6-augusti-2009\/\" \/>\n<meta property=\"og:site_name\" content=\"Kristdemokraterna i Ydre\" \/>\n<meta property=\"og:image\" content=\"http:\/\/ydrebo.se\/ydre_rundtur\/osterfors_smedja\/2smed.JPG\" \/>\n<meta name=\"twitter:card\" content=\"summary_large_image\" \/>\n<meta name=\"twitter:label1\" content=\"Ber\u00e4knad l\u00e4stid\" \/>\n\t<meta name=\"twitter:data1\" content=\"2 minuter\" \/>\n<script type=\"application\/ld+json\" class=\"yoast-schema-graph\">{\"@context\":\"https:\\\/\\\/schema.org\",\"@graph\":[{\"@type\":\"WebPage\",\"@id\":\"https:\\\/\\\/wp.kristdemokraterna.se\\\/ydre\\\/osterfors-smedja-den-6-augusti-2009\\\/\",\"url\":\"https:\\\/\\\/wp.kristdemokraterna.se\\\/ydre\\\/osterfors-smedja-den-6-augusti-2009\\\/\",\"name\":\"\u00d6sterfors smedja den 6 augusti 2009 - Kristdemokraterna i Ydre\",\"isPartOf\":{\"@id\":\"https:\\\/\\\/wp.kristdemokraterna.se\\\/ydre\\\/#website\"},\"primaryImageOfPage\":{\"@id\":\"https:\\\/\\\/wp.kristdemokraterna.se\\\/ydre\\\/osterfors-smedja-den-6-augusti-2009\\\/#primaryimage\"},\"image\":{\"@id\":\"https:\\\/\\\/wp.kristdemokraterna.se\\\/ydre\\\/osterfors-smedja-den-6-augusti-2009\\\/#primaryimage\"},\"thumbnailUrl\":\"http:\\\/\\\/ydrebo.se\\\/ydre_rundtur\\\/osterfors_smedja\\\/2smed.JPG\",\"datePublished\":\"2018-06-18T18:57:26+00:00\",\"breadcrumb\":{\"@id\":\"https:\\\/\\\/wp.kristdemokraterna.se\\\/ydre\\\/osterfors-smedja-den-6-augusti-2009\\\/#breadcrumb\"},\"inLanguage\":\"sv-SE\",\"potentialAction\":[{\"@type\":\"ReadAction\",\"target\":[\"https:\\\/\\\/wp.kristdemokraterna.se\\\/ydre\\\/osterfors-smedja-den-6-augusti-2009\\\/\"]}]},{\"@type\":\"ImageObject\",\"inLanguage\":\"sv-SE\",\"@id\":\"https:\\\/\\\/wp.kristdemokraterna.se\\\/ydre\\\/osterfors-smedja-den-6-augusti-2009\\\/#primaryimage\",\"url\":\"http:\\\/\\\/ydrebo.se\\\/ydre_rundtur\\\/osterfors_smedja\\\/2smed.JPG\",\"contentUrl\":\"http:\\\/\\\/ydrebo.se\\\/ydre_rundtur\\\/osterfors_smedja\\\/2smed.JPG\"},{\"@type\":\"BreadcrumbList\",\"@id\":\"https:\\\/\\\/wp.kristdemokraterna.se\\\/ydre\\\/osterfors-smedja-den-6-augusti-2009\\\/#breadcrumb\",\"itemListElement\":[{\"@type\":\"ListItem\",\"position\":1,\"name\":\"Hem\",\"item\":\"https:\\\/\\\/wp.kristdemokraterna.se\\\/ydre\\\/\"},{\"@type\":\"ListItem\",\"position\":2,\"name\":\"\u00d6sterfors smedja den 6 augusti 2009\"}]},{\"@type\":\"WebSite\",\"@id\":\"https:\\\/\\\/wp.kristdemokraterna.se\\\/ydre\\\/#website\",\"url\":\"https:\\\/\\\/wp.kristdemokraterna.se\\\/ydre\\\/\",\"name\":\"Kristdemokraterna i Ydre\",\"description\":\"En till Kristdemokraterna webbplats\",\"inLanguage\":\"sv-SE\"}]}<\/script>\n<!-- \/ Yoast SEO plugin. -->","yoast_head_json":{"title":"\u00d6sterfors smedja den 6 augusti 2009 - Kristdemokraterna i Ydre","robots":{"index":"index","follow":"follow","max-snippet":"max-snippet:-1","max-image-preview":"max-image-preview:large","max-video-preview":"max-video-preview:-1"},"canonical":"https:\/\/wp.kristdemokraterna.se\/ydre\/osterfors-smedja-den-6-augusti-2009\/","og_locale":"sv_SE","og_type":"article","og_title":"\u00d6sterfors smedja den 6 augusti 2009 - Kristdemokraterna i Ydre","og_description":"I smedjan, i eldens sken, tr\u00e4ffar vi m\u00e4stersmeden som h\u00e5llit p\u00e5 med smide i 58 \u00e5r. Medan han smidde en krok att h\u00e4nga sm\u00e5prylar p\u00e5 ber\u00e4ttade han om sitt yrke. Elden b\u00e5de v\u00e4rmer och lyser. Den s\u00e4tter ig\u00e5ng min fantasi. H\u00e4r har jag f\u00f6r ovanlighetens skull gjort ett montage. Till rekvisitan p\u00e5 h\u00e4llen fanns en L\u00e4s mer","og_url":"https:\/\/wp.kristdemokraterna.se\/ydre\/osterfors-smedja-den-6-augusti-2009\/","og_site_name":"Kristdemokraterna i Ydre","og_image":[{"url":"http:\/\/ydrebo.se\/ydre_rundtur\/osterfors_smedja\/2smed.JPG","type":"","width":"","height":""}],"twitter_card":"summary_large_image","twitter_misc":{"Ber\u00e4knad l\u00e4stid":"2 minuter"},"schema":{"@context":"https:\/\/schema.org","@graph":[{"@type":"WebPage","@id":"https:\/\/wp.kristdemokraterna.se\/ydre\/osterfors-smedja-den-6-augusti-2009\/","url":"https:\/\/wp.kristdemokraterna.se\/ydre\/osterfors-smedja-den-6-augusti-2009\/","name":"\u00d6sterfors smedja den 6 augusti 2009 - Kristdemokraterna i Ydre","isPartOf":{"@id":"https:\/\/wp.kristdemokraterna.se\/ydre\/#website"},"primaryImageOfPage":{"@id":"https:\/\/wp.kristdemokraterna.se\/ydre\/osterfors-smedja-den-6-augusti-2009\/#primaryimage"},"image":{"@id":"https:\/\/wp.kristdemokraterna.se\/ydre\/osterfors-smedja-den-6-augusti-2009\/#primaryimage"},"thumbnailUrl":"http:\/\/ydrebo.se\/ydre_rundtur\/osterfors_smedja\/2smed.JPG","datePublished":"2018-06-18T18:57:26+00:00","breadcrumb":{"@id":"https:\/\/wp.kristdemokraterna.se\/ydre\/osterfors-smedja-den-6-augusti-2009\/#breadcrumb"},"inLanguage":"sv-SE","potentialAction":[{"@type":"ReadAction","target":["https:\/\/wp.kristdemokraterna.se\/ydre\/osterfors-smedja-den-6-augusti-2009\/"]}]},{"@type":"ImageObject","inLanguage":"sv-SE","@id":"https:\/\/wp.kristdemokraterna.se\/ydre\/osterfors-smedja-den-6-augusti-2009\/#primaryimage","url":"http:\/\/ydrebo.se\/ydre_rundtur\/osterfors_smedja\/2smed.JPG","contentUrl":"http:\/\/ydrebo.se\/ydre_rundtur\/osterfors_smedja\/2smed.JPG"},{"@type":"BreadcrumbList","@id":"https:\/\/wp.kristdemokraterna.se\/ydre\/osterfors-smedja-den-6-augusti-2009\/#breadcrumb","itemListElement":[{"@type":"ListItem","position":1,"name":"Hem","item":"https:\/\/wp.kristdemokraterna.se\/ydre\/"},{"@type":"ListItem","position":2,"name":"\u00d6sterfors smedja den 6 augusti 2009"}]},{"@type":"WebSite","@id":"https:\/\/wp.kristdemokraterna.se\/ydre\/#website","url":"https:\/\/wp.kristdemokraterna.se\/ydre\/","name":"Kristdemokraterna i Ydre","description":"En till Kristdemokraterna webbplats","inLanguage":"sv-SE"}]}},"_links":{"self":[{"href":"https:\/\/wp.kristdemokraterna.se\/ydre\/wp-json\/wp\/v2\/pages\/688","targetHints":{"allow":["GET"]}}],"collection":[{"href":"https:\/\/wp.kristdemokraterna.se\/ydre\/wp-json\/wp\/v2\/pages"}],"about":[{"href":"https:\/\/wp.kristdemokraterna.se\/ydre\/wp-json\/wp\/v2\/types\/page"}],"author":[{"embeddable":true,"href":"https:\/\/wp.kristdemokraterna.se\/ydre\/wp-json\/wp\/v2\/users\/793"}],"replies":[{"embeddable":true,"href":"https:\/\/wp.kristdemokraterna.se\/ydre\/wp-json\/wp\/v2\/comments?post=688"}],"version-history":[{"count":1,"href":"https:\/\/wp.kristdemokraterna.se\/ydre\/wp-json\/wp\/v2\/pages\/688\/revisions"}],"predecessor-version":[{"id":689,"href":"https:\/\/wp.kristdemokraterna.se\/ydre\/wp-json\/wp\/v2\/pages\/688\/revisions\/689"}],"wp:attachment":[{"href":"https:\/\/wp.kristdemokraterna.se\/ydre\/wp-json\/wp\/v2\/media?parent=688"}],"curies":[{"name":"wp","href":"https:\/\/api.w.org\/{rel}","templated":true}]}}