{"id":694,"date":"2018-06-18T21:04:52","date_gmt":"2018-06-18T19:04:52","guid":{"rendered":"http:\/\/wp.kristdemokraterna.se\/ydre\/?page_id=694"},"modified":"2018-06-18T21:05:21","modified_gmt":"2018-06-18T19:05:21","slug":"kungabordet-i-norra-vi-den-6-augusti-2009","status":"publish","type":"page","link":"https:\/\/wp.kristdemokraterna.se\/ydre\/kungabordet-i-norra-vi-den-6-augusti-2009\/","title":{"rendered":"Kungabordet i Norra vi den 6 augusti 2009"},"content":{"rendered":"<p><span style=\"font-size: large\"><img loading=\"lazy\" decoding=\"async\" src=\"http:\/\/ydrebo.se\/ydre_rundtur\/kungabordet\/ydre_kungabordet1.JPG\" alt=\"Kungabordet i Norra Vi i Ydre\" width=\"768\" height=\"575\" \/><br \/>\n<\/span>H\u00e4r \u00e5t kung Gustaf VI Adolf med s\u00e4llskap lunch 1953. Han var p\u00e5 en Eriksgata genom Ydre.<\/p>\n<p><img loading=\"lazy\" decoding=\"async\" src=\"http:\/\/ydrebo.se\/ydre_rundtur\/kungabordet\/ydre_kungabordet3.JPG\" alt=\"Kungabordet i Norra Vi i Ydre\" width=\"768\" height=\"384\" \/><\/p>\n<p><span style=\"font-size: large\">I dag ser utsikten fr\u00e5n Vassviksberget i Norra Vi ut s\u00e5 h\u00e4r. Det var f\u00f6rmodligen mycket vackert att se ut \u00f6ver sj\u00f6n Sommen ocks\u00e5 n\u00e4r kungen fick en lunchpaus h\u00e4r. Det finns mycket vackert att se och g\u00f6ra runt Sommen. \u00c5terv\u00e4nd till rundturen f\u00f6r n\u00e4sta bes\u00f6k som blev vid Torp\u00f6ns f\u00e4rjel\u00e4ge ocks\u00e5 det vid sj\u00f6n Sommen.<\/span><\/p>\n","protected":false},"excerpt":{"rendered":"<p>H\u00e4r \u00e5t kung Gustaf VI Adolf med s\u00e4llskap lunch 1953. Han var p\u00e5 en Eriksgata genom Ydre. I dag ser utsikten fr\u00e5n Vassviksberget i Norra Vi ut s\u00e5 h\u00e4r. Det var f\u00f6rmodligen mycket vackert att se ut \u00f6ver sj\u00f6n Sommen ocks\u00e5 n\u00e4r kungen fick en lunchpaus h\u00e4r. Det finns mycket vackert att se och g\u00f6ra <a class=\"read-more-link\" href=\"https:\/\/wp.kristdemokraterna.se\/ydre\/kungabordet-i-norra-vi-den-6-augusti-2009\/\">L\u00e4s mer<\/a><\/p>\n","protected":false},"author":793,"featured_media":0,"parent":0,"menu_order":0,"comment_status":"closed","ping_status":"closed","template":"","meta":{"_acf_changed":false,"footnotes":""},"class_list":["post-694","page","type-page","status-publish","hentry"],"acf":[],"yoast_head":"<!-- This site is optimized with the Yoast SEO plugin v27.5 - https:\/\/yoast.com\/product\/yoast-seo-wordpress\/ -->\n<title>Kungabordet i Norra vi den 6 augusti 2009 - Kristdemokraterna i Ydre<\/title>\n<meta name=\"robots\" content=\"index, follow, max-snippet:-1, max-image-preview:large, max-video-preview:-1\" \/>\n<link rel=\"canonical\" href=\"https:\/\/wp.kristdemokraterna.se\/ydre\/kungabordet-i-norra-vi-den-6-augusti-2009\/\" \/>\n<meta property=\"og:locale\" content=\"sv_SE\" \/>\n<meta property=\"og:type\" content=\"article\" \/>\n<meta property=\"og:title\" content=\"Kungabordet i Norra vi den 6 augusti 2009 - Kristdemokraterna i Ydre\" \/>\n<meta property=\"og:description\" content=\"H\u00e4r \u00e5t kung Gustaf VI Adolf med s\u00e4llskap lunch 1953. Han var p\u00e5 en Eriksgata genom Ydre. I dag ser utsikten fr\u00e5n Vassviksberget i Norra Vi ut s\u00e5 h\u00e4r. Det var f\u00f6rmodligen mycket vackert att se ut \u00f6ver sj\u00f6n Sommen ocks\u00e5 n\u00e4r kungen fick en lunchpaus h\u00e4r. Det finns mycket vackert att se och g\u00f6ra L\u00e4s mer\" \/>\n<meta property=\"og:url\" content=\"https:\/\/wp.kristdemokraterna.se\/ydre\/kungabordet-i-norra-vi-den-6-augusti-2009\/\" \/>\n<meta property=\"og:site_name\" content=\"Kristdemokraterna i Ydre\" \/>\n<meta property=\"article:modified_time\" content=\"2018-06-18T19:05:21+00:00\" \/>\n<meta property=\"og:image\" content=\"http:\/\/ydrebo.se\/ydre_rundtur\/kungabordet\/ydre_kungabordet1.JPG\" \/>\n<meta name=\"twitter:card\" content=\"summary_large_image\" \/>\n<script type=\"application\/ld+json\" class=\"yoast-schema-graph\">{\"@context\":\"https:\\\/\\\/schema.org\",\"@graph\":[{\"@type\":\"WebPage\",\"@id\":\"https:\\\/\\\/wp.kristdemokraterna.se\\\/ydre\\\/kungabordet-i-norra-vi-den-6-augusti-2009\\\/\",\"url\":\"https:\\\/\\\/wp.kristdemokraterna.se\\\/ydre\\\/kungabordet-i-norra-vi-den-6-augusti-2009\\\/\",\"name\":\"Kungabordet i Norra vi den 6 augusti 2009 - Kristdemokraterna i Ydre\",\"isPartOf\":{\"@id\":\"https:\\\/\\\/wp.kristdemokraterna.se\\\/ydre\\\/#website\"},\"primaryImageOfPage\":{\"@id\":\"https:\\\/\\\/wp.kristdemokraterna.se\\\/ydre\\\/kungabordet-i-norra-vi-den-6-augusti-2009\\\/#primaryimage\"},\"image\":{\"@id\":\"https:\\\/\\\/wp.kristdemokraterna.se\\\/ydre\\\/kungabordet-i-norra-vi-den-6-augusti-2009\\\/#primaryimage\"},\"thumbnailUrl\":\"http:\\\/\\\/ydrebo.se\\\/ydre_rundtur\\\/kungabordet\\\/ydre_kungabordet1.JPG\",\"datePublished\":\"2018-06-18T19:04:52+00:00\",\"dateModified\":\"2018-06-18T19:05:21+00:00\",\"breadcrumb\":{\"@id\":\"https:\\\/\\\/wp.kristdemokraterna.se\\\/ydre\\\/kungabordet-i-norra-vi-den-6-augusti-2009\\\/#breadcrumb\"},\"inLanguage\":\"sv-SE\",\"potentialAction\":[{\"@type\":\"ReadAction\",\"target\":[\"https:\\\/\\\/wp.kristdemokraterna.se\\\/ydre\\\/kungabordet-i-norra-vi-den-6-augusti-2009\\\/\"]}]},{\"@type\":\"ImageObject\",\"inLanguage\":\"sv-SE\",\"@id\":\"https:\\\/\\\/wp.kristdemokraterna.se\\\/ydre\\\/kungabordet-i-norra-vi-den-6-augusti-2009\\\/#primaryimage\",\"url\":\"http:\\\/\\\/ydrebo.se\\\/ydre_rundtur\\\/kungabordet\\\/ydre_kungabordet1.JPG\",\"contentUrl\":\"http:\\\/\\\/ydrebo.se\\\/ydre_rundtur\\\/kungabordet\\\/ydre_kungabordet1.JPG\"},{\"@type\":\"BreadcrumbList\",\"@id\":\"https:\\\/\\\/wp.kristdemokraterna.se\\\/ydre\\\/kungabordet-i-norra-vi-den-6-augusti-2009\\\/#breadcrumb\",\"itemListElement\":[{\"@type\":\"ListItem\",\"position\":1,\"name\":\"Hem\",\"item\":\"https:\\\/\\\/wp.kristdemokraterna.se\\\/ydre\\\/\"},{\"@type\":\"ListItem\",\"position\":2,\"name\":\"Kungabordet i Norra vi den 6 augusti 2009\"}]},{\"@type\":\"WebSite\",\"@id\":\"https:\\\/\\\/wp.kristdemokraterna.se\\\/ydre\\\/#website\",\"url\":\"https:\\\/\\\/wp.kristdemokraterna.se\\\/ydre\\\/\",\"name\":\"Kristdemokraterna i Ydre\",\"description\":\"En till Kristdemokraterna webbplats\",\"inLanguage\":\"sv-SE\"}]}<\/script>\n<!-- \/ Yoast SEO plugin. -->","yoast_head_json":{"title":"Kungabordet i Norra vi den 6 augusti 2009 - Kristdemokraterna i Ydre","robots":{"index":"index","follow":"follow","max-snippet":"max-snippet:-1","max-image-preview":"max-image-preview:large","max-video-preview":"max-video-preview:-1"},"canonical":"https:\/\/wp.kristdemokraterna.se\/ydre\/kungabordet-i-norra-vi-den-6-augusti-2009\/","og_locale":"sv_SE","og_type":"article","og_title":"Kungabordet i Norra vi den 6 augusti 2009 - Kristdemokraterna i Ydre","og_description":"H\u00e4r \u00e5t kung Gustaf VI Adolf med s\u00e4llskap lunch 1953. Han var p\u00e5 en Eriksgata genom Ydre. I dag ser utsikten fr\u00e5n Vassviksberget i Norra Vi ut s\u00e5 h\u00e4r. Det var f\u00f6rmodligen mycket vackert att se ut \u00f6ver sj\u00f6n Sommen ocks\u00e5 n\u00e4r kungen fick en lunchpaus h\u00e4r. Det finns mycket vackert att se och g\u00f6ra L\u00e4s mer","og_url":"https:\/\/wp.kristdemokraterna.se\/ydre\/kungabordet-i-norra-vi-den-6-augusti-2009\/","og_site_name":"Kristdemokraterna i Ydre","article_modified_time":"2018-06-18T19:05:21+00:00","og_image":[{"url":"http:\/\/ydrebo.se\/ydre_rundtur\/kungabordet\/ydre_kungabordet1.JPG","type":"","width":"","height":""}],"twitter_card":"summary_large_image","schema":{"@context":"https:\/\/schema.org","@graph":[{"@type":"WebPage","@id":"https:\/\/wp.kristdemokraterna.se\/ydre\/kungabordet-i-norra-vi-den-6-augusti-2009\/","url":"https:\/\/wp.kristdemokraterna.se\/ydre\/kungabordet-i-norra-vi-den-6-augusti-2009\/","name":"Kungabordet i Norra vi den 6 augusti 2009 - Kristdemokraterna i Ydre","isPartOf":{"@id":"https:\/\/wp.kristdemokraterna.se\/ydre\/#website"},"primaryImageOfPage":{"@id":"https:\/\/wp.kristdemokraterna.se\/ydre\/kungabordet-i-norra-vi-den-6-augusti-2009\/#primaryimage"},"image":{"@id":"https:\/\/wp.kristdemokraterna.se\/ydre\/kungabordet-i-norra-vi-den-6-augusti-2009\/#primaryimage"},"thumbnailUrl":"http:\/\/ydrebo.se\/ydre_rundtur\/kungabordet\/ydre_kungabordet1.JPG","datePublished":"2018-06-18T19:04:52+00:00","dateModified":"2018-06-18T19:05:21+00:00","breadcrumb":{"@id":"https:\/\/wp.kristdemokraterna.se\/ydre\/kungabordet-i-norra-vi-den-6-augusti-2009\/#breadcrumb"},"inLanguage":"sv-SE","potentialAction":[{"@type":"ReadAction","target":["https:\/\/wp.kristdemokraterna.se\/ydre\/kungabordet-i-norra-vi-den-6-augusti-2009\/"]}]},{"@type":"ImageObject","inLanguage":"sv-SE","@id":"https:\/\/wp.kristdemokraterna.se\/ydre\/kungabordet-i-norra-vi-den-6-augusti-2009\/#primaryimage","url":"http:\/\/ydrebo.se\/ydre_rundtur\/kungabordet\/ydre_kungabordet1.JPG","contentUrl":"http:\/\/ydrebo.se\/ydre_rundtur\/kungabordet\/ydre_kungabordet1.JPG"},{"@type":"BreadcrumbList","@id":"https:\/\/wp.kristdemokraterna.se\/ydre\/kungabordet-i-norra-vi-den-6-augusti-2009\/#breadcrumb","itemListElement":[{"@type":"ListItem","position":1,"name":"Hem","item":"https:\/\/wp.kristdemokraterna.se\/ydre\/"},{"@type":"ListItem","position":2,"name":"Kungabordet i Norra vi den 6 augusti 2009"}]},{"@type":"WebSite","@id":"https:\/\/wp.kristdemokraterna.se\/ydre\/#website","url":"https:\/\/wp.kristdemokraterna.se\/ydre\/","name":"Kristdemokraterna i Ydre","description":"En till Kristdemokraterna webbplats","inLanguage":"sv-SE"}]}},"_links":{"self":[{"href":"https:\/\/wp.kristdemokraterna.se\/ydre\/wp-json\/wp\/v2\/pages\/694","targetHints":{"allow":["GET"]}}],"collection":[{"href":"https:\/\/wp.kristdemokraterna.se\/ydre\/wp-json\/wp\/v2\/pages"}],"about":[{"href":"https:\/\/wp.kristdemokraterna.se\/ydre\/wp-json\/wp\/v2\/types\/page"}],"author":[{"embeddable":true,"href":"https:\/\/wp.kristdemokraterna.se\/ydre\/wp-json\/wp\/v2\/users\/793"}],"replies":[{"embeddable":true,"href":"https:\/\/wp.kristdemokraterna.se\/ydre\/wp-json\/wp\/v2\/comments?post=694"}],"version-history":[{"count":3,"href":"https:\/\/wp.kristdemokraterna.se\/ydre\/wp-json\/wp\/v2\/pages\/694\/revisions"}],"predecessor-version":[{"id":697,"href":"https:\/\/wp.kristdemokraterna.se\/ydre\/wp-json\/wp\/v2\/pages\/694\/revisions\/697"}],"wp:attachment":[{"href":"https:\/\/wp.kristdemokraterna.se\/ydre\/wp-json\/wp\/v2\/media?parent=694"}],"curies":[{"name":"wp","href":"https:\/\/api.w.org\/{rel}","templated":true}]}}