{"id":699,"date":"2018-06-18T21:07:32","date_gmt":"2018-06-18T19:07:32","guid":{"rendered":"http:\/\/wp.kristdemokraterna.se\/ydre\/?page_id=699"},"modified":"2018-06-18T21:07:32","modified_gmt":"2018-06-18T19:07:32","slug":"torpons-farjelage-och-sjon-sommens-naturum-den-6-augusti-2009","status":"publish","type":"page","link":"https:\/\/wp.kristdemokraterna.se\/ydre\/torpons-farjelage-och-sjon-sommens-naturum-den-6-augusti-2009\/","title":{"rendered":"Torp\u00f6ns f\u00e4rjel\u00e4ge och Sj\u00f6n Sommens Naturum den 6 augusti 2009"},"content":{"rendered":"<p><img loading=\"lazy\" decoding=\"async\" src=\"http:\/\/ydrebo.se\/ydre_rundtur\/torpon\/torpons_farjelage2.JPG\" alt=\"Karls\u00f6 vid Torp\u00f6n i Ydre\" width=\"768\" height=\"576\" \/><\/p>\n<p>Karls\u00f6, Ydres nordligaste punkt, ligger stax utanf\u00f6r f\u00e4rjel\u00e4get vid Torp\u00f6n.<\/p>\n<p><img loading=\"lazy\" decoding=\"async\" src=\"http:\/\/ydrebo.se\/ydre_rundtur\/torpon\/torpons_farjelage3.JPG\" alt=\"Sommaskep vid Torp\u00f6ns f\u00e4rjel\u00e4ge i Ydre\" width=\"768\" height=\"576\" \/><\/p>\n<p>B\u00e5ten, ett sommaskep, \u00e4r ett nybygge. Det \u00e4r en traditionell b\u00e5ttyp f\u00f6r sj\u00f6n Sommen.<\/p>\n<p><img loading=\"lazy\" decoding=\"async\" src=\"http:\/\/ydrebo.se\/ydre_rundtur\/torpon\/torpons_farjelage4.JPG\" alt=\"Skylt p\u00e5 sommaskep vid Torp\u00f6ns f\u00e4rjel\u00e4ge i Ydre\" width=\"768\" height=\"483\" \/><\/p>\n<p>H\u00e4r st\u00e5r namnet p\u00e5 b\u00e5tbyggaren.<\/p>\n<p><img loading=\"lazy\" decoding=\"async\" src=\"http:\/\/ydrebo.se\/ydre_rundtur\/torpon\/sjon_sommens_naturum1.JPG\" alt=\"Kolryss vid Sj\u00f6n Sommens Naturum p\u00e5 Torp\u00f6n i Ydre\" width=\"768\" height=\"576\" \/><\/p>\n<p>Utanf\u00f6r Sj\u00f6n Sommens Naturum st\u00e5r en kolryss uppst\u00e4lld..<\/p>\n<p><img loading=\"lazy\" decoding=\"async\" src=\"http:\/\/ydrebo.se\/ydre_rundtur\/torpon\/sjon_sommens_naturum2.JPG\" alt=\"Skylt p\u00e5 kolryss vid Sj\u00f6n Sommens Naturum p\u00e5 Torp\u00f6n i Ydre\" width=\"768\" height=\"576\" \/><\/p>\n<p>P\u00e5 skylten kan man l\u00e4sa mer om kolryssen.<\/p>\n<p><img loading=\"lazy\" decoding=\"async\" src=\"http:\/\/ydrebo.se\/ydre_rundtur\/torpon\/sjon_sommens_naturum3.JPG\" alt=\"Kr\u00e4ftor i akvarium p\u00e5 Sj\u00f6n Sommens Naturum p\u00e5 Torp\u00f6n i Ydre\" width=\"768\" height=\"575\" \/><\/p>\n<p>Inne i Naturum finns bl.a. ett akvarium. I det finns samlat fiskar som f\u00f6rekommer i Sommen.<br \/>\nP\u00e5 stubbarna finns kr\u00e4ftor. De matas med d\u00f6da fiskar vilket \u00e4r deras naturliga f\u00f6da.<\/p>\n","protected":false},"excerpt":{"rendered":"<p>Karls\u00f6, Ydres nordligaste punkt, ligger stax utanf\u00f6r f\u00e4rjel\u00e4get vid Torp\u00f6n. B\u00e5ten, ett sommaskep, \u00e4r ett nybygge. Det \u00e4r en traditionell b\u00e5ttyp f\u00f6r sj\u00f6n Sommen. H\u00e4r st\u00e5r namnet p\u00e5 b\u00e5tbyggaren. Utanf\u00f6r Sj\u00f6n Sommens Naturum st\u00e5r en kolryss uppst\u00e4lld.. P\u00e5 skylten kan man l\u00e4sa mer om kolryssen. Inne i Naturum finns bl.a. ett akvarium. I det finns <a class=\"read-more-link\" href=\"https:\/\/wp.kristdemokraterna.se\/ydre\/torpons-farjelage-och-sjon-sommens-naturum-den-6-augusti-2009\/\">L\u00e4s mer<\/a><\/p>\n","protected":false},"author":793,"featured_media":0,"parent":0,"menu_order":0,"comment_status":"closed","ping_status":"closed","template":"","meta":{"_acf_changed":false,"footnotes":""},"class_list":["post-699","page","type-page","status-publish","hentry"],"acf":[],"yoast_head":"<!-- This site is optimized with the Yoast SEO plugin v27.5 - https:\/\/yoast.com\/product\/yoast-seo-wordpress\/ -->\n<title>Torp\u00f6ns f\u00e4rjel\u00e4ge och Sj\u00f6n Sommens Naturum den 6 augusti 2009 - Kristdemokraterna i Ydre<\/title>\n<meta name=\"robots\" content=\"index, follow, max-snippet:-1, max-image-preview:large, max-video-preview:-1\" \/>\n<link rel=\"canonical\" href=\"https:\/\/wp.kristdemokraterna.se\/ydre\/torpons-farjelage-och-sjon-sommens-naturum-den-6-augusti-2009\/\" \/>\n<meta property=\"og:locale\" content=\"sv_SE\" \/>\n<meta property=\"og:type\" content=\"article\" \/>\n<meta property=\"og:title\" content=\"Torp\u00f6ns f\u00e4rjel\u00e4ge och Sj\u00f6n Sommens Naturum den 6 augusti 2009 - Kristdemokraterna i Ydre\" \/>\n<meta property=\"og:description\" content=\"Karls\u00f6, Ydres nordligaste punkt, ligger stax utanf\u00f6r f\u00e4rjel\u00e4get vid Torp\u00f6n. B\u00e5ten, ett sommaskep, \u00e4r ett nybygge. Det \u00e4r en traditionell b\u00e5ttyp f\u00f6r sj\u00f6n Sommen. H\u00e4r st\u00e5r namnet p\u00e5 b\u00e5tbyggaren. Utanf\u00f6r Sj\u00f6n Sommens Naturum st\u00e5r en kolryss uppst\u00e4lld.. P\u00e5 skylten kan man l\u00e4sa mer om kolryssen. Inne i Naturum finns bl.a. ett akvarium. I det finns L\u00e4s mer\" \/>\n<meta property=\"og:url\" content=\"https:\/\/wp.kristdemokraterna.se\/ydre\/torpons-farjelage-och-sjon-sommens-naturum-den-6-augusti-2009\/\" \/>\n<meta property=\"og:site_name\" content=\"Kristdemokraterna i Ydre\" \/>\n<meta property=\"og:image\" content=\"http:\/\/ydrebo.se\/ydre_rundtur\/torpon\/torpons_farjelage2.JPG\" \/>\n<meta name=\"twitter:card\" content=\"summary_large_image\" \/>\n<script type=\"application\/ld+json\" class=\"yoast-schema-graph\">{\"@context\":\"https:\\\/\\\/schema.org\",\"@graph\":[{\"@type\":\"WebPage\",\"@id\":\"https:\\\/\\\/wp.kristdemokraterna.se\\\/ydre\\\/torpons-farjelage-och-sjon-sommens-naturum-den-6-augusti-2009\\\/\",\"url\":\"https:\\\/\\\/wp.kristdemokraterna.se\\\/ydre\\\/torpons-farjelage-och-sjon-sommens-naturum-den-6-augusti-2009\\\/\",\"name\":\"Torp\u00f6ns f\u00e4rjel\u00e4ge och Sj\u00f6n Sommens Naturum den 6 augusti 2009 - Kristdemokraterna i Ydre\",\"isPartOf\":{\"@id\":\"https:\\\/\\\/wp.kristdemokraterna.se\\\/ydre\\\/#website\"},\"primaryImageOfPage\":{\"@id\":\"https:\\\/\\\/wp.kristdemokraterna.se\\\/ydre\\\/torpons-farjelage-och-sjon-sommens-naturum-den-6-augusti-2009\\\/#primaryimage\"},\"image\":{\"@id\":\"https:\\\/\\\/wp.kristdemokraterna.se\\\/ydre\\\/torpons-farjelage-och-sjon-sommens-naturum-den-6-augusti-2009\\\/#primaryimage\"},\"thumbnailUrl\":\"http:\\\/\\\/ydrebo.se\\\/ydre_rundtur\\\/torpon\\\/torpons_farjelage2.JPG\",\"datePublished\":\"2018-06-18T19:07:32+00:00\",\"breadcrumb\":{\"@id\":\"https:\\\/\\\/wp.kristdemokraterna.se\\\/ydre\\\/torpons-farjelage-och-sjon-sommens-naturum-den-6-augusti-2009\\\/#breadcrumb\"},\"inLanguage\":\"sv-SE\",\"potentialAction\":[{\"@type\":\"ReadAction\",\"target\":[\"https:\\\/\\\/wp.kristdemokraterna.se\\\/ydre\\\/torpons-farjelage-och-sjon-sommens-naturum-den-6-augusti-2009\\\/\"]}]},{\"@type\":\"ImageObject\",\"inLanguage\":\"sv-SE\",\"@id\":\"https:\\\/\\\/wp.kristdemokraterna.se\\\/ydre\\\/torpons-farjelage-och-sjon-sommens-naturum-den-6-augusti-2009\\\/#primaryimage\",\"url\":\"http:\\\/\\\/ydrebo.se\\\/ydre_rundtur\\\/torpon\\\/torpons_farjelage2.JPG\",\"contentUrl\":\"http:\\\/\\\/ydrebo.se\\\/ydre_rundtur\\\/torpon\\\/torpons_farjelage2.JPG\"},{\"@type\":\"BreadcrumbList\",\"@id\":\"https:\\\/\\\/wp.kristdemokraterna.se\\\/ydre\\\/torpons-farjelage-och-sjon-sommens-naturum-den-6-augusti-2009\\\/#breadcrumb\",\"itemListElement\":[{\"@type\":\"ListItem\",\"position\":1,\"name\":\"Hem\",\"item\":\"https:\\\/\\\/wp.kristdemokraterna.se\\\/ydre\\\/\"},{\"@type\":\"ListItem\",\"position\":2,\"name\":\"Torp\u00f6ns f\u00e4rjel\u00e4ge och Sj\u00f6n Sommens Naturum den 6 augusti 2009\"}]},{\"@type\":\"WebSite\",\"@id\":\"https:\\\/\\\/wp.kristdemokraterna.se\\\/ydre\\\/#website\",\"url\":\"https:\\\/\\\/wp.kristdemokraterna.se\\\/ydre\\\/\",\"name\":\"Kristdemokraterna i Ydre\",\"description\":\"En till Kristdemokraterna webbplats\",\"inLanguage\":\"sv-SE\"}]}<\/script>\n<!-- \/ Yoast SEO plugin. -->","yoast_head_json":{"title":"Torp\u00f6ns f\u00e4rjel\u00e4ge och Sj\u00f6n Sommens Naturum den 6 augusti 2009 - Kristdemokraterna i Ydre","robots":{"index":"index","follow":"follow","max-snippet":"max-snippet:-1","max-image-preview":"max-image-preview:large","max-video-preview":"max-video-preview:-1"},"canonical":"https:\/\/wp.kristdemokraterna.se\/ydre\/torpons-farjelage-och-sjon-sommens-naturum-den-6-augusti-2009\/","og_locale":"sv_SE","og_type":"article","og_title":"Torp\u00f6ns f\u00e4rjel\u00e4ge och Sj\u00f6n Sommens Naturum den 6 augusti 2009 - Kristdemokraterna i Ydre","og_description":"Karls\u00f6, Ydres nordligaste punkt, ligger stax utanf\u00f6r f\u00e4rjel\u00e4get vid Torp\u00f6n. B\u00e5ten, ett sommaskep, \u00e4r ett nybygge. Det \u00e4r en traditionell b\u00e5ttyp f\u00f6r sj\u00f6n Sommen. H\u00e4r st\u00e5r namnet p\u00e5 b\u00e5tbyggaren. Utanf\u00f6r Sj\u00f6n Sommens Naturum st\u00e5r en kolryss uppst\u00e4lld.. P\u00e5 skylten kan man l\u00e4sa mer om kolryssen. Inne i Naturum finns bl.a. ett akvarium. I det finns L\u00e4s mer","og_url":"https:\/\/wp.kristdemokraterna.se\/ydre\/torpons-farjelage-och-sjon-sommens-naturum-den-6-augusti-2009\/","og_site_name":"Kristdemokraterna i Ydre","og_image":[{"url":"http:\/\/ydrebo.se\/ydre_rundtur\/torpon\/torpons_farjelage2.JPG","type":"","width":"","height":""}],"twitter_card":"summary_large_image","schema":{"@context":"https:\/\/schema.org","@graph":[{"@type":"WebPage","@id":"https:\/\/wp.kristdemokraterna.se\/ydre\/torpons-farjelage-och-sjon-sommens-naturum-den-6-augusti-2009\/","url":"https:\/\/wp.kristdemokraterna.se\/ydre\/torpons-farjelage-och-sjon-sommens-naturum-den-6-augusti-2009\/","name":"Torp\u00f6ns f\u00e4rjel\u00e4ge och Sj\u00f6n Sommens Naturum den 6 augusti 2009 - Kristdemokraterna i Ydre","isPartOf":{"@id":"https:\/\/wp.kristdemokraterna.se\/ydre\/#website"},"primaryImageOfPage":{"@id":"https:\/\/wp.kristdemokraterna.se\/ydre\/torpons-farjelage-och-sjon-sommens-naturum-den-6-augusti-2009\/#primaryimage"},"image":{"@id":"https:\/\/wp.kristdemokraterna.se\/ydre\/torpons-farjelage-och-sjon-sommens-naturum-den-6-augusti-2009\/#primaryimage"},"thumbnailUrl":"http:\/\/ydrebo.se\/ydre_rundtur\/torpon\/torpons_farjelage2.JPG","datePublished":"2018-06-18T19:07:32+00:00","breadcrumb":{"@id":"https:\/\/wp.kristdemokraterna.se\/ydre\/torpons-farjelage-och-sjon-sommens-naturum-den-6-augusti-2009\/#breadcrumb"},"inLanguage":"sv-SE","potentialAction":[{"@type":"ReadAction","target":["https:\/\/wp.kristdemokraterna.se\/ydre\/torpons-farjelage-och-sjon-sommens-naturum-den-6-augusti-2009\/"]}]},{"@type":"ImageObject","inLanguage":"sv-SE","@id":"https:\/\/wp.kristdemokraterna.se\/ydre\/torpons-farjelage-och-sjon-sommens-naturum-den-6-augusti-2009\/#primaryimage","url":"http:\/\/ydrebo.se\/ydre_rundtur\/torpon\/torpons_farjelage2.JPG","contentUrl":"http:\/\/ydrebo.se\/ydre_rundtur\/torpon\/torpons_farjelage2.JPG"},{"@type":"BreadcrumbList","@id":"https:\/\/wp.kristdemokraterna.se\/ydre\/torpons-farjelage-och-sjon-sommens-naturum-den-6-augusti-2009\/#breadcrumb","itemListElement":[{"@type":"ListItem","position":1,"name":"Hem","item":"https:\/\/wp.kristdemokraterna.se\/ydre\/"},{"@type":"ListItem","position":2,"name":"Torp\u00f6ns f\u00e4rjel\u00e4ge och Sj\u00f6n Sommens Naturum den 6 augusti 2009"}]},{"@type":"WebSite","@id":"https:\/\/wp.kristdemokraterna.se\/ydre\/#website","url":"https:\/\/wp.kristdemokraterna.se\/ydre\/","name":"Kristdemokraterna i Ydre","description":"En till Kristdemokraterna webbplats","inLanguage":"sv-SE"}]}},"_links":{"self":[{"href":"https:\/\/wp.kristdemokraterna.se\/ydre\/wp-json\/wp\/v2\/pages\/699","targetHints":{"allow":["GET"]}}],"collection":[{"href":"https:\/\/wp.kristdemokraterna.se\/ydre\/wp-json\/wp\/v2\/pages"}],"about":[{"href":"https:\/\/wp.kristdemokraterna.se\/ydre\/wp-json\/wp\/v2\/types\/page"}],"author":[{"embeddable":true,"href":"https:\/\/wp.kristdemokraterna.se\/ydre\/wp-json\/wp\/v2\/users\/793"}],"replies":[{"embeddable":true,"href":"https:\/\/wp.kristdemokraterna.se\/ydre\/wp-json\/wp\/v2\/comments?post=699"}],"version-history":[{"count":1,"href":"https:\/\/wp.kristdemokraterna.se\/ydre\/wp-json\/wp\/v2\/pages\/699\/revisions"}],"predecessor-version":[{"id":700,"href":"https:\/\/wp.kristdemokraterna.se\/ydre\/wp-json\/wp\/v2\/pages\/699\/revisions\/700"}],"wp:attachment":[{"href":"https:\/\/wp.kristdemokraterna.se\/ydre\/wp-json\/wp\/v2\/media?parent=699"}],"curies":[{"name":"wp","href":"https:\/\/api.w.org\/{rel}","templated":true}]}}