{"id":707,"date":"2018-06-18T21:17:44","date_gmt":"2018-06-18T19:17:44","guid":{"rendered":"http:\/\/wp.kristdemokraterna.se\/ydre\/?page_id=707"},"modified":"2018-06-18T21:17:44","modified_gmt":"2018-06-18T19:17:44","slug":"brostorps-gard-i-ydre-den-6-augusti-2009","status":"publish","type":"page","link":"https:\/\/wp.kristdemokraterna.se\/ydre\/brostorps-gard-i-ydre-den-6-augusti-2009\/","title":{"rendered":"Brostorps g\u00e5rd i Ydre den 6 augusti 2009"},"content":{"rendered":"<p><a href=\"http:\/\/www.ostkaka.com\/\"><img loading=\"lazy\" decoding=\"async\" title=\"Skylt vid Brostorps g\u00e5rd i Ydre\" src=\"http:\/\/ydrebo.se\/ydre_rundtur\/brostorp\/brostorps_gard2.JPG\" alt=\"Skylt vid Brostorps g\u00e5rd i Ydre\" width=\"768\" height=\"576\" border=\"0\" \/><\/a><\/p>\n<p>H\u00e4r ger kossorna mj\u00f6lk s\u00e5 att det r\u00e4cker b\u00e5de till Arla mejeri och g\u00e5rdens eget mejeri.<br \/>\nDet blir b\u00e5de ostkaka och dessertostar f\u00f6r finsmakare.<br \/>\nTack Ydre kommun och v\u00e5ra tre guider f\u00f6r ett gott initiativ!<\/p>\n","protected":false},"excerpt":{"rendered":"<p>H\u00e4r ger kossorna mj\u00f6lk s\u00e5 att det r\u00e4cker b\u00e5de till Arla mejeri och g\u00e5rdens eget mejeri. Det blir b\u00e5de ostkaka och dessertostar f\u00f6r finsmakare. Tack Ydre kommun och v\u00e5ra tre guider f\u00f6r ett gott initiativ!<\/p>\n","protected":false},"author":793,"featured_media":0,"parent":0,"menu_order":0,"comment_status":"closed","ping_status":"closed","template":"","meta":{"_acf_changed":false,"footnotes":""},"class_list":["post-707","page","type-page","status-publish","hentry"],"acf":[],"yoast_head":"<!-- This site is optimized with the Yoast SEO plugin v27.5 - https:\/\/yoast.com\/product\/yoast-seo-wordpress\/ -->\n<title>Brostorps g\u00e5rd i Ydre den 6 augusti 2009 - Kristdemokraterna i Ydre<\/title>\n<meta name=\"robots\" content=\"index, follow, max-snippet:-1, max-image-preview:large, max-video-preview:-1\" \/>\n<link rel=\"canonical\" href=\"https:\/\/wp.kristdemokraterna.se\/ydre\/brostorps-gard-i-ydre-den-6-augusti-2009\/\" \/>\n<meta property=\"og:locale\" content=\"sv_SE\" \/>\n<meta property=\"og:type\" content=\"article\" \/>\n<meta property=\"og:title\" content=\"Brostorps g\u00e5rd i Ydre den 6 augusti 2009 - Kristdemokraterna i Ydre\" \/>\n<meta property=\"og:description\" content=\"H\u00e4r ger kossorna mj\u00f6lk s\u00e5 att det r\u00e4cker b\u00e5de till Arla mejeri och g\u00e5rdens eget mejeri. Det blir b\u00e5de ostkaka och dessertostar f\u00f6r finsmakare. Tack Ydre kommun och v\u00e5ra tre guider f\u00f6r ett gott initiativ!\" \/>\n<meta property=\"og:url\" content=\"https:\/\/wp.kristdemokraterna.se\/ydre\/brostorps-gard-i-ydre-den-6-augusti-2009\/\" \/>\n<meta property=\"og:site_name\" content=\"Kristdemokraterna i Ydre\" \/>\n<meta property=\"og:image\" content=\"http:\/\/ydrebo.se\/ydre_rundtur\/brostorp\/brostorps_gard2.JPG\" \/>\n<meta name=\"twitter:card\" content=\"summary_large_image\" \/>\n<script type=\"application\/ld+json\" class=\"yoast-schema-graph\">{\"@context\":\"https:\\\/\\\/schema.org\",\"@graph\":[{\"@type\":\"WebPage\",\"@id\":\"https:\\\/\\\/wp.kristdemokraterna.se\\\/ydre\\\/brostorps-gard-i-ydre-den-6-augusti-2009\\\/\",\"url\":\"https:\\\/\\\/wp.kristdemokraterna.se\\\/ydre\\\/brostorps-gard-i-ydre-den-6-augusti-2009\\\/\",\"name\":\"Brostorps g\u00e5rd i Ydre den 6 augusti 2009 - Kristdemokraterna i Ydre\",\"isPartOf\":{\"@id\":\"https:\\\/\\\/wp.kristdemokraterna.se\\\/ydre\\\/#website\"},\"primaryImageOfPage\":{\"@id\":\"https:\\\/\\\/wp.kristdemokraterna.se\\\/ydre\\\/brostorps-gard-i-ydre-den-6-augusti-2009\\\/#primaryimage\"},\"image\":{\"@id\":\"https:\\\/\\\/wp.kristdemokraterna.se\\\/ydre\\\/brostorps-gard-i-ydre-den-6-augusti-2009\\\/#primaryimage\"},\"thumbnailUrl\":\"http:\\\/\\\/ydrebo.se\\\/ydre_rundtur\\\/brostorp\\\/brostorps_gard2.JPG\",\"datePublished\":\"2018-06-18T19:17:44+00:00\",\"breadcrumb\":{\"@id\":\"https:\\\/\\\/wp.kristdemokraterna.se\\\/ydre\\\/brostorps-gard-i-ydre-den-6-augusti-2009\\\/#breadcrumb\"},\"inLanguage\":\"sv-SE\",\"potentialAction\":[{\"@type\":\"ReadAction\",\"target\":[\"https:\\\/\\\/wp.kristdemokraterna.se\\\/ydre\\\/brostorps-gard-i-ydre-den-6-augusti-2009\\\/\"]}]},{\"@type\":\"ImageObject\",\"inLanguage\":\"sv-SE\",\"@id\":\"https:\\\/\\\/wp.kristdemokraterna.se\\\/ydre\\\/brostorps-gard-i-ydre-den-6-augusti-2009\\\/#primaryimage\",\"url\":\"http:\\\/\\\/ydrebo.se\\\/ydre_rundtur\\\/brostorp\\\/brostorps_gard2.JPG\",\"contentUrl\":\"http:\\\/\\\/ydrebo.se\\\/ydre_rundtur\\\/brostorp\\\/brostorps_gard2.JPG\"},{\"@type\":\"BreadcrumbList\",\"@id\":\"https:\\\/\\\/wp.kristdemokraterna.se\\\/ydre\\\/brostorps-gard-i-ydre-den-6-augusti-2009\\\/#breadcrumb\",\"itemListElement\":[{\"@type\":\"ListItem\",\"position\":1,\"name\":\"Hem\",\"item\":\"https:\\\/\\\/wp.kristdemokraterna.se\\\/ydre\\\/\"},{\"@type\":\"ListItem\",\"position\":2,\"name\":\"Brostorps g\u00e5rd i Ydre den 6 augusti 2009\"}]},{\"@type\":\"WebSite\",\"@id\":\"https:\\\/\\\/wp.kristdemokraterna.se\\\/ydre\\\/#website\",\"url\":\"https:\\\/\\\/wp.kristdemokraterna.se\\\/ydre\\\/\",\"name\":\"Kristdemokraterna i Ydre\",\"description\":\"En till Kristdemokraterna webbplats\",\"inLanguage\":\"sv-SE\"}]}<\/script>\n<!-- \/ Yoast SEO plugin. -->","yoast_head_json":{"title":"Brostorps g\u00e5rd i Ydre den 6 augusti 2009 - Kristdemokraterna i Ydre","robots":{"index":"index","follow":"follow","max-snippet":"max-snippet:-1","max-image-preview":"max-image-preview:large","max-video-preview":"max-video-preview:-1"},"canonical":"https:\/\/wp.kristdemokraterna.se\/ydre\/brostorps-gard-i-ydre-den-6-augusti-2009\/","og_locale":"sv_SE","og_type":"article","og_title":"Brostorps g\u00e5rd i Ydre den 6 augusti 2009 - Kristdemokraterna i Ydre","og_description":"H\u00e4r ger kossorna mj\u00f6lk s\u00e5 att det r\u00e4cker b\u00e5de till Arla mejeri och g\u00e5rdens eget mejeri. Det blir b\u00e5de ostkaka och dessertostar f\u00f6r finsmakare. Tack Ydre kommun och v\u00e5ra tre guider f\u00f6r ett gott initiativ!","og_url":"https:\/\/wp.kristdemokraterna.se\/ydre\/brostorps-gard-i-ydre-den-6-augusti-2009\/","og_site_name":"Kristdemokraterna i Ydre","og_image":[{"url":"http:\/\/ydrebo.se\/ydre_rundtur\/brostorp\/brostorps_gard2.JPG","type":"","width":"","height":""}],"twitter_card":"summary_large_image","schema":{"@context":"https:\/\/schema.org","@graph":[{"@type":"WebPage","@id":"https:\/\/wp.kristdemokraterna.se\/ydre\/brostorps-gard-i-ydre-den-6-augusti-2009\/","url":"https:\/\/wp.kristdemokraterna.se\/ydre\/brostorps-gard-i-ydre-den-6-augusti-2009\/","name":"Brostorps g\u00e5rd i Ydre den 6 augusti 2009 - Kristdemokraterna i Ydre","isPartOf":{"@id":"https:\/\/wp.kristdemokraterna.se\/ydre\/#website"},"primaryImageOfPage":{"@id":"https:\/\/wp.kristdemokraterna.se\/ydre\/brostorps-gard-i-ydre-den-6-augusti-2009\/#primaryimage"},"image":{"@id":"https:\/\/wp.kristdemokraterna.se\/ydre\/brostorps-gard-i-ydre-den-6-augusti-2009\/#primaryimage"},"thumbnailUrl":"http:\/\/ydrebo.se\/ydre_rundtur\/brostorp\/brostorps_gard2.JPG","datePublished":"2018-06-18T19:17:44+00:00","breadcrumb":{"@id":"https:\/\/wp.kristdemokraterna.se\/ydre\/brostorps-gard-i-ydre-den-6-augusti-2009\/#breadcrumb"},"inLanguage":"sv-SE","potentialAction":[{"@type":"ReadAction","target":["https:\/\/wp.kristdemokraterna.se\/ydre\/brostorps-gard-i-ydre-den-6-augusti-2009\/"]}]},{"@type":"ImageObject","inLanguage":"sv-SE","@id":"https:\/\/wp.kristdemokraterna.se\/ydre\/brostorps-gard-i-ydre-den-6-augusti-2009\/#primaryimage","url":"http:\/\/ydrebo.se\/ydre_rundtur\/brostorp\/brostorps_gard2.JPG","contentUrl":"http:\/\/ydrebo.se\/ydre_rundtur\/brostorp\/brostorps_gard2.JPG"},{"@type":"BreadcrumbList","@id":"https:\/\/wp.kristdemokraterna.se\/ydre\/brostorps-gard-i-ydre-den-6-augusti-2009\/#breadcrumb","itemListElement":[{"@type":"ListItem","position":1,"name":"Hem","item":"https:\/\/wp.kristdemokraterna.se\/ydre\/"},{"@type":"ListItem","position":2,"name":"Brostorps g\u00e5rd i Ydre den 6 augusti 2009"}]},{"@type":"WebSite","@id":"https:\/\/wp.kristdemokraterna.se\/ydre\/#website","url":"https:\/\/wp.kristdemokraterna.se\/ydre\/","name":"Kristdemokraterna i Ydre","description":"En till Kristdemokraterna webbplats","inLanguage":"sv-SE"}]}},"_links":{"self":[{"href":"https:\/\/wp.kristdemokraterna.se\/ydre\/wp-json\/wp\/v2\/pages\/707","targetHints":{"allow":["GET"]}}],"collection":[{"href":"https:\/\/wp.kristdemokraterna.se\/ydre\/wp-json\/wp\/v2\/pages"}],"about":[{"href":"https:\/\/wp.kristdemokraterna.se\/ydre\/wp-json\/wp\/v2\/types\/page"}],"author":[{"embeddable":true,"href":"https:\/\/wp.kristdemokraterna.se\/ydre\/wp-json\/wp\/v2\/users\/793"}],"replies":[{"embeddable":true,"href":"https:\/\/wp.kristdemokraterna.se\/ydre\/wp-json\/wp\/v2\/comments?post=707"}],"version-history":[{"count":1,"href":"https:\/\/wp.kristdemokraterna.se\/ydre\/wp-json\/wp\/v2\/pages\/707\/revisions"}],"predecessor-version":[{"id":708,"href":"https:\/\/wp.kristdemokraterna.se\/ydre\/wp-json\/wp\/v2\/pages\/707\/revisions\/708"}],"wp:attachment":[{"href":"https:\/\/wp.kristdemokraterna.se\/ydre\/wp-json\/wp\/v2\/media?parent=707"}],"curies":[{"name":"wp","href":"https:\/\/api.w.org\/{rel}","templated":true}]}}