{"id":718,"date":"2018-07-07T18:09:21","date_gmt":"2018-07-07T16:09:21","guid":{"rendered":"http:\/\/wp.kristdemokraterna.se\/ydre\/?page_id=718"},"modified":"2018-07-07T18:11:17","modified_gmt":"2018-07-07T16:11:17","slug":"2017-03-18-konsten-att-vanskota-landsbygden","status":"publish","type":"page","link":"https:\/\/wp.kristdemokraterna.se\/ydre\/2017-03-18-konsten-att-vanskota-landsbygden\/","title":{"rendered":"2017-03-18 Konsten att vansk\u00f6ta landsbygden"},"content":{"rendered":"<p><span style=\"font-size: large\">Den har varit k\u00e4nd l\u00e4nge, ja redan i forntiden. Den var ett f\u00f6rtr\u00e4ffligt medel att omintetg\u00f6ra hela civilisationer. Och den \u00e4r inte bortgl\u00f6md.<br \/>\nF\u00f6r n\u00e5gra dagar sedan satt kommunstyrelsen och undrade hur l\u00e5ngt pengarna skall r\u00e4cka (inte fullt s\u00e5 l\u00e5ngt som man skulle \u00f6nska). Just d\u00e5 kom ett besked fr\u00e5n Region \u00d6sterg\u00f6tland. Regionen tar bort busslinjen mellan \u00d6sterbymo och Kisa fr\u00e5n sin planering f\u00f6r n\u00e4sta l\u00e4s\u00e5r.<\/span><\/p>\n<p><span style=\"font-size: large\"><img loading=\"lazy\" decoding=\"async\" src=\"http:\/\/ydrebo.se\/kd\/veckobrev2017\/Norra_Vi.JPG\" width=\"600\" height=\"462\" \/><br \/>\n<\/span><i>Norra Vi<\/i><\/p>\n<p>N\u00e4sta punkt p\u00e5 kommunstyrelsens dagordning g\u00e4llde landsbygdskommitt\u00e9ns bet\u00e4nkande. Sida upp och sida ner har kommitt\u00e9n r\u00e4knat upp statens f\u00f6rsyndelser. Den drar f\u00f6ljande slutsats:<br \/>\n<b>Kommitt\u00e9n konstaterar att staten har dragit sig tillbaka\u00a0fr\u00e5n landsbygden och alltmer koncentrerat verksamheten\u00a0till t\u00e4torter och st\u00f6rre st\u00e4der.<br \/>\n<\/b><br \/>\nBet\u00e4nkandet n\u00f6jer sig inte med att g\u00e5 igenom statens missg\u00e4rningar. Den tar ocks\u00e5 upp kommunikationerna \u00e4ven om det \u00e4r landsting och regioner som sk\u00f6ter lokaltrafiken. F\u00f6r nog \u00e4r v\u00e4l Region \u00d6sterg\u00f6tland ocks\u00e5 r\u00e4tt bra p\u00e5 att dra sig tillbaka fr\u00e5n landsbygden? Visst har det funnits och finns m\u00e5nga i st\u00e4derna som s\u00e4tter v\u00e4rde p\u00e5 landsbygden och \u00e5tminstone ibland l\u00e4ngtar ut dit. Det har skrivits dikter och sk\u00e5despel om det underbara herdeliv som f\u00f6rmodas utspela sig d\u00e4r. Livet p\u00e5 landet \u00e4r verkligen fantastiskt (fast inte riktigt p\u00e5 det s\u00e4ttet). Men det \u00e4r ocks\u00e5 livsviktigt f\u00f6r hela nationen. N\u00e4r skall man l\u00e4ra sig det i st\u00e4derna?<\/p>\n<p><i>Bengt Malm, ordf.<br \/>\n18 mars 2017<\/i><\/p>\n<p>&nbsp;<\/p>\n","protected":false},"excerpt":{"rendered":"<p>Den har varit k\u00e4nd l\u00e4nge, ja redan i forntiden. Den var ett f\u00f6rtr\u00e4ffligt medel att omintetg\u00f6ra hela civilisationer. Och den \u00e4r inte bortgl\u00f6md. F\u00f6r n\u00e5gra dagar sedan satt kommunstyrelsen och undrade hur l\u00e5ngt pengarna skall r\u00e4cka (inte fullt s\u00e5 l\u00e5ngt som man skulle \u00f6nska). Just d\u00e5 kom ett besked fr\u00e5n Region \u00d6sterg\u00f6tland. Regionen tar bort <a class=\"read-more-link\" href=\"https:\/\/wp.kristdemokraterna.se\/ydre\/2017-03-18-konsten-att-vanskota-landsbygden\/\">L\u00e4s mer<\/a><\/p>\n","protected":false},"author":793,"featured_media":0,"parent":0,"menu_order":0,"comment_status":"closed","ping_status":"closed","template":"","meta":{"_acf_changed":false,"footnotes":""},"class_list":["post-718","page","type-page","status-publish","hentry"],"acf":[],"yoast_head":"<!-- This site is optimized with the Yoast SEO plugin v27.5 - https:\/\/yoast.com\/product\/yoast-seo-wordpress\/ -->\n<title>2017-03-18 Konsten att vansk\u00f6ta landsbygden - Kristdemokraterna i Ydre<\/title>\n<meta name=\"robots\" content=\"index, follow, max-snippet:-1, max-image-preview:large, max-video-preview:-1\" \/>\n<link rel=\"canonical\" href=\"https:\/\/wp.kristdemokraterna.se\/ydre\/2017-03-18-konsten-att-vanskota-landsbygden\/\" \/>\n<meta property=\"og:locale\" content=\"sv_SE\" \/>\n<meta property=\"og:type\" content=\"article\" \/>\n<meta property=\"og:title\" content=\"2017-03-18 Konsten att vansk\u00f6ta landsbygden - Kristdemokraterna i Ydre\" \/>\n<meta property=\"og:description\" content=\"Den har varit k\u00e4nd l\u00e4nge, ja redan i forntiden. Den var ett f\u00f6rtr\u00e4ffligt medel att omintetg\u00f6ra hela civilisationer. Och den \u00e4r inte bortgl\u00f6md. F\u00f6r n\u00e5gra dagar sedan satt kommunstyrelsen och undrade hur l\u00e5ngt pengarna skall r\u00e4cka (inte fullt s\u00e5 l\u00e5ngt som man skulle \u00f6nska). Just d\u00e5 kom ett besked fr\u00e5n Region \u00d6sterg\u00f6tland. Regionen tar bort L\u00e4s mer\" \/>\n<meta property=\"og:url\" content=\"https:\/\/wp.kristdemokraterna.se\/ydre\/2017-03-18-konsten-att-vanskota-landsbygden\/\" \/>\n<meta property=\"og:site_name\" content=\"Kristdemokraterna i Ydre\" \/>\n<meta property=\"article:modified_time\" content=\"2018-07-07T16:11:17+00:00\" \/>\n<meta property=\"og:image\" content=\"http:\/\/ydrebo.se\/kd\/veckobrev2017\/Norra_Vi.JPG\" \/>\n<meta name=\"twitter:card\" content=\"summary_large_image\" \/>\n<meta name=\"twitter:label1\" content=\"Ber\u00e4knad l\u00e4stid\" \/>\n\t<meta name=\"twitter:data1\" content=\"1 minut\" \/>\n<script type=\"application\/ld+json\" class=\"yoast-schema-graph\">{\"@context\":\"https:\\\/\\\/schema.org\",\"@graph\":[{\"@type\":\"WebPage\",\"@id\":\"https:\\\/\\\/wp.kristdemokraterna.se\\\/ydre\\\/2017-03-18-konsten-att-vanskota-landsbygden\\\/\",\"url\":\"https:\\\/\\\/wp.kristdemokraterna.se\\\/ydre\\\/2017-03-18-konsten-att-vanskota-landsbygden\\\/\",\"name\":\"2017-03-18 Konsten att vansk\u00f6ta landsbygden - Kristdemokraterna i Ydre\",\"isPartOf\":{\"@id\":\"https:\\\/\\\/wp.kristdemokraterna.se\\\/ydre\\\/#website\"},\"primaryImageOfPage\":{\"@id\":\"https:\\\/\\\/wp.kristdemokraterna.se\\\/ydre\\\/2017-03-18-konsten-att-vanskota-landsbygden\\\/#primaryimage\"},\"image\":{\"@id\":\"https:\\\/\\\/wp.kristdemokraterna.se\\\/ydre\\\/2017-03-18-konsten-att-vanskota-landsbygden\\\/#primaryimage\"},\"thumbnailUrl\":\"http:\\\/\\\/ydrebo.se\\\/kd\\\/veckobrev2017\\\/Norra_Vi.JPG\",\"datePublished\":\"2018-07-07T16:09:21+00:00\",\"dateModified\":\"2018-07-07T16:11:17+00:00\",\"breadcrumb\":{\"@id\":\"https:\\\/\\\/wp.kristdemokraterna.se\\\/ydre\\\/2017-03-18-konsten-att-vanskota-landsbygden\\\/#breadcrumb\"},\"inLanguage\":\"sv-SE\",\"potentialAction\":[{\"@type\":\"ReadAction\",\"target\":[\"https:\\\/\\\/wp.kristdemokraterna.se\\\/ydre\\\/2017-03-18-konsten-att-vanskota-landsbygden\\\/\"]}]},{\"@type\":\"ImageObject\",\"inLanguage\":\"sv-SE\",\"@id\":\"https:\\\/\\\/wp.kristdemokraterna.se\\\/ydre\\\/2017-03-18-konsten-att-vanskota-landsbygden\\\/#primaryimage\",\"url\":\"http:\\\/\\\/ydrebo.se\\\/kd\\\/veckobrev2017\\\/Norra_Vi.JPG\",\"contentUrl\":\"http:\\\/\\\/ydrebo.se\\\/kd\\\/veckobrev2017\\\/Norra_Vi.JPG\"},{\"@type\":\"BreadcrumbList\",\"@id\":\"https:\\\/\\\/wp.kristdemokraterna.se\\\/ydre\\\/2017-03-18-konsten-att-vanskota-landsbygden\\\/#breadcrumb\",\"itemListElement\":[{\"@type\":\"ListItem\",\"position\":1,\"name\":\"Hem\",\"item\":\"https:\\\/\\\/wp.kristdemokraterna.se\\\/ydre\\\/\"},{\"@type\":\"ListItem\",\"position\":2,\"name\":\"2017-03-18 Konsten att vansk\u00f6ta landsbygden\"}]},{\"@type\":\"WebSite\",\"@id\":\"https:\\\/\\\/wp.kristdemokraterna.se\\\/ydre\\\/#website\",\"url\":\"https:\\\/\\\/wp.kristdemokraterna.se\\\/ydre\\\/\",\"name\":\"Kristdemokraterna i Ydre\",\"description\":\"En till Kristdemokraterna webbplats\",\"inLanguage\":\"sv-SE\"}]}<\/script>\n<!-- \/ Yoast SEO plugin. -->","yoast_head_json":{"title":"2017-03-18 Konsten att vansk\u00f6ta landsbygden - Kristdemokraterna i Ydre","robots":{"index":"index","follow":"follow","max-snippet":"max-snippet:-1","max-image-preview":"max-image-preview:large","max-video-preview":"max-video-preview:-1"},"canonical":"https:\/\/wp.kristdemokraterna.se\/ydre\/2017-03-18-konsten-att-vanskota-landsbygden\/","og_locale":"sv_SE","og_type":"article","og_title":"2017-03-18 Konsten att vansk\u00f6ta landsbygden - Kristdemokraterna i Ydre","og_description":"Den har varit k\u00e4nd l\u00e4nge, ja redan i forntiden. Den var ett f\u00f6rtr\u00e4ffligt medel att omintetg\u00f6ra hela civilisationer. Och den \u00e4r inte bortgl\u00f6md. F\u00f6r n\u00e5gra dagar sedan satt kommunstyrelsen och undrade hur l\u00e5ngt pengarna skall r\u00e4cka (inte fullt s\u00e5 l\u00e5ngt som man skulle \u00f6nska). Just d\u00e5 kom ett besked fr\u00e5n Region \u00d6sterg\u00f6tland. Regionen tar bort L\u00e4s mer","og_url":"https:\/\/wp.kristdemokraterna.se\/ydre\/2017-03-18-konsten-att-vanskota-landsbygden\/","og_site_name":"Kristdemokraterna i Ydre","article_modified_time":"2018-07-07T16:11:17+00:00","og_image":[{"url":"http:\/\/ydrebo.se\/kd\/veckobrev2017\/Norra_Vi.JPG","type":"","width":"","height":""}],"twitter_card":"summary_large_image","twitter_misc":{"Ber\u00e4knad l\u00e4stid":"1 minut"},"schema":{"@context":"https:\/\/schema.org","@graph":[{"@type":"WebPage","@id":"https:\/\/wp.kristdemokraterna.se\/ydre\/2017-03-18-konsten-att-vanskota-landsbygden\/","url":"https:\/\/wp.kristdemokraterna.se\/ydre\/2017-03-18-konsten-att-vanskota-landsbygden\/","name":"2017-03-18 Konsten att vansk\u00f6ta landsbygden - Kristdemokraterna i Ydre","isPartOf":{"@id":"https:\/\/wp.kristdemokraterna.se\/ydre\/#website"},"primaryImageOfPage":{"@id":"https:\/\/wp.kristdemokraterna.se\/ydre\/2017-03-18-konsten-att-vanskota-landsbygden\/#primaryimage"},"image":{"@id":"https:\/\/wp.kristdemokraterna.se\/ydre\/2017-03-18-konsten-att-vanskota-landsbygden\/#primaryimage"},"thumbnailUrl":"http:\/\/ydrebo.se\/kd\/veckobrev2017\/Norra_Vi.JPG","datePublished":"2018-07-07T16:09:21+00:00","dateModified":"2018-07-07T16:11:17+00:00","breadcrumb":{"@id":"https:\/\/wp.kristdemokraterna.se\/ydre\/2017-03-18-konsten-att-vanskota-landsbygden\/#breadcrumb"},"inLanguage":"sv-SE","potentialAction":[{"@type":"ReadAction","target":["https:\/\/wp.kristdemokraterna.se\/ydre\/2017-03-18-konsten-att-vanskota-landsbygden\/"]}]},{"@type":"ImageObject","inLanguage":"sv-SE","@id":"https:\/\/wp.kristdemokraterna.se\/ydre\/2017-03-18-konsten-att-vanskota-landsbygden\/#primaryimage","url":"http:\/\/ydrebo.se\/kd\/veckobrev2017\/Norra_Vi.JPG","contentUrl":"http:\/\/ydrebo.se\/kd\/veckobrev2017\/Norra_Vi.JPG"},{"@type":"BreadcrumbList","@id":"https:\/\/wp.kristdemokraterna.se\/ydre\/2017-03-18-konsten-att-vanskota-landsbygden\/#breadcrumb","itemListElement":[{"@type":"ListItem","position":1,"name":"Hem","item":"https:\/\/wp.kristdemokraterna.se\/ydre\/"},{"@type":"ListItem","position":2,"name":"2017-03-18 Konsten att vansk\u00f6ta landsbygden"}]},{"@type":"WebSite","@id":"https:\/\/wp.kristdemokraterna.se\/ydre\/#website","url":"https:\/\/wp.kristdemokraterna.se\/ydre\/","name":"Kristdemokraterna i Ydre","description":"En till Kristdemokraterna webbplats","inLanguage":"sv-SE"}]}},"_links":{"self":[{"href":"https:\/\/wp.kristdemokraterna.se\/ydre\/wp-json\/wp\/v2\/pages\/718","targetHints":{"allow":["GET"]}}],"collection":[{"href":"https:\/\/wp.kristdemokraterna.se\/ydre\/wp-json\/wp\/v2\/pages"}],"about":[{"href":"https:\/\/wp.kristdemokraterna.se\/ydre\/wp-json\/wp\/v2\/types\/page"}],"author":[{"embeddable":true,"href":"https:\/\/wp.kristdemokraterna.se\/ydre\/wp-json\/wp\/v2\/users\/793"}],"replies":[{"embeddable":true,"href":"https:\/\/wp.kristdemokraterna.se\/ydre\/wp-json\/wp\/v2\/comments?post=718"}],"version-history":[{"count":3,"href":"https:\/\/wp.kristdemokraterna.se\/ydre\/wp-json\/wp\/v2\/pages\/718\/revisions"}],"predecessor-version":[{"id":721,"href":"https:\/\/wp.kristdemokraterna.se\/ydre\/wp-json\/wp\/v2\/pages\/718\/revisions\/721"}],"wp:attachment":[{"href":"https:\/\/wp.kristdemokraterna.se\/ydre\/wp-json\/wp\/v2\/media?parent=718"}],"curies":[{"name":"wp","href":"https:\/\/api.w.org\/{rel}","templated":true}]}}