{"id":730,"date":"2018-07-07T18:25:47","date_gmt":"2018-07-07T16:25:47","guid":{"rendered":"http:\/\/wp.kristdemokraterna.se\/ydre\/?page_id=730"},"modified":"2018-07-07T18:26:37","modified_gmt":"2018-07-07T16:26:37","slug":"2017-03-24-litet-bo-jag-bygga-vill","status":"publish","type":"page","link":"https:\/\/wp.kristdemokraterna.se\/ydre\/2017-03-24-litet-bo-jag-bygga-vill\/","title":{"rendered":"2017-03-24 Litet bo jag bygga vill"},"content":{"rendered":"<p><span style=\"font-size: large\">Det finns f\u00f6rdelar f\u00f6r en kommun att vara liten. Det finns nackdelar ocks\u00e5 (det kan bland annat bli mycket ensamarbete f\u00f6r kommunanst\u00e4llda s\u00e5 att verksamheten blir s\u00e5rbar). Men det finns ocks\u00e5 f\u00f6rdelar.<br \/>\nI en liten kommun har man inte r\u00e5d att t\u00e4nka storskaligt. Det finns de som g\u00e4rna skulle vilja ha stora anl\u00e4ggningar av olika slag. Men vi har helt enkelt inte pengar till s\u00e5dant.<\/span><\/p>\n<p><span style=\"font-size: large\"><img loading=\"lazy\" decoding=\"async\" src=\"http:\/\/ydrebo.se\/kd\/veckobrev2016\/ed.JPG\" width=\"600\" height=\"462\" \/><br \/>\n<\/span><i>Ed i Sund<\/i><\/p>\n<p>N\u00e4r vi talar om att det beh\u00f6ver byggas fler hyresbost\u00e4der precis som i resten av landet kan det inte bli fr\u00e5ga om stora kaserner eller skyskrapor. Det \u00e4r mera troligt att det blir markbost\u00e4der. Allts\u00e5 blir det en mycket b\u00e4ttre boendemilj\u00f6 om vi bygger det vi har r\u00e5d med.<br \/>\nDet finns alldeles f\u00f6r mycket storskaligt bostadsbyggande i v\u00e4rldens st\u00e4der \u00e4nd\u00e5. Vi beh\u00f6ver inte ha det som f\u00f6red\u00f6me. Ydre m\u00e5ste f\u00e5 f\u00f6rbli Ydre.<\/p>\n<p><i>Bengt Malm, ordf.<br \/>\n24 mars 2017<br \/>\n<\/i><\/p>\n<p><img loading=\"lazy\" decoding=\"async\" src=\"http:\/\/ydrebo.se\/kd\/veckobrev\/stuga.JPG\" width=\"600\" height=\"459\" \/><br \/>\n<i>Litet bo i Ydre (foto: Barbro Malm)<\/i><\/p>\n<p>&nbsp;<\/p>\n","protected":false},"excerpt":{"rendered":"<p>Det finns f\u00f6rdelar f\u00f6r en kommun att vara liten. Det finns nackdelar ocks\u00e5 (det kan bland annat bli mycket ensamarbete f\u00f6r kommunanst\u00e4llda s\u00e5 att verksamheten blir s\u00e5rbar). Men det finns ocks\u00e5 f\u00f6rdelar. I en liten kommun har man inte r\u00e5d att t\u00e4nka storskaligt. Det finns de som g\u00e4rna skulle vilja ha stora anl\u00e4ggningar av olika <a class=\"read-more-link\" href=\"https:\/\/wp.kristdemokraterna.se\/ydre\/2017-03-24-litet-bo-jag-bygga-vill\/\">L\u00e4s mer<\/a><\/p>\n","protected":false},"author":793,"featured_media":0,"parent":0,"menu_order":0,"comment_status":"closed","ping_status":"closed","template":"","meta":{"_acf_changed":false,"footnotes":""},"class_list":["post-730","page","type-page","status-publish","hentry"],"acf":[],"yoast_head":"<!-- This site is optimized with the Yoast SEO plugin v27.5 - https:\/\/yoast.com\/product\/yoast-seo-wordpress\/ -->\n<title>2017-03-24 Litet bo jag bygga vill - Kristdemokraterna i Ydre<\/title>\n<meta name=\"robots\" content=\"index, follow, max-snippet:-1, max-image-preview:large, max-video-preview:-1\" \/>\n<link rel=\"canonical\" href=\"https:\/\/wp.kristdemokraterna.se\/ydre\/2017-03-24-litet-bo-jag-bygga-vill\/\" \/>\n<meta property=\"og:locale\" content=\"sv_SE\" \/>\n<meta property=\"og:type\" content=\"article\" \/>\n<meta property=\"og:title\" content=\"2017-03-24 Litet bo jag bygga vill - Kristdemokraterna i Ydre\" \/>\n<meta property=\"og:description\" content=\"Det finns f\u00f6rdelar f\u00f6r en kommun att vara liten. Det finns nackdelar ocks\u00e5 (det kan bland annat bli mycket ensamarbete f\u00f6r kommunanst\u00e4llda s\u00e5 att verksamheten blir s\u00e5rbar). Men det finns ocks\u00e5 f\u00f6rdelar. I en liten kommun har man inte r\u00e5d att t\u00e4nka storskaligt. Det finns de som g\u00e4rna skulle vilja ha stora anl\u00e4ggningar av olika L\u00e4s mer\" \/>\n<meta property=\"og:url\" content=\"https:\/\/wp.kristdemokraterna.se\/ydre\/2017-03-24-litet-bo-jag-bygga-vill\/\" \/>\n<meta property=\"og:site_name\" content=\"Kristdemokraterna i Ydre\" \/>\n<meta property=\"article:modified_time\" content=\"2018-07-07T16:26:37+00:00\" \/>\n<meta property=\"og:image\" content=\"http:\/\/ydrebo.se\/kd\/veckobrev2016\/ed.JPG\" \/>\n<meta name=\"twitter:card\" content=\"summary_large_image\" \/>\n<meta name=\"twitter:label1\" content=\"Ber\u00e4knad l\u00e4stid\" \/>\n\t<meta name=\"twitter:data1\" content=\"1 minut\" \/>\n<script type=\"application\/ld+json\" class=\"yoast-schema-graph\">{\"@context\":\"https:\\\/\\\/schema.org\",\"@graph\":[{\"@type\":\"WebPage\",\"@id\":\"https:\\\/\\\/wp.kristdemokraterna.se\\\/ydre\\\/2017-03-24-litet-bo-jag-bygga-vill\\\/\",\"url\":\"https:\\\/\\\/wp.kristdemokraterna.se\\\/ydre\\\/2017-03-24-litet-bo-jag-bygga-vill\\\/\",\"name\":\"2017-03-24 Litet bo jag bygga vill - Kristdemokraterna i Ydre\",\"isPartOf\":{\"@id\":\"https:\\\/\\\/wp.kristdemokraterna.se\\\/ydre\\\/#website\"},\"primaryImageOfPage\":{\"@id\":\"https:\\\/\\\/wp.kristdemokraterna.se\\\/ydre\\\/2017-03-24-litet-bo-jag-bygga-vill\\\/#primaryimage\"},\"image\":{\"@id\":\"https:\\\/\\\/wp.kristdemokraterna.se\\\/ydre\\\/2017-03-24-litet-bo-jag-bygga-vill\\\/#primaryimage\"},\"thumbnailUrl\":\"http:\\\/\\\/ydrebo.se\\\/kd\\\/veckobrev2016\\\/ed.JPG\",\"datePublished\":\"2018-07-07T16:25:47+00:00\",\"dateModified\":\"2018-07-07T16:26:37+00:00\",\"breadcrumb\":{\"@id\":\"https:\\\/\\\/wp.kristdemokraterna.se\\\/ydre\\\/2017-03-24-litet-bo-jag-bygga-vill\\\/#breadcrumb\"},\"inLanguage\":\"sv-SE\",\"potentialAction\":[{\"@type\":\"ReadAction\",\"target\":[\"https:\\\/\\\/wp.kristdemokraterna.se\\\/ydre\\\/2017-03-24-litet-bo-jag-bygga-vill\\\/\"]}]},{\"@type\":\"ImageObject\",\"inLanguage\":\"sv-SE\",\"@id\":\"https:\\\/\\\/wp.kristdemokraterna.se\\\/ydre\\\/2017-03-24-litet-bo-jag-bygga-vill\\\/#primaryimage\",\"url\":\"http:\\\/\\\/ydrebo.se\\\/kd\\\/veckobrev2016\\\/ed.JPG\",\"contentUrl\":\"http:\\\/\\\/ydrebo.se\\\/kd\\\/veckobrev2016\\\/ed.JPG\"},{\"@type\":\"BreadcrumbList\",\"@id\":\"https:\\\/\\\/wp.kristdemokraterna.se\\\/ydre\\\/2017-03-24-litet-bo-jag-bygga-vill\\\/#breadcrumb\",\"itemListElement\":[{\"@type\":\"ListItem\",\"position\":1,\"name\":\"Hem\",\"item\":\"https:\\\/\\\/wp.kristdemokraterna.se\\\/ydre\\\/\"},{\"@type\":\"ListItem\",\"position\":2,\"name\":\"2017-03-24 Litet bo jag bygga vill\"}]},{\"@type\":\"WebSite\",\"@id\":\"https:\\\/\\\/wp.kristdemokraterna.se\\\/ydre\\\/#website\",\"url\":\"https:\\\/\\\/wp.kristdemokraterna.se\\\/ydre\\\/\",\"name\":\"Kristdemokraterna i Ydre\",\"description\":\"En till Kristdemokraterna webbplats\",\"inLanguage\":\"sv-SE\"}]}<\/script>\n<!-- \/ Yoast SEO plugin. -->","yoast_head_json":{"title":"2017-03-24 Litet bo jag bygga vill - Kristdemokraterna i Ydre","robots":{"index":"index","follow":"follow","max-snippet":"max-snippet:-1","max-image-preview":"max-image-preview:large","max-video-preview":"max-video-preview:-1"},"canonical":"https:\/\/wp.kristdemokraterna.se\/ydre\/2017-03-24-litet-bo-jag-bygga-vill\/","og_locale":"sv_SE","og_type":"article","og_title":"2017-03-24 Litet bo jag bygga vill - Kristdemokraterna i Ydre","og_description":"Det finns f\u00f6rdelar f\u00f6r en kommun att vara liten. Det finns nackdelar ocks\u00e5 (det kan bland annat bli mycket ensamarbete f\u00f6r kommunanst\u00e4llda s\u00e5 att verksamheten blir s\u00e5rbar). Men det finns ocks\u00e5 f\u00f6rdelar. I en liten kommun har man inte r\u00e5d att t\u00e4nka storskaligt. Det finns de som g\u00e4rna skulle vilja ha stora anl\u00e4ggningar av olika L\u00e4s mer","og_url":"https:\/\/wp.kristdemokraterna.se\/ydre\/2017-03-24-litet-bo-jag-bygga-vill\/","og_site_name":"Kristdemokraterna i Ydre","article_modified_time":"2018-07-07T16:26:37+00:00","og_image":[{"url":"http:\/\/ydrebo.se\/kd\/veckobrev2016\/ed.JPG","type":"","width":"","height":""}],"twitter_card":"summary_large_image","twitter_misc":{"Ber\u00e4knad l\u00e4stid":"1 minut"},"schema":{"@context":"https:\/\/schema.org","@graph":[{"@type":"WebPage","@id":"https:\/\/wp.kristdemokraterna.se\/ydre\/2017-03-24-litet-bo-jag-bygga-vill\/","url":"https:\/\/wp.kristdemokraterna.se\/ydre\/2017-03-24-litet-bo-jag-bygga-vill\/","name":"2017-03-24 Litet bo jag bygga vill - Kristdemokraterna i Ydre","isPartOf":{"@id":"https:\/\/wp.kristdemokraterna.se\/ydre\/#website"},"primaryImageOfPage":{"@id":"https:\/\/wp.kristdemokraterna.se\/ydre\/2017-03-24-litet-bo-jag-bygga-vill\/#primaryimage"},"image":{"@id":"https:\/\/wp.kristdemokraterna.se\/ydre\/2017-03-24-litet-bo-jag-bygga-vill\/#primaryimage"},"thumbnailUrl":"http:\/\/ydrebo.se\/kd\/veckobrev2016\/ed.JPG","datePublished":"2018-07-07T16:25:47+00:00","dateModified":"2018-07-07T16:26:37+00:00","breadcrumb":{"@id":"https:\/\/wp.kristdemokraterna.se\/ydre\/2017-03-24-litet-bo-jag-bygga-vill\/#breadcrumb"},"inLanguage":"sv-SE","potentialAction":[{"@type":"ReadAction","target":["https:\/\/wp.kristdemokraterna.se\/ydre\/2017-03-24-litet-bo-jag-bygga-vill\/"]}]},{"@type":"ImageObject","inLanguage":"sv-SE","@id":"https:\/\/wp.kristdemokraterna.se\/ydre\/2017-03-24-litet-bo-jag-bygga-vill\/#primaryimage","url":"http:\/\/ydrebo.se\/kd\/veckobrev2016\/ed.JPG","contentUrl":"http:\/\/ydrebo.se\/kd\/veckobrev2016\/ed.JPG"},{"@type":"BreadcrumbList","@id":"https:\/\/wp.kristdemokraterna.se\/ydre\/2017-03-24-litet-bo-jag-bygga-vill\/#breadcrumb","itemListElement":[{"@type":"ListItem","position":1,"name":"Hem","item":"https:\/\/wp.kristdemokraterna.se\/ydre\/"},{"@type":"ListItem","position":2,"name":"2017-03-24 Litet bo jag bygga vill"}]},{"@type":"WebSite","@id":"https:\/\/wp.kristdemokraterna.se\/ydre\/#website","url":"https:\/\/wp.kristdemokraterna.se\/ydre\/","name":"Kristdemokraterna i Ydre","description":"En till Kristdemokraterna webbplats","inLanguage":"sv-SE"}]}},"_links":{"self":[{"href":"https:\/\/wp.kristdemokraterna.se\/ydre\/wp-json\/wp\/v2\/pages\/730","targetHints":{"allow":["GET"]}}],"collection":[{"href":"https:\/\/wp.kristdemokraterna.se\/ydre\/wp-json\/wp\/v2\/pages"}],"about":[{"href":"https:\/\/wp.kristdemokraterna.se\/ydre\/wp-json\/wp\/v2\/types\/page"}],"author":[{"embeddable":true,"href":"https:\/\/wp.kristdemokraterna.se\/ydre\/wp-json\/wp\/v2\/users\/793"}],"replies":[{"embeddable":true,"href":"https:\/\/wp.kristdemokraterna.se\/ydre\/wp-json\/wp\/v2\/comments?post=730"}],"version-history":[{"count":2,"href":"https:\/\/wp.kristdemokraterna.se\/ydre\/wp-json\/wp\/v2\/pages\/730\/revisions"}],"predecessor-version":[{"id":732,"href":"https:\/\/wp.kristdemokraterna.se\/ydre\/wp-json\/wp\/v2\/pages\/730\/revisions\/732"}],"wp:attachment":[{"href":"https:\/\/wp.kristdemokraterna.se\/ydre\/wp-json\/wp\/v2\/media?parent=730"}],"curies":[{"name":"wp","href":"https:\/\/api.w.org\/{rel}","templated":true}]}}