{"id":741,"date":"2018-07-07T18:34:51","date_gmt":"2018-07-07T16:34:51","guid":{"rendered":"http:\/\/wp.kristdemokraterna.se\/ydre\/?page_id=741"},"modified":"2018-07-07T18:35:14","modified_gmt":"2018-07-07T16:35:14","slug":"2017-04-09-sorg","status":"publish","type":"page","link":"https:\/\/wp.kristdemokraterna.se\/ydre\/2017-04-09-sorg\/","title":{"rendered":"2017-04-09 Sorg"},"content":{"rendered":"<p><img loading=\"lazy\" decoding=\"async\" src=\"http:\/\/ydrebo.se\/kd\/veckobrev2017\/ros.JPG\" width=\"600\" height=\"461\" \/><\/p>\n<p><span style=\"font-size: large\">Skakade, d\u00e4mpade, samlade. S\u00e5dana \u00e4r de flesta av oss efter det fruktansv\u00e4rda attentatet i Stockholm. Vi t\u00e4nker s\u00e4rskilt p\u00e5 dem som drabbats eller st\u00e5r n\u00e4ra dem. Somliga av oss har sl\u00e4ktingar eller v\u00e4nner som just nu s\u00f6rjer. Men h\u00e4nsynsl\u00f6sheten i s\u00e5dana d\u00e5d f\u00e5r inte skr\u00e4mma oss och f\u00f6rlama oss.<br \/>\nSamtidigt kommer rapporter om \u00e4nnu v\u00e4rre d\u00e5d i andra l\u00e4nder, d\u00e5d med samma inspiration. Sverige tillh\u00f6r v\u00e4rlden. Det som h\u00e4nder i v\u00e4rlden kan h\u00e4nda h\u00e4r. Och nu har det gjort det.<br \/>\nDet \u00e4r naturligt att vi \u00e4r skakade och d\u00e4mpade men vi m\u00e5ste ocks\u00e5 vara samlade. Ydre kommun har alldeles nyligen antagit en handlingsplan som g\u00e4ller v\u00e5ldsbejakande extremism. Kanske m\u00e5ste vi titta p\u00e5 den igen.<\/span><\/p>\n<p><span style=\"font-size: large\"><i>Bengt Malm, ordf.<br \/>\n9 april\u00a0<\/i><\/span><\/p>\n","protected":false},"excerpt":{"rendered":"<p>Skakade, d\u00e4mpade, samlade. S\u00e5dana \u00e4r de flesta av oss efter det fruktansv\u00e4rda attentatet i Stockholm. Vi t\u00e4nker s\u00e4rskilt p\u00e5 dem som drabbats eller st\u00e5r n\u00e4ra dem. Somliga av oss har sl\u00e4ktingar eller v\u00e4nner som just nu s\u00f6rjer. Men h\u00e4nsynsl\u00f6sheten i s\u00e5dana d\u00e5d f\u00e5r inte skr\u00e4mma oss och f\u00f6rlama oss. Samtidigt kommer rapporter om \u00e4nnu v\u00e4rre <a class=\"read-more-link\" href=\"https:\/\/wp.kristdemokraterna.se\/ydre\/2017-04-09-sorg\/\">L\u00e4s mer<\/a><\/p>\n","protected":false},"author":793,"featured_media":0,"parent":0,"menu_order":0,"comment_status":"closed","ping_status":"closed","template":"","meta":{"_acf_changed":false,"footnotes":""},"class_list":["post-741","page","type-page","status-publish","hentry"],"acf":[],"yoast_head":"<!-- This site is optimized with the Yoast SEO plugin v27.5 - https:\/\/yoast.com\/product\/yoast-seo-wordpress\/ -->\n<title>2017-04-09 Sorg - Kristdemokraterna i Ydre<\/title>\n<meta name=\"robots\" content=\"index, follow, max-snippet:-1, max-image-preview:large, max-video-preview:-1\" \/>\n<link rel=\"canonical\" href=\"https:\/\/wp.kristdemokraterna.se\/ydre\/2017-04-09-sorg\/\" \/>\n<meta property=\"og:locale\" content=\"sv_SE\" \/>\n<meta property=\"og:type\" content=\"article\" \/>\n<meta property=\"og:title\" content=\"2017-04-09 Sorg - Kristdemokraterna i Ydre\" \/>\n<meta property=\"og:description\" content=\"Skakade, d\u00e4mpade, samlade. S\u00e5dana \u00e4r de flesta av oss efter det fruktansv\u00e4rda attentatet i Stockholm. Vi t\u00e4nker s\u00e4rskilt p\u00e5 dem som drabbats eller st\u00e5r n\u00e4ra dem. Somliga av oss har sl\u00e4ktingar eller v\u00e4nner som just nu s\u00f6rjer. Men h\u00e4nsynsl\u00f6sheten i s\u00e5dana d\u00e5d f\u00e5r inte skr\u00e4mma oss och f\u00f6rlama oss. Samtidigt kommer rapporter om \u00e4nnu v\u00e4rre L\u00e4s mer\" \/>\n<meta property=\"og:url\" content=\"https:\/\/wp.kristdemokraterna.se\/ydre\/2017-04-09-sorg\/\" \/>\n<meta property=\"og:site_name\" content=\"Kristdemokraterna i Ydre\" \/>\n<meta property=\"article:modified_time\" content=\"2018-07-07T16:35:14+00:00\" \/>\n<meta property=\"og:image\" content=\"http:\/\/ydrebo.se\/kd\/veckobrev2017\/ros.JPG\" \/>\n<meta name=\"twitter:card\" content=\"summary_large_image\" \/>\n<meta name=\"twitter:label1\" content=\"Ber\u00e4knad l\u00e4stid\" \/>\n\t<meta name=\"twitter:data1\" content=\"1 minut\" \/>\n<script type=\"application\/ld+json\" class=\"yoast-schema-graph\">{\"@context\":\"https:\\\/\\\/schema.org\",\"@graph\":[{\"@type\":\"WebPage\",\"@id\":\"https:\\\/\\\/wp.kristdemokraterna.se\\\/ydre\\\/2017-04-09-sorg\\\/\",\"url\":\"https:\\\/\\\/wp.kristdemokraterna.se\\\/ydre\\\/2017-04-09-sorg\\\/\",\"name\":\"2017-04-09 Sorg - Kristdemokraterna i Ydre\",\"isPartOf\":{\"@id\":\"https:\\\/\\\/wp.kristdemokraterna.se\\\/ydre\\\/#website\"},\"primaryImageOfPage\":{\"@id\":\"https:\\\/\\\/wp.kristdemokraterna.se\\\/ydre\\\/2017-04-09-sorg\\\/#primaryimage\"},\"image\":{\"@id\":\"https:\\\/\\\/wp.kristdemokraterna.se\\\/ydre\\\/2017-04-09-sorg\\\/#primaryimage\"},\"thumbnailUrl\":\"http:\\\/\\\/ydrebo.se\\\/kd\\\/veckobrev2017\\\/ros.JPG\",\"datePublished\":\"2018-07-07T16:34:51+00:00\",\"dateModified\":\"2018-07-07T16:35:14+00:00\",\"breadcrumb\":{\"@id\":\"https:\\\/\\\/wp.kristdemokraterna.se\\\/ydre\\\/2017-04-09-sorg\\\/#breadcrumb\"},\"inLanguage\":\"sv-SE\",\"potentialAction\":[{\"@type\":\"ReadAction\",\"target\":[\"https:\\\/\\\/wp.kristdemokraterna.se\\\/ydre\\\/2017-04-09-sorg\\\/\"]}]},{\"@type\":\"ImageObject\",\"inLanguage\":\"sv-SE\",\"@id\":\"https:\\\/\\\/wp.kristdemokraterna.se\\\/ydre\\\/2017-04-09-sorg\\\/#primaryimage\",\"url\":\"http:\\\/\\\/ydrebo.se\\\/kd\\\/veckobrev2017\\\/ros.JPG\",\"contentUrl\":\"http:\\\/\\\/ydrebo.se\\\/kd\\\/veckobrev2017\\\/ros.JPG\"},{\"@type\":\"BreadcrumbList\",\"@id\":\"https:\\\/\\\/wp.kristdemokraterna.se\\\/ydre\\\/2017-04-09-sorg\\\/#breadcrumb\",\"itemListElement\":[{\"@type\":\"ListItem\",\"position\":1,\"name\":\"Hem\",\"item\":\"https:\\\/\\\/wp.kristdemokraterna.se\\\/ydre\\\/\"},{\"@type\":\"ListItem\",\"position\":2,\"name\":\"2017-04-09 Sorg\"}]},{\"@type\":\"WebSite\",\"@id\":\"https:\\\/\\\/wp.kristdemokraterna.se\\\/ydre\\\/#website\",\"url\":\"https:\\\/\\\/wp.kristdemokraterna.se\\\/ydre\\\/\",\"name\":\"Kristdemokraterna i Ydre\",\"description\":\"En till Kristdemokraterna webbplats\",\"inLanguage\":\"sv-SE\"}]}<\/script>\n<!-- \/ Yoast SEO plugin. -->","yoast_head_json":{"title":"2017-04-09 Sorg - Kristdemokraterna i Ydre","robots":{"index":"index","follow":"follow","max-snippet":"max-snippet:-1","max-image-preview":"max-image-preview:large","max-video-preview":"max-video-preview:-1"},"canonical":"https:\/\/wp.kristdemokraterna.se\/ydre\/2017-04-09-sorg\/","og_locale":"sv_SE","og_type":"article","og_title":"2017-04-09 Sorg - Kristdemokraterna i Ydre","og_description":"Skakade, d\u00e4mpade, samlade. S\u00e5dana \u00e4r de flesta av oss efter det fruktansv\u00e4rda attentatet i Stockholm. Vi t\u00e4nker s\u00e4rskilt p\u00e5 dem som drabbats eller st\u00e5r n\u00e4ra dem. Somliga av oss har sl\u00e4ktingar eller v\u00e4nner som just nu s\u00f6rjer. Men h\u00e4nsynsl\u00f6sheten i s\u00e5dana d\u00e5d f\u00e5r inte skr\u00e4mma oss och f\u00f6rlama oss. Samtidigt kommer rapporter om \u00e4nnu v\u00e4rre L\u00e4s mer","og_url":"https:\/\/wp.kristdemokraterna.se\/ydre\/2017-04-09-sorg\/","og_site_name":"Kristdemokraterna i Ydre","article_modified_time":"2018-07-07T16:35:14+00:00","og_image":[{"url":"http:\/\/ydrebo.se\/kd\/veckobrev2017\/ros.JPG","type":"","width":"","height":""}],"twitter_card":"summary_large_image","twitter_misc":{"Ber\u00e4knad l\u00e4stid":"1 minut"},"schema":{"@context":"https:\/\/schema.org","@graph":[{"@type":"WebPage","@id":"https:\/\/wp.kristdemokraterna.se\/ydre\/2017-04-09-sorg\/","url":"https:\/\/wp.kristdemokraterna.se\/ydre\/2017-04-09-sorg\/","name":"2017-04-09 Sorg - Kristdemokraterna i Ydre","isPartOf":{"@id":"https:\/\/wp.kristdemokraterna.se\/ydre\/#website"},"primaryImageOfPage":{"@id":"https:\/\/wp.kristdemokraterna.se\/ydre\/2017-04-09-sorg\/#primaryimage"},"image":{"@id":"https:\/\/wp.kristdemokraterna.se\/ydre\/2017-04-09-sorg\/#primaryimage"},"thumbnailUrl":"http:\/\/ydrebo.se\/kd\/veckobrev2017\/ros.JPG","datePublished":"2018-07-07T16:34:51+00:00","dateModified":"2018-07-07T16:35:14+00:00","breadcrumb":{"@id":"https:\/\/wp.kristdemokraterna.se\/ydre\/2017-04-09-sorg\/#breadcrumb"},"inLanguage":"sv-SE","potentialAction":[{"@type":"ReadAction","target":["https:\/\/wp.kristdemokraterna.se\/ydre\/2017-04-09-sorg\/"]}]},{"@type":"ImageObject","inLanguage":"sv-SE","@id":"https:\/\/wp.kristdemokraterna.se\/ydre\/2017-04-09-sorg\/#primaryimage","url":"http:\/\/ydrebo.se\/kd\/veckobrev2017\/ros.JPG","contentUrl":"http:\/\/ydrebo.se\/kd\/veckobrev2017\/ros.JPG"},{"@type":"BreadcrumbList","@id":"https:\/\/wp.kristdemokraterna.se\/ydre\/2017-04-09-sorg\/#breadcrumb","itemListElement":[{"@type":"ListItem","position":1,"name":"Hem","item":"https:\/\/wp.kristdemokraterna.se\/ydre\/"},{"@type":"ListItem","position":2,"name":"2017-04-09 Sorg"}]},{"@type":"WebSite","@id":"https:\/\/wp.kristdemokraterna.se\/ydre\/#website","url":"https:\/\/wp.kristdemokraterna.se\/ydre\/","name":"Kristdemokraterna i Ydre","description":"En till Kristdemokraterna webbplats","inLanguage":"sv-SE"}]}},"_links":{"self":[{"href":"https:\/\/wp.kristdemokraterna.se\/ydre\/wp-json\/wp\/v2\/pages\/741","targetHints":{"allow":["GET"]}}],"collection":[{"href":"https:\/\/wp.kristdemokraterna.se\/ydre\/wp-json\/wp\/v2\/pages"}],"about":[{"href":"https:\/\/wp.kristdemokraterna.se\/ydre\/wp-json\/wp\/v2\/types\/page"}],"author":[{"embeddable":true,"href":"https:\/\/wp.kristdemokraterna.se\/ydre\/wp-json\/wp\/v2\/users\/793"}],"replies":[{"embeddable":true,"href":"https:\/\/wp.kristdemokraterna.se\/ydre\/wp-json\/wp\/v2\/comments?post=741"}],"version-history":[{"count":2,"href":"https:\/\/wp.kristdemokraterna.se\/ydre\/wp-json\/wp\/v2\/pages\/741\/revisions"}],"predecessor-version":[{"id":743,"href":"https:\/\/wp.kristdemokraterna.se\/ydre\/wp-json\/wp\/v2\/pages\/741\/revisions\/743"}],"wp:attachment":[{"href":"https:\/\/wp.kristdemokraterna.se\/ydre\/wp-json\/wp\/v2\/media?parent=741"}],"curies":[{"name":"wp","href":"https:\/\/api.w.org\/{rel}","templated":true}]}}