{"id":745,"date":"2018-07-07T18:36:55","date_gmt":"2018-07-07T16:36:55","guid":{"rendered":"http:\/\/wp.kristdemokraterna.se\/ydre\/?page_id=745"},"modified":"2018-07-07T18:37:33","modified_gmt":"2018-07-07T16:37:33","slug":"2017-04-15-kyliga-vindar","status":"publish","type":"page","link":"https:\/\/wp.kristdemokraterna.se\/ydre\/2017-04-15-kyliga-vindar\/","title":{"rendered":"2017-04-15 Kyliga vindar"},"content":{"rendered":"<p><img loading=\"lazy\" decoding=\"async\" src=\"http:\/\/ydrebo.se\/kd\/veckobrev2017\/gullvivor.JPG\" width=\"600\" height=\"464\" \/><\/p>\n<p><i>Inget politiskt t\u00f6v\u00e4der.<\/p>\n<p><\/i><span style=\"font-size: large\">I skuggan av terrorattentatet hade Socialdemokraterna sin partikongress f\u00f6rra helgen. Det var givetvis t\u00e4nkt som en uppladdning inf\u00f6r valet n\u00e4sta h\u00f6st.<br \/>\nEn del av det som best\u00e4mdes var l\u00e4tt att f\u00f6rutse, t.ex. att det skulle bli ett skarpt uttalande om &#8221;vinster i v\u00e4lf\u00e4rden&#8221;. D\u00e4remot kom det som en \u00f6verraskning hur kongressen st\u00e4llde sig till &#8221;religi\u00f6sa inslag&#8221; i skolor.<br \/>\nKort tid f\u00f6re kongressen uppdagades det att en viss muslimsk f\u00f6rskola l\u00e4t flickor och pojkar sitta i var sin del av skobussen. Statsministern gick strax ut och f\u00f6rd\u00f6mde f\u00f6rfarandet med mycket skarpa ord. Sedan gick utvecklingen inte att hejda. \u00c5tskilliga debatt\u00f6rer \u00f6nskade ett totalf\u00f6rbud f\u00f6r konfessionella skolor. S\u00e5 l\u00e5ngt gick inte kongressen men mot regeringens \u00f6nskan besl\u00f6ts att man vill ha ett f\u00f6rbud mot alla &#8221;religi\u00f6sa inslag&#8221; i alla skolor (allts\u00e5 under hela den tid barn vistas i skolan, inte bara p\u00e5 lektionerna).<br \/>\nMen vad var det man beslutade? Vad \u00e4r &#8221;religi\u00f6sa inslag&#8221;? Det \u00e4r t.ex. sv\u00e5rt att beteckna placering i skolbussen som ett s\u00e5dant. Och vem avg\u00f6r vad som \u00e4r otill\u00e5tet (somliga menar att Skolverket f\u00e5r avg\u00f6ra).<br \/>\nSomliga tror att yoga blir till\u00e5tet i skolan. Alla menar att den judiska skolan inte skall drabbas. Andra \u00e5ter h\u00e4vdar att skolavslutning i kyrkan f\u00e5r f\u00f6rekomma och att kristna elevgrupper skall f\u00e5 finnas och f\u00e5 tr\u00e4ffas i skolornas lokaler.<br \/>\nMycket \u00e4r allts\u00e5 oklart. Sverige har ju f\u00f6rbundit sig att respektera f\u00f6r\u00e4ldrarnas r\u00e4tt att v\u00e4lja utbildning och uppfostran f\u00f6r barnen. Hur g\u00e5r det ihop med kongressbeslutet? Det vet man inte heller.<br \/>\nEn sak \u00e4r s\u00e4ker. Man har \u00f6vergett en av r\u00e4ttssamh\u00e4llets principer, n\u00e4mligen den att var och en skall bed\u00f6mas efter sina egna handlingar och inte efter n\u00e5gon annans. Fast somliga talare p\u00e5 kongressen tycks ha menat att alla &#8221;religi\u00f6sa&#8221; \u00e4r precis lika d\u00e5liga. Det g\u00e4ller att skydda barnen fr\u00e5n det f\u00f6rskr\u00e4ckliga som deras f\u00f6r\u00e4ldrar uts\u00e4tter dem f\u00f6r.<br \/>\nEn talare vid kongessen s\u00e4gs ha \u00f6nskat att skolbarnen inte skall drabbas av det som h\u00e4nde honom. Han ber\u00e4ttade att en g\u00e5ng kom en representant f\u00f6r en frikyrka och hotade honom med sk\u00e4rselden.<br \/>\nDet \u00e4r n\u00e5gor konstigt med den historien. Frikyrkorna tror n\u00e4mligen inte p\u00e5 sk\u00e4rselden. Protestanterna har inte trott p\u00e5 sk\u00e4rselden under de senate 500 \u00e5ren, dvs s\u00e5 l\u00e4nge de funnits. Det h\u00f6r till allm\u00e4nbildningen att veta det. Det h\u00f6r till allm\u00e4nbildningen att veta hur reformationen b\u00f6rjade 1517 f\u00f6r just 500 \u00e5r sedan.<br \/>\nVilka fler felaktigheter vill man att skolan skall l\u00e4ra ut? B\u00f6r inte f\u00f6r\u00e4ldrar f\u00e5 v\u00e4lja en skola d\u00e4r deras barn f\u00e5r korrekt information? Det \u00e4r tveksamt om partikongressen ville det. I s\u00e5 fall \u00e4r det ett utm\u00e4rkt argument f\u00f6r att det m\u00e5ste finnas alternativ till partikongressens skola. Det \u00e4r l\u00e4ngesedan jag s\u00e5g ett s\u00e5 bra argument f\u00f6r friskolor av alla de slag.<\/span><\/p>\n<p><span style=\"font-size: large\"><i>Bengt Malm, ordf.<br \/>\n15 april\u00a0<\/i><\/span><\/p>\n","protected":false},"excerpt":{"rendered":"<p>Inget politiskt t\u00f6v\u00e4der. I skuggan av terrorattentatet hade Socialdemokraterna sin partikongress f\u00f6rra helgen. Det var givetvis t\u00e4nkt som en uppladdning inf\u00f6r valet n\u00e4sta h\u00f6st. En del av det som best\u00e4mdes var l\u00e4tt att f\u00f6rutse, t.ex. att det skulle bli ett skarpt uttalande om &#8221;vinster i v\u00e4lf\u00e4rden&#8221;. D\u00e4remot kom det som en \u00f6verraskning hur kongressen st\u00e4llde <a class=\"read-more-link\" href=\"https:\/\/wp.kristdemokraterna.se\/ydre\/2017-04-15-kyliga-vindar\/\">L\u00e4s mer<\/a><\/p>\n","protected":false},"author":793,"featured_media":0,"parent":0,"menu_order":0,"comment_status":"closed","ping_status":"closed","template":"","meta":{"_acf_changed":false,"footnotes":""},"class_list":["post-745","page","type-page","status-publish","hentry"],"acf":[],"yoast_head":"<!-- This site is optimized with the Yoast SEO plugin v27.5 - https:\/\/yoast.com\/product\/yoast-seo-wordpress\/ -->\n<title>2017-04-15 Kyliga vindar - Kristdemokraterna i Ydre<\/title>\n<meta name=\"robots\" content=\"index, follow, max-snippet:-1, max-image-preview:large, max-video-preview:-1\" \/>\n<link rel=\"canonical\" href=\"https:\/\/wp.kristdemokraterna.se\/ydre\/2017-04-15-kyliga-vindar\/\" \/>\n<meta property=\"og:locale\" content=\"sv_SE\" \/>\n<meta property=\"og:type\" content=\"article\" \/>\n<meta property=\"og:title\" content=\"2017-04-15 Kyliga vindar - Kristdemokraterna i Ydre\" \/>\n<meta property=\"og:description\" content=\"Inget politiskt t\u00f6v\u00e4der. I skuggan av terrorattentatet hade Socialdemokraterna sin partikongress f\u00f6rra helgen. Det var givetvis t\u00e4nkt som en uppladdning inf\u00f6r valet n\u00e4sta h\u00f6st. En del av det som best\u00e4mdes var l\u00e4tt att f\u00f6rutse, t.ex. att det skulle bli ett skarpt uttalande om &#8221;vinster i v\u00e4lf\u00e4rden&#8221;. D\u00e4remot kom det som en \u00f6verraskning hur kongressen st\u00e4llde L\u00e4s mer\" \/>\n<meta property=\"og:url\" content=\"https:\/\/wp.kristdemokraterna.se\/ydre\/2017-04-15-kyliga-vindar\/\" \/>\n<meta property=\"og:site_name\" content=\"Kristdemokraterna i Ydre\" \/>\n<meta property=\"article:modified_time\" content=\"2018-07-07T16:37:33+00:00\" \/>\n<meta property=\"og:image\" content=\"http:\/\/ydrebo.se\/kd\/veckobrev2017\/gullvivor.JPG\" \/>\n<meta name=\"twitter:card\" content=\"summary_large_image\" \/>\n<meta name=\"twitter:label1\" content=\"Ber\u00e4knad l\u00e4stid\" \/>\n\t<meta name=\"twitter:data1\" content=\"3 minuter\" \/>\n<script type=\"application\/ld+json\" class=\"yoast-schema-graph\">{\"@context\":\"https:\\\/\\\/schema.org\",\"@graph\":[{\"@type\":\"WebPage\",\"@id\":\"https:\\\/\\\/wp.kristdemokraterna.se\\\/ydre\\\/2017-04-15-kyliga-vindar\\\/\",\"url\":\"https:\\\/\\\/wp.kristdemokraterna.se\\\/ydre\\\/2017-04-15-kyliga-vindar\\\/\",\"name\":\"2017-04-15 Kyliga vindar - Kristdemokraterna i Ydre\",\"isPartOf\":{\"@id\":\"https:\\\/\\\/wp.kristdemokraterna.se\\\/ydre\\\/#website\"},\"primaryImageOfPage\":{\"@id\":\"https:\\\/\\\/wp.kristdemokraterna.se\\\/ydre\\\/2017-04-15-kyliga-vindar\\\/#primaryimage\"},\"image\":{\"@id\":\"https:\\\/\\\/wp.kristdemokraterna.se\\\/ydre\\\/2017-04-15-kyliga-vindar\\\/#primaryimage\"},\"thumbnailUrl\":\"http:\\\/\\\/ydrebo.se\\\/kd\\\/veckobrev2017\\\/gullvivor.JPG\",\"datePublished\":\"2018-07-07T16:36:55+00:00\",\"dateModified\":\"2018-07-07T16:37:33+00:00\",\"breadcrumb\":{\"@id\":\"https:\\\/\\\/wp.kristdemokraterna.se\\\/ydre\\\/2017-04-15-kyliga-vindar\\\/#breadcrumb\"},\"inLanguage\":\"sv-SE\",\"potentialAction\":[{\"@type\":\"ReadAction\",\"target\":[\"https:\\\/\\\/wp.kristdemokraterna.se\\\/ydre\\\/2017-04-15-kyliga-vindar\\\/\"]}]},{\"@type\":\"ImageObject\",\"inLanguage\":\"sv-SE\",\"@id\":\"https:\\\/\\\/wp.kristdemokraterna.se\\\/ydre\\\/2017-04-15-kyliga-vindar\\\/#primaryimage\",\"url\":\"http:\\\/\\\/ydrebo.se\\\/kd\\\/veckobrev2017\\\/gullvivor.JPG\",\"contentUrl\":\"http:\\\/\\\/ydrebo.se\\\/kd\\\/veckobrev2017\\\/gullvivor.JPG\"},{\"@type\":\"BreadcrumbList\",\"@id\":\"https:\\\/\\\/wp.kristdemokraterna.se\\\/ydre\\\/2017-04-15-kyliga-vindar\\\/#breadcrumb\",\"itemListElement\":[{\"@type\":\"ListItem\",\"position\":1,\"name\":\"Hem\",\"item\":\"https:\\\/\\\/wp.kristdemokraterna.se\\\/ydre\\\/\"},{\"@type\":\"ListItem\",\"position\":2,\"name\":\"2017-04-15 Kyliga vindar\"}]},{\"@type\":\"WebSite\",\"@id\":\"https:\\\/\\\/wp.kristdemokraterna.se\\\/ydre\\\/#website\",\"url\":\"https:\\\/\\\/wp.kristdemokraterna.se\\\/ydre\\\/\",\"name\":\"Kristdemokraterna i Ydre\",\"description\":\"En till Kristdemokraterna webbplats\",\"inLanguage\":\"sv-SE\"}]}<\/script>\n<!-- \/ Yoast SEO plugin. -->","yoast_head_json":{"title":"2017-04-15 Kyliga vindar - Kristdemokraterna i Ydre","robots":{"index":"index","follow":"follow","max-snippet":"max-snippet:-1","max-image-preview":"max-image-preview:large","max-video-preview":"max-video-preview:-1"},"canonical":"https:\/\/wp.kristdemokraterna.se\/ydre\/2017-04-15-kyliga-vindar\/","og_locale":"sv_SE","og_type":"article","og_title":"2017-04-15 Kyliga vindar - Kristdemokraterna i Ydre","og_description":"Inget politiskt t\u00f6v\u00e4der. I skuggan av terrorattentatet hade Socialdemokraterna sin partikongress f\u00f6rra helgen. Det var givetvis t\u00e4nkt som en uppladdning inf\u00f6r valet n\u00e4sta h\u00f6st. En del av det som best\u00e4mdes var l\u00e4tt att f\u00f6rutse, t.ex. att det skulle bli ett skarpt uttalande om &#8221;vinster i v\u00e4lf\u00e4rden&#8221;. D\u00e4remot kom det som en \u00f6verraskning hur kongressen st\u00e4llde L\u00e4s mer","og_url":"https:\/\/wp.kristdemokraterna.se\/ydre\/2017-04-15-kyliga-vindar\/","og_site_name":"Kristdemokraterna i Ydre","article_modified_time":"2018-07-07T16:37:33+00:00","og_image":[{"url":"http:\/\/ydrebo.se\/kd\/veckobrev2017\/gullvivor.JPG","type":"","width":"","height":""}],"twitter_card":"summary_large_image","twitter_misc":{"Ber\u00e4knad l\u00e4stid":"3 minuter"},"schema":{"@context":"https:\/\/schema.org","@graph":[{"@type":"WebPage","@id":"https:\/\/wp.kristdemokraterna.se\/ydre\/2017-04-15-kyliga-vindar\/","url":"https:\/\/wp.kristdemokraterna.se\/ydre\/2017-04-15-kyliga-vindar\/","name":"2017-04-15 Kyliga vindar - Kristdemokraterna i Ydre","isPartOf":{"@id":"https:\/\/wp.kristdemokraterna.se\/ydre\/#website"},"primaryImageOfPage":{"@id":"https:\/\/wp.kristdemokraterna.se\/ydre\/2017-04-15-kyliga-vindar\/#primaryimage"},"image":{"@id":"https:\/\/wp.kristdemokraterna.se\/ydre\/2017-04-15-kyliga-vindar\/#primaryimage"},"thumbnailUrl":"http:\/\/ydrebo.se\/kd\/veckobrev2017\/gullvivor.JPG","datePublished":"2018-07-07T16:36:55+00:00","dateModified":"2018-07-07T16:37:33+00:00","breadcrumb":{"@id":"https:\/\/wp.kristdemokraterna.se\/ydre\/2017-04-15-kyliga-vindar\/#breadcrumb"},"inLanguage":"sv-SE","potentialAction":[{"@type":"ReadAction","target":["https:\/\/wp.kristdemokraterna.se\/ydre\/2017-04-15-kyliga-vindar\/"]}]},{"@type":"ImageObject","inLanguage":"sv-SE","@id":"https:\/\/wp.kristdemokraterna.se\/ydre\/2017-04-15-kyliga-vindar\/#primaryimage","url":"http:\/\/ydrebo.se\/kd\/veckobrev2017\/gullvivor.JPG","contentUrl":"http:\/\/ydrebo.se\/kd\/veckobrev2017\/gullvivor.JPG"},{"@type":"BreadcrumbList","@id":"https:\/\/wp.kristdemokraterna.se\/ydre\/2017-04-15-kyliga-vindar\/#breadcrumb","itemListElement":[{"@type":"ListItem","position":1,"name":"Hem","item":"https:\/\/wp.kristdemokraterna.se\/ydre\/"},{"@type":"ListItem","position":2,"name":"2017-04-15 Kyliga vindar"}]},{"@type":"WebSite","@id":"https:\/\/wp.kristdemokraterna.se\/ydre\/#website","url":"https:\/\/wp.kristdemokraterna.se\/ydre\/","name":"Kristdemokraterna i Ydre","description":"En till Kristdemokraterna webbplats","inLanguage":"sv-SE"}]}},"_links":{"self":[{"href":"https:\/\/wp.kristdemokraterna.se\/ydre\/wp-json\/wp\/v2\/pages\/745","targetHints":{"allow":["GET"]}}],"collection":[{"href":"https:\/\/wp.kristdemokraterna.se\/ydre\/wp-json\/wp\/v2\/pages"}],"about":[{"href":"https:\/\/wp.kristdemokraterna.se\/ydre\/wp-json\/wp\/v2\/types\/page"}],"author":[{"embeddable":true,"href":"https:\/\/wp.kristdemokraterna.se\/ydre\/wp-json\/wp\/v2\/users\/793"}],"replies":[{"embeddable":true,"href":"https:\/\/wp.kristdemokraterna.se\/ydre\/wp-json\/wp\/v2\/comments?post=745"}],"version-history":[{"count":3,"href":"https:\/\/wp.kristdemokraterna.se\/ydre\/wp-json\/wp\/v2\/pages\/745\/revisions"}],"predecessor-version":[{"id":748,"href":"https:\/\/wp.kristdemokraterna.se\/ydre\/wp-json\/wp\/v2\/pages\/745\/revisions\/748"}],"wp:attachment":[{"href":"https:\/\/wp.kristdemokraterna.se\/ydre\/wp-json\/wp\/v2\/media?parent=745"}],"curies":[{"name":"wp","href":"https:\/\/api.w.org\/{rel}","templated":true}]}}