{"id":750,"date":"2018-07-07T18:39:27","date_gmt":"2018-07-07T16:39:27","guid":{"rendered":"http:\/\/wp.kristdemokraterna.se\/ydre\/?page_id=750"},"modified":"2018-07-07T18:39:48","modified_gmt":"2018-07-07T16:39:48","slug":"2017-04-20-de-lyckligt-lottade","status":"publish","type":"page","link":"https:\/\/wp.kristdemokraterna.se\/ydre\/2017-04-20-de-lyckligt-lottade\/","title":{"rendered":"2017-04-20 De lyckligt lottade"},"content":{"rendered":"<p><img loading=\"lazy\" decoding=\"async\" src=\"http:\/\/ydrebo.se\/kd\/veckobrev2016\/ydreskolan.JPG\" width=\"600\" height=\"462\" \/><\/p>\n<p><i>Vinstlott?<\/i><\/p>\n<p><span style=\"font-size: large\">De bra skolorna r\u00e4cker inte till alla. Det har skolkommissionen kommit fram till i dag. De r\u00e4cker inte ens till dem som vill g\u00e5 d\u00e4r (dvs till dem vilkas f\u00f6r\u00e4ldrar vill ha dem d\u00e4r).<br \/>\nDet f\u00f6rel\u00e5s att alla f\u00f6r\u00e4ldrar m\u00e5ste v\u00e4lja skola \u00e5t sina barn. D\u00e4rf\u00f6r skall de f\u00e5 saklig information om de tillg\u00e4ngliga skolorna.<br \/>\nMen vem skall ge denna information? Det finns n\u00e5got som alla skolbarn vet men som ingen skolstyrelse k\u00e4nner till. Det \u00e4r vilka l\u00e4rare som \u00e4r bra och vilka som inte \u00e4r det.<br \/>\nMen om nu en viss skola blir allt f\u00f6r popul\u00e4r (dvs bra)? Hittills har man haft k\u00f6system. Det missgynnar naturligtvis nyinflyttade barn f\u00f6r de kommer ju sist i k\u00f6n. Den l\u00f6sning som f\u00f6resl\u00e5s \u00e4r lottning.<br \/>\nLottning leder till att ovissheten blir \u00e4nnu st\u00f6rre. Skolan blir of\u00f6ruts\u00e4gbar. Id\u00e9n har mycket riktigt redan f\u00e5tt kritik.<br \/>\nMer pengar fr\u00e5n staten f\u00f6resl\u00e5s ocks\u00e5. Och visst beh\u00f6vs det. Men det \u00e4r inte bara brist p\u00e5 resurser bakom skolkrisen. Man ins\u00e5g det i skolkommissionen och f\u00f6rel\u00e5r \u00e4nnu mer utbildning av l\u00e4rarna. Man erk\u00e4nner allts\u00e5 att l\u00e4rarutbildningen inte har varit tillr\u00e4ckligt god.<br \/>\nL\u00e4roplanerna f\u00f6resl\u00e5s bli mer detaljerade. Dvs l\u00e4rarna vet i dag inte tillr\u00e4ckligt v\u00e4l vad de skall g\u00f6ra och hur de skall g\u00f6ra det.<br \/>\nTill slut handlar det i alla fall (vad skolkommissionen \u00e4n s\u00e4ger) om hurdan l\u00e4raren \u00e4r. S\u00e5 hur f\u00e5r vi de l\u00e4mpligaste personerna att bli l\u00e4rare?<br \/>\nDet \u00e4r tydligt att vi i Ydre m\u00e5ste vara r\u00e4dda om v\u00e5ra skolor. De barn som g\u00e5r d\u00e4r m\u00e5ste forts\u00e4tta att vara bland de mest lyckligt lottade i Sverige.<\/span><\/p>\n<p><span style=\"font-size: large\"><i>Bengt Malm, ordf.<br \/>\n20 april\u00a0<\/i><\/span><\/p>\n","protected":false},"excerpt":{"rendered":"<p>Vinstlott? De bra skolorna r\u00e4cker inte till alla. Det har skolkommissionen kommit fram till i dag. De r\u00e4cker inte ens till dem som vill g\u00e5 d\u00e4r (dvs till dem vilkas f\u00f6r\u00e4ldrar vill ha dem d\u00e4r). Det f\u00f6rel\u00e5s att alla f\u00f6r\u00e4ldrar m\u00e5ste v\u00e4lja skola \u00e5t sina barn. D\u00e4rf\u00f6r skall de f\u00e5 saklig information om de tillg\u00e4ngliga <a class=\"read-more-link\" href=\"https:\/\/wp.kristdemokraterna.se\/ydre\/2017-04-20-de-lyckligt-lottade\/\">L\u00e4s mer<\/a><\/p>\n","protected":false},"author":793,"featured_media":0,"parent":0,"menu_order":0,"comment_status":"closed","ping_status":"closed","template":"","meta":{"_acf_changed":false,"footnotes":""},"class_list":["post-750","page","type-page","status-publish","hentry"],"acf":[],"yoast_head":"<!-- This site is optimized with the Yoast SEO plugin v27.5 - https:\/\/yoast.com\/product\/yoast-seo-wordpress\/ -->\n<title>2017-04-20 De lyckligt lottade - Kristdemokraterna i Ydre<\/title>\n<meta name=\"robots\" content=\"index, follow, max-snippet:-1, max-image-preview:large, max-video-preview:-1\" \/>\n<link rel=\"canonical\" href=\"https:\/\/wp.kristdemokraterna.se\/ydre\/2017-04-20-de-lyckligt-lottade\/\" \/>\n<meta property=\"og:locale\" content=\"sv_SE\" \/>\n<meta property=\"og:type\" content=\"article\" \/>\n<meta property=\"og:title\" content=\"2017-04-20 De lyckligt lottade - Kristdemokraterna i Ydre\" \/>\n<meta property=\"og:description\" content=\"Vinstlott? De bra skolorna r\u00e4cker inte till alla. Det har skolkommissionen kommit fram till i dag. De r\u00e4cker inte ens till dem som vill g\u00e5 d\u00e4r (dvs till dem vilkas f\u00f6r\u00e4ldrar vill ha dem d\u00e4r). Det f\u00f6rel\u00e5s att alla f\u00f6r\u00e4ldrar m\u00e5ste v\u00e4lja skola \u00e5t sina barn. D\u00e4rf\u00f6r skall de f\u00e5 saklig information om de tillg\u00e4ngliga L\u00e4s mer\" \/>\n<meta property=\"og:url\" content=\"https:\/\/wp.kristdemokraterna.se\/ydre\/2017-04-20-de-lyckligt-lottade\/\" \/>\n<meta property=\"og:site_name\" content=\"Kristdemokraterna i Ydre\" \/>\n<meta property=\"article:modified_time\" content=\"2018-07-07T16:39:48+00:00\" \/>\n<meta property=\"og:image\" content=\"http:\/\/ydrebo.se\/kd\/veckobrev2016\/ydreskolan.JPG\" \/>\n<meta name=\"twitter:card\" content=\"summary_large_image\" \/>\n<meta name=\"twitter:label1\" content=\"Ber\u00e4knad l\u00e4stid\" \/>\n\t<meta name=\"twitter:data1\" content=\"2 minuter\" \/>\n<script type=\"application\/ld+json\" class=\"yoast-schema-graph\">{\"@context\":\"https:\\\/\\\/schema.org\",\"@graph\":[{\"@type\":\"WebPage\",\"@id\":\"https:\\\/\\\/wp.kristdemokraterna.se\\\/ydre\\\/2017-04-20-de-lyckligt-lottade\\\/\",\"url\":\"https:\\\/\\\/wp.kristdemokraterna.se\\\/ydre\\\/2017-04-20-de-lyckligt-lottade\\\/\",\"name\":\"2017-04-20 De lyckligt lottade - Kristdemokraterna i Ydre\",\"isPartOf\":{\"@id\":\"https:\\\/\\\/wp.kristdemokraterna.se\\\/ydre\\\/#website\"},\"primaryImageOfPage\":{\"@id\":\"https:\\\/\\\/wp.kristdemokraterna.se\\\/ydre\\\/2017-04-20-de-lyckligt-lottade\\\/#primaryimage\"},\"image\":{\"@id\":\"https:\\\/\\\/wp.kristdemokraterna.se\\\/ydre\\\/2017-04-20-de-lyckligt-lottade\\\/#primaryimage\"},\"thumbnailUrl\":\"http:\\\/\\\/ydrebo.se\\\/kd\\\/veckobrev2016\\\/ydreskolan.JPG\",\"datePublished\":\"2018-07-07T16:39:27+00:00\",\"dateModified\":\"2018-07-07T16:39:48+00:00\",\"breadcrumb\":{\"@id\":\"https:\\\/\\\/wp.kristdemokraterna.se\\\/ydre\\\/2017-04-20-de-lyckligt-lottade\\\/#breadcrumb\"},\"inLanguage\":\"sv-SE\",\"potentialAction\":[{\"@type\":\"ReadAction\",\"target\":[\"https:\\\/\\\/wp.kristdemokraterna.se\\\/ydre\\\/2017-04-20-de-lyckligt-lottade\\\/\"]}]},{\"@type\":\"ImageObject\",\"inLanguage\":\"sv-SE\",\"@id\":\"https:\\\/\\\/wp.kristdemokraterna.se\\\/ydre\\\/2017-04-20-de-lyckligt-lottade\\\/#primaryimage\",\"url\":\"http:\\\/\\\/ydrebo.se\\\/kd\\\/veckobrev2016\\\/ydreskolan.JPG\",\"contentUrl\":\"http:\\\/\\\/ydrebo.se\\\/kd\\\/veckobrev2016\\\/ydreskolan.JPG\"},{\"@type\":\"BreadcrumbList\",\"@id\":\"https:\\\/\\\/wp.kristdemokraterna.se\\\/ydre\\\/2017-04-20-de-lyckligt-lottade\\\/#breadcrumb\",\"itemListElement\":[{\"@type\":\"ListItem\",\"position\":1,\"name\":\"Hem\",\"item\":\"https:\\\/\\\/wp.kristdemokraterna.se\\\/ydre\\\/\"},{\"@type\":\"ListItem\",\"position\":2,\"name\":\"2017-04-20 De lyckligt lottade\"}]},{\"@type\":\"WebSite\",\"@id\":\"https:\\\/\\\/wp.kristdemokraterna.se\\\/ydre\\\/#website\",\"url\":\"https:\\\/\\\/wp.kristdemokraterna.se\\\/ydre\\\/\",\"name\":\"Kristdemokraterna i Ydre\",\"description\":\"En till Kristdemokraterna webbplats\",\"inLanguage\":\"sv-SE\"}]}<\/script>\n<!-- \/ Yoast SEO plugin. -->","yoast_head_json":{"title":"2017-04-20 De lyckligt lottade - Kristdemokraterna i Ydre","robots":{"index":"index","follow":"follow","max-snippet":"max-snippet:-1","max-image-preview":"max-image-preview:large","max-video-preview":"max-video-preview:-1"},"canonical":"https:\/\/wp.kristdemokraterna.se\/ydre\/2017-04-20-de-lyckligt-lottade\/","og_locale":"sv_SE","og_type":"article","og_title":"2017-04-20 De lyckligt lottade - Kristdemokraterna i Ydre","og_description":"Vinstlott? De bra skolorna r\u00e4cker inte till alla. Det har skolkommissionen kommit fram till i dag. De r\u00e4cker inte ens till dem som vill g\u00e5 d\u00e4r (dvs till dem vilkas f\u00f6r\u00e4ldrar vill ha dem d\u00e4r). Det f\u00f6rel\u00e5s att alla f\u00f6r\u00e4ldrar m\u00e5ste v\u00e4lja skola \u00e5t sina barn. D\u00e4rf\u00f6r skall de f\u00e5 saklig information om de tillg\u00e4ngliga L\u00e4s mer","og_url":"https:\/\/wp.kristdemokraterna.se\/ydre\/2017-04-20-de-lyckligt-lottade\/","og_site_name":"Kristdemokraterna i Ydre","article_modified_time":"2018-07-07T16:39:48+00:00","og_image":[{"url":"http:\/\/ydrebo.se\/kd\/veckobrev2016\/ydreskolan.JPG","type":"","width":"","height":""}],"twitter_card":"summary_large_image","twitter_misc":{"Ber\u00e4knad l\u00e4stid":"2 minuter"},"schema":{"@context":"https:\/\/schema.org","@graph":[{"@type":"WebPage","@id":"https:\/\/wp.kristdemokraterna.se\/ydre\/2017-04-20-de-lyckligt-lottade\/","url":"https:\/\/wp.kristdemokraterna.se\/ydre\/2017-04-20-de-lyckligt-lottade\/","name":"2017-04-20 De lyckligt lottade - Kristdemokraterna i Ydre","isPartOf":{"@id":"https:\/\/wp.kristdemokraterna.se\/ydre\/#website"},"primaryImageOfPage":{"@id":"https:\/\/wp.kristdemokraterna.se\/ydre\/2017-04-20-de-lyckligt-lottade\/#primaryimage"},"image":{"@id":"https:\/\/wp.kristdemokraterna.se\/ydre\/2017-04-20-de-lyckligt-lottade\/#primaryimage"},"thumbnailUrl":"http:\/\/ydrebo.se\/kd\/veckobrev2016\/ydreskolan.JPG","datePublished":"2018-07-07T16:39:27+00:00","dateModified":"2018-07-07T16:39:48+00:00","breadcrumb":{"@id":"https:\/\/wp.kristdemokraterna.se\/ydre\/2017-04-20-de-lyckligt-lottade\/#breadcrumb"},"inLanguage":"sv-SE","potentialAction":[{"@type":"ReadAction","target":["https:\/\/wp.kristdemokraterna.se\/ydre\/2017-04-20-de-lyckligt-lottade\/"]}]},{"@type":"ImageObject","inLanguage":"sv-SE","@id":"https:\/\/wp.kristdemokraterna.se\/ydre\/2017-04-20-de-lyckligt-lottade\/#primaryimage","url":"http:\/\/ydrebo.se\/kd\/veckobrev2016\/ydreskolan.JPG","contentUrl":"http:\/\/ydrebo.se\/kd\/veckobrev2016\/ydreskolan.JPG"},{"@type":"BreadcrumbList","@id":"https:\/\/wp.kristdemokraterna.se\/ydre\/2017-04-20-de-lyckligt-lottade\/#breadcrumb","itemListElement":[{"@type":"ListItem","position":1,"name":"Hem","item":"https:\/\/wp.kristdemokraterna.se\/ydre\/"},{"@type":"ListItem","position":2,"name":"2017-04-20 De lyckligt lottade"}]},{"@type":"WebSite","@id":"https:\/\/wp.kristdemokraterna.se\/ydre\/#website","url":"https:\/\/wp.kristdemokraterna.se\/ydre\/","name":"Kristdemokraterna i Ydre","description":"En till Kristdemokraterna webbplats","inLanguage":"sv-SE"}]}},"_links":{"self":[{"href":"https:\/\/wp.kristdemokraterna.se\/ydre\/wp-json\/wp\/v2\/pages\/750","targetHints":{"allow":["GET"]}}],"collection":[{"href":"https:\/\/wp.kristdemokraterna.se\/ydre\/wp-json\/wp\/v2\/pages"}],"about":[{"href":"https:\/\/wp.kristdemokraterna.se\/ydre\/wp-json\/wp\/v2\/types\/page"}],"author":[{"embeddable":true,"href":"https:\/\/wp.kristdemokraterna.se\/ydre\/wp-json\/wp\/v2\/users\/793"}],"replies":[{"embeddable":true,"href":"https:\/\/wp.kristdemokraterna.se\/ydre\/wp-json\/wp\/v2\/comments?post=750"}],"version-history":[{"count":2,"href":"https:\/\/wp.kristdemokraterna.se\/ydre\/wp-json\/wp\/v2\/pages\/750\/revisions"}],"predecessor-version":[{"id":752,"href":"https:\/\/wp.kristdemokraterna.se\/ydre\/wp-json\/wp\/v2\/pages\/750\/revisions\/752"}],"wp:attachment":[{"href":"https:\/\/wp.kristdemokraterna.se\/ydre\/wp-json\/wp\/v2\/media?parent=750"}],"curies":[{"name":"wp","href":"https:\/\/api.w.org\/{rel}","templated":true}]}}