{"id":754,"date":"2018-07-07T18:41:38","date_gmt":"2018-07-07T16:41:38","guid":{"rendered":"http:\/\/wp.kristdemokraterna.se\/ydre\/?page_id=754"},"modified":"2018-07-07T18:42:57","modified_gmt":"2018-07-07T16:42:57","slug":"2017-04-27-finns-det-mat","status":"publish","type":"page","link":"https:\/\/wp.kristdemokraterna.se\/ydre\/2017-04-27-finns-det-mat\/","title":{"rendered":"2017-04-27 Finns det mat?"},"content":{"rendered":"<p>Det g\u00f6r det inte. Det ser bara ut s\u00e5. Visst finns det mat p\u00e5 hyllorna i v\u00e5ra aff\u00e4rer. Men det finns inte mycket i lager utan allt tar snart slut om det blir en kris.<br \/>\nMen ocks\u00e5 utan kris beh\u00f6ver livsmedelsproduktionen i Sverige \u00f6ka. F\u00f6r n\u00e5gra dagar sedan hade Ydre bes\u00f6k av n\u00e5gra representanter f\u00f6r l\u00e4nsstyrelsen och Region \u00d6sterg\u00f6tland. Man h\u00e5ller p\u00e5 att utarbeta en plan f\u00f6r hur mer livsmedel skall kunna produceras i v\u00e5r region.<\/p>\n<p><img loading=\"lazy\" decoding=\"async\" src=\"http:\/\/ydrebo.se\/kd\/veckobrev2016\/boskap.JPG\" width=\"600\" height=\"462\" \/><br \/>\n<i>Livsmedelsproduktion i Ydre (Ukreda).<\/p>\n<p><\/i>Vi fr\u00e5n Ydre kommun talade ganska mycket med v\u00e5ra g\u00e4ster om olika konkreta \u00e5tg\u00e4rder. S\u00e5 det kommer nog snart en plan f\u00f6r regionen. Men livsmedelspruktionen h\u00f6r naturligtvis ihop med andra landsbygdsfr\u00e5gor.<\/p>\n<p><img loading=\"lazy\" decoding=\"async\" src=\"http:\/\/ydrebo.se\/kd\/veckobrev2017\/lovasa.JPG\" width=\"450\" height=\"450\" \/><br \/>\n<i>S\u00e5dana livsmedelsproducenter beh\u00f6ver sj\u00e4lva mat (L\u00f6v\u00e5sa).<\/p>\n<p><\/i>Sj\u00e4lv h\u00e4vdade jag s\u00e5 starkt jag kunde att det m\u00e5ste finnas fullst\u00e4ndiga samh\u00e4llsfunktioner p\u00e5 landet om vi skall kunna ha ett friskt lantbruk. Det har inte varit s\u00e5 l\u00e4tt att f\u00e5 fram det budskapet till stadsbor.<\/p>\n<p><img loading=\"lazy\" decoding=\"async\" src=\"http:\/\/ydrebo.se\/kd\/veckobrev2017\/lindasen.JPG\" width=\"600\" height=\"450\" \/><br \/>\n<i>Mer livsmedelsproduktion i Ydre (Lind\u00e5sen).<\/p>\n<p><\/i>S\u00e5 vi m\u00e5ste forts\u00e4tta att tala om vad som beh\u00f6vs p\u00e5 landsbygden. Fredagen den 5 maj kl. 18.30 kommer riksdagsman Magnus Oscarsson till Vuxenskolan i \u00d6sterbymo och talar om \u00e4mnet &#8221;\u00c4r landsbygden viktig?&#8221; Kom och s\u00e4g din mening!<\/p>\n<p><img loading=\"lazy\" decoding=\"async\" src=\"http:\/\/ydrebo.se\/kd\/veckobrev2016\/lindasen.JPG\" width=\"600\" height=\"461\" \/><br \/>\n<i>N\u00e5gra f\u00e5 av livsmedelsproducenterna i Lind\u00e5sen.<\/p>\n<p><\/i><i>Bengt Malm, ordf.<br \/>\n27 april\u00a0<\/i><\/p>\n","protected":false},"excerpt":{"rendered":"<p>Det g\u00f6r det inte. Det ser bara ut s\u00e5. Visst finns det mat p\u00e5 hyllorna i v\u00e5ra aff\u00e4rer. Men det finns inte mycket i lager utan allt tar snart slut om det blir en kris. Men ocks\u00e5 utan kris beh\u00f6ver livsmedelsproduktionen i Sverige \u00f6ka. F\u00f6r n\u00e5gra dagar sedan hade Ydre bes\u00f6k av n\u00e5gra representanter f\u00f6r <a class=\"read-more-link\" href=\"https:\/\/wp.kristdemokraterna.se\/ydre\/2017-04-27-finns-det-mat\/\">L\u00e4s mer<\/a><\/p>\n","protected":false},"author":793,"featured_media":0,"parent":0,"menu_order":0,"comment_status":"closed","ping_status":"closed","template":"","meta":{"_acf_changed":false,"footnotes":""},"class_list":["post-754","page","type-page","status-publish","hentry"],"acf":[],"yoast_head":"<!-- This site is optimized with the Yoast SEO plugin v27.5 - https:\/\/yoast.com\/product\/yoast-seo-wordpress\/ -->\n<title>2017-04-27 Finns det mat? - Kristdemokraterna i Ydre<\/title>\n<meta name=\"robots\" content=\"index, follow, max-snippet:-1, max-image-preview:large, max-video-preview:-1\" \/>\n<link rel=\"canonical\" href=\"https:\/\/wp.kristdemokraterna.se\/ydre\/2017-04-27-finns-det-mat\/\" \/>\n<meta property=\"og:locale\" content=\"sv_SE\" \/>\n<meta property=\"og:type\" content=\"article\" \/>\n<meta property=\"og:title\" content=\"2017-04-27 Finns det mat? - Kristdemokraterna i Ydre\" \/>\n<meta property=\"og:description\" content=\"Det g\u00f6r det inte. Det ser bara ut s\u00e5. Visst finns det mat p\u00e5 hyllorna i v\u00e5ra aff\u00e4rer. Men det finns inte mycket i lager utan allt tar snart slut om det blir en kris. Men ocks\u00e5 utan kris beh\u00f6ver livsmedelsproduktionen i Sverige \u00f6ka. F\u00f6r n\u00e5gra dagar sedan hade Ydre bes\u00f6k av n\u00e5gra representanter f\u00f6r L\u00e4s mer\" \/>\n<meta property=\"og:url\" content=\"https:\/\/wp.kristdemokraterna.se\/ydre\/2017-04-27-finns-det-mat\/\" \/>\n<meta property=\"og:site_name\" content=\"Kristdemokraterna i Ydre\" \/>\n<meta property=\"article:modified_time\" content=\"2018-07-07T16:42:57+00:00\" \/>\n<meta property=\"og:image\" content=\"http:\/\/ydrebo.se\/kd\/veckobrev2016\/boskap.JPG\" \/>\n<meta name=\"twitter:card\" content=\"summary_large_image\" \/>\n<meta name=\"twitter:label1\" content=\"Ber\u00e4knad l\u00e4stid\" \/>\n\t<meta name=\"twitter:data1\" content=\"1 minut\" \/>\n<script type=\"application\/ld+json\" class=\"yoast-schema-graph\">{\"@context\":\"https:\\\/\\\/schema.org\",\"@graph\":[{\"@type\":\"WebPage\",\"@id\":\"https:\\\/\\\/wp.kristdemokraterna.se\\\/ydre\\\/2017-04-27-finns-det-mat\\\/\",\"url\":\"https:\\\/\\\/wp.kristdemokraterna.se\\\/ydre\\\/2017-04-27-finns-det-mat\\\/\",\"name\":\"2017-04-27 Finns det mat? - Kristdemokraterna i Ydre\",\"isPartOf\":{\"@id\":\"https:\\\/\\\/wp.kristdemokraterna.se\\\/ydre\\\/#website\"},\"primaryImageOfPage\":{\"@id\":\"https:\\\/\\\/wp.kristdemokraterna.se\\\/ydre\\\/2017-04-27-finns-det-mat\\\/#primaryimage\"},\"image\":{\"@id\":\"https:\\\/\\\/wp.kristdemokraterna.se\\\/ydre\\\/2017-04-27-finns-det-mat\\\/#primaryimage\"},\"thumbnailUrl\":\"http:\\\/\\\/ydrebo.se\\\/kd\\\/veckobrev2016\\\/boskap.JPG\",\"datePublished\":\"2018-07-07T16:41:38+00:00\",\"dateModified\":\"2018-07-07T16:42:57+00:00\",\"breadcrumb\":{\"@id\":\"https:\\\/\\\/wp.kristdemokraterna.se\\\/ydre\\\/2017-04-27-finns-det-mat\\\/#breadcrumb\"},\"inLanguage\":\"sv-SE\",\"potentialAction\":[{\"@type\":\"ReadAction\",\"target\":[\"https:\\\/\\\/wp.kristdemokraterna.se\\\/ydre\\\/2017-04-27-finns-det-mat\\\/\"]}]},{\"@type\":\"ImageObject\",\"inLanguage\":\"sv-SE\",\"@id\":\"https:\\\/\\\/wp.kristdemokraterna.se\\\/ydre\\\/2017-04-27-finns-det-mat\\\/#primaryimage\",\"url\":\"http:\\\/\\\/ydrebo.se\\\/kd\\\/veckobrev2016\\\/boskap.JPG\",\"contentUrl\":\"http:\\\/\\\/ydrebo.se\\\/kd\\\/veckobrev2016\\\/boskap.JPG\"},{\"@type\":\"BreadcrumbList\",\"@id\":\"https:\\\/\\\/wp.kristdemokraterna.se\\\/ydre\\\/2017-04-27-finns-det-mat\\\/#breadcrumb\",\"itemListElement\":[{\"@type\":\"ListItem\",\"position\":1,\"name\":\"Hem\",\"item\":\"https:\\\/\\\/wp.kristdemokraterna.se\\\/ydre\\\/\"},{\"@type\":\"ListItem\",\"position\":2,\"name\":\"2017-04-27 Finns det mat?\"}]},{\"@type\":\"WebSite\",\"@id\":\"https:\\\/\\\/wp.kristdemokraterna.se\\\/ydre\\\/#website\",\"url\":\"https:\\\/\\\/wp.kristdemokraterna.se\\\/ydre\\\/\",\"name\":\"Kristdemokraterna i Ydre\",\"description\":\"En till Kristdemokraterna webbplats\",\"inLanguage\":\"sv-SE\"}]}<\/script>\n<!-- \/ Yoast SEO plugin. -->","yoast_head_json":{"title":"2017-04-27 Finns det mat? - Kristdemokraterna i Ydre","robots":{"index":"index","follow":"follow","max-snippet":"max-snippet:-1","max-image-preview":"max-image-preview:large","max-video-preview":"max-video-preview:-1"},"canonical":"https:\/\/wp.kristdemokraterna.se\/ydre\/2017-04-27-finns-det-mat\/","og_locale":"sv_SE","og_type":"article","og_title":"2017-04-27 Finns det mat? - Kristdemokraterna i Ydre","og_description":"Det g\u00f6r det inte. Det ser bara ut s\u00e5. Visst finns det mat p\u00e5 hyllorna i v\u00e5ra aff\u00e4rer. Men det finns inte mycket i lager utan allt tar snart slut om det blir en kris. Men ocks\u00e5 utan kris beh\u00f6ver livsmedelsproduktionen i Sverige \u00f6ka. F\u00f6r n\u00e5gra dagar sedan hade Ydre bes\u00f6k av n\u00e5gra representanter f\u00f6r L\u00e4s mer","og_url":"https:\/\/wp.kristdemokraterna.se\/ydre\/2017-04-27-finns-det-mat\/","og_site_name":"Kristdemokraterna i Ydre","article_modified_time":"2018-07-07T16:42:57+00:00","og_image":[{"url":"http:\/\/ydrebo.se\/kd\/veckobrev2016\/boskap.JPG","type":"","width":"","height":""}],"twitter_card":"summary_large_image","twitter_misc":{"Ber\u00e4knad l\u00e4stid":"1 minut"},"schema":{"@context":"https:\/\/schema.org","@graph":[{"@type":"WebPage","@id":"https:\/\/wp.kristdemokraterna.se\/ydre\/2017-04-27-finns-det-mat\/","url":"https:\/\/wp.kristdemokraterna.se\/ydre\/2017-04-27-finns-det-mat\/","name":"2017-04-27 Finns det mat? - Kristdemokraterna i Ydre","isPartOf":{"@id":"https:\/\/wp.kristdemokraterna.se\/ydre\/#website"},"primaryImageOfPage":{"@id":"https:\/\/wp.kristdemokraterna.se\/ydre\/2017-04-27-finns-det-mat\/#primaryimage"},"image":{"@id":"https:\/\/wp.kristdemokraterna.se\/ydre\/2017-04-27-finns-det-mat\/#primaryimage"},"thumbnailUrl":"http:\/\/ydrebo.se\/kd\/veckobrev2016\/boskap.JPG","datePublished":"2018-07-07T16:41:38+00:00","dateModified":"2018-07-07T16:42:57+00:00","breadcrumb":{"@id":"https:\/\/wp.kristdemokraterna.se\/ydre\/2017-04-27-finns-det-mat\/#breadcrumb"},"inLanguage":"sv-SE","potentialAction":[{"@type":"ReadAction","target":["https:\/\/wp.kristdemokraterna.se\/ydre\/2017-04-27-finns-det-mat\/"]}]},{"@type":"ImageObject","inLanguage":"sv-SE","@id":"https:\/\/wp.kristdemokraterna.se\/ydre\/2017-04-27-finns-det-mat\/#primaryimage","url":"http:\/\/ydrebo.se\/kd\/veckobrev2016\/boskap.JPG","contentUrl":"http:\/\/ydrebo.se\/kd\/veckobrev2016\/boskap.JPG"},{"@type":"BreadcrumbList","@id":"https:\/\/wp.kristdemokraterna.se\/ydre\/2017-04-27-finns-det-mat\/#breadcrumb","itemListElement":[{"@type":"ListItem","position":1,"name":"Hem","item":"https:\/\/wp.kristdemokraterna.se\/ydre\/"},{"@type":"ListItem","position":2,"name":"2017-04-27 Finns det mat?"}]},{"@type":"WebSite","@id":"https:\/\/wp.kristdemokraterna.se\/ydre\/#website","url":"https:\/\/wp.kristdemokraterna.se\/ydre\/","name":"Kristdemokraterna i Ydre","description":"En till Kristdemokraterna webbplats","inLanguage":"sv-SE"}]}},"_links":{"self":[{"href":"https:\/\/wp.kristdemokraterna.se\/ydre\/wp-json\/wp\/v2\/pages\/754","targetHints":{"allow":["GET"]}}],"collection":[{"href":"https:\/\/wp.kristdemokraterna.se\/ydre\/wp-json\/wp\/v2\/pages"}],"about":[{"href":"https:\/\/wp.kristdemokraterna.se\/ydre\/wp-json\/wp\/v2\/types\/page"}],"author":[{"embeddable":true,"href":"https:\/\/wp.kristdemokraterna.se\/ydre\/wp-json\/wp\/v2\/users\/793"}],"replies":[{"embeddable":true,"href":"https:\/\/wp.kristdemokraterna.se\/ydre\/wp-json\/wp\/v2\/comments?post=754"}],"version-history":[{"count":3,"href":"https:\/\/wp.kristdemokraterna.se\/ydre\/wp-json\/wp\/v2\/pages\/754\/revisions"}],"predecessor-version":[{"id":757,"href":"https:\/\/wp.kristdemokraterna.se\/ydre\/wp-json\/wp\/v2\/pages\/754\/revisions\/757"}],"wp:attachment":[{"href":"https:\/\/wp.kristdemokraterna.se\/ydre\/wp-json\/wp\/v2\/media?parent=754"}],"curies":[{"name":"wp","href":"https:\/\/api.w.org\/{rel}","templated":true}]}}