{"id":759,"date":"2018-07-07T18:44:36","date_gmt":"2018-07-07T16:44:36","guid":{"rendered":"http:\/\/wp.kristdemokraterna.se\/ydre\/?page_id=759"},"modified":"2018-07-07T18:45:03","modified_gmt":"2018-07-07T16:45:03","slug":"2017-05-09-europa-en-marche","status":"publish","type":"page","link":"https:\/\/wp.kristdemokraterna.se\/ydre\/2017-05-09-europa-en-marche\/","title":{"rendered":"2017-05-09 Europa en marche?"},"content":{"rendered":"<p><i>&#8221;Fram\u00e5t!&#8221;<\/i>\u00a0utropade Emmanuel Macron n\u00e4r han f\u00f6rra \u00e5ret l\u00e4mnade Frankrikes regering. Han startade en ny r\u00f6relse med namnet\u00a0<i>En Marche!<\/i>\u00a0och har nu blivit vald till landets president.<br \/>\nMacron besegrade Nationella Frontens kandidat p\u00e5 ett mycket \u00f6vertygande s\u00e4tt. Men m\u00e5nga r\u00f6stade nog p\u00e5 honom just f\u00f6r att inte f\u00e5 en invandrarkritisk och EU-kritisk president.<\/p>\n<p><img loading=\"lazy\" decoding=\"async\" src=\"http:\/\/ydrebo.se\/kd\/veckobrev2017\/park.JPG\" width=\"600\" height=\"460\" \/><br \/>\n<i>Beh\u00f6ver vi i v\u00e5rt underbara Ydre oroa oss f\u00f6r Europa? (Park i \u00d6sterbymo.)<\/p>\n<p><\/i>I Sverige har hela samh\u00e4llet byggts om utifr\u00e5n \u00f6vertygelsen att Europa tryggt finns d\u00e4rute. Vi har k\u00e4nt att vi kunnat lita p\u00e5 Europa. Men nu har det blivit mer oro. Kan vi vara s\u00e5 s\u00e4kra p\u00e5 att EU:s l\u00e4nder h\u00e5ller sams och st\u00f6ttar varandra? Visserligen har inget mer land f\u00f6ljt Storbritanniens exempel och beg\u00e4rt uttr\u00e4de ur EU. Men os\u00e4kerheten \u00f6kar ocks\u00e5 hos oss. Och d\u00e5 uppt\u00e4cker vi att vi inte har n\u00e5gon beredskap alls f\u00f6r en situation d\u00e5 vi skulle bli ensamma och f\u00f6rs\u00f6rja oss sj\u00e4lva. Det kan vi inte l\u00e4ngre &#8211; inte ens en kort tid.<br \/>\nKommer Macron att f\u00f6ra Frankrike fram\u00e5t p\u00e5 det s\u00e4tt han t\u00e4nkt sig? Snart blir det parlamentsval i hans land och d\u00e5 kommer det att visa sig vilket st\u00f6d han f\u00e5r. Det kommer att visa sig vilket st\u00f6d Europa f\u00e5r fr\u00e5n Frankrike. Kommer allts\u00e5 Europa att g\u00e5 fram\u00e5t?<\/p>\n<p><img loading=\"lazy\" decoding=\"async\" src=\"http:\/\/ydrebo.se\/kd\/veckobrev2017\/gullviva.JPG\" width=\"600\" height=\"461\" \/><br \/>\n<i>Trots allt g\u00e5r v\u00e5ren fram\u00e5t ocks\u00e5 h\u00e4r.<\/p>\n<p><\/i><i>Bengt Malm, ordf.<br \/>\n9 maj\u00a0<\/i><\/p>\n","protected":false},"excerpt":{"rendered":"<p>&#8221;Fram\u00e5t!&#8221;\u00a0utropade Emmanuel Macron n\u00e4r han f\u00f6rra \u00e5ret l\u00e4mnade Frankrikes regering. Han startade en ny r\u00f6relse med namnet\u00a0En Marche!\u00a0och har nu blivit vald till landets president. Macron besegrade Nationella Frontens kandidat p\u00e5 ett mycket \u00f6vertygande s\u00e4tt. Men m\u00e5nga r\u00f6stade nog p\u00e5 honom just f\u00f6r att inte f\u00e5 en invandrarkritisk och EU-kritisk president. Beh\u00f6ver vi i v\u00e5rt <a class=\"read-more-link\" href=\"https:\/\/wp.kristdemokraterna.se\/ydre\/2017-05-09-europa-en-marche\/\">L\u00e4s mer<\/a><\/p>\n","protected":false},"author":793,"featured_media":0,"parent":0,"menu_order":0,"comment_status":"closed","ping_status":"closed","template":"","meta":{"_acf_changed":false,"footnotes":""},"class_list":["post-759","page","type-page","status-publish","hentry"],"acf":[],"yoast_head":"<!-- This site is optimized with the Yoast SEO plugin v27.5 - https:\/\/yoast.com\/product\/yoast-seo-wordpress\/ -->\n<title>2017-05-09 Europa en marche? - Kristdemokraterna i Ydre<\/title>\n<meta name=\"robots\" content=\"index, follow, max-snippet:-1, max-image-preview:large, max-video-preview:-1\" \/>\n<link rel=\"canonical\" href=\"https:\/\/wp.kristdemokraterna.se\/ydre\/2017-05-09-europa-en-marche\/\" \/>\n<meta property=\"og:locale\" content=\"sv_SE\" \/>\n<meta property=\"og:type\" content=\"article\" \/>\n<meta property=\"og:title\" content=\"2017-05-09 Europa en marche? - Kristdemokraterna i Ydre\" \/>\n<meta property=\"og:description\" content=\"&#8221;Fram\u00e5t!&#8221;\u00a0utropade Emmanuel Macron n\u00e4r han f\u00f6rra \u00e5ret l\u00e4mnade Frankrikes regering. Han startade en ny r\u00f6relse med namnet\u00a0En Marche!\u00a0och har nu blivit vald till landets president. Macron besegrade Nationella Frontens kandidat p\u00e5 ett mycket \u00f6vertygande s\u00e4tt. Men m\u00e5nga r\u00f6stade nog p\u00e5 honom just f\u00f6r att inte f\u00e5 en invandrarkritisk och EU-kritisk president. Beh\u00f6ver vi i v\u00e5rt L\u00e4s mer\" \/>\n<meta property=\"og:url\" content=\"https:\/\/wp.kristdemokraterna.se\/ydre\/2017-05-09-europa-en-marche\/\" \/>\n<meta property=\"og:site_name\" content=\"Kristdemokraterna i Ydre\" \/>\n<meta property=\"article:modified_time\" content=\"2018-07-07T16:45:03+00:00\" \/>\n<meta property=\"og:image\" content=\"http:\/\/ydrebo.se\/kd\/veckobrev2017\/park.JPG\" \/>\n<meta name=\"twitter:card\" content=\"summary_large_image\" \/>\n<meta name=\"twitter:label1\" content=\"Ber\u00e4knad l\u00e4stid\" \/>\n\t<meta name=\"twitter:data1\" content=\"1 minut\" \/>\n<script type=\"application\/ld+json\" class=\"yoast-schema-graph\">{\"@context\":\"https:\\\/\\\/schema.org\",\"@graph\":[{\"@type\":\"WebPage\",\"@id\":\"https:\\\/\\\/wp.kristdemokraterna.se\\\/ydre\\\/2017-05-09-europa-en-marche\\\/\",\"url\":\"https:\\\/\\\/wp.kristdemokraterna.se\\\/ydre\\\/2017-05-09-europa-en-marche\\\/\",\"name\":\"2017-05-09 Europa en marche? - Kristdemokraterna i Ydre\",\"isPartOf\":{\"@id\":\"https:\\\/\\\/wp.kristdemokraterna.se\\\/ydre\\\/#website\"},\"primaryImageOfPage\":{\"@id\":\"https:\\\/\\\/wp.kristdemokraterna.se\\\/ydre\\\/2017-05-09-europa-en-marche\\\/#primaryimage\"},\"image\":{\"@id\":\"https:\\\/\\\/wp.kristdemokraterna.se\\\/ydre\\\/2017-05-09-europa-en-marche\\\/#primaryimage\"},\"thumbnailUrl\":\"http:\\\/\\\/ydrebo.se\\\/kd\\\/veckobrev2017\\\/park.JPG\",\"datePublished\":\"2018-07-07T16:44:36+00:00\",\"dateModified\":\"2018-07-07T16:45:03+00:00\",\"breadcrumb\":{\"@id\":\"https:\\\/\\\/wp.kristdemokraterna.se\\\/ydre\\\/2017-05-09-europa-en-marche\\\/#breadcrumb\"},\"inLanguage\":\"sv-SE\",\"potentialAction\":[{\"@type\":\"ReadAction\",\"target\":[\"https:\\\/\\\/wp.kristdemokraterna.se\\\/ydre\\\/2017-05-09-europa-en-marche\\\/\"]}]},{\"@type\":\"ImageObject\",\"inLanguage\":\"sv-SE\",\"@id\":\"https:\\\/\\\/wp.kristdemokraterna.se\\\/ydre\\\/2017-05-09-europa-en-marche\\\/#primaryimage\",\"url\":\"http:\\\/\\\/ydrebo.se\\\/kd\\\/veckobrev2017\\\/park.JPG\",\"contentUrl\":\"http:\\\/\\\/ydrebo.se\\\/kd\\\/veckobrev2017\\\/park.JPG\"},{\"@type\":\"BreadcrumbList\",\"@id\":\"https:\\\/\\\/wp.kristdemokraterna.se\\\/ydre\\\/2017-05-09-europa-en-marche\\\/#breadcrumb\",\"itemListElement\":[{\"@type\":\"ListItem\",\"position\":1,\"name\":\"Hem\",\"item\":\"https:\\\/\\\/wp.kristdemokraterna.se\\\/ydre\\\/\"},{\"@type\":\"ListItem\",\"position\":2,\"name\":\"2017-05-09 Europa en marche?\"}]},{\"@type\":\"WebSite\",\"@id\":\"https:\\\/\\\/wp.kristdemokraterna.se\\\/ydre\\\/#website\",\"url\":\"https:\\\/\\\/wp.kristdemokraterna.se\\\/ydre\\\/\",\"name\":\"Kristdemokraterna i Ydre\",\"description\":\"En till Kristdemokraterna webbplats\",\"inLanguage\":\"sv-SE\"}]}<\/script>\n<!-- \/ Yoast SEO plugin. -->","yoast_head_json":{"title":"2017-05-09 Europa en marche? - Kristdemokraterna i Ydre","robots":{"index":"index","follow":"follow","max-snippet":"max-snippet:-1","max-image-preview":"max-image-preview:large","max-video-preview":"max-video-preview:-1"},"canonical":"https:\/\/wp.kristdemokraterna.se\/ydre\/2017-05-09-europa-en-marche\/","og_locale":"sv_SE","og_type":"article","og_title":"2017-05-09 Europa en marche? - Kristdemokraterna i Ydre","og_description":"&#8221;Fram\u00e5t!&#8221;\u00a0utropade Emmanuel Macron n\u00e4r han f\u00f6rra \u00e5ret l\u00e4mnade Frankrikes regering. Han startade en ny r\u00f6relse med namnet\u00a0En Marche!\u00a0och har nu blivit vald till landets president. Macron besegrade Nationella Frontens kandidat p\u00e5 ett mycket \u00f6vertygande s\u00e4tt. Men m\u00e5nga r\u00f6stade nog p\u00e5 honom just f\u00f6r att inte f\u00e5 en invandrarkritisk och EU-kritisk president. Beh\u00f6ver vi i v\u00e5rt L\u00e4s mer","og_url":"https:\/\/wp.kristdemokraterna.se\/ydre\/2017-05-09-europa-en-marche\/","og_site_name":"Kristdemokraterna i Ydre","article_modified_time":"2018-07-07T16:45:03+00:00","og_image":[{"url":"http:\/\/ydrebo.se\/kd\/veckobrev2017\/park.JPG","type":"","width":"","height":""}],"twitter_card":"summary_large_image","twitter_misc":{"Ber\u00e4knad l\u00e4stid":"1 minut"},"schema":{"@context":"https:\/\/schema.org","@graph":[{"@type":"WebPage","@id":"https:\/\/wp.kristdemokraterna.se\/ydre\/2017-05-09-europa-en-marche\/","url":"https:\/\/wp.kristdemokraterna.se\/ydre\/2017-05-09-europa-en-marche\/","name":"2017-05-09 Europa en marche? - Kristdemokraterna i Ydre","isPartOf":{"@id":"https:\/\/wp.kristdemokraterna.se\/ydre\/#website"},"primaryImageOfPage":{"@id":"https:\/\/wp.kristdemokraterna.se\/ydre\/2017-05-09-europa-en-marche\/#primaryimage"},"image":{"@id":"https:\/\/wp.kristdemokraterna.se\/ydre\/2017-05-09-europa-en-marche\/#primaryimage"},"thumbnailUrl":"http:\/\/ydrebo.se\/kd\/veckobrev2017\/park.JPG","datePublished":"2018-07-07T16:44:36+00:00","dateModified":"2018-07-07T16:45:03+00:00","breadcrumb":{"@id":"https:\/\/wp.kristdemokraterna.se\/ydre\/2017-05-09-europa-en-marche\/#breadcrumb"},"inLanguage":"sv-SE","potentialAction":[{"@type":"ReadAction","target":["https:\/\/wp.kristdemokraterna.se\/ydre\/2017-05-09-europa-en-marche\/"]}]},{"@type":"ImageObject","inLanguage":"sv-SE","@id":"https:\/\/wp.kristdemokraterna.se\/ydre\/2017-05-09-europa-en-marche\/#primaryimage","url":"http:\/\/ydrebo.se\/kd\/veckobrev2017\/park.JPG","contentUrl":"http:\/\/ydrebo.se\/kd\/veckobrev2017\/park.JPG"},{"@type":"BreadcrumbList","@id":"https:\/\/wp.kristdemokraterna.se\/ydre\/2017-05-09-europa-en-marche\/#breadcrumb","itemListElement":[{"@type":"ListItem","position":1,"name":"Hem","item":"https:\/\/wp.kristdemokraterna.se\/ydre\/"},{"@type":"ListItem","position":2,"name":"2017-05-09 Europa en marche?"}]},{"@type":"WebSite","@id":"https:\/\/wp.kristdemokraterna.se\/ydre\/#website","url":"https:\/\/wp.kristdemokraterna.se\/ydre\/","name":"Kristdemokraterna i Ydre","description":"En till Kristdemokraterna webbplats","inLanguage":"sv-SE"}]}},"_links":{"self":[{"href":"https:\/\/wp.kristdemokraterna.se\/ydre\/wp-json\/wp\/v2\/pages\/759","targetHints":{"allow":["GET"]}}],"collection":[{"href":"https:\/\/wp.kristdemokraterna.se\/ydre\/wp-json\/wp\/v2\/pages"}],"about":[{"href":"https:\/\/wp.kristdemokraterna.se\/ydre\/wp-json\/wp\/v2\/types\/page"}],"author":[{"embeddable":true,"href":"https:\/\/wp.kristdemokraterna.se\/ydre\/wp-json\/wp\/v2\/users\/793"}],"replies":[{"embeddable":true,"href":"https:\/\/wp.kristdemokraterna.se\/ydre\/wp-json\/wp\/v2\/comments?post=759"}],"version-history":[{"count":2,"href":"https:\/\/wp.kristdemokraterna.se\/ydre\/wp-json\/wp\/v2\/pages\/759\/revisions"}],"predecessor-version":[{"id":761,"href":"https:\/\/wp.kristdemokraterna.se\/ydre\/wp-json\/wp\/v2\/pages\/759\/revisions\/761"}],"wp:attachment":[{"href":"https:\/\/wp.kristdemokraterna.se\/ydre\/wp-json\/wp\/v2\/media?parent=759"}],"curies":[{"name":"wp","href":"https:\/\/api.w.org\/{rel}","templated":true}]}}