{"id":763,"date":"2018-07-07T18:47:17","date_gmt":"2018-07-07T16:47:17","guid":{"rendered":"http:\/\/wp.kristdemokraterna.se\/ydre\/?page_id=763"},"modified":"2018-07-07T18:48:19","modified_gmt":"2018-07-07T16:48:19","slug":"2017-05-15-virus","status":"publish","type":"page","link":"https:\/\/wp.kristdemokraterna.se\/ydre\/2017-05-15-virus\/","title":{"rendered":"2017-05-15 Virus!"},"content":{"rendered":"<p>Sveriges kommuner har f\u00e5tt ett nytt updrag av regeringen. De skall planera f\u00f6r \u00e5tg\u00e4rder som kan beh\u00f6vas vid stora olyckor och vid naturkatastrofer.\u00a0<i>Och om det blir krig.<\/i><br \/>\nKnappt hade uppmaningen g\u00e5tt ut f\u00f6rr\u00e4n en stor del av Timr\u00e5 kommuns datorer st\u00e4ngdes av p\u00e5 grund av en virusattack utf\u00f6rd av utpressare. M\u00e5nga andra drabbades samtidigt i minst 150 l\u00e4nder. Trygghetslarm slutade fungera i Falk\u00f6ping liksom sjukhusdatorer i Storbrittanien. Man befarar att n\u00e4r arbetsveckan b\u00f6rjar kommar m\u00e5nga att finna viruset i sin epost.<\/p>\n<p><img loading=\"lazy\" decoding=\"async\" src=\"http:\/\/ydrebo.se\/kd\/veckobrev2017\/ukreda.JPG\" width=\"600\" height=\"450\" \/><br \/>\n<i>Kan det verkligen finnas n\u00e5gon som vill oss illa? (V\u00e5r i Ukreda.)<\/i><\/p>\n<p>Den h\u00e4r g\u00e5ngen ville de illasinnade &#8221;bara&#8221; ha pengar (f\u00f6r att \u00e5terst\u00e4lla datorerna). Men t\u00e4nk om n\u00e5gon g\u00f6r s\u00e5 h\u00e4r f\u00f6r att skada i ett krisl\u00e4ge!<br \/>\nF.\u00f6. \u00e4r det bra att planera f\u00f6r faror. Men &#8211; har vi de n\u00f6dv\u00e4ndiga resurserna?<\/p>\n<p><img loading=\"lazy\" decoding=\"async\" src=\"http:\/\/ydrebo.se\/kd\/veckobrev2015\/kronika150528\/Norra_Vi_hamn.jpg\" width=\"600\" height=\"463\" \/><br \/>\n<i>Hur skall vi navigera i dagens l\u00e4ge? (Norra Vi hamn.)<\/i><\/p>\n<p><i>Bengt Malm, ordf.<br \/>\n15 maj\u00a0<\/i><\/p>\n","protected":false},"excerpt":{"rendered":"<p>Sveriges kommuner har f\u00e5tt ett nytt updrag av regeringen. De skall planera f\u00f6r \u00e5tg\u00e4rder som kan beh\u00f6vas vid stora olyckor och vid naturkatastrofer.\u00a0Och om det blir krig. Knappt hade uppmaningen g\u00e5tt ut f\u00f6rr\u00e4n en stor del av Timr\u00e5 kommuns datorer st\u00e4ngdes av p\u00e5 grund av en virusattack utf\u00f6rd av utpressare. M\u00e5nga andra drabbades samtidigt i <a class=\"read-more-link\" href=\"https:\/\/wp.kristdemokraterna.se\/ydre\/2017-05-15-virus\/\">L\u00e4s mer<\/a><\/p>\n","protected":false},"author":793,"featured_media":0,"parent":0,"menu_order":0,"comment_status":"closed","ping_status":"closed","template":"","meta":{"_acf_changed":false,"footnotes":""},"class_list":["post-763","page","type-page","status-publish","hentry"],"acf":[],"yoast_head":"<!-- This site is optimized with the Yoast SEO plugin v27.5 - https:\/\/yoast.com\/product\/yoast-seo-wordpress\/ -->\n<title>2017-05-15 Virus! - Kristdemokraterna i Ydre<\/title>\n<meta name=\"robots\" content=\"index, follow, max-snippet:-1, max-image-preview:large, max-video-preview:-1\" \/>\n<link rel=\"canonical\" href=\"https:\/\/wp.kristdemokraterna.se\/ydre\/2017-05-15-virus\/\" \/>\n<meta property=\"og:locale\" content=\"sv_SE\" \/>\n<meta property=\"og:type\" content=\"article\" \/>\n<meta property=\"og:title\" content=\"2017-05-15 Virus! - Kristdemokraterna i Ydre\" \/>\n<meta property=\"og:description\" content=\"Sveriges kommuner har f\u00e5tt ett nytt updrag av regeringen. De skall planera f\u00f6r \u00e5tg\u00e4rder som kan beh\u00f6vas vid stora olyckor och vid naturkatastrofer.\u00a0Och om det blir krig. Knappt hade uppmaningen g\u00e5tt ut f\u00f6rr\u00e4n en stor del av Timr\u00e5 kommuns datorer st\u00e4ngdes av p\u00e5 grund av en virusattack utf\u00f6rd av utpressare. M\u00e5nga andra drabbades samtidigt i L\u00e4s mer\" \/>\n<meta property=\"og:url\" content=\"https:\/\/wp.kristdemokraterna.se\/ydre\/2017-05-15-virus\/\" \/>\n<meta property=\"og:site_name\" content=\"Kristdemokraterna i Ydre\" \/>\n<meta property=\"article:modified_time\" content=\"2018-07-07T16:48:19+00:00\" \/>\n<meta property=\"og:image\" content=\"http:\/\/ydrebo.se\/kd\/veckobrev2017\/ukreda.JPG\" \/>\n<meta name=\"twitter:card\" content=\"summary_large_image\" \/>\n<meta name=\"twitter:label1\" content=\"Ber\u00e4knad l\u00e4stid\" \/>\n\t<meta name=\"twitter:data1\" content=\"1 minut\" \/>\n<script type=\"application\/ld+json\" class=\"yoast-schema-graph\">{\"@context\":\"https:\\\/\\\/schema.org\",\"@graph\":[{\"@type\":\"WebPage\",\"@id\":\"https:\\\/\\\/wp.kristdemokraterna.se\\\/ydre\\\/2017-05-15-virus\\\/\",\"url\":\"https:\\\/\\\/wp.kristdemokraterna.se\\\/ydre\\\/2017-05-15-virus\\\/\",\"name\":\"2017-05-15 Virus! - Kristdemokraterna i Ydre\",\"isPartOf\":{\"@id\":\"https:\\\/\\\/wp.kristdemokraterna.se\\\/ydre\\\/#website\"},\"primaryImageOfPage\":{\"@id\":\"https:\\\/\\\/wp.kristdemokraterna.se\\\/ydre\\\/2017-05-15-virus\\\/#primaryimage\"},\"image\":{\"@id\":\"https:\\\/\\\/wp.kristdemokraterna.se\\\/ydre\\\/2017-05-15-virus\\\/#primaryimage\"},\"thumbnailUrl\":\"http:\\\/\\\/ydrebo.se\\\/kd\\\/veckobrev2017\\\/ukreda.JPG\",\"datePublished\":\"2018-07-07T16:47:17+00:00\",\"dateModified\":\"2018-07-07T16:48:19+00:00\",\"breadcrumb\":{\"@id\":\"https:\\\/\\\/wp.kristdemokraterna.se\\\/ydre\\\/2017-05-15-virus\\\/#breadcrumb\"},\"inLanguage\":\"sv-SE\",\"potentialAction\":[{\"@type\":\"ReadAction\",\"target\":[\"https:\\\/\\\/wp.kristdemokraterna.se\\\/ydre\\\/2017-05-15-virus\\\/\"]}]},{\"@type\":\"ImageObject\",\"inLanguage\":\"sv-SE\",\"@id\":\"https:\\\/\\\/wp.kristdemokraterna.se\\\/ydre\\\/2017-05-15-virus\\\/#primaryimage\",\"url\":\"http:\\\/\\\/ydrebo.se\\\/kd\\\/veckobrev2017\\\/ukreda.JPG\",\"contentUrl\":\"http:\\\/\\\/ydrebo.se\\\/kd\\\/veckobrev2017\\\/ukreda.JPG\"},{\"@type\":\"BreadcrumbList\",\"@id\":\"https:\\\/\\\/wp.kristdemokraterna.se\\\/ydre\\\/2017-05-15-virus\\\/#breadcrumb\",\"itemListElement\":[{\"@type\":\"ListItem\",\"position\":1,\"name\":\"Hem\",\"item\":\"https:\\\/\\\/wp.kristdemokraterna.se\\\/ydre\\\/\"},{\"@type\":\"ListItem\",\"position\":2,\"name\":\"2017-05-15 Virus!\"}]},{\"@type\":\"WebSite\",\"@id\":\"https:\\\/\\\/wp.kristdemokraterna.se\\\/ydre\\\/#website\",\"url\":\"https:\\\/\\\/wp.kristdemokraterna.se\\\/ydre\\\/\",\"name\":\"Kristdemokraterna i Ydre\",\"description\":\"En till Kristdemokraterna webbplats\",\"inLanguage\":\"sv-SE\"}]}<\/script>\n<!-- \/ Yoast SEO plugin. -->","yoast_head_json":{"title":"2017-05-15 Virus! - Kristdemokraterna i Ydre","robots":{"index":"index","follow":"follow","max-snippet":"max-snippet:-1","max-image-preview":"max-image-preview:large","max-video-preview":"max-video-preview:-1"},"canonical":"https:\/\/wp.kristdemokraterna.se\/ydre\/2017-05-15-virus\/","og_locale":"sv_SE","og_type":"article","og_title":"2017-05-15 Virus! - Kristdemokraterna i Ydre","og_description":"Sveriges kommuner har f\u00e5tt ett nytt updrag av regeringen. De skall planera f\u00f6r \u00e5tg\u00e4rder som kan beh\u00f6vas vid stora olyckor och vid naturkatastrofer.\u00a0Och om det blir krig. Knappt hade uppmaningen g\u00e5tt ut f\u00f6rr\u00e4n en stor del av Timr\u00e5 kommuns datorer st\u00e4ngdes av p\u00e5 grund av en virusattack utf\u00f6rd av utpressare. M\u00e5nga andra drabbades samtidigt i L\u00e4s mer","og_url":"https:\/\/wp.kristdemokraterna.se\/ydre\/2017-05-15-virus\/","og_site_name":"Kristdemokraterna i Ydre","article_modified_time":"2018-07-07T16:48:19+00:00","og_image":[{"url":"http:\/\/ydrebo.se\/kd\/veckobrev2017\/ukreda.JPG","type":"","width":"","height":""}],"twitter_card":"summary_large_image","twitter_misc":{"Ber\u00e4knad l\u00e4stid":"1 minut"},"schema":{"@context":"https:\/\/schema.org","@graph":[{"@type":"WebPage","@id":"https:\/\/wp.kristdemokraterna.se\/ydre\/2017-05-15-virus\/","url":"https:\/\/wp.kristdemokraterna.se\/ydre\/2017-05-15-virus\/","name":"2017-05-15 Virus! - Kristdemokraterna i Ydre","isPartOf":{"@id":"https:\/\/wp.kristdemokraterna.se\/ydre\/#website"},"primaryImageOfPage":{"@id":"https:\/\/wp.kristdemokraterna.se\/ydre\/2017-05-15-virus\/#primaryimage"},"image":{"@id":"https:\/\/wp.kristdemokraterna.se\/ydre\/2017-05-15-virus\/#primaryimage"},"thumbnailUrl":"http:\/\/ydrebo.se\/kd\/veckobrev2017\/ukreda.JPG","datePublished":"2018-07-07T16:47:17+00:00","dateModified":"2018-07-07T16:48:19+00:00","breadcrumb":{"@id":"https:\/\/wp.kristdemokraterna.se\/ydre\/2017-05-15-virus\/#breadcrumb"},"inLanguage":"sv-SE","potentialAction":[{"@type":"ReadAction","target":["https:\/\/wp.kristdemokraterna.se\/ydre\/2017-05-15-virus\/"]}]},{"@type":"ImageObject","inLanguage":"sv-SE","@id":"https:\/\/wp.kristdemokraterna.se\/ydre\/2017-05-15-virus\/#primaryimage","url":"http:\/\/ydrebo.se\/kd\/veckobrev2017\/ukreda.JPG","contentUrl":"http:\/\/ydrebo.se\/kd\/veckobrev2017\/ukreda.JPG"},{"@type":"BreadcrumbList","@id":"https:\/\/wp.kristdemokraterna.se\/ydre\/2017-05-15-virus\/#breadcrumb","itemListElement":[{"@type":"ListItem","position":1,"name":"Hem","item":"https:\/\/wp.kristdemokraterna.se\/ydre\/"},{"@type":"ListItem","position":2,"name":"2017-05-15 Virus!"}]},{"@type":"WebSite","@id":"https:\/\/wp.kristdemokraterna.se\/ydre\/#website","url":"https:\/\/wp.kristdemokraterna.se\/ydre\/","name":"Kristdemokraterna i Ydre","description":"En till Kristdemokraterna webbplats","inLanguage":"sv-SE"}]}},"_links":{"self":[{"href":"https:\/\/wp.kristdemokraterna.se\/ydre\/wp-json\/wp\/v2\/pages\/763","targetHints":{"allow":["GET"]}}],"collection":[{"href":"https:\/\/wp.kristdemokraterna.se\/ydre\/wp-json\/wp\/v2\/pages"}],"about":[{"href":"https:\/\/wp.kristdemokraterna.se\/ydre\/wp-json\/wp\/v2\/types\/page"}],"author":[{"embeddable":true,"href":"https:\/\/wp.kristdemokraterna.se\/ydre\/wp-json\/wp\/v2\/users\/793"}],"replies":[{"embeddable":true,"href":"https:\/\/wp.kristdemokraterna.se\/ydre\/wp-json\/wp\/v2\/comments?post=763"}],"version-history":[{"count":3,"href":"https:\/\/wp.kristdemokraterna.se\/ydre\/wp-json\/wp\/v2\/pages\/763\/revisions"}],"predecessor-version":[{"id":766,"href":"https:\/\/wp.kristdemokraterna.se\/ydre\/wp-json\/wp\/v2\/pages\/763\/revisions\/766"}],"wp:attachment":[{"href":"https:\/\/wp.kristdemokraterna.se\/ydre\/wp-json\/wp\/v2\/media?parent=763"}],"curies":[{"name":"wp","href":"https:\/\/api.w.org\/{rel}","templated":true}]}}