{"id":768,"date":"2018-07-07T18:49:50","date_gmt":"2018-07-07T16:49:50","guid":{"rendered":"http:\/\/wp.kristdemokraterna.se\/ydre\/?page_id=768"},"modified":"2018-07-07T18:52:54","modified_gmt":"2018-07-07T16:52:54","slug":"2017-05-24-hotet-fran-naturen","status":"publish","type":"page","link":"https:\/\/wp.kristdemokraterna.se\/ydre\/2017-05-24-hotet-fran-naturen\/","title":{"rendered":"2017-05-24 Hotet fr\u00e5n naturen"},"content":{"rendered":"<p>N\u00e4r torkan blir allt sv\u00e5rare i stora delar av landet borde kr\u00f6nikan handla om vattenf\u00f6rs\u00f6rjningen hos oss i Ydre.\u00a0<i>Finns det vatten h\u00e4r?<\/i>\u00a0(Ja, det g\u00f6r det.)\u00a0<i>Kommer vattnet fram?<\/i>\u00a0(Det \u00e4r inte s\u00e4kert. Kommunens ledningssystem \u00e4r gammalt och i uselt skick.)<br \/>\nTorkan \u00e4r ett naturfenomen som drabbar andra delar av v\u00e4rlden mycket v\u00e4rre. Somliga undrar om inte m\u00e4nniskorna \u00e5tminstone till en del \u00e4r anvariga f\u00f6r torkan. F\u00f6r klimatf\u00f6r\u00e4ndringarna kan nog misst\u00e4nkas vara m\u00e4nniskans fel.<\/p>\n<p><img loading=\"lazy\" decoding=\"async\" src=\"http:\/\/ydrebo.se\/kd\/veckobrev2016\/raas.JPG\" width=\"600\" height=\"450\" \/><br \/>\n<i>En s\u00e5dan milj\u00f6 \u00e4r v\u00e4rd att leva i (och vatten finns).<\/i><\/p>\n<p>Men en s\u00e5dan h\u00e4r dag m\u00e5ste man \u00e4nd\u00e5 ta upp det som h\u00e4nde s\u00e5 m\u00e5nga ungdomar i Manchester. Hur kan n\u00e5gon vilja g\u00f6ra s\u00e5dant? Vems fel \u00e4r det att somliga blir s\u00e5 h\u00e4nsynsl\u00f6sa? Och hur kan man f\u00f6rhindra fler attentat?<br \/>\nDet kommer att bli fler kontroller i samh\u00e4llet. Kanske kan en del attentat f\u00f6rhindras. Men samtidigt f\u00f6rsvinner det som g\u00f6r v\u00e5rt samh\u00e4lle v\u00e4rt att leva i. Hur mycket\u00a0disciplin och undantagstillst\u00e5nd\u00a0kan m\u00e4nniskor st\u00e5 ut med? Kan Ydre f\u00f6rbli en fridfull oas? Hur bevarar vi Ydre?<\/p>\n<p><i>Bengt Malm, ordf.<br \/>\n24 maj\u00a0<\/i><\/p>\n","protected":false},"excerpt":{"rendered":"<p>N\u00e4r torkan blir allt sv\u00e5rare i stora delar av landet borde kr\u00f6nikan handla om vattenf\u00f6rs\u00f6rjningen hos oss i Ydre.\u00a0Finns det vatten h\u00e4r?\u00a0(Ja, det g\u00f6r det.)\u00a0Kommer vattnet fram?\u00a0(Det \u00e4r inte s\u00e4kert. Kommunens ledningssystem \u00e4r gammalt och i uselt skick.) Torkan \u00e4r ett naturfenomen som drabbar andra delar av v\u00e4rlden mycket v\u00e4rre. Somliga undrar om inte m\u00e4nniskorna <a class=\"read-more-link\" href=\"https:\/\/wp.kristdemokraterna.se\/ydre\/2017-05-24-hotet-fran-naturen\/\">L\u00e4s mer<\/a><\/p>\n","protected":false},"author":793,"featured_media":0,"parent":0,"menu_order":0,"comment_status":"closed","ping_status":"closed","template":"","meta":{"_acf_changed":false,"footnotes":""},"class_list":["post-768","page","type-page","status-publish","hentry"],"acf":[],"yoast_head":"<!-- This site is optimized with the Yoast SEO plugin v27.5 - https:\/\/yoast.com\/product\/yoast-seo-wordpress\/ -->\n<title>2017-05-24 Hotet fr\u00e5n naturen - Kristdemokraterna i Ydre<\/title>\n<meta name=\"robots\" content=\"index, follow, max-snippet:-1, max-image-preview:large, max-video-preview:-1\" \/>\n<link rel=\"canonical\" href=\"https:\/\/wp.kristdemokraterna.se\/ydre\/2017-05-24-hotet-fran-naturen\/\" \/>\n<meta property=\"og:locale\" content=\"sv_SE\" \/>\n<meta property=\"og:type\" content=\"article\" \/>\n<meta property=\"og:title\" content=\"2017-05-24 Hotet fr\u00e5n naturen - Kristdemokraterna i Ydre\" \/>\n<meta property=\"og:description\" content=\"N\u00e4r torkan blir allt sv\u00e5rare i stora delar av landet borde kr\u00f6nikan handla om vattenf\u00f6rs\u00f6rjningen hos oss i Ydre.\u00a0Finns det vatten h\u00e4r?\u00a0(Ja, det g\u00f6r det.)\u00a0Kommer vattnet fram?\u00a0(Det \u00e4r inte s\u00e4kert. Kommunens ledningssystem \u00e4r gammalt och i uselt skick.) Torkan \u00e4r ett naturfenomen som drabbar andra delar av v\u00e4rlden mycket v\u00e4rre. Somliga undrar om inte m\u00e4nniskorna L\u00e4s mer\" \/>\n<meta property=\"og:url\" content=\"https:\/\/wp.kristdemokraterna.se\/ydre\/2017-05-24-hotet-fran-naturen\/\" \/>\n<meta property=\"og:site_name\" content=\"Kristdemokraterna i Ydre\" \/>\n<meta property=\"article:modified_time\" content=\"2018-07-07T16:52:54+00:00\" \/>\n<meta property=\"og:image\" content=\"http:\/\/ydrebo.se\/kd\/veckobrev2016\/raas.JPG\" \/>\n<meta name=\"twitter:card\" content=\"summary_large_image\" \/>\n<meta name=\"twitter:label1\" content=\"Ber\u00e4knad l\u00e4stid\" \/>\n\t<meta name=\"twitter:data1\" content=\"1 minut\" \/>\n<script type=\"application\/ld+json\" class=\"yoast-schema-graph\">{\"@context\":\"https:\\\/\\\/schema.org\",\"@graph\":[{\"@type\":\"WebPage\",\"@id\":\"https:\\\/\\\/wp.kristdemokraterna.se\\\/ydre\\\/2017-05-24-hotet-fran-naturen\\\/\",\"url\":\"https:\\\/\\\/wp.kristdemokraterna.se\\\/ydre\\\/2017-05-24-hotet-fran-naturen\\\/\",\"name\":\"2017-05-24 Hotet fr\u00e5n naturen - Kristdemokraterna i Ydre\",\"isPartOf\":{\"@id\":\"https:\\\/\\\/wp.kristdemokraterna.se\\\/ydre\\\/#website\"},\"primaryImageOfPage\":{\"@id\":\"https:\\\/\\\/wp.kristdemokraterna.se\\\/ydre\\\/2017-05-24-hotet-fran-naturen\\\/#primaryimage\"},\"image\":{\"@id\":\"https:\\\/\\\/wp.kristdemokraterna.se\\\/ydre\\\/2017-05-24-hotet-fran-naturen\\\/#primaryimage\"},\"thumbnailUrl\":\"http:\\\/\\\/ydrebo.se\\\/kd\\\/veckobrev2016\\\/raas.JPG\",\"datePublished\":\"2018-07-07T16:49:50+00:00\",\"dateModified\":\"2018-07-07T16:52:54+00:00\",\"breadcrumb\":{\"@id\":\"https:\\\/\\\/wp.kristdemokraterna.se\\\/ydre\\\/2017-05-24-hotet-fran-naturen\\\/#breadcrumb\"},\"inLanguage\":\"sv-SE\",\"potentialAction\":[{\"@type\":\"ReadAction\",\"target\":[\"https:\\\/\\\/wp.kristdemokraterna.se\\\/ydre\\\/2017-05-24-hotet-fran-naturen\\\/\"]}]},{\"@type\":\"ImageObject\",\"inLanguage\":\"sv-SE\",\"@id\":\"https:\\\/\\\/wp.kristdemokraterna.se\\\/ydre\\\/2017-05-24-hotet-fran-naturen\\\/#primaryimage\",\"url\":\"http:\\\/\\\/ydrebo.se\\\/kd\\\/veckobrev2016\\\/raas.JPG\",\"contentUrl\":\"http:\\\/\\\/ydrebo.se\\\/kd\\\/veckobrev2016\\\/raas.JPG\"},{\"@type\":\"BreadcrumbList\",\"@id\":\"https:\\\/\\\/wp.kristdemokraterna.se\\\/ydre\\\/2017-05-24-hotet-fran-naturen\\\/#breadcrumb\",\"itemListElement\":[{\"@type\":\"ListItem\",\"position\":1,\"name\":\"Hem\",\"item\":\"https:\\\/\\\/wp.kristdemokraterna.se\\\/ydre\\\/\"},{\"@type\":\"ListItem\",\"position\":2,\"name\":\"2017-05-24 Hotet fr\u00e5n naturen\"}]},{\"@type\":\"WebSite\",\"@id\":\"https:\\\/\\\/wp.kristdemokraterna.se\\\/ydre\\\/#website\",\"url\":\"https:\\\/\\\/wp.kristdemokraterna.se\\\/ydre\\\/\",\"name\":\"Kristdemokraterna i Ydre\",\"description\":\"En till Kristdemokraterna webbplats\",\"inLanguage\":\"sv-SE\"}]}<\/script>\n<!-- \/ Yoast SEO plugin. -->","yoast_head_json":{"title":"2017-05-24 Hotet fr\u00e5n naturen - Kristdemokraterna i Ydre","robots":{"index":"index","follow":"follow","max-snippet":"max-snippet:-1","max-image-preview":"max-image-preview:large","max-video-preview":"max-video-preview:-1"},"canonical":"https:\/\/wp.kristdemokraterna.se\/ydre\/2017-05-24-hotet-fran-naturen\/","og_locale":"sv_SE","og_type":"article","og_title":"2017-05-24 Hotet fr\u00e5n naturen - Kristdemokraterna i Ydre","og_description":"N\u00e4r torkan blir allt sv\u00e5rare i stora delar av landet borde kr\u00f6nikan handla om vattenf\u00f6rs\u00f6rjningen hos oss i Ydre.\u00a0Finns det vatten h\u00e4r?\u00a0(Ja, det g\u00f6r det.)\u00a0Kommer vattnet fram?\u00a0(Det \u00e4r inte s\u00e4kert. Kommunens ledningssystem \u00e4r gammalt och i uselt skick.) Torkan \u00e4r ett naturfenomen som drabbar andra delar av v\u00e4rlden mycket v\u00e4rre. Somliga undrar om inte m\u00e4nniskorna L\u00e4s mer","og_url":"https:\/\/wp.kristdemokraterna.se\/ydre\/2017-05-24-hotet-fran-naturen\/","og_site_name":"Kristdemokraterna i Ydre","article_modified_time":"2018-07-07T16:52:54+00:00","og_image":[{"url":"http:\/\/ydrebo.se\/kd\/veckobrev2016\/raas.JPG","type":"","width":"","height":""}],"twitter_card":"summary_large_image","twitter_misc":{"Ber\u00e4knad l\u00e4stid":"1 minut"},"schema":{"@context":"https:\/\/schema.org","@graph":[{"@type":"WebPage","@id":"https:\/\/wp.kristdemokraterna.se\/ydre\/2017-05-24-hotet-fran-naturen\/","url":"https:\/\/wp.kristdemokraterna.se\/ydre\/2017-05-24-hotet-fran-naturen\/","name":"2017-05-24 Hotet fr\u00e5n naturen - Kristdemokraterna i Ydre","isPartOf":{"@id":"https:\/\/wp.kristdemokraterna.se\/ydre\/#website"},"primaryImageOfPage":{"@id":"https:\/\/wp.kristdemokraterna.se\/ydre\/2017-05-24-hotet-fran-naturen\/#primaryimage"},"image":{"@id":"https:\/\/wp.kristdemokraterna.se\/ydre\/2017-05-24-hotet-fran-naturen\/#primaryimage"},"thumbnailUrl":"http:\/\/ydrebo.se\/kd\/veckobrev2016\/raas.JPG","datePublished":"2018-07-07T16:49:50+00:00","dateModified":"2018-07-07T16:52:54+00:00","breadcrumb":{"@id":"https:\/\/wp.kristdemokraterna.se\/ydre\/2017-05-24-hotet-fran-naturen\/#breadcrumb"},"inLanguage":"sv-SE","potentialAction":[{"@type":"ReadAction","target":["https:\/\/wp.kristdemokraterna.se\/ydre\/2017-05-24-hotet-fran-naturen\/"]}]},{"@type":"ImageObject","inLanguage":"sv-SE","@id":"https:\/\/wp.kristdemokraterna.se\/ydre\/2017-05-24-hotet-fran-naturen\/#primaryimage","url":"http:\/\/ydrebo.se\/kd\/veckobrev2016\/raas.JPG","contentUrl":"http:\/\/ydrebo.se\/kd\/veckobrev2016\/raas.JPG"},{"@type":"BreadcrumbList","@id":"https:\/\/wp.kristdemokraterna.se\/ydre\/2017-05-24-hotet-fran-naturen\/#breadcrumb","itemListElement":[{"@type":"ListItem","position":1,"name":"Hem","item":"https:\/\/wp.kristdemokraterna.se\/ydre\/"},{"@type":"ListItem","position":2,"name":"2017-05-24 Hotet fr\u00e5n naturen"}]},{"@type":"WebSite","@id":"https:\/\/wp.kristdemokraterna.se\/ydre\/#website","url":"https:\/\/wp.kristdemokraterna.se\/ydre\/","name":"Kristdemokraterna i Ydre","description":"En till Kristdemokraterna webbplats","inLanguage":"sv-SE"}]}},"_links":{"self":[{"href":"https:\/\/wp.kristdemokraterna.se\/ydre\/wp-json\/wp\/v2\/pages\/768","targetHints":{"allow":["GET"]}}],"collection":[{"href":"https:\/\/wp.kristdemokraterna.se\/ydre\/wp-json\/wp\/v2\/pages"}],"about":[{"href":"https:\/\/wp.kristdemokraterna.se\/ydre\/wp-json\/wp\/v2\/types\/page"}],"author":[{"embeddable":true,"href":"https:\/\/wp.kristdemokraterna.se\/ydre\/wp-json\/wp\/v2\/users\/793"}],"replies":[{"embeddable":true,"href":"https:\/\/wp.kristdemokraterna.se\/ydre\/wp-json\/wp\/v2\/comments?post=768"}],"version-history":[{"count":3,"href":"https:\/\/wp.kristdemokraterna.se\/ydre\/wp-json\/wp\/v2\/pages\/768\/revisions"}],"predecessor-version":[{"id":772,"href":"https:\/\/wp.kristdemokraterna.se\/ydre\/wp-json\/wp\/v2\/pages\/768\/revisions\/772"}],"wp:attachment":[{"href":"https:\/\/wp.kristdemokraterna.se\/ydre\/wp-json\/wp\/v2\/media?parent=768"}],"curies":[{"name":"wp","href":"https:\/\/api.w.org\/{rel}","templated":true}]}}