{"id":773,"date":"2018-07-07T18:55:10","date_gmt":"2018-07-07T16:55:10","guid":{"rendered":"http:\/\/wp.kristdemokraterna.se\/ydre\/?page_id=773"},"modified":"2018-07-07T18:55:50","modified_gmt":"2018-07-07T16:55:50","slug":"2017-05-31-rorelse-med-handikapp","status":"publish","type":"page","link":"https:\/\/wp.kristdemokraterna.se\/ydre\/2017-05-31-rorelse-med-handikapp\/","title":{"rendered":"2017-05-31 R\u00f6relse med handikapp"},"content":{"rendered":"<p>Regeringen kan inte f\u00f6rneka det l\u00e4ngre. Allt fler funktionshindrade personer f\u00e5r inte den hj\u00e4lp de egentligen borde f\u00e5.<br \/>\nDet b\u00f6rjade med att kostnaden f\u00f6r personlig assistans till de funktionshindrade blev allt st\u00f6rre. Det verkade som om F\u00f6rs\u00e4kringskassan fick r\u00e4kningar som var ordentligt saltade. Finansministern slog larm.<br \/>\nDet enklaste s\u00e4ttet att f\u00e5 ned kostnaderna f\u00f6r hj\u00e4lpen var att helt enkelt inte bevilja den. Snart b\u00f6rjade det komma uppr\u00f6rande skildringar av fall d\u00e4r beh\u00f6vande personer nekades assistans. Regeringen h\u00e4vdade i det l\u00e4ngsta att F\u00f6rs\u00e4kringskassan var p\u00e5litlig och f\u00f6ljde reglerna. F\u00f6rs\u00e4kringskassan h\u00e4vdade \u00e5 sin sida att man r\u00e4ttade sig efter H\u00f6gsta F\u00f6rvaltningsdomstolen.<br \/>\nS\u00e5 intr\u00e4ffade ett fall som inte gick att tysta ner. P\u00e5 en kongress f\u00f6r ett handikappf\u00f6rbund omkom en av deltagarna n\u00e4r hon bes\u00f6kte toaletten. F\u00f6rs\u00e4kringskassan tvingades medge att man borde beviljat den drabbade assistans men skyllde p\u00e5 ett misstag av handl\u00e4ggaren.<br \/>\nMen nu visar det sig att det inte \u00e4r enstaka fel av en och annan tj\u00e4nsteman. F\u00f6rs\u00e4mringen f\u00f6r de funktionshindrade har skett systematiskt enligt den statistik som kommit fram. Kristdemokraterna h\u00f6r till dem som kr\u00e4vt att F\u00f6rs\u00e4kringskassans praxis \u00e4ndras. Det g\u00e5r regeringen inte med p\u00e5. Kanske, ja kanske, kan en lag\u00e4ndring komma n\u00e5gon g\u00e5ng\u00a0<a href=\"http:\/\/sverigesradio.se\/sida\/artikel.aspx?programid=83&amp;artikel=6706141\" target=\"_blank\" rel=\"noopener\"><b>s\u00e4ger den ansvariga ministern.<\/b><\/a><\/p>\n<p><img loading=\"lazy\" decoding=\"async\" src=\"http:\/\/ydrebo.se\/kd\/veckobrev2017\/ydreskolan.JPG\" width=\"600\" height=\"450\" \/><br \/>\n<i>Vem hj\u00e4lper mig upp p\u00e5 det sp\u00e4nnande berget p\u00e5 skolg\u00e5rden om jag \u00e4r funktionshindrad?<br \/>\n(Fast av s\u00e4kerhetssk\u00e4l \u00e4r det f\u00f6rbjudet omr\u00e5de ocks\u00e5 f\u00f6r dem som kan kl\u00e4ttra.)<\/p>\n<p><\/i>Vad kan man g\u00f6ra under tiden? Ministern n\u00e4rmast beordrar kommunernas socialtj\u00e4nster att rycka in i st\u00e4llet f\u00f6r F\u00f6rs\u00e4kringskassan. Sveriges Kommuner och Landsting protesterar. Fast i Ydre har vi redan insett att det \u00e4r enda m\u00f6jligheten och r\u00e4knar med det i v\u00e5r planering (i vissa fall skall funktionshindrade \u00e4nd\u00e5 g\u00e5 direkt till kommunen f\u00f6r att f\u00e5 hj\u00e4lp).<br \/>\nMen det \u00e4r ingen bra ordning att kommunerna f\u00e5r ta \u00f6ver. Det tar n\u00e4mligen tid eftersom den som beh\u00f6ver mycken hj\u00e4lp f\u00f6rst m\u00e5ste f\u00f6rs\u00f6ka med F\u00f6rs\u00e4kringskassan. Nog beh\u00f6vs det en \u00e4ndring av reglerna!<\/p>\n<p><i>Bengt Malm, ordf.<br \/>\n31 maj<\/p>\n<p><\/i>P.S. Ortspressen lovar att\u00a0<a href=\"https:\/\/www.smt.se\/article\/var-ydrebevakning-i-fokus-i-kommunhuset\/\" target=\"_blank\" rel=\"noopener\"><b>bevaka Ydre b\u00e4ttre<\/b><\/a>. Aktuella nyheter kan man se p\u00e5\u00a0<a href=\"https:\/\/www.smt.se\/ydre\/\" target=\"_blank\" rel=\"noopener\"><b>smt.se\/ydre<\/b><\/a>.<\/p>\n","protected":false},"excerpt":{"rendered":"<p>Regeringen kan inte f\u00f6rneka det l\u00e4ngre. Allt fler funktionshindrade personer f\u00e5r inte den hj\u00e4lp de egentligen borde f\u00e5. Det b\u00f6rjade med att kostnaden f\u00f6r personlig assistans till de funktionshindrade blev allt st\u00f6rre. Det verkade som om F\u00f6rs\u00e4kringskassan fick r\u00e4kningar som var ordentligt saltade. Finansministern slog larm. Det enklaste s\u00e4ttet att f\u00e5 ned kostnaderna f\u00f6r hj\u00e4lpen <a class=\"read-more-link\" href=\"https:\/\/wp.kristdemokraterna.se\/ydre\/2017-05-31-rorelse-med-handikapp\/\">L\u00e4s mer<\/a><\/p>\n","protected":false},"author":793,"featured_media":0,"parent":0,"menu_order":0,"comment_status":"closed","ping_status":"closed","template":"","meta":{"_acf_changed":false,"footnotes":""},"class_list":["post-773","page","type-page","status-publish","hentry"],"acf":[],"yoast_head":"<!-- This site is optimized with the Yoast SEO plugin v27.5 - https:\/\/yoast.com\/product\/yoast-seo-wordpress\/ -->\n<title>2017-05-31 R\u00f6relse med handikapp - Kristdemokraterna i Ydre<\/title>\n<meta name=\"robots\" content=\"index, follow, max-snippet:-1, max-image-preview:large, max-video-preview:-1\" \/>\n<link rel=\"canonical\" href=\"https:\/\/wp.kristdemokraterna.se\/ydre\/2017-05-31-rorelse-med-handikapp\/\" \/>\n<meta property=\"og:locale\" content=\"sv_SE\" \/>\n<meta property=\"og:type\" content=\"article\" \/>\n<meta property=\"og:title\" content=\"2017-05-31 R\u00f6relse med handikapp - Kristdemokraterna i Ydre\" \/>\n<meta property=\"og:description\" content=\"Regeringen kan inte f\u00f6rneka det l\u00e4ngre. Allt fler funktionshindrade personer f\u00e5r inte den hj\u00e4lp de egentligen borde f\u00e5. Det b\u00f6rjade med att kostnaden f\u00f6r personlig assistans till de funktionshindrade blev allt st\u00f6rre. Det verkade som om F\u00f6rs\u00e4kringskassan fick r\u00e4kningar som var ordentligt saltade. Finansministern slog larm. Det enklaste s\u00e4ttet att f\u00e5 ned kostnaderna f\u00f6r hj\u00e4lpen L\u00e4s mer\" \/>\n<meta property=\"og:url\" content=\"https:\/\/wp.kristdemokraterna.se\/ydre\/2017-05-31-rorelse-med-handikapp\/\" \/>\n<meta property=\"og:site_name\" content=\"Kristdemokraterna i Ydre\" \/>\n<meta property=\"article:modified_time\" content=\"2018-07-07T16:55:50+00:00\" \/>\n<meta property=\"og:image\" content=\"http:\/\/ydrebo.se\/kd\/veckobrev2017\/ydreskolan.JPG\" \/>\n<meta name=\"twitter:card\" content=\"summary_large_image\" \/>\n<meta name=\"twitter:label1\" content=\"Ber\u00e4knad l\u00e4stid\" \/>\n\t<meta name=\"twitter:data1\" content=\"2 minuter\" \/>\n<script type=\"application\/ld+json\" class=\"yoast-schema-graph\">{\"@context\":\"https:\\\/\\\/schema.org\",\"@graph\":[{\"@type\":\"WebPage\",\"@id\":\"https:\\\/\\\/wp.kristdemokraterna.se\\\/ydre\\\/2017-05-31-rorelse-med-handikapp\\\/\",\"url\":\"https:\\\/\\\/wp.kristdemokraterna.se\\\/ydre\\\/2017-05-31-rorelse-med-handikapp\\\/\",\"name\":\"2017-05-31 R\u00f6relse med handikapp - Kristdemokraterna i Ydre\",\"isPartOf\":{\"@id\":\"https:\\\/\\\/wp.kristdemokraterna.se\\\/ydre\\\/#website\"},\"primaryImageOfPage\":{\"@id\":\"https:\\\/\\\/wp.kristdemokraterna.se\\\/ydre\\\/2017-05-31-rorelse-med-handikapp\\\/#primaryimage\"},\"image\":{\"@id\":\"https:\\\/\\\/wp.kristdemokraterna.se\\\/ydre\\\/2017-05-31-rorelse-med-handikapp\\\/#primaryimage\"},\"thumbnailUrl\":\"http:\\\/\\\/ydrebo.se\\\/kd\\\/veckobrev2017\\\/ydreskolan.JPG\",\"datePublished\":\"2018-07-07T16:55:10+00:00\",\"dateModified\":\"2018-07-07T16:55:50+00:00\",\"breadcrumb\":{\"@id\":\"https:\\\/\\\/wp.kristdemokraterna.se\\\/ydre\\\/2017-05-31-rorelse-med-handikapp\\\/#breadcrumb\"},\"inLanguage\":\"sv-SE\",\"potentialAction\":[{\"@type\":\"ReadAction\",\"target\":[\"https:\\\/\\\/wp.kristdemokraterna.se\\\/ydre\\\/2017-05-31-rorelse-med-handikapp\\\/\"]}]},{\"@type\":\"ImageObject\",\"inLanguage\":\"sv-SE\",\"@id\":\"https:\\\/\\\/wp.kristdemokraterna.se\\\/ydre\\\/2017-05-31-rorelse-med-handikapp\\\/#primaryimage\",\"url\":\"http:\\\/\\\/ydrebo.se\\\/kd\\\/veckobrev2017\\\/ydreskolan.JPG\",\"contentUrl\":\"http:\\\/\\\/ydrebo.se\\\/kd\\\/veckobrev2017\\\/ydreskolan.JPG\"},{\"@type\":\"BreadcrumbList\",\"@id\":\"https:\\\/\\\/wp.kristdemokraterna.se\\\/ydre\\\/2017-05-31-rorelse-med-handikapp\\\/#breadcrumb\",\"itemListElement\":[{\"@type\":\"ListItem\",\"position\":1,\"name\":\"Hem\",\"item\":\"https:\\\/\\\/wp.kristdemokraterna.se\\\/ydre\\\/\"},{\"@type\":\"ListItem\",\"position\":2,\"name\":\"2017-05-31 R\u00f6relse med handikapp\"}]},{\"@type\":\"WebSite\",\"@id\":\"https:\\\/\\\/wp.kristdemokraterna.se\\\/ydre\\\/#website\",\"url\":\"https:\\\/\\\/wp.kristdemokraterna.se\\\/ydre\\\/\",\"name\":\"Kristdemokraterna i Ydre\",\"description\":\"En till Kristdemokraterna webbplats\",\"inLanguage\":\"sv-SE\"}]}<\/script>\n<!-- \/ Yoast SEO plugin. -->","yoast_head_json":{"title":"2017-05-31 R\u00f6relse med handikapp - Kristdemokraterna i Ydre","robots":{"index":"index","follow":"follow","max-snippet":"max-snippet:-1","max-image-preview":"max-image-preview:large","max-video-preview":"max-video-preview:-1"},"canonical":"https:\/\/wp.kristdemokraterna.se\/ydre\/2017-05-31-rorelse-med-handikapp\/","og_locale":"sv_SE","og_type":"article","og_title":"2017-05-31 R\u00f6relse med handikapp - Kristdemokraterna i Ydre","og_description":"Regeringen kan inte f\u00f6rneka det l\u00e4ngre. Allt fler funktionshindrade personer f\u00e5r inte den hj\u00e4lp de egentligen borde f\u00e5. Det b\u00f6rjade med att kostnaden f\u00f6r personlig assistans till de funktionshindrade blev allt st\u00f6rre. Det verkade som om F\u00f6rs\u00e4kringskassan fick r\u00e4kningar som var ordentligt saltade. Finansministern slog larm. Det enklaste s\u00e4ttet att f\u00e5 ned kostnaderna f\u00f6r hj\u00e4lpen L\u00e4s mer","og_url":"https:\/\/wp.kristdemokraterna.se\/ydre\/2017-05-31-rorelse-med-handikapp\/","og_site_name":"Kristdemokraterna i Ydre","article_modified_time":"2018-07-07T16:55:50+00:00","og_image":[{"url":"http:\/\/ydrebo.se\/kd\/veckobrev2017\/ydreskolan.JPG","type":"","width":"","height":""}],"twitter_card":"summary_large_image","twitter_misc":{"Ber\u00e4knad l\u00e4stid":"2 minuter"},"schema":{"@context":"https:\/\/schema.org","@graph":[{"@type":"WebPage","@id":"https:\/\/wp.kristdemokraterna.se\/ydre\/2017-05-31-rorelse-med-handikapp\/","url":"https:\/\/wp.kristdemokraterna.se\/ydre\/2017-05-31-rorelse-med-handikapp\/","name":"2017-05-31 R\u00f6relse med handikapp - Kristdemokraterna i Ydre","isPartOf":{"@id":"https:\/\/wp.kristdemokraterna.se\/ydre\/#website"},"primaryImageOfPage":{"@id":"https:\/\/wp.kristdemokraterna.se\/ydre\/2017-05-31-rorelse-med-handikapp\/#primaryimage"},"image":{"@id":"https:\/\/wp.kristdemokraterna.se\/ydre\/2017-05-31-rorelse-med-handikapp\/#primaryimage"},"thumbnailUrl":"http:\/\/ydrebo.se\/kd\/veckobrev2017\/ydreskolan.JPG","datePublished":"2018-07-07T16:55:10+00:00","dateModified":"2018-07-07T16:55:50+00:00","breadcrumb":{"@id":"https:\/\/wp.kristdemokraterna.se\/ydre\/2017-05-31-rorelse-med-handikapp\/#breadcrumb"},"inLanguage":"sv-SE","potentialAction":[{"@type":"ReadAction","target":["https:\/\/wp.kristdemokraterna.se\/ydre\/2017-05-31-rorelse-med-handikapp\/"]}]},{"@type":"ImageObject","inLanguage":"sv-SE","@id":"https:\/\/wp.kristdemokraterna.se\/ydre\/2017-05-31-rorelse-med-handikapp\/#primaryimage","url":"http:\/\/ydrebo.se\/kd\/veckobrev2017\/ydreskolan.JPG","contentUrl":"http:\/\/ydrebo.se\/kd\/veckobrev2017\/ydreskolan.JPG"},{"@type":"BreadcrumbList","@id":"https:\/\/wp.kristdemokraterna.se\/ydre\/2017-05-31-rorelse-med-handikapp\/#breadcrumb","itemListElement":[{"@type":"ListItem","position":1,"name":"Hem","item":"https:\/\/wp.kristdemokraterna.se\/ydre\/"},{"@type":"ListItem","position":2,"name":"2017-05-31 R\u00f6relse med handikapp"}]},{"@type":"WebSite","@id":"https:\/\/wp.kristdemokraterna.se\/ydre\/#website","url":"https:\/\/wp.kristdemokraterna.se\/ydre\/","name":"Kristdemokraterna i Ydre","description":"En till Kristdemokraterna webbplats","inLanguage":"sv-SE"}]}},"_links":{"self":[{"href":"https:\/\/wp.kristdemokraterna.se\/ydre\/wp-json\/wp\/v2\/pages\/773","targetHints":{"allow":["GET"]}}],"collection":[{"href":"https:\/\/wp.kristdemokraterna.se\/ydre\/wp-json\/wp\/v2\/pages"}],"about":[{"href":"https:\/\/wp.kristdemokraterna.se\/ydre\/wp-json\/wp\/v2\/types\/page"}],"author":[{"embeddable":true,"href":"https:\/\/wp.kristdemokraterna.se\/ydre\/wp-json\/wp\/v2\/users\/793"}],"replies":[{"embeddable":true,"href":"https:\/\/wp.kristdemokraterna.se\/ydre\/wp-json\/wp\/v2\/comments?post=773"}],"version-history":[{"count":2,"href":"https:\/\/wp.kristdemokraterna.se\/ydre\/wp-json\/wp\/v2\/pages\/773\/revisions"}],"predecessor-version":[{"id":775,"href":"https:\/\/wp.kristdemokraterna.se\/ydre\/wp-json\/wp\/v2\/pages\/773\/revisions\/775"}],"wp:attachment":[{"href":"https:\/\/wp.kristdemokraterna.se\/ydre\/wp-json\/wp\/v2\/media?parent=773"}],"curies":[{"name":"wp","href":"https:\/\/api.w.org\/{rel}","templated":true}]}}