{"id":777,"date":"2018-07-07T18:59:21","date_gmt":"2018-07-07T16:59:21","guid":{"rendered":"http:\/\/wp.kristdemokraterna.se\/ydre\/?page_id=777"},"modified":"2018-07-07T18:59:35","modified_gmt":"2018-07-07T16:59:35","slug":"2017-06-05-london-bridge-is-falling-down","status":"publish","type":"page","link":"https:\/\/wp.kristdemokraterna.se\/ydre\/2017-06-05-london-bridge-is-falling-down\/","title":{"rendered":"2017-06-05 London Bridge is falling down"},"content":{"rendered":"<p>S\u00e5 b\u00f6rjar en gammal k\u00e4nd engelsk barnvisa. Men det var inte bron London Bridge som f\u00f6ll h\u00e4romkv\u00e4llen utan m\u00e4nniskor som mejades ner av en bil. Det var en terrorattack som sedan fortsattes med knivar.\u00a0<a href=\"https:\/\/images-8.svd.se\/v2\/images\/02113cb5-fcc0-4af2-864d-fe30f374db02?fit=crop&amp;h=583&amp;q=70&amp;w=1036&amp;s=706cf8e3c5b9b638438dd02f3a5243f7e2310d3d\" target=\"_blank\" rel=\"noopener\"><b>Polisen ingrep snabbt<\/b><\/a>.<br \/>\nDen h\u00e4r veckan \u00e4r det val i Storbritannien. Premi\u00e4rministern m\u00e5ste helt enkelt f\u00f6resl\u00e5 \u00e5tg\u00e4rder mot v\u00e5ldet. Hon vill att det skall bli sv\u00e5rare att anv\u00e4nda n\u00e4tet f\u00f6r att sprida v\u00e5ldets budskap. Men det har redan yttrats farh\u00e5gor f\u00f6r att man i s\u00e5 fall b\u00f6rjar montera ner \u00f6ppenheten i samh\u00e4llet.<br \/>\nDet \u00e4r v\u00e5rt \u00f6ppna samh\u00e4lle som terroristerna vill f\u00f6rg\u00f6ra. Om vi sj\u00e4lva b\u00f6rjar montera ner \u00f6ppenheten f\u00f6rlorar vi just det som \u00e4r grunden till v\u00e5rt samh\u00e4llsliv.<br \/>\nDet kommer att bli en besv\u00e4rlig balansg\u00e5ng fram\u00f6ver. F\u00f6r vi m\u00e5ste ju kunna f\u00f6rsvara oss.<\/p>\n<p><img loading=\"lazy\" decoding=\"async\" src=\"http:\/\/ydrebo.se\/kd\/veckobrev2015\/nationaldag_i_ydre.JPG\" width=\"600\" height=\"461\" \/><br \/>\n<i>Hur skall vi b\u00e4st bevara v\u00e5rt \u00f6ppna samh\u00e4lle?<\/p>\n<p><\/i><i>Bengt Malm, ordf.<br \/>\n5 juni\u00a0<\/i><\/p>\n","protected":false},"excerpt":{"rendered":"<p>S\u00e5 b\u00f6rjar en gammal k\u00e4nd engelsk barnvisa. Men det var inte bron London Bridge som f\u00f6ll h\u00e4romkv\u00e4llen utan m\u00e4nniskor som mejades ner av en bil. Det var en terrorattack som sedan fortsattes med knivar.\u00a0Polisen ingrep snabbt. Den h\u00e4r veckan \u00e4r det val i Storbritannien. Premi\u00e4rministern m\u00e5ste helt enkelt f\u00f6resl\u00e5 \u00e5tg\u00e4rder mot v\u00e5ldet. Hon vill att <a class=\"read-more-link\" href=\"https:\/\/wp.kristdemokraterna.se\/ydre\/2017-06-05-london-bridge-is-falling-down\/\">L\u00e4s mer<\/a><\/p>\n","protected":false},"author":793,"featured_media":0,"parent":0,"menu_order":0,"comment_status":"closed","ping_status":"closed","template":"","meta":{"_acf_changed":false,"footnotes":""},"class_list":["post-777","page","type-page","status-publish","hentry"],"acf":[],"yoast_head":"<!-- This site is optimized with the Yoast SEO plugin v27.5 - https:\/\/yoast.com\/product\/yoast-seo-wordpress\/ -->\n<title>2017-06-05 London Bridge is falling down - Kristdemokraterna i Ydre<\/title>\n<meta name=\"robots\" content=\"index, follow, max-snippet:-1, max-image-preview:large, max-video-preview:-1\" \/>\n<link rel=\"canonical\" href=\"https:\/\/wp.kristdemokraterna.se\/ydre\/2017-06-05-london-bridge-is-falling-down\/\" \/>\n<meta property=\"og:locale\" content=\"sv_SE\" \/>\n<meta property=\"og:type\" content=\"article\" \/>\n<meta property=\"og:title\" content=\"2017-06-05 London Bridge is falling down - Kristdemokraterna i Ydre\" \/>\n<meta property=\"og:description\" content=\"S\u00e5 b\u00f6rjar en gammal k\u00e4nd engelsk barnvisa. Men det var inte bron London Bridge som f\u00f6ll h\u00e4romkv\u00e4llen utan m\u00e4nniskor som mejades ner av en bil. Det var en terrorattack som sedan fortsattes med knivar.\u00a0Polisen ingrep snabbt. Den h\u00e4r veckan \u00e4r det val i Storbritannien. Premi\u00e4rministern m\u00e5ste helt enkelt f\u00f6resl\u00e5 \u00e5tg\u00e4rder mot v\u00e5ldet. Hon vill att L\u00e4s mer\" \/>\n<meta property=\"og:url\" content=\"https:\/\/wp.kristdemokraterna.se\/ydre\/2017-06-05-london-bridge-is-falling-down\/\" \/>\n<meta property=\"og:site_name\" content=\"Kristdemokraterna i Ydre\" \/>\n<meta property=\"article:modified_time\" content=\"2018-07-07T16:59:35+00:00\" \/>\n<meta property=\"og:image\" content=\"http:\/\/ydrebo.se\/kd\/veckobrev2015\/nationaldag_i_ydre.JPG\" \/>\n<meta name=\"twitter:card\" content=\"summary_large_image\" \/>\n<meta name=\"twitter:label1\" content=\"Ber\u00e4knad l\u00e4stid\" \/>\n\t<meta name=\"twitter:data1\" content=\"1 minut\" \/>\n<script type=\"application\/ld+json\" class=\"yoast-schema-graph\">{\"@context\":\"https:\\\/\\\/schema.org\",\"@graph\":[{\"@type\":\"WebPage\",\"@id\":\"https:\\\/\\\/wp.kristdemokraterna.se\\\/ydre\\\/2017-06-05-london-bridge-is-falling-down\\\/\",\"url\":\"https:\\\/\\\/wp.kristdemokraterna.se\\\/ydre\\\/2017-06-05-london-bridge-is-falling-down\\\/\",\"name\":\"2017-06-05 London Bridge is falling down - Kristdemokraterna i Ydre\",\"isPartOf\":{\"@id\":\"https:\\\/\\\/wp.kristdemokraterna.se\\\/ydre\\\/#website\"},\"primaryImageOfPage\":{\"@id\":\"https:\\\/\\\/wp.kristdemokraterna.se\\\/ydre\\\/2017-06-05-london-bridge-is-falling-down\\\/#primaryimage\"},\"image\":{\"@id\":\"https:\\\/\\\/wp.kristdemokraterna.se\\\/ydre\\\/2017-06-05-london-bridge-is-falling-down\\\/#primaryimage\"},\"thumbnailUrl\":\"http:\\\/\\\/ydrebo.se\\\/kd\\\/veckobrev2015\\\/nationaldag_i_ydre.JPG\",\"datePublished\":\"2018-07-07T16:59:21+00:00\",\"dateModified\":\"2018-07-07T16:59:35+00:00\",\"breadcrumb\":{\"@id\":\"https:\\\/\\\/wp.kristdemokraterna.se\\\/ydre\\\/2017-06-05-london-bridge-is-falling-down\\\/#breadcrumb\"},\"inLanguage\":\"sv-SE\",\"potentialAction\":[{\"@type\":\"ReadAction\",\"target\":[\"https:\\\/\\\/wp.kristdemokraterna.se\\\/ydre\\\/2017-06-05-london-bridge-is-falling-down\\\/\"]}]},{\"@type\":\"ImageObject\",\"inLanguage\":\"sv-SE\",\"@id\":\"https:\\\/\\\/wp.kristdemokraterna.se\\\/ydre\\\/2017-06-05-london-bridge-is-falling-down\\\/#primaryimage\",\"url\":\"http:\\\/\\\/ydrebo.se\\\/kd\\\/veckobrev2015\\\/nationaldag_i_ydre.JPG\",\"contentUrl\":\"http:\\\/\\\/ydrebo.se\\\/kd\\\/veckobrev2015\\\/nationaldag_i_ydre.JPG\"},{\"@type\":\"BreadcrumbList\",\"@id\":\"https:\\\/\\\/wp.kristdemokraterna.se\\\/ydre\\\/2017-06-05-london-bridge-is-falling-down\\\/#breadcrumb\",\"itemListElement\":[{\"@type\":\"ListItem\",\"position\":1,\"name\":\"Hem\",\"item\":\"https:\\\/\\\/wp.kristdemokraterna.se\\\/ydre\\\/\"},{\"@type\":\"ListItem\",\"position\":2,\"name\":\"2017-06-05 London Bridge is falling down\"}]},{\"@type\":\"WebSite\",\"@id\":\"https:\\\/\\\/wp.kristdemokraterna.se\\\/ydre\\\/#website\",\"url\":\"https:\\\/\\\/wp.kristdemokraterna.se\\\/ydre\\\/\",\"name\":\"Kristdemokraterna i Ydre\",\"description\":\"En till Kristdemokraterna webbplats\",\"inLanguage\":\"sv-SE\"}]}<\/script>\n<!-- \/ Yoast SEO plugin. -->","yoast_head_json":{"title":"2017-06-05 London Bridge is falling down - Kristdemokraterna i Ydre","robots":{"index":"index","follow":"follow","max-snippet":"max-snippet:-1","max-image-preview":"max-image-preview:large","max-video-preview":"max-video-preview:-1"},"canonical":"https:\/\/wp.kristdemokraterna.se\/ydre\/2017-06-05-london-bridge-is-falling-down\/","og_locale":"sv_SE","og_type":"article","og_title":"2017-06-05 London Bridge is falling down - Kristdemokraterna i Ydre","og_description":"S\u00e5 b\u00f6rjar en gammal k\u00e4nd engelsk barnvisa. Men det var inte bron London Bridge som f\u00f6ll h\u00e4romkv\u00e4llen utan m\u00e4nniskor som mejades ner av en bil. Det var en terrorattack som sedan fortsattes med knivar.\u00a0Polisen ingrep snabbt. Den h\u00e4r veckan \u00e4r det val i Storbritannien. Premi\u00e4rministern m\u00e5ste helt enkelt f\u00f6resl\u00e5 \u00e5tg\u00e4rder mot v\u00e5ldet. Hon vill att L\u00e4s mer","og_url":"https:\/\/wp.kristdemokraterna.se\/ydre\/2017-06-05-london-bridge-is-falling-down\/","og_site_name":"Kristdemokraterna i Ydre","article_modified_time":"2018-07-07T16:59:35+00:00","og_image":[{"url":"http:\/\/ydrebo.se\/kd\/veckobrev2015\/nationaldag_i_ydre.JPG","type":"","width":"","height":""}],"twitter_card":"summary_large_image","twitter_misc":{"Ber\u00e4knad l\u00e4stid":"1 minut"},"schema":{"@context":"https:\/\/schema.org","@graph":[{"@type":"WebPage","@id":"https:\/\/wp.kristdemokraterna.se\/ydre\/2017-06-05-london-bridge-is-falling-down\/","url":"https:\/\/wp.kristdemokraterna.se\/ydre\/2017-06-05-london-bridge-is-falling-down\/","name":"2017-06-05 London Bridge is falling down - Kristdemokraterna i Ydre","isPartOf":{"@id":"https:\/\/wp.kristdemokraterna.se\/ydre\/#website"},"primaryImageOfPage":{"@id":"https:\/\/wp.kristdemokraterna.se\/ydre\/2017-06-05-london-bridge-is-falling-down\/#primaryimage"},"image":{"@id":"https:\/\/wp.kristdemokraterna.se\/ydre\/2017-06-05-london-bridge-is-falling-down\/#primaryimage"},"thumbnailUrl":"http:\/\/ydrebo.se\/kd\/veckobrev2015\/nationaldag_i_ydre.JPG","datePublished":"2018-07-07T16:59:21+00:00","dateModified":"2018-07-07T16:59:35+00:00","breadcrumb":{"@id":"https:\/\/wp.kristdemokraterna.se\/ydre\/2017-06-05-london-bridge-is-falling-down\/#breadcrumb"},"inLanguage":"sv-SE","potentialAction":[{"@type":"ReadAction","target":["https:\/\/wp.kristdemokraterna.se\/ydre\/2017-06-05-london-bridge-is-falling-down\/"]}]},{"@type":"ImageObject","inLanguage":"sv-SE","@id":"https:\/\/wp.kristdemokraterna.se\/ydre\/2017-06-05-london-bridge-is-falling-down\/#primaryimage","url":"http:\/\/ydrebo.se\/kd\/veckobrev2015\/nationaldag_i_ydre.JPG","contentUrl":"http:\/\/ydrebo.se\/kd\/veckobrev2015\/nationaldag_i_ydre.JPG"},{"@type":"BreadcrumbList","@id":"https:\/\/wp.kristdemokraterna.se\/ydre\/2017-06-05-london-bridge-is-falling-down\/#breadcrumb","itemListElement":[{"@type":"ListItem","position":1,"name":"Hem","item":"https:\/\/wp.kristdemokraterna.se\/ydre\/"},{"@type":"ListItem","position":2,"name":"2017-06-05 London Bridge is falling down"}]},{"@type":"WebSite","@id":"https:\/\/wp.kristdemokraterna.se\/ydre\/#website","url":"https:\/\/wp.kristdemokraterna.se\/ydre\/","name":"Kristdemokraterna i Ydre","description":"En till Kristdemokraterna webbplats","inLanguage":"sv-SE"}]}},"_links":{"self":[{"href":"https:\/\/wp.kristdemokraterna.se\/ydre\/wp-json\/wp\/v2\/pages\/777","targetHints":{"allow":["GET"]}}],"collection":[{"href":"https:\/\/wp.kristdemokraterna.se\/ydre\/wp-json\/wp\/v2\/pages"}],"about":[{"href":"https:\/\/wp.kristdemokraterna.se\/ydre\/wp-json\/wp\/v2\/types\/page"}],"author":[{"embeddable":true,"href":"https:\/\/wp.kristdemokraterna.se\/ydre\/wp-json\/wp\/v2\/users\/793"}],"replies":[{"embeddable":true,"href":"https:\/\/wp.kristdemokraterna.se\/ydre\/wp-json\/wp\/v2\/comments?post=777"}],"version-history":[{"count":2,"href":"https:\/\/wp.kristdemokraterna.se\/ydre\/wp-json\/wp\/v2\/pages\/777\/revisions"}],"predecessor-version":[{"id":779,"href":"https:\/\/wp.kristdemokraterna.se\/ydre\/wp-json\/wp\/v2\/pages\/777\/revisions\/779"}],"wp:attachment":[{"href":"https:\/\/wp.kristdemokraterna.se\/ydre\/wp-json\/wp\/v2\/media?parent=777"}],"curies":[{"name":"wp","href":"https:\/\/api.w.org\/{rel}","templated":true}]}}