{"id":781,"date":"2018-07-07T19:01:31","date_gmt":"2018-07-07T17:01:31","guid":{"rendered":"http:\/\/wp.kristdemokraterna.se\/ydre\/?page_id=781"},"modified":"2018-07-07T19:01:52","modified_gmt":"2018-07-07T17:01:52","slug":"2017-06-11-historiens-skraphog","status":"publish","type":"page","link":"https:\/\/wp.kristdemokraterna.se\/ydre\/2017-06-11-historiens-skraphog\/","title":{"rendered":"2017-06-11 Historiens skr\u00e4ph\u00f6g"},"content":{"rendered":"<p>Samma dag som det brittiska valet \u00e4gde rum ber\u00e4ttade Sveriges Radio att v\u00e5rt lands tv\u00e5 fr\u00e4msta jurister var mycket bekymrade. Hur skall r\u00e4ttssamh\u00e4llet kunna bevaras? Just nu r\u00e5der det stor enighet om dess v\u00e4rde. Men t\u00e4nk om det kommer en regering som vill best\u00e4mma \u00f6ver domstolarna!<br \/>\nDet var ordf\u00f6randen f\u00f6r H\u00f6gsta Domstolen och ordf\u00f6randen f\u00f6r H\u00f6gsta F\u00f6rvaltningsdomstolen som var oroliga. I Sverige \u00e4r n\u00e4mligen inte domstolarna sj\u00e4lvst\u00e4ndiga gentemot den som har den politiska makten. F\u00f6r Domstolsverket lyder under regeringen. De h\u00f6ga juristerna n\u00e4mnde Polen och Ungern som avskr\u00e4ckande exempel p\u00e5 hur regeringar kan p\u00e5verka och skada r\u00e4ttssamh\u00e4llet.<br \/>\nDe b\u00e5da justitier\u00e5den menade att vi inte skall anse oss immuna mot auktorit\u00e4ra tendenser. Vi skall inte s\u00e4ga att det som h\u00e4nder i andra l\u00e4nder inte kan h\u00e4nda h\u00e4r.<br \/>\nVisst h\u00e4nder det m\u00e4rkliga ting p\u00e5 andra h\u00e5ll i V\u00e4steuropa. Precis f\u00f6re valet f\u00f6reslog Storbritanniens premi\u00e4rminister nya \u00e5tg\u00e4rder mot terrorbrott. Man skall kunna inskrida mot personer p\u00e5 blotta misstanken om onda avsikter. Det skall inte beh\u00f6vas bevis som h\u00e5ller inf\u00f6r en domstol. Om lagarna om m\u00e4nskliga r\u00e4ttigheter hindrar s\u00e5dana \u00e5tg\u00e4rder m\u00e5ste lagarna \u00e4ndras. Regeringschefen i detta stora land f\u00f6reslog allts\u00e5 att r\u00e4ttss\u00e4kerheten skall s\u00e4ttas ur spel genom lag\u00e4ndring.<br \/>\nJa, men det var ju i Storbritannien och dessutom f\u00f6rlorade hon valet. Men tv\u00e5 dagar senare ber\u00e4ttade Sveriges Radio om vad som h\u00e4nder h\u00e4r hos oss. Det kom en utredning om f\u00f6r\u00e4ndring av presst\u00f6det. Utredningen f\u00f6resl\u00e5r att b\u00e4de papperstidningar och n\u00e4ttidningar skall kunna f\u00e5 st\u00f6d. Men (hette det) d\u00e5 skall publikationerna f\u00f6retr\u00e4da l\u00e4mpliga \u00e5sikter. Vilka \u00e5sikter som skall godtas skall avg\u00f6ras av en statlig myndighet.<br \/>\nDet l\u00e5ter s\u00e5 vackert att v\u00e5rt samh\u00e4llsliv skall skyddas. Det finns s\u00e5 farliga fiender. D\u00e5 kan vi inte (s\u00e4ger man) beh\u00e5lla demokratin, friheterna och r\u00e4ttss\u00e4kerheten, inte alla samtidigt och p\u00e5 samma s\u00e4tt som i dag. Den h\u00e4r g\u00e5ngen s\u00e4ger regeringen nej till s\u00e5dana tankar. Men de kommer s\u00e4kert tillbaka.<br \/>\nFr\u00e5gan kommer d\u00e5 att bli vilken av de tre (demokratin, friheterna och r\u00e4ttss\u00e4kerheten) som skall l\u00e4ggas p\u00e5 historiens skr\u00e4ph\u00f6g. Fast egentligen \u00e4r det \u00e4nd\u00e5 inte det som \u00e4r fr\u00e5gan. Erfarenheten s\u00e4ger n\u00e4mligen att ingen av de tre kan bevaras utan de andra tv\u00e5.<\/p>\n<p><img loading=\"lazy\" decoding=\"async\" src=\"http:\/\/ydrebo.se\/kd\/veckobrev2017\/sopor.JPG\" width=\"600\" height=\"450\" \/><br \/>\n<i>Skall t.ex. r\u00e4ttss\u00e4kerheten hamna p\u00e5 skr\u00e4ph\u00f6gen?<\/p>\n<p><\/i><i>Bengt Malm, ordf.<br \/>\n11 juni\u00a0<\/i><\/p>\n","protected":false},"excerpt":{"rendered":"<p>Samma dag som det brittiska valet \u00e4gde rum ber\u00e4ttade Sveriges Radio att v\u00e5rt lands tv\u00e5 fr\u00e4msta jurister var mycket bekymrade. Hur skall r\u00e4ttssamh\u00e4llet kunna bevaras? Just nu r\u00e5der det stor enighet om dess v\u00e4rde. Men t\u00e4nk om det kommer en regering som vill best\u00e4mma \u00f6ver domstolarna! Det var ordf\u00f6randen f\u00f6r H\u00f6gsta Domstolen och ordf\u00f6randen f\u00f6r <a class=\"read-more-link\" href=\"https:\/\/wp.kristdemokraterna.se\/ydre\/2017-06-11-historiens-skraphog\/\">L\u00e4s mer<\/a><\/p>\n","protected":false},"author":793,"featured_media":0,"parent":0,"menu_order":0,"comment_status":"closed","ping_status":"closed","template":"","meta":{"_acf_changed":false,"footnotes":""},"class_list":["post-781","page","type-page","status-publish","hentry"],"acf":[],"yoast_head":"<!-- This site is optimized with the Yoast SEO plugin v27.5 - https:\/\/yoast.com\/product\/yoast-seo-wordpress\/ -->\n<title>2017-06-11 Historiens skr\u00e4ph\u00f6g - Kristdemokraterna i Ydre<\/title>\n<meta name=\"robots\" content=\"index, follow, max-snippet:-1, max-image-preview:large, max-video-preview:-1\" \/>\n<link rel=\"canonical\" href=\"https:\/\/wp.kristdemokraterna.se\/ydre\/2017-06-11-historiens-skraphog\/\" \/>\n<meta property=\"og:locale\" content=\"sv_SE\" \/>\n<meta property=\"og:type\" content=\"article\" \/>\n<meta property=\"og:title\" content=\"2017-06-11 Historiens skr\u00e4ph\u00f6g - Kristdemokraterna i Ydre\" \/>\n<meta property=\"og:description\" content=\"Samma dag som det brittiska valet \u00e4gde rum ber\u00e4ttade Sveriges Radio att v\u00e5rt lands tv\u00e5 fr\u00e4msta jurister var mycket bekymrade. Hur skall r\u00e4ttssamh\u00e4llet kunna bevaras? Just nu r\u00e5der det stor enighet om dess v\u00e4rde. Men t\u00e4nk om det kommer en regering som vill best\u00e4mma \u00f6ver domstolarna! Det var ordf\u00f6randen f\u00f6r H\u00f6gsta Domstolen och ordf\u00f6randen f\u00f6r L\u00e4s mer\" \/>\n<meta property=\"og:url\" content=\"https:\/\/wp.kristdemokraterna.se\/ydre\/2017-06-11-historiens-skraphog\/\" \/>\n<meta property=\"og:site_name\" content=\"Kristdemokraterna i Ydre\" \/>\n<meta property=\"article:modified_time\" content=\"2018-07-07T17:01:52+00:00\" \/>\n<meta property=\"og:image\" content=\"http:\/\/ydrebo.se\/kd\/veckobrev2017\/sopor.JPG\" \/>\n<meta name=\"twitter:card\" content=\"summary_large_image\" \/>\n<meta name=\"twitter:label1\" content=\"Ber\u00e4knad l\u00e4stid\" \/>\n\t<meta name=\"twitter:data1\" content=\"2 minuter\" \/>\n<script type=\"application\/ld+json\" class=\"yoast-schema-graph\">{\"@context\":\"https:\\\/\\\/schema.org\",\"@graph\":[{\"@type\":\"WebPage\",\"@id\":\"https:\\\/\\\/wp.kristdemokraterna.se\\\/ydre\\\/2017-06-11-historiens-skraphog\\\/\",\"url\":\"https:\\\/\\\/wp.kristdemokraterna.se\\\/ydre\\\/2017-06-11-historiens-skraphog\\\/\",\"name\":\"2017-06-11 Historiens skr\u00e4ph\u00f6g - Kristdemokraterna i Ydre\",\"isPartOf\":{\"@id\":\"https:\\\/\\\/wp.kristdemokraterna.se\\\/ydre\\\/#website\"},\"primaryImageOfPage\":{\"@id\":\"https:\\\/\\\/wp.kristdemokraterna.se\\\/ydre\\\/2017-06-11-historiens-skraphog\\\/#primaryimage\"},\"image\":{\"@id\":\"https:\\\/\\\/wp.kristdemokraterna.se\\\/ydre\\\/2017-06-11-historiens-skraphog\\\/#primaryimage\"},\"thumbnailUrl\":\"http:\\\/\\\/ydrebo.se\\\/kd\\\/veckobrev2017\\\/sopor.JPG\",\"datePublished\":\"2018-07-07T17:01:31+00:00\",\"dateModified\":\"2018-07-07T17:01:52+00:00\",\"breadcrumb\":{\"@id\":\"https:\\\/\\\/wp.kristdemokraterna.se\\\/ydre\\\/2017-06-11-historiens-skraphog\\\/#breadcrumb\"},\"inLanguage\":\"sv-SE\",\"potentialAction\":[{\"@type\":\"ReadAction\",\"target\":[\"https:\\\/\\\/wp.kristdemokraterna.se\\\/ydre\\\/2017-06-11-historiens-skraphog\\\/\"]}]},{\"@type\":\"ImageObject\",\"inLanguage\":\"sv-SE\",\"@id\":\"https:\\\/\\\/wp.kristdemokraterna.se\\\/ydre\\\/2017-06-11-historiens-skraphog\\\/#primaryimage\",\"url\":\"http:\\\/\\\/ydrebo.se\\\/kd\\\/veckobrev2017\\\/sopor.JPG\",\"contentUrl\":\"http:\\\/\\\/ydrebo.se\\\/kd\\\/veckobrev2017\\\/sopor.JPG\"},{\"@type\":\"BreadcrumbList\",\"@id\":\"https:\\\/\\\/wp.kristdemokraterna.se\\\/ydre\\\/2017-06-11-historiens-skraphog\\\/#breadcrumb\",\"itemListElement\":[{\"@type\":\"ListItem\",\"position\":1,\"name\":\"Hem\",\"item\":\"https:\\\/\\\/wp.kristdemokraterna.se\\\/ydre\\\/\"},{\"@type\":\"ListItem\",\"position\":2,\"name\":\"2017-06-11 Historiens skr\u00e4ph\u00f6g\"}]},{\"@type\":\"WebSite\",\"@id\":\"https:\\\/\\\/wp.kristdemokraterna.se\\\/ydre\\\/#website\",\"url\":\"https:\\\/\\\/wp.kristdemokraterna.se\\\/ydre\\\/\",\"name\":\"Kristdemokraterna i Ydre\",\"description\":\"En till Kristdemokraterna webbplats\",\"inLanguage\":\"sv-SE\"}]}<\/script>\n<!-- \/ Yoast SEO plugin. -->","yoast_head_json":{"title":"2017-06-11 Historiens skr\u00e4ph\u00f6g - Kristdemokraterna i Ydre","robots":{"index":"index","follow":"follow","max-snippet":"max-snippet:-1","max-image-preview":"max-image-preview:large","max-video-preview":"max-video-preview:-1"},"canonical":"https:\/\/wp.kristdemokraterna.se\/ydre\/2017-06-11-historiens-skraphog\/","og_locale":"sv_SE","og_type":"article","og_title":"2017-06-11 Historiens skr\u00e4ph\u00f6g - Kristdemokraterna i Ydre","og_description":"Samma dag som det brittiska valet \u00e4gde rum ber\u00e4ttade Sveriges Radio att v\u00e5rt lands tv\u00e5 fr\u00e4msta jurister var mycket bekymrade. Hur skall r\u00e4ttssamh\u00e4llet kunna bevaras? Just nu r\u00e5der det stor enighet om dess v\u00e4rde. Men t\u00e4nk om det kommer en regering som vill best\u00e4mma \u00f6ver domstolarna! Det var ordf\u00f6randen f\u00f6r H\u00f6gsta Domstolen och ordf\u00f6randen f\u00f6r L\u00e4s mer","og_url":"https:\/\/wp.kristdemokraterna.se\/ydre\/2017-06-11-historiens-skraphog\/","og_site_name":"Kristdemokraterna i Ydre","article_modified_time":"2018-07-07T17:01:52+00:00","og_image":[{"url":"http:\/\/ydrebo.se\/kd\/veckobrev2017\/sopor.JPG","type":"","width":"","height":""}],"twitter_card":"summary_large_image","twitter_misc":{"Ber\u00e4knad l\u00e4stid":"2 minuter"},"schema":{"@context":"https:\/\/schema.org","@graph":[{"@type":"WebPage","@id":"https:\/\/wp.kristdemokraterna.se\/ydre\/2017-06-11-historiens-skraphog\/","url":"https:\/\/wp.kristdemokraterna.se\/ydre\/2017-06-11-historiens-skraphog\/","name":"2017-06-11 Historiens skr\u00e4ph\u00f6g - Kristdemokraterna i Ydre","isPartOf":{"@id":"https:\/\/wp.kristdemokraterna.se\/ydre\/#website"},"primaryImageOfPage":{"@id":"https:\/\/wp.kristdemokraterna.se\/ydre\/2017-06-11-historiens-skraphog\/#primaryimage"},"image":{"@id":"https:\/\/wp.kristdemokraterna.se\/ydre\/2017-06-11-historiens-skraphog\/#primaryimage"},"thumbnailUrl":"http:\/\/ydrebo.se\/kd\/veckobrev2017\/sopor.JPG","datePublished":"2018-07-07T17:01:31+00:00","dateModified":"2018-07-07T17:01:52+00:00","breadcrumb":{"@id":"https:\/\/wp.kristdemokraterna.se\/ydre\/2017-06-11-historiens-skraphog\/#breadcrumb"},"inLanguage":"sv-SE","potentialAction":[{"@type":"ReadAction","target":["https:\/\/wp.kristdemokraterna.se\/ydre\/2017-06-11-historiens-skraphog\/"]}]},{"@type":"ImageObject","inLanguage":"sv-SE","@id":"https:\/\/wp.kristdemokraterna.se\/ydre\/2017-06-11-historiens-skraphog\/#primaryimage","url":"http:\/\/ydrebo.se\/kd\/veckobrev2017\/sopor.JPG","contentUrl":"http:\/\/ydrebo.se\/kd\/veckobrev2017\/sopor.JPG"},{"@type":"BreadcrumbList","@id":"https:\/\/wp.kristdemokraterna.se\/ydre\/2017-06-11-historiens-skraphog\/#breadcrumb","itemListElement":[{"@type":"ListItem","position":1,"name":"Hem","item":"https:\/\/wp.kristdemokraterna.se\/ydre\/"},{"@type":"ListItem","position":2,"name":"2017-06-11 Historiens skr\u00e4ph\u00f6g"}]},{"@type":"WebSite","@id":"https:\/\/wp.kristdemokraterna.se\/ydre\/#website","url":"https:\/\/wp.kristdemokraterna.se\/ydre\/","name":"Kristdemokraterna i Ydre","description":"En till Kristdemokraterna webbplats","inLanguage":"sv-SE"}]}},"_links":{"self":[{"href":"https:\/\/wp.kristdemokraterna.se\/ydre\/wp-json\/wp\/v2\/pages\/781","targetHints":{"allow":["GET"]}}],"collection":[{"href":"https:\/\/wp.kristdemokraterna.se\/ydre\/wp-json\/wp\/v2\/pages"}],"about":[{"href":"https:\/\/wp.kristdemokraterna.se\/ydre\/wp-json\/wp\/v2\/types\/page"}],"author":[{"embeddable":true,"href":"https:\/\/wp.kristdemokraterna.se\/ydre\/wp-json\/wp\/v2\/users\/793"}],"replies":[{"embeddable":true,"href":"https:\/\/wp.kristdemokraterna.se\/ydre\/wp-json\/wp\/v2\/comments?post=781"}],"version-history":[{"count":2,"href":"https:\/\/wp.kristdemokraterna.se\/ydre\/wp-json\/wp\/v2\/pages\/781\/revisions"}],"predecessor-version":[{"id":783,"href":"https:\/\/wp.kristdemokraterna.se\/ydre\/wp-json\/wp\/v2\/pages\/781\/revisions\/783"}],"wp:attachment":[{"href":"https:\/\/wp.kristdemokraterna.se\/ydre\/wp-json\/wp\/v2\/media?parent=781"}],"curies":[{"name":"wp","href":"https:\/\/api.w.org\/{rel}","templated":true}]}}