{"id":785,"date":"2018-07-07T19:04:19","date_gmt":"2018-07-07T17:04:19","guid":{"rendered":"http:\/\/wp.kristdemokraterna.se\/ydre\/?page_id=785"},"modified":"2018-07-07T19:07:06","modified_gmt":"2018-07-07T17:07:06","slug":"2017-06-16-det-farliga-sommarlovet","status":"publish","type":"page","link":"https:\/\/wp.kristdemokraterna.se\/ydre\/2017-06-16-det-farliga-sommarlovet\/","title":{"rendered":"2017-06-16 Det farliga sommarlovet"},"content":{"rendered":"<p>Sommarlovet har b\u00f6rjat. Kanske de flesta av oss sett det l\u00e5nga lovet som n\u00e5got underbart. Tyv\u00e4rr finns det barn som inte ser fram mot denna tid.<br \/>\nEn kategori barn som socialtj\u00e4nsterna kommer i kontakt med under somrarna \u00e4r unga flickor fr\u00e5n andra kulturer och som \u00e4r mycket oroliga. T\u00e4nker sl\u00e4kten gifta bort dem? Kanske blir det med m\u00e4n de aldrig tr\u00e4ffat. De \u00e4r i h\u00e4nderna p\u00e5 familjemedlemmar med\u00a0<i>makt<\/i>.<br \/>\nRedan f\u00f6r 3000 \u00e5r sedan skrev den vise Salomo om &#8221;<i>en tid d\u00e5 m\u00e4nniska har makt \u00f6ver m\u00e4nniska, till hennes olycka&#8221;.<\/i>\u00a0F\u00f6r de h\u00e4r flickorna riskerar det verkligen att bli till olycka.<\/p>\n<p><img loading=\"lazy\" decoding=\"async\" src=\"http:\/\/ydrebo.se\/kd\/veckobrev\/Norra_Vi.JPG\" width=\"600\" height=\"450\" \/><br \/>\n<i>Midsommartid &#8211; br\u00f6llopstid (Norra Vi).<\/i><\/p>\n<p>De flesta av oss har s\u00e4kert varit med om ett kyrkbr\u00f6llop i gammal stil. St\u00e5ende i v\u00f6rdnad ser br\u00f6llopsg\u00e4sterna hur brudparet hand i hand g\u00e5r fram mot altaret under triumfatorisk orgelmusik. Ikl\u00e4dd den stiligaste \u00e4mbetsskrud ger samh\u00e4llets ombud alla civiliserade staters diplomatiska erk\u00e4nnande av brudens och brudgummens nya f\u00f6rbund. H\u00e4danefter f\u00e5r alla lov att r\u00e4kna med dem tillsammans. De st\u00e5r tillsammans mot hela v\u00e4rlden (inr\u00e4knat f\u00f6r\u00e4ldrar, sl\u00e4ktingar och v\u00e4nner).<br \/>\nSamh\u00e4llets ombud har ju just l\u00e4st upp:\u00a0<i>Redan i begynnelsen gjorde Skaparen m\u00e4nniskorna till man och kvinna och sade: &#8221;F\u00f6rdenskull skall en man \u00f6vergiva sin fader och sin moder och h\u00e5lla sig till sin hustru, och de tu skola varda ett.&#8221;<\/i><\/p>\n<p><img loading=\"lazy\" decoding=\"async\" src=\"http:\/\/ydrebo.se\/kd\/veckobrev2017\/torpa_kyrka.JPG\" width=\"600\" height=\"450\" \/><br \/>\n<i>Midsommartid &#8211; br\u00f6llopstid (Torpa kyrka).<\/i><\/p>\n<p>I alla tider har ungdomar brutit upp, revolterat eller \u00e5tminstone \u00f6nskat att de kunde g\u00f6ra det. Det \u00e4r bland det djupast m\u00e4nskliga. V\u00e4rldens vackraste k\u00e4rleksdikt\u00a0<i>S\u00e5ngernas s\u00e5ng<\/i>\u00a0skriven f\u00f6r 3000 \u00e5r sedan skildrar en ung man och en ung kvinna av folket. Sj\u00e4lvk\u00e4nslan och sj\u00e4lvmedvetandet \u00e4r starka genom hela dikten. Den unge mannen anser sig vara f\u00f6rmer \u00e4n sj\u00e4lve Salomo f\u00f6r han har ju\u00a0<i>Henne<\/i>. Flickans sj\u00e4lvk\u00e4nsla \u00e4r faktiskt \u00e4nnu st\u00f6rre.<br \/>\nS\u00e5dana tendenser till sj\u00e4lvst\u00e4ndighet har alltid fyllt makthungriga personer med f\u00f6rf\u00e4ran. Ett s\u00e4tt att kuva ungdomarna \u00e4r att gifta bort dem medan de \u00e4nnu \u00e4r omyndiga. Br\u00f6llopet blir d\u00e5 en bekr\u00e4ftelse p\u00e5 att det unga paret \u00e4r sl\u00e4ktens eller klanens egendom om de s\u00e5 reser till v\u00e4rldens \u00e4nde (dvs till Sverige).<br \/>\nDet kan f\u00f6r oss vara sv\u00e5rt att f\u00f6rst\u00e5 hur en far (f\u00f6r det \u00e4r oftast f\u00e4der det \u00e4r fr\u00e5ga om) p\u00e5 h\u00e4r s\u00e4ttet kan best\u00e4mma vem en flicka f\u00e5r eller inte f\u00e5r gifta sig med. Men problemet finns och vi f\u00e5r inte blunda f\u00f6r det.<br \/>\nSamtidigt finns det \u00e4ven i v\u00e5rt land de som vill vara f\u00f6rmyndare f\u00f6r familjerna. Kristdemokraterna har p\u00e5talat att samh\u00e4llet sj\u00e4lvt l\u00e4gger sig i alltf\u00f6r mycket.<br \/>\nOmv\u00e4nt finns det politiker som vill tona ner betydelsen av \u00e4ktenskapet eller helt enkelt avskaffa det. Ett s\u00e5dant f\u00f6rs\u00f6k till f\u00f6rsvagning har just gjorts av RFSU som vid sin kongress besl\u00f6t att &#8221;skrota begreppet sex och samlevnad&#8221;. Man kallar det\u00a0<i>en relik fr\u00e5n det f\u00f6rflutna<\/i>.<br \/>\nMan kan f\u00f6rv\u00e5nas \u00f6ver ordvalet. Reliker \u00e4r ju f\u00f6rem\u00e5l som anses ha ett oskattbart och best\u00e5ende v\u00e4rde. Man den fr\u00e4na tonen fr\u00e5n den enda svenska organisation som \u00e4r officiell samarbetspartner med UNESCO tyder p\u00e5 en minst sagt l\u00e5g uppskattning av samlevnad och av dem som faktiskt \u00e4gnar sig \u00e5t s\u00e5dant.<br \/>\nNaturligtvis \u00e4r s\u00e5dana uttalanden inte till n\u00e5gon som helst hj\u00e4lp f\u00f6r de utsatta flickorna fr\u00e5n andra kulturer och inte till n\u00e5gon hj\u00e4lp f\u00f6r andra ungdomar heller. Det \u00e4r sorgligt f\u00f6r RFSU r\u00e4knas n\u00e4stan som en myndighet. Regeringen har n\u00e4mligen beordrat Myndigheten f\u00f6r ungdoms- och civilsamh\u00e4llsfr\u00e5gor att samr\u00e5da med bl.a. RFSU.<\/p>\n<p><i>Bengt Malm, ordf.<br \/>\n16 juni<\/i><\/p>\n<p>P.S. Kanske \u00e4r det ett skrivfel i RFSU:s beslut. Kanske menar man att sex och samlevnad \u00e4r en\u00a0<i>relikt<\/i>\u00a0fr\u00e5n flydda tider. Men det l\u00e5ter inte bra heller. F\u00f6r relikter \u00e4r v\u00e4xter eller djur som finns kvar i ett visst omr\u00e5de n\u00e4r de d\u00f6tt ut p\u00e5 andra h\u00e5ll. Men nu \u00e4r det s\u00e5 att relikter anses vara mycket v\u00e4rdefulla och skyddsv\u00e4rda. Och dessutom har samlevnad\u00a0<i>inte<\/i>\u00a0d\u00f6tt ut i Sveriges omgivningar. Det \u00e4r nog bara sv\u00e5rt att veta vad RFSU egentligen t\u00e4nkte p\u00e5. F\u00f6r om man \u00e4r stolt \u00f6ver samarbetet med UNESCO t\u00e4nker man v\u00e4l?<\/p>\n","protected":false},"excerpt":{"rendered":"<p>Sommarlovet har b\u00f6rjat. Kanske de flesta av oss sett det l\u00e5nga lovet som n\u00e5got underbart. Tyv\u00e4rr finns det barn som inte ser fram mot denna tid. En kategori barn som socialtj\u00e4nsterna kommer i kontakt med under somrarna \u00e4r unga flickor fr\u00e5n andra kulturer och som \u00e4r mycket oroliga. T\u00e4nker sl\u00e4kten gifta bort dem? Kanske blir <a class=\"read-more-link\" href=\"https:\/\/wp.kristdemokraterna.se\/ydre\/2017-06-16-det-farliga-sommarlovet\/\">L\u00e4s mer<\/a><\/p>\n","protected":false},"author":793,"featured_media":0,"parent":0,"menu_order":0,"comment_status":"closed","ping_status":"closed","template":"","meta":{"_acf_changed":false,"footnotes":""},"class_list":["post-785","page","type-page","status-publish","hentry"],"acf":[],"yoast_head":"<!-- This site is optimized with the Yoast SEO plugin v27.5 - https:\/\/yoast.com\/product\/yoast-seo-wordpress\/ -->\n<title>2017-06-16 Det farliga sommarlovet - Kristdemokraterna i Ydre<\/title>\n<meta name=\"robots\" content=\"index, follow, max-snippet:-1, max-image-preview:large, max-video-preview:-1\" \/>\n<link rel=\"canonical\" href=\"https:\/\/wp.kristdemokraterna.se\/ydre\/2017-06-16-det-farliga-sommarlovet\/\" \/>\n<meta property=\"og:locale\" content=\"sv_SE\" \/>\n<meta property=\"og:type\" content=\"article\" \/>\n<meta property=\"og:title\" content=\"2017-06-16 Det farliga sommarlovet - Kristdemokraterna i Ydre\" \/>\n<meta property=\"og:description\" content=\"Sommarlovet har b\u00f6rjat. Kanske de flesta av oss sett det l\u00e5nga lovet som n\u00e5got underbart. Tyv\u00e4rr finns det barn som inte ser fram mot denna tid. En kategori barn som socialtj\u00e4nsterna kommer i kontakt med under somrarna \u00e4r unga flickor fr\u00e5n andra kulturer och som \u00e4r mycket oroliga. T\u00e4nker sl\u00e4kten gifta bort dem? Kanske blir L\u00e4s mer\" \/>\n<meta property=\"og:url\" content=\"https:\/\/wp.kristdemokraterna.se\/ydre\/2017-06-16-det-farliga-sommarlovet\/\" \/>\n<meta property=\"og:site_name\" content=\"Kristdemokraterna i Ydre\" \/>\n<meta property=\"article:modified_time\" content=\"2018-07-07T17:07:06+00:00\" \/>\n<meta property=\"og:image\" content=\"http:\/\/ydrebo.se\/kd\/veckobrev\/Norra_Vi.JPG\" \/>\n<meta name=\"twitter:card\" content=\"summary_large_image\" \/>\n<meta name=\"twitter:label1\" content=\"Ber\u00e4knad l\u00e4stid\" \/>\n\t<meta name=\"twitter:data1\" content=\"4 minuter\" \/>\n<script type=\"application\/ld+json\" class=\"yoast-schema-graph\">{\"@context\":\"https:\\\/\\\/schema.org\",\"@graph\":[{\"@type\":\"WebPage\",\"@id\":\"https:\\\/\\\/wp.kristdemokraterna.se\\\/ydre\\\/2017-06-16-det-farliga-sommarlovet\\\/\",\"url\":\"https:\\\/\\\/wp.kristdemokraterna.se\\\/ydre\\\/2017-06-16-det-farliga-sommarlovet\\\/\",\"name\":\"2017-06-16 Det farliga sommarlovet - Kristdemokraterna i Ydre\",\"isPartOf\":{\"@id\":\"https:\\\/\\\/wp.kristdemokraterna.se\\\/ydre\\\/#website\"},\"primaryImageOfPage\":{\"@id\":\"https:\\\/\\\/wp.kristdemokraterna.se\\\/ydre\\\/2017-06-16-det-farliga-sommarlovet\\\/#primaryimage\"},\"image\":{\"@id\":\"https:\\\/\\\/wp.kristdemokraterna.se\\\/ydre\\\/2017-06-16-det-farliga-sommarlovet\\\/#primaryimage\"},\"thumbnailUrl\":\"http:\\\/\\\/ydrebo.se\\\/kd\\\/veckobrev\\\/Norra_Vi.JPG\",\"datePublished\":\"2018-07-07T17:04:19+00:00\",\"dateModified\":\"2018-07-07T17:07:06+00:00\",\"breadcrumb\":{\"@id\":\"https:\\\/\\\/wp.kristdemokraterna.se\\\/ydre\\\/2017-06-16-det-farliga-sommarlovet\\\/#breadcrumb\"},\"inLanguage\":\"sv-SE\",\"potentialAction\":[{\"@type\":\"ReadAction\",\"target\":[\"https:\\\/\\\/wp.kristdemokraterna.se\\\/ydre\\\/2017-06-16-det-farliga-sommarlovet\\\/\"]}]},{\"@type\":\"ImageObject\",\"inLanguage\":\"sv-SE\",\"@id\":\"https:\\\/\\\/wp.kristdemokraterna.se\\\/ydre\\\/2017-06-16-det-farliga-sommarlovet\\\/#primaryimage\",\"url\":\"http:\\\/\\\/ydrebo.se\\\/kd\\\/veckobrev\\\/Norra_Vi.JPG\",\"contentUrl\":\"http:\\\/\\\/ydrebo.se\\\/kd\\\/veckobrev\\\/Norra_Vi.JPG\"},{\"@type\":\"BreadcrumbList\",\"@id\":\"https:\\\/\\\/wp.kristdemokraterna.se\\\/ydre\\\/2017-06-16-det-farliga-sommarlovet\\\/#breadcrumb\",\"itemListElement\":[{\"@type\":\"ListItem\",\"position\":1,\"name\":\"Hem\",\"item\":\"https:\\\/\\\/wp.kristdemokraterna.se\\\/ydre\\\/\"},{\"@type\":\"ListItem\",\"position\":2,\"name\":\"2017-06-16 Det farliga sommarlovet\"}]},{\"@type\":\"WebSite\",\"@id\":\"https:\\\/\\\/wp.kristdemokraterna.se\\\/ydre\\\/#website\",\"url\":\"https:\\\/\\\/wp.kristdemokraterna.se\\\/ydre\\\/\",\"name\":\"Kristdemokraterna i Ydre\",\"description\":\"En till Kristdemokraterna webbplats\",\"inLanguage\":\"sv-SE\"}]}<\/script>\n<!-- \/ Yoast SEO plugin. -->","yoast_head_json":{"title":"2017-06-16 Det farliga sommarlovet - Kristdemokraterna i Ydre","robots":{"index":"index","follow":"follow","max-snippet":"max-snippet:-1","max-image-preview":"max-image-preview:large","max-video-preview":"max-video-preview:-1"},"canonical":"https:\/\/wp.kristdemokraterna.se\/ydre\/2017-06-16-det-farliga-sommarlovet\/","og_locale":"sv_SE","og_type":"article","og_title":"2017-06-16 Det farliga sommarlovet - Kristdemokraterna i Ydre","og_description":"Sommarlovet har b\u00f6rjat. Kanske de flesta av oss sett det l\u00e5nga lovet som n\u00e5got underbart. Tyv\u00e4rr finns det barn som inte ser fram mot denna tid. En kategori barn som socialtj\u00e4nsterna kommer i kontakt med under somrarna \u00e4r unga flickor fr\u00e5n andra kulturer och som \u00e4r mycket oroliga. T\u00e4nker sl\u00e4kten gifta bort dem? Kanske blir L\u00e4s mer","og_url":"https:\/\/wp.kristdemokraterna.se\/ydre\/2017-06-16-det-farliga-sommarlovet\/","og_site_name":"Kristdemokraterna i Ydre","article_modified_time":"2018-07-07T17:07:06+00:00","og_image":[{"url":"http:\/\/ydrebo.se\/kd\/veckobrev\/Norra_Vi.JPG","type":"","width":"","height":""}],"twitter_card":"summary_large_image","twitter_misc":{"Ber\u00e4knad l\u00e4stid":"4 minuter"},"schema":{"@context":"https:\/\/schema.org","@graph":[{"@type":"WebPage","@id":"https:\/\/wp.kristdemokraterna.se\/ydre\/2017-06-16-det-farliga-sommarlovet\/","url":"https:\/\/wp.kristdemokraterna.se\/ydre\/2017-06-16-det-farliga-sommarlovet\/","name":"2017-06-16 Det farliga sommarlovet - Kristdemokraterna i Ydre","isPartOf":{"@id":"https:\/\/wp.kristdemokraterna.se\/ydre\/#website"},"primaryImageOfPage":{"@id":"https:\/\/wp.kristdemokraterna.se\/ydre\/2017-06-16-det-farliga-sommarlovet\/#primaryimage"},"image":{"@id":"https:\/\/wp.kristdemokraterna.se\/ydre\/2017-06-16-det-farliga-sommarlovet\/#primaryimage"},"thumbnailUrl":"http:\/\/ydrebo.se\/kd\/veckobrev\/Norra_Vi.JPG","datePublished":"2018-07-07T17:04:19+00:00","dateModified":"2018-07-07T17:07:06+00:00","breadcrumb":{"@id":"https:\/\/wp.kristdemokraterna.se\/ydre\/2017-06-16-det-farliga-sommarlovet\/#breadcrumb"},"inLanguage":"sv-SE","potentialAction":[{"@type":"ReadAction","target":["https:\/\/wp.kristdemokraterna.se\/ydre\/2017-06-16-det-farliga-sommarlovet\/"]}]},{"@type":"ImageObject","inLanguage":"sv-SE","@id":"https:\/\/wp.kristdemokraterna.se\/ydre\/2017-06-16-det-farliga-sommarlovet\/#primaryimage","url":"http:\/\/ydrebo.se\/kd\/veckobrev\/Norra_Vi.JPG","contentUrl":"http:\/\/ydrebo.se\/kd\/veckobrev\/Norra_Vi.JPG"},{"@type":"BreadcrumbList","@id":"https:\/\/wp.kristdemokraterna.se\/ydre\/2017-06-16-det-farliga-sommarlovet\/#breadcrumb","itemListElement":[{"@type":"ListItem","position":1,"name":"Hem","item":"https:\/\/wp.kristdemokraterna.se\/ydre\/"},{"@type":"ListItem","position":2,"name":"2017-06-16 Det farliga sommarlovet"}]},{"@type":"WebSite","@id":"https:\/\/wp.kristdemokraterna.se\/ydre\/#website","url":"https:\/\/wp.kristdemokraterna.se\/ydre\/","name":"Kristdemokraterna i Ydre","description":"En till Kristdemokraterna webbplats","inLanguage":"sv-SE"}]}},"_links":{"self":[{"href":"https:\/\/wp.kristdemokraterna.se\/ydre\/wp-json\/wp\/v2\/pages\/785","targetHints":{"allow":["GET"]}}],"collection":[{"href":"https:\/\/wp.kristdemokraterna.se\/ydre\/wp-json\/wp\/v2\/pages"}],"about":[{"href":"https:\/\/wp.kristdemokraterna.se\/ydre\/wp-json\/wp\/v2\/types\/page"}],"author":[{"embeddable":true,"href":"https:\/\/wp.kristdemokraterna.se\/ydre\/wp-json\/wp\/v2\/users\/793"}],"replies":[{"embeddable":true,"href":"https:\/\/wp.kristdemokraterna.se\/ydre\/wp-json\/wp\/v2\/comments?post=785"}],"version-history":[{"count":4,"href":"https:\/\/wp.kristdemokraterna.se\/ydre\/wp-json\/wp\/v2\/pages\/785\/revisions"}],"predecessor-version":[{"id":789,"href":"https:\/\/wp.kristdemokraterna.se\/ydre\/wp-json\/wp\/v2\/pages\/785\/revisions\/789"}],"wp:attachment":[{"href":"https:\/\/wp.kristdemokraterna.se\/ydre\/wp-json\/wp\/v2\/media?parent=785"}],"curies":[{"name":"wp","href":"https:\/\/api.w.org\/{rel}","templated":true}]}}