{"id":791,"date":"2018-07-07T19:11:02","date_gmt":"2018-07-07T17:11:02","guid":{"rendered":"http:\/\/wp.kristdemokraterna.se\/ydre\/?page_id=791"},"modified":"2018-07-07T19:11:47","modified_gmt":"2018-07-07T17:11:47","slug":"2017-06-21-litet-bo-jag-satta-vill","status":"publish","type":"page","link":"https:\/\/wp.kristdemokraterna.se\/ydre\/2017-06-21-litet-bo-jag-satta-vill\/","title":{"rendered":"2017-06-21 Litet bo jag s\u00e4tta vill"},"content":{"rendered":"<p>Det \u00e4r bostadsbrist p\u00e5 m\u00e5nga h\u00e5ll, s\u00e4rskilt i storst\u00e4derna. S\u00e5 varf\u00f6r inte bygga hyreshus d\u00e4r det finns plats?<br \/>\nMen fr\u00e5n kommun efter kommun kommer bekymrade rapporter. Det g\u00e5r inte. Boverket som skall se till att det finns bost\u00e4der l\u00e4gger hinder i v\u00e4gen.<br \/>\nBoverket vill inte att l\u00e4genheterna skall bli f\u00f6r dyra att hyra. Det l\u00e5ter ju bra. Samtidigt skall husen inte bli f\u00f6r dyra att bygga. Men nu, n\u00e4r det \u00e4r goda tider f\u00f6r byggf\u00f6retagen, vill de ha mer betalt \u00e4n vad Boverket till\u00e5ter.<\/p>\n<p><img loading=\"lazy\" decoding=\"async\" src=\"http:\/\/ydrebo.se\/kd\/veckobrev2017\/ydregatan.JPG\" width=\"600\" height=\"459\" \/><br \/>\n<i>V\u00e4lkommen till Ydrebost\u00e4der! Men hur kan vi bygga fler l\u00e4genheter?<\/i><\/p>\n<p>F\u00f6r Ydres del drabbar detta i f\u00f6rsta hand planerna p\u00e5 ett litet antal hyresl\u00e4genheter p\u00e5 Dalbylandet. Men p\u00e5 sikt drabbar det alla kommunens planer att ordna fler hyresr\u00e4tter.<br \/>\nKommunstyrelsen kommer att h\u00e5lla ett extra sammantr\u00e4de om situationen den 26 juni. Det g\u00e5r kanske \u00e4nd\u00e5 att finna en l\u00f6sning just f\u00f6r Dalbylandet.<br \/>\nMen bostadsbristen \u00e4r ett nationellt problem. Sv\u00e5righeten att bygga i landsorten \u00e4r en del av detta. Vad finns det f\u00f6r ideer i landets ledning? Det finns ju \u00e4nd\u00e5 stora f\u00f6rdelar med att bygga i de mindre orterna d\u00e4r kommunerna g\u00e4rna vill vara med att ordna bostadsf\u00f6rs\u00f6rjningen. Varf\u00f6r bryr man sig inte om landsbygden? Varf\u00f6r har Boverket i st\u00e4llet b\u00f6rjat tala om att &#8221;avveckla&#8221; hela orter?<\/p>\n<p><i>Bengt Malm, ordf.<br \/>\n21 juni\u00a0<\/i><\/p>\n","protected":false},"excerpt":{"rendered":"<p>Det \u00e4r bostadsbrist p\u00e5 m\u00e5nga h\u00e5ll, s\u00e4rskilt i storst\u00e4derna. S\u00e5 varf\u00f6r inte bygga hyreshus d\u00e4r det finns plats? Men fr\u00e5n kommun efter kommun kommer bekymrade rapporter. Det g\u00e5r inte. Boverket som skall se till att det finns bost\u00e4der l\u00e4gger hinder i v\u00e4gen. Boverket vill inte att l\u00e4genheterna skall bli f\u00f6r dyra att hyra. Det l\u00e5ter <a class=\"read-more-link\" href=\"https:\/\/wp.kristdemokraterna.se\/ydre\/2017-06-21-litet-bo-jag-satta-vill\/\">L\u00e4s mer<\/a><\/p>\n","protected":false},"author":793,"featured_media":0,"parent":0,"menu_order":0,"comment_status":"closed","ping_status":"closed","template":"","meta":{"_acf_changed":false,"footnotes":""},"class_list":["post-791","page","type-page","status-publish","hentry"],"acf":[],"yoast_head":"<!-- This site is optimized with the Yoast SEO plugin v27.5 - https:\/\/yoast.com\/product\/yoast-seo-wordpress\/ -->\n<title>2017-06-21 Litet bo jag s\u00e4tta vill - Kristdemokraterna i Ydre<\/title>\n<meta name=\"robots\" content=\"index, follow, max-snippet:-1, max-image-preview:large, max-video-preview:-1\" \/>\n<link rel=\"canonical\" href=\"https:\/\/wp.kristdemokraterna.se\/ydre\/2017-06-21-litet-bo-jag-satta-vill\/\" \/>\n<meta property=\"og:locale\" content=\"sv_SE\" \/>\n<meta property=\"og:type\" content=\"article\" \/>\n<meta property=\"og:title\" content=\"2017-06-21 Litet bo jag s\u00e4tta vill - Kristdemokraterna i Ydre\" \/>\n<meta property=\"og:description\" content=\"Det \u00e4r bostadsbrist p\u00e5 m\u00e5nga h\u00e5ll, s\u00e4rskilt i storst\u00e4derna. S\u00e5 varf\u00f6r inte bygga hyreshus d\u00e4r det finns plats? Men fr\u00e5n kommun efter kommun kommer bekymrade rapporter. Det g\u00e5r inte. Boverket som skall se till att det finns bost\u00e4der l\u00e4gger hinder i v\u00e4gen. Boverket vill inte att l\u00e4genheterna skall bli f\u00f6r dyra att hyra. Det l\u00e5ter L\u00e4s mer\" \/>\n<meta property=\"og:url\" content=\"https:\/\/wp.kristdemokraterna.se\/ydre\/2017-06-21-litet-bo-jag-satta-vill\/\" \/>\n<meta property=\"og:site_name\" content=\"Kristdemokraterna i Ydre\" \/>\n<meta property=\"article:modified_time\" content=\"2018-07-07T17:11:47+00:00\" \/>\n<meta property=\"og:image\" content=\"http:\/\/ydrebo.se\/kd\/veckobrev2017\/ydregatan.JPG\" \/>\n<meta name=\"twitter:card\" content=\"summary_large_image\" \/>\n<meta name=\"twitter:label1\" content=\"Ber\u00e4knad l\u00e4stid\" \/>\n\t<meta name=\"twitter:data1\" content=\"1 minut\" \/>\n<script type=\"application\/ld+json\" class=\"yoast-schema-graph\">{\"@context\":\"https:\\\/\\\/schema.org\",\"@graph\":[{\"@type\":\"WebPage\",\"@id\":\"https:\\\/\\\/wp.kristdemokraterna.se\\\/ydre\\\/2017-06-21-litet-bo-jag-satta-vill\\\/\",\"url\":\"https:\\\/\\\/wp.kristdemokraterna.se\\\/ydre\\\/2017-06-21-litet-bo-jag-satta-vill\\\/\",\"name\":\"2017-06-21 Litet bo jag s\u00e4tta vill - Kristdemokraterna i Ydre\",\"isPartOf\":{\"@id\":\"https:\\\/\\\/wp.kristdemokraterna.se\\\/ydre\\\/#website\"},\"primaryImageOfPage\":{\"@id\":\"https:\\\/\\\/wp.kristdemokraterna.se\\\/ydre\\\/2017-06-21-litet-bo-jag-satta-vill\\\/#primaryimage\"},\"image\":{\"@id\":\"https:\\\/\\\/wp.kristdemokraterna.se\\\/ydre\\\/2017-06-21-litet-bo-jag-satta-vill\\\/#primaryimage\"},\"thumbnailUrl\":\"http:\\\/\\\/ydrebo.se\\\/kd\\\/veckobrev2017\\\/ydregatan.JPG\",\"datePublished\":\"2018-07-07T17:11:02+00:00\",\"dateModified\":\"2018-07-07T17:11:47+00:00\",\"breadcrumb\":{\"@id\":\"https:\\\/\\\/wp.kristdemokraterna.se\\\/ydre\\\/2017-06-21-litet-bo-jag-satta-vill\\\/#breadcrumb\"},\"inLanguage\":\"sv-SE\",\"potentialAction\":[{\"@type\":\"ReadAction\",\"target\":[\"https:\\\/\\\/wp.kristdemokraterna.se\\\/ydre\\\/2017-06-21-litet-bo-jag-satta-vill\\\/\"]}]},{\"@type\":\"ImageObject\",\"inLanguage\":\"sv-SE\",\"@id\":\"https:\\\/\\\/wp.kristdemokraterna.se\\\/ydre\\\/2017-06-21-litet-bo-jag-satta-vill\\\/#primaryimage\",\"url\":\"http:\\\/\\\/ydrebo.se\\\/kd\\\/veckobrev2017\\\/ydregatan.JPG\",\"contentUrl\":\"http:\\\/\\\/ydrebo.se\\\/kd\\\/veckobrev2017\\\/ydregatan.JPG\"},{\"@type\":\"BreadcrumbList\",\"@id\":\"https:\\\/\\\/wp.kristdemokraterna.se\\\/ydre\\\/2017-06-21-litet-bo-jag-satta-vill\\\/#breadcrumb\",\"itemListElement\":[{\"@type\":\"ListItem\",\"position\":1,\"name\":\"Hem\",\"item\":\"https:\\\/\\\/wp.kristdemokraterna.se\\\/ydre\\\/\"},{\"@type\":\"ListItem\",\"position\":2,\"name\":\"2017-06-21 Litet bo jag s\u00e4tta vill\"}]},{\"@type\":\"WebSite\",\"@id\":\"https:\\\/\\\/wp.kristdemokraterna.se\\\/ydre\\\/#website\",\"url\":\"https:\\\/\\\/wp.kristdemokraterna.se\\\/ydre\\\/\",\"name\":\"Kristdemokraterna i Ydre\",\"description\":\"En till Kristdemokraterna webbplats\",\"inLanguage\":\"sv-SE\"}]}<\/script>\n<!-- \/ Yoast SEO plugin. -->","yoast_head_json":{"title":"2017-06-21 Litet bo jag s\u00e4tta vill - Kristdemokraterna i Ydre","robots":{"index":"index","follow":"follow","max-snippet":"max-snippet:-1","max-image-preview":"max-image-preview:large","max-video-preview":"max-video-preview:-1"},"canonical":"https:\/\/wp.kristdemokraterna.se\/ydre\/2017-06-21-litet-bo-jag-satta-vill\/","og_locale":"sv_SE","og_type":"article","og_title":"2017-06-21 Litet bo jag s\u00e4tta vill - Kristdemokraterna i Ydre","og_description":"Det \u00e4r bostadsbrist p\u00e5 m\u00e5nga h\u00e5ll, s\u00e4rskilt i storst\u00e4derna. S\u00e5 varf\u00f6r inte bygga hyreshus d\u00e4r det finns plats? Men fr\u00e5n kommun efter kommun kommer bekymrade rapporter. Det g\u00e5r inte. Boverket som skall se till att det finns bost\u00e4der l\u00e4gger hinder i v\u00e4gen. Boverket vill inte att l\u00e4genheterna skall bli f\u00f6r dyra att hyra. Det l\u00e5ter L\u00e4s mer","og_url":"https:\/\/wp.kristdemokraterna.se\/ydre\/2017-06-21-litet-bo-jag-satta-vill\/","og_site_name":"Kristdemokraterna i Ydre","article_modified_time":"2018-07-07T17:11:47+00:00","og_image":[{"url":"http:\/\/ydrebo.se\/kd\/veckobrev2017\/ydregatan.JPG","type":"","width":"","height":""}],"twitter_card":"summary_large_image","twitter_misc":{"Ber\u00e4knad l\u00e4stid":"1 minut"},"schema":{"@context":"https:\/\/schema.org","@graph":[{"@type":"WebPage","@id":"https:\/\/wp.kristdemokraterna.se\/ydre\/2017-06-21-litet-bo-jag-satta-vill\/","url":"https:\/\/wp.kristdemokraterna.se\/ydre\/2017-06-21-litet-bo-jag-satta-vill\/","name":"2017-06-21 Litet bo jag s\u00e4tta vill - Kristdemokraterna i Ydre","isPartOf":{"@id":"https:\/\/wp.kristdemokraterna.se\/ydre\/#website"},"primaryImageOfPage":{"@id":"https:\/\/wp.kristdemokraterna.se\/ydre\/2017-06-21-litet-bo-jag-satta-vill\/#primaryimage"},"image":{"@id":"https:\/\/wp.kristdemokraterna.se\/ydre\/2017-06-21-litet-bo-jag-satta-vill\/#primaryimage"},"thumbnailUrl":"http:\/\/ydrebo.se\/kd\/veckobrev2017\/ydregatan.JPG","datePublished":"2018-07-07T17:11:02+00:00","dateModified":"2018-07-07T17:11:47+00:00","breadcrumb":{"@id":"https:\/\/wp.kristdemokraterna.se\/ydre\/2017-06-21-litet-bo-jag-satta-vill\/#breadcrumb"},"inLanguage":"sv-SE","potentialAction":[{"@type":"ReadAction","target":["https:\/\/wp.kristdemokraterna.se\/ydre\/2017-06-21-litet-bo-jag-satta-vill\/"]}]},{"@type":"ImageObject","inLanguage":"sv-SE","@id":"https:\/\/wp.kristdemokraterna.se\/ydre\/2017-06-21-litet-bo-jag-satta-vill\/#primaryimage","url":"http:\/\/ydrebo.se\/kd\/veckobrev2017\/ydregatan.JPG","contentUrl":"http:\/\/ydrebo.se\/kd\/veckobrev2017\/ydregatan.JPG"},{"@type":"BreadcrumbList","@id":"https:\/\/wp.kristdemokraterna.se\/ydre\/2017-06-21-litet-bo-jag-satta-vill\/#breadcrumb","itemListElement":[{"@type":"ListItem","position":1,"name":"Hem","item":"https:\/\/wp.kristdemokraterna.se\/ydre\/"},{"@type":"ListItem","position":2,"name":"2017-06-21 Litet bo jag s\u00e4tta vill"}]},{"@type":"WebSite","@id":"https:\/\/wp.kristdemokraterna.se\/ydre\/#website","url":"https:\/\/wp.kristdemokraterna.se\/ydre\/","name":"Kristdemokraterna i Ydre","description":"En till Kristdemokraterna webbplats","inLanguage":"sv-SE"}]}},"_links":{"self":[{"href":"https:\/\/wp.kristdemokraterna.se\/ydre\/wp-json\/wp\/v2\/pages\/791","targetHints":{"allow":["GET"]}}],"collection":[{"href":"https:\/\/wp.kristdemokraterna.se\/ydre\/wp-json\/wp\/v2\/pages"}],"about":[{"href":"https:\/\/wp.kristdemokraterna.se\/ydre\/wp-json\/wp\/v2\/types\/page"}],"author":[{"embeddable":true,"href":"https:\/\/wp.kristdemokraterna.se\/ydre\/wp-json\/wp\/v2\/users\/793"}],"replies":[{"embeddable":true,"href":"https:\/\/wp.kristdemokraterna.se\/ydre\/wp-json\/wp\/v2\/comments?post=791"}],"version-history":[{"count":3,"href":"https:\/\/wp.kristdemokraterna.se\/ydre\/wp-json\/wp\/v2\/pages\/791\/revisions"}],"predecessor-version":[{"id":794,"href":"https:\/\/wp.kristdemokraterna.se\/ydre\/wp-json\/wp\/v2\/pages\/791\/revisions\/794"}],"wp:attachment":[{"href":"https:\/\/wp.kristdemokraterna.se\/ydre\/wp-json\/wp\/v2\/media?parent=791"}],"curies":[{"name":"wp","href":"https:\/\/api.w.org\/{rel}","templated":true}]}}