{"id":796,"date":"2018-07-07T19:13:51","date_gmt":"2018-07-07T17:13:51","guid":{"rendered":"http:\/\/wp.kristdemokraterna.se\/ydre\/?page_id=796"},"modified":"2018-07-07T19:14:31","modified_gmt":"2018-07-07T17:14:31","slug":"2017-06-27-nar-larmet-gar","status":"publish","type":"page","link":"https:\/\/wp.kristdemokraterna.se\/ydre\/2017-06-27-nar-larmet-gar\/","title":{"rendered":"2017-06-27 N\u00e4r larmet g\u00e5r"},"content":{"rendered":"<p>Det finns \u00e5tskilliga ideella hj\u00e4lporganisationer som helt finansieras med donationer och g\u00e5vor. En av dem \u00e4r\u00a0<i>Svenska S\u00e4llskapet f\u00f6r R\u00e4ddning af Skeppsbrutne<\/i>, oftast kallad Sj\u00f6r\u00e4ddningss\u00e4llskapet.<br \/>\nHur fungerar verksamheten? Ta t.ex. Vin\u00f6n l\u00e5ngt ut i Hj\u00e4lmaren. D\u00e4r bor ett hundratal personer permanent. Om det kommer ett larm om fara p\u00e5 sj\u00f6n rusar n\u00e5gra av \u00f6borna ner till den st\u00e4ndigt startberedda r\u00e4ddningskryssaren i hamnen. De har en kvart p\u00e5 sig att komma i v\u00e4g.<\/p>\n<p><img loading=\"lazy\" decoding=\"async\" src=\"http:\/\/ydrebo.se\/kd\/veckobrev2017\/raddningskryssare.JPG\" width=\"600\" height=\"464\" \/><br \/>\n<i>Sj\u00f6r\u00e4ddningss\u00e4llskapets r\u00e4ddningskryssare vid Vin\u00f6n i Hj\u00e4lmaren.<\/p>\n<p><\/i>P\u00e5 samma s\u00e4tt \u00e4r det vid kusten och en del andra sj\u00f6ar. Av s\u00e4llskapets 2100 sj\u00f6r\u00e4ddare \u00e4r st\u00e4ndigt 300 beredda att rycka ut. Allas insatser \u00e4r frivilliga och ideella. Organisationen f\u00e5r inget bidrag fr\u00e5n staten f\u00f6r att den deltar i cirka 70% av alla sj\u00f6r\u00e4ddningsoperationer i Sverige. Gratis!<\/p>\n<p><img loading=\"lazy\" decoding=\"async\" src=\"http:\/\/ydrebo.se\/kd\/veckobrev2017\/skylt.JPG\" width=\"272\" height=\"83\" \/><br \/>\n<i>Sj\u00f6r\u00e4ddningss\u00e4llskapets h\u00e4lsning till alla p\u00e5 sj\u00f6n.<\/p>\n<p><\/i>Men det finns ett bidrag sj\u00f6r\u00e4ddarna absolut beh\u00f6ver. De m\u00e5ste f\u00e5 larmen. De har hittills kommit genom SOS Alarm. Detta f\u00f6retag bekr\u00e4ftar nu (per telefon) vad som sagts i pressen och i radio, n\u00e4mligen att man vill att sj\u00f6r\u00e4ddarna skall\u00a0<i>betala<\/i>\u00a0f\u00f6r att f\u00e5 larmen dvs f\u00f6r f\u00f6rm\u00e5nen att\u00a0<a href=\"https:\/\/www.sjoraddning.se\/sites\/default\/files\/styles\/medium_16-9\/public\/nms_ssrs_0001a_normal-crop.jpg?itok=4XK34hLT\" target=\"_blank\" rel=\"noopener\"><b>rycka ut och r\u00e4dda liv<\/b><\/a>.<br \/>\nRegeringen har sagt att den inte l\u00e4gger sig i konflikten om avgiften utan h\u00e4nvisar till en kommande utredning om larmtj\u00e4nsterna. Det var nog i sj\u00e4lva verket en vink till SOS Alarm att lugna sig (staten \u00e4ger halva SOS Alarm).<br \/>\nYdre \u00e4r inblandat f\u00f6r som SOS Alarm p\u00e5pekar \u00e4ger alla landets kommuner och landsting tillsammans den andra halvan av f\u00f6retaget (&#8221;ni \u00e4ger h\u00e4lften av oss&#8221;).<br \/>\nVisst s\u00e4ger man p\u00e5 SOS Alarm att Sj\u00f6r\u00e4ddningss\u00e4llskapet &#8221;g\u00f6r en fantastisk insats&#8221;. Man vill nog f\u00f6rta intrycket av ett uttalande som gjordes i radio. En f\u00f6retr\u00e4dare f\u00f6r SOS Alarm p\u00e5stod att man inte hade &#8221;n\u00e5got uppdrag av staten att hantera frivillga organisationers behov&#8221;. Den st\u00f6tande formuleringen visar att det inte \u00e4r s\u00e5 enkelt att samordna statliga och ideella organisationers insatser.<br \/>\nDet \u00e4r ingen hemlighet att det finns politiska skiljelinjer om ideella organisationers m\u00f6jligheter att g\u00f6ra allm\u00e4nnyttiga insatser. Kristdemokraternas inst\u00e4llning \u00e4r klar. Samh\u00e4llet\u00a0<i>m\u00e5ste<\/i>\u00a0acceptera det dessa organistioner kan bidra med.<\/p>\n<p><i>Bengt Malm, ordf.<br \/>\n27 juni\u00a0<\/i><\/p>\n","protected":false},"excerpt":{"rendered":"<p>Det finns \u00e5tskilliga ideella hj\u00e4lporganisationer som helt finansieras med donationer och g\u00e5vor. En av dem \u00e4r\u00a0Svenska S\u00e4llskapet f\u00f6r R\u00e4ddning af Skeppsbrutne, oftast kallad Sj\u00f6r\u00e4ddningss\u00e4llskapet. Hur fungerar verksamheten? Ta t.ex. Vin\u00f6n l\u00e5ngt ut i Hj\u00e4lmaren. D\u00e4r bor ett hundratal personer permanent. Om det kommer ett larm om fara p\u00e5 sj\u00f6n rusar n\u00e5gra av \u00f6borna ner till <a class=\"read-more-link\" href=\"https:\/\/wp.kristdemokraterna.se\/ydre\/2017-06-27-nar-larmet-gar\/\">L\u00e4s mer<\/a><\/p>\n","protected":false},"author":793,"featured_media":0,"parent":0,"menu_order":0,"comment_status":"closed","ping_status":"closed","template":"","meta":{"_acf_changed":false,"footnotes":""},"class_list":["post-796","page","type-page","status-publish","hentry"],"acf":[],"yoast_head":"<!-- This site is optimized with the Yoast SEO plugin v27.5 - https:\/\/yoast.com\/product\/yoast-seo-wordpress\/ -->\n<title>2017-06-27 N\u00e4r larmet g\u00e5r - Kristdemokraterna i Ydre<\/title>\n<meta name=\"robots\" content=\"index, follow, max-snippet:-1, max-image-preview:large, max-video-preview:-1\" \/>\n<link rel=\"canonical\" href=\"https:\/\/wp.kristdemokraterna.se\/ydre\/2017-06-27-nar-larmet-gar\/\" \/>\n<meta property=\"og:locale\" content=\"sv_SE\" \/>\n<meta property=\"og:type\" content=\"article\" \/>\n<meta property=\"og:title\" content=\"2017-06-27 N\u00e4r larmet g\u00e5r - Kristdemokraterna i Ydre\" \/>\n<meta property=\"og:description\" content=\"Det finns \u00e5tskilliga ideella hj\u00e4lporganisationer som helt finansieras med donationer och g\u00e5vor. En av dem \u00e4r\u00a0Svenska S\u00e4llskapet f\u00f6r R\u00e4ddning af Skeppsbrutne, oftast kallad Sj\u00f6r\u00e4ddningss\u00e4llskapet. Hur fungerar verksamheten? Ta t.ex. Vin\u00f6n l\u00e5ngt ut i Hj\u00e4lmaren. D\u00e4r bor ett hundratal personer permanent. Om det kommer ett larm om fara p\u00e5 sj\u00f6n rusar n\u00e5gra av \u00f6borna ner till L\u00e4s mer\" \/>\n<meta property=\"og:url\" content=\"https:\/\/wp.kristdemokraterna.se\/ydre\/2017-06-27-nar-larmet-gar\/\" \/>\n<meta property=\"og:site_name\" content=\"Kristdemokraterna i Ydre\" \/>\n<meta property=\"article:modified_time\" content=\"2018-07-07T17:14:31+00:00\" \/>\n<meta property=\"og:image\" content=\"http:\/\/ydrebo.se\/kd\/veckobrev2017\/raddningskryssare.JPG\" \/>\n<meta name=\"twitter:card\" content=\"summary_large_image\" \/>\n<meta name=\"twitter:label1\" content=\"Ber\u00e4knad l\u00e4stid\" \/>\n\t<meta name=\"twitter:data1\" content=\"2 minuter\" \/>\n<script type=\"application\/ld+json\" class=\"yoast-schema-graph\">{\"@context\":\"https:\\\/\\\/schema.org\",\"@graph\":[{\"@type\":\"WebPage\",\"@id\":\"https:\\\/\\\/wp.kristdemokraterna.se\\\/ydre\\\/2017-06-27-nar-larmet-gar\\\/\",\"url\":\"https:\\\/\\\/wp.kristdemokraterna.se\\\/ydre\\\/2017-06-27-nar-larmet-gar\\\/\",\"name\":\"2017-06-27 N\u00e4r larmet g\u00e5r - Kristdemokraterna i Ydre\",\"isPartOf\":{\"@id\":\"https:\\\/\\\/wp.kristdemokraterna.se\\\/ydre\\\/#website\"},\"primaryImageOfPage\":{\"@id\":\"https:\\\/\\\/wp.kristdemokraterna.se\\\/ydre\\\/2017-06-27-nar-larmet-gar\\\/#primaryimage\"},\"image\":{\"@id\":\"https:\\\/\\\/wp.kristdemokraterna.se\\\/ydre\\\/2017-06-27-nar-larmet-gar\\\/#primaryimage\"},\"thumbnailUrl\":\"http:\\\/\\\/ydrebo.se\\\/kd\\\/veckobrev2017\\\/raddningskryssare.JPG\",\"datePublished\":\"2018-07-07T17:13:51+00:00\",\"dateModified\":\"2018-07-07T17:14:31+00:00\",\"breadcrumb\":{\"@id\":\"https:\\\/\\\/wp.kristdemokraterna.se\\\/ydre\\\/2017-06-27-nar-larmet-gar\\\/#breadcrumb\"},\"inLanguage\":\"sv-SE\",\"potentialAction\":[{\"@type\":\"ReadAction\",\"target\":[\"https:\\\/\\\/wp.kristdemokraterna.se\\\/ydre\\\/2017-06-27-nar-larmet-gar\\\/\"]}]},{\"@type\":\"ImageObject\",\"inLanguage\":\"sv-SE\",\"@id\":\"https:\\\/\\\/wp.kristdemokraterna.se\\\/ydre\\\/2017-06-27-nar-larmet-gar\\\/#primaryimage\",\"url\":\"http:\\\/\\\/ydrebo.se\\\/kd\\\/veckobrev2017\\\/raddningskryssare.JPG\",\"contentUrl\":\"http:\\\/\\\/ydrebo.se\\\/kd\\\/veckobrev2017\\\/raddningskryssare.JPG\"},{\"@type\":\"BreadcrumbList\",\"@id\":\"https:\\\/\\\/wp.kristdemokraterna.se\\\/ydre\\\/2017-06-27-nar-larmet-gar\\\/#breadcrumb\",\"itemListElement\":[{\"@type\":\"ListItem\",\"position\":1,\"name\":\"Hem\",\"item\":\"https:\\\/\\\/wp.kristdemokraterna.se\\\/ydre\\\/\"},{\"@type\":\"ListItem\",\"position\":2,\"name\":\"2017-06-27 N\u00e4r larmet g\u00e5r\"}]},{\"@type\":\"WebSite\",\"@id\":\"https:\\\/\\\/wp.kristdemokraterna.se\\\/ydre\\\/#website\",\"url\":\"https:\\\/\\\/wp.kristdemokraterna.se\\\/ydre\\\/\",\"name\":\"Kristdemokraterna i Ydre\",\"description\":\"En till Kristdemokraterna webbplats\",\"inLanguage\":\"sv-SE\"}]}<\/script>\n<!-- \/ Yoast SEO plugin. -->","yoast_head_json":{"title":"2017-06-27 N\u00e4r larmet g\u00e5r - Kristdemokraterna i Ydre","robots":{"index":"index","follow":"follow","max-snippet":"max-snippet:-1","max-image-preview":"max-image-preview:large","max-video-preview":"max-video-preview:-1"},"canonical":"https:\/\/wp.kristdemokraterna.se\/ydre\/2017-06-27-nar-larmet-gar\/","og_locale":"sv_SE","og_type":"article","og_title":"2017-06-27 N\u00e4r larmet g\u00e5r - Kristdemokraterna i Ydre","og_description":"Det finns \u00e5tskilliga ideella hj\u00e4lporganisationer som helt finansieras med donationer och g\u00e5vor. En av dem \u00e4r\u00a0Svenska S\u00e4llskapet f\u00f6r R\u00e4ddning af Skeppsbrutne, oftast kallad Sj\u00f6r\u00e4ddningss\u00e4llskapet. Hur fungerar verksamheten? Ta t.ex. Vin\u00f6n l\u00e5ngt ut i Hj\u00e4lmaren. D\u00e4r bor ett hundratal personer permanent. Om det kommer ett larm om fara p\u00e5 sj\u00f6n rusar n\u00e5gra av \u00f6borna ner till L\u00e4s mer","og_url":"https:\/\/wp.kristdemokraterna.se\/ydre\/2017-06-27-nar-larmet-gar\/","og_site_name":"Kristdemokraterna i Ydre","article_modified_time":"2018-07-07T17:14:31+00:00","og_image":[{"url":"http:\/\/ydrebo.se\/kd\/veckobrev2017\/raddningskryssare.JPG","type":"","width":"","height":""}],"twitter_card":"summary_large_image","twitter_misc":{"Ber\u00e4knad l\u00e4stid":"2 minuter"},"schema":{"@context":"https:\/\/schema.org","@graph":[{"@type":"WebPage","@id":"https:\/\/wp.kristdemokraterna.se\/ydre\/2017-06-27-nar-larmet-gar\/","url":"https:\/\/wp.kristdemokraterna.se\/ydre\/2017-06-27-nar-larmet-gar\/","name":"2017-06-27 N\u00e4r larmet g\u00e5r - Kristdemokraterna i Ydre","isPartOf":{"@id":"https:\/\/wp.kristdemokraterna.se\/ydre\/#website"},"primaryImageOfPage":{"@id":"https:\/\/wp.kristdemokraterna.se\/ydre\/2017-06-27-nar-larmet-gar\/#primaryimage"},"image":{"@id":"https:\/\/wp.kristdemokraterna.se\/ydre\/2017-06-27-nar-larmet-gar\/#primaryimage"},"thumbnailUrl":"http:\/\/ydrebo.se\/kd\/veckobrev2017\/raddningskryssare.JPG","datePublished":"2018-07-07T17:13:51+00:00","dateModified":"2018-07-07T17:14:31+00:00","breadcrumb":{"@id":"https:\/\/wp.kristdemokraterna.se\/ydre\/2017-06-27-nar-larmet-gar\/#breadcrumb"},"inLanguage":"sv-SE","potentialAction":[{"@type":"ReadAction","target":["https:\/\/wp.kristdemokraterna.se\/ydre\/2017-06-27-nar-larmet-gar\/"]}]},{"@type":"ImageObject","inLanguage":"sv-SE","@id":"https:\/\/wp.kristdemokraterna.se\/ydre\/2017-06-27-nar-larmet-gar\/#primaryimage","url":"http:\/\/ydrebo.se\/kd\/veckobrev2017\/raddningskryssare.JPG","contentUrl":"http:\/\/ydrebo.se\/kd\/veckobrev2017\/raddningskryssare.JPG"},{"@type":"BreadcrumbList","@id":"https:\/\/wp.kristdemokraterna.se\/ydre\/2017-06-27-nar-larmet-gar\/#breadcrumb","itemListElement":[{"@type":"ListItem","position":1,"name":"Hem","item":"https:\/\/wp.kristdemokraterna.se\/ydre\/"},{"@type":"ListItem","position":2,"name":"2017-06-27 N\u00e4r larmet g\u00e5r"}]},{"@type":"WebSite","@id":"https:\/\/wp.kristdemokraterna.se\/ydre\/#website","url":"https:\/\/wp.kristdemokraterna.se\/ydre\/","name":"Kristdemokraterna i Ydre","description":"En till Kristdemokraterna webbplats","inLanguage":"sv-SE"}]}},"_links":{"self":[{"href":"https:\/\/wp.kristdemokraterna.se\/ydre\/wp-json\/wp\/v2\/pages\/796","targetHints":{"allow":["GET"]}}],"collection":[{"href":"https:\/\/wp.kristdemokraterna.se\/ydre\/wp-json\/wp\/v2\/pages"}],"about":[{"href":"https:\/\/wp.kristdemokraterna.se\/ydre\/wp-json\/wp\/v2\/types\/page"}],"author":[{"embeddable":true,"href":"https:\/\/wp.kristdemokraterna.se\/ydre\/wp-json\/wp\/v2\/users\/793"}],"replies":[{"embeddable":true,"href":"https:\/\/wp.kristdemokraterna.se\/ydre\/wp-json\/wp\/v2\/comments?post=796"}],"version-history":[{"count":2,"href":"https:\/\/wp.kristdemokraterna.se\/ydre\/wp-json\/wp\/v2\/pages\/796\/revisions"}],"predecessor-version":[{"id":798,"href":"https:\/\/wp.kristdemokraterna.se\/ydre\/wp-json\/wp\/v2\/pages\/796\/revisions\/798"}],"wp:attachment":[{"href":"https:\/\/wp.kristdemokraterna.se\/ydre\/wp-json\/wp\/v2\/media?parent=796"}],"curies":[{"name":"wp","href":"https:\/\/api.w.org\/{rel}","templated":true}]}}