{"id":802,"date":"2018-07-07T19:17:00","date_gmt":"2018-07-07T17:17:00","guid":{"rendered":"http:\/\/wp.kristdemokraterna.se\/ydre\/?page_id=802"},"modified":"2018-07-07T19:17:47","modified_gmt":"2018-07-07T17:17:47","slug":"2017-07-09-valrorelsen-har-borjat","status":"publish","type":"page","link":"https:\/\/wp.kristdemokraterna.se\/ydre\/2017-07-09-valrorelsen-har-borjat\/","title":{"rendered":"2017-07-09 Valr\u00f6relsen har b\u00f6rjat"},"content":{"rendered":"<p>I midsomras fanns det en intervju med statsministern i Svenska Kyrkans Tidning. Det var en sympatisk ton genom hela samtalet. Men vid ett par tillf\u00e4llen kom han in p\u00e5 de kommande valen i Svenska Kyrkan. Enligt hans partis stadgar samordnar partistyrelsen de insatser som partiets representanter g\u00f6r i kyrkom\u00f6tet, i stift och i f\u00f6rsamlingar.<br \/>\nAnledningen till att detta parti st\u00e4ller upp i valen \u00e4r att kyrkan \u00e4r en &#8221;intressant arena&#8221;. Man kan tycka att just den formuleringen \u00e4r intressant. En arena \u00e4r ju en plats som man kommer till utifr\u00e5n f\u00f6r att f\u00f6rverkliga sina egna ideer.<br \/>\nMan statsminstern tvingades medge att kyrkan trots allt \u00e4r en egen organisation. Intervjuaren p\u00e5minde n\u00e4mligen om att kyrkan ibland tycker annorlunda en statsmakterna. Han gick med p\u00e5 att kyrkan d\u00e5 st\u00e5r f\u00f6r det som den tror \u00e4r r\u00e4tt.<\/p>\n<p><img loading=\"lazy\" decoding=\"async\" src=\"http:\/\/ydrebo.se\/kd\/veckobrev2017\/Norra_Vi_hamn.JPG\" width=\"600\" height=\"461\" \/><br \/>\n<i>Sommar i Ydre (Norra Vi hamn).<\/p>\n<p><\/i>Hur stor handlingsfrihet har d\u00e5 Svenska Kyrkan? Intervjuaren undrade om den f\u00e5r driva f\u00f6rskolor. Det svarade statsministern inte p\u00e5 utan p\u00e5minde bara om att partikongressen vill verka f\u00f6r att alla &#8221;konfessionella inslag&#8221; skall f\u00f6rbjudas i alla skolor och f\u00f6rskolor.<br \/>\nPartikongessens beslut har v\u00e4ckt stort uppseende. Nu har Socialdemokraternas ledare i kyrkom\u00f6tesvalet f\u00f6rs\u00f6kt lugna de oroliga. I Almedalen har han n\u00e4mligen sagt att hans parti (troligen) inte kommer att g\u00f6ra n\u00e5gon \u00e4ndring f\u00f6r f\u00f6rskolorna utan &#8221;bara&#8221; f\u00f6r grundskolorna.<\/p>\n<p><img loading=\"lazy\" decoding=\"async\" src=\"http:\/\/ydrebo.se\/kd\/veckobrev2017\/Norra_Vi_kyrka.JPG\" width=\"600\" height=\"463\" \/><br \/>\n<i>Hur stort utrymme kommer det att finnas f\u00f6r kyrkan? (Norra Vi)<\/p>\n<p><\/i>Men det har redan h\u00e4nt s\u00e5dant som \u00e4r oroande. I Ume\u00e5 har Fr\u00e4lsningsarm\u00e9ns f\u00f6rskola av kommunen tvingats avskaffa bordsb\u00f6nen. Just bordsb\u00f6nen har varit omstridd. Det f\u00e5r enligt reglerna f\u00f6rekomma &#8221;konfessionella inslag&#8221; under luncher &#8211; om deltagandet \u00e4r frivilligt. Vad menas med detta? \u00c4r det en frivillig aktivitet att \u00e4ta lunch? Visserligen \u00e4ter alla friska barn frivilligt men inte ens Skolverket tycks anse att best\u00e4mmelsen \u00e4r tydlig. Dessutom l\u00e4r otydligheten vara avsiktlig&#8230;<br \/>\nMen det verkligt uppseendev\u00e4ckande i intervjun med statsministern var att han f\u00f6rklarade att alla pr\u00e4ster skall kunna viga samk\u00f6nade par. \u00c4ven f\u00f6retr\u00e4dare f\u00f6r samk\u00f6nade \u00e4ktenskap har reagerat mot att landets statsminister kr\u00e4ver att f\u00e5 best\u00e4mma vad ett sj\u00e4lvst\u00e4ndigt samfunds f\u00f6retr\u00e4dare skall tro.<br \/>\nIntervjun ger oss allts\u00e5 bilden av en f\u00f6rmyndare. Visserligen en som vill vara v\u00e4nlig men \u00e4nd\u00e5 en f\u00f6rmyndare. I dag g\u00e4ller det \u00e4ktenskapet. En annan g\u00e5ng kan det handla om en annan fr\u00e5ga. I dag g\u00e4ller det Svenska Kyrkan. En annan g\u00e5ng kan det g\u00e4lla ett annat samfund eller en annan organisation.<br \/>\nDen som st\u00e5r under f\u00f6rmyndare \u00e4r inte fri (enligt Paulus).<\/p>\n<p><i>Bengt Malm, ordf.<br \/>\n9 juli\u00a0<\/i><\/p>\n","protected":false},"excerpt":{"rendered":"<p>I midsomras fanns det en intervju med statsministern i Svenska Kyrkans Tidning. Det var en sympatisk ton genom hela samtalet. Men vid ett par tillf\u00e4llen kom han in p\u00e5 de kommande valen i Svenska Kyrkan. Enligt hans partis stadgar samordnar partistyrelsen de insatser som partiets representanter g\u00f6r i kyrkom\u00f6tet, i stift och i f\u00f6rsamlingar. Anledningen <a class=\"read-more-link\" href=\"https:\/\/wp.kristdemokraterna.se\/ydre\/2017-07-09-valrorelsen-har-borjat\/\">L\u00e4s mer<\/a><\/p>\n","protected":false},"author":793,"featured_media":0,"parent":0,"menu_order":0,"comment_status":"closed","ping_status":"closed","template":"","meta":{"_acf_changed":false,"footnotes":""},"class_list":["post-802","page","type-page","status-publish","hentry"],"acf":[],"yoast_head":"<!-- This site is optimized with the Yoast SEO plugin v27.5 - https:\/\/yoast.com\/product\/yoast-seo-wordpress\/ -->\n<title>2017-07-09 Valr\u00f6relsen har b\u00f6rjat - Kristdemokraterna i Ydre<\/title>\n<meta name=\"robots\" content=\"index, follow, max-snippet:-1, max-image-preview:large, max-video-preview:-1\" \/>\n<link rel=\"canonical\" href=\"https:\/\/wp.kristdemokraterna.se\/ydre\/2017-07-09-valrorelsen-har-borjat\/\" \/>\n<meta property=\"og:locale\" content=\"sv_SE\" \/>\n<meta property=\"og:type\" content=\"article\" \/>\n<meta property=\"og:title\" content=\"2017-07-09 Valr\u00f6relsen har b\u00f6rjat - Kristdemokraterna i Ydre\" \/>\n<meta property=\"og:description\" content=\"I midsomras fanns det en intervju med statsministern i Svenska Kyrkans Tidning. Det var en sympatisk ton genom hela samtalet. Men vid ett par tillf\u00e4llen kom han in p\u00e5 de kommande valen i Svenska Kyrkan. Enligt hans partis stadgar samordnar partistyrelsen de insatser som partiets representanter g\u00f6r i kyrkom\u00f6tet, i stift och i f\u00f6rsamlingar. Anledningen L\u00e4s mer\" \/>\n<meta property=\"og:url\" content=\"https:\/\/wp.kristdemokraterna.se\/ydre\/2017-07-09-valrorelsen-har-borjat\/\" \/>\n<meta property=\"og:site_name\" content=\"Kristdemokraterna i Ydre\" \/>\n<meta property=\"article:modified_time\" content=\"2018-07-07T17:17:47+00:00\" \/>\n<meta property=\"og:image\" content=\"http:\/\/ydrebo.se\/kd\/veckobrev2017\/Norra_Vi_hamn.JPG\" \/>\n<meta name=\"twitter:card\" content=\"summary_large_image\" \/>\n<meta name=\"twitter:label1\" content=\"Ber\u00e4knad l\u00e4stid\" \/>\n\t<meta name=\"twitter:data1\" content=\"2 minuter\" \/>\n<script type=\"application\/ld+json\" class=\"yoast-schema-graph\">{\"@context\":\"https:\\\/\\\/schema.org\",\"@graph\":[{\"@type\":\"WebPage\",\"@id\":\"https:\\\/\\\/wp.kristdemokraterna.se\\\/ydre\\\/2017-07-09-valrorelsen-har-borjat\\\/\",\"url\":\"https:\\\/\\\/wp.kristdemokraterna.se\\\/ydre\\\/2017-07-09-valrorelsen-har-borjat\\\/\",\"name\":\"2017-07-09 Valr\u00f6relsen har b\u00f6rjat - Kristdemokraterna i Ydre\",\"isPartOf\":{\"@id\":\"https:\\\/\\\/wp.kristdemokraterna.se\\\/ydre\\\/#website\"},\"primaryImageOfPage\":{\"@id\":\"https:\\\/\\\/wp.kristdemokraterna.se\\\/ydre\\\/2017-07-09-valrorelsen-har-borjat\\\/#primaryimage\"},\"image\":{\"@id\":\"https:\\\/\\\/wp.kristdemokraterna.se\\\/ydre\\\/2017-07-09-valrorelsen-har-borjat\\\/#primaryimage\"},\"thumbnailUrl\":\"http:\\\/\\\/ydrebo.se\\\/kd\\\/veckobrev2017\\\/Norra_Vi_hamn.JPG\",\"datePublished\":\"2018-07-07T17:17:00+00:00\",\"dateModified\":\"2018-07-07T17:17:47+00:00\",\"breadcrumb\":{\"@id\":\"https:\\\/\\\/wp.kristdemokraterna.se\\\/ydre\\\/2017-07-09-valrorelsen-har-borjat\\\/#breadcrumb\"},\"inLanguage\":\"sv-SE\",\"potentialAction\":[{\"@type\":\"ReadAction\",\"target\":[\"https:\\\/\\\/wp.kristdemokraterna.se\\\/ydre\\\/2017-07-09-valrorelsen-har-borjat\\\/\"]}]},{\"@type\":\"ImageObject\",\"inLanguage\":\"sv-SE\",\"@id\":\"https:\\\/\\\/wp.kristdemokraterna.se\\\/ydre\\\/2017-07-09-valrorelsen-har-borjat\\\/#primaryimage\",\"url\":\"http:\\\/\\\/ydrebo.se\\\/kd\\\/veckobrev2017\\\/Norra_Vi_hamn.JPG\",\"contentUrl\":\"http:\\\/\\\/ydrebo.se\\\/kd\\\/veckobrev2017\\\/Norra_Vi_hamn.JPG\"},{\"@type\":\"BreadcrumbList\",\"@id\":\"https:\\\/\\\/wp.kristdemokraterna.se\\\/ydre\\\/2017-07-09-valrorelsen-har-borjat\\\/#breadcrumb\",\"itemListElement\":[{\"@type\":\"ListItem\",\"position\":1,\"name\":\"Hem\",\"item\":\"https:\\\/\\\/wp.kristdemokraterna.se\\\/ydre\\\/\"},{\"@type\":\"ListItem\",\"position\":2,\"name\":\"2017-07-09 Valr\u00f6relsen har b\u00f6rjat\"}]},{\"@type\":\"WebSite\",\"@id\":\"https:\\\/\\\/wp.kristdemokraterna.se\\\/ydre\\\/#website\",\"url\":\"https:\\\/\\\/wp.kristdemokraterna.se\\\/ydre\\\/\",\"name\":\"Kristdemokraterna i Ydre\",\"description\":\"En till Kristdemokraterna webbplats\",\"inLanguage\":\"sv-SE\"}]}<\/script>\n<!-- \/ Yoast SEO plugin. -->","yoast_head_json":{"title":"2017-07-09 Valr\u00f6relsen har b\u00f6rjat - Kristdemokraterna i Ydre","robots":{"index":"index","follow":"follow","max-snippet":"max-snippet:-1","max-image-preview":"max-image-preview:large","max-video-preview":"max-video-preview:-1"},"canonical":"https:\/\/wp.kristdemokraterna.se\/ydre\/2017-07-09-valrorelsen-har-borjat\/","og_locale":"sv_SE","og_type":"article","og_title":"2017-07-09 Valr\u00f6relsen har b\u00f6rjat - Kristdemokraterna i Ydre","og_description":"I midsomras fanns det en intervju med statsministern i Svenska Kyrkans Tidning. Det var en sympatisk ton genom hela samtalet. Men vid ett par tillf\u00e4llen kom han in p\u00e5 de kommande valen i Svenska Kyrkan. Enligt hans partis stadgar samordnar partistyrelsen de insatser som partiets representanter g\u00f6r i kyrkom\u00f6tet, i stift och i f\u00f6rsamlingar. Anledningen L\u00e4s mer","og_url":"https:\/\/wp.kristdemokraterna.se\/ydre\/2017-07-09-valrorelsen-har-borjat\/","og_site_name":"Kristdemokraterna i Ydre","article_modified_time":"2018-07-07T17:17:47+00:00","og_image":[{"url":"http:\/\/ydrebo.se\/kd\/veckobrev2017\/Norra_Vi_hamn.JPG","type":"","width":"","height":""}],"twitter_card":"summary_large_image","twitter_misc":{"Ber\u00e4knad l\u00e4stid":"2 minuter"},"schema":{"@context":"https:\/\/schema.org","@graph":[{"@type":"WebPage","@id":"https:\/\/wp.kristdemokraterna.se\/ydre\/2017-07-09-valrorelsen-har-borjat\/","url":"https:\/\/wp.kristdemokraterna.se\/ydre\/2017-07-09-valrorelsen-har-borjat\/","name":"2017-07-09 Valr\u00f6relsen har b\u00f6rjat - Kristdemokraterna i Ydre","isPartOf":{"@id":"https:\/\/wp.kristdemokraterna.se\/ydre\/#website"},"primaryImageOfPage":{"@id":"https:\/\/wp.kristdemokraterna.se\/ydre\/2017-07-09-valrorelsen-har-borjat\/#primaryimage"},"image":{"@id":"https:\/\/wp.kristdemokraterna.se\/ydre\/2017-07-09-valrorelsen-har-borjat\/#primaryimage"},"thumbnailUrl":"http:\/\/ydrebo.se\/kd\/veckobrev2017\/Norra_Vi_hamn.JPG","datePublished":"2018-07-07T17:17:00+00:00","dateModified":"2018-07-07T17:17:47+00:00","breadcrumb":{"@id":"https:\/\/wp.kristdemokraterna.se\/ydre\/2017-07-09-valrorelsen-har-borjat\/#breadcrumb"},"inLanguage":"sv-SE","potentialAction":[{"@type":"ReadAction","target":["https:\/\/wp.kristdemokraterna.se\/ydre\/2017-07-09-valrorelsen-har-borjat\/"]}]},{"@type":"ImageObject","inLanguage":"sv-SE","@id":"https:\/\/wp.kristdemokraterna.se\/ydre\/2017-07-09-valrorelsen-har-borjat\/#primaryimage","url":"http:\/\/ydrebo.se\/kd\/veckobrev2017\/Norra_Vi_hamn.JPG","contentUrl":"http:\/\/ydrebo.se\/kd\/veckobrev2017\/Norra_Vi_hamn.JPG"},{"@type":"BreadcrumbList","@id":"https:\/\/wp.kristdemokraterna.se\/ydre\/2017-07-09-valrorelsen-har-borjat\/#breadcrumb","itemListElement":[{"@type":"ListItem","position":1,"name":"Hem","item":"https:\/\/wp.kristdemokraterna.se\/ydre\/"},{"@type":"ListItem","position":2,"name":"2017-07-09 Valr\u00f6relsen har b\u00f6rjat"}]},{"@type":"WebSite","@id":"https:\/\/wp.kristdemokraterna.se\/ydre\/#website","url":"https:\/\/wp.kristdemokraterna.se\/ydre\/","name":"Kristdemokraterna i Ydre","description":"En till Kristdemokraterna webbplats","inLanguage":"sv-SE"}]}},"_links":{"self":[{"href":"https:\/\/wp.kristdemokraterna.se\/ydre\/wp-json\/wp\/v2\/pages\/802","targetHints":{"allow":["GET"]}}],"collection":[{"href":"https:\/\/wp.kristdemokraterna.se\/ydre\/wp-json\/wp\/v2\/pages"}],"about":[{"href":"https:\/\/wp.kristdemokraterna.se\/ydre\/wp-json\/wp\/v2\/types\/page"}],"author":[{"embeddable":true,"href":"https:\/\/wp.kristdemokraterna.se\/ydre\/wp-json\/wp\/v2\/users\/793"}],"replies":[{"embeddable":true,"href":"https:\/\/wp.kristdemokraterna.se\/ydre\/wp-json\/wp\/v2\/comments?post=802"}],"version-history":[{"count":2,"href":"https:\/\/wp.kristdemokraterna.se\/ydre\/wp-json\/wp\/v2\/pages\/802\/revisions"}],"predecessor-version":[{"id":804,"href":"https:\/\/wp.kristdemokraterna.se\/ydre\/wp-json\/wp\/v2\/pages\/802\/revisions\/804"}],"wp:attachment":[{"href":"https:\/\/wp.kristdemokraterna.se\/ydre\/wp-json\/wp\/v2\/media?parent=802"}],"curies":[{"name":"wp","href":"https:\/\/api.w.org\/{rel}","templated":true}]}}