{"id":806,"date":"2018-07-07T19:19:35","date_gmt":"2018-07-07T17:19:35","guid":{"rendered":"http:\/\/wp.kristdemokraterna.se\/ydre\/?page_id=806"},"modified":"2018-07-07T19:20:07","modified_gmt":"2018-07-07T17:20:07","slug":"2017-07-18-var-skall-de-aldre-bo","status":"publish","type":"page","link":"https:\/\/wp.kristdemokraterna.se\/ydre\/2017-07-18-var-skall-de-aldre-bo\/","title":{"rendered":"2017-07-18 Var skall de \u00e4ldre bo?"},"content":{"rendered":"<p>I de industrialiserade l\u00e4nderna \u00e4r de yngre generationerna mindre \u00e4n de \u00e4ldre. Det \u00e4r s\u00e5 i hela Sverige och \u00e4ven i Ydre.<br \/>\n\u00c5r 2021 ber\u00e4knas Pajala ha den &#8221;s\u00e4msta&#8221; \u00e5ldersf\u00f6rdelningen av alla kommuner i Sverige. Ydre kommer att ligga p\u00e5 fj\u00e4rde s\u00e4msta plats.<br \/>\nDet \u00e4r allts\u00e5 s\u00e4rskilt i glesbygden som det kan bli problem. F\u00f6r vem skall ta hand om dem som beh\u00f6ver stora insatser n\u00e4r s\u00e5 m\u00e5nga i de arbetsf\u00f6ra \u00e5ldrarna f\u00f6rsvinner till de st\u00f6rre orterna? Man kan inte s\u00e4ga att de \u00e4ldre skall flytta efter, f\u00f6r det \u00e4r ju redan \u00f6verfullt i st\u00e4derna.<br \/>\nJa, vems \u00e4r ansvaret f\u00f6r de mest beh\u00f6vande om de yngre flyttar och de \u00e4ldre bor kvar? Den stora folkomflyttningen g\u00f6r att det m\u00e5ste ses som en nationell uppgift att g\u00f6ra det bra f\u00f6r de \u00e4ldre. De flesta av dem vill nog bo kvar i hembygden, och det har de r\u00e4tt att g\u00f6ra.<br \/>\nNaturligtvis har Ydres kommunstyrelse l\u00e4nge vetat om att det kan bli sv\u00e5righeter fram\u00f6ver. Det m\u00e5ste allts\u00e5 bli fler platser p\u00e5 Sol\u00e4ngen.<\/p>\n<p><img loading=\"lazy\" decoding=\"async\" src=\"http:\/\/ydrebo.se\/kd\/veckobrev2017\/skylt2.JPG\" width=\"600\" height=\"450\" \/><br \/>\n<i>Var kommer det att finnas plats f\u00f6r de \u00e4ldre?<\/p>\n<p><\/i>Nationellt har Kristdemokraterna uppm\u00e4rksammat det v\u00e4xande behovet f\u00f6r de \u00e4ldre och f\u00f6resl\u00e5r \u00f6kat boendest\u00f6d. Men dessutom vill Kristdemokraterna stimulera till\u00a0<a href=\"https:\/\/kristdemokraterna.se\/kd-foreslar-aldreboendemiljard\/\" target=\"_blank\" rel=\"noopener\"><b>\u00f6kat byggande av \u00e4ldreboenden.<\/b><\/a>\u00a0Det \u00e4r h\u00f6g tid att n\u00e5got sker.<\/p>\n<p><i>Bengt Malm, ordf.<br \/>\n18 juli\u00a0<\/i><\/p>\n","protected":false},"excerpt":{"rendered":"<p>I de industrialiserade l\u00e4nderna \u00e4r de yngre generationerna mindre \u00e4n de \u00e4ldre. Det \u00e4r s\u00e5 i hela Sverige och \u00e4ven i Ydre. \u00c5r 2021 ber\u00e4knas Pajala ha den &#8221;s\u00e4msta&#8221; \u00e5ldersf\u00f6rdelningen av alla kommuner i Sverige. Ydre kommer att ligga p\u00e5 fj\u00e4rde s\u00e4msta plats. Det \u00e4r allts\u00e5 s\u00e4rskilt i glesbygden som det kan bli problem. F\u00f6r <a class=\"read-more-link\" href=\"https:\/\/wp.kristdemokraterna.se\/ydre\/2017-07-18-var-skall-de-aldre-bo\/\">L\u00e4s mer<\/a><\/p>\n","protected":false},"author":793,"featured_media":0,"parent":0,"menu_order":0,"comment_status":"closed","ping_status":"closed","template":"","meta":{"_acf_changed":false,"footnotes":""},"class_list":["post-806","page","type-page","status-publish","hentry"],"acf":[],"yoast_head":"<!-- This site is optimized with the Yoast SEO plugin v27.5 - https:\/\/yoast.com\/product\/yoast-seo-wordpress\/ -->\n<title>2017-07-18 Var skall de \u00e4ldre bo? - Kristdemokraterna i Ydre<\/title>\n<meta name=\"robots\" content=\"index, follow, max-snippet:-1, max-image-preview:large, max-video-preview:-1\" \/>\n<link rel=\"canonical\" href=\"https:\/\/wp.kristdemokraterna.se\/ydre\/2017-07-18-var-skall-de-aldre-bo\/\" \/>\n<meta property=\"og:locale\" content=\"sv_SE\" \/>\n<meta property=\"og:type\" content=\"article\" \/>\n<meta property=\"og:title\" content=\"2017-07-18 Var skall de \u00e4ldre bo? - Kristdemokraterna i Ydre\" \/>\n<meta property=\"og:description\" content=\"I de industrialiserade l\u00e4nderna \u00e4r de yngre generationerna mindre \u00e4n de \u00e4ldre. Det \u00e4r s\u00e5 i hela Sverige och \u00e4ven i Ydre. \u00c5r 2021 ber\u00e4knas Pajala ha den &#8221;s\u00e4msta&#8221; \u00e5ldersf\u00f6rdelningen av alla kommuner i Sverige. Ydre kommer att ligga p\u00e5 fj\u00e4rde s\u00e4msta plats. Det \u00e4r allts\u00e5 s\u00e4rskilt i glesbygden som det kan bli problem. F\u00f6r L\u00e4s mer\" \/>\n<meta property=\"og:url\" content=\"https:\/\/wp.kristdemokraterna.se\/ydre\/2017-07-18-var-skall-de-aldre-bo\/\" \/>\n<meta property=\"og:site_name\" content=\"Kristdemokraterna i Ydre\" \/>\n<meta property=\"article:modified_time\" content=\"2018-07-07T17:20:07+00:00\" \/>\n<meta property=\"og:image\" content=\"http:\/\/ydrebo.se\/kd\/veckobrev2017\/skylt2.JPG\" \/>\n<meta name=\"twitter:card\" content=\"summary_large_image\" \/>\n<meta name=\"twitter:label1\" content=\"Ber\u00e4knad l\u00e4stid\" \/>\n\t<meta name=\"twitter:data1\" content=\"1 minut\" \/>\n<script type=\"application\/ld+json\" class=\"yoast-schema-graph\">{\"@context\":\"https:\\\/\\\/schema.org\",\"@graph\":[{\"@type\":\"WebPage\",\"@id\":\"https:\\\/\\\/wp.kristdemokraterna.se\\\/ydre\\\/2017-07-18-var-skall-de-aldre-bo\\\/\",\"url\":\"https:\\\/\\\/wp.kristdemokraterna.se\\\/ydre\\\/2017-07-18-var-skall-de-aldre-bo\\\/\",\"name\":\"2017-07-18 Var skall de \u00e4ldre bo? - Kristdemokraterna i Ydre\",\"isPartOf\":{\"@id\":\"https:\\\/\\\/wp.kristdemokraterna.se\\\/ydre\\\/#website\"},\"primaryImageOfPage\":{\"@id\":\"https:\\\/\\\/wp.kristdemokraterna.se\\\/ydre\\\/2017-07-18-var-skall-de-aldre-bo\\\/#primaryimage\"},\"image\":{\"@id\":\"https:\\\/\\\/wp.kristdemokraterna.se\\\/ydre\\\/2017-07-18-var-skall-de-aldre-bo\\\/#primaryimage\"},\"thumbnailUrl\":\"http:\\\/\\\/ydrebo.se\\\/kd\\\/veckobrev2017\\\/skylt2.JPG\",\"datePublished\":\"2018-07-07T17:19:35+00:00\",\"dateModified\":\"2018-07-07T17:20:07+00:00\",\"breadcrumb\":{\"@id\":\"https:\\\/\\\/wp.kristdemokraterna.se\\\/ydre\\\/2017-07-18-var-skall-de-aldre-bo\\\/#breadcrumb\"},\"inLanguage\":\"sv-SE\",\"potentialAction\":[{\"@type\":\"ReadAction\",\"target\":[\"https:\\\/\\\/wp.kristdemokraterna.se\\\/ydre\\\/2017-07-18-var-skall-de-aldre-bo\\\/\"]}]},{\"@type\":\"ImageObject\",\"inLanguage\":\"sv-SE\",\"@id\":\"https:\\\/\\\/wp.kristdemokraterna.se\\\/ydre\\\/2017-07-18-var-skall-de-aldre-bo\\\/#primaryimage\",\"url\":\"http:\\\/\\\/ydrebo.se\\\/kd\\\/veckobrev2017\\\/skylt2.JPG\",\"contentUrl\":\"http:\\\/\\\/ydrebo.se\\\/kd\\\/veckobrev2017\\\/skylt2.JPG\"},{\"@type\":\"BreadcrumbList\",\"@id\":\"https:\\\/\\\/wp.kristdemokraterna.se\\\/ydre\\\/2017-07-18-var-skall-de-aldre-bo\\\/#breadcrumb\",\"itemListElement\":[{\"@type\":\"ListItem\",\"position\":1,\"name\":\"Hem\",\"item\":\"https:\\\/\\\/wp.kristdemokraterna.se\\\/ydre\\\/\"},{\"@type\":\"ListItem\",\"position\":2,\"name\":\"2017-07-18 Var skall de \u00e4ldre bo?\"}]},{\"@type\":\"WebSite\",\"@id\":\"https:\\\/\\\/wp.kristdemokraterna.se\\\/ydre\\\/#website\",\"url\":\"https:\\\/\\\/wp.kristdemokraterna.se\\\/ydre\\\/\",\"name\":\"Kristdemokraterna i Ydre\",\"description\":\"En till Kristdemokraterna webbplats\",\"inLanguage\":\"sv-SE\"}]}<\/script>\n<!-- \/ Yoast SEO plugin. -->","yoast_head_json":{"title":"2017-07-18 Var skall de \u00e4ldre bo? - Kristdemokraterna i Ydre","robots":{"index":"index","follow":"follow","max-snippet":"max-snippet:-1","max-image-preview":"max-image-preview:large","max-video-preview":"max-video-preview:-1"},"canonical":"https:\/\/wp.kristdemokraterna.se\/ydre\/2017-07-18-var-skall-de-aldre-bo\/","og_locale":"sv_SE","og_type":"article","og_title":"2017-07-18 Var skall de \u00e4ldre bo? - Kristdemokraterna i Ydre","og_description":"I de industrialiserade l\u00e4nderna \u00e4r de yngre generationerna mindre \u00e4n de \u00e4ldre. Det \u00e4r s\u00e5 i hela Sverige och \u00e4ven i Ydre. \u00c5r 2021 ber\u00e4knas Pajala ha den &#8221;s\u00e4msta&#8221; \u00e5ldersf\u00f6rdelningen av alla kommuner i Sverige. Ydre kommer att ligga p\u00e5 fj\u00e4rde s\u00e4msta plats. Det \u00e4r allts\u00e5 s\u00e4rskilt i glesbygden som det kan bli problem. F\u00f6r L\u00e4s mer","og_url":"https:\/\/wp.kristdemokraterna.se\/ydre\/2017-07-18-var-skall-de-aldre-bo\/","og_site_name":"Kristdemokraterna i Ydre","article_modified_time":"2018-07-07T17:20:07+00:00","og_image":[{"url":"http:\/\/ydrebo.se\/kd\/veckobrev2017\/skylt2.JPG","type":"","width":"","height":""}],"twitter_card":"summary_large_image","twitter_misc":{"Ber\u00e4knad l\u00e4stid":"1 minut"},"schema":{"@context":"https:\/\/schema.org","@graph":[{"@type":"WebPage","@id":"https:\/\/wp.kristdemokraterna.se\/ydre\/2017-07-18-var-skall-de-aldre-bo\/","url":"https:\/\/wp.kristdemokraterna.se\/ydre\/2017-07-18-var-skall-de-aldre-bo\/","name":"2017-07-18 Var skall de \u00e4ldre bo? - Kristdemokraterna i Ydre","isPartOf":{"@id":"https:\/\/wp.kristdemokraterna.se\/ydre\/#website"},"primaryImageOfPage":{"@id":"https:\/\/wp.kristdemokraterna.se\/ydre\/2017-07-18-var-skall-de-aldre-bo\/#primaryimage"},"image":{"@id":"https:\/\/wp.kristdemokraterna.se\/ydre\/2017-07-18-var-skall-de-aldre-bo\/#primaryimage"},"thumbnailUrl":"http:\/\/ydrebo.se\/kd\/veckobrev2017\/skylt2.JPG","datePublished":"2018-07-07T17:19:35+00:00","dateModified":"2018-07-07T17:20:07+00:00","breadcrumb":{"@id":"https:\/\/wp.kristdemokraterna.se\/ydre\/2017-07-18-var-skall-de-aldre-bo\/#breadcrumb"},"inLanguage":"sv-SE","potentialAction":[{"@type":"ReadAction","target":["https:\/\/wp.kristdemokraterna.se\/ydre\/2017-07-18-var-skall-de-aldre-bo\/"]}]},{"@type":"ImageObject","inLanguage":"sv-SE","@id":"https:\/\/wp.kristdemokraterna.se\/ydre\/2017-07-18-var-skall-de-aldre-bo\/#primaryimage","url":"http:\/\/ydrebo.se\/kd\/veckobrev2017\/skylt2.JPG","contentUrl":"http:\/\/ydrebo.se\/kd\/veckobrev2017\/skylt2.JPG"},{"@type":"BreadcrumbList","@id":"https:\/\/wp.kristdemokraterna.se\/ydre\/2017-07-18-var-skall-de-aldre-bo\/#breadcrumb","itemListElement":[{"@type":"ListItem","position":1,"name":"Hem","item":"https:\/\/wp.kristdemokraterna.se\/ydre\/"},{"@type":"ListItem","position":2,"name":"2017-07-18 Var skall de \u00e4ldre bo?"}]},{"@type":"WebSite","@id":"https:\/\/wp.kristdemokraterna.se\/ydre\/#website","url":"https:\/\/wp.kristdemokraterna.se\/ydre\/","name":"Kristdemokraterna i Ydre","description":"En till Kristdemokraterna webbplats","inLanguage":"sv-SE"}]}},"_links":{"self":[{"href":"https:\/\/wp.kristdemokraterna.se\/ydre\/wp-json\/wp\/v2\/pages\/806","targetHints":{"allow":["GET"]}}],"collection":[{"href":"https:\/\/wp.kristdemokraterna.se\/ydre\/wp-json\/wp\/v2\/pages"}],"about":[{"href":"https:\/\/wp.kristdemokraterna.se\/ydre\/wp-json\/wp\/v2\/types\/page"}],"author":[{"embeddable":true,"href":"https:\/\/wp.kristdemokraterna.se\/ydre\/wp-json\/wp\/v2\/users\/793"}],"replies":[{"embeddable":true,"href":"https:\/\/wp.kristdemokraterna.se\/ydre\/wp-json\/wp\/v2\/comments?post=806"}],"version-history":[{"count":2,"href":"https:\/\/wp.kristdemokraterna.se\/ydre\/wp-json\/wp\/v2\/pages\/806\/revisions"}],"predecessor-version":[{"id":808,"href":"https:\/\/wp.kristdemokraterna.se\/ydre\/wp-json\/wp\/v2\/pages\/806\/revisions\/808"}],"wp:attachment":[{"href":"https:\/\/wp.kristdemokraterna.se\/ydre\/wp-json\/wp\/v2\/media?parent=806"}],"curies":[{"name":"wp","href":"https:\/\/api.w.org\/{rel}","templated":true}]}}