{"id":814,"date":"2018-07-07T19:25:57","date_gmt":"2018-07-07T17:25:57","guid":{"rendered":"http:\/\/wp.kristdemokraterna.se\/ydre\/?page_id=814"},"modified":"2018-07-07T19:26:35","modified_gmt":"2018-07-07T17:26:35","slug":"2017-08-01-kan-man-bo-pa-landet","status":"publish","type":"page","link":"https:\/\/wp.kristdemokraterna.se\/ydre\/2017-08-01-kan-man-bo-pa-landet\/","title":{"rendered":"2017-08-01 Kan man bo p\u00e5 landet?"},"content":{"rendered":"<p>Det var som om blixten slagit ner. Det blev oro i Ydres kommunledning. Lantbrukarnas Riksf\u00f6rbund talade om katastrof f\u00f6r glesbygden. Konsumenternas F\u00f6rs\u00e4kringsbyr\u00e5 kom med ett f\u00f6rd\u00f6mande.<br \/>\nM\u00e5nga runt om i Sverige hade h\u00f6rt samma sak. Ett hus i Vindeln i V\u00e4sterbotten hade brunnit ner och f\u00f6rs\u00e4kringsbolaget v\u00e4grade bygga upp ett nytt hus. Vi hade h\u00f6rt hur bolaget (ett av de stora i Sverige) h\u00e4nvisade till de l\u00e5ga huspriserna i glesbygden. &#8221;Om byggkostnaden \u00f6verstiger det blivande husets marknadsv\u00e4rde med mer \u00e4n 50% skall ett nytt hus inte byggas.&#8221; Det skulle rent av vara olagligt att bygga ett s\u00e5dant hus p\u00e5stods det. Man talade om &#8221;\u00f6verkompensering&#8221; osv. osv.<\/p>\n<p><img loading=\"lazy\" decoding=\"async\" src=\"http:\/\/ydrebo.se\/kd\/veckobrev2016\/ed.JPG\" width=\"600\" height=\"462\" \/><br \/>\n<i>Kan man vara s\u00e4ker p\u00e5 sitt f\u00f6rs\u00e4kringsbolag om olyckan \u00e4r framme? (Ed i Sund.)<\/i><\/p>\n<p><a href=\"https:\/\/www.thesun.co.uk\/wp-content\/uploads\/2017\/06\/nintchdbpict000331424509.jpg?strip=all&amp;w=960&amp;quality=100\" target=\"_blank\" rel=\"noopener\"><b>Olyckligtvis kan hus brinna och bli totalt f\u00f6rst\u00f6rda.<\/b><\/a>\u00a0Vad s\u00e4ger egentligen reglerna om en s\u00e5dan situation? I det h\u00e4r fallet kom f\u00f6rs\u00e4kringsbolaget snart med en ny motivering til sitt handlande. Ett annat bolag f\u00f6rs\u00f6kte i st\u00e4llet lugna sina kunder.<br \/>\nDet var sv\u00e5rt att f\u00e5 besked p\u00e5 n\u00e4tet fr\u00e5n de stora bolagen. Konsumenternas F\u00f6rs\u00e4kringsbyr\u00e5 skriver bara p\u00e5 sin hemsida att reglerna \u00e4r &#8221;komplexa&#8221;. Dess ende expert \u00e4r p\u00e5 semester. Men eftersom de olika bolagens regler s\u00e4gs likna varandra kan man ju ringa n\u00e5got av dem.<br \/>\nF\u00f6rst l\u00e4t det s\u00e5 bra. Efter en totalbrand bygger f\u00f6rs\u00e4kringsbolaget ett nytt likv\u00e4rdigt hus. Men eftersom jag ringde \u00e5 kommunens v\u00e4gnar (jag hade varit p\u00e5 kommunkontoret innan) f\u00f6klarade jag att vi vill veta om det finns garantier f\u00f6r detta i ett juridiskt bindande dokument.<\/p>\n<p><img loading=\"lazy\" decoding=\"async\" src=\"http:\/\/ydrebo.se\/kd\/veckobrev2016\/osterbymo.JPG\" width=\"600\" height=\"461\" \/><br \/>\n<i>Vilket skydd har hus i Ydre? (Nygatan i \u00d6sterbymo.)<\/p>\n<p><\/i>D\u00e5 l\u00e4ste bolagets representant upp de verkliga villkoren: &#8221;Om byggkostnaden \u00f6verstiger det blivande husets marknadsv\u00e4rde med mer \u00e4n 50% skall ett nytt hus inte byggas.&#8221; Men han f\u00f6rs\u00e4krade g\u00e5ng p\u00e5 g\u00e5ng att denna regel till\u00e4mpas mycket restriktivt (t.ex. om byggnaden inte varit ordentligt underh\u00e5llen). Man vill s\u00e4kert inte skr\u00e4mma kunder och bli av med dem.<br \/>\nS\u00e5 nu vet vi vad som g\u00e4ller. Eller hur?<\/p>\n<p><i>Bengt Malm, ordf.<br \/>\n1 augusti<\/i><\/p>\n","protected":false},"excerpt":{"rendered":"<p>Det var som om blixten slagit ner. Det blev oro i Ydres kommunledning. Lantbrukarnas Riksf\u00f6rbund talade om katastrof f\u00f6r glesbygden. Konsumenternas F\u00f6rs\u00e4kringsbyr\u00e5 kom med ett f\u00f6rd\u00f6mande. M\u00e5nga runt om i Sverige hade h\u00f6rt samma sak. Ett hus i Vindeln i V\u00e4sterbotten hade brunnit ner och f\u00f6rs\u00e4kringsbolaget v\u00e4grade bygga upp ett nytt hus. Vi hade h\u00f6rt <a class=\"read-more-link\" href=\"https:\/\/wp.kristdemokraterna.se\/ydre\/2017-08-01-kan-man-bo-pa-landet\/\">L\u00e4s mer<\/a><\/p>\n","protected":false},"author":793,"featured_media":0,"parent":0,"menu_order":0,"comment_status":"closed","ping_status":"closed","template":"","meta":{"_acf_changed":false,"footnotes":""},"class_list":["post-814","page","type-page","status-publish","hentry"],"acf":[],"yoast_head":"<!-- This site is optimized with the Yoast SEO plugin v27.5 - https:\/\/yoast.com\/product\/yoast-seo-wordpress\/ -->\n<title>2017-08-01 Kan man bo p\u00e5 landet? - Kristdemokraterna i Ydre<\/title>\n<meta name=\"robots\" content=\"index, follow, max-snippet:-1, max-image-preview:large, max-video-preview:-1\" \/>\n<link rel=\"canonical\" href=\"https:\/\/wp.kristdemokraterna.se\/ydre\/2017-08-01-kan-man-bo-pa-landet\/\" \/>\n<meta property=\"og:locale\" content=\"sv_SE\" \/>\n<meta property=\"og:type\" content=\"article\" \/>\n<meta property=\"og:title\" content=\"2017-08-01 Kan man bo p\u00e5 landet? - Kristdemokraterna i Ydre\" \/>\n<meta property=\"og:description\" content=\"Det var som om blixten slagit ner. Det blev oro i Ydres kommunledning. Lantbrukarnas Riksf\u00f6rbund talade om katastrof f\u00f6r glesbygden. Konsumenternas F\u00f6rs\u00e4kringsbyr\u00e5 kom med ett f\u00f6rd\u00f6mande. M\u00e5nga runt om i Sverige hade h\u00f6rt samma sak. Ett hus i Vindeln i V\u00e4sterbotten hade brunnit ner och f\u00f6rs\u00e4kringsbolaget v\u00e4grade bygga upp ett nytt hus. Vi hade h\u00f6rt L\u00e4s mer\" \/>\n<meta property=\"og:url\" content=\"https:\/\/wp.kristdemokraterna.se\/ydre\/2017-08-01-kan-man-bo-pa-landet\/\" \/>\n<meta property=\"og:site_name\" content=\"Kristdemokraterna i Ydre\" \/>\n<meta property=\"article:modified_time\" content=\"2018-07-07T17:26:35+00:00\" \/>\n<meta property=\"og:image\" content=\"http:\/\/ydrebo.se\/kd\/veckobrev2016\/ed.JPG\" \/>\n<meta name=\"twitter:card\" content=\"summary_large_image\" \/>\n<meta name=\"twitter:label1\" content=\"Ber\u00e4knad l\u00e4stid\" \/>\n\t<meta name=\"twitter:data1\" content=\"2 minuter\" \/>\n<script type=\"application\/ld+json\" class=\"yoast-schema-graph\">{\"@context\":\"https:\\\/\\\/schema.org\",\"@graph\":[{\"@type\":\"WebPage\",\"@id\":\"https:\\\/\\\/wp.kristdemokraterna.se\\\/ydre\\\/2017-08-01-kan-man-bo-pa-landet\\\/\",\"url\":\"https:\\\/\\\/wp.kristdemokraterna.se\\\/ydre\\\/2017-08-01-kan-man-bo-pa-landet\\\/\",\"name\":\"2017-08-01 Kan man bo p\u00e5 landet? - Kristdemokraterna i Ydre\",\"isPartOf\":{\"@id\":\"https:\\\/\\\/wp.kristdemokraterna.se\\\/ydre\\\/#website\"},\"primaryImageOfPage\":{\"@id\":\"https:\\\/\\\/wp.kristdemokraterna.se\\\/ydre\\\/2017-08-01-kan-man-bo-pa-landet\\\/#primaryimage\"},\"image\":{\"@id\":\"https:\\\/\\\/wp.kristdemokraterna.se\\\/ydre\\\/2017-08-01-kan-man-bo-pa-landet\\\/#primaryimage\"},\"thumbnailUrl\":\"http:\\\/\\\/ydrebo.se\\\/kd\\\/veckobrev2016\\\/ed.JPG\",\"datePublished\":\"2018-07-07T17:25:57+00:00\",\"dateModified\":\"2018-07-07T17:26:35+00:00\",\"breadcrumb\":{\"@id\":\"https:\\\/\\\/wp.kristdemokraterna.se\\\/ydre\\\/2017-08-01-kan-man-bo-pa-landet\\\/#breadcrumb\"},\"inLanguage\":\"sv-SE\",\"potentialAction\":[{\"@type\":\"ReadAction\",\"target\":[\"https:\\\/\\\/wp.kristdemokraterna.se\\\/ydre\\\/2017-08-01-kan-man-bo-pa-landet\\\/\"]}]},{\"@type\":\"ImageObject\",\"inLanguage\":\"sv-SE\",\"@id\":\"https:\\\/\\\/wp.kristdemokraterna.se\\\/ydre\\\/2017-08-01-kan-man-bo-pa-landet\\\/#primaryimage\",\"url\":\"http:\\\/\\\/ydrebo.se\\\/kd\\\/veckobrev2016\\\/ed.JPG\",\"contentUrl\":\"http:\\\/\\\/ydrebo.se\\\/kd\\\/veckobrev2016\\\/ed.JPG\"},{\"@type\":\"BreadcrumbList\",\"@id\":\"https:\\\/\\\/wp.kristdemokraterna.se\\\/ydre\\\/2017-08-01-kan-man-bo-pa-landet\\\/#breadcrumb\",\"itemListElement\":[{\"@type\":\"ListItem\",\"position\":1,\"name\":\"Hem\",\"item\":\"https:\\\/\\\/wp.kristdemokraterna.se\\\/ydre\\\/\"},{\"@type\":\"ListItem\",\"position\":2,\"name\":\"2017-08-01 Kan man bo p\u00e5 landet?\"}]},{\"@type\":\"WebSite\",\"@id\":\"https:\\\/\\\/wp.kristdemokraterna.se\\\/ydre\\\/#website\",\"url\":\"https:\\\/\\\/wp.kristdemokraterna.se\\\/ydre\\\/\",\"name\":\"Kristdemokraterna i Ydre\",\"description\":\"En till Kristdemokraterna webbplats\",\"inLanguage\":\"sv-SE\"}]}<\/script>\n<!-- \/ Yoast SEO plugin. -->","yoast_head_json":{"title":"2017-08-01 Kan man bo p\u00e5 landet? - Kristdemokraterna i Ydre","robots":{"index":"index","follow":"follow","max-snippet":"max-snippet:-1","max-image-preview":"max-image-preview:large","max-video-preview":"max-video-preview:-1"},"canonical":"https:\/\/wp.kristdemokraterna.se\/ydre\/2017-08-01-kan-man-bo-pa-landet\/","og_locale":"sv_SE","og_type":"article","og_title":"2017-08-01 Kan man bo p\u00e5 landet? - Kristdemokraterna i Ydre","og_description":"Det var som om blixten slagit ner. Det blev oro i Ydres kommunledning. Lantbrukarnas Riksf\u00f6rbund talade om katastrof f\u00f6r glesbygden. Konsumenternas F\u00f6rs\u00e4kringsbyr\u00e5 kom med ett f\u00f6rd\u00f6mande. M\u00e5nga runt om i Sverige hade h\u00f6rt samma sak. Ett hus i Vindeln i V\u00e4sterbotten hade brunnit ner och f\u00f6rs\u00e4kringsbolaget v\u00e4grade bygga upp ett nytt hus. Vi hade h\u00f6rt L\u00e4s mer","og_url":"https:\/\/wp.kristdemokraterna.se\/ydre\/2017-08-01-kan-man-bo-pa-landet\/","og_site_name":"Kristdemokraterna i Ydre","article_modified_time":"2018-07-07T17:26:35+00:00","og_image":[{"url":"http:\/\/ydrebo.se\/kd\/veckobrev2016\/ed.JPG","type":"","width":"","height":""}],"twitter_card":"summary_large_image","twitter_misc":{"Ber\u00e4knad l\u00e4stid":"2 minuter"},"schema":{"@context":"https:\/\/schema.org","@graph":[{"@type":"WebPage","@id":"https:\/\/wp.kristdemokraterna.se\/ydre\/2017-08-01-kan-man-bo-pa-landet\/","url":"https:\/\/wp.kristdemokraterna.se\/ydre\/2017-08-01-kan-man-bo-pa-landet\/","name":"2017-08-01 Kan man bo p\u00e5 landet? - Kristdemokraterna i Ydre","isPartOf":{"@id":"https:\/\/wp.kristdemokraterna.se\/ydre\/#website"},"primaryImageOfPage":{"@id":"https:\/\/wp.kristdemokraterna.se\/ydre\/2017-08-01-kan-man-bo-pa-landet\/#primaryimage"},"image":{"@id":"https:\/\/wp.kristdemokraterna.se\/ydre\/2017-08-01-kan-man-bo-pa-landet\/#primaryimage"},"thumbnailUrl":"http:\/\/ydrebo.se\/kd\/veckobrev2016\/ed.JPG","datePublished":"2018-07-07T17:25:57+00:00","dateModified":"2018-07-07T17:26:35+00:00","breadcrumb":{"@id":"https:\/\/wp.kristdemokraterna.se\/ydre\/2017-08-01-kan-man-bo-pa-landet\/#breadcrumb"},"inLanguage":"sv-SE","potentialAction":[{"@type":"ReadAction","target":["https:\/\/wp.kristdemokraterna.se\/ydre\/2017-08-01-kan-man-bo-pa-landet\/"]}]},{"@type":"ImageObject","inLanguage":"sv-SE","@id":"https:\/\/wp.kristdemokraterna.se\/ydre\/2017-08-01-kan-man-bo-pa-landet\/#primaryimage","url":"http:\/\/ydrebo.se\/kd\/veckobrev2016\/ed.JPG","contentUrl":"http:\/\/ydrebo.se\/kd\/veckobrev2016\/ed.JPG"},{"@type":"BreadcrumbList","@id":"https:\/\/wp.kristdemokraterna.se\/ydre\/2017-08-01-kan-man-bo-pa-landet\/#breadcrumb","itemListElement":[{"@type":"ListItem","position":1,"name":"Hem","item":"https:\/\/wp.kristdemokraterna.se\/ydre\/"},{"@type":"ListItem","position":2,"name":"2017-08-01 Kan man bo p\u00e5 landet?"}]},{"@type":"WebSite","@id":"https:\/\/wp.kristdemokraterna.se\/ydre\/#website","url":"https:\/\/wp.kristdemokraterna.se\/ydre\/","name":"Kristdemokraterna i Ydre","description":"En till Kristdemokraterna webbplats","inLanguage":"sv-SE"}]}},"_links":{"self":[{"href":"https:\/\/wp.kristdemokraterna.se\/ydre\/wp-json\/wp\/v2\/pages\/814","targetHints":{"allow":["GET"]}}],"collection":[{"href":"https:\/\/wp.kristdemokraterna.se\/ydre\/wp-json\/wp\/v2\/pages"}],"about":[{"href":"https:\/\/wp.kristdemokraterna.se\/ydre\/wp-json\/wp\/v2\/types\/page"}],"author":[{"embeddable":true,"href":"https:\/\/wp.kristdemokraterna.se\/ydre\/wp-json\/wp\/v2\/users\/793"}],"replies":[{"embeddable":true,"href":"https:\/\/wp.kristdemokraterna.se\/ydre\/wp-json\/wp\/v2\/comments?post=814"}],"version-history":[{"count":2,"href":"https:\/\/wp.kristdemokraterna.se\/ydre\/wp-json\/wp\/v2\/pages\/814\/revisions"}],"predecessor-version":[{"id":816,"href":"https:\/\/wp.kristdemokraterna.se\/ydre\/wp-json\/wp\/v2\/pages\/814\/revisions\/816"}],"wp:attachment":[{"href":"https:\/\/wp.kristdemokraterna.se\/ydre\/wp-json\/wp\/v2\/media?parent=814"}],"curies":[{"name":"wp","href":"https:\/\/api.w.org\/{rel}","templated":true}]}}