{"id":818,"date":"2018-07-07T19:28:14","date_gmt":"2018-07-07T17:28:14","guid":{"rendered":"http:\/\/wp.kristdemokraterna.se\/ydre\/?page_id=818"},"modified":"2018-07-07T19:28:59","modified_gmt":"2018-07-07T17:28:59","slug":"2017-08-08-dronarburna-pizzor-i-ydre","status":"publish","type":"page","link":"https:\/\/wp.kristdemokraterna.se\/ydre\/2017-08-08-dronarburna-pizzor-i-ydre\/","title":{"rendered":"2017-08-08 Dr\u00f6narburna pizzor i Ydre?"},"content":{"rendered":"<p>I storst\u00e4derna (var annars?) har man kommit p\u00e5 en l\u00f6sning p\u00e5 glesbygdens transportproblem. Id\u00e9n \u00e4r egentligen inte ny men den har blivit aktuell igen. Transportstyrelsen (denna underbara inr\u00e4ttning!) har n\u00e4mligen just gjort det l\u00e4ttare att anv\u00e4nda dr\u00f6nare.<br \/>\nDe miniatyrhelikoptrar som kallas dr\u00f6nare finns det numera oerh\u00f6rt m\u00e5nga av. Somliga t\u00e4nker sig att de kan anv\u00e4ndas f\u00f6r transporter. I t\u00e4torterna g\u00e5r det inte s\u00e5 bra. Men p\u00e5 landet \u00e4r det en helt annan sak. Hj\u00e4rtstartare och mediciner skulle i br\u00e5dskande fall kunna s\u00e4ndas i v\u00e4g med dr\u00f6nare. Och s\u00e5 skulle man kunna anv\u00e4nda dem f\u00f6r vardagliga frakter ocks\u00e5. Landsbygdsborna skulle t.ex. kunna best\u00e4lla pizzor och f\u00e5 hem dem p\u00e5 det viset.<\/p>\n<p><img loading=\"lazy\" decoding=\"async\" src=\"http:\/\/ydrebo.se\/kd\/veckobrev2017\/hamn.JPG\" width=\"600\" height=\"461\" \/><br \/>\n<i>Vi kanske skall transportera f\u00f6rn\u00f6denheter genom luften i st\u00e4llet f\u00f6r till sj\u00f6ss eller till lands. (Norra Vi hamn.)<\/p>\n<p><\/i><a href=\"http:\/\/sverigesradio.se\/sida\/artikel.aspx?programid=1650&amp;artikel=6750876\" target=\"_blank\" rel=\"noopener\"><b>Skall man ta detta p\u00e5 allvar?<\/b><\/a>\u00a0Det \u00e4r v\u00e4l snarare sk\u00e4mtsagt sagt. Men sk\u00e4mtet bygger p\u00e5 att glesbygdens v\u00e4gar och kommunikationer faktiskt \u00e4r riktigt d\u00e5liga. M\u00e5 ingen t\u00e4nka illa om pizzor och dr\u00f6nare. Men det glesbygden beh\u00f6ver \u00e4r en\u00a0<i>verklig<\/i>\u00a0upprustning av m\u00f6jligheterna till resor och till leveranser av f\u00f6rn\u00f6denheter.<br \/>\nH\u00e4r i Ydre v\u00e4ntar vi fortfarande p\u00e5 en b\u00e4tte v\u00e4g till Tran\u00e5s. Vi m\u00e5ste forts\u00e4tta att arbeta f\u00f6r b\u00e4ttre villkor f\u00f6r dem som bor p\u00e5 landet.<\/p>\n<p><img loading=\"lazy\" decoding=\"async\" src=\"http:\/\/ydrebo.se\/kd\/veckobrev2017\/blaklocka.JPG\" width=\"600\" height=\"461\" \/><br \/>\n<i>Vilka transportm\u00f6jligheter och kommunikationer beh\u00f6ver vi i det fagra Ydre?<\/p>\n<p><\/i><i>Bengt Malm, ordf.<br \/>\n8 augusti<\/i><\/p>\n","protected":false},"excerpt":{"rendered":"<p>I storst\u00e4derna (var annars?) har man kommit p\u00e5 en l\u00f6sning p\u00e5 glesbygdens transportproblem. Id\u00e9n \u00e4r egentligen inte ny men den har blivit aktuell igen. Transportstyrelsen (denna underbara inr\u00e4ttning!) har n\u00e4mligen just gjort det l\u00e4ttare att anv\u00e4nda dr\u00f6nare. De miniatyrhelikoptrar som kallas dr\u00f6nare finns det numera oerh\u00f6rt m\u00e5nga av. Somliga t\u00e4nker sig att de kan anv\u00e4ndas <a class=\"read-more-link\" href=\"https:\/\/wp.kristdemokraterna.se\/ydre\/2017-08-08-dronarburna-pizzor-i-ydre\/\">L\u00e4s mer<\/a><\/p>\n","protected":false},"author":793,"featured_media":0,"parent":0,"menu_order":0,"comment_status":"closed","ping_status":"closed","template":"","meta":{"_acf_changed":false,"footnotes":""},"class_list":["post-818","page","type-page","status-publish","hentry"],"acf":[],"yoast_head":"<!-- This site is optimized with the Yoast SEO plugin v27.5 - https:\/\/yoast.com\/product\/yoast-seo-wordpress\/ -->\n<title>2017-08-08 Dr\u00f6narburna pizzor i Ydre? - Kristdemokraterna i Ydre<\/title>\n<meta name=\"robots\" content=\"index, follow, max-snippet:-1, max-image-preview:large, max-video-preview:-1\" \/>\n<link rel=\"canonical\" href=\"https:\/\/wp.kristdemokraterna.se\/ydre\/2017-08-08-dronarburna-pizzor-i-ydre\/\" \/>\n<meta property=\"og:locale\" content=\"sv_SE\" \/>\n<meta property=\"og:type\" content=\"article\" \/>\n<meta property=\"og:title\" content=\"2017-08-08 Dr\u00f6narburna pizzor i Ydre? - Kristdemokraterna i Ydre\" \/>\n<meta property=\"og:description\" content=\"I storst\u00e4derna (var annars?) har man kommit p\u00e5 en l\u00f6sning p\u00e5 glesbygdens transportproblem. Id\u00e9n \u00e4r egentligen inte ny men den har blivit aktuell igen. Transportstyrelsen (denna underbara inr\u00e4ttning!) har n\u00e4mligen just gjort det l\u00e4ttare att anv\u00e4nda dr\u00f6nare. De miniatyrhelikoptrar som kallas dr\u00f6nare finns det numera oerh\u00f6rt m\u00e5nga av. Somliga t\u00e4nker sig att de kan anv\u00e4ndas L\u00e4s mer\" \/>\n<meta property=\"og:url\" content=\"https:\/\/wp.kristdemokraterna.se\/ydre\/2017-08-08-dronarburna-pizzor-i-ydre\/\" \/>\n<meta property=\"og:site_name\" content=\"Kristdemokraterna i Ydre\" \/>\n<meta property=\"article:modified_time\" content=\"2018-07-07T17:28:59+00:00\" \/>\n<meta property=\"og:image\" content=\"http:\/\/ydrebo.se\/kd\/veckobrev2017\/hamn.JPG\" \/>\n<meta name=\"twitter:card\" content=\"summary_large_image\" \/>\n<meta name=\"twitter:label1\" content=\"Ber\u00e4knad l\u00e4stid\" \/>\n\t<meta name=\"twitter:data1\" content=\"1 minut\" \/>\n<script type=\"application\/ld+json\" class=\"yoast-schema-graph\">{\"@context\":\"https:\\\/\\\/schema.org\",\"@graph\":[{\"@type\":\"WebPage\",\"@id\":\"https:\\\/\\\/wp.kristdemokraterna.se\\\/ydre\\\/2017-08-08-dronarburna-pizzor-i-ydre\\\/\",\"url\":\"https:\\\/\\\/wp.kristdemokraterna.se\\\/ydre\\\/2017-08-08-dronarburna-pizzor-i-ydre\\\/\",\"name\":\"2017-08-08 Dr\u00f6narburna pizzor i Ydre? - Kristdemokraterna i Ydre\",\"isPartOf\":{\"@id\":\"https:\\\/\\\/wp.kristdemokraterna.se\\\/ydre\\\/#website\"},\"primaryImageOfPage\":{\"@id\":\"https:\\\/\\\/wp.kristdemokraterna.se\\\/ydre\\\/2017-08-08-dronarburna-pizzor-i-ydre\\\/#primaryimage\"},\"image\":{\"@id\":\"https:\\\/\\\/wp.kristdemokraterna.se\\\/ydre\\\/2017-08-08-dronarburna-pizzor-i-ydre\\\/#primaryimage\"},\"thumbnailUrl\":\"http:\\\/\\\/ydrebo.se\\\/kd\\\/veckobrev2017\\\/hamn.JPG\",\"datePublished\":\"2018-07-07T17:28:14+00:00\",\"dateModified\":\"2018-07-07T17:28:59+00:00\",\"breadcrumb\":{\"@id\":\"https:\\\/\\\/wp.kristdemokraterna.se\\\/ydre\\\/2017-08-08-dronarburna-pizzor-i-ydre\\\/#breadcrumb\"},\"inLanguage\":\"sv-SE\",\"potentialAction\":[{\"@type\":\"ReadAction\",\"target\":[\"https:\\\/\\\/wp.kristdemokraterna.se\\\/ydre\\\/2017-08-08-dronarburna-pizzor-i-ydre\\\/\"]}]},{\"@type\":\"ImageObject\",\"inLanguage\":\"sv-SE\",\"@id\":\"https:\\\/\\\/wp.kristdemokraterna.se\\\/ydre\\\/2017-08-08-dronarburna-pizzor-i-ydre\\\/#primaryimage\",\"url\":\"http:\\\/\\\/ydrebo.se\\\/kd\\\/veckobrev2017\\\/hamn.JPG\",\"contentUrl\":\"http:\\\/\\\/ydrebo.se\\\/kd\\\/veckobrev2017\\\/hamn.JPG\"},{\"@type\":\"BreadcrumbList\",\"@id\":\"https:\\\/\\\/wp.kristdemokraterna.se\\\/ydre\\\/2017-08-08-dronarburna-pizzor-i-ydre\\\/#breadcrumb\",\"itemListElement\":[{\"@type\":\"ListItem\",\"position\":1,\"name\":\"Hem\",\"item\":\"https:\\\/\\\/wp.kristdemokraterna.se\\\/ydre\\\/\"},{\"@type\":\"ListItem\",\"position\":2,\"name\":\"2017-08-08 Dr\u00f6narburna pizzor i Ydre?\"}]},{\"@type\":\"WebSite\",\"@id\":\"https:\\\/\\\/wp.kristdemokraterna.se\\\/ydre\\\/#website\",\"url\":\"https:\\\/\\\/wp.kristdemokraterna.se\\\/ydre\\\/\",\"name\":\"Kristdemokraterna i Ydre\",\"description\":\"En till Kristdemokraterna webbplats\",\"inLanguage\":\"sv-SE\"}]}<\/script>\n<!-- \/ Yoast SEO plugin. -->","yoast_head_json":{"title":"2017-08-08 Dr\u00f6narburna pizzor i Ydre? - Kristdemokraterna i Ydre","robots":{"index":"index","follow":"follow","max-snippet":"max-snippet:-1","max-image-preview":"max-image-preview:large","max-video-preview":"max-video-preview:-1"},"canonical":"https:\/\/wp.kristdemokraterna.se\/ydre\/2017-08-08-dronarburna-pizzor-i-ydre\/","og_locale":"sv_SE","og_type":"article","og_title":"2017-08-08 Dr\u00f6narburna pizzor i Ydre? - Kristdemokraterna i Ydre","og_description":"I storst\u00e4derna (var annars?) har man kommit p\u00e5 en l\u00f6sning p\u00e5 glesbygdens transportproblem. Id\u00e9n \u00e4r egentligen inte ny men den har blivit aktuell igen. Transportstyrelsen (denna underbara inr\u00e4ttning!) har n\u00e4mligen just gjort det l\u00e4ttare att anv\u00e4nda dr\u00f6nare. De miniatyrhelikoptrar som kallas dr\u00f6nare finns det numera oerh\u00f6rt m\u00e5nga av. Somliga t\u00e4nker sig att de kan anv\u00e4ndas L\u00e4s mer","og_url":"https:\/\/wp.kristdemokraterna.se\/ydre\/2017-08-08-dronarburna-pizzor-i-ydre\/","og_site_name":"Kristdemokraterna i Ydre","article_modified_time":"2018-07-07T17:28:59+00:00","og_image":[{"url":"http:\/\/ydrebo.se\/kd\/veckobrev2017\/hamn.JPG","type":"","width":"","height":""}],"twitter_card":"summary_large_image","twitter_misc":{"Ber\u00e4knad l\u00e4stid":"1 minut"},"schema":{"@context":"https:\/\/schema.org","@graph":[{"@type":"WebPage","@id":"https:\/\/wp.kristdemokraterna.se\/ydre\/2017-08-08-dronarburna-pizzor-i-ydre\/","url":"https:\/\/wp.kristdemokraterna.se\/ydre\/2017-08-08-dronarburna-pizzor-i-ydre\/","name":"2017-08-08 Dr\u00f6narburna pizzor i Ydre? - Kristdemokraterna i Ydre","isPartOf":{"@id":"https:\/\/wp.kristdemokraterna.se\/ydre\/#website"},"primaryImageOfPage":{"@id":"https:\/\/wp.kristdemokraterna.se\/ydre\/2017-08-08-dronarburna-pizzor-i-ydre\/#primaryimage"},"image":{"@id":"https:\/\/wp.kristdemokraterna.se\/ydre\/2017-08-08-dronarburna-pizzor-i-ydre\/#primaryimage"},"thumbnailUrl":"http:\/\/ydrebo.se\/kd\/veckobrev2017\/hamn.JPG","datePublished":"2018-07-07T17:28:14+00:00","dateModified":"2018-07-07T17:28:59+00:00","breadcrumb":{"@id":"https:\/\/wp.kristdemokraterna.se\/ydre\/2017-08-08-dronarburna-pizzor-i-ydre\/#breadcrumb"},"inLanguage":"sv-SE","potentialAction":[{"@type":"ReadAction","target":["https:\/\/wp.kristdemokraterna.se\/ydre\/2017-08-08-dronarburna-pizzor-i-ydre\/"]}]},{"@type":"ImageObject","inLanguage":"sv-SE","@id":"https:\/\/wp.kristdemokraterna.se\/ydre\/2017-08-08-dronarburna-pizzor-i-ydre\/#primaryimage","url":"http:\/\/ydrebo.se\/kd\/veckobrev2017\/hamn.JPG","contentUrl":"http:\/\/ydrebo.se\/kd\/veckobrev2017\/hamn.JPG"},{"@type":"BreadcrumbList","@id":"https:\/\/wp.kristdemokraterna.se\/ydre\/2017-08-08-dronarburna-pizzor-i-ydre\/#breadcrumb","itemListElement":[{"@type":"ListItem","position":1,"name":"Hem","item":"https:\/\/wp.kristdemokraterna.se\/ydre\/"},{"@type":"ListItem","position":2,"name":"2017-08-08 Dr\u00f6narburna pizzor i Ydre?"}]},{"@type":"WebSite","@id":"https:\/\/wp.kristdemokraterna.se\/ydre\/#website","url":"https:\/\/wp.kristdemokraterna.se\/ydre\/","name":"Kristdemokraterna i Ydre","description":"En till Kristdemokraterna webbplats","inLanguage":"sv-SE"}]}},"_links":{"self":[{"href":"https:\/\/wp.kristdemokraterna.se\/ydre\/wp-json\/wp\/v2\/pages\/818","targetHints":{"allow":["GET"]}}],"collection":[{"href":"https:\/\/wp.kristdemokraterna.se\/ydre\/wp-json\/wp\/v2\/pages"}],"about":[{"href":"https:\/\/wp.kristdemokraterna.se\/ydre\/wp-json\/wp\/v2\/types\/page"}],"author":[{"embeddable":true,"href":"https:\/\/wp.kristdemokraterna.se\/ydre\/wp-json\/wp\/v2\/users\/793"}],"replies":[{"embeddable":true,"href":"https:\/\/wp.kristdemokraterna.se\/ydre\/wp-json\/wp\/v2\/comments?post=818"}],"version-history":[{"count":2,"href":"https:\/\/wp.kristdemokraterna.se\/ydre\/wp-json\/wp\/v2\/pages\/818\/revisions"}],"predecessor-version":[{"id":820,"href":"https:\/\/wp.kristdemokraterna.se\/ydre\/wp-json\/wp\/v2\/pages\/818\/revisions\/820"}],"wp:attachment":[{"href":"https:\/\/wp.kristdemokraterna.se\/ydre\/wp-json\/wp\/v2\/media?parent=818"}],"curies":[{"name":"wp","href":"https:\/\/api.w.org\/{rel}","templated":true}]}}