{"id":822,"date":"2018-07-07T19:31:46","date_gmt":"2018-07-07T17:31:46","guid":{"rendered":"http:\/\/wp.kristdemokraterna.se\/ydre\/?page_id=822"},"modified":"2018-07-07T19:34:24","modified_gmt":"2018-07-07T17:34:24","slug":"2017-08-16-fred-med-forhinder","status":"publish","type":"page","link":"https:\/\/wp.kristdemokraterna.se\/ydre\/2017-08-16-fred-med-forhinder\/","title":{"rendered":"2017-08-16 Fred med f\u00f6rhinder?"},"content":{"rendered":"<p>Hotellpersonalen var mycket v\u00e4nlig och tillm\u00f6tesg\u00e5ende. Det skulle snart bli flyglarm fick vi veta. Men vi beh\u00f6vde inte oroa oss. Det var bara civilf\u00f6rsvarets m\u00e5natliga \u00f6vning. Och den s\u00e5g vi inte mycket av.<br \/>\nDet har g\u00e5tt med \u00e4n trettio \u00e5r sedan den d\u00e4r dagen i Seoul som i dag \u00e4r en av v\u00e4rldens absolut st\u00f6rsta st\u00e4der. \u00c4r man orolig d\u00e4r nu? Beskeden \u00e4r litet mots\u00e4gande. I Sydkorea \u00e4r man nu r\u00e4tt van vid att Nordkorea d\u00e5 och d\u00e5 hotar att f\u00f6rg\u00f6ra Sydkorea, Japan och USA.<br \/>\nDen 15 augusti var det \u00e5rsdagen av Koreas befrielse fr\u00e5n Japan \u00e5r 1945. Sydkoreas president h\u00f6ll ett lugnande tal till nationen. Men samtidigt tillk\u00e4nnagav Nordkorea att man d\u00e4r \u00e4r f\u00e4rdig med<b>\u00a0<a href=\"http:\/\/s.newsweek.com\/sites\/www.newsweek.com\/files\/styles\/embed-lg\/public\/2017\/08\/15\/kim-jong-un-guam-plans.jpg\" target=\"_blank\" rel=\"noopener\">f\u00f6rberedelserna f\u00f6r ett skenanfall<\/a><\/b>\u00a0mot den amerikanska \u00f6n Guam. Fyra robotar skall avfyras f\u00f6r att landa n\u00e5gra mil fr\u00e5n \u00f6n. \u00c5tskilliga ledare runt om i v\u00e4rlden har f\u00f6rs\u00f6kt d\u00e4mpa sp\u00e4nningen.<\/p>\n<p><img loading=\"lazy\" decoding=\"async\" src=\"http:\/\/ydrebo.se\/kd\/veckobrev2017\/osterbymo2.JPG\" width=\"600\" height=\"460\" \/><br \/>\n<i>M\u00f6rknar det i v\u00e4rlden? (\u00d6sterbymo.)<\/i><\/p>\n<p>Det var allts\u00e5 den 15 augusti 1945 som andra v\u00e4rldskriget slutade med Japans kapitulation. N\u00e5gra m\u00e5nader tidigare hade Hitlertyskland krossats. Det \u00e4r m\u00e4rkligt att se dess flagga framf\u00f6ras offentligt till p\u00e5 k\u00f6pet i\u00a0<a href=\"https:\/\/pbs.twimg.com\/media\/DHDiJWkXsAAp0TY.jpg\" target=\"_blank\" rel=\"noopener\"><b>en demonstration i USA.<\/b><\/a>\u00a0Det h\u00f6jdes protester utmed rasisternas demonstrationsv\u00e4g. En bil k\u00f6rdes avsiktligt in i motdemonstrationen. En person omkom och flera skadades. USA:s president har f\u00e5tt mycket kritik f\u00f6r att han sagt att b\u00e5da sidor var skyldiga till det som h\u00e4nde. Det var allts\u00e5 fel av m\u00f6rdaren att k\u00f6ra p\u00e5 offret. Men det var ocks\u00e5 fel av offret att befinna sig d\u00e4r&#8230;<br \/>\nAng\u00e5r allt detta oss i Ydre? Jo, Ydre ligger i alla fall i v\u00e4rlden.<\/p>\n<p><img loading=\"lazy\" decoding=\"async\" src=\"http:\/\/ydrebo.se\/kd\/veckobrev2017\/osterbymo1.JPG\" width=\"600\" height=\"461\" \/><br \/>\n<i>Centralparken i \u00d6sterbymo d\u00e4r barn g\u00e4rna leker. L\u00e5t oss underl\u00e4tta det!<\/i><\/p>\n<p><i>Bengt Malm, ordf.<br \/>\n16 augusti<\/i><\/p>\n","protected":false},"excerpt":{"rendered":"<p>Hotellpersonalen var mycket v\u00e4nlig och tillm\u00f6tesg\u00e5ende. Det skulle snart bli flyglarm fick vi veta. Men vi beh\u00f6vde inte oroa oss. Det var bara civilf\u00f6rsvarets m\u00e5natliga \u00f6vning. Och den s\u00e5g vi inte mycket av. Det har g\u00e5tt med \u00e4n trettio \u00e5r sedan den d\u00e4r dagen i Seoul som i dag \u00e4r en av v\u00e4rldens absolut st\u00f6rsta <a class=\"read-more-link\" href=\"https:\/\/wp.kristdemokraterna.se\/ydre\/2017-08-16-fred-med-forhinder\/\">L\u00e4s mer<\/a><\/p>\n","protected":false},"author":793,"featured_media":0,"parent":0,"menu_order":0,"comment_status":"closed","ping_status":"closed","template":"","meta":{"_acf_changed":false,"footnotes":""},"class_list":["post-822","page","type-page","status-publish","hentry"],"acf":[],"yoast_head":"<!-- This site is optimized with the Yoast SEO plugin v27.5 - https:\/\/yoast.com\/product\/yoast-seo-wordpress\/ -->\n<title>2017-08-16 Fred med f\u00f6rhinder? - Kristdemokraterna i Ydre<\/title>\n<meta name=\"robots\" content=\"index, follow, max-snippet:-1, max-image-preview:large, max-video-preview:-1\" \/>\n<link rel=\"canonical\" href=\"https:\/\/wp.kristdemokraterna.se\/ydre\/2017-08-16-fred-med-forhinder\/\" \/>\n<meta property=\"og:locale\" content=\"sv_SE\" \/>\n<meta property=\"og:type\" content=\"article\" \/>\n<meta property=\"og:title\" content=\"2017-08-16 Fred med f\u00f6rhinder? - Kristdemokraterna i Ydre\" \/>\n<meta property=\"og:description\" content=\"Hotellpersonalen var mycket v\u00e4nlig och tillm\u00f6tesg\u00e5ende. Det skulle snart bli flyglarm fick vi veta. Men vi beh\u00f6vde inte oroa oss. Det var bara civilf\u00f6rsvarets m\u00e5natliga \u00f6vning. Och den s\u00e5g vi inte mycket av. Det har g\u00e5tt med \u00e4n trettio \u00e5r sedan den d\u00e4r dagen i Seoul som i dag \u00e4r en av v\u00e4rldens absolut st\u00f6rsta L\u00e4s mer\" \/>\n<meta property=\"og:url\" content=\"https:\/\/wp.kristdemokraterna.se\/ydre\/2017-08-16-fred-med-forhinder\/\" \/>\n<meta property=\"og:site_name\" content=\"Kristdemokraterna i Ydre\" \/>\n<meta property=\"article:modified_time\" content=\"2018-07-07T17:34:24+00:00\" \/>\n<meta property=\"og:image\" content=\"http:\/\/ydrebo.se\/kd\/veckobrev2017\/osterbymo2.JPG\" \/>\n<meta name=\"twitter:card\" content=\"summary_large_image\" \/>\n<meta name=\"twitter:label1\" content=\"Ber\u00e4knad l\u00e4stid\" \/>\n\t<meta name=\"twitter:data1\" content=\"2 minuter\" \/>\n<script type=\"application\/ld+json\" class=\"yoast-schema-graph\">{\"@context\":\"https:\\\/\\\/schema.org\",\"@graph\":[{\"@type\":\"WebPage\",\"@id\":\"https:\\\/\\\/wp.kristdemokraterna.se\\\/ydre\\\/2017-08-16-fred-med-forhinder\\\/\",\"url\":\"https:\\\/\\\/wp.kristdemokraterna.se\\\/ydre\\\/2017-08-16-fred-med-forhinder\\\/\",\"name\":\"2017-08-16 Fred med f\u00f6rhinder? - Kristdemokraterna i Ydre\",\"isPartOf\":{\"@id\":\"https:\\\/\\\/wp.kristdemokraterna.se\\\/ydre\\\/#website\"},\"primaryImageOfPage\":{\"@id\":\"https:\\\/\\\/wp.kristdemokraterna.se\\\/ydre\\\/2017-08-16-fred-med-forhinder\\\/#primaryimage\"},\"image\":{\"@id\":\"https:\\\/\\\/wp.kristdemokraterna.se\\\/ydre\\\/2017-08-16-fred-med-forhinder\\\/#primaryimage\"},\"thumbnailUrl\":\"http:\\\/\\\/ydrebo.se\\\/kd\\\/veckobrev2017\\\/osterbymo2.JPG\",\"datePublished\":\"2018-07-07T17:31:46+00:00\",\"dateModified\":\"2018-07-07T17:34:24+00:00\",\"breadcrumb\":{\"@id\":\"https:\\\/\\\/wp.kristdemokraterna.se\\\/ydre\\\/2017-08-16-fred-med-forhinder\\\/#breadcrumb\"},\"inLanguage\":\"sv-SE\",\"potentialAction\":[{\"@type\":\"ReadAction\",\"target\":[\"https:\\\/\\\/wp.kristdemokraterna.se\\\/ydre\\\/2017-08-16-fred-med-forhinder\\\/\"]}]},{\"@type\":\"ImageObject\",\"inLanguage\":\"sv-SE\",\"@id\":\"https:\\\/\\\/wp.kristdemokraterna.se\\\/ydre\\\/2017-08-16-fred-med-forhinder\\\/#primaryimage\",\"url\":\"http:\\\/\\\/ydrebo.se\\\/kd\\\/veckobrev2017\\\/osterbymo2.JPG\",\"contentUrl\":\"http:\\\/\\\/ydrebo.se\\\/kd\\\/veckobrev2017\\\/osterbymo2.JPG\"},{\"@type\":\"BreadcrumbList\",\"@id\":\"https:\\\/\\\/wp.kristdemokraterna.se\\\/ydre\\\/2017-08-16-fred-med-forhinder\\\/#breadcrumb\",\"itemListElement\":[{\"@type\":\"ListItem\",\"position\":1,\"name\":\"Hem\",\"item\":\"https:\\\/\\\/wp.kristdemokraterna.se\\\/ydre\\\/\"},{\"@type\":\"ListItem\",\"position\":2,\"name\":\"2017-08-16 Fred med f\u00f6rhinder?\"}]},{\"@type\":\"WebSite\",\"@id\":\"https:\\\/\\\/wp.kristdemokraterna.se\\\/ydre\\\/#website\",\"url\":\"https:\\\/\\\/wp.kristdemokraterna.se\\\/ydre\\\/\",\"name\":\"Kristdemokraterna i Ydre\",\"description\":\"En till Kristdemokraterna webbplats\",\"inLanguage\":\"sv-SE\"}]}<\/script>\n<!-- \/ Yoast SEO plugin. -->","yoast_head_json":{"title":"2017-08-16 Fred med f\u00f6rhinder? - Kristdemokraterna i Ydre","robots":{"index":"index","follow":"follow","max-snippet":"max-snippet:-1","max-image-preview":"max-image-preview:large","max-video-preview":"max-video-preview:-1"},"canonical":"https:\/\/wp.kristdemokraterna.se\/ydre\/2017-08-16-fred-med-forhinder\/","og_locale":"sv_SE","og_type":"article","og_title":"2017-08-16 Fred med f\u00f6rhinder? - Kristdemokraterna i Ydre","og_description":"Hotellpersonalen var mycket v\u00e4nlig och tillm\u00f6tesg\u00e5ende. Det skulle snart bli flyglarm fick vi veta. Men vi beh\u00f6vde inte oroa oss. Det var bara civilf\u00f6rsvarets m\u00e5natliga \u00f6vning. Och den s\u00e5g vi inte mycket av. Det har g\u00e5tt med \u00e4n trettio \u00e5r sedan den d\u00e4r dagen i Seoul som i dag \u00e4r en av v\u00e4rldens absolut st\u00f6rsta L\u00e4s mer","og_url":"https:\/\/wp.kristdemokraterna.se\/ydre\/2017-08-16-fred-med-forhinder\/","og_site_name":"Kristdemokraterna i Ydre","article_modified_time":"2018-07-07T17:34:24+00:00","og_image":[{"url":"http:\/\/ydrebo.se\/kd\/veckobrev2017\/osterbymo2.JPG","type":"","width":"","height":""}],"twitter_card":"summary_large_image","twitter_misc":{"Ber\u00e4knad l\u00e4stid":"2 minuter"},"schema":{"@context":"https:\/\/schema.org","@graph":[{"@type":"WebPage","@id":"https:\/\/wp.kristdemokraterna.se\/ydre\/2017-08-16-fred-med-forhinder\/","url":"https:\/\/wp.kristdemokraterna.se\/ydre\/2017-08-16-fred-med-forhinder\/","name":"2017-08-16 Fred med f\u00f6rhinder? - Kristdemokraterna i Ydre","isPartOf":{"@id":"https:\/\/wp.kristdemokraterna.se\/ydre\/#website"},"primaryImageOfPage":{"@id":"https:\/\/wp.kristdemokraterna.se\/ydre\/2017-08-16-fred-med-forhinder\/#primaryimage"},"image":{"@id":"https:\/\/wp.kristdemokraterna.se\/ydre\/2017-08-16-fred-med-forhinder\/#primaryimage"},"thumbnailUrl":"http:\/\/ydrebo.se\/kd\/veckobrev2017\/osterbymo2.JPG","datePublished":"2018-07-07T17:31:46+00:00","dateModified":"2018-07-07T17:34:24+00:00","breadcrumb":{"@id":"https:\/\/wp.kristdemokraterna.se\/ydre\/2017-08-16-fred-med-forhinder\/#breadcrumb"},"inLanguage":"sv-SE","potentialAction":[{"@type":"ReadAction","target":["https:\/\/wp.kristdemokraterna.se\/ydre\/2017-08-16-fred-med-forhinder\/"]}]},{"@type":"ImageObject","inLanguage":"sv-SE","@id":"https:\/\/wp.kristdemokraterna.se\/ydre\/2017-08-16-fred-med-forhinder\/#primaryimage","url":"http:\/\/ydrebo.se\/kd\/veckobrev2017\/osterbymo2.JPG","contentUrl":"http:\/\/ydrebo.se\/kd\/veckobrev2017\/osterbymo2.JPG"},{"@type":"BreadcrumbList","@id":"https:\/\/wp.kristdemokraterna.se\/ydre\/2017-08-16-fred-med-forhinder\/#breadcrumb","itemListElement":[{"@type":"ListItem","position":1,"name":"Hem","item":"https:\/\/wp.kristdemokraterna.se\/ydre\/"},{"@type":"ListItem","position":2,"name":"2017-08-16 Fred med f\u00f6rhinder?"}]},{"@type":"WebSite","@id":"https:\/\/wp.kristdemokraterna.se\/ydre\/#website","url":"https:\/\/wp.kristdemokraterna.se\/ydre\/","name":"Kristdemokraterna i Ydre","description":"En till Kristdemokraterna webbplats","inLanguage":"sv-SE"}]}},"_links":{"self":[{"href":"https:\/\/wp.kristdemokraterna.se\/ydre\/wp-json\/wp\/v2\/pages\/822","targetHints":{"allow":["GET"]}}],"collection":[{"href":"https:\/\/wp.kristdemokraterna.se\/ydre\/wp-json\/wp\/v2\/pages"}],"about":[{"href":"https:\/\/wp.kristdemokraterna.se\/ydre\/wp-json\/wp\/v2\/types\/page"}],"author":[{"embeddable":true,"href":"https:\/\/wp.kristdemokraterna.se\/ydre\/wp-json\/wp\/v2\/users\/793"}],"replies":[{"embeddable":true,"href":"https:\/\/wp.kristdemokraterna.se\/ydre\/wp-json\/wp\/v2\/comments?post=822"}],"version-history":[{"count":5,"href":"https:\/\/wp.kristdemokraterna.se\/ydre\/wp-json\/wp\/v2\/pages\/822\/revisions"}],"predecessor-version":[{"id":827,"href":"https:\/\/wp.kristdemokraterna.se\/ydre\/wp-json\/wp\/v2\/pages\/822\/revisions\/827"}],"wp:attachment":[{"href":"https:\/\/wp.kristdemokraterna.se\/ydre\/wp-json\/wp\/v2\/media?parent=822"}],"curies":[{"name":"wp","href":"https:\/\/api.w.org\/{rel}","templated":true}]}}