{"id":834,"date":"2018-07-07T19:39:54","date_gmt":"2018-07-07T17:39:54","guid":{"rendered":"http:\/\/wp.kristdemokraterna.se\/ydre\/?page_id=834"},"modified":"2018-07-07T19:40:46","modified_gmt":"2018-07-07T17:40:46","slug":"2017-08-30-vart-brod-for-dagen-som-kommer","status":"publish","type":"page","link":"https:\/\/wp.kristdemokraterna.se\/ydre\/2017-08-30-vart-brod-for-dagen-som-kommer\/","title":{"rendered":"2017-08-30 V\u00e5rt br\u00f6d f\u00f6r dagen som kommer"},"content":{"rendered":"<p>Finns det? Jo, det finns tillr\u00e4ckligt med mat i butikerna f\u00f6r i morgon. Det finns f\u00f6r i \u00f6vermorgon ocks\u00e5. Men f\u00f6r s\u00e5 m\u00e5nga dagar mer r\u00e4cker inte lagren.<br \/>\nF\u00f6r m\u00e5nga har detta blivit en obehaglig uppt\u00e4ckt. Och som l\u00e4get \u00e4r i v\u00e4rlden b\u00f6r vi vara verkligt bekymrade. Man vill nu skapa en livsmedelsstrategi f\u00f6r landet. En s\u00e4rskild strategi h\u00e5ller p\u00e5 att utarbetas f\u00f6r Region \u00d6sterg\u00f6tland. Detta skall diskuteras vid kommunstyrelsens n\u00e4sta sammantr\u00e4de den 4 september.<br \/>\nVad kan Ydre bidra med n\u00e4r det g\u00e4ller livsmedelsproduktionen? Vi har en ovanligt stor andel av befolkningen som \u00e4r sysselsatt inom jordbruk och skogsbruk (mer \u00e4n 16%). Helst b\u00f6r det bli fler som \u00e4gnar sig \u00e5t lantbruket. Men d\u00e5 m\u00e5ste det l\u00f6na sig och en hel del m\u00e5ste ordnas n\u00e4r det g\u00e4ller transportm\u00f6jligheter och tillg\u00e5ng p\u00e5 olika f\u00f6rn\u00f6denheter.<br \/>\nYdre anses b\u00f6ra satsa p\u00e5 djurh\u00e5llning eftersom v\u00e5ra marker \u00e4r l\u00e4mpliga f\u00f6r det. Men det kr\u00e4vs insatser f\u00f6r detta. Det b\u00f6r t.ex. vara n\u00e4ra till slakterier.<\/p>\n<p><img loading=\"lazy\" decoding=\"async\" src=\"http:\/\/ydrebo.se\/kd\/veckobrev2017\/sjoarp.JPG\" width=\"600\" height=\"461\" \/><br \/>\n<i>Ydres jordbruksmarker \u00e4r s\u00e4rskilt l\u00e4mpliga f\u00f6r djurh\u00e5llning (Sj\u00f6arp).<\/p>\n<p><\/i>\u00c4ven om Ydre kan bidra till \u00f6kad livsmedelsproduktion m\u00e5ste landet g\u00f6ra mycket mer f\u00f6r att vi skall kunna k\u00e4nna oss trygga. Fr\u00e5n omv\u00e4rlden h\u00f6r vi om krig, risker f\u00f6r krig och om\u00a0<a href=\"http:\/\/assets-cdn.ekantipur.com\/images\/the-kathmandu-post\/natural-disaster\/Badhi-Banake-2-13082017073212-1000x0.jpg\" target=\"_blank\" rel=\"noopener\"><b>naturkatastrofer<\/b><\/a>.<\/p>\n<p><i>Bengt Malm, ordf.<br \/>\n30 augusti<\/i><\/p>\n","protected":false},"excerpt":{"rendered":"<p>Finns det? Jo, det finns tillr\u00e4ckligt med mat i butikerna f\u00f6r i morgon. Det finns f\u00f6r i \u00f6vermorgon ocks\u00e5. Men f\u00f6r s\u00e5 m\u00e5nga dagar mer r\u00e4cker inte lagren. F\u00f6r m\u00e5nga har detta blivit en obehaglig uppt\u00e4ckt. Och som l\u00e4get \u00e4r i v\u00e4rlden b\u00f6r vi vara verkligt bekymrade. Man vill nu skapa en livsmedelsstrategi f\u00f6r landet. <a class=\"read-more-link\" href=\"https:\/\/wp.kristdemokraterna.se\/ydre\/2017-08-30-vart-brod-for-dagen-som-kommer\/\">L\u00e4s mer<\/a><\/p>\n","protected":false},"author":793,"featured_media":0,"parent":0,"menu_order":0,"comment_status":"closed","ping_status":"closed","template":"","meta":{"_acf_changed":false,"footnotes":""},"class_list":["post-834","page","type-page","status-publish","hentry"],"acf":[],"yoast_head":"<!-- This site is optimized with the Yoast SEO plugin v27.5 - https:\/\/yoast.com\/product\/yoast-seo-wordpress\/ -->\n<title>2017-08-30 V\u00e5rt br\u00f6d f\u00f6r dagen som kommer - Kristdemokraterna i Ydre<\/title>\n<meta name=\"robots\" content=\"index, follow, max-snippet:-1, max-image-preview:large, max-video-preview:-1\" \/>\n<link rel=\"canonical\" href=\"https:\/\/wp.kristdemokraterna.se\/ydre\/2017-08-30-vart-brod-for-dagen-som-kommer\/\" \/>\n<meta property=\"og:locale\" content=\"sv_SE\" \/>\n<meta property=\"og:type\" content=\"article\" \/>\n<meta property=\"og:title\" content=\"2017-08-30 V\u00e5rt br\u00f6d f\u00f6r dagen som kommer - Kristdemokraterna i Ydre\" \/>\n<meta property=\"og:description\" content=\"Finns det? Jo, det finns tillr\u00e4ckligt med mat i butikerna f\u00f6r i morgon. Det finns f\u00f6r i \u00f6vermorgon ocks\u00e5. Men f\u00f6r s\u00e5 m\u00e5nga dagar mer r\u00e4cker inte lagren. F\u00f6r m\u00e5nga har detta blivit en obehaglig uppt\u00e4ckt. Och som l\u00e4get \u00e4r i v\u00e4rlden b\u00f6r vi vara verkligt bekymrade. Man vill nu skapa en livsmedelsstrategi f\u00f6r landet. L\u00e4s mer\" \/>\n<meta property=\"og:url\" content=\"https:\/\/wp.kristdemokraterna.se\/ydre\/2017-08-30-vart-brod-for-dagen-som-kommer\/\" \/>\n<meta property=\"og:site_name\" content=\"Kristdemokraterna i Ydre\" \/>\n<meta property=\"article:modified_time\" content=\"2018-07-07T17:40:46+00:00\" \/>\n<meta property=\"og:image\" content=\"http:\/\/ydrebo.se\/kd\/veckobrev2017\/sjoarp.JPG\" \/>\n<meta name=\"twitter:card\" content=\"summary_large_image\" \/>\n<meta name=\"twitter:label1\" content=\"Ber\u00e4knad l\u00e4stid\" \/>\n\t<meta name=\"twitter:data1\" content=\"1 minut\" \/>\n<script type=\"application\/ld+json\" class=\"yoast-schema-graph\">{\"@context\":\"https:\\\/\\\/schema.org\",\"@graph\":[{\"@type\":\"WebPage\",\"@id\":\"https:\\\/\\\/wp.kristdemokraterna.se\\\/ydre\\\/2017-08-30-vart-brod-for-dagen-som-kommer\\\/\",\"url\":\"https:\\\/\\\/wp.kristdemokraterna.se\\\/ydre\\\/2017-08-30-vart-brod-for-dagen-som-kommer\\\/\",\"name\":\"2017-08-30 V\u00e5rt br\u00f6d f\u00f6r dagen som kommer - Kristdemokraterna i Ydre\",\"isPartOf\":{\"@id\":\"https:\\\/\\\/wp.kristdemokraterna.se\\\/ydre\\\/#website\"},\"primaryImageOfPage\":{\"@id\":\"https:\\\/\\\/wp.kristdemokraterna.se\\\/ydre\\\/2017-08-30-vart-brod-for-dagen-som-kommer\\\/#primaryimage\"},\"image\":{\"@id\":\"https:\\\/\\\/wp.kristdemokraterna.se\\\/ydre\\\/2017-08-30-vart-brod-for-dagen-som-kommer\\\/#primaryimage\"},\"thumbnailUrl\":\"http:\\\/\\\/ydrebo.se\\\/kd\\\/veckobrev2017\\\/sjoarp.JPG\",\"datePublished\":\"2018-07-07T17:39:54+00:00\",\"dateModified\":\"2018-07-07T17:40:46+00:00\",\"breadcrumb\":{\"@id\":\"https:\\\/\\\/wp.kristdemokraterna.se\\\/ydre\\\/2017-08-30-vart-brod-for-dagen-som-kommer\\\/#breadcrumb\"},\"inLanguage\":\"sv-SE\",\"potentialAction\":[{\"@type\":\"ReadAction\",\"target\":[\"https:\\\/\\\/wp.kristdemokraterna.se\\\/ydre\\\/2017-08-30-vart-brod-for-dagen-som-kommer\\\/\"]}]},{\"@type\":\"ImageObject\",\"inLanguage\":\"sv-SE\",\"@id\":\"https:\\\/\\\/wp.kristdemokraterna.se\\\/ydre\\\/2017-08-30-vart-brod-for-dagen-som-kommer\\\/#primaryimage\",\"url\":\"http:\\\/\\\/ydrebo.se\\\/kd\\\/veckobrev2017\\\/sjoarp.JPG\",\"contentUrl\":\"http:\\\/\\\/ydrebo.se\\\/kd\\\/veckobrev2017\\\/sjoarp.JPG\"},{\"@type\":\"BreadcrumbList\",\"@id\":\"https:\\\/\\\/wp.kristdemokraterna.se\\\/ydre\\\/2017-08-30-vart-brod-for-dagen-som-kommer\\\/#breadcrumb\",\"itemListElement\":[{\"@type\":\"ListItem\",\"position\":1,\"name\":\"Hem\",\"item\":\"https:\\\/\\\/wp.kristdemokraterna.se\\\/ydre\\\/\"},{\"@type\":\"ListItem\",\"position\":2,\"name\":\"2017-08-30 V\u00e5rt br\u00f6d f\u00f6r dagen som kommer\"}]},{\"@type\":\"WebSite\",\"@id\":\"https:\\\/\\\/wp.kristdemokraterna.se\\\/ydre\\\/#website\",\"url\":\"https:\\\/\\\/wp.kristdemokraterna.se\\\/ydre\\\/\",\"name\":\"Kristdemokraterna i Ydre\",\"description\":\"En till Kristdemokraterna webbplats\",\"inLanguage\":\"sv-SE\"}]}<\/script>\n<!-- \/ Yoast SEO plugin. -->","yoast_head_json":{"title":"2017-08-30 V\u00e5rt br\u00f6d f\u00f6r dagen som kommer - Kristdemokraterna i Ydre","robots":{"index":"index","follow":"follow","max-snippet":"max-snippet:-1","max-image-preview":"max-image-preview:large","max-video-preview":"max-video-preview:-1"},"canonical":"https:\/\/wp.kristdemokraterna.se\/ydre\/2017-08-30-vart-brod-for-dagen-som-kommer\/","og_locale":"sv_SE","og_type":"article","og_title":"2017-08-30 V\u00e5rt br\u00f6d f\u00f6r dagen som kommer - Kristdemokraterna i Ydre","og_description":"Finns det? Jo, det finns tillr\u00e4ckligt med mat i butikerna f\u00f6r i morgon. Det finns f\u00f6r i \u00f6vermorgon ocks\u00e5. Men f\u00f6r s\u00e5 m\u00e5nga dagar mer r\u00e4cker inte lagren. F\u00f6r m\u00e5nga har detta blivit en obehaglig uppt\u00e4ckt. Och som l\u00e4get \u00e4r i v\u00e4rlden b\u00f6r vi vara verkligt bekymrade. Man vill nu skapa en livsmedelsstrategi f\u00f6r landet. L\u00e4s mer","og_url":"https:\/\/wp.kristdemokraterna.se\/ydre\/2017-08-30-vart-brod-for-dagen-som-kommer\/","og_site_name":"Kristdemokraterna i Ydre","article_modified_time":"2018-07-07T17:40:46+00:00","og_image":[{"url":"http:\/\/ydrebo.se\/kd\/veckobrev2017\/sjoarp.JPG","type":"","width":"","height":""}],"twitter_card":"summary_large_image","twitter_misc":{"Ber\u00e4knad l\u00e4stid":"1 minut"},"schema":{"@context":"https:\/\/schema.org","@graph":[{"@type":"WebPage","@id":"https:\/\/wp.kristdemokraterna.se\/ydre\/2017-08-30-vart-brod-for-dagen-som-kommer\/","url":"https:\/\/wp.kristdemokraterna.se\/ydre\/2017-08-30-vart-brod-for-dagen-som-kommer\/","name":"2017-08-30 V\u00e5rt br\u00f6d f\u00f6r dagen som kommer - Kristdemokraterna i Ydre","isPartOf":{"@id":"https:\/\/wp.kristdemokraterna.se\/ydre\/#website"},"primaryImageOfPage":{"@id":"https:\/\/wp.kristdemokraterna.se\/ydre\/2017-08-30-vart-brod-for-dagen-som-kommer\/#primaryimage"},"image":{"@id":"https:\/\/wp.kristdemokraterna.se\/ydre\/2017-08-30-vart-brod-for-dagen-som-kommer\/#primaryimage"},"thumbnailUrl":"http:\/\/ydrebo.se\/kd\/veckobrev2017\/sjoarp.JPG","datePublished":"2018-07-07T17:39:54+00:00","dateModified":"2018-07-07T17:40:46+00:00","breadcrumb":{"@id":"https:\/\/wp.kristdemokraterna.se\/ydre\/2017-08-30-vart-brod-for-dagen-som-kommer\/#breadcrumb"},"inLanguage":"sv-SE","potentialAction":[{"@type":"ReadAction","target":["https:\/\/wp.kristdemokraterna.se\/ydre\/2017-08-30-vart-brod-for-dagen-som-kommer\/"]}]},{"@type":"ImageObject","inLanguage":"sv-SE","@id":"https:\/\/wp.kristdemokraterna.se\/ydre\/2017-08-30-vart-brod-for-dagen-som-kommer\/#primaryimage","url":"http:\/\/ydrebo.se\/kd\/veckobrev2017\/sjoarp.JPG","contentUrl":"http:\/\/ydrebo.se\/kd\/veckobrev2017\/sjoarp.JPG"},{"@type":"BreadcrumbList","@id":"https:\/\/wp.kristdemokraterna.se\/ydre\/2017-08-30-vart-brod-for-dagen-som-kommer\/#breadcrumb","itemListElement":[{"@type":"ListItem","position":1,"name":"Hem","item":"https:\/\/wp.kristdemokraterna.se\/ydre\/"},{"@type":"ListItem","position":2,"name":"2017-08-30 V\u00e5rt br\u00f6d f\u00f6r dagen som kommer"}]},{"@type":"WebSite","@id":"https:\/\/wp.kristdemokraterna.se\/ydre\/#website","url":"https:\/\/wp.kristdemokraterna.se\/ydre\/","name":"Kristdemokraterna i Ydre","description":"En till Kristdemokraterna webbplats","inLanguage":"sv-SE"}]}},"_links":{"self":[{"href":"https:\/\/wp.kristdemokraterna.se\/ydre\/wp-json\/wp\/v2\/pages\/834","targetHints":{"allow":["GET"]}}],"collection":[{"href":"https:\/\/wp.kristdemokraterna.se\/ydre\/wp-json\/wp\/v2\/pages"}],"about":[{"href":"https:\/\/wp.kristdemokraterna.se\/ydre\/wp-json\/wp\/v2\/types\/page"}],"author":[{"embeddable":true,"href":"https:\/\/wp.kristdemokraterna.se\/ydre\/wp-json\/wp\/v2\/users\/793"}],"replies":[{"embeddable":true,"href":"https:\/\/wp.kristdemokraterna.se\/ydre\/wp-json\/wp\/v2\/comments?post=834"}],"version-history":[{"count":2,"href":"https:\/\/wp.kristdemokraterna.se\/ydre\/wp-json\/wp\/v2\/pages\/834\/revisions"}],"predecessor-version":[{"id":836,"href":"https:\/\/wp.kristdemokraterna.se\/ydre\/wp-json\/wp\/v2\/pages\/834\/revisions\/836"}],"wp:attachment":[{"href":"https:\/\/wp.kristdemokraterna.se\/ydre\/wp-json\/wp\/v2\/media?parent=834"}],"curies":[{"name":"wp","href":"https:\/\/api.w.org\/{rel}","templated":true}]}}