{"id":838,"date":"2018-07-07T19:42:35","date_gmt":"2018-07-07T17:42:35","guid":{"rendered":"http:\/\/wp.kristdemokraterna.se\/ydre\/?page_id=838"},"modified":"2018-07-07T19:42:49","modified_gmt":"2018-07-07T17:42:49","slug":"2017-09-08-det-forsta-skottet-eller-det-sista","status":"publish","type":"page","link":"https:\/\/wp.kristdemokraterna.se\/ydre\/2017-09-08-det-forsta-skottet-eller-det-sista\/","title":{"rendered":"2017-09-08 Det f\u00f6rsta skottet &#8211; eller det sista"},"content":{"rendered":"<p>Ydre har f\u00e5tt en ny sev\u00e4rdhet. En av kommunhusets d\u00f6rrar \u00e4r t\u00e4ckt med en kraftig pl\u00e5t. Det \u00e4r socialkontorets entr\u00e9 som blivit beskjuten tre g\u00e5nger p\u00e5 kort tid.<br \/>\nIngen har kommit till skada men attackerna har givetvis v\u00e5llat oro eftersom \u00e4ven f\u00f6nstret bredvid d\u00f6rren tr\u00e4ffats. Dessutom vet vi inte vad som ligger bakom skotten. Polisen kanske har vissa sp\u00e5r s\u00e5 vi hoppas att det senaste skottet skall bli det sista.<br \/>\nDet \u00e4r inte s\u00e5 l\u00e4nge sedan vem som helst kunde g\u00e5 in p\u00e5 en myndighet och r\u00f6ra sig fritt. De anst\u00e4llda satt i kontorslandskap eller i rum med d\u00f6rrar som n\u00e4stan alltid var \u00f6ppna.<br \/>\nDen tiden \u00e4r f\u00f6rbi. Fler och fler s\u00e4kerhets\u00e5tg\u00e4rder vidtas &#8211; \u00e4ven i Ydre. Denna utveckling \u00e4r sorglig f\u00f6r tryggheten har allts\u00e5 minskat i v\u00e5rt land. Vi m\u00e5ste mer och mer vara p\u00e5 v\u00e5r vakt mot illasinnade personer. Men vi har \u00e4nd\u00e5 menat att Ydre \u00e4r Sveriges tryggaste bygd. Det \u00e4r v\u00e4l s\u00e5 fortfarande trots allt.<\/p>\n<p><img loading=\"lazy\" decoding=\"async\" src=\"http:\/\/ydrebo.se\/kd\/veckobrev2017\/ribbingshof.JPG\" width=\"600\" height=\"450\" \/><br \/>\n<i>Hur trygga \u00e4r vi i Ydre?<\/p>\n<p><\/i>Men naturligtvis \u00e4r den oro man kan k\u00e4nna h\u00e4r en bagatell gentemot en del annat\u00a0<a href=\"https:\/\/ichef-1.bbci.co.uk\/news\/660\/cpsprodpb\/12A25\/production\/_95652367_nkorea15.jpg\" target=\"_blank\" rel=\"noopener\"><b>som \u00e4r aktuellt<\/b><\/a>\u00a0just nu. Vi hoppas att ingen skall v\u00e5ga skjuta det f\u00f6rsta skottet. F\u00f6r annars vet ingen n\u00e4r det sista blir avfyrat.<\/p>\n<p><i>Bengt Malm, ordf.<br \/>\n8 september<\/i><\/p>\n","protected":false},"excerpt":{"rendered":"<p>Ydre har f\u00e5tt en ny sev\u00e4rdhet. En av kommunhusets d\u00f6rrar \u00e4r t\u00e4ckt med en kraftig pl\u00e5t. Det \u00e4r socialkontorets entr\u00e9 som blivit beskjuten tre g\u00e5nger p\u00e5 kort tid. Ingen har kommit till skada men attackerna har givetvis v\u00e5llat oro eftersom \u00e4ven f\u00f6nstret bredvid d\u00f6rren tr\u00e4ffats. Dessutom vet vi inte vad som ligger bakom skotten. Polisen <a class=\"read-more-link\" href=\"https:\/\/wp.kristdemokraterna.se\/ydre\/2017-09-08-det-forsta-skottet-eller-det-sista\/\">L\u00e4s mer<\/a><\/p>\n","protected":false},"author":793,"featured_media":0,"parent":0,"menu_order":0,"comment_status":"closed","ping_status":"closed","template":"","meta":{"_acf_changed":false,"footnotes":""},"class_list":["post-838","page","type-page","status-publish","hentry"],"acf":[],"yoast_head":"<!-- This site is optimized with the Yoast SEO plugin v27.5 - https:\/\/yoast.com\/product\/yoast-seo-wordpress\/ -->\n<title>2017-09-08 Det f\u00f6rsta skottet - eller det sista - Kristdemokraterna i Ydre<\/title>\n<meta name=\"robots\" content=\"index, follow, max-snippet:-1, max-image-preview:large, max-video-preview:-1\" \/>\n<link rel=\"canonical\" href=\"https:\/\/wp.kristdemokraterna.se\/ydre\/2017-09-08-det-forsta-skottet-eller-det-sista\/\" \/>\n<meta property=\"og:locale\" content=\"sv_SE\" \/>\n<meta property=\"og:type\" content=\"article\" \/>\n<meta property=\"og:title\" content=\"2017-09-08 Det f\u00f6rsta skottet - eller det sista - Kristdemokraterna i Ydre\" \/>\n<meta property=\"og:description\" content=\"Ydre har f\u00e5tt en ny sev\u00e4rdhet. En av kommunhusets d\u00f6rrar \u00e4r t\u00e4ckt med en kraftig pl\u00e5t. Det \u00e4r socialkontorets entr\u00e9 som blivit beskjuten tre g\u00e5nger p\u00e5 kort tid. Ingen har kommit till skada men attackerna har givetvis v\u00e5llat oro eftersom \u00e4ven f\u00f6nstret bredvid d\u00f6rren tr\u00e4ffats. Dessutom vet vi inte vad som ligger bakom skotten. Polisen L\u00e4s mer\" \/>\n<meta property=\"og:url\" content=\"https:\/\/wp.kristdemokraterna.se\/ydre\/2017-09-08-det-forsta-skottet-eller-det-sista\/\" \/>\n<meta property=\"og:site_name\" content=\"Kristdemokraterna i Ydre\" \/>\n<meta property=\"article:modified_time\" content=\"2018-07-07T17:42:49+00:00\" \/>\n<meta property=\"og:image\" content=\"http:\/\/ydrebo.se\/kd\/veckobrev2017\/ribbingshof.JPG\" \/>\n<meta name=\"twitter:card\" content=\"summary_large_image\" \/>\n<meta name=\"twitter:label1\" content=\"Ber\u00e4knad l\u00e4stid\" \/>\n\t<meta name=\"twitter:data1\" content=\"1 minut\" \/>\n<script type=\"application\/ld+json\" class=\"yoast-schema-graph\">{\"@context\":\"https:\\\/\\\/schema.org\",\"@graph\":[{\"@type\":\"WebPage\",\"@id\":\"https:\\\/\\\/wp.kristdemokraterna.se\\\/ydre\\\/2017-09-08-det-forsta-skottet-eller-det-sista\\\/\",\"url\":\"https:\\\/\\\/wp.kristdemokraterna.se\\\/ydre\\\/2017-09-08-det-forsta-skottet-eller-det-sista\\\/\",\"name\":\"2017-09-08 Det f\u00f6rsta skottet - eller det sista - Kristdemokraterna i Ydre\",\"isPartOf\":{\"@id\":\"https:\\\/\\\/wp.kristdemokraterna.se\\\/ydre\\\/#website\"},\"primaryImageOfPage\":{\"@id\":\"https:\\\/\\\/wp.kristdemokraterna.se\\\/ydre\\\/2017-09-08-det-forsta-skottet-eller-det-sista\\\/#primaryimage\"},\"image\":{\"@id\":\"https:\\\/\\\/wp.kristdemokraterna.se\\\/ydre\\\/2017-09-08-det-forsta-skottet-eller-det-sista\\\/#primaryimage\"},\"thumbnailUrl\":\"http:\\\/\\\/ydrebo.se\\\/kd\\\/veckobrev2017\\\/ribbingshof.JPG\",\"datePublished\":\"2018-07-07T17:42:35+00:00\",\"dateModified\":\"2018-07-07T17:42:49+00:00\",\"breadcrumb\":{\"@id\":\"https:\\\/\\\/wp.kristdemokraterna.se\\\/ydre\\\/2017-09-08-det-forsta-skottet-eller-det-sista\\\/#breadcrumb\"},\"inLanguage\":\"sv-SE\",\"potentialAction\":[{\"@type\":\"ReadAction\",\"target\":[\"https:\\\/\\\/wp.kristdemokraterna.se\\\/ydre\\\/2017-09-08-det-forsta-skottet-eller-det-sista\\\/\"]}]},{\"@type\":\"ImageObject\",\"inLanguage\":\"sv-SE\",\"@id\":\"https:\\\/\\\/wp.kristdemokraterna.se\\\/ydre\\\/2017-09-08-det-forsta-skottet-eller-det-sista\\\/#primaryimage\",\"url\":\"http:\\\/\\\/ydrebo.se\\\/kd\\\/veckobrev2017\\\/ribbingshof.JPG\",\"contentUrl\":\"http:\\\/\\\/ydrebo.se\\\/kd\\\/veckobrev2017\\\/ribbingshof.JPG\"},{\"@type\":\"BreadcrumbList\",\"@id\":\"https:\\\/\\\/wp.kristdemokraterna.se\\\/ydre\\\/2017-09-08-det-forsta-skottet-eller-det-sista\\\/#breadcrumb\",\"itemListElement\":[{\"@type\":\"ListItem\",\"position\":1,\"name\":\"Hem\",\"item\":\"https:\\\/\\\/wp.kristdemokraterna.se\\\/ydre\\\/\"},{\"@type\":\"ListItem\",\"position\":2,\"name\":\"2017-09-08 Det f\u00f6rsta skottet &#8211; eller det sista\"}]},{\"@type\":\"WebSite\",\"@id\":\"https:\\\/\\\/wp.kristdemokraterna.se\\\/ydre\\\/#website\",\"url\":\"https:\\\/\\\/wp.kristdemokraterna.se\\\/ydre\\\/\",\"name\":\"Kristdemokraterna i Ydre\",\"description\":\"En till Kristdemokraterna webbplats\",\"inLanguage\":\"sv-SE\"}]}<\/script>\n<!-- \/ Yoast SEO plugin. -->","yoast_head_json":{"title":"2017-09-08 Det f\u00f6rsta skottet - eller det sista - Kristdemokraterna i Ydre","robots":{"index":"index","follow":"follow","max-snippet":"max-snippet:-1","max-image-preview":"max-image-preview:large","max-video-preview":"max-video-preview:-1"},"canonical":"https:\/\/wp.kristdemokraterna.se\/ydre\/2017-09-08-det-forsta-skottet-eller-det-sista\/","og_locale":"sv_SE","og_type":"article","og_title":"2017-09-08 Det f\u00f6rsta skottet - eller det sista - Kristdemokraterna i Ydre","og_description":"Ydre har f\u00e5tt en ny sev\u00e4rdhet. En av kommunhusets d\u00f6rrar \u00e4r t\u00e4ckt med en kraftig pl\u00e5t. Det \u00e4r socialkontorets entr\u00e9 som blivit beskjuten tre g\u00e5nger p\u00e5 kort tid. Ingen har kommit till skada men attackerna har givetvis v\u00e5llat oro eftersom \u00e4ven f\u00f6nstret bredvid d\u00f6rren tr\u00e4ffats. Dessutom vet vi inte vad som ligger bakom skotten. Polisen L\u00e4s mer","og_url":"https:\/\/wp.kristdemokraterna.se\/ydre\/2017-09-08-det-forsta-skottet-eller-det-sista\/","og_site_name":"Kristdemokraterna i Ydre","article_modified_time":"2018-07-07T17:42:49+00:00","og_image":[{"url":"http:\/\/ydrebo.se\/kd\/veckobrev2017\/ribbingshof.JPG","type":"","width":"","height":""}],"twitter_card":"summary_large_image","twitter_misc":{"Ber\u00e4knad l\u00e4stid":"1 minut"},"schema":{"@context":"https:\/\/schema.org","@graph":[{"@type":"WebPage","@id":"https:\/\/wp.kristdemokraterna.se\/ydre\/2017-09-08-det-forsta-skottet-eller-det-sista\/","url":"https:\/\/wp.kristdemokraterna.se\/ydre\/2017-09-08-det-forsta-skottet-eller-det-sista\/","name":"2017-09-08 Det f\u00f6rsta skottet - eller det sista - Kristdemokraterna i Ydre","isPartOf":{"@id":"https:\/\/wp.kristdemokraterna.se\/ydre\/#website"},"primaryImageOfPage":{"@id":"https:\/\/wp.kristdemokraterna.se\/ydre\/2017-09-08-det-forsta-skottet-eller-det-sista\/#primaryimage"},"image":{"@id":"https:\/\/wp.kristdemokraterna.se\/ydre\/2017-09-08-det-forsta-skottet-eller-det-sista\/#primaryimage"},"thumbnailUrl":"http:\/\/ydrebo.se\/kd\/veckobrev2017\/ribbingshof.JPG","datePublished":"2018-07-07T17:42:35+00:00","dateModified":"2018-07-07T17:42:49+00:00","breadcrumb":{"@id":"https:\/\/wp.kristdemokraterna.se\/ydre\/2017-09-08-det-forsta-skottet-eller-det-sista\/#breadcrumb"},"inLanguage":"sv-SE","potentialAction":[{"@type":"ReadAction","target":["https:\/\/wp.kristdemokraterna.se\/ydre\/2017-09-08-det-forsta-skottet-eller-det-sista\/"]}]},{"@type":"ImageObject","inLanguage":"sv-SE","@id":"https:\/\/wp.kristdemokraterna.se\/ydre\/2017-09-08-det-forsta-skottet-eller-det-sista\/#primaryimage","url":"http:\/\/ydrebo.se\/kd\/veckobrev2017\/ribbingshof.JPG","contentUrl":"http:\/\/ydrebo.se\/kd\/veckobrev2017\/ribbingshof.JPG"},{"@type":"BreadcrumbList","@id":"https:\/\/wp.kristdemokraterna.se\/ydre\/2017-09-08-det-forsta-skottet-eller-det-sista\/#breadcrumb","itemListElement":[{"@type":"ListItem","position":1,"name":"Hem","item":"https:\/\/wp.kristdemokraterna.se\/ydre\/"},{"@type":"ListItem","position":2,"name":"2017-09-08 Det f\u00f6rsta skottet &#8211; eller det sista"}]},{"@type":"WebSite","@id":"https:\/\/wp.kristdemokraterna.se\/ydre\/#website","url":"https:\/\/wp.kristdemokraterna.se\/ydre\/","name":"Kristdemokraterna i Ydre","description":"En till Kristdemokraterna webbplats","inLanguage":"sv-SE"}]}},"_links":{"self":[{"href":"https:\/\/wp.kristdemokraterna.se\/ydre\/wp-json\/wp\/v2\/pages\/838","targetHints":{"allow":["GET"]}}],"collection":[{"href":"https:\/\/wp.kristdemokraterna.se\/ydre\/wp-json\/wp\/v2\/pages"}],"about":[{"href":"https:\/\/wp.kristdemokraterna.se\/ydre\/wp-json\/wp\/v2\/types\/page"}],"author":[{"embeddable":true,"href":"https:\/\/wp.kristdemokraterna.se\/ydre\/wp-json\/wp\/v2\/users\/793"}],"replies":[{"embeddable":true,"href":"https:\/\/wp.kristdemokraterna.se\/ydre\/wp-json\/wp\/v2\/comments?post=838"}],"version-history":[{"count":2,"href":"https:\/\/wp.kristdemokraterna.se\/ydre\/wp-json\/wp\/v2\/pages\/838\/revisions"}],"predecessor-version":[{"id":840,"href":"https:\/\/wp.kristdemokraterna.se\/ydre\/wp-json\/wp\/v2\/pages\/838\/revisions\/840"}],"wp:attachment":[{"href":"https:\/\/wp.kristdemokraterna.se\/ydre\/wp-json\/wp\/v2\/media?parent=838"}],"curies":[{"name":"wp","href":"https:\/\/api.w.org\/{rel}","templated":true}]}}