{"id":842,"date":"2018-07-07T19:45:25","date_gmt":"2018-07-07T17:45:25","guid":{"rendered":"http:\/\/wp.kristdemokraterna.se\/ydre\/?page_id=842"},"modified":"2018-07-07T19:46:18","modified_gmt":"2018-07-07T17:46:18","slug":"2017-09-20-forandringens-vindar","status":"publish","type":"page","link":"https:\/\/wp.kristdemokraterna.se\/ydre\/2017-09-20-forandringens-vindar\/","title":{"rendered":"2017-09-20 F\u00f6r\u00e4ndringens vindar"},"content":{"rendered":"<p>Hur g\u00e5r det med vindkraften? Blir det n\u00e5gra nya vindkraftverk i Ydre? \u00c5sikterna \u00e4r minst sagt delade.<br \/>\nDet \u00e4r inte underligt att de tillt\u00e4nkta vindkraftverken v\u00e4cker oro. Det har l\u00e4mnats tillst\u00e5nd f\u00f6r byggande p\u00e5 ett par platser i Ydres skogar. Meningen var att rotorbaden skulle n\u00e5 upp till 150 meters h\u00f6jd n\u00e4r de st\u00e5r r\u00e4tt upp. Men nu s\u00e4ger de som vill bygga att s\u00e5dana anl\u00e4ggningar inte l\u00e4ngre \u00e4r l\u00f6nsamma. S\u00e5 man har ans\u00f6kt om att f\u00e5 uppf\u00f6ra 200 meter h\u00f6ga anl\u00e4ggningar.<\/p>\n<p><img loading=\"lazy\" decoding=\"async\" src=\"http:\/\/ydrebo.se\/kd\/veckobrev2015\/vindkraft.JPG\" width=\"599\" height=\"249\" \/><br \/>\n<i>Vindkraftverk i \u00d6resund.<\/p>\n<p><\/i>Somliga \u00f6nskar att kommunen skall stoppa dessa planer. De j\u00e4ttelika propellrarna kommer att synas m\u00e5nga mil och s\u00e4rskilt f\u00f6r de n\u00e4rboende som ocks\u00e5 kommer att st\u00f6ras av vibrationer.<br \/>\nHar kommunen n\u00e5gon m\u00f6jlighet att s\u00e4ga nej? Det verkar inte vara s\u00e5 n\u00e4r det g\u00e4ller &#8221;mindre \u00e4ndringar&#8221; i planerna. Det \u00e4r l\u00e4nsstyrelsen som f\u00e5r fatta beslut om tillst\u00e5ndsgivning.<\/p>\n<p><img loading=\"lazy\" decoding=\"async\" src=\"http:\/\/ydrebo.se\/kd\/veckobrev2017\/rondane.JPG\" width=\"600\" height=\"464\" \/><br \/>\n<i>Det bl\u00e5ser i det norska turistparadiset Rondane.\u00a0 Men varf\u00f6r syns det inga vindkraftverk?<\/p>\n<p><\/i>Men det finns en viss kommunal vetor\u00e4tt n\u00e4r det g\u00e4ller vindkraftverk. Man kan som i \u00c5re fr\u00e5n b\u00f6rjan s\u00e4ga blankt nej till vindkraftsparker i ett visst omr\u00e5de. (Somliga partier vill f\u00e5 bort denna vetor\u00e4tt.)<br \/>\nDet kommunala sj\u00e4lvstyret \u00e4r allts\u00e5 begr\u00e4nsat. Det m\u00e4rker vi ocks\u00e5 i ett annat aktuellt \u00e4rende. Vid upphandling \u00e4r kommunen helt enkelt tvungen att ta det billigaste alternativet. Lagen bygger p\u00e5 antagandet att alla andra anbudsgivare bara vill sko sig p\u00e5 allm\u00e4nhetens bekostnad. Den som ger de fagraste l\u00f6ftena m\u00e5ste d\u00e4rf\u00f6r f\u00e5 teckna kontrakt med kommunen. Resultatet ser vi.<\/p>\n<p><i>Bengt Malm, ordf.<br \/>\n20 september<\/i><\/p>\n","protected":false},"excerpt":{"rendered":"<p>Hur g\u00e5r det med vindkraften? Blir det n\u00e5gra nya vindkraftverk i Ydre? \u00c5sikterna \u00e4r minst sagt delade. Det \u00e4r inte underligt att de tillt\u00e4nkta vindkraftverken v\u00e4cker oro. Det har l\u00e4mnats tillst\u00e5nd f\u00f6r byggande p\u00e5 ett par platser i Ydres skogar. Meningen var att rotorbaden skulle n\u00e5 upp till 150 meters h\u00f6jd n\u00e4r de st\u00e5r r\u00e4tt <a class=\"read-more-link\" href=\"https:\/\/wp.kristdemokraterna.se\/ydre\/2017-09-20-forandringens-vindar\/\">L\u00e4s mer<\/a><\/p>\n","protected":false},"author":793,"featured_media":0,"parent":0,"menu_order":0,"comment_status":"closed","ping_status":"closed","template":"","meta":{"_acf_changed":false,"footnotes":""},"class_list":["post-842","page","type-page","status-publish","hentry"],"acf":[],"yoast_head":"<!-- This site is optimized with the Yoast SEO plugin v27.5 - https:\/\/yoast.com\/product\/yoast-seo-wordpress\/ -->\n<title>2017-09-20 F\u00f6r\u00e4ndringens vindar - Kristdemokraterna i Ydre<\/title>\n<meta name=\"robots\" content=\"index, follow, max-snippet:-1, max-image-preview:large, max-video-preview:-1\" \/>\n<link rel=\"canonical\" href=\"https:\/\/wp.kristdemokraterna.se\/ydre\/2017-09-20-forandringens-vindar\/\" \/>\n<meta property=\"og:locale\" content=\"sv_SE\" \/>\n<meta property=\"og:type\" content=\"article\" \/>\n<meta property=\"og:title\" content=\"2017-09-20 F\u00f6r\u00e4ndringens vindar - Kristdemokraterna i Ydre\" \/>\n<meta property=\"og:description\" content=\"Hur g\u00e5r det med vindkraften? Blir det n\u00e5gra nya vindkraftverk i Ydre? \u00c5sikterna \u00e4r minst sagt delade. Det \u00e4r inte underligt att de tillt\u00e4nkta vindkraftverken v\u00e4cker oro. Det har l\u00e4mnats tillst\u00e5nd f\u00f6r byggande p\u00e5 ett par platser i Ydres skogar. Meningen var att rotorbaden skulle n\u00e5 upp till 150 meters h\u00f6jd n\u00e4r de st\u00e5r r\u00e4tt L\u00e4s mer\" \/>\n<meta property=\"og:url\" content=\"https:\/\/wp.kristdemokraterna.se\/ydre\/2017-09-20-forandringens-vindar\/\" \/>\n<meta property=\"og:site_name\" content=\"Kristdemokraterna i Ydre\" \/>\n<meta property=\"article:modified_time\" content=\"2018-07-07T17:46:18+00:00\" \/>\n<meta property=\"og:image\" content=\"http:\/\/ydrebo.se\/kd\/veckobrev2015\/vindkraft.JPG\" \/>\n<meta name=\"twitter:card\" content=\"summary_large_image\" \/>\n<meta name=\"twitter:label1\" content=\"Ber\u00e4knad l\u00e4stid\" \/>\n\t<meta name=\"twitter:data1\" content=\"2 minuter\" \/>\n<script type=\"application\/ld+json\" class=\"yoast-schema-graph\">{\"@context\":\"https:\\\/\\\/schema.org\",\"@graph\":[{\"@type\":\"WebPage\",\"@id\":\"https:\\\/\\\/wp.kristdemokraterna.se\\\/ydre\\\/2017-09-20-forandringens-vindar\\\/\",\"url\":\"https:\\\/\\\/wp.kristdemokraterna.se\\\/ydre\\\/2017-09-20-forandringens-vindar\\\/\",\"name\":\"2017-09-20 F\u00f6r\u00e4ndringens vindar - Kristdemokraterna i Ydre\",\"isPartOf\":{\"@id\":\"https:\\\/\\\/wp.kristdemokraterna.se\\\/ydre\\\/#website\"},\"primaryImageOfPage\":{\"@id\":\"https:\\\/\\\/wp.kristdemokraterna.se\\\/ydre\\\/2017-09-20-forandringens-vindar\\\/#primaryimage\"},\"image\":{\"@id\":\"https:\\\/\\\/wp.kristdemokraterna.se\\\/ydre\\\/2017-09-20-forandringens-vindar\\\/#primaryimage\"},\"thumbnailUrl\":\"http:\\\/\\\/ydrebo.se\\\/kd\\\/veckobrev2015\\\/vindkraft.JPG\",\"datePublished\":\"2018-07-07T17:45:25+00:00\",\"dateModified\":\"2018-07-07T17:46:18+00:00\",\"breadcrumb\":{\"@id\":\"https:\\\/\\\/wp.kristdemokraterna.se\\\/ydre\\\/2017-09-20-forandringens-vindar\\\/#breadcrumb\"},\"inLanguage\":\"sv-SE\",\"potentialAction\":[{\"@type\":\"ReadAction\",\"target\":[\"https:\\\/\\\/wp.kristdemokraterna.se\\\/ydre\\\/2017-09-20-forandringens-vindar\\\/\"]}]},{\"@type\":\"ImageObject\",\"inLanguage\":\"sv-SE\",\"@id\":\"https:\\\/\\\/wp.kristdemokraterna.se\\\/ydre\\\/2017-09-20-forandringens-vindar\\\/#primaryimage\",\"url\":\"http:\\\/\\\/ydrebo.se\\\/kd\\\/veckobrev2015\\\/vindkraft.JPG\",\"contentUrl\":\"http:\\\/\\\/ydrebo.se\\\/kd\\\/veckobrev2015\\\/vindkraft.JPG\"},{\"@type\":\"BreadcrumbList\",\"@id\":\"https:\\\/\\\/wp.kristdemokraterna.se\\\/ydre\\\/2017-09-20-forandringens-vindar\\\/#breadcrumb\",\"itemListElement\":[{\"@type\":\"ListItem\",\"position\":1,\"name\":\"Hem\",\"item\":\"https:\\\/\\\/wp.kristdemokraterna.se\\\/ydre\\\/\"},{\"@type\":\"ListItem\",\"position\":2,\"name\":\"2017-09-20 F\u00f6r\u00e4ndringens vindar\"}]},{\"@type\":\"WebSite\",\"@id\":\"https:\\\/\\\/wp.kristdemokraterna.se\\\/ydre\\\/#website\",\"url\":\"https:\\\/\\\/wp.kristdemokraterna.se\\\/ydre\\\/\",\"name\":\"Kristdemokraterna i Ydre\",\"description\":\"En till Kristdemokraterna webbplats\",\"inLanguage\":\"sv-SE\"}]}<\/script>\n<!-- \/ Yoast SEO plugin. -->","yoast_head_json":{"title":"2017-09-20 F\u00f6r\u00e4ndringens vindar - Kristdemokraterna i Ydre","robots":{"index":"index","follow":"follow","max-snippet":"max-snippet:-1","max-image-preview":"max-image-preview:large","max-video-preview":"max-video-preview:-1"},"canonical":"https:\/\/wp.kristdemokraterna.se\/ydre\/2017-09-20-forandringens-vindar\/","og_locale":"sv_SE","og_type":"article","og_title":"2017-09-20 F\u00f6r\u00e4ndringens vindar - Kristdemokraterna i Ydre","og_description":"Hur g\u00e5r det med vindkraften? Blir det n\u00e5gra nya vindkraftverk i Ydre? \u00c5sikterna \u00e4r minst sagt delade. Det \u00e4r inte underligt att de tillt\u00e4nkta vindkraftverken v\u00e4cker oro. Det har l\u00e4mnats tillst\u00e5nd f\u00f6r byggande p\u00e5 ett par platser i Ydres skogar. Meningen var att rotorbaden skulle n\u00e5 upp till 150 meters h\u00f6jd n\u00e4r de st\u00e5r r\u00e4tt L\u00e4s mer","og_url":"https:\/\/wp.kristdemokraterna.se\/ydre\/2017-09-20-forandringens-vindar\/","og_site_name":"Kristdemokraterna i Ydre","article_modified_time":"2018-07-07T17:46:18+00:00","og_image":[{"url":"http:\/\/ydrebo.se\/kd\/veckobrev2015\/vindkraft.JPG","type":"","width":"","height":""}],"twitter_card":"summary_large_image","twitter_misc":{"Ber\u00e4knad l\u00e4stid":"2 minuter"},"schema":{"@context":"https:\/\/schema.org","@graph":[{"@type":"WebPage","@id":"https:\/\/wp.kristdemokraterna.se\/ydre\/2017-09-20-forandringens-vindar\/","url":"https:\/\/wp.kristdemokraterna.se\/ydre\/2017-09-20-forandringens-vindar\/","name":"2017-09-20 F\u00f6r\u00e4ndringens vindar - Kristdemokraterna i Ydre","isPartOf":{"@id":"https:\/\/wp.kristdemokraterna.se\/ydre\/#website"},"primaryImageOfPage":{"@id":"https:\/\/wp.kristdemokraterna.se\/ydre\/2017-09-20-forandringens-vindar\/#primaryimage"},"image":{"@id":"https:\/\/wp.kristdemokraterna.se\/ydre\/2017-09-20-forandringens-vindar\/#primaryimage"},"thumbnailUrl":"http:\/\/ydrebo.se\/kd\/veckobrev2015\/vindkraft.JPG","datePublished":"2018-07-07T17:45:25+00:00","dateModified":"2018-07-07T17:46:18+00:00","breadcrumb":{"@id":"https:\/\/wp.kristdemokraterna.se\/ydre\/2017-09-20-forandringens-vindar\/#breadcrumb"},"inLanguage":"sv-SE","potentialAction":[{"@type":"ReadAction","target":["https:\/\/wp.kristdemokraterna.se\/ydre\/2017-09-20-forandringens-vindar\/"]}]},{"@type":"ImageObject","inLanguage":"sv-SE","@id":"https:\/\/wp.kristdemokraterna.se\/ydre\/2017-09-20-forandringens-vindar\/#primaryimage","url":"http:\/\/ydrebo.se\/kd\/veckobrev2015\/vindkraft.JPG","contentUrl":"http:\/\/ydrebo.se\/kd\/veckobrev2015\/vindkraft.JPG"},{"@type":"BreadcrumbList","@id":"https:\/\/wp.kristdemokraterna.se\/ydre\/2017-09-20-forandringens-vindar\/#breadcrumb","itemListElement":[{"@type":"ListItem","position":1,"name":"Hem","item":"https:\/\/wp.kristdemokraterna.se\/ydre\/"},{"@type":"ListItem","position":2,"name":"2017-09-20 F\u00f6r\u00e4ndringens vindar"}]},{"@type":"WebSite","@id":"https:\/\/wp.kristdemokraterna.se\/ydre\/#website","url":"https:\/\/wp.kristdemokraterna.se\/ydre\/","name":"Kristdemokraterna i Ydre","description":"En till Kristdemokraterna webbplats","inLanguage":"sv-SE"}]}},"_links":{"self":[{"href":"https:\/\/wp.kristdemokraterna.se\/ydre\/wp-json\/wp\/v2\/pages\/842","targetHints":{"allow":["GET"]}}],"collection":[{"href":"https:\/\/wp.kristdemokraterna.se\/ydre\/wp-json\/wp\/v2\/pages"}],"about":[{"href":"https:\/\/wp.kristdemokraterna.se\/ydre\/wp-json\/wp\/v2\/types\/page"}],"author":[{"embeddable":true,"href":"https:\/\/wp.kristdemokraterna.se\/ydre\/wp-json\/wp\/v2\/users\/793"}],"replies":[{"embeddable":true,"href":"https:\/\/wp.kristdemokraterna.se\/ydre\/wp-json\/wp\/v2\/comments?post=842"}],"version-history":[{"count":2,"href":"https:\/\/wp.kristdemokraterna.se\/ydre\/wp-json\/wp\/v2\/pages\/842\/revisions"}],"predecessor-version":[{"id":844,"href":"https:\/\/wp.kristdemokraterna.se\/ydre\/wp-json\/wp\/v2\/pages\/842\/revisions\/844"}],"wp:attachment":[{"href":"https:\/\/wp.kristdemokraterna.se\/ydre\/wp-json\/wp\/v2\/media?parent=842"}],"curies":[{"name":"wp","href":"https:\/\/api.w.org\/{rel}","templated":true}]}}