{"id":846,"date":"2018-07-07T19:48:03","date_gmt":"2018-07-07T17:48:03","guid":{"rendered":"http:\/\/wp.kristdemokraterna.se\/ydre\/?page_id=846"},"modified":"2018-07-07T19:48:31","modified_gmt":"2018-07-07T17:48:31","slug":"2017-09-29-eld-och-vatten","status":"publish","type":"page","link":"https:\/\/wp.kristdemokraterna.se\/ydre\/2017-09-29-eld-och-vatten\/","title":{"rendered":"2017-09-29 Eld och vatten"},"content":{"rendered":"<p>Det brinner! Hela klassen st\u00f6rtade ut genom d\u00f6rren. I bara strumpl\u00e4sten rusade barnen f\u00f6rbi kommunens skolgrupp (som var p\u00e5 bes\u00f6k) till skolg\u00e5rden d\u00e4r l\u00e4rarna samlade ihop dem. Alla s\u00e5g lyckliga och glada ut. F\u00f6r det var bara en \u00f6vning och d\u00e4rf\u00f6r var det sp\u00e4nnande.<br \/>\n\u00c4ven om Ydre l\u00e4r vara den brands\u00e4kraste kommunen i Sverige m\u00e5ste skolan ha beredskap f\u00f6r eldsv\u00e5dor liksom f\u00f6r andra o\u00f6nskade sm\u00e5 och stora incidenter. Ocks\u00e5 hela kommunen m\u00e5ste ha s\u00e5dan beredskap.<br \/>\nHur har vi det t.ex. med vattnet? Det anv\u00e4nds ju inte bara till eldsl\u00e4ckning. Tillg\u00e5ngen p\u00e5 rent vatten \u00e4r livsviktig f\u00f6r oss. EU kr\u00e4ver att verksamhet som ber\u00f6r vatten skall vara noga kontrollerad.<br \/>\nHur skall vi allts\u00e5 f\u00f6rs\u00e4kra oss om att vattnet \u00e4r bra? Det ber\u00e4ttade Lantbrukarnas Riksf\u00f6rbund f\u00f6r oss vid en tr\u00e4ff f\u00f6r n\u00e5gra dagar sedan. Det verkar som om regeringen helst vill ompr\u00f6va vartenda tillst\u00e5nd f\u00f6r verksamheter som har med vatten att g\u00f6ra. Det \u00e4r naturligtvis om\u00f6jligt att g\u00f6ra allt p\u00e5 en g\u00e5ng. D\u00e4rf\u00f6r f\u00f6resl\u00e5s det att om en f\u00f6r\u00e4ndring skall g\u00f6ras i en anl\u00e4ggning skall hela tillst\u00e5ndet f\u00f6r verksamheten dras in och man skall fr\u00e5n f\u00f6rsta b\u00f6rjan pr\u00f6va om inr\u00e4ttningen b\u00f6r f\u00e5 finnas.<\/p>\n<p><img loading=\"lazy\" decoding=\"async\" src=\"http:\/\/ydrebo.se\/kd\/veckobrev2017\/brantefall.JPG\" width=\"600\" height=\"446\" \/><br \/>\n<i>Ydre har gott om rent vatten (Brantefall).<\/p>\n<p><\/i>Eftersom det redan finns str\u00e4nga regler och kontinuerlig granskning av vattenverksamhet \u00e4r en s\u00e5dan total ompr\u00f6vning i de allra flesta fall on\u00f6dig. Men framf\u00f6r allt \u00e4r en s\u00e5dan process b\u00e5de dyr och l\u00e5ngvarig. F\u00f6ljden blir nog att \u00f6nskv\u00e4rda f\u00f6rb\u00e4ttringar skjuts p\u00e5 framtiden eller att en del v\u00e4l fungerande inr\u00e4ttningar l\u00e4ggs ner (t.ex. sm\u00e5 vattenkraftverk).<br \/>\nYdre kommun ber\u00f6rs direkt eftersom vi har ett tiotal vattenreningsverk och lika m\u00e5nga avloppsanl\u00e4ggningar. Men regringen har inte skickat f\u00f6rslaget till oss utan bara till ett tiotal kommuner i hela landet. Till saken h\u00f6r att f\u00f6rslaget lades precis f\u00f6re semestrarna och synpunkter skall vara inl\u00e4mnade den 2 oktober&#8230;<br \/>\nVill regeringen inte veta vad de ber\u00f6rda tycker? Hur styrs egentligen v\u00e5rt land?<\/p>\n<p><i>Bengt Malm, ordf.<br \/>\n29 september<\/i><\/p>\n","protected":false},"excerpt":{"rendered":"<p>Det brinner! Hela klassen st\u00f6rtade ut genom d\u00f6rren. I bara strumpl\u00e4sten rusade barnen f\u00f6rbi kommunens skolgrupp (som var p\u00e5 bes\u00f6k) till skolg\u00e5rden d\u00e4r l\u00e4rarna samlade ihop dem. Alla s\u00e5g lyckliga och glada ut. F\u00f6r det var bara en \u00f6vning och d\u00e4rf\u00f6r var det sp\u00e4nnande. \u00c4ven om Ydre l\u00e4r vara den brands\u00e4kraste kommunen i Sverige m\u00e5ste <a class=\"read-more-link\" href=\"https:\/\/wp.kristdemokraterna.se\/ydre\/2017-09-29-eld-och-vatten\/\">L\u00e4s mer<\/a><\/p>\n","protected":false},"author":793,"featured_media":0,"parent":0,"menu_order":0,"comment_status":"closed","ping_status":"closed","template":"","meta":{"_acf_changed":false,"footnotes":""},"class_list":["post-846","page","type-page","status-publish","hentry"],"acf":[],"yoast_head":"<!-- This site is optimized with the Yoast SEO plugin v27.5 - https:\/\/yoast.com\/product\/yoast-seo-wordpress\/ -->\n<title>2017-09-29 Eld och vatten - Kristdemokraterna i Ydre<\/title>\n<meta name=\"robots\" content=\"index, follow, max-snippet:-1, max-image-preview:large, max-video-preview:-1\" \/>\n<link rel=\"canonical\" href=\"https:\/\/wp.kristdemokraterna.se\/ydre\/2017-09-29-eld-och-vatten\/\" \/>\n<meta property=\"og:locale\" content=\"sv_SE\" \/>\n<meta property=\"og:type\" content=\"article\" \/>\n<meta property=\"og:title\" content=\"2017-09-29 Eld och vatten - Kristdemokraterna i Ydre\" \/>\n<meta property=\"og:description\" content=\"Det brinner! Hela klassen st\u00f6rtade ut genom d\u00f6rren. I bara strumpl\u00e4sten rusade barnen f\u00f6rbi kommunens skolgrupp (som var p\u00e5 bes\u00f6k) till skolg\u00e5rden d\u00e4r l\u00e4rarna samlade ihop dem. Alla s\u00e5g lyckliga och glada ut. F\u00f6r det var bara en \u00f6vning och d\u00e4rf\u00f6r var det sp\u00e4nnande. \u00c4ven om Ydre l\u00e4r vara den brands\u00e4kraste kommunen i Sverige m\u00e5ste L\u00e4s mer\" \/>\n<meta property=\"og:url\" content=\"https:\/\/wp.kristdemokraterna.se\/ydre\/2017-09-29-eld-och-vatten\/\" \/>\n<meta property=\"og:site_name\" content=\"Kristdemokraterna i Ydre\" \/>\n<meta property=\"article:modified_time\" content=\"2018-07-07T17:48:31+00:00\" \/>\n<meta property=\"og:image\" content=\"http:\/\/ydrebo.se\/kd\/veckobrev2017\/brantefall.JPG\" \/>\n<meta name=\"twitter:card\" content=\"summary_large_image\" \/>\n<meta name=\"twitter:label1\" content=\"Ber\u00e4knad l\u00e4stid\" \/>\n\t<meta name=\"twitter:data1\" content=\"2 minuter\" \/>\n<script type=\"application\/ld+json\" class=\"yoast-schema-graph\">{\"@context\":\"https:\\\/\\\/schema.org\",\"@graph\":[{\"@type\":\"WebPage\",\"@id\":\"https:\\\/\\\/wp.kristdemokraterna.se\\\/ydre\\\/2017-09-29-eld-och-vatten\\\/\",\"url\":\"https:\\\/\\\/wp.kristdemokraterna.se\\\/ydre\\\/2017-09-29-eld-och-vatten\\\/\",\"name\":\"2017-09-29 Eld och vatten - Kristdemokraterna i Ydre\",\"isPartOf\":{\"@id\":\"https:\\\/\\\/wp.kristdemokraterna.se\\\/ydre\\\/#website\"},\"primaryImageOfPage\":{\"@id\":\"https:\\\/\\\/wp.kristdemokraterna.se\\\/ydre\\\/2017-09-29-eld-och-vatten\\\/#primaryimage\"},\"image\":{\"@id\":\"https:\\\/\\\/wp.kristdemokraterna.se\\\/ydre\\\/2017-09-29-eld-och-vatten\\\/#primaryimage\"},\"thumbnailUrl\":\"http:\\\/\\\/ydrebo.se\\\/kd\\\/veckobrev2017\\\/brantefall.JPG\",\"datePublished\":\"2018-07-07T17:48:03+00:00\",\"dateModified\":\"2018-07-07T17:48:31+00:00\",\"breadcrumb\":{\"@id\":\"https:\\\/\\\/wp.kristdemokraterna.se\\\/ydre\\\/2017-09-29-eld-och-vatten\\\/#breadcrumb\"},\"inLanguage\":\"sv-SE\",\"potentialAction\":[{\"@type\":\"ReadAction\",\"target\":[\"https:\\\/\\\/wp.kristdemokraterna.se\\\/ydre\\\/2017-09-29-eld-och-vatten\\\/\"]}]},{\"@type\":\"ImageObject\",\"inLanguage\":\"sv-SE\",\"@id\":\"https:\\\/\\\/wp.kristdemokraterna.se\\\/ydre\\\/2017-09-29-eld-och-vatten\\\/#primaryimage\",\"url\":\"http:\\\/\\\/ydrebo.se\\\/kd\\\/veckobrev2017\\\/brantefall.JPG\",\"contentUrl\":\"http:\\\/\\\/ydrebo.se\\\/kd\\\/veckobrev2017\\\/brantefall.JPG\"},{\"@type\":\"BreadcrumbList\",\"@id\":\"https:\\\/\\\/wp.kristdemokraterna.se\\\/ydre\\\/2017-09-29-eld-och-vatten\\\/#breadcrumb\",\"itemListElement\":[{\"@type\":\"ListItem\",\"position\":1,\"name\":\"Hem\",\"item\":\"https:\\\/\\\/wp.kristdemokraterna.se\\\/ydre\\\/\"},{\"@type\":\"ListItem\",\"position\":2,\"name\":\"2017-09-29 Eld och vatten\"}]},{\"@type\":\"WebSite\",\"@id\":\"https:\\\/\\\/wp.kristdemokraterna.se\\\/ydre\\\/#website\",\"url\":\"https:\\\/\\\/wp.kristdemokraterna.se\\\/ydre\\\/\",\"name\":\"Kristdemokraterna i Ydre\",\"description\":\"En till Kristdemokraterna webbplats\",\"inLanguage\":\"sv-SE\"}]}<\/script>\n<!-- \/ Yoast SEO plugin. -->","yoast_head_json":{"title":"2017-09-29 Eld och vatten - Kristdemokraterna i Ydre","robots":{"index":"index","follow":"follow","max-snippet":"max-snippet:-1","max-image-preview":"max-image-preview:large","max-video-preview":"max-video-preview:-1"},"canonical":"https:\/\/wp.kristdemokraterna.se\/ydre\/2017-09-29-eld-och-vatten\/","og_locale":"sv_SE","og_type":"article","og_title":"2017-09-29 Eld och vatten - Kristdemokraterna i Ydre","og_description":"Det brinner! Hela klassen st\u00f6rtade ut genom d\u00f6rren. I bara strumpl\u00e4sten rusade barnen f\u00f6rbi kommunens skolgrupp (som var p\u00e5 bes\u00f6k) till skolg\u00e5rden d\u00e4r l\u00e4rarna samlade ihop dem. Alla s\u00e5g lyckliga och glada ut. F\u00f6r det var bara en \u00f6vning och d\u00e4rf\u00f6r var det sp\u00e4nnande. \u00c4ven om Ydre l\u00e4r vara den brands\u00e4kraste kommunen i Sverige m\u00e5ste L\u00e4s mer","og_url":"https:\/\/wp.kristdemokraterna.se\/ydre\/2017-09-29-eld-och-vatten\/","og_site_name":"Kristdemokraterna i Ydre","article_modified_time":"2018-07-07T17:48:31+00:00","og_image":[{"url":"http:\/\/ydrebo.se\/kd\/veckobrev2017\/brantefall.JPG","type":"","width":"","height":""}],"twitter_card":"summary_large_image","twitter_misc":{"Ber\u00e4knad l\u00e4stid":"2 minuter"},"schema":{"@context":"https:\/\/schema.org","@graph":[{"@type":"WebPage","@id":"https:\/\/wp.kristdemokraterna.se\/ydre\/2017-09-29-eld-och-vatten\/","url":"https:\/\/wp.kristdemokraterna.se\/ydre\/2017-09-29-eld-och-vatten\/","name":"2017-09-29 Eld och vatten - Kristdemokraterna i Ydre","isPartOf":{"@id":"https:\/\/wp.kristdemokraterna.se\/ydre\/#website"},"primaryImageOfPage":{"@id":"https:\/\/wp.kristdemokraterna.se\/ydre\/2017-09-29-eld-och-vatten\/#primaryimage"},"image":{"@id":"https:\/\/wp.kristdemokraterna.se\/ydre\/2017-09-29-eld-och-vatten\/#primaryimage"},"thumbnailUrl":"http:\/\/ydrebo.se\/kd\/veckobrev2017\/brantefall.JPG","datePublished":"2018-07-07T17:48:03+00:00","dateModified":"2018-07-07T17:48:31+00:00","breadcrumb":{"@id":"https:\/\/wp.kristdemokraterna.se\/ydre\/2017-09-29-eld-och-vatten\/#breadcrumb"},"inLanguage":"sv-SE","potentialAction":[{"@type":"ReadAction","target":["https:\/\/wp.kristdemokraterna.se\/ydre\/2017-09-29-eld-och-vatten\/"]}]},{"@type":"ImageObject","inLanguage":"sv-SE","@id":"https:\/\/wp.kristdemokraterna.se\/ydre\/2017-09-29-eld-och-vatten\/#primaryimage","url":"http:\/\/ydrebo.se\/kd\/veckobrev2017\/brantefall.JPG","contentUrl":"http:\/\/ydrebo.se\/kd\/veckobrev2017\/brantefall.JPG"},{"@type":"BreadcrumbList","@id":"https:\/\/wp.kristdemokraterna.se\/ydre\/2017-09-29-eld-och-vatten\/#breadcrumb","itemListElement":[{"@type":"ListItem","position":1,"name":"Hem","item":"https:\/\/wp.kristdemokraterna.se\/ydre\/"},{"@type":"ListItem","position":2,"name":"2017-09-29 Eld och vatten"}]},{"@type":"WebSite","@id":"https:\/\/wp.kristdemokraterna.se\/ydre\/#website","url":"https:\/\/wp.kristdemokraterna.se\/ydre\/","name":"Kristdemokraterna i Ydre","description":"En till Kristdemokraterna webbplats","inLanguage":"sv-SE"}]}},"_links":{"self":[{"href":"https:\/\/wp.kristdemokraterna.se\/ydre\/wp-json\/wp\/v2\/pages\/846","targetHints":{"allow":["GET"]}}],"collection":[{"href":"https:\/\/wp.kristdemokraterna.se\/ydre\/wp-json\/wp\/v2\/pages"}],"about":[{"href":"https:\/\/wp.kristdemokraterna.se\/ydre\/wp-json\/wp\/v2\/types\/page"}],"author":[{"embeddable":true,"href":"https:\/\/wp.kristdemokraterna.se\/ydre\/wp-json\/wp\/v2\/users\/793"}],"replies":[{"embeddable":true,"href":"https:\/\/wp.kristdemokraterna.se\/ydre\/wp-json\/wp\/v2\/comments?post=846"}],"version-history":[{"count":2,"href":"https:\/\/wp.kristdemokraterna.se\/ydre\/wp-json\/wp\/v2\/pages\/846\/revisions"}],"predecessor-version":[{"id":848,"href":"https:\/\/wp.kristdemokraterna.se\/ydre\/wp-json\/wp\/v2\/pages\/846\/revisions\/848"}],"wp:attachment":[{"href":"https:\/\/wp.kristdemokraterna.se\/ydre\/wp-json\/wp\/v2\/media?parent=846"}],"curies":[{"name":"wp","href":"https:\/\/api.w.org\/{rel}","templated":true}]}}