{"id":850,"date":"2018-07-07T19:49:43","date_gmt":"2018-07-07T17:49:43","guid":{"rendered":"http:\/\/wp.kristdemokraterna.se\/ydre\/?page_id=850"},"modified":"2018-07-07T19:49:56","modified_gmt":"2018-07-07T17:49:56","slug":"2017-10-04-ske-folkets-vilja","status":"publish","type":"page","link":"https:\/\/wp.kristdemokraterna.se\/ydre\/2017-10-04-ske-folkets-vilja\/","title":{"rendered":"2017-10-04 Ske folkets vilja!!"},"content":{"rendered":"<p>S\u00e4g den regim som inte h\u00e4vdar att den fullg\u00f6r\u00a0<a href=\"http:\/\/cdn.abclocal.go.com\/content\/wls\/images\/cms\/2475370_1280x720.jpg\" target=\"_blank\" rel=\"noopener\"><b>folkets vilja!<\/b><\/a>\u00a0\u00c4ven den h\u00e5rdaste av regeringar s\u00e4ger sig f\u00f6rverkliga\u00a0<a href=\"https:\/\/4.bp.blogspot.com\/-V2vslKoksuU\/WdHRhd1Q0KI\/AAAAAAABPLg\/SfaHtWn467Itf0WHIgXTEVWk4QIiiMtqQCLcBGAs\/s640\/catalonia%2Bviolence%2B3.jpg\" target=\"_blank\" rel=\"noopener\"><b>folkets innersta \u00f6nskningar.<\/b><\/a><br \/>\nFast i Sverige \u00e4r vi ju mycket b\u00e4ttre p\u00e5 detta, eller hur? F\u00f6r vi har ju alltid respekterat n\u00e4nniskor och deras vilja. Det f\u00e5r vi ju l\u00e4ra oss i skolan.<br \/>\nMen hur var det n\u00e4r Norge &#8221;olagligt&#8221; f\u00f6rklarade sig sj\u00e4lvst\u00e4ndigt? Riksdagen anslog pengar f\u00f6r en milit\u00e4r kampanj mot dem som &#8221;\u00f6vertr\u00e4dde lagarna&#8221;. Lyckligtvis blev det den g\u00e5ngen f\u00f6rhandlingar i st\u00e4llet.<br \/>\nDet som h\u00e4nder i Katalonien \u00e4r ett dilemma f\u00f6r hela EU. Det \u00e4r faktiskt bokstavligen ett problem f\u00f6r Bryssel. F\u00f6r Bryssel \u00e4r inte bara Europas huvudstad utan ocks\u00e5 huvudstad i Belgien som \u00e4r djupt splittrat.<\/p>\n<p><img loading=\"lazy\" decoding=\"async\" src=\"http:\/\/ydrebo.se\/kd\/veckobrev2017\/lonn.JPG\" width=\"600\" height=\"464\" \/><br \/>\n<i>L\u00e5t oss vara r\u00e4dda om v\u00e5r frihet och v\u00e5r fred!<\/p>\n<p><\/i><i>Bengt Malm, ordf.<br \/>\n4 oktober<\/i><\/p>\n","protected":false},"excerpt":{"rendered":"<p>S\u00e4g den regim som inte h\u00e4vdar att den fullg\u00f6r\u00a0folkets vilja!\u00a0\u00c4ven den h\u00e5rdaste av regeringar s\u00e4ger sig f\u00f6rverkliga\u00a0folkets innersta \u00f6nskningar. Fast i Sverige \u00e4r vi ju mycket b\u00e4ttre p\u00e5 detta, eller hur? F\u00f6r vi har ju alltid respekterat n\u00e4nniskor och deras vilja. Det f\u00e5r vi ju l\u00e4ra oss i skolan. Men hur var det n\u00e4r Norge <a class=\"read-more-link\" href=\"https:\/\/wp.kristdemokraterna.se\/ydre\/2017-10-04-ske-folkets-vilja\/\">L\u00e4s mer<\/a><\/p>\n","protected":false},"author":793,"featured_media":0,"parent":0,"menu_order":0,"comment_status":"closed","ping_status":"closed","template":"","meta":{"_acf_changed":false,"footnotes":""},"class_list":["post-850","page","type-page","status-publish","hentry"],"acf":[],"yoast_head":"<!-- This site is optimized with the Yoast SEO plugin v27.5 - https:\/\/yoast.com\/product\/yoast-seo-wordpress\/ -->\n<title>2017-10-04 Ske folkets vilja!! - Kristdemokraterna i Ydre<\/title>\n<meta name=\"robots\" content=\"index, follow, max-snippet:-1, max-image-preview:large, max-video-preview:-1\" \/>\n<link rel=\"canonical\" href=\"https:\/\/wp.kristdemokraterna.se\/ydre\/2017-10-04-ske-folkets-vilja\/\" \/>\n<meta property=\"og:locale\" content=\"sv_SE\" \/>\n<meta property=\"og:type\" content=\"article\" \/>\n<meta property=\"og:title\" content=\"2017-10-04 Ske folkets vilja!! - Kristdemokraterna i Ydre\" \/>\n<meta property=\"og:description\" content=\"S\u00e4g den regim som inte h\u00e4vdar att den fullg\u00f6r\u00a0folkets vilja!\u00a0\u00c4ven den h\u00e5rdaste av regeringar s\u00e4ger sig f\u00f6rverkliga\u00a0folkets innersta \u00f6nskningar. Fast i Sverige \u00e4r vi ju mycket b\u00e4ttre p\u00e5 detta, eller hur? F\u00f6r vi har ju alltid respekterat n\u00e4nniskor och deras vilja. Det f\u00e5r vi ju l\u00e4ra oss i skolan. Men hur var det n\u00e4r Norge L\u00e4s mer\" \/>\n<meta property=\"og:url\" content=\"https:\/\/wp.kristdemokraterna.se\/ydre\/2017-10-04-ske-folkets-vilja\/\" \/>\n<meta property=\"og:site_name\" content=\"Kristdemokraterna i Ydre\" \/>\n<meta property=\"article:modified_time\" content=\"2018-07-07T17:49:56+00:00\" \/>\n<meta property=\"og:image\" content=\"http:\/\/ydrebo.se\/kd\/veckobrev2017\/lonn.JPG\" \/>\n<meta name=\"twitter:card\" content=\"summary_large_image\" \/>\n<meta name=\"twitter:label1\" content=\"Ber\u00e4knad l\u00e4stid\" \/>\n\t<meta name=\"twitter:data1\" content=\"1 minut\" \/>\n<script type=\"application\/ld+json\" class=\"yoast-schema-graph\">{\"@context\":\"https:\\\/\\\/schema.org\",\"@graph\":[{\"@type\":\"WebPage\",\"@id\":\"https:\\\/\\\/wp.kristdemokraterna.se\\\/ydre\\\/2017-10-04-ske-folkets-vilja\\\/\",\"url\":\"https:\\\/\\\/wp.kristdemokraterna.se\\\/ydre\\\/2017-10-04-ske-folkets-vilja\\\/\",\"name\":\"2017-10-04 Ske folkets vilja!! - Kristdemokraterna i Ydre\",\"isPartOf\":{\"@id\":\"https:\\\/\\\/wp.kristdemokraterna.se\\\/ydre\\\/#website\"},\"primaryImageOfPage\":{\"@id\":\"https:\\\/\\\/wp.kristdemokraterna.se\\\/ydre\\\/2017-10-04-ske-folkets-vilja\\\/#primaryimage\"},\"image\":{\"@id\":\"https:\\\/\\\/wp.kristdemokraterna.se\\\/ydre\\\/2017-10-04-ske-folkets-vilja\\\/#primaryimage\"},\"thumbnailUrl\":\"http:\\\/\\\/ydrebo.se\\\/kd\\\/veckobrev2017\\\/lonn.JPG\",\"datePublished\":\"2018-07-07T17:49:43+00:00\",\"dateModified\":\"2018-07-07T17:49:56+00:00\",\"breadcrumb\":{\"@id\":\"https:\\\/\\\/wp.kristdemokraterna.se\\\/ydre\\\/2017-10-04-ske-folkets-vilja\\\/#breadcrumb\"},\"inLanguage\":\"sv-SE\",\"potentialAction\":[{\"@type\":\"ReadAction\",\"target\":[\"https:\\\/\\\/wp.kristdemokraterna.se\\\/ydre\\\/2017-10-04-ske-folkets-vilja\\\/\"]}]},{\"@type\":\"ImageObject\",\"inLanguage\":\"sv-SE\",\"@id\":\"https:\\\/\\\/wp.kristdemokraterna.se\\\/ydre\\\/2017-10-04-ske-folkets-vilja\\\/#primaryimage\",\"url\":\"http:\\\/\\\/ydrebo.se\\\/kd\\\/veckobrev2017\\\/lonn.JPG\",\"contentUrl\":\"http:\\\/\\\/ydrebo.se\\\/kd\\\/veckobrev2017\\\/lonn.JPG\"},{\"@type\":\"BreadcrumbList\",\"@id\":\"https:\\\/\\\/wp.kristdemokraterna.se\\\/ydre\\\/2017-10-04-ske-folkets-vilja\\\/#breadcrumb\",\"itemListElement\":[{\"@type\":\"ListItem\",\"position\":1,\"name\":\"Hem\",\"item\":\"https:\\\/\\\/wp.kristdemokraterna.se\\\/ydre\\\/\"},{\"@type\":\"ListItem\",\"position\":2,\"name\":\"2017-10-04 Ske folkets vilja!!\"}]},{\"@type\":\"WebSite\",\"@id\":\"https:\\\/\\\/wp.kristdemokraterna.se\\\/ydre\\\/#website\",\"url\":\"https:\\\/\\\/wp.kristdemokraterna.se\\\/ydre\\\/\",\"name\":\"Kristdemokraterna i Ydre\",\"description\":\"En till Kristdemokraterna webbplats\",\"inLanguage\":\"sv-SE\"}]}<\/script>\n<!-- \/ Yoast SEO plugin. -->","yoast_head_json":{"title":"2017-10-04 Ske folkets vilja!! - Kristdemokraterna i Ydre","robots":{"index":"index","follow":"follow","max-snippet":"max-snippet:-1","max-image-preview":"max-image-preview:large","max-video-preview":"max-video-preview:-1"},"canonical":"https:\/\/wp.kristdemokraterna.se\/ydre\/2017-10-04-ske-folkets-vilja\/","og_locale":"sv_SE","og_type":"article","og_title":"2017-10-04 Ske folkets vilja!! - Kristdemokraterna i Ydre","og_description":"S\u00e4g den regim som inte h\u00e4vdar att den fullg\u00f6r\u00a0folkets vilja!\u00a0\u00c4ven den h\u00e5rdaste av regeringar s\u00e4ger sig f\u00f6rverkliga\u00a0folkets innersta \u00f6nskningar. Fast i Sverige \u00e4r vi ju mycket b\u00e4ttre p\u00e5 detta, eller hur? F\u00f6r vi har ju alltid respekterat n\u00e4nniskor och deras vilja. Det f\u00e5r vi ju l\u00e4ra oss i skolan. Men hur var det n\u00e4r Norge L\u00e4s mer","og_url":"https:\/\/wp.kristdemokraterna.se\/ydre\/2017-10-04-ske-folkets-vilja\/","og_site_name":"Kristdemokraterna i Ydre","article_modified_time":"2018-07-07T17:49:56+00:00","og_image":[{"url":"http:\/\/ydrebo.se\/kd\/veckobrev2017\/lonn.JPG","type":"","width":"","height":""}],"twitter_card":"summary_large_image","twitter_misc":{"Ber\u00e4knad l\u00e4stid":"1 minut"},"schema":{"@context":"https:\/\/schema.org","@graph":[{"@type":"WebPage","@id":"https:\/\/wp.kristdemokraterna.se\/ydre\/2017-10-04-ske-folkets-vilja\/","url":"https:\/\/wp.kristdemokraterna.se\/ydre\/2017-10-04-ske-folkets-vilja\/","name":"2017-10-04 Ske folkets vilja!! - Kristdemokraterna i Ydre","isPartOf":{"@id":"https:\/\/wp.kristdemokraterna.se\/ydre\/#website"},"primaryImageOfPage":{"@id":"https:\/\/wp.kristdemokraterna.se\/ydre\/2017-10-04-ske-folkets-vilja\/#primaryimage"},"image":{"@id":"https:\/\/wp.kristdemokraterna.se\/ydre\/2017-10-04-ske-folkets-vilja\/#primaryimage"},"thumbnailUrl":"http:\/\/ydrebo.se\/kd\/veckobrev2017\/lonn.JPG","datePublished":"2018-07-07T17:49:43+00:00","dateModified":"2018-07-07T17:49:56+00:00","breadcrumb":{"@id":"https:\/\/wp.kristdemokraterna.se\/ydre\/2017-10-04-ske-folkets-vilja\/#breadcrumb"},"inLanguage":"sv-SE","potentialAction":[{"@type":"ReadAction","target":["https:\/\/wp.kristdemokraterna.se\/ydre\/2017-10-04-ske-folkets-vilja\/"]}]},{"@type":"ImageObject","inLanguage":"sv-SE","@id":"https:\/\/wp.kristdemokraterna.se\/ydre\/2017-10-04-ske-folkets-vilja\/#primaryimage","url":"http:\/\/ydrebo.se\/kd\/veckobrev2017\/lonn.JPG","contentUrl":"http:\/\/ydrebo.se\/kd\/veckobrev2017\/lonn.JPG"},{"@type":"BreadcrumbList","@id":"https:\/\/wp.kristdemokraterna.se\/ydre\/2017-10-04-ske-folkets-vilja\/#breadcrumb","itemListElement":[{"@type":"ListItem","position":1,"name":"Hem","item":"https:\/\/wp.kristdemokraterna.se\/ydre\/"},{"@type":"ListItem","position":2,"name":"2017-10-04 Ske folkets vilja!!"}]},{"@type":"WebSite","@id":"https:\/\/wp.kristdemokraterna.se\/ydre\/#website","url":"https:\/\/wp.kristdemokraterna.se\/ydre\/","name":"Kristdemokraterna i Ydre","description":"En till Kristdemokraterna webbplats","inLanguage":"sv-SE"}]}},"_links":{"self":[{"href":"https:\/\/wp.kristdemokraterna.se\/ydre\/wp-json\/wp\/v2\/pages\/850","targetHints":{"allow":["GET"]}}],"collection":[{"href":"https:\/\/wp.kristdemokraterna.se\/ydre\/wp-json\/wp\/v2\/pages"}],"about":[{"href":"https:\/\/wp.kristdemokraterna.se\/ydre\/wp-json\/wp\/v2\/types\/page"}],"author":[{"embeddable":true,"href":"https:\/\/wp.kristdemokraterna.se\/ydre\/wp-json\/wp\/v2\/users\/793"}],"replies":[{"embeddable":true,"href":"https:\/\/wp.kristdemokraterna.se\/ydre\/wp-json\/wp\/v2\/comments?post=850"}],"version-history":[{"count":2,"href":"https:\/\/wp.kristdemokraterna.se\/ydre\/wp-json\/wp\/v2\/pages\/850\/revisions"}],"predecessor-version":[{"id":852,"href":"https:\/\/wp.kristdemokraterna.se\/ydre\/wp-json\/wp\/v2\/pages\/850\/revisions\/852"}],"wp:attachment":[{"href":"https:\/\/wp.kristdemokraterna.se\/ydre\/wp-json\/wp\/v2\/media?parent=850"}],"curies":[{"name":"wp","href":"https:\/\/api.w.org\/{rel}","templated":true}]}}