{"id":859,"date":"2018-07-07T19:55:38","date_gmt":"2018-07-07T17:55:38","guid":{"rendered":"http:\/\/wp.kristdemokraterna.se\/ydre\/?page_id=859"},"modified":"2018-07-07T19:57:07","modified_gmt":"2018-07-07T17:57:07","slug":"2017-10-19-metoo","status":"publish","type":"page","link":"https:\/\/wp.kristdemokraterna.se\/ydre\/2017-10-19-metoo\/","title":{"rendered":"2017-10-19 #metoo"},"content":{"rendered":"<p>Det finns v\u00e4l knappast n\u00e5gon tidning som inte har skrivit om n\u00e4tkampanjen #metoo (jag ocks\u00e5). Kvinnor och flickor har uppmanats att skriva orden #metoo p\u00e5 Facebook om de r\u00e5kat ut f\u00f6r sexuella trakasserier. Gensvaret har varit enormt t.o.m. \u00e4nda upp i regeringen. Dessutom kan man r\u00e4kna med att man inte p\u00e5 l\u00e5ngt n\u00e4r f\u00e5tt med alla som det g\u00e4ller.<br \/>\nProblemet har naturligtvis varit k\u00e4nt. Men nu syns det mer. Och det inneb\u00e4r ocks\u00e5 ett krav p\u00e5 \u00e5tg\u00e4rder. Det talas redan om lag\u00e4ndringar.<br \/>\nF\u00f6r kommunerna g\u00e4ller det framf\u00f6r allt att vidta f\u00f6rebyggande \u00e5tg\u00e4rder bl.a. i skolan. Det skall vara tryggt f\u00f6r alla att leva i v\u00e5rt land.<\/p>\n<p><img loading=\"lazy\" decoding=\"async\" src=\"http:\/\/ydrebo.se\/kd\/veckobrev2017\/lekplats.JPG\" width=\"600\" height=\"461\" \/><br \/>\n<i>Respekten f\u00f6r andra m\u00e5ste grundl\u00e4ggas tidigt (bilden \u00e4r fr\u00e5n en annan kommun).<\/i><\/p>\n<p>Till sist: H\u00e4r \u00e4r ett exempel p\u00e5\u00a0<a href=\"https:\/\/l.facebook.com\/l.php?u=https%3A%2F%2Fwww.youtube.com%2Fattribution_link%3Fa%3DBoXKdnNVeKM%26u%3D%252Fwatch%253Fv%253DYNLv2exFwqc%2526feature%253Dshare&amp;h=ATO5AIFwYPmqZOninvo9KtDO6a5l5sweZSwxJmZiJb9WSebwcAkVwoQY7mxnYe9UBrz5dtgEwK2AF3hpN-d0oqFPy0AUdymC_ovxninIU9_ypG8FFY4fqBD3MWnmWQ6-K0NZQZIMrqfxnE6CpxpO5fBXDgcPvlTl40AQo-SoejGNb1rqVWhvsNkFN97ySs2VBhhG3sWGSNr0rxcpNtoXkzqJ61gwlhTdIJO0x64A3pm2PZ4YpOeWVeur_2fpYrMuLRIOW1DH2btBHxPo8wjLODUijxmSVqOQ3SKiJHKD\" target=\"_blank\" rel=\"noopener\"><b>ett bra s\u00e4tt att umg\u00e5s.<\/b><\/a><\/p>\n<p><i>Bengt Malm, ordf.<br \/>\n19 oktober<\/i><\/p>\n<p>P.S. Snart (den 24 oktober) \u00e4r det FN-dagen. V\u00e4lkomna d\u00e5 till\u00a0en kv\u00e4ll om flyktingar.<\/p>\n","protected":false},"excerpt":{"rendered":"<p>Det finns v\u00e4l knappast n\u00e5gon tidning som inte har skrivit om n\u00e4tkampanjen #metoo (jag ocks\u00e5). Kvinnor och flickor har uppmanats att skriva orden #metoo p\u00e5 Facebook om de r\u00e5kat ut f\u00f6r sexuella trakasserier. Gensvaret har varit enormt t.o.m. \u00e4nda upp i regeringen. Dessutom kan man r\u00e4kna med att man inte p\u00e5 l\u00e5ngt n\u00e4r f\u00e5tt med <a class=\"read-more-link\" href=\"https:\/\/wp.kristdemokraterna.se\/ydre\/2017-10-19-metoo\/\">L\u00e4s mer<\/a><\/p>\n","protected":false},"author":793,"featured_media":0,"parent":0,"menu_order":0,"comment_status":"closed","ping_status":"closed","template":"","meta":{"_acf_changed":false,"footnotes":""},"class_list":["post-859","page","type-page","status-publish","hentry"],"acf":[],"yoast_head":"<!-- This site is optimized with the Yoast SEO plugin v27.5 - https:\/\/yoast.com\/product\/yoast-seo-wordpress\/ -->\n<title>2017-10-19 #metoo - Kristdemokraterna i Ydre<\/title>\n<meta name=\"robots\" content=\"index, follow, max-snippet:-1, max-image-preview:large, max-video-preview:-1\" \/>\n<link rel=\"canonical\" href=\"https:\/\/wp.kristdemokraterna.se\/ydre\/2017-10-19-metoo\/\" \/>\n<meta property=\"og:locale\" content=\"sv_SE\" \/>\n<meta property=\"og:type\" content=\"article\" \/>\n<meta property=\"og:title\" content=\"2017-10-19 #metoo - Kristdemokraterna i Ydre\" \/>\n<meta property=\"og:description\" content=\"Det finns v\u00e4l knappast n\u00e5gon tidning som inte har skrivit om n\u00e4tkampanjen #metoo (jag ocks\u00e5). Kvinnor och flickor har uppmanats att skriva orden #metoo p\u00e5 Facebook om de r\u00e5kat ut f\u00f6r sexuella trakasserier. Gensvaret har varit enormt t.o.m. \u00e4nda upp i regeringen. Dessutom kan man r\u00e4kna med att man inte p\u00e5 l\u00e5ngt n\u00e4r f\u00e5tt med L\u00e4s mer\" \/>\n<meta property=\"og:url\" content=\"https:\/\/wp.kristdemokraterna.se\/ydre\/2017-10-19-metoo\/\" \/>\n<meta property=\"og:site_name\" content=\"Kristdemokraterna i Ydre\" \/>\n<meta property=\"article:modified_time\" content=\"2018-07-07T17:57:07+00:00\" \/>\n<meta property=\"og:image\" content=\"http:\/\/ydrebo.se\/kd\/veckobrev2017\/lekplats.JPG\" \/>\n<meta name=\"twitter:card\" content=\"summary_large_image\" \/>\n<meta name=\"twitter:label1\" content=\"Ber\u00e4knad l\u00e4stid\" \/>\n\t<meta name=\"twitter:data1\" content=\"1 minut\" \/>\n<script type=\"application\/ld+json\" class=\"yoast-schema-graph\">{\"@context\":\"https:\\\/\\\/schema.org\",\"@graph\":[{\"@type\":\"WebPage\",\"@id\":\"https:\\\/\\\/wp.kristdemokraterna.se\\\/ydre\\\/2017-10-19-metoo\\\/\",\"url\":\"https:\\\/\\\/wp.kristdemokraterna.se\\\/ydre\\\/2017-10-19-metoo\\\/\",\"name\":\"2017-10-19 #metoo - Kristdemokraterna i Ydre\",\"isPartOf\":{\"@id\":\"https:\\\/\\\/wp.kristdemokraterna.se\\\/ydre\\\/#website\"},\"primaryImageOfPage\":{\"@id\":\"https:\\\/\\\/wp.kristdemokraterna.se\\\/ydre\\\/2017-10-19-metoo\\\/#primaryimage\"},\"image\":{\"@id\":\"https:\\\/\\\/wp.kristdemokraterna.se\\\/ydre\\\/2017-10-19-metoo\\\/#primaryimage\"},\"thumbnailUrl\":\"http:\\\/\\\/ydrebo.se\\\/kd\\\/veckobrev2017\\\/lekplats.JPG\",\"datePublished\":\"2018-07-07T17:55:38+00:00\",\"dateModified\":\"2018-07-07T17:57:07+00:00\",\"breadcrumb\":{\"@id\":\"https:\\\/\\\/wp.kristdemokraterna.se\\\/ydre\\\/2017-10-19-metoo\\\/#breadcrumb\"},\"inLanguage\":\"sv-SE\",\"potentialAction\":[{\"@type\":\"ReadAction\",\"target\":[\"https:\\\/\\\/wp.kristdemokraterna.se\\\/ydre\\\/2017-10-19-metoo\\\/\"]}]},{\"@type\":\"ImageObject\",\"inLanguage\":\"sv-SE\",\"@id\":\"https:\\\/\\\/wp.kristdemokraterna.se\\\/ydre\\\/2017-10-19-metoo\\\/#primaryimage\",\"url\":\"http:\\\/\\\/ydrebo.se\\\/kd\\\/veckobrev2017\\\/lekplats.JPG\",\"contentUrl\":\"http:\\\/\\\/ydrebo.se\\\/kd\\\/veckobrev2017\\\/lekplats.JPG\"},{\"@type\":\"BreadcrumbList\",\"@id\":\"https:\\\/\\\/wp.kristdemokraterna.se\\\/ydre\\\/2017-10-19-metoo\\\/#breadcrumb\",\"itemListElement\":[{\"@type\":\"ListItem\",\"position\":1,\"name\":\"Hem\",\"item\":\"https:\\\/\\\/wp.kristdemokraterna.se\\\/ydre\\\/\"},{\"@type\":\"ListItem\",\"position\":2,\"name\":\"2017-10-19 #metoo\"}]},{\"@type\":\"WebSite\",\"@id\":\"https:\\\/\\\/wp.kristdemokraterna.se\\\/ydre\\\/#website\",\"url\":\"https:\\\/\\\/wp.kristdemokraterna.se\\\/ydre\\\/\",\"name\":\"Kristdemokraterna i Ydre\",\"description\":\"En till Kristdemokraterna webbplats\",\"inLanguage\":\"sv-SE\"}]}<\/script>\n<!-- \/ Yoast SEO plugin. -->","yoast_head_json":{"title":"2017-10-19 #metoo - Kristdemokraterna i Ydre","robots":{"index":"index","follow":"follow","max-snippet":"max-snippet:-1","max-image-preview":"max-image-preview:large","max-video-preview":"max-video-preview:-1"},"canonical":"https:\/\/wp.kristdemokraterna.se\/ydre\/2017-10-19-metoo\/","og_locale":"sv_SE","og_type":"article","og_title":"2017-10-19 #metoo - Kristdemokraterna i Ydre","og_description":"Det finns v\u00e4l knappast n\u00e5gon tidning som inte har skrivit om n\u00e4tkampanjen #metoo (jag ocks\u00e5). Kvinnor och flickor har uppmanats att skriva orden #metoo p\u00e5 Facebook om de r\u00e5kat ut f\u00f6r sexuella trakasserier. Gensvaret har varit enormt t.o.m. \u00e4nda upp i regeringen. Dessutom kan man r\u00e4kna med att man inte p\u00e5 l\u00e5ngt n\u00e4r f\u00e5tt med L\u00e4s mer","og_url":"https:\/\/wp.kristdemokraterna.se\/ydre\/2017-10-19-metoo\/","og_site_name":"Kristdemokraterna i Ydre","article_modified_time":"2018-07-07T17:57:07+00:00","og_image":[{"url":"http:\/\/ydrebo.se\/kd\/veckobrev2017\/lekplats.JPG","type":"","width":"","height":""}],"twitter_card":"summary_large_image","twitter_misc":{"Ber\u00e4knad l\u00e4stid":"1 minut"},"schema":{"@context":"https:\/\/schema.org","@graph":[{"@type":"WebPage","@id":"https:\/\/wp.kristdemokraterna.se\/ydre\/2017-10-19-metoo\/","url":"https:\/\/wp.kristdemokraterna.se\/ydre\/2017-10-19-metoo\/","name":"2017-10-19 #metoo - Kristdemokraterna i Ydre","isPartOf":{"@id":"https:\/\/wp.kristdemokraterna.se\/ydre\/#website"},"primaryImageOfPage":{"@id":"https:\/\/wp.kristdemokraterna.se\/ydre\/2017-10-19-metoo\/#primaryimage"},"image":{"@id":"https:\/\/wp.kristdemokraterna.se\/ydre\/2017-10-19-metoo\/#primaryimage"},"thumbnailUrl":"http:\/\/ydrebo.se\/kd\/veckobrev2017\/lekplats.JPG","datePublished":"2018-07-07T17:55:38+00:00","dateModified":"2018-07-07T17:57:07+00:00","breadcrumb":{"@id":"https:\/\/wp.kristdemokraterna.se\/ydre\/2017-10-19-metoo\/#breadcrumb"},"inLanguage":"sv-SE","potentialAction":[{"@type":"ReadAction","target":["https:\/\/wp.kristdemokraterna.se\/ydre\/2017-10-19-metoo\/"]}]},{"@type":"ImageObject","inLanguage":"sv-SE","@id":"https:\/\/wp.kristdemokraterna.se\/ydre\/2017-10-19-metoo\/#primaryimage","url":"http:\/\/ydrebo.se\/kd\/veckobrev2017\/lekplats.JPG","contentUrl":"http:\/\/ydrebo.se\/kd\/veckobrev2017\/lekplats.JPG"},{"@type":"BreadcrumbList","@id":"https:\/\/wp.kristdemokraterna.se\/ydre\/2017-10-19-metoo\/#breadcrumb","itemListElement":[{"@type":"ListItem","position":1,"name":"Hem","item":"https:\/\/wp.kristdemokraterna.se\/ydre\/"},{"@type":"ListItem","position":2,"name":"2017-10-19 #metoo"}]},{"@type":"WebSite","@id":"https:\/\/wp.kristdemokraterna.se\/ydre\/#website","url":"https:\/\/wp.kristdemokraterna.se\/ydre\/","name":"Kristdemokraterna i Ydre","description":"En till Kristdemokraterna webbplats","inLanguage":"sv-SE"}]}},"_links":{"self":[{"href":"https:\/\/wp.kristdemokraterna.se\/ydre\/wp-json\/wp\/v2\/pages\/859","targetHints":{"allow":["GET"]}}],"collection":[{"href":"https:\/\/wp.kristdemokraterna.se\/ydre\/wp-json\/wp\/v2\/pages"}],"about":[{"href":"https:\/\/wp.kristdemokraterna.se\/ydre\/wp-json\/wp\/v2\/types\/page"}],"author":[{"embeddable":true,"href":"https:\/\/wp.kristdemokraterna.se\/ydre\/wp-json\/wp\/v2\/users\/793"}],"replies":[{"embeddable":true,"href":"https:\/\/wp.kristdemokraterna.se\/ydre\/wp-json\/wp\/v2\/comments?post=859"}],"version-history":[{"count":3,"href":"https:\/\/wp.kristdemokraterna.se\/ydre\/wp-json\/wp\/v2\/pages\/859\/revisions"}],"predecessor-version":[{"id":862,"href":"https:\/\/wp.kristdemokraterna.se\/ydre\/wp-json\/wp\/v2\/pages\/859\/revisions\/862"}],"wp:attachment":[{"href":"https:\/\/wp.kristdemokraterna.se\/ydre\/wp-json\/wp\/v2\/media?parent=859"}],"curies":[{"name":"wp","href":"https:\/\/api.w.org\/{rel}","templated":true}]}}