{"id":864,"date":"2018-07-07T20:02:06","date_gmt":"2018-07-07T18:02:06","guid":{"rendered":"http:\/\/wp.kristdemokraterna.se\/ydre\/?page_id=864"},"modified":"2018-07-07T20:03:16","modified_gmt":"2018-07-07T18:03:16","slug":"2017-10-25","status":"publish","type":"page","link":"https:\/\/wp.kristdemokraterna.se\/ydre\/2017-10-25\/","title":{"rendered":"2017-10-25 Skyddsn\u00e4t"},"content":{"rendered":"<p>Vid ett bes\u00f6k p\u00e5 H\u00f6glandet s\u00e5g jag en r\u00e4v som gick in i en villatr\u00e4dg\u00e5rd. Lyckligtvis s\u00e5g den inte h\u00f6nsen som gick fritt p\u00e5 andra sidan huset. De fick vara i fred den g\u00e5ngen. Men en annan g\u00e5ng f\u00f6rsvann tuppen.<br \/>\nDe flesta som har h\u00f6ns har nog ett n\u00e4t runt dem. Det \u00e4r t.ex. absolut n\u00f6dv\u00e4ndigt p\u00e5 Lind\u00e5sen djupt inne i Ydres skogar (se bilden).<\/p>\n<p><img loading=\"lazy\" decoding=\"async\" src=\"http:\/\/ydrebo.se\/kd\/veckobrev2016\/lindasen.JPG\" width=\"600\" height=\"461\" \/><br \/>\n<i>H\u00e4r beh\u00f6vs skyddsn\u00e4t (Lind\u00e5sen).<\/p>\n<p><\/i>Ocks\u00e5 n\u00e4r det g\u00e4ller m\u00e4nniskor talar man om skyddsn\u00e4t. Vi \u00e4r ganska stolta i Sverige \u00f6ver v\u00e5ra sociala skyddsn\u00e4t.<\/p>\n<p><img loading=\"lazy\" decoding=\"async\" src=\"http:\/\/ydrebo.se\/kd\/veckobrev2017\/skola.JPG\" width=\"600\" height=\"450\" \/><br \/>\n<i>Staketet vid Ydreskolan skiljer eleverna fr\u00e5n biltrafiken.<\/p>\n<p><\/i>Men det finns m\u00e5nga h\u00e5l i skyddsn\u00e4ten. Ett som blivit aktuellt just nu skapar problem f\u00f6r ensamkommande barn. Rimligtvis borde de f\u00e5 bo kvar d\u00e4r de hamnat tills deras asylans\u00f6kan behandlats f\u00e4rdigt. Men hittills har det g\u00e4llt att de skall flytta till Migrationsverkets anl\u00e4ggningar f\u00f6r vuxna n\u00e4r de fyller 18 \u00e5r.<br \/>\nDet finns ett medborgarf\u00f6rslag att Ydre skall beh\u00e5lla dessa ungdomar tills deras \u00e4rende avslutats. Kristdemokraterna har beg\u00e4rt att kommmunen skall ompr\u00f6va sitt beslut att skicka bort dem.<br \/>\nEn del ungdomar bor hos privatpersoner. Det g\u00e5r f\u00f6r sig men d\u00e5 mister man en del skydd och f\u00f6rm\u00e5ner som Migrationsverket ger.<br \/>\nF\u00f6r att \u00f6ka f\u00f6rvirringen kommer staten troligen att ge pengar till kommunerna f\u00f6r att de skall beh\u00e5lla ungdomarna det g\u00e4ller. Kommunerna kan inte avst\u00e5 pengarna och de skall anv\u00e4ndas just f\u00f6r dessa personer. Men summorna som betalas ut blir alldeles f\u00f6r sm\u00e5. Somliga kommuner (bland dem Tran\u00e5s) har \u00e4nd\u00e5 hittat en l\u00f6sning.Vi m\u00e5ste hitta en i Ydre ocks\u00e5.<\/p>\n<p><i>Bengt Malm, ordf.<br \/>\n25 oktober<\/i><\/p>\n","protected":false},"excerpt":{"rendered":"<p>Vid ett bes\u00f6k p\u00e5 H\u00f6glandet s\u00e5g jag en r\u00e4v som gick in i en villatr\u00e4dg\u00e5rd. Lyckligtvis s\u00e5g den inte h\u00f6nsen som gick fritt p\u00e5 andra sidan huset. De fick vara i fred den g\u00e5ngen. Men en annan g\u00e5ng f\u00f6rsvann tuppen. De flesta som har h\u00f6ns har nog ett n\u00e4t runt dem. Det \u00e4r t.ex. absolut <a class=\"read-more-link\" href=\"https:\/\/wp.kristdemokraterna.se\/ydre\/2017-10-25\/\">L\u00e4s mer<\/a><\/p>\n","protected":false},"author":793,"featured_media":0,"parent":0,"menu_order":0,"comment_status":"closed","ping_status":"closed","template":"","meta":{"_acf_changed":false,"footnotes":""},"class_list":["post-864","page","type-page","status-publish","hentry"],"acf":[],"yoast_head":"<!-- This site is optimized with the Yoast SEO plugin v27.5 - https:\/\/yoast.com\/product\/yoast-seo-wordpress\/ -->\n<title>2017-10-25 Skyddsn\u00e4t - Kristdemokraterna i Ydre<\/title>\n<meta name=\"robots\" content=\"index, follow, max-snippet:-1, max-image-preview:large, max-video-preview:-1\" \/>\n<link rel=\"canonical\" href=\"https:\/\/wp.kristdemokraterna.se\/ydre\/2017-10-25\/\" \/>\n<meta property=\"og:locale\" content=\"sv_SE\" \/>\n<meta property=\"og:type\" content=\"article\" \/>\n<meta property=\"og:title\" content=\"2017-10-25 Skyddsn\u00e4t - Kristdemokraterna i Ydre\" \/>\n<meta property=\"og:description\" content=\"Vid ett bes\u00f6k p\u00e5 H\u00f6glandet s\u00e5g jag en r\u00e4v som gick in i en villatr\u00e4dg\u00e5rd. Lyckligtvis s\u00e5g den inte h\u00f6nsen som gick fritt p\u00e5 andra sidan huset. De fick vara i fred den g\u00e5ngen. Men en annan g\u00e5ng f\u00f6rsvann tuppen. De flesta som har h\u00f6ns har nog ett n\u00e4t runt dem. Det \u00e4r t.ex. absolut L\u00e4s mer\" \/>\n<meta property=\"og:url\" content=\"https:\/\/wp.kristdemokraterna.se\/ydre\/2017-10-25\/\" \/>\n<meta property=\"og:site_name\" content=\"Kristdemokraterna i Ydre\" \/>\n<meta property=\"article:modified_time\" content=\"2018-07-07T18:03:16+00:00\" \/>\n<meta property=\"og:image\" content=\"http:\/\/ydrebo.se\/kd\/veckobrev2016\/lindasen.JPG\" \/>\n<meta name=\"twitter:card\" content=\"summary_large_image\" \/>\n<meta name=\"twitter:label1\" content=\"Ber\u00e4knad l\u00e4stid\" \/>\n\t<meta name=\"twitter:data1\" content=\"2 minuter\" \/>\n<script type=\"application\/ld+json\" class=\"yoast-schema-graph\">{\"@context\":\"https:\\\/\\\/schema.org\",\"@graph\":[{\"@type\":\"WebPage\",\"@id\":\"https:\\\/\\\/wp.kristdemokraterna.se\\\/ydre\\\/2017-10-25\\\/\",\"url\":\"https:\\\/\\\/wp.kristdemokraterna.se\\\/ydre\\\/2017-10-25\\\/\",\"name\":\"2017-10-25 Skyddsn\u00e4t - Kristdemokraterna i Ydre\",\"isPartOf\":{\"@id\":\"https:\\\/\\\/wp.kristdemokraterna.se\\\/ydre\\\/#website\"},\"primaryImageOfPage\":{\"@id\":\"https:\\\/\\\/wp.kristdemokraterna.se\\\/ydre\\\/2017-10-25\\\/#primaryimage\"},\"image\":{\"@id\":\"https:\\\/\\\/wp.kristdemokraterna.se\\\/ydre\\\/2017-10-25\\\/#primaryimage\"},\"thumbnailUrl\":\"http:\\\/\\\/ydrebo.se\\\/kd\\\/veckobrev2016\\\/lindasen.JPG\",\"datePublished\":\"2018-07-07T18:02:06+00:00\",\"dateModified\":\"2018-07-07T18:03:16+00:00\",\"breadcrumb\":{\"@id\":\"https:\\\/\\\/wp.kristdemokraterna.se\\\/ydre\\\/2017-10-25\\\/#breadcrumb\"},\"inLanguage\":\"sv-SE\",\"potentialAction\":[{\"@type\":\"ReadAction\",\"target\":[\"https:\\\/\\\/wp.kristdemokraterna.se\\\/ydre\\\/2017-10-25\\\/\"]}]},{\"@type\":\"ImageObject\",\"inLanguage\":\"sv-SE\",\"@id\":\"https:\\\/\\\/wp.kristdemokraterna.se\\\/ydre\\\/2017-10-25\\\/#primaryimage\",\"url\":\"http:\\\/\\\/ydrebo.se\\\/kd\\\/veckobrev2016\\\/lindasen.JPG\",\"contentUrl\":\"http:\\\/\\\/ydrebo.se\\\/kd\\\/veckobrev2016\\\/lindasen.JPG\"},{\"@type\":\"BreadcrumbList\",\"@id\":\"https:\\\/\\\/wp.kristdemokraterna.se\\\/ydre\\\/2017-10-25\\\/#breadcrumb\",\"itemListElement\":[{\"@type\":\"ListItem\",\"position\":1,\"name\":\"Hem\",\"item\":\"https:\\\/\\\/wp.kristdemokraterna.se\\\/ydre\\\/\"},{\"@type\":\"ListItem\",\"position\":2,\"name\":\"2017-10-25 Skyddsn\u00e4t\"}]},{\"@type\":\"WebSite\",\"@id\":\"https:\\\/\\\/wp.kristdemokraterna.se\\\/ydre\\\/#website\",\"url\":\"https:\\\/\\\/wp.kristdemokraterna.se\\\/ydre\\\/\",\"name\":\"Kristdemokraterna i Ydre\",\"description\":\"En till Kristdemokraterna webbplats\",\"inLanguage\":\"sv-SE\"}]}<\/script>\n<!-- \/ Yoast SEO plugin. -->","yoast_head_json":{"title":"2017-10-25 Skyddsn\u00e4t - Kristdemokraterna i Ydre","robots":{"index":"index","follow":"follow","max-snippet":"max-snippet:-1","max-image-preview":"max-image-preview:large","max-video-preview":"max-video-preview:-1"},"canonical":"https:\/\/wp.kristdemokraterna.se\/ydre\/2017-10-25\/","og_locale":"sv_SE","og_type":"article","og_title":"2017-10-25 Skyddsn\u00e4t - Kristdemokraterna i Ydre","og_description":"Vid ett bes\u00f6k p\u00e5 H\u00f6glandet s\u00e5g jag en r\u00e4v som gick in i en villatr\u00e4dg\u00e5rd. Lyckligtvis s\u00e5g den inte h\u00f6nsen som gick fritt p\u00e5 andra sidan huset. De fick vara i fred den g\u00e5ngen. Men en annan g\u00e5ng f\u00f6rsvann tuppen. De flesta som har h\u00f6ns har nog ett n\u00e4t runt dem. Det \u00e4r t.ex. absolut L\u00e4s mer","og_url":"https:\/\/wp.kristdemokraterna.se\/ydre\/2017-10-25\/","og_site_name":"Kristdemokraterna i Ydre","article_modified_time":"2018-07-07T18:03:16+00:00","og_image":[{"url":"http:\/\/ydrebo.se\/kd\/veckobrev2016\/lindasen.JPG","type":"","width":"","height":""}],"twitter_card":"summary_large_image","twitter_misc":{"Ber\u00e4knad l\u00e4stid":"2 minuter"},"schema":{"@context":"https:\/\/schema.org","@graph":[{"@type":"WebPage","@id":"https:\/\/wp.kristdemokraterna.se\/ydre\/2017-10-25\/","url":"https:\/\/wp.kristdemokraterna.se\/ydre\/2017-10-25\/","name":"2017-10-25 Skyddsn\u00e4t - Kristdemokraterna i Ydre","isPartOf":{"@id":"https:\/\/wp.kristdemokraterna.se\/ydre\/#website"},"primaryImageOfPage":{"@id":"https:\/\/wp.kristdemokraterna.se\/ydre\/2017-10-25\/#primaryimage"},"image":{"@id":"https:\/\/wp.kristdemokraterna.se\/ydre\/2017-10-25\/#primaryimage"},"thumbnailUrl":"http:\/\/ydrebo.se\/kd\/veckobrev2016\/lindasen.JPG","datePublished":"2018-07-07T18:02:06+00:00","dateModified":"2018-07-07T18:03:16+00:00","breadcrumb":{"@id":"https:\/\/wp.kristdemokraterna.se\/ydre\/2017-10-25\/#breadcrumb"},"inLanguage":"sv-SE","potentialAction":[{"@type":"ReadAction","target":["https:\/\/wp.kristdemokraterna.se\/ydre\/2017-10-25\/"]}]},{"@type":"ImageObject","inLanguage":"sv-SE","@id":"https:\/\/wp.kristdemokraterna.se\/ydre\/2017-10-25\/#primaryimage","url":"http:\/\/ydrebo.se\/kd\/veckobrev2016\/lindasen.JPG","contentUrl":"http:\/\/ydrebo.se\/kd\/veckobrev2016\/lindasen.JPG"},{"@type":"BreadcrumbList","@id":"https:\/\/wp.kristdemokraterna.se\/ydre\/2017-10-25\/#breadcrumb","itemListElement":[{"@type":"ListItem","position":1,"name":"Hem","item":"https:\/\/wp.kristdemokraterna.se\/ydre\/"},{"@type":"ListItem","position":2,"name":"2017-10-25 Skyddsn\u00e4t"}]},{"@type":"WebSite","@id":"https:\/\/wp.kristdemokraterna.se\/ydre\/#website","url":"https:\/\/wp.kristdemokraterna.se\/ydre\/","name":"Kristdemokraterna i Ydre","description":"En till Kristdemokraterna webbplats","inLanguage":"sv-SE"}]}},"_links":{"self":[{"href":"https:\/\/wp.kristdemokraterna.se\/ydre\/wp-json\/wp\/v2\/pages\/864","targetHints":{"allow":["GET"]}}],"collection":[{"href":"https:\/\/wp.kristdemokraterna.se\/ydre\/wp-json\/wp\/v2\/pages"}],"about":[{"href":"https:\/\/wp.kristdemokraterna.se\/ydre\/wp-json\/wp\/v2\/types\/page"}],"author":[{"embeddable":true,"href":"https:\/\/wp.kristdemokraterna.se\/ydre\/wp-json\/wp\/v2\/users\/793"}],"replies":[{"embeddable":true,"href":"https:\/\/wp.kristdemokraterna.se\/ydre\/wp-json\/wp\/v2\/comments?post=864"}],"version-history":[{"count":3,"href":"https:\/\/wp.kristdemokraterna.se\/ydre\/wp-json\/wp\/v2\/pages\/864\/revisions"}],"predecessor-version":[{"id":867,"href":"https:\/\/wp.kristdemokraterna.se\/ydre\/wp-json\/wp\/v2\/pages\/864\/revisions\/867"}],"wp:attachment":[{"href":"https:\/\/wp.kristdemokraterna.se\/ydre\/wp-json\/wp\/v2\/media?parent=864"}],"curies":[{"name":"wp","href":"https:\/\/api.w.org\/{rel}","templated":true}]}}