{"id":869,"date":"2018-07-07T20:05:30","date_gmt":"2018-07-07T18:05:30","guid":{"rendered":"http:\/\/wp.kristdemokraterna.se\/ydre\/?page_id=869"},"modified":"2018-07-07T20:06:33","modified_gmt":"2018-07-07T18:06:33","slug":"2017-11-05-tors-man-bo-i-ydre","status":"publish","type":"page","link":"https:\/\/wp.kristdemokraterna.se\/ydre\/2017-11-05-tors-man-bo-i-ydre\/","title":{"rendered":"2017-11-05 T\u00f6rs man bo i Ydre?"},"content":{"rendered":"<p>Visst \u00e4r Ydre k\u00e4nt f\u00f6r J\u00e4tten Bulel\u00f6pet och andra evenemang. Men \u00e4nnu mer intryck ger naturen och det \u00f6ppna jordbrukslandskapet.<\/p>\n<p><img loading=\"lazy\" decoding=\"async\" src=\"http:\/\/ydrebo.se\/kd\/veckobrev2017\/bulevallen.JPG\" width=\"600\" height=\"461\" border=\"0\" \/><br \/>\n<i>J\u00e4tten Bulel\u00f6pet har g\u00e5tt f\u00f6r 48:e g\u00e5ngen.<\/p>\n<p><\/i>Men alla ser inte positivt p\u00e5 det som Ydre representerar. F\u00f6r de som en g\u00e5ng skrev milj\u00f6balken betecknade lantbruk som milj\u00f6farlig verksamhet. Magnus Oscarsson (kd) har i riksdagen\u00a0<a href=\"http:\/\/www.ja.se\/artikel\/55356\/absurt-att-kalla-jordbruk-miljofarligt.html\" target=\"_blank\" rel=\"noopener\"><b>protesterat<\/b><\/a>\u00a0och efterlyst en b\u00e4ttre beskrivning. Men det g\u00e5r regeringen inte med p\u00e5.<\/p>\n<p><img loading=\"lazy\" decoding=\"async\" src=\"http:\/\/ydrebo.se\/kd\/veckobrev2017\/lovasa.JPG\" width=\"450\" height=\"450\" border=\"0\" \/><br \/>\n<i>Milj\u00f6farligt?<br \/>\n<\/i>Hur \u00e4r det allts\u00e5? \u00c4r lantbruket n\u00e5got v\u00e4rdefullt som vi skall vara r\u00e4dda om? Eller \u00e4r det ett n\u00f6dv\u00e4ndigt ont? Naturligtvis kommer inst\u00e4llningen till dessa fr\u00e5gor att p\u00e5verka landsbygdspolitiken.<\/p>\n<p><img loading=\"lazy\" decoding=\"async\" src=\"http:\/\/ydrebo.se\/kd\/veckobrev\/torpasjon.JPG\" width=\"600\" height=\"460\" border=\"0\" \/><br \/>\n<i>\u00c4r det milj\u00f6farligt d\u00e4r borta?<\/p>\n<p><\/i>Det finns mycket annat som p\u00e5verkar milj\u00f6n och klimatet och g\u00f6r det p\u00e5 ett mycket negativt s\u00e4tt. Nu \u00e4r det uppenbart att det blivit mer v\u00e4rme p\u00e5 jorden, mer torka och fler skogsbr\u00e4nder (som t.ex. i\u00a0<a href=\"http:\/\/www.mercurynews.com\/wp-content\/uploads\/2017\/10\/sjm-santarosa-1010-081.jpg?w=620\" target=\"_blank\" rel=\"noopener\"><b>Santa Rosa<\/b><\/a>\u00a0i Kalifornien.<\/p>\n<p><i>Bengt Malm, ordf.<br \/>\n5 november<\/p>\n<p><\/i>P.S. I Brasilien anv\u00e4nds ofta etanol som milj\u00f6v\u00e4nligt br\u00e4nsle.\u00a0<a href=\"https:\/\/www.hd.se\/images\/mylciCBLowjVcjb2UiSkJdrg-nw.jpg\" target=\"_blank\" rel=\"noopener\"><b>\u00c5rets bild 2008<\/b><\/a>\u00a0f\u00f6rest\u00e4llde en etanolfabrik&#8230;<\/p>\n","protected":false},"excerpt":{"rendered":"<p>Visst \u00e4r Ydre k\u00e4nt f\u00f6r J\u00e4tten Bulel\u00f6pet och andra evenemang. Men \u00e4nnu mer intryck ger naturen och det \u00f6ppna jordbrukslandskapet. J\u00e4tten Bulel\u00f6pet har g\u00e5tt f\u00f6r 48:e g\u00e5ngen. Men alla ser inte positivt p\u00e5 det som Ydre representerar. F\u00f6r de som en g\u00e5ng skrev milj\u00f6balken betecknade lantbruk som milj\u00f6farlig verksamhet. Magnus Oscarsson (kd) har i riksdagen\u00a0protesterat\u00a0och <a class=\"read-more-link\" href=\"https:\/\/wp.kristdemokraterna.se\/ydre\/2017-11-05-tors-man-bo-i-ydre\/\">L\u00e4s mer<\/a><\/p>\n","protected":false},"author":793,"featured_media":0,"parent":0,"menu_order":0,"comment_status":"closed","ping_status":"closed","template":"","meta":{"_acf_changed":false,"footnotes":""},"class_list":["post-869","page","type-page","status-publish","hentry"],"acf":[],"yoast_head":"<!-- This site is optimized with the Yoast SEO plugin v27.5 - https:\/\/yoast.com\/product\/yoast-seo-wordpress\/ -->\n<title>2017-11-05 T\u00f6rs man bo i Ydre? - Kristdemokraterna i Ydre<\/title>\n<meta name=\"robots\" content=\"index, follow, max-snippet:-1, max-image-preview:large, max-video-preview:-1\" \/>\n<link rel=\"canonical\" href=\"https:\/\/wp.kristdemokraterna.se\/ydre\/2017-11-05-tors-man-bo-i-ydre\/\" \/>\n<meta property=\"og:locale\" content=\"sv_SE\" \/>\n<meta property=\"og:type\" content=\"article\" \/>\n<meta property=\"og:title\" content=\"2017-11-05 T\u00f6rs man bo i Ydre? - Kristdemokraterna i Ydre\" \/>\n<meta property=\"og:description\" content=\"Visst \u00e4r Ydre k\u00e4nt f\u00f6r J\u00e4tten Bulel\u00f6pet och andra evenemang. Men \u00e4nnu mer intryck ger naturen och det \u00f6ppna jordbrukslandskapet. J\u00e4tten Bulel\u00f6pet har g\u00e5tt f\u00f6r 48:e g\u00e5ngen. Men alla ser inte positivt p\u00e5 det som Ydre representerar. F\u00f6r de som en g\u00e5ng skrev milj\u00f6balken betecknade lantbruk som milj\u00f6farlig verksamhet. Magnus Oscarsson (kd) har i riksdagen\u00a0protesterat\u00a0och L\u00e4s mer\" \/>\n<meta property=\"og:url\" content=\"https:\/\/wp.kristdemokraterna.se\/ydre\/2017-11-05-tors-man-bo-i-ydre\/\" \/>\n<meta property=\"og:site_name\" content=\"Kristdemokraterna i Ydre\" \/>\n<meta property=\"article:modified_time\" content=\"2018-07-07T18:06:33+00:00\" \/>\n<meta property=\"og:image\" content=\"http:\/\/ydrebo.se\/kd\/veckobrev2017\/bulevallen.JPG\" \/>\n<meta name=\"twitter:card\" content=\"summary_large_image\" \/>\n<meta name=\"twitter:label1\" content=\"Ber\u00e4knad l\u00e4stid\" \/>\n\t<meta name=\"twitter:data1\" content=\"1 minut\" \/>\n<script type=\"application\/ld+json\" class=\"yoast-schema-graph\">{\"@context\":\"https:\\\/\\\/schema.org\",\"@graph\":[{\"@type\":\"WebPage\",\"@id\":\"https:\\\/\\\/wp.kristdemokraterna.se\\\/ydre\\\/2017-11-05-tors-man-bo-i-ydre\\\/\",\"url\":\"https:\\\/\\\/wp.kristdemokraterna.se\\\/ydre\\\/2017-11-05-tors-man-bo-i-ydre\\\/\",\"name\":\"2017-11-05 T\u00f6rs man bo i Ydre? - Kristdemokraterna i Ydre\",\"isPartOf\":{\"@id\":\"https:\\\/\\\/wp.kristdemokraterna.se\\\/ydre\\\/#website\"},\"primaryImageOfPage\":{\"@id\":\"https:\\\/\\\/wp.kristdemokraterna.se\\\/ydre\\\/2017-11-05-tors-man-bo-i-ydre\\\/#primaryimage\"},\"image\":{\"@id\":\"https:\\\/\\\/wp.kristdemokraterna.se\\\/ydre\\\/2017-11-05-tors-man-bo-i-ydre\\\/#primaryimage\"},\"thumbnailUrl\":\"http:\\\/\\\/ydrebo.se\\\/kd\\\/veckobrev2017\\\/bulevallen.JPG\",\"datePublished\":\"2018-07-07T18:05:30+00:00\",\"dateModified\":\"2018-07-07T18:06:33+00:00\",\"breadcrumb\":{\"@id\":\"https:\\\/\\\/wp.kristdemokraterna.se\\\/ydre\\\/2017-11-05-tors-man-bo-i-ydre\\\/#breadcrumb\"},\"inLanguage\":\"sv-SE\",\"potentialAction\":[{\"@type\":\"ReadAction\",\"target\":[\"https:\\\/\\\/wp.kristdemokraterna.se\\\/ydre\\\/2017-11-05-tors-man-bo-i-ydre\\\/\"]}]},{\"@type\":\"ImageObject\",\"inLanguage\":\"sv-SE\",\"@id\":\"https:\\\/\\\/wp.kristdemokraterna.se\\\/ydre\\\/2017-11-05-tors-man-bo-i-ydre\\\/#primaryimage\",\"url\":\"http:\\\/\\\/ydrebo.se\\\/kd\\\/veckobrev2017\\\/bulevallen.JPG\",\"contentUrl\":\"http:\\\/\\\/ydrebo.se\\\/kd\\\/veckobrev2017\\\/bulevallen.JPG\"},{\"@type\":\"BreadcrumbList\",\"@id\":\"https:\\\/\\\/wp.kristdemokraterna.se\\\/ydre\\\/2017-11-05-tors-man-bo-i-ydre\\\/#breadcrumb\",\"itemListElement\":[{\"@type\":\"ListItem\",\"position\":1,\"name\":\"Hem\",\"item\":\"https:\\\/\\\/wp.kristdemokraterna.se\\\/ydre\\\/\"},{\"@type\":\"ListItem\",\"position\":2,\"name\":\"2017-11-05 T\u00f6rs man bo i Ydre?\"}]},{\"@type\":\"WebSite\",\"@id\":\"https:\\\/\\\/wp.kristdemokraterna.se\\\/ydre\\\/#website\",\"url\":\"https:\\\/\\\/wp.kristdemokraterna.se\\\/ydre\\\/\",\"name\":\"Kristdemokraterna i Ydre\",\"description\":\"En till Kristdemokraterna webbplats\",\"inLanguage\":\"sv-SE\"}]}<\/script>\n<!-- \/ Yoast SEO plugin. -->","yoast_head_json":{"title":"2017-11-05 T\u00f6rs man bo i Ydre? - Kristdemokraterna i Ydre","robots":{"index":"index","follow":"follow","max-snippet":"max-snippet:-1","max-image-preview":"max-image-preview:large","max-video-preview":"max-video-preview:-1"},"canonical":"https:\/\/wp.kristdemokraterna.se\/ydre\/2017-11-05-tors-man-bo-i-ydre\/","og_locale":"sv_SE","og_type":"article","og_title":"2017-11-05 T\u00f6rs man bo i Ydre? - Kristdemokraterna i Ydre","og_description":"Visst \u00e4r Ydre k\u00e4nt f\u00f6r J\u00e4tten Bulel\u00f6pet och andra evenemang. Men \u00e4nnu mer intryck ger naturen och det \u00f6ppna jordbrukslandskapet. J\u00e4tten Bulel\u00f6pet har g\u00e5tt f\u00f6r 48:e g\u00e5ngen. Men alla ser inte positivt p\u00e5 det som Ydre representerar. F\u00f6r de som en g\u00e5ng skrev milj\u00f6balken betecknade lantbruk som milj\u00f6farlig verksamhet. Magnus Oscarsson (kd) har i riksdagen\u00a0protesterat\u00a0och L\u00e4s mer","og_url":"https:\/\/wp.kristdemokraterna.se\/ydre\/2017-11-05-tors-man-bo-i-ydre\/","og_site_name":"Kristdemokraterna i Ydre","article_modified_time":"2018-07-07T18:06:33+00:00","og_image":[{"url":"http:\/\/ydrebo.se\/kd\/veckobrev2017\/bulevallen.JPG","type":"","width":"","height":""}],"twitter_card":"summary_large_image","twitter_misc":{"Ber\u00e4knad l\u00e4stid":"1 minut"},"schema":{"@context":"https:\/\/schema.org","@graph":[{"@type":"WebPage","@id":"https:\/\/wp.kristdemokraterna.se\/ydre\/2017-11-05-tors-man-bo-i-ydre\/","url":"https:\/\/wp.kristdemokraterna.se\/ydre\/2017-11-05-tors-man-bo-i-ydre\/","name":"2017-11-05 T\u00f6rs man bo i Ydre? - Kristdemokraterna i Ydre","isPartOf":{"@id":"https:\/\/wp.kristdemokraterna.se\/ydre\/#website"},"primaryImageOfPage":{"@id":"https:\/\/wp.kristdemokraterna.se\/ydre\/2017-11-05-tors-man-bo-i-ydre\/#primaryimage"},"image":{"@id":"https:\/\/wp.kristdemokraterna.se\/ydre\/2017-11-05-tors-man-bo-i-ydre\/#primaryimage"},"thumbnailUrl":"http:\/\/ydrebo.se\/kd\/veckobrev2017\/bulevallen.JPG","datePublished":"2018-07-07T18:05:30+00:00","dateModified":"2018-07-07T18:06:33+00:00","breadcrumb":{"@id":"https:\/\/wp.kristdemokraterna.se\/ydre\/2017-11-05-tors-man-bo-i-ydre\/#breadcrumb"},"inLanguage":"sv-SE","potentialAction":[{"@type":"ReadAction","target":["https:\/\/wp.kristdemokraterna.se\/ydre\/2017-11-05-tors-man-bo-i-ydre\/"]}]},{"@type":"ImageObject","inLanguage":"sv-SE","@id":"https:\/\/wp.kristdemokraterna.se\/ydre\/2017-11-05-tors-man-bo-i-ydre\/#primaryimage","url":"http:\/\/ydrebo.se\/kd\/veckobrev2017\/bulevallen.JPG","contentUrl":"http:\/\/ydrebo.se\/kd\/veckobrev2017\/bulevallen.JPG"},{"@type":"BreadcrumbList","@id":"https:\/\/wp.kristdemokraterna.se\/ydre\/2017-11-05-tors-man-bo-i-ydre\/#breadcrumb","itemListElement":[{"@type":"ListItem","position":1,"name":"Hem","item":"https:\/\/wp.kristdemokraterna.se\/ydre\/"},{"@type":"ListItem","position":2,"name":"2017-11-05 T\u00f6rs man bo i Ydre?"}]},{"@type":"WebSite","@id":"https:\/\/wp.kristdemokraterna.se\/ydre\/#website","url":"https:\/\/wp.kristdemokraterna.se\/ydre\/","name":"Kristdemokraterna i Ydre","description":"En till Kristdemokraterna webbplats","inLanguage":"sv-SE"}]}},"_links":{"self":[{"href":"https:\/\/wp.kristdemokraterna.se\/ydre\/wp-json\/wp\/v2\/pages\/869","targetHints":{"allow":["GET"]}}],"collection":[{"href":"https:\/\/wp.kristdemokraterna.se\/ydre\/wp-json\/wp\/v2\/pages"}],"about":[{"href":"https:\/\/wp.kristdemokraterna.se\/ydre\/wp-json\/wp\/v2\/types\/page"}],"author":[{"embeddable":true,"href":"https:\/\/wp.kristdemokraterna.se\/ydre\/wp-json\/wp\/v2\/users\/793"}],"replies":[{"embeddable":true,"href":"https:\/\/wp.kristdemokraterna.se\/ydre\/wp-json\/wp\/v2\/comments?post=869"}],"version-history":[{"count":3,"href":"https:\/\/wp.kristdemokraterna.se\/ydre\/wp-json\/wp\/v2\/pages\/869\/revisions"}],"predecessor-version":[{"id":872,"href":"https:\/\/wp.kristdemokraterna.se\/ydre\/wp-json\/wp\/v2\/pages\/869\/revisions\/872"}],"wp:attachment":[{"href":"https:\/\/wp.kristdemokraterna.se\/ydre\/wp-json\/wp\/v2\/media?parent=869"}],"curies":[{"name":"wp","href":"https:\/\/api.w.org\/{rel}","templated":true}]}}