{"id":885,"date":"2018-07-07T20:19:56","date_gmt":"2018-07-07T18:19:56","guid":{"rendered":"http:\/\/wp.kristdemokraterna.se\/ydre\/?page_id=885"},"modified":"2018-07-07T20:21:50","modified_gmt":"2018-07-07T18:21:50","slug":"2017-12-13-att-bygga-ydre","status":"publish","type":"page","link":"https:\/\/wp.kristdemokraterna.se\/ydre\/2017-12-13-att-bygga-ydre\/","title":{"rendered":"2017-12-13 Att bygga Ydre"},"content":{"rendered":"<p>Varf\u00f6r s\u00f6ker sig s\u00e5 m\u00e5nga till farliga st\u00e4llen? Det m\u00e5 vara\u00a0i Japan\u00a0eller s\u00e5 l\u00e5ngt bort som\u00a0<a href=\"https:\/\/images2.tempo.co\/data\/2017\/11\/26\/id_648664\/648664_620.jpg\" target=\"_blank\" rel=\"noopener\"><b>i Indonesien<\/b><\/a>, nog finns det folk som kommer dit. Och mer \u00e4n 20 millioner bor permanent\u00a0<a href=\"https:\/\/cdn.images.express.co.uk\/img\/dynamic\/galleries\/x701\/153396.jpg\" target=\"_blank\" rel=\"noopener\"><b>i centrala Mexico<\/b><\/a>.<br \/>\nMen s\u00e5 finns det de som f\u00f6redrar en lugnare milj\u00f6 som Ydre. Fast alla som vill bo h\u00e4r f\u00e5r inte g\u00f6ra det. H\u00e4r finns ett antal ensamkommande ungdomar fr\u00e5n farliga delar av v\u00e4rlden. De skulle vilja stanna h\u00e4r. Vad annars?<br \/>\nMen Ydre kommun har flera g\u00e5nger beslutat att n\u00e4r dessa ungdomar fyller 18 \u00e5r skall de flytta till n\u00e5gon av Migrationsverkets anl\u00e4ggningar. Protester fr\u00e5n Kristdemokraterna, Milj\u00f6partiet och andra har inte hj\u00e4lpt. Senast var det en omr\u00f6stning i kommunfullm\u00e4ktige den 20 november d\u00e5 kommunstyrelsens linje vann med 11 r\u00f6ster av 20. Milj\u00f6partiet, Kristdemokraterna samt kyrkor\u00e5dets ordf\u00f6rande r\u00f6stade mot.<\/p>\n<p><img loading=\"lazy\" decoding=\"async\" src=\"http:\/\/ydrebo.se\/kd\/veckobrev\/ukreda2.JPG\" width=\"600\" height=\"461\" border=\"0\" \/><br \/>\n<i>Hur skall det g\u00e5 f\u00f6r dem som bor h\u00e4r (de ensamkommande)?<\/i><\/p>\n<p>Sedan dess har regeringen gjort ett nytt utspel. Man vill uppenbarligen inte st\u00f6ra p\u00e5g\u00e5ende anpassningar till svenska f\u00f6rh\u00e5llanden. Detta budskap g\u00f6r att Ydre Kristdemokrater lagt\u00a0en ny motion om att kommunen skall ompr\u00f6va sitt beslut.<br \/>\nKommunens officiella h\u00e5llning \u00e4r att det \u00e4r oetiskt att ta hand om dessa personer efterom regelverket \u00e4r bristf\u00e4lligt. Ja man klandrar rent av dem som har s\u00e5dana ungdomar boende i sina hem. M\u00e5tte kommunstyrelsen \u00f6vervinna sina &#8221;etiska bet\u00e4nkligheter&#8221;!<\/p>\n<p><b>Vi m\u00e5ste forts\u00e4tta att verka f\u00f6r ett m\u00e4nskligare Ydre!<\/b><\/p>\n<p><i>Bengt Malm, ordf.<br \/>\n13 december<\/i><\/p>\n","protected":false},"excerpt":{"rendered":"<p>Varf\u00f6r s\u00f6ker sig s\u00e5 m\u00e5nga till farliga st\u00e4llen? Det m\u00e5 vara\u00a0i Japan\u00a0eller s\u00e5 l\u00e5ngt bort som\u00a0i Indonesien, nog finns det folk som kommer dit. Och mer \u00e4n 20 millioner bor permanent\u00a0i centrala Mexico. Men s\u00e5 finns det de som f\u00f6redrar en lugnare milj\u00f6 som Ydre. Fast alla som vill bo h\u00e4r f\u00e5r inte g\u00f6ra det. <a class=\"read-more-link\" href=\"https:\/\/wp.kristdemokraterna.se\/ydre\/2017-12-13-att-bygga-ydre\/\">L\u00e4s mer<\/a><\/p>\n","protected":false},"author":793,"featured_media":0,"parent":0,"menu_order":0,"comment_status":"closed","ping_status":"closed","template":"","meta":{"_acf_changed":false,"footnotes":""},"class_list":["post-885","page","type-page","status-publish","hentry"],"acf":[],"yoast_head":"<!-- This site is optimized with the Yoast SEO plugin v27.5 - https:\/\/yoast.com\/product\/yoast-seo-wordpress\/ -->\n<title>2017-12-13 Att bygga Ydre - Kristdemokraterna i Ydre<\/title>\n<meta name=\"robots\" content=\"index, follow, max-snippet:-1, max-image-preview:large, max-video-preview:-1\" \/>\n<link rel=\"canonical\" href=\"https:\/\/wp.kristdemokraterna.se\/ydre\/2017-12-13-att-bygga-ydre\/\" \/>\n<meta property=\"og:locale\" content=\"sv_SE\" \/>\n<meta property=\"og:type\" content=\"article\" \/>\n<meta property=\"og:title\" content=\"2017-12-13 Att bygga Ydre - Kristdemokraterna i Ydre\" \/>\n<meta property=\"og:description\" content=\"Varf\u00f6r s\u00f6ker sig s\u00e5 m\u00e5nga till farliga st\u00e4llen? Det m\u00e5 vara\u00a0i Japan\u00a0eller s\u00e5 l\u00e5ngt bort som\u00a0i Indonesien, nog finns det folk som kommer dit. Och mer \u00e4n 20 millioner bor permanent\u00a0i centrala Mexico. Men s\u00e5 finns det de som f\u00f6redrar en lugnare milj\u00f6 som Ydre. Fast alla som vill bo h\u00e4r f\u00e5r inte g\u00f6ra det. L\u00e4s mer\" \/>\n<meta property=\"og:url\" content=\"https:\/\/wp.kristdemokraterna.se\/ydre\/2017-12-13-att-bygga-ydre\/\" \/>\n<meta property=\"og:site_name\" content=\"Kristdemokraterna i Ydre\" \/>\n<meta property=\"article:modified_time\" content=\"2018-07-07T18:21:50+00:00\" \/>\n<meta property=\"og:image\" content=\"http:\/\/ydrebo.se\/kd\/veckobrev\/ukreda2.JPG\" \/>\n<meta name=\"twitter:card\" content=\"summary_large_image\" \/>\n<meta name=\"twitter:label1\" content=\"Ber\u00e4knad l\u00e4stid\" \/>\n\t<meta name=\"twitter:data1\" content=\"1 minut\" \/>\n<script type=\"application\/ld+json\" class=\"yoast-schema-graph\">{\"@context\":\"https:\\\/\\\/schema.org\",\"@graph\":[{\"@type\":\"WebPage\",\"@id\":\"https:\\\/\\\/wp.kristdemokraterna.se\\\/ydre\\\/2017-12-13-att-bygga-ydre\\\/\",\"url\":\"https:\\\/\\\/wp.kristdemokraterna.se\\\/ydre\\\/2017-12-13-att-bygga-ydre\\\/\",\"name\":\"2017-12-13 Att bygga Ydre - Kristdemokraterna i Ydre\",\"isPartOf\":{\"@id\":\"https:\\\/\\\/wp.kristdemokraterna.se\\\/ydre\\\/#website\"},\"primaryImageOfPage\":{\"@id\":\"https:\\\/\\\/wp.kristdemokraterna.se\\\/ydre\\\/2017-12-13-att-bygga-ydre\\\/#primaryimage\"},\"image\":{\"@id\":\"https:\\\/\\\/wp.kristdemokraterna.se\\\/ydre\\\/2017-12-13-att-bygga-ydre\\\/#primaryimage\"},\"thumbnailUrl\":\"http:\\\/\\\/ydrebo.se\\\/kd\\\/veckobrev\\\/ukreda2.JPG\",\"datePublished\":\"2018-07-07T18:19:56+00:00\",\"dateModified\":\"2018-07-07T18:21:50+00:00\",\"breadcrumb\":{\"@id\":\"https:\\\/\\\/wp.kristdemokraterna.se\\\/ydre\\\/2017-12-13-att-bygga-ydre\\\/#breadcrumb\"},\"inLanguage\":\"sv-SE\",\"potentialAction\":[{\"@type\":\"ReadAction\",\"target\":[\"https:\\\/\\\/wp.kristdemokraterna.se\\\/ydre\\\/2017-12-13-att-bygga-ydre\\\/\"]}]},{\"@type\":\"ImageObject\",\"inLanguage\":\"sv-SE\",\"@id\":\"https:\\\/\\\/wp.kristdemokraterna.se\\\/ydre\\\/2017-12-13-att-bygga-ydre\\\/#primaryimage\",\"url\":\"http:\\\/\\\/ydrebo.se\\\/kd\\\/veckobrev\\\/ukreda2.JPG\",\"contentUrl\":\"http:\\\/\\\/ydrebo.se\\\/kd\\\/veckobrev\\\/ukreda2.JPG\"},{\"@type\":\"BreadcrumbList\",\"@id\":\"https:\\\/\\\/wp.kristdemokraterna.se\\\/ydre\\\/2017-12-13-att-bygga-ydre\\\/#breadcrumb\",\"itemListElement\":[{\"@type\":\"ListItem\",\"position\":1,\"name\":\"Hem\",\"item\":\"https:\\\/\\\/wp.kristdemokraterna.se\\\/ydre\\\/\"},{\"@type\":\"ListItem\",\"position\":2,\"name\":\"2017-12-13 Att bygga Ydre\"}]},{\"@type\":\"WebSite\",\"@id\":\"https:\\\/\\\/wp.kristdemokraterna.se\\\/ydre\\\/#website\",\"url\":\"https:\\\/\\\/wp.kristdemokraterna.se\\\/ydre\\\/\",\"name\":\"Kristdemokraterna i Ydre\",\"description\":\"En till Kristdemokraterna webbplats\",\"inLanguage\":\"sv-SE\"}]}<\/script>\n<!-- \/ Yoast SEO plugin. -->","yoast_head_json":{"title":"2017-12-13 Att bygga Ydre - Kristdemokraterna i Ydre","robots":{"index":"index","follow":"follow","max-snippet":"max-snippet:-1","max-image-preview":"max-image-preview:large","max-video-preview":"max-video-preview:-1"},"canonical":"https:\/\/wp.kristdemokraterna.se\/ydre\/2017-12-13-att-bygga-ydre\/","og_locale":"sv_SE","og_type":"article","og_title":"2017-12-13 Att bygga Ydre - Kristdemokraterna i Ydre","og_description":"Varf\u00f6r s\u00f6ker sig s\u00e5 m\u00e5nga till farliga st\u00e4llen? Det m\u00e5 vara\u00a0i Japan\u00a0eller s\u00e5 l\u00e5ngt bort som\u00a0i Indonesien, nog finns det folk som kommer dit. Och mer \u00e4n 20 millioner bor permanent\u00a0i centrala Mexico. Men s\u00e5 finns det de som f\u00f6redrar en lugnare milj\u00f6 som Ydre. Fast alla som vill bo h\u00e4r f\u00e5r inte g\u00f6ra det. L\u00e4s mer","og_url":"https:\/\/wp.kristdemokraterna.se\/ydre\/2017-12-13-att-bygga-ydre\/","og_site_name":"Kristdemokraterna i Ydre","article_modified_time":"2018-07-07T18:21:50+00:00","og_image":[{"url":"http:\/\/ydrebo.se\/kd\/veckobrev\/ukreda2.JPG","type":"","width":"","height":""}],"twitter_card":"summary_large_image","twitter_misc":{"Ber\u00e4knad l\u00e4stid":"1 minut"},"schema":{"@context":"https:\/\/schema.org","@graph":[{"@type":"WebPage","@id":"https:\/\/wp.kristdemokraterna.se\/ydre\/2017-12-13-att-bygga-ydre\/","url":"https:\/\/wp.kristdemokraterna.se\/ydre\/2017-12-13-att-bygga-ydre\/","name":"2017-12-13 Att bygga Ydre - Kristdemokraterna i Ydre","isPartOf":{"@id":"https:\/\/wp.kristdemokraterna.se\/ydre\/#website"},"primaryImageOfPage":{"@id":"https:\/\/wp.kristdemokraterna.se\/ydre\/2017-12-13-att-bygga-ydre\/#primaryimage"},"image":{"@id":"https:\/\/wp.kristdemokraterna.se\/ydre\/2017-12-13-att-bygga-ydre\/#primaryimage"},"thumbnailUrl":"http:\/\/ydrebo.se\/kd\/veckobrev\/ukreda2.JPG","datePublished":"2018-07-07T18:19:56+00:00","dateModified":"2018-07-07T18:21:50+00:00","breadcrumb":{"@id":"https:\/\/wp.kristdemokraterna.se\/ydre\/2017-12-13-att-bygga-ydre\/#breadcrumb"},"inLanguage":"sv-SE","potentialAction":[{"@type":"ReadAction","target":["https:\/\/wp.kristdemokraterna.se\/ydre\/2017-12-13-att-bygga-ydre\/"]}]},{"@type":"ImageObject","inLanguage":"sv-SE","@id":"https:\/\/wp.kristdemokraterna.se\/ydre\/2017-12-13-att-bygga-ydre\/#primaryimage","url":"http:\/\/ydrebo.se\/kd\/veckobrev\/ukreda2.JPG","contentUrl":"http:\/\/ydrebo.se\/kd\/veckobrev\/ukreda2.JPG"},{"@type":"BreadcrumbList","@id":"https:\/\/wp.kristdemokraterna.se\/ydre\/2017-12-13-att-bygga-ydre\/#breadcrumb","itemListElement":[{"@type":"ListItem","position":1,"name":"Hem","item":"https:\/\/wp.kristdemokraterna.se\/ydre\/"},{"@type":"ListItem","position":2,"name":"2017-12-13 Att bygga Ydre"}]},{"@type":"WebSite","@id":"https:\/\/wp.kristdemokraterna.se\/ydre\/#website","url":"https:\/\/wp.kristdemokraterna.se\/ydre\/","name":"Kristdemokraterna i Ydre","description":"En till Kristdemokraterna webbplats","inLanguage":"sv-SE"}]}},"_links":{"self":[{"href":"https:\/\/wp.kristdemokraterna.se\/ydre\/wp-json\/wp\/v2\/pages\/885","targetHints":{"allow":["GET"]}}],"collection":[{"href":"https:\/\/wp.kristdemokraterna.se\/ydre\/wp-json\/wp\/v2\/pages"}],"about":[{"href":"https:\/\/wp.kristdemokraterna.se\/ydre\/wp-json\/wp\/v2\/types\/page"}],"author":[{"embeddable":true,"href":"https:\/\/wp.kristdemokraterna.se\/ydre\/wp-json\/wp\/v2\/users\/793"}],"replies":[{"embeddable":true,"href":"https:\/\/wp.kristdemokraterna.se\/ydre\/wp-json\/wp\/v2\/comments?post=885"}],"version-history":[{"count":4,"href":"https:\/\/wp.kristdemokraterna.se\/ydre\/wp-json\/wp\/v2\/pages\/885\/revisions"}],"predecessor-version":[{"id":889,"href":"https:\/\/wp.kristdemokraterna.se\/ydre\/wp-json\/wp\/v2\/pages\/885\/revisions\/889"}],"wp:attachment":[{"href":"https:\/\/wp.kristdemokraterna.se\/ydre\/wp-json\/wp\/v2\/media?parent=885"}],"curies":[{"name":"wp","href":"https:\/\/api.w.org\/{rel}","templated":true}]}}