{"id":891,"date":"2018-07-07T20:23:15","date_gmt":"2018-07-07T18:23:15","guid":{"rendered":"http:\/\/wp.kristdemokraterna.se\/ydre\/?page_id=891"},"modified":"2018-07-07T20:23:48","modified_gmt":"2018-07-07T18:23:48","slug":"2017-12-21-i-morksens-tid","status":"publish","type":"page","link":"https:\/\/wp.kristdemokraterna.se\/ydre\/2017-12-21-i-morksens-tid\/","title":{"rendered":"2017-12-21 I m\u00f6rksens tid"},"content":{"rendered":"<p>Vintersolst\u00e5ndet \u00e4r inne och vi g\u00e5r mot ljuset &#8211; \u00e5tminstone enligt almanackan. Men 2017 har varit ett \u00e5r d\u00e5 det m\u00f6rknat i olika avseenden p\u00e5 m\u00e5nga h\u00e5ll i v\u00e4rlden.<br \/>\nDet finns fler konflikter nu \u00e4n f\u00f6rut och \u00e4nnu fler stridigheter kan komma. \u00c4nnu fler m\u00e4nniskor lever under sv\u00e5ra omst\u00e4ndigheter. Det \u00e4r allts\u00e5 fler som \u00e4r p\u00e5 flykt, fler som sv\u00e4lter, fler som drabbas av sjukdomar eller omkommer.<br \/>\nUndan f\u00f6r undan kommer det fler ber\u00e4ttelser om ren ondska. Det \u00e4r sv\u00e5rt att h\u00f6ra om s\u00e5dant utan att gripas av indignation. Samtidigt \u00e4r det outh\u00e4rdligt hur sv\u00e5rt eller om\u00f6jligt det \u00e4r att g\u00f6ra n\u00e5gor \u00e5t det.<\/p>\n<p><img loading=\"lazy\" decoding=\"async\" src=\"http:\/\/ydrebo.se\/kd\/veckobrev2015\/bulsjoan.JPG\" width=\"600\" height=\"450\" border=\"0\" \/><br \/>\n<i>Ydre \u00e4r en oas.<\/p>\n<p><\/i>Just nu kommer rapporter om Sveriges d\u00e5liga beredskap. Vi \u00e4r n\u00e4stan of\u00f6rberedda p\u00e5 sv\u00e5ra kriser. Vi f\u00e5r h\u00f6ra att vi m\u00e5ste vara inst\u00e4llda p\u00e5 att det ot\u00e4nkbara kan h\u00e4nda.<br \/>\nOch mitt i alltsammans har 18 riksdagsledm\u00f6ter fr\u00e5n n\u00e4stan alla partier bildat en arbetsgrupp. Fr\u00e5n V\u00e4nsterpartiet till Sverigedemokraterna anstr\u00e4nger man sig f\u00f6r att lyckligg\u00f6ra oss med en ny lag.<br \/>\nDet \u00e4r bara Kristdemokraterna som inte \u00e4r med i projektet som g\u00e5r ut p\u00e5 att g\u00f6ra d\u00f6dshj\u00e4lp laglig. D\u00e4r skiljer vi oss fr\u00e5n alla de andra partierna.<\/p>\n<p><b>Vi m\u00e5ste forts\u00e4tta att verka f\u00f6r livets v\u00e4rde och v\u00e4rdighet &#8211; trots allt m\u00f6rker i v\u00e4rlden!<\/p>\n<p><\/b><i>Bengt Malm, ordf.<br \/>\n21 december<\/i><\/p>\n","protected":false},"excerpt":{"rendered":"<p>Vintersolst\u00e5ndet \u00e4r inne och vi g\u00e5r mot ljuset &#8211; \u00e5tminstone enligt almanackan. Men 2017 har varit ett \u00e5r d\u00e5 det m\u00f6rknat i olika avseenden p\u00e5 m\u00e5nga h\u00e5ll i v\u00e4rlden. Det finns fler konflikter nu \u00e4n f\u00f6rut och \u00e4nnu fler stridigheter kan komma. \u00c4nnu fler m\u00e4nniskor lever under sv\u00e5ra omst\u00e4ndigheter. Det \u00e4r allts\u00e5 fler som \u00e4r <a class=\"read-more-link\" href=\"https:\/\/wp.kristdemokraterna.se\/ydre\/2017-12-21-i-morksens-tid\/\">L\u00e4s mer<\/a><\/p>\n","protected":false},"author":793,"featured_media":0,"parent":0,"menu_order":0,"comment_status":"closed","ping_status":"closed","template":"","meta":{"_acf_changed":false,"footnotes":""},"class_list":["post-891","page","type-page","status-publish","hentry"],"acf":[],"yoast_head":"<!-- This site is optimized with the Yoast SEO plugin v27.5 - https:\/\/yoast.com\/product\/yoast-seo-wordpress\/ -->\n<title>2017-12-21 I m\u00f6rksens tid - Kristdemokraterna i Ydre<\/title>\n<meta name=\"robots\" content=\"index, follow, max-snippet:-1, max-image-preview:large, max-video-preview:-1\" \/>\n<link rel=\"canonical\" href=\"https:\/\/wp.kristdemokraterna.se\/ydre\/2017-12-21-i-morksens-tid\/\" \/>\n<meta property=\"og:locale\" content=\"sv_SE\" \/>\n<meta property=\"og:type\" content=\"article\" \/>\n<meta property=\"og:title\" content=\"2017-12-21 I m\u00f6rksens tid - Kristdemokraterna i Ydre\" \/>\n<meta property=\"og:description\" content=\"Vintersolst\u00e5ndet \u00e4r inne och vi g\u00e5r mot ljuset &#8211; \u00e5tminstone enligt almanackan. Men 2017 har varit ett \u00e5r d\u00e5 det m\u00f6rknat i olika avseenden p\u00e5 m\u00e5nga h\u00e5ll i v\u00e4rlden. Det finns fler konflikter nu \u00e4n f\u00f6rut och \u00e4nnu fler stridigheter kan komma. \u00c4nnu fler m\u00e4nniskor lever under sv\u00e5ra omst\u00e4ndigheter. Det \u00e4r allts\u00e5 fler som \u00e4r L\u00e4s mer\" \/>\n<meta property=\"og:url\" content=\"https:\/\/wp.kristdemokraterna.se\/ydre\/2017-12-21-i-morksens-tid\/\" \/>\n<meta property=\"og:site_name\" content=\"Kristdemokraterna i Ydre\" \/>\n<meta property=\"article:modified_time\" content=\"2018-07-07T18:23:48+00:00\" \/>\n<meta property=\"og:image\" content=\"http:\/\/ydrebo.se\/kd\/veckobrev2015\/bulsjoan.JPG\" \/>\n<meta name=\"twitter:card\" content=\"summary_large_image\" \/>\n<meta name=\"twitter:label1\" content=\"Ber\u00e4knad l\u00e4stid\" \/>\n\t<meta name=\"twitter:data1\" content=\"1 minut\" \/>\n<script type=\"application\/ld+json\" class=\"yoast-schema-graph\">{\"@context\":\"https:\\\/\\\/schema.org\",\"@graph\":[{\"@type\":\"WebPage\",\"@id\":\"https:\\\/\\\/wp.kristdemokraterna.se\\\/ydre\\\/2017-12-21-i-morksens-tid\\\/\",\"url\":\"https:\\\/\\\/wp.kristdemokraterna.se\\\/ydre\\\/2017-12-21-i-morksens-tid\\\/\",\"name\":\"2017-12-21 I m\u00f6rksens tid - Kristdemokraterna i Ydre\",\"isPartOf\":{\"@id\":\"https:\\\/\\\/wp.kristdemokraterna.se\\\/ydre\\\/#website\"},\"primaryImageOfPage\":{\"@id\":\"https:\\\/\\\/wp.kristdemokraterna.se\\\/ydre\\\/2017-12-21-i-morksens-tid\\\/#primaryimage\"},\"image\":{\"@id\":\"https:\\\/\\\/wp.kristdemokraterna.se\\\/ydre\\\/2017-12-21-i-morksens-tid\\\/#primaryimage\"},\"thumbnailUrl\":\"http:\\\/\\\/ydrebo.se\\\/kd\\\/veckobrev2015\\\/bulsjoan.JPG\",\"datePublished\":\"2018-07-07T18:23:15+00:00\",\"dateModified\":\"2018-07-07T18:23:48+00:00\",\"breadcrumb\":{\"@id\":\"https:\\\/\\\/wp.kristdemokraterna.se\\\/ydre\\\/2017-12-21-i-morksens-tid\\\/#breadcrumb\"},\"inLanguage\":\"sv-SE\",\"potentialAction\":[{\"@type\":\"ReadAction\",\"target\":[\"https:\\\/\\\/wp.kristdemokraterna.se\\\/ydre\\\/2017-12-21-i-morksens-tid\\\/\"]}]},{\"@type\":\"ImageObject\",\"inLanguage\":\"sv-SE\",\"@id\":\"https:\\\/\\\/wp.kristdemokraterna.se\\\/ydre\\\/2017-12-21-i-morksens-tid\\\/#primaryimage\",\"url\":\"http:\\\/\\\/ydrebo.se\\\/kd\\\/veckobrev2015\\\/bulsjoan.JPG\",\"contentUrl\":\"http:\\\/\\\/ydrebo.se\\\/kd\\\/veckobrev2015\\\/bulsjoan.JPG\"},{\"@type\":\"BreadcrumbList\",\"@id\":\"https:\\\/\\\/wp.kristdemokraterna.se\\\/ydre\\\/2017-12-21-i-morksens-tid\\\/#breadcrumb\",\"itemListElement\":[{\"@type\":\"ListItem\",\"position\":1,\"name\":\"Hem\",\"item\":\"https:\\\/\\\/wp.kristdemokraterna.se\\\/ydre\\\/\"},{\"@type\":\"ListItem\",\"position\":2,\"name\":\"2017-12-21 I m\u00f6rksens tid\"}]},{\"@type\":\"WebSite\",\"@id\":\"https:\\\/\\\/wp.kristdemokraterna.se\\\/ydre\\\/#website\",\"url\":\"https:\\\/\\\/wp.kristdemokraterna.se\\\/ydre\\\/\",\"name\":\"Kristdemokraterna i Ydre\",\"description\":\"En till Kristdemokraterna webbplats\",\"inLanguage\":\"sv-SE\"}]}<\/script>\n<!-- \/ Yoast SEO plugin. -->","yoast_head_json":{"title":"2017-12-21 I m\u00f6rksens tid - Kristdemokraterna i Ydre","robots":{"index":"index","follow":"follow","max-snippet":"max-snippet:-1","max-image-preview":"max-image-preview:large","max-video-preview":"max-video-preview:-1"},"canonical":"https:\/\/wp.kristdemokraterna.se\/ydre\/2017-12-21-i-morksens-tid\/","og_locale":"sv_SE","og_type":"article","og_title":"2017-12-21 I m\u00f6rksens tid - Kristdemokraterna i Ydre","og_description":"Vintersolst\u00e5ndet \u00e4r inne och vi g\u00e5r mot ljuset &#8211; \u00e5tminstone enligt almanackan. Men 2017 har varit ett \u00e5r d\u00e5 det m\u00f6rknat i olika avseenden p\u00e5 m\u00e5nga h\u00e5ll i v\u00e4rlden. Det finns fler konflikter nu \u00e4n f\u00f6rut och \u00e4nnu fler stridigheter kan komma. \u00c4nnu fler m\u00e4nniskor lever under sv\u00e5ra omst\u00e4ndigheter. Det \u00e4r allts\u00e5 fler som \u00e4r L\u00e4s mer","og_url":"https:\/\/wp.kristdemokraterna.se\/ydre\/2017-12-21-i-morksens-tid\/","og_site_name":"Kristdemokraterna i Ydre","article_modified_time":"2018-07-07T18:23:48+00:00","og_image":[{"url":"http:\/\/ydrebo.se\/kd\/veckobrev2015\/bulsjoan.JPG","type":"","width":"","height":""}],"twitter_card":"summary_large_image","twitter_misc":{"Ber\u00e4knad l\u00e4stid":"1 minut"},"schema":{"@context":"https:\/\/schema.org","@graph":[{"@type":"WebPage","@id":"https:\/\/wp.kristdemokraterna.se\/ydre\/2017-12-21-i-morksens-tid\/","url":"https:\/\/wp.kristdemokraterna.se\/ydre\/2017-12-21-i-morksens-tid\/","name":"2017-12-21 I m\u00f6rksens tid - Kristdemokraterna i Ydre","isPartOf":{"@id":"https:\/\/wp.kristdemokraterna.se\/ydre\/#website"},"primaryImageOfPage":{"@id":"https:\/\/wp.kristdemokraterna.se\/ydre\/2017-12-21-i-morksens-tid\/#primaryimage"},"image":{"@id":"https:\/\/wp.kristdemokraterna.se\/ydre\/2017-12-21-i-morksens-tid\/#primaryimage"},"thumbnailUrl":"http:\/\/ydrebo.se\/kd\/veckobrev2015\/bulsjoan.JPG","datePublished":"2018-07-07T18:23:15+00:00","dateModified":"2018-07-07T18:23:48+00:00","breadcrumb":{"@id":"https:\/\/wp.kristdemokraterna.se\/ydre\/2017-12-21-i-morksens-tid\/#breadcrumb"},"inLanguage":"sv-SE","potentialAction":[{"@type":"ReadAction","target":["https:\/\/wp.kristdemokraterna.se\/ydre\/2017-12-21-i-morksens-tid\/"]}]},{"@type":"ImageObject","inLanguage":"sv-SE","@id":"https:\/\/wp.kristdemokraterna.se\/ydre\/2017-12-21-i-morksens-tid\/#primaryimage","url":"http:\/\/ydrebo.se\/kd\/veckobrev2015\/bulsjoan.JPG","contentUrl":"http:\/\/ydrebo.se\/kd\/veckobrev2015\/bulsjoan.JPG"},{"@type":"BreadcrumbList","@id":"https:\/\/wp.kristdemokraterna.se\/ydre\/2017-12-21-i-morksens-tid\/#breadcrumb","itemListElement":[{"@type":"ListItem","position":1,"name":"Hem","item":"https:\/\/wp.kristdemokraterna.se\/ydre\/"},{"@type":"ListItem","position":2,"name":"2017-12-21 I m\u00f6rksens tid"}]},{"@type":"WebSite","@id":"https:\/\/wp.kristdemokraterna.se\/ydre\/#website","url":"https:\/\/wp.kristdemokraterna.se\/ydre\/","name":"Kristdemokraterna i Ydre","description":"En till Kristdemokraterna webbplats","inLanguage":"sv-SE"}]}},"_links":{"self":[{"href":"https:\/\/wp.kristdemokraterna.se\/ydre\/wp-json\/wp\/v2\/pages\/891","targetHints":{"allow":["GET"]}}],"collection":[{"href":"https:\/\/wp.kristdemokraterna.se\/ydre\/wp-json\/wp\/v2\/pages"}],"about":[{"href":"https:\/\/wp.kristdemokraterna.se\/ydre\/wp-json\/wp\/v2\/types\/page"}],"author":[{"embeddable":true,"href":"https:\/\/wp.kristdemokraterna.se\/ydre\/wp-json\/wp\/v2\/users\/793"}],"replies":[{"embeddable":true,"href":"https:\/\/wp.kristdemokraterna.se\/ydre\/wp-json\/wp\/v2\/comments?post=891"}],"version-history":[{"count":2,"href":"https:\/\/wp.kristdemokraterna.se\/ydre\/wp-json\/wp\/v2\/pages\/891\/revisions"}],"predecessor-version":[{"id":893,"href":"https:\/\/wp.kristdemokraterna.se\/ydre\/wp-json\/wp\/v2\/pages\/891\/revisions\/893"}],"wp:attachment":[{"href":"https:\/\/wp.kristdemokraterna.se\/ydre\/wp-json\/wp\/v2\/media?parent=891"}],"curies":[{"name":"wp","href":"https:\/\/api.w.org\/{rel}","templated":true}]}}