{"id":896,"date":"2018-07-07T20:26:54","date_gmt":"2018-07-07T18:26:54","guid":{"rendered":"http:\/\/wp.kristdemokraterna.se\/ydre\/?page_id=896"},"modified":"2018-07-07T20:27:23","modified_gmt":"2018-07-07T18:27:23","slug":"2017-12-31-skyddsbehov","status":"publish","type":"page","link":"https:\/\/wp.kristdemokraterna.se\/ydre\/2017-12-31-skyddsbehov\/","title":{"rendered":"2017-12-31 Skyddsbehov"},"content":{"rendered":"<p>Ett av de nyare orden i v\u00e5rt spr\u00e5k \u00e4r\u00a0<i>skyddsbehov<\/i>\u00a0(\u00e5tminstone anv\u00e4nds ordet oftare nu). Man diskuterar vilka m\u00e4nniskor som har skyddsbehov.<br \/>\nAlla har vi ju behov av att\u00a0<a href=\"http:\/\/estaticos.elperiodico.com\/resources\/jpg\/7\/3\/1398359157837.jpg\" target=\"_&quot;blank&quot;\"><b>n\u00e5gon skyddar oss.<\/b><\/a>\u00a0Det har m\u00e4rkts under 2017 bl.a. genom de h\u00e4ndelser som gjort det st\u00f6rsta intrycket n\u00e4mligen terrord\u00e5det i Stockholm och #metoo-kampanjen.<br \/>\nDe skyddsbehov som v\u00e5r kommun fr\u00e4mst kommer i kontakt med g\u00e4ller barn. Det finns lyckligtvis inte s\u00e5 m\u00e5nga allvarliga fall. Men det har \u00e4nd\u00e5 varit n\u00f6dv\u00e4ndigt att f\u00f6rst\u00e4rka socialtj\u00e4nsten.<\/p>\n<p><img loading=\"lazy\" decoding=\"async\" src=\"http:\/\/ydrebo.se\/kd\/veckobrev2017\/gunga.JPG\" width=\"513\" height=\"394\" border=\"0\" \/><br \/>\n<i>Alla barn har behov av skydd.<\/p>\n<p><\/i>Ocks\u00e5 f\u00f6r skolan \u00e4r barnens trygghet ett av de allra viktigaste m\u00e5len. Det skall vara s\u00e5 att det \u00e4r bra f\u00f6r barn att v\u00e4xa upp i Ydre.<br \/>\nF.\u00f6. har vi mellan jul och ny\u00e5r varit med om V\u00e4rnl\u00f6sa barns dag. Den har instiftats till minne av en <a href=\"https:\/\/upload.wikimedia.org\/wikipedia\/commons\/thumb\/0\/0f\/Pieter_Brueghel_der_J%C3%BCngere_-_Bethlehemitische_Kindermord.jpg\/1280px-Pieter_Brueghel_der_J%C3%BCngere_-_Bethlehemitische_Kindermord.jpg\" target=\"_&quot;blank&quot;\"><b>massaker p\u00e5 barn i Betlehem<\/b><\/a>\u00a0f\u00f6r l\u00e4nge sedan.<\/p>\n<p><i>Bengt Malm, ordf.<br \/>\n31 december<\/i><\/p>\n","protected":false},"excerpt":{"rendered":"<p>Ett av de nyare orden i v\u00e5rt spr\u00e5k \u00e4r\u00a0skyddsbehov\u00a0(\u00e5tminstone anv\u00e4nds ordet oftare nu). Man diskuterar vilka m\u00e4nniskor som har skyddsbehov. Alla har vi ju behov av att\u00a0n\u00e5gon skyddar oss.\u00a0Det har m\u00e4rkts under 2017 bl.a. genom de h\u00e4ndelser som gjort det st\u00f6rsta intrycket n\u00e4mligen terrord\u00e5det i Stockholm och #metoo-kampanjen. De skyddsbehov som v\u00e5r kommun fr\u00e4mst kommer <a class=\"read-more-link\" href=\"https:\/\/wp.kristdemokraterna.se\/ydre\/2017-12-31-skyddsbehov\/\">L\u00e4s mer<\/a><\/p>\n","protected":false},"author":793,"featured_media":0,"parent":0,"menu_order":0,"comment_status":"closed","ping_status":"closed","template":"","meta":{"_acf_changed":false,"footnotes":""},"class_list":["post-896","page","type-page","status-publish","hentry"],"acf":[],"yoast_head":"<!-- This site is optimized with the Yoast SEO plugin v27.5 - https:\/\/yoast.com\/product\/yoast-seo-wordpress\/ -->\n<title>2017-12-31 Skyddsbehov - Kristdemokraterna i Ydre<\/title>\n<meta name=\"robots\" content=\"index, follow, max-snippet:-1, max-image-preview:large, max-video-preview:-1\" \/>\n<link rel=\"canonical\" href=\"https:\/\/wp.kristdemokraterna.se\/ydre\/2017-12-31-skyddsbehov\/\" \/>\n<meta property=\"og:locale\" content=\"sv_SE\" \/>\n<meta property=\"og:type\" content=\"article\" \/>\n<meta property=\"og:title\" content=\"2017-12-31 Skyddsbehov - Kristdemokraterna i Ydre\" \/>\n<meta property=\"og:description\" content=\"Ett av de nyare orden i v\u00e5rt spr\u00e5k \u00e4r\u00a0skyddsbehov\u00a0(\u00e5tminstone anv\u00e4nds ordet oftare nu). Man diskuterar vilka m\u00e4nniskor som har skyddsbehov. Alla har vi ju behov av att\u00a0n\u00e5gon skyddar oss.\u00a0Det har m\u00e4rkts under 2017 bl.a. genom de h\u00e4ndelser som gjort det st\u00f6rsta intrycket n\u00e4mligen terrord\u00e5det i Stockholm och #metoo-kampanjen. De skyddsbehov som v\u00e5r kommun fr\u00e4mst kommer L\u00e4s mer\" \/>\n<meta property=\"og:url\" content=\"https:\/\/wp.kristdemokraterna.se\/ydre\/2017-12-31-skyddsbehov\/\" \/>\n<meta property=\"og:site_name\" content=\"Kristdemokraterna i Ydre\" \/>\n<meta property=\"article:modified_time\" content=\"2018-07-07T18:27:23+00:00\" \/>\n<meta property=\"og:image\" content=\"http:\/\/ydrebo.se\/kd\/veckobrev2017\/gunga.JPG\" \/>\n<meta name=\"twitter:card\" content=\"summary_large_image\" \/>\n<meta name=\"twitter:label1\" content=\"Ber\u00e4knad l\u00e4stid\" \/>\n\t<meta name=\"twitter:data1\" content=\"1 minut\" \/>\n<script type=\"application\/ld+json\" class=\"yoast-schema-graph\">{\"@context\":\"https:\\\/\\\/schema.org\",\"@graph\":[{\"@type\":\"WebPage\",\"@id\":\"https:\\\/\\\/wp.kristdemokraterna.se\\\/ydre\\\/2017-12-31-skyddsbehov\\\/\",\"url\":\"https:\\\/\\\/wp.kristdemokraterna.se\\\/ydre\\\/2017-12-31-skyddsbehov\\\/\",\"name\":\"2017-12-31 Skyddsbehov - Kristdemokraterna i Ydre\",\"isPartOf\":{\"@id\":\"https:\\\/\\\/wp.kristdemokraterna.se\\\/ydre\\\/#website\"},\"primaryImageOfPage\":{\"@id\":\"https:\\\/\\\/wp.kristdemokraterna.se\\\/ydre\\\/2017-12-31-skyddsbehov\\\/#primaryimage\"},\"image\":{\"@id\":\"https:\\\/\\\/wp.kristdemokraterna.se\\\/ydre\\\/2017-12-31-skyddsbehov\\\/#primaryimage\"},\"thumbnailUrl\":\"http:\\\/\\\/ydrebo.se\\\/kd\\\/veckobrev2017\\\/gunga.JPG\",\"datePublished\":\"2018-07-07T18:26:54+00:00\",\"dateModified\":\"2018-07-07T18:27:23+00:00\",\"breadcrumb\":{\"@id\":\"https:\\\/\\\/wp.kristdemokraterna.se\\\/ydre\\\/2017-12-31-skyddsbehov\\\/#breadcrumb\"},\"inLanguage\":\"sv-SE\",\"potentialAction\":[{\"@type\":\"ReadAction\",\"target\":[\"https:\\\/\\\/wp.kristdemokraterna.se\\\/ydre\\\/2017-12-31-skyddsbehov\\\/\"]}]},{\"@type\":\"ImageObject\",\"inLanguage\":\"sv-SE\",\"@id\":\"https:\\\/\\\/wp.kristdemokraterna.se\\\/ydre\\\/2017-12-31-skyddsbehov\\\/#primaryimage\",\"url\":\"http:\\\/\\\/ydrebo.se\\\/kd\\\/veckobrev2017\\\/gunga.JPG\",\"contentUrl\":\"http:\\\/\\\/ydrebo.se\\\/kd\\\/veckobrev2017\\\/gunga.JPG\"},{\"@type\":\"BreadcrumbList\",\"@id\":\"https:\\\/\\\/wp.kristdemokraterna.se\\\/ydre\\\/2017-12-31-skyddsbehov\\\/#breadcrumb\",\"itemListElement\":[{\"@type\":\"ListItem\",\"position\":1,\"name\":\"Hem\",\"item\":\"https:\\\/\\\/wp.kristdemokraterna.se\\\/ydre\\\/\"},{\"@type\":\"ListItem\",\"position\":2,\"name\":\"2017-12-31 Skyddsbehov\"}]},{\"@type\":\"WebSite\",\"@id\":\"https:\\\/\\\/wp.kristdemokraterna.se\\\/ydre\\\/#website\",\"url\":\"https:\\\/\\\/wp.kristdemokraterna.se\\\/ydre\\\/\",\"name\":\"Kristdemokraterna i Ydre\",\"description\":\"En till Kristdemokraterna webbplats\",\"inLanguage\":\"sv-SE\"}]}<\/script>\n<!-- \/ Yoast SEO plugin. -->","yoast_head_json":{"title":"2017-12-31 Skyddsbehov - Kristdemokraterna i Ydre","robots":{"index":"index","follow":"follow","max-snippet":"max-snippet:-1","max-image-preview":"max-image-preview:large","max-video-preview":"max-video-preview:-1"},"canonical":"https:\/\/wp.kristdemokraterna.se\/ydre\/2017-12-31-skyddsbehov\/","og_locale":"sv_SE","og_type":"article","og_title":"2017-12-31 Skyddsbehov - Kristdemokraterna i Ydre","og_description":"Ett av de nyare orden i v\u00e5rt spr\u00e5k \u00e4r\u00a0skyddsbehov\u00a0(\u00e5tminstone anv\u00e4nds ordet oftare nu). Man diskuterar vilka m\u00e4nniskor som har skyddsbehov. Alla har vi ju behov av att\u00a0n\u00e5gon skyddar oss.\u00a0Det har m\u00e4rkts under 2017 bl.a. genom de h\u00e4ndelser som gjort det st\u00f6rsta intrycket n\u00e4mligen terrord\u00e5det i Stockholm och #metoo-kampanjen. De skyddsbehov som v\u00e5r kommun fr\u00e4mst kommer L\u00e4s mer","og_url":"https:\/\/wp.kristdemokraterna.se\/ydre\/2017-12-31-skyddsbehov\/","og_site_name":"Kristdemokraterna i Ydre","article_modified_time":"2018-07-07T18:27:23+00:00","og_image":[{"url":"http:\/\/ydrebo.se\/kd\/veckobrev2017\/gunga.JPG","type":"","width":"","height":""}],"twitter_card":"summary_large_image","twitter_misc":{"Ber\u00e4knad l\u00e4stid":"1 minut"},"schema":{"@context":"https:\/\/schema.org","@graph":[{"@type":"WebPage","@id":"https:\/\/wp.kristdemokraterna.se\/ydre\/2017-12-31-skyddsbehov\/","url":"https:\/\/wp.kristdemokraterna.se\/ydre\/2017-12-31-skyddsbehov\/","name":"2017-12-31 Skyddsbehov - Kristdemokraterna i Ydre","isPartOf":{"@id":"https:\/\/wp.kristdemokraterna.se\/ydre\/#website"},"primaryImageOfPage":{"@id":"https:\/\/wp.kristdemokraterna.se\/ydre\/2017-12-31-skyddsbehov\/#primaryimage"},"image":{"@id":"https:\/\/wp.kristdemokraterna.se\/ydre\/2017-12-31-skyddsbehov\/#primaryimage"},"thumbnailUrl":"http:\/\/ydrebo.se\/kd\/veckobrev2017\/gunga.JPG","datePublished":"2018-07-07T18:26:54+00:00","dateModified":"2018-07-07T18:27:23+00:00","breadcrumb":{"@id":"https:\/\/wp.kristdemokraterna.se\/ydre\/2017-12-31-skyddsbehov\/#breadcrumb"},"inLanguage":"sv-SE","potentialAction":[{"@type":"ReadAction","target":["https:\/\/wp.kristdemokraterna.se\/ydre\/2017-12-31-skyddsbehov\/"]}]},{"@type":"ImageObject","inLanguage":"sv-SE","@id":"https:\/\/wp.kristdemokraterna.se\/ydre\/2017-12-31-skyddsbehov\/#primaryimage","url":"http:\/\/ydrebo.se\/kd\/veckobrev2017\/gunga.JPG","contentUrl":"http:\/\/ydrebo.se\/kd\/veckobrev2017\/gunga.JPG"},{"@type":"BreadcrumbList","@id":"https:\/\/wp.kristdemokraterna.se\/ydre\/2017-12-31-skyddsbehov\/#breadcrumb","itemListElement":[{"@type":"ListItem","position":1,"name":"Hem","item":"https:\/\/wp.kristdemokraterna.se\/ydre\/"},{"@type":"ListItem","position":2,"name":"2017-12-31 Skyddsbehov"}]},{"@type":"WebSite","@id":"https:\/\/wp.kristdemokraterna.se\/ydre\/#website","url":"https:\/\/wp.kristdemokraterna.se\/ydre\/","name":"Kristdemokraterna i Ydre","description":"En till Kristdemokraterna webbplats","inLanguage":"sv-SE"}]}},"_links":{"self":[{"href":"https:\/\/wp.kristdemokraterna.se\/ydre\/wp-json\/wp\/v2\/pages\/896","targetHints":{"allow":["GET"]}}],"collection":[{"href":"https:\/\/wp.kristdemokraterna.se\/ydre\/wp-json\/wp\/v2\/pages"}],"about":[{"href":"https:\/\/wp.kristdemokraterna.se\/ydre\/wp-json\/wp\/v2\/types\/page"}],"author":[{"embeddable":true,"href":"https:\/\/wp.kristdemokraterna.se\/ydre\/wp-json\/wp\/v2\/users\/793"}],"replies":[{"embeddable":true,"href":"https:\/\/wp.kristdemokraterna.se\/ydre\/wp-json\/wp\/v2\/comments?post=896"}],"version-history":[{"count":2,"href":"https:\/\/wp.kristdemokraterna.se\/ydre\/wp-json\/wp\/v2\/pages\/896\/revisions"}],"predecessor-version":[{"id":898,"href":"https:\/\/wp.kristdemokraterna.se\/ydre\/wp-json\/wp\/v2\/pages\/896\/revisions\/898"}],"wp:attachment":[{"href":"https:\/\/wp.kristdemokraterna.se\/ydre\/wp-json\/wp\/v2\/media?parent=896"}],"curies":[{"name":"wp","href":"https:\/\/api.w.org\/{rel}","templated":true}]}}