{"id":907,"date":"2018-07-20T15:24:59","date_gmt":"2018-07-20T13:24:59","guid":{"rendered":"http:\/\/wp.kristdemokraterna.se\/ydre\/?page_id=907"},"modified":"2018-07-20T15:25:22","modified_gmt":"2018-07-20T13:25:22","slug":"2016-01-05-nu-rivs-europas-broar","status":"publish","type":"page","link":"https:\/\/wp.kristdemokraterna.se\/ydre\/2016-01-05-nu-rivs-europas-broar\/","title":{"rendered":"2016-01-05 Nu rivs Europas broar"},"content":{"rendered":"<p><img loading=\"lazy\" decoding=\"async\" src=\"http:\/\/ydrebo.se\/kd\/veckobrev2016\/bro.JPG\" width=\"600\" height=\"463\" \/><br \/>\n<i>P\u00e5 v\u00e4g mot Sverige \u00f6ver \u00d6resundsbron<\/i><\/p>\n<p>Ja inte bokstavligt och naturligtvis inte alla. Men det h\u00e5ller p\u00e5 att h\u00e4nda n\u00e5got med v\u00e5r v\u00e4rldsdel, n\u00e5got som \u00e4r mycket oroande.<br \/>\nDet har aldrig funnits s\u00e5 bra kommunikationer f\u00f6rut i Europa. V\u00e4rdet av bra f\u00f6rbindelser \u00e4r vi i Ydre v\u00e4l medvetna om s\u00e5 isolerad som v\u00e5r bygd har varit f\u00f6rr i tiden. Men det \u00e4r inte bara h\u00e4r som naturliga hinder har \u00f6vervunnits.<br \/>\nNya v\u00e4gar byggts genom sv\u00e5r terr\u00e4ng. L\u00e5nga tunnlar har byggts och byggs. Enorma broar har byggts. H\u00e4r i Sverige har vi t.ex. Essigneleden, Tj\u00f6rnleden och en stora bron vid H\u00f6ga Kusten. \u00c4nnu st\u00f6rre \u00e4r \u00d6landsbron och viktigare \u00e4nd\u00e5 \u00e4r \u00d6resundbron. Man funderar p\u00e5 \u00e4nnu st\u00f6rre broar bl.a. en mellan Sverige och Finland \u00f6ver \u00c5land.<br \/>\n\u00c4ntligen verkar det som om vi Europa slipper vara r\u00e4dda f\u00f6r krig mellan staterna. Nationsgr\u00e4nser har undan f\u00f6r undan betytt mindre. Det finns flera stadsomr\u00e5den som str\u00e4cker sig genom flera l\u00e4nder. T.ex. \u00e4r Haparanda och Torne\u00e5 som en sammanh\u00e4ngande stad.<br \/>\nMen det som varit t\u00e4nkt som det fr\u00e4msta exemplet p\u00e5 samarbete \u00f6ver nationsgr\u00e4nser har varit \u00d6resundsregionen. T.o.m. \u00d8resundst\u00e5gen har ett namn som \u00e4r en blandning av svenska och danska.<br \/>\nOch nu \u00e4r id\u00e9n med \u00d6resundsregionen i fara. Samh\u00f6righeten och den fria r\u00f6rligheten i Europa har f\u00e5tt sig en kn\u00e4ck. Hur skall detta kunna repareras?<br \/>\nDessutom drabbas de som b\u00e4sta av allt skulle beh\u00f6va f\u00e5 en asylans\u00f6kan pr\u00f6vad n\u00e4mligen de som behandlas s\u00e5 illa i sitt hemland att de inte kan eller v\u00e5gar f\u00f6rs\u00f6ka f\u00e5 personhanlingar f\u00f6r att kunna fly.<br \/>\nDet \u00e4r naturligtvis inte riktigt att s\u00e4ga att Europas broar rivs. Det \u00e4r Europa vi h\u00e5ller p\u00e5 att riva.<\/p>\n<p><i>Bengt Malm, ordf.<br \/>\n5 januari 2016<\/i><\/p>\n<p>&nbsp;<\/p>\n","protected":false},"excerpt":{"rendered":"<p>P\u00e5 v\u00e4g mot Sverige \u00f6ver \u00d6resundsbron Ja inte bokstavligt och naturligtvis inte alla. Men det h\u00e5ller p\u00e5 att h\u00e4nda n\u00e5got med v\u00e5r v\u00e4rldsdel, n\u00e5got som \u00e4r mycket oroande. Det har aldrig funnits s\u00e5 bra kommunikationer f\u00f6rut i Europa. V\u00e4rdet av bra f\u00f6rbindelser \u00e4r vi i Ydre v\u00e4l medvetna om s\u00e5 isolerad som v\u00e5r bygd har <a class=\"read-more-link\" href=\"https:\/\/wp.kristdemokraterna.se\/ydre\/2016-01-05-nu-rivs-europas-broar\/\">L\u00e4s mer<\/a><\/p>\n","protected":false},"author":793,"featured_media":0,"parent":0,"menu_order":0,"comment_status":"closed","ping_status":"closed","template":"","meta":{"_acf_changed":false,"footnotes":""},"class_list":["post-907","page","type-page","status-publish","hentry"],"acf":[],"yoast_head":"<!-- This site is optimized with the Yoast SEO plugin v27.5 - https:\/\/yoast.com\/product\/yoast-seo-wordpress\/ -->\n<title>2016-01-05 Nu rivs Europas broar - Kristdemokraterna i Ydre<\/title>\n<meta name=\"robots\" content=\"index, follow, max-snippet:-1, max-image-preview:large, max-video-preview:-1\" \/>\n<link rel=\"canonical\" href=\"https:\/\/wp.kristdemokraterna.se\/ydre\/2016-01-05-nu-rivs-europas-broar\/\" \/>\n<meta property=\"og:locale\" content=\"sv_SE\" \/>\n<meta property=\"og:type\" content=\"article\" \/>\n<meta property=\"og:title\" content=\"2016-01-05 Nu rivs Europas broar - Kristdemokraterna i Ydre\" \/>\n<meta property=\"og:description\" content=\"P\u00e5 v\u00e4g mot Sverige \u00f6ver \u00d6resundsbron Ja inte bokstavligt och naturligtvis inte alla. Men det h\u00e5ller p\u00e5 att h\u00e4nda n\u00e5got med v\u00e5r v\u00e4rldsdel, n\u00e5got som \u00e4r mycket oroande. Det har aldrig funnits s\u00e5 bra kommunikationer f\u00f6rut i Europa. V\u00e4rdet av bra f\u00f6rbindelser \u00e4r vi i Ydre v\u00e4l medvetna om s\u00e5 isolerad som v\u00e5r bygd har L\u00e4s mer\" \/>\n<meta property=\"og:url\" content=\"https:\/\/wp.kristdemokraterna.se\/ydre\/2016-01-05-nu-rivs-europas-broar\/\" \/>\n<meta property=\"og:site_name\" content=\"Kristdemokraterna i Ydre\" \/>\n<meta property=\"article:modified_time\" content=\"2018-07-20T13:25:22+00:00\" \/>\n<meta property=\"og:image\" content=\"http:\/\/ydrebo.se\/kd\/veckobrev2016\/bro.JPG\" \/>\n<meta name=\"twitter:card\" content=\"summary_large_image\" \/>\n<meta name=\"twitter:label1\" content=\"Ber\u00e4knad l\u00e4stid\" \/>\n\t<meta name=\"twitter:data1\" content=\"2 minuter\" \/>\n<script type=\"application\/ld+json\" class=\"yoast-schema-graph\">{\"@context\":\"https:\\\/\\\/schema.org\",\"@graph\":[{\"@type\":\"WebPage\",\"@id\":\"https:\\\/\\\/wp.kristdemokraterna.se\\\/ydre\\\/2016-01-05-nu-rivs-europas-broar\\\/\",\"url\":\"https:\\\/\\\/wp.kristdemokraterna.se\\\/ydre\\\/2016-01-05-nu-rivs-europas-broar\\\/\",\"name\":\"2016-01-05 Nu rivs Europas broar - Kristdemokraterna i Ydre\",\"isPartOf\":{\"@id\":\"https:\\\/\\\/wp.kristdemokraterna.se\\\/ydre\\\/#website\"},\"primaryImageOfPage\":{\"@id\":\"https:\\\/\\\/wp.kristdemokraterna.se\\\/ydre\\\/2016-01-05-nu-rivs-europas-broar\\\/#primaryimage\"},\"image\":{\"@id\":\"https:\\\/\\\/wp.kristdemokraterna.se\\\/ydre\\\/2016-01-05-nu-rivs-europas-broar\\\/#primaryimage\"},\"thumbnailUrl\":\"http:\\\/\\\/ydrebo.se\\\/kd\\\/veckobrev2016\\\/bro.JPG\",\"datePublished\":\"2018-07-20T13:24:59+00:00\",\"dateModified\":\"2018-07-20T13:25:22+00:00\",\"breadcrumb\":{\"@id\":\"https:\\\/\\\/wp.kristdemokraterna.se\\\/ydre\\\/2016-01-05-nu-rivs-europas-broar\\\/#breadcrumb\"},\"inLanguage\":\"sv-SE\",\"potentialAction\":[{\"@type\":\"ReadAction\",\"target\":[\"https:\\\/\\\/wp.kristdemokraterna.se\\\/ydre\\\/2016-01-05-nu-rivs-europas-broar\\\/\"]}]},{\"@type\":\"ImageObject\",\"inLanguage\":\"sv-SE\",\"@id\":\"https:\\\/\\\/wp.kristdemokraterna.se\\\/ydre\\\/2016-01-05-nu-rivs-europas-broar\\\/#primaryimage\",\"url\":\"http:\\\/\\\/ydrebo.se\\\/kd\\\/veckobrev2016\\\/bro.JPG\",\"contentUrl\":\"http:\\\/\\\/ydrebo.se\\\/kd\\\/veckobrev2016\\\/bro.JPG\"},{\"@type\":\"BreadcrumbList\",\"@id\":\"https:\\\/\\\/wp.kristdemokraterna.se\\\/ydre\\\/2016-01-05-nu-rivs-europas-broar\\\/#breadcrumb\",\"itemListElement\":[{\"@type\":\"ListItem\",\"position\":1,\"name\":\"Hem\",\"item\":\"https:\\\/\\\/wp.kristdemokraterna.se\\\/ydre\\\/\"},{\"@type\":\"ListItem\",\"position\":2,\"name\":\"2016-01-05 Nu rivs Europas broar\"}]},{\"@type\":\"WebSite\",\"@id\":\"https:\\\/\\\/wp.kristdemokraterna.se\\\/ydre\\\/#website\",\"url\":\"https:\\\/\\\/wp.kristdemokraterna.se\\\/ydre\\\/\",\"name\":\"Kristdemokraterna i Ydre\",\"description\":\"En till Kristdemokraterna webbplats\",\"inLanguage\":\"sv-SE\"}]}<\/script>\n<!-- \/ Yoast SEO plugin. -->","yoast_head_json":{"title":"2016-01-05 Nu rivs Europas broar - Kristdemokraterna i Ydre","robots":{"index":"index","follow":"follow","max-snippet":"max-snippet:-1","max-image-preview":"max-image-preview:large","max-video-preview":"max-video-preview:-1"},"canonical":"https:\/\/wp.kristdemokraterna.se\/ydre\/2016-01-05-nu-rivs-europas-broar\/","og_locale":"sv_SE","og_type":"article","og_title":"2016-01-05 Nu rivs Europas broar - Kristdemokraterna i Ydre","og_description":"P\u00e5 v\u00e4g mot Sverige \u00f6ver \u00d6resundsbron Ja inte bokstavligt och naturligtvis inte alla. Men det h\u00e5ller p\u00e5 att h\u00e4nda n\u00e5got med v\u00e5r v\u00e4rldsdel, n\u00e5got som \u00e4r mycket oroande. Det har aldrig funnits s\u00e5 bra kommunikationer f\u00f6rut i Europa. V\u00e4rdet av bra f\u00f6rbindelser \u00e4r vi i Ydre v\u00e4l medvetna om s\u00e5 isolerad som v\u00e5r bygd har L\u00e4s mer","og_url":"https:\/\/wp.kristdemokraterna.se\/ydre\/2016-01-05-nu-rivs-europas-broar\/","og_site_name":"Kristdemokraterna i Ydre","article_modified_time":"2018-07-20T13:25:22+00:00","og_image":[{"url":"http:\/\/ydrebo.se\/kd\/veckobrev2016\/bro.JPG","type":"","width":"","height":""}],"twitter_card":"summary_large_image","twitter_misc":{"Ber\u00e4knad l\u00e4stid":"2 minuter"},"schema":{"@context":"https:\/\/schema.org","@graph":[{"@type":"WebPage","@id":"https:\/\/wp.kristdemokraterna.se\/ydre\/2016-01-05-nu-rivs-europas-broar\/","url":"https:\/\/wp.kristdemokraterna.se\/ydre\/2016-01-05-nu-rivs-europas-broar\/","name":"2016-01-05 Nu rivs Europas broar - Kristdemokraterna i Ydre","isPartOf":{"@id":"https:\/\/wp.kristdemokraterna.se\/ydre\/#website"},"primaryImageOfPage":{"@id":"https:\/\/wp.kristdemokraterna.se\/ydre\/2016-01-05-nu-rivs-europas-broar\/#primaryimage"},"image":{"@id":"https:\/\/wp.kristdemokraterna.se\/ydre\/2016-01-05-nu-rivs-europas-broar\/#primaryimage"},"thumbnailUrl":"http:\/\/ydrebo.se\/kd\/veckobrev2016\/bro.JPG","datePublished":"2018-07-20T13:24:59+00:00","dateModified":"2018-07-20T13:25:22+00:00","breadcrumb":{"@id":"https:\/\/wp.kristdemokraterna.se\/ydre\/2016-01-05-nu-rivs-europas-broar\/#breadcrumb"},"inLanguage":"sv-SE","potentialAction":[{"@type":"ReadAction","target":["https:\/\/wp.kristdemokraterna.se\/ydre\/2016-01-05-nu-rivs-europas-broar\/"]}]},{"@type":"ImageObject","inLanguage":"sv-SE","@id":"https:\/\/wp.kristdemokraterna.se\/ydre\/2016-01-05-nu-rivs-europas-broar\/#primaryimage","url":"http:\/\/ydrebo.se\/kd\/veckobrev2016\/bro.JPG","contentUrl":"http:\/\/ydrebo.se\/kd\/veckobrev2016\/bro.JPG"},{"@type":"BreadcrumbList","@id":"https:\/\/wp.kristdemokraterna.se\/ydre\/2016-01-05-nu-rivs-europas-broar\/#breadcrumb","itemListElement":[{"@type":"ListItem","position":1,"name":"Hem","item":"https:\/\/wp.kristdemokraterna.se\/ydre\/"},{"@type":"ListItem","position":2,"name":"2016-01-05 Nu rivs Europas broar"}]},{"@type":"WebSite","@id":"https:\/\/wp.kristdemokraterna.se\/ydre\/#website","url":"https:\/\/wp.kristdemokraterna.se\/ydre\/","name":"Kristdemokraterna i Ydre","description":"En till Kristdemokraterna webbplats","inLanguage":"sv-SE"}]}},"_links":{"self":[{"href":"https:\/\/wp.kristdemokraterna.se\/ydre\/wp-json\/wp\/v2\/pages\/907","targetHints":{"allow":["GET"]}}],"collection":[{"href":"https:\/\/wp.kristdemokraterna.se\/ydre\/wp-json\/wp\/v2\/pages"}],"about":[{"href":"https:\/\/wp.kristdemokraterna.se\/ydre\/wp-json\/wp\/v2\/types\/page"}],"author":[{"embeddable":true,"href":"https:\/\/wp.kristdemokraterna.se\/ydre\/wp-json\/wp\/v2\/users\/793"}],"replies":[{"embeddable":true,"href":"https:\/\/wp.kristdemokraterna.se\/ydre\/wp-json\/wp\/v2\/comments?post=907"}],"version-history":[{"count":2,"href":"https:\/\/wp.kristdemokraterna.se\/ydre\/wp-json\/wp\/v2\/pages\/907\/revisions"}],"predecessor-version":[{"id":909,"href":"https:\/\/wp.kristdemokraterna.se\/ydre\/wp-json\/wp\/v2\/pages\/907\/revisions\/909"}],"wp:attachment":[{"href":"https:\/\/wp.kristdemokraterna.se\/ydre\/wp-json\/wp\/v2\/media?parent=907"}],"curies":[{"name":"wp","href":"https:\/\/api.w.org\/{rel}","templated":true}]}}