{"id":916,"date":"2018-07-20T15:32:26","date_gmt":"2018-07-20T13:32:26","guid":{"rendered":"http:\/\/wp.kristdemokraterna.se\/ydre\/?page_id=916"},"modified":"2018-07-20T15:33:03","modified_gmt":"2018-07-20T13:33:03","slug":"2016-01-20-upp-till-val","status":"publish","type":"page","link":"https:\/\/wp.kristdemokraterna.se\/ydre\/2016-01-20-upp-till-val\/","title":{"rendered":"2016-01-20 Upp till val!"},"content":{"rendered":"<p>Det \u00e4r de som g\u00e5r i \u00e5rskurs 9 som skall v\u00e4lja. Det blir ett val som kommer att p\u00e5verka hela deras framtid. Vilket program skall de v\u00e4lja p\u00e5 gymnasiet? Skall de redan nu v\u00e4lja ett visst yrkesf\u00f6reberedande program?<br \/>\nStora rikstidningar har l\u00e5nga artiklar med goda r\u00e5d inf\u00f6r valet. \u00c5tskilliga gymnasier har kostat p\u00e5 sig att annonsera om sina f\u00f6retr\u00e4den. Ja, vad skall ungdomarna v\u00e4lja?<br \/>\nKanske man kan f\u00f6resl\u00e5 att de \u00e5tminstone funderar p\u00e5 ett bristyrke, ett d\u00e4r det finns mycket stor efterfr\u00e5gan p\u00e5 ut\u00f6varna. Det finns \u00e5tskilliga s\u00e5dana. H\u00e4r i Ydre har vi bl.a. sv\u00e5rt att f\u00e5 medarbetare till barnomsorgen. Hur kan det komma sig? Det \u00e4r ju s\u00e5 underbart att f\u00e5 arbeta med barn.<\/p>\n<p><img loading=\"lazy\" decoding=\"async\" src=\"http:\/\/ydrebo.se\/kd\/veckobrev2016\/vallvagen.JPG\" width=\"600\" height=\"451\" \/><br \/>\n<i>I denna lugna del av \u00d6sterbymo finns nu en f\u00f6rskola i ett av husen p\u00e5 gatan.<br \/>\nDet gl\u00e4der dem som bor h\u00e4r.<\/i><\/p>\n<p>Klockan \u00e4r fem p\u00e5 morgonen. Det \u00e4r kallt och m\u00f6rkt. D\u00e5 ringer telefonen. Det \u00e4r en kollega p\u00e5 f\u00f6rskolan som talar om att den som skall \u00f6ppna har blivit sjuk. &#8221;Kan du \u00f6ppna?&#8221;<br \/>\nDet \u00e4r bara att ge sig iv\u00e4g. F\u00f6rskolan \u00f6ppnar kvart i sex och st\u00e4nger f\u00f6rst sent p\u00e5 eftermiddagen. Det blir snart ganska fullt med barn p\u00e5 alla avdelningar. Fast str\u00e4ngt taget \u00e4r inte alla barn d\u00e4r samtidigt och inte alla i personalen heller.<br \/>\nS\u00e5 \u00e4r det dags att byta bl\u00f6ja p\u00e5 en av de sm\u00e5. Just d\u00e5 \u00e4r det bara en barnsk\u00f6tare till p\u00e5 avdelningen. Hon (f\u00f6r det \u00e4r n\u00e4stan alltid en hon) f\u00e5r ta hand om alla de andra barnen s\u00e5 l\u00e4nge.<br \/>\nBarnet skall allts\u00e5 lyftas upp p\u00e5 sk\u00f6tbordet. Det blir ett av de or\u00e4kneliga lyften som kommer dag efter dag, \u00e5r efter \u00e5r. Forna tiders hemmafruar hade (i alla fall en del av dem) m\u00e5nga barn. Men de hade inte s\u00e5 m\u00e5nga sm\u00e5barn att ta hand om samtidigt och inte under s\u00e5 m\u00e5nga \u00e5r heller. Men i Ydre finns det \u00e5tminstone en som arbetat i n\u00e4stan 40 \u00e5r med barn i v\u00e5r kommun. Hur m\u00e5nga lyft kan det ha blivit under den tiden?<br \/>\nHur g\u00e5r det med ryggen f\u00f6r dem som arbetar p\u00e5 f\u00f6rskolan? Jo, det \u00e4r mer regel \u00e4n undantag att det blir ryggbesv\u00e4r. Det g\u00e5r att f\u00e5 viss behandling (t.ex. massage). Men det \u00e4r s\u00e5 dags n\u00e4r ryggen \u00e4r f\u00f6rst\u00f6rd.<br \/>\nEn dag kom faktiskt en h\u00f6g chef p\u00e5 bes\u00f6k. Hon h\u00f6ll f\u00f6r \u00f6ronen f\u00f6r ljudniv\u00e5n \u00e4r oacceptabelt h\u00f6g. H\u00f6rselbesv\u00e4r \u00e4r en yrkessjukdom. Man kan undra hur barnens h\u00f6rsel p\u00e5verkas.<br \/>\nDet heter att barnen skall tas om hand av pedagogiskt utbildad personal. F\u00f6r barnen \u00e4r ju d\u00e4r f\u00f6r utbildning. Men det finns inte s\u00e5 m\u00e5nga f\u00f6rskoll\u00e4rare att det r\u00e4cker till en \u00e5t varje avdelning. Det \u00e4r likadant i hela Sverige. Varf\u00f6r vill inte fler ungdomar arbeta i barnomsorgen? Nu blir det stressigt f\u00f6r dem som finns d\u00e4r. Och det finns n\u00e4stan inga vikarier att f\u00e5.<br \/>\nMen t\u00e4nk att f\u00e5 krypa p\u00e5 golvet med sm\u00e5ttingarna! Fast det blir r\u00e4tt kallt d\u00e4r n\u00e4r det \u00e4r str\u00e4ng kyla ute. F\u00f6r v\u00e4rmesystemet \u00e4r underdimensionerat.<br \/>\nLokalerna \u00e4r bra i \u00d6sterbymos st\u00f6rsta f\u00f6rskola. Men det m\u00e4rks mycket v\u00e4l b\u00e5de inne och ute att den \u00e4r byggd p\u00e5 det sankaste st\u00e4lle som g\u00e5r att hitta i samh\u00e4llet. Det p\u00e5st\u00e5s att tekniska kontorets ledning hade velat bygga p\u00e5 h\u00e4lleberget en bit d\u00e4rifr\u00e5n.<br \/>\nUtemilj\u00f6n skulle varit bra om det inte vore f\u00f6r att marken sjunker och att en hel del av lekredskapen inte passar f\u00f6r s\u00e5 sm\u00e5 barn. Men vem skall man tala om det f\u00f6r? Finns det en chans att politikerna skulle lyssna?<br \/>\nMen det \u00e4r \u00e4nd\u00e5 en gl\u00e4dje att f\u00e5 vara h\u00e4r. Det \u00e4r det trots att ryggen h\u00e5ller p\u00e5 att bli utsliten, trots att det blir problem med h\u00f6rseln, trots all stress och risken f\u00f6r utbr\u00e4ndhet.<br \/>\nF\u00f6r det \u00e4r ju ett arbete med barn, det b\u00e4sta som finns. T\u00e4nk att det finns f\u00f6r\u00e4ldrar som avst\u00e5r fr\u00e5n detta! T\u00e4nk att det finns f\u00f6r\u00e4ldrar som\u00a0<i>frivilligt<\/i>\u00a0l\u00e4mnar bort sina barn en s\u00e5 stor del av sin tid! F\u00f6r visst \u00e4r det v\u00e4l frivilligt?<\/p>\n<p><i>Bengt Malm, ordf.<br \/>\n20 januari 2016<\/i><\/p>\n<p><img loading=\"lazy\" decoding=\"async\" src=\"http:\/\/ydrebo.se\/kd\/veckobrev2016\/lekplats.JPG\" width=\"600\" height=\"461\" \/><br \/>\n<i>Gammal lekplats i \u00d6sterbymo<\/i><\/p>\n","protected":false},"excerpt":{"rendered":"<p>Det \u00e4r de som g\u00e5r i \u00e5rskurs 9 som skall v\u00e4lja. Det blir ett val som kommer att p\u00e5verka hela deras framtid. Vilket program skall de v\u00e4lja p\u00e5 gymnasiet? Skall de redan nu v\u00e4lja ett visst yrkesf\u00f6reberedande program? Stora rikstidningar har l\u00e5nga artiklar med goda r\u00e5d inf\u00f6r valet. \u00c5tskilliga gymnasier har kostat p\u00e5 sig att <a class=\"read-more-link\" href=\"https:\/\/wp.kristdemokraterna.se\/ydre\/2016-01-20-upp-till-val\/\">L\u00e4s mer<\/a><\/p>\n","protected":false},"author":793,"featured_media":0,"parent":0,"menu_order":0,"comment_status":"closed","ping_status":"closed","template":"","meta":{"_acf_changed":false,"footnotes":""},"class_list":["post-916","page","type-page","status-publish","hentry"],"acf":[],"yoast_head":"<!-- This site is optimized with the Yoast SEO plugin v27.5 - https:\/\/yoast.com\/product\/yoast-seo-wordpress\/ -->\n<title>2016-01-20 Upp till val! - Kristdemokraterna i Ydre<\/title>\n<meta name=\"robots\" content=\"index, follow, max-snippet:-1, max-image-preview:large, max-video-preview:-1\" \/>\n<link rel=\"canonical\" href=\"https:\/\/wp.kristdemokraterna.se\/ydre\/2016-01-20-upp-till-val\/\" \/>\n<meta property=\"og:locale\" content=\"sv_SE\" \/>\n<meta property=\"og:type\" content=\"article\" \/>\n<meta property=\"og:title\" content=\"2016-01-20 Upp till val! - Kristdemokraterna i Ydre\" \/>\n<meta property=\"og:description\" content=\"Det \u00e4r de som g\u00e5r i \u00e5rskurs 9 som skall v\u00e4lja. Det blir ett val som kommer att p\u00e5verka hela deras framtid. Vilket program skall de v\u00e4lja p\u00e5 gymnasiet? Skall de redan nu v\u00e4lja ett visst yrkesf\u00f6reberedande program? Stora rikstidningar har l\u00e5nga artiklar med goda r\u00e5d inf\u00f6r valet. \u00c5tskilliga gymnasier har kostat p\u00e5 sig att L\u00e4s mer\" \/>\n<meta property=\"og:url\" content=\"https:\/\/wp.kristdemokraterna.se\/ydre\/2016-01-20-upp-till-val\/\" \/>\n<meta property=\"og:site_name\" content=\"Kristdemokraterna i Ydre\" \/>\n<meta property=\"article:modified_time\" content=\"2018-07-20T13:33:03+00:00\" \/>\n<meta property=\"og:image\" content=\"http:\/\/ydrebo.se\/kd\/veckobrev2016\/vallvagen.JPG\" \/>\n<meta name=\"twitter:card\" content=\"summary_large_image\" \/>\n<meta name=\"twitter:label1\" content=\"Ber\u00e4knad l\u00e4stid\" \/>\n\t<meta name=\"twitter:data1\" content=\"4 minuter\" \/>\n<script type=\"application\/ld+json\" class=\"yoast-schema-graph\">{\"@context\":\"https:\\\/\\\/schema.org\",\"@graph\":[{\"@type\":\"WebPage\",\"@id\":\"https:\\\/\\\/wp.kristdemokraterna.se\\\/ydre\\\/2016-01-20-upp-till-val\\\/\",\"url\":\"https:\\\/\\\/wp.kristdemokraterna.se\\\/ydre\\\/2016-01-20-upp-till-val\\\/\",\"name\":\"2016-01-20 Upp till val! - Kristdemokraterna i Ydre\",\"isPartOf\":{\"@id\":\"https:\\\/\\\/wp.kristdemokraterna.se\\\/ydre\\\/#website\"},\"primaryImageOfPage\":{\"@id\":\"https:\\\/\\\/wp.kristdemokraterna.se\\\/ydre\\\/2016-01-20-upp-till-val\\\/#primaryimage\"},\"image\":{\"@id\":\"https:\\\/\\\/wp.kristdemokraterna.se\\\/ydre\\\/2016-01-20-upp-till-val\\\/#primaryimage\"},\"thumbnailUrl\":\"http:\\\/\\\/ydrebo.se\\\/kd\\\/veckobrev2016\\\/vallvagen.JPG\",\"datePublished\":\"2018-07-20T13:32:26+00:00\",\"dateModified\":\"2018-07-20T13:33:03+00:00\",\"breadcrumb\":{\"@id\":\"https:\\\/\\\/wp.kristdemokraterna.se\\\/ydre\\\/2016-01-20-upp-till-val\\\/#breadcrumb\"},\"inLanguage\":\"sv-SE\",\"potentialAction\":[{\"@type\":\"ReadAction\",\"target\":[\"https:\\\/\\\/wp.kristdemokraterna.se\\\/ydre\\\/2016-01-20-upp-till-val\\\/\"]}]},{\"@type\":\"ImageObject\",\"inLanguage\":\"sv-SE\",\"@id\":\"https:\\\/\\\/wp.kristdemokraterna.se\\\/ydre\\\/2016-01-20-upp-till-val\\\/#primaryimage\",\"url\":\"http:\\\/\\\/ydrebo.se\\\/kd\\\/veckobrev2016\\\/vallvagen.JPG\",\"contentUrl\":\"http:\\\/\\\/ydrebo.se\\\/kd\\\/veckobrev2016\\\/vallvagen.JPG\"},{\"@type\":\"BreadcrumbList\",\"@id\":\"https:\\\/\\\/wp.kristdemokraterna.se\\\/ydre\\\/2016-01-20-upp-till-val\\\/#breadcrumb\",\"itemListElement\":[{\"@type\":\"ListItem\",\"position\":1,\"name\":\"Hem\",\"item\":\"https:\\\/\\\/wp.kristdemokraterna.se\\\/ydre\\\/\"},{\"@type\":\"ListItem\",\"position\":2,\"name\":\"2016-01-20 Upp till val!\"}]},{\"@type\":\"WebSite\",\"@id\":\"https:\\\/\\\/wp.kristdemokraterna.se\\\/ydre\\\/#website\",\"url\":\"https:\\\/\\\/wp.kristdemokraterna.se\\\/ydre\\\/\",\"name\":\"Kristdemokraterna i Ydre\",\"description\":\"En till Kristdemokraterna webbplats\",\"inLanguage\":\"sv-SE\"}]}<\/script>\n<!-- \/ Yoast SEO plugin. -->","yoast_head_json":{"title":"2016-01-20 Upp till val! - Kristdemokraterna i Ydre","robots":{"index":"index","follow":"follow","max-snippet":"max-snippet:-1","max-image-preview":"max-image-preview:large","max-video-preview":"max-video-preview:-1"},"canonical":"https:\/\/wp.kristdemokraterna.se\/ydre\/2016-01-20-upp-till-val\/","og_locale":"sv_SE","og_type":"article","og_title":"2016-01-20 Upp till val! - Kristdemokraterna i Ydre","og_description":"Det \u00e4r de som g\u00e5r i \u00e5rskurs 9 som skall v\u00e4lja. Det blir ett val som kommer att p\u00e5verka hela deras framtid. Vilket program skall de v\u00e4lja p\u00e5 gymnasiet? Skall de redan nu v\u00e4lja ett visst yrkesf\u00f6reberedande program? Stora rikstidningar har l\u00e5nga artiklar med goda r\u00e5d inf\u00f6r valet. \u00c5tskilliga gymnasier har kostat p\u00e5 sig att L\u00e4s mer","og_url":"https:\/\/wp.kristdemokraterna.se\/ydre\/2016-01-20-upp-till-val\/","og_site_name":"Kristdemokraterna i Ydre","article_modified_time":"2018-07-20T13:33:03+00:00","og_image":[{"url":"http:\/\/ydrebo.se\/kd\/veckobrev2016\/vallvagen.JPG","type":"","width":"","height":""}],"twitter_card":"summary_large_image","twitter_misc":{"Ber\u00e4knad l\u00e4stid":"4 minuter"},"schema":{"@context":"https:\/\/schema.org","@graph":[{"@type":"WebPage","@id":"https:\/\/wp.kristdemokraterna.se\/ydre\/2016-01-20-upp-till-val\/","url":"https:\/\/wp.kristdemokraterna.se\/ydre\/2016-01-20-upp-till-val\/","name":"2016-01-20 Upp till val! - Kristdemokraterna i Ydre","isPartOf":{"@id":"https:\/\/wp.kristdemokraterna.se\/ydre\/#website"},"primaryImageOfPage":{"@id":"https:\/\/wp.kristdemokraterna.se\/ydre\/2016-01-20-upp-till-val\/#primaryimage"},"image":{"@id":"https:\/\/wp.kristdemokraterna.se\/ydre\/2016-01-20-upp-till-val\/#primaryimage"},"thumbnailUrl":"http:\/\/ydrebo.se\/kd\/veckobrev2016\/vallvagen.JPG","datePublished":"2018-07-20T13:32:26+00:00","dateModified":"2018-07-20T13:33:03+00:00","breadcrumb":{"@id":"https:\/\/wp.kristdemokraterna.se\/ydre\/2016-01-20-upp-till-val\/#breadcrumb"},"inLanguage":"sv-SE","potentialAction":[{"@type":"ReadAction","target":["https:\/\/wp.kristdemokraterna.se\/ydre\/2016-01-20-upp-till-val\/"]}]},{"@type":"ImageObject","inLanguage":"sv-SE","@id":"https:\/\/wp.kristdemokraterna.se\/ydre\/2016-01-20-upp-till-val\/#primaryimage","url":"http:\/\/ydrebo.se\/kd\/veckobrev2016\/vallvagen.JPG","contentUrl":"http:\/\/ydrebo.se\/kd\/veckobrev2016\/vallvagen.JPG"},{"@type":"BreadcrumbList","@id":"https:\/\/wp.kristdemokraterna.se\/ydre\/2016-01-20-upp-till-val\/#breadcrumb","itemListElement":[{"@type":"ListItem","position":1,"name":"Hem","item":"https:\/\/wp.kristdemokraterna.se\/ydre\/"},{"@type":"ListItem","position":2,"name":"2016-01-20 Upp till val!"}]},{"@type":"WebSite","@id":"https:\/\/wp.kristdemokraterna.se\/ydre\/#website","url":"https:\/\/wp.kristdemokraterna.se\/ydre\/","name":"Kristdemokraterna i Ydre","description":"En till Kristdemokraterna webbplats","inLanguage":"sv-SE"}]}},"_links":{"self":[{"href":"https:\/\/wp.kristdemokraterna.se\/ydre\/wp-json\/wp\/v2\/pages\/916","targetHints":{"allow":["GET"]}}],"collection":[{"href":"https:\/\/wp.kristdemokraterna.se\/ydre\/wp-json\/wp\/v2\/pages"}],"about":[{"href":"https:\/\/wp.kristdemokraterna.se\/ydre\/wp-json\/wp\/v2\/types\/page"}],"author":[{"embeddable":true,"href":"https:\/\/wp.kristdemokraterna.se\/ydre\/wp-json\/wp\/v2\/users\/793"}],"replies":[{"embeddable":true,"href":"https:\/\/wp.kristdemokraterna.se\/ydre\/wp-json\/wp\/v2\/comments?post=916"}],"version-history":[{"count":2,"href":"https:\/\/wp.kristdemokraterna.se\/ydre\/wp-json\/wp\/v2\/pages\/916\/revisions"}],"predecessor-version":[{"id":918,"href":"https:\/\/wp.kristdemokraterna.se\/ydre\/wp-json\/wp\/v2\/pages\/916\/revisions\/918"}],"wp:attachment":[{"href":"https:\/\/wp.kristdemokraterna.se\/ydre\/wp-json\/wp\/v2\/media?parent=916"}],"curies":[{"name":"wp","href":"https:\/\/api.w.org\/{rel}","templated":true}]}}