{"id":920,"date":"2018-07-20T15:37:15","date_gmt":"2018-07-20T13:37:15","guid":{"rendered":"http:\/\/wp.kristdemokraterna.se\/ydre\/?page_id=920"},"modified":"2018-07-20T15:39:46","modified_gmt":"2018-07-20T13:39:46","slug":"2016-01-26-bara-vanligt-vatten","status":"publish","type":"page","link":"https:\/\/wp.kristdemokraterna.se\/ydre\/2016-01-26-bara-vanligt-vatten\/","title":{"rendered":"2016-01-28 Bara vanligt vatten"},"content":{"rendered":"<p>Det var i skymningen det h\u00e4nde. De kom i en till synes o\u00e4ndlig rad. De flesta var unga flickor, somliga bara barn. Alla var de p\u00e5 v\u00e4g \u00e5t samma h\u00e5ll. Och alla bar de en pl\u00e5tdunk p\u00e5 huvudet.<br \/>\nS\u00e5 har unga flickor g\u00e5tt i Mellan\u00f6stern dag efter dag, \u00e5rtusende efter \u00e5rtusende.. De har g\u00e5tt f\u00f6r att h\u00e4mta vatten \u00e5t sin familj. (Fast f\u00f6rr i tiden hade de inte pl\u00e5tdunkar.)<br \/>\nVad \u00e4r den viktigaste uppgiften f\u00f6r ett ordnat samh\u00e4lle? Vad m\u00e5ste finnas varje dag?<br \/>\nEtt samh\u00e4lle har \u00e5tskilliga livsviktiga uppgifter. Men varje dag m\u00e5ste det finnas vatten. I forntiden m\u00e5ste det finnas minst en brunn i eller strax utanf\u00f6r varje by och stad. F\u00f6r en del st\u00f6rre st\u00e4der byggdes vattenledningar reden i antiken.<br \/>\nP\u00e5 m\u00e5nga h\u00e5ll i v\u00e4rlden \u00e4r vattenf\u00f6rs\u00f6rjningen att problem. Stora omr\u00e5den drabbas av l\u00e5ngvarig torka (kanske p\u00e5 grund av klimatf\u00f6r\u00e4ndringar). Stora st\u00e4der ligger p\u00e5 st\u00e4llen d\u00e4r allt vatten inom r\u00e4ckh\u00e5ll snart \u00e4r slut. Grundvattenniv\u00e5n sjunker, floder sinar och sj\u00f6ar torkar ut (som t.ex. den v\u00e4ldiga\u00a0Aralsj\u00f6n i Centralasien) Ofta beror det p\u00e5 att mycket vatten anv\u00e4nds till jordbruk och industrier.<br \/>\nI Ydre har vi gott om vatten. De som bor p\u00e5 landet har egna vattent\u00e4kter. Men vi har en l\u00e5ng rad samh\u00e4llen, s\u00e5 det finns ett tiotal vattenverk och lika m\u00e5nga avloppsreningsverk.<br \/>\nDet stora problemet \u00e4r att v\u00e5ra kommunala vattenledningar \u00e4r gamla och h\u00e5ller p\u00e5 att rosta s\u00f6nder. D\u00e5 och d\u00e5 blir det en l\u00e4cka. Egentligen borde alla ledningsn\u00e4ten gr\u00e4vas upp och bytas ut. Men det har vi inte r\u00e5d med. S\u00e5 vi f\u00e5r ta hand om l\u00e4ckorna n\u00e4r de uppkommer. Och d\u00e5 m\u00e4rks det hur viktig vattenf\u00f6rs\u00f6rjningen \u00e4r.<br \/>\nFinns det n\u00e5gonting man \u00e4nd\u00e5 kan g\u00f6ra f\u00f6r att f\u00f6rb\u00e4ttra situationen?<\/p>\n<p><img loading=\"lazy\" decoding=\"async\" src=\"http:\/\/ydrebo.se\/kd\/veckobrev\/osterfors.JPG\" width=\"600\" height=\"450\" \/><br \/>\n<i>F\u00f6r mycket vatten (\u00d6sterfors smedja).<\/i><\/p>\n<p><i>Bengt Malm, ordf.<br \/>\n28 januari 2016<\/i><\/p>\n<p>&nbsp;<\/p>\n","protected":false},"excerpt":{"rendered":"<p>Det var i skymningen det h\u00e4nde. De kom i en till synes o\u00e4ndlig rad. De flesta var unga flickor, somliga bara barn. Alla var de p\u00e5 v\u00e4g \u00e5t samma h\u00e5ll. Och alla bar de en pl\u00e5tdunk p\u00e5 huvudet. S\u00e5 har unga flickor g\u00e5tt i Mellan\u00f6stern dag efter dag, \u00e5rtusende efter \u00e5rtusende.. De har g\u00e5tt f\u00f6r <a class=\"read-more-link\" href=\"https:\/\/wp.kristdemokraterna.se\/ydre\/2016-01-26-bara-vanligt-vatten\/\">L\u00e4s mer<\/a><\/p>\n","protected":false},"author":793,"featured_media":0,"parent":0,"menu_order":0,"comment_status":"closed","ping_status":"closed","template":"","meta":{"_acf_changed":false,"footnotes":""},"class_list":["post-920","page","type-page","status-publish","hentry"],"acf":[],"yoast_head":"<!-- This site is optimized with the Yoast SEO plugin v27.5 - https:\/\/yoast.com\/product\/yoast-seo-wordpress\/ -->\n<title>2016-01-28 Bara vanligt vatten - Kristdemokraterna i Ydre<\/title>\n<meta name=\"robots\" content=\"index, follow, max-snippet:-1, max-image-preview:large, max-video-preview:-1\" \/>\n<link rel=\"canonical\" href=\"https:\/\/wp.kristdemokraterna.se\/ydre\/2016-01-26-bara-vanligt-vatten\/\" \/>\n<meta property=\"og:locale\" content=\"sv_SE\" \/>\n<meta property=\"og:type\" content=\"article\" \/>\n<meta property=\"og:title\" content=\"2016-01-28 Bara vanligt vatten - Kristdemokraterna i Ydre\" \/>\n<meta property=\"og:description\" content=\"Det var i skymningen det h\u00e4nde. De kom i en till synes o\u00e4ndlig rad. De flesta var unga flickor, somliga bara barn. Alla var de p\u00e5 v\u00e4g \u00e5t samma h\u00e5ll. Och alla bar de en pl\u00e5tdunk p\u00e5 huvudet. S\u00e5 har unga flickor g\u00e5tt i Mellan\u00f6stern dag efter dag, \u00e5rtusende efter \u00e5rtusende.. De har g\u00e5tt f\u00f6r L\u00e4s mer\" \/>\n<meta property=\"og:url\" content=\"https:\/\/wp.kristdemokraterna.se\/ydre\/2016-01-26-bara-vanligt-vatten\/\" \/>\n<meta property=\"og:site_name\" content=\"Kristdemokraterna i Ydre\" \/>\n<meta property=\"article:modified_time\" content=\"2018-07-20T13:39:46+00:00\" \/>\n<meta property=\"og:image\" content=\"http:\/\/ydrebo.se\/kd\/veckobrev\/osterfors.JPG\" \/>\n<meta name=\"twitter:card\" content=\"summary_large_image\" \/>\n<meta name=\"twitter:label1\" content=\"Ber\u00e4knad l\u00e4stid\" \/>\n\t<meta name=\"twitter:data1\" content=\"2 minuter\" \/>\n<script type=\"application\/ld+json\" class=\"yoast-schema-graph\">{\"@context\":\"https:\\\/\\\/schema.org\",\"@graph\":[{\"@type\":\"WebPage\",\"@id\":\"https:\\\/\\\/wp.kristdemokraterna.se\\\/ydre\\\/2016-01-26-bara-vanligt-vatten\\\/\",\"url\":\"https:\\\/\\\/wp.kristdemokraterna.se\\\/ydre\\\/2016-01-26-bara-vanligt-vatten\\\/\",\"name\":\"2016-01-28 Bara vanligt vatten - Kristdemokraterna i Ydre\",\"isPartOf\":{\"@id\":\"https:\\\/\\\/wp.kristdemokraterna.se\\\/ydre\\\/#website\"},\"primaryImageOfPage\":{\"@id\":\"https:\\\/\\\/wp.kristdemokraterna.se\\\/ydre\\\/2016-01-26-bara-vanligt-vatten\\\/#primaryimage\"},\"image\":{\"@id\":\"https:\\\/\\\/wp.kristdemokraterna.se\\\/ydre\\\/2016-01-26-bara-vanligt-vatten\\\/#primaryimage\"},\"thumbnailUrl\":\"http:\\\/\\\/ydrebo.se\\\/kd\\\/veckobrev\\\/osterfors.JPG\",\"datePublished\":\"2018-07-20T13:37:15+00:00\",\"dateModified\":\"2018-07-20T13:39:46+00:00\",\"breadcrumb\":{\"@id\":\"https:\\\/\\\/wp.kristdemokraterna.se\\\/ydre\\\/2016-01-26-bara-vanligt-vatten\\\/#breadcrumb\"},\"inLanguage\":\"sv-SE\",\"potentialAction\":[{\"@type\":\"ReadAction\",\"target\":[\"https:\\\/\\\/wp.kristdemokraterna.se\\\/ydre\\\/2016-01-26-bara-vanligt-vatten\\\/\"]}]},{\"@type\":\"ImageObject\",\"inLanguage\":\"sv-SE\",\"@id\":\"https:\\\/\\\/wp.kristdemokraterna.se\\\/ydre\\\/2016-01-26-bara-vanligt-vatten\\\/#primaryimage\",\"url\":\"http:\\\/\\\/ydrebo.se\\\/kd\\\/veckobrev\\\/osterfors.JPG\",\"contentUrl\":\"http:\\\/\\\/ydrebo.se\\\/kd\\\/veckobrev\\\/osterfors.JPG\"},{\"@type\":\"BreadcrumbList\",\"@id\":\"https:\\\/\\\/wp.kristdemokraterna.se\\\/ydre\\\/2016-01-26-bara-vanligt-vatten\\\/#breadcrumb\",\"itemListElement\":[{\"@type\":\"ListItem\",\"position\":1,\"name\":\"Hem\",\"item\":\"https:\\\/\\\/wp.kristdemokraterna.se\\\/ydre\\\/\"},{\"@type\":\"ListItem\",\"position\":2,\"name\":\"2016-01-28 Bara vanligt vatten\"}]},{\"@type\":\"WebSite\",\"@id\":\"https:\\\/\\\/wp.kristdemokraterna.se\\\/ydre\\\/#website\",\"url\":\"https:\\\/\\\/wp.kristdemokraterna.se\\\/ydre\\\/\",\"name\":\"Kristdemokraterna i Ydre\",\"description\":\"En till Kristdemokraterna webbplats\",\"inLanguage\":\"sv-SE\"}]}<\/script>\n<!-- \/ Yoast SEO plugin. -->","yoast_head_json":{"title":"2016-01-28 Bara vanligt vatten - Kristdemokraterna i Ydre","robots":{"index":"index","follow":"follow","max-snippet":"max-snippet:-1","max-image-preview":"max-image-preview:large","max-video-preview":"max-video-preview:-1"},"canonical":"https:\/\/wp.kristdemokraterna.se\/ydre\/2016-01-26-bara-vanligt-vatten\/","og_locale":"sv_SE","og_type":"article","og_title":"2016-01-28 Bara vanligt vatten - Kristdemokraterna i Ydre","og_description":"Det var i skymningen det h\u00e4nde. De kom i en till synes o\u00e4ndlig rad. De flesta var unga flickor, somliga bara barn. Alla var de p\u00e5 v\u00e4g \u00e5t samma h\u00e5ll. Och alla bar de en pl\u00e5tdunk p\u00e5 huvudet. S\u00e5 har unga flickor g\u00e5tt i Mellan\u00f6stern dag efter dag, \u00e5rtusende efter \u00e5rtusende.. De har g\u00e5tt f\u00f6r L\u00e4s mer","og_url":"https:\/\/wp.kristdemokraterna.se\/ydre\/2016-01-26-bara-vanligt-vatten\/","og_site_name":"Kristdemokraterna i Ydre","article_modified_time":"2018-07-20T13:39:46+00:00","og_image":[{"url":"http:\/\/ydrebo.se\/kd\/veckobrev\/osterfors.JPG","type":"","width":"","height":""}],"twitter_card":"summary_large_image","twitter_misc":{"Ber\u00e4knad l\u00e4stid":"2 minuter"},"schema":{"@context":"https:\/\/schema.org","@graph":[{"@type":"WebPage","@id":"https:\/\/wp.kristdemokraterna.se\/ydre\/2016-01-26-bara-vanligt-vatten\/","url":"https:\/\/wp.kristdemokraterna.se\/ydre\/2016-01-26-bara-vanligt-vatten\/","name":"2016-01-28 Bara vanligt vatten - Kristdemokraterna i Ydre","isPartOf":{"@id":"https:\/\/wp.kristdemokraterna.se\/ydre\/#website"},"primaryImageOfPage":{"@id":"https:\/\/wp.kristdemokraterna.se\/ydre\/2016-01-26-bara-vanligt-vatten\/#primaryimage"},"image":{"@id":"https:\/\/wp.kristdemokraterna.se\/ydre\/2016-01-26-bara-vanligt-vatten\/#primaryimage"},"thumbnailUrl":"http:\/\/ydrebo.se\/kd\/veckobrev\/osterfors.JPG","datePublished":"2018-07-20T13:37:15+00:00","dateModified":"2018-07-20T13:39:46+00:00","breadcrumb":{"@id":"https:\/\/wp.kristdemokraterna.se\/ydre\/2016-01-26-bara-vanligt-vatten\/#breadcrumb"},"inLanguage":"sv-SE","potentialAction":[{"@type":"ReadAction","target":["https:\/\/wp.kristdemokraterna.se\/ydre\/2016-01-26-bara-vanligt-vatten\/"]}]},{"@type":"ImageObject","inLanguage":"sv-SE","@id":"https:\/\/wp.kristdemokraterna.se\/ydre\/2016-01-26-bara-vanligt-vatten\/#primaryimage","url":"http:\/\/ydrebo.se\/kd\/veckobrev\/osterfors.JPG","contentUrl":"http:\/\/ydrebo.se\/kd\/veckobrev\/osterfors.JPG"},{"@type":"BreadcrumbList","@id":"https:\/\/wp.kristdemokraterna.se\/ydre\/2016-01-26-bara-vanligt-vatten\/#breadcrumb","itemListElement":[{"@type":"ListItem","position":1,"name":"Hem","item":"https:\/\/wp.kristdemokraterna.se\/ydre\/"},{"@type":"ListItem","position":2,"name":"2016-01-28 Bara vanligt vatten"}]},{"@type":"WebSite","@id":"https:\/\/wp.kristdemokraterna.se\/ydre\/#website","url":"https:\/\/wp.kristdemokraterna.se\/ydre\/","name":"Kristdemokraterna i Ydre","description":"En till Kristdemokraterna webbplats","inLanguage":"sv-SE"}]}},"_links":{"self":[{"href":"https:\/\/wp.kristdemokraterna.se\/ydre\/wp-json\/wp\/v2\/pages\/920","targetHints":{"allow":["GET"]}}],"collection":[{"href":"https:\/\/wp.kristdemokraterna.se\/ydre\/wp-json\/wp\/v2\/pages"}],"about":[{"href":"https:\/\/wp.kristdemokraterna.se\/ydre\/wp-json\/wp\/v2\/types\/page"}],"author":[{"embeddable":true,"href":"https:\/\/wp.kristdemokraterna.se\/ydre\/wp-json\/wp\/v2\/users\/793"}],"replies":[{"embeddable":true,"href":"https:\/\/wp.kristdemokraterna.se\/ydre\/wp-json\/wp\/v2\/comments?post=920"}],"version-history":[{"count":4,"href":"https:\/\/wp.kristdemokraterna.se\/ydre\/wp-json\/wp\/v2\/pages\/920\/revisions"}],"predecessor-version":[{"id":924,"href":"https:\/\/wp.kristdemokraterna.se\/ydre\/wp-json\/wp\/v2\/pages\/920\/revisions\/924"}],"wp:attachment":[{"href":"https:\/\/wp.kristdemokraterna.se\/ydre\/wp-json\/wp\/v2\/media?parent=920"}],"curies":[{"name":"wp","href":"https:\/\/api.w.org\/{rel}","templated":true}]}}