{"id":931,"date":"2018-07-20T15:43:50","date_gmt":"2018-07-20T13:43:50","guid":{"rendered":"http:\/\/wp.kristdemokraterna.se\/ydre\/?page_id=931"},"modified":"2018-07-20T15:44:39","modified_gmt":"2018-07-20T13:44:39","slug":"2016-02-17-stromstaren-ar-tillbaka","status":"publish","type":"page","link":"https:\/\/wp.kristdemokraterna.se\/ydre\/2016-02-17-stromstaren-ar-tillbaka\/","title":{"rendered":"2016-02-17 Str\u00f6mstaren \u00e4r tillbaka!"},"content":{"rendered":"<p>Kanske har den aldrig varit borta. Men det har varit s\u00e5 s\u00e4llan den synts vid \u00d6sterfors smedja. H\u00e4romdagen var den i alla fall p\u00e5 stenarna n\u00e4ra \u00e5mynningen. Nu p\u00e5 vintern g\u00e4ller det ju f\u00f6r den att hitta \u00f6ppet str\u00f6mmande vatten som den kan dyka ner i.<\/p>\n<p><img loading=\"lazy\" decoding=\"async\" src=\"http:\/\/ydrebo.se\/kd\/veckobrev2016\/smedjan.JPG\" width=\"600\" height=\"450\" \/><br \/>\n<i>H\u00e4r kan vi ibland se str\u00f6mstaren.<\/p>\n<p><\/i>Vintern har varit underlig. Men just nu \u00e4r det vintertemperaturer men n\u00e4stan ingen sn\u00f6. Sportlovet kan inte \u00e4gnas \u00e5t skid\u00e5kning i skogarna. Fast det finns ju annat som barnen kan g\u00f6ra.<br \/>\nAtt bo i Ydre inneb\u00e4r att bo n\u00e4ra naturen. Det \u00e4r inte bara p\u00e5 sommaren som vi har m\u00f6jlighet att se v\u00e4xter och djur p\u00e5 ett s\u00e4tt som inte g\u00e5r i staden. Nu n\u00e4r inflyttningen till st\u00e4derna tycks ha avstannat kan vi kanske hoppas p\u00e5 att fler skall finna sig till r\u00e4tta h\u00e4r. (Det s\u00e4gs att det \u00e4r invandringen som g\u00f6r att st\u00e4derna v\u00e4xer.)<\/p>\n<p><img loading=\"lazy\" decoding=\"async\" src=\"http:\/\/ydrebo.se\/kd\/veckobrev2016\/fjaril.JPG\" width=\"600\" height=\"463\" \/><br \/>\n<i>H\u00f6stbild fr\u00e5n Ydre.<\/p>\n<p><\/i>Det \u00e4r viktigt att v\u00e5ra barn f\u00e5r m\u00f6jlighet att f\u00f6lja naturen under \u00e5ret. Boverket anser att en f\u00f6rskola skall ha verkligt stora &#8221;friytor&#8221; med varierande terr\u00e4ng. H\u00e4r i Ydre borde vi absolut kunna ordna det n\u00e4r det skall byggas en ny f\u00f6rskola i Hestra.<br \/>\nJust nu \u00e4r det allts\u00e5 vinter. Men visst finns det tecken p\u00e5 att v\u00e5ren \u00e4r p\u00e5 v\u00e4g!<\/p>\n<p><img loading=\"lazy\" decoding=\"async\" src=\"http:\/\/ydrebo.se\/kd\/veckobrev2016\/salg.JPG\" width=\"600\" height=\"462\" \/><\/p>\n<p><span style=\"font-size: large\"><i>Bengt Malm, ordf.<br \/>\n17 februari 2016<\/i><\/span><\/p>\n","protected":false},"excerpt":{"rendered":"<p>Kanske har den aldrig varit borta. Men det har varit s\u00e5 s\u00e4llan den synts vid \u00d6sterfors smedja. H\u00e4romdagen var den i alla fall p\u00e5 stenarna n\u00e4ra \u00e5mynningen. Nu p\u00e5 vintern g\u00e4ller det ju f\u00f6r den att hitta \u00f6ppet str\u00f6mmande vatten som den kan dyka ner i. H\u00e4r kan vi ibland se str\u00f6mstaren. Vintern har varit <a class=\"read-more-link\" href=\"https:\/\/wp.kristdemokraterna.se\/ydre\/2016-02-17-stromstaren-ar-tillbaka\/\">L\u00e4s mer<\/a><\/p>\n","protected":false},"author":793,"featured_media":0,"parent":0,"menu_order":0,"comment_status":"closed","ping_status":"closed","template":"","meta":{"_acf_changed":false,"footnotes":""},"class_list":["post-931","page","type-page","status-publish","hentry"],"acf":[],"yoast_head":"<!-- This site is optimized with the Yoast SEO plugin v27.5 - https:\/\/yoast.com\/product\/yoast-seo-wordpress\/ -->\n<title>2016-02-17 Str\u00f6mstaren \u00e4r tillbaka! - Kristdemokraterna i Ydre<\/title>\n<meta name=\"robots\" content=\"index, follow, max-snippet:-1, max-image-preview:large, max-video-preview:-1\" \/>\n<link rel=\"canonical\" href=\"https:\/\/wp.kristdemokraterna.se\/ydre\/2016-02-17-stromstaren-ar-tillbaka\/\" \/>\n<meta property=\"og:locale\" content=\"sv_SE\" \/>\n<meta property=\"og:type\" content=\"article\" \/>\n<meta property=\"og:title\" content=\"2016-02-17 Str\u00f6mstaren \u00e4r tillbaka! - Kristdemokraterna i Ydre\" \/>\n<meta property=\"og:description\" content=\"Kanske har den aldrig varit borta. Men det har varit s\u00e5 s\u00e4llan den synts vid \u00d6sterfors smedja. H\u00e4romdagen var den i alla fall p\u00e5 stenarna n\u00e4ra \u00e5mynningen. Nu p\u00e5 vintern g\u00e4ller det ju f\u00f6r den att hitta \u00f6ppet str\u00f6mmande vatten som den kan dyka ner i. H\u00e4r kan vi ibland se str\u00f6mstaren. Vintern har varit L\u00e4s mer\" \/>\n<meta property=\"og:url\" content=\"https:\/\/wp.kristdemokraterna.se\/ydre\/2016-02-17-stromstaren-ar-tillbaka\/\" \/>\n<meta property=\"og:site_name\" content=\"Kristdemokraterna i Ydre\" \/>\n<meta property=\"article:modified_time\" content=\"2018-07-20T13:44:39+00:00\" \/>\n<meta property=\"og:image\" content=\"http:\/\/ydrebo.se\/kd\/veckobrev2016\/smedjan.JPG\" \/>\n<meta name=\"twitter:card\" content=\"summary_large_image\" \/>\n<meta name=\"twitter:label1\" content=\"Ber\u00e4knad l\u00e4stid\" \/>\n\t<meta name=\"twitter:data1\" content=\"1 minut\" \/>\n<script type=\"application\/ld+json\" class=\"yoast-schema-graph\">{\"@context\":\"https:\\\/\\\/schema.org\",\"@graph\":[{\"@type\":\"WebPage\",\"@id\":\"https:\\\/\\\/wp.kristdemokraterna.se\\\/ydre\\\/2016-02-17-stromstaren-ar-tillbaka\\\/\",\"url\":\"https:\\\/\\\/wp.kristdemokraterna.se\\\/ydre\\\/2016-02-17-stromstaren-ar-tillbaka\\\/\",\"name\":\"2016-02-17 Str\u00f6mstaren \u00e4r tillbaka! - Kristdemokraterna i Ydre\",\"isPartOf\":{\"@id\":\"https:\\\/\\\/wp.kristdemokraterna.se\\\/ydre\\\/#website\"},\"primaryImageOfPage\":{\"@id\":\"https:\\\/\\\/wp.kristdemokraterna.se\\\/ydre\\\/2016-02-17-stromstaren-ar-tillbaka\\\/#primaryimage\"},\"image\":{\"@id\":\"https:\\\/\\\/wp.kristdemokraterna.se\\\/ydre\\\/2016-02-17-stromstaren-ar-tillbaka\\\/#primaryimage\"},\"thumbnailUrl\":\"http:\\\/\\\/ydrebo.se\\\/kd\\\/veckobrev2016\\\/smedjan.JPG\",\"datePublished\":\"2018-07-20T13:43:50+00:00\",\"dateModified\":\"2018-07-20T13:44:39+00:00\",\"breadcrumb\":{\"@id\":\"https:\\\/\\\/wp.kristdemokraterna.se\\\/ydre\\\/2016-02-17-stromstaren-ar-tillbaka\\\/#breadcrumb\"},\"inLanguage\":\"sv-SE\",\"potentialAction\":[{\"@type\":\"ReadAction\",\"target\":[\"https:\\\/\\\/wp.kristdemokraterna.se\\\/ydre\\\/2016-02-17-stromstaren-ar-tillbaka\\\/\"]}]},{\"@type\":\"ImageObject\",\"inLanguage\":\"sv-SE\",\"@id\":\"https:\\\/\\\/wp.kristdemokraterna.se\\\/ydre\\\/2016-02-17-stromstaren-ar-tillbaka\\\/#primaryimage\",\"url\":\"http:\\\/\\\/ydrebo.se\\\/kd\\\/veckobrev2016\\\/smedjan.JPG\",\"contentUrl\":\"http:\\\/\\\/ydrebo.se\\\/kd\\\/veckobrev2016\\\/smedjan.JPG\"},{\"@type\":\"BreadcrumbList\",\"@id\":\"https:\\\/\\\/wp.kristdemokraterna.se\\\/ydre\\\/2016-02-17-stromstaren-ar-tillbaka\\\/#breadcrumb\",\"itemListElement\":[{\"@type\":\"ListItem\",\"position\":1,\"name\":\"Hem\",\"item\":\"https:\\\/\\\/wp.kristdemokraterna.se\\\/ydre\\\/\"},{\"@type\":\"ListItem\",\"position\":2,\"name\":\"2016-02-17 Str\u00f6mstaren \u00e4r tillbaka!\"}]},{\"@type\":\"WebSite\",\"@id\":\"https:\\\/\\\/wp.kristdemokraterna.se\\\/ydre\\\/#website\",\"url\":\"https:\\\/\\\/wp.kristdemokraterna.se\\\/ydre\\\/\",\"name\":\"Kristdemokraterna i Ydre\",\"description\":\"En till Kristdemokraterna webbplats\",\"inLanguage\":\"sv-SE\"}]}<\/script>\n<!-- \/ Yoast SEO plugin. -->","yoast_head_json":{"title":"2016-02-17 Str\u00f6mstaren \u00e4r tillbaka! - Kristdemokraterna i Ydre","robots":{"index":"index","follow":"follow","max-snippet":"max-snippet:-1","max-image-preview":"max-image-preview:large","max-video-preview":"max-video-preview:-1"},"canonical":"https:\/\/wp.kristdemokraterna.se\/ydre\/2016-02-17-stromstaren-ar-tillbaka\/","og_locale":"sv_SE","og_type":"article","og_title":"2016-02-17 Str\u00f6mstaren \u00e4r tillbaka! - Kristdemokraterna i Ydre","og_description":"Kanske har den aldrig varit borta. Men det har varit s\u00e5 s\u00e4llan den synts vid \u00d6sterfors smedja. H\u00e4romdagen var den i alla fall p\u00e5 stenarna n\u00e4ra \u00e5mynningen. Nu p\u00e5 vintern g\u00e4ller det ju f\u00f6r den att hitta \u00f6ppet str\u00f6mmande vatten som den kan dyka ner i. H\u00e4r kan vi ibland se str\u00f6mstaren. Vintern har varit L\u00e4s mer","og_url":"https:\/\/wp.kristdemokraterna.se\/ydre\/2016-02-17-stromstaren-ar-tillbaka\/","og_site_name":"Kristdemokraterna i Ydre","article_modified_time":"2018-07-20T13:44:39+00:00","og_image":[{"url":"http:\/\/ydrebo.se\/kd\/veckobrev2016\/smedjan.JPG","type":"","width":"","height":""}],"twitter_card":"summary_large_image","twitter_misc":{"Ber\u00e4knad l\u00e4stid":"1 minut"},"schema":{"@context":"https:\/\/schema.org","@graph":[{"@type":"WebPage","@id":"https:\/\/wp.kristdemokraterna.se\/ydre\/2016-02-17-stromstaren-ar-tillbaka\/","url":"https:\/\/wp.kristdemokraterna.se\/ydre\/2016-02-17-stromstaren-ar-tillbaka\/","name":"2016-02-17 Str\u00f6mstaren \u00e4r tillbaka! - Kristdemokraterna i Ydre","isPartOf":{"@id":"https:\/\/wp.kristdemokraterna.se\/ydre\/#website"},"primaryImageOfPage":{"@id":"https:\/\/wp.kristdemokraterna.se\/ydre\/2016-02-17-stromstaren-ar-tillbaka\/#primaryimage"},"image":{"@id":"https:\/\/wp.kristdemokraterna.se\/ydre\/2016-02-17-stromstaren-ar-tillbaka\/#primaryimage"},"thumbnailUrl":"http:\/\/ydrebo.se\/kd\/veckobrev2016\/smedjan.JPG","datePublished":"2018-07-20T13:43:50+00:00","dateModified":"2018-07-20T13:44:39+00:00","breadcrumb":{"@id":"https:\/\/wp.kristdemokraterna.se\/ydre\/2016-02-17-stromstaren-ar-tillbaka\/#breadcrumb"},"inLanguage":"sv-SE","potentialAction":[{"@type":"ReadAction","target":["https:\/\/wp.kristdemokraterna.se\/ydre\/2016-02-17-stromstaren-ar-tillbaka\/"]}]},{"@type":"ImageObject","inLanguage":"sv-SE","@id":"https:\/\/wp.kristdemokraterna.se\/ydre\/2016-02-17-stromstaren-ar-tillbaka\/#primaryimage","url":"http:\/\/ydrebo.se\/kd\/veckobrev2016\/smedjan.JPG","contentUrl":"http:\/\/ydrebo.se\/kd\/veckobrev2016\/smedjan.JPG"},{"@type":"BreadcrumbList","@id":"https:\/\/wp.kristdemokraterna.se\/ydre\/2016-02-17-stromstaren-ar-tillbaka\/#breadcrumb","itemListElement":[{"@type":"ListItem","position":1,"name":"Hem","item":"https:\/\/wp.kristdemokraterna.se\/ydre\/"},{"@type":"ListItem","position":2,"name":"2016-02-17 Str\u00f6mstaren \u00e4r tillbaka!"}]},{"@type":"WebSite","@id":"https:\/\/wp.kristdemokraterna.se\/ydre\/#website","url":"https:\/\/wp.kristdemokraterna.se\/ydre\/","name":"Kristdemokraterna i Ydre","description":"En till Kristdemokraterna webbplats","inLanguage":"sv-SE"}]}},"_links":{"self":[{"href":"https:\/\/wp.kristdemokraterna.se\/ydre\/wp-json\/wp\/v2\/pages\/931","targetHints":{"allow":["GET"]}}],"collection":[{"href":"https:\/\/wp.kristdemokraterna.se\/ydre\/wp-json\/wp\/v2\/pages"}],"about":[{"href":"https:\/\/wp.kristdemokraterna.se\/ydre\/wp-json\/wp\/v2\/types\/page"}],"author":[{"embeddable":true,"href":"https:\/\/wp.kristdemokraterna.se\/ydre\/wp-json\/wp\/v2\/users\/793"}],"replies":[{"embeddable":true,"href":"https:\/\/wp.kristdemokraterna.se\/ydre\/wp-json\/wp\/v2\/comments?post=931"}],"version-history":[{"count":2,"href":"https:\/\/wp.kristdemokraterna.se\/ydre\/wp-json\/wp\/v2\/pages\/931\/revisions"}],"predecessor-version":[{"id":933,"href":"https:\/\/wp.kristdemokraterna.se\/ydre\/wp-json\/wp\/v2\/pages\/931\/revisions\/933"}],"wp:attachment":[{"href":"https:\/\/wp.kristdemokraterna.se\/ydre\/wp-json\/wp\/v2\/media?parent=931"}],"curies":[{"name":"wp","href":"https:\/\/api.w.org\/{rel}","templated":true}]}}