{"id":935,"date":"2018-07-20T15:47:32","date_gmt":"2018-07-20T13:47:32","guid":{"rendered":"http:\/\/wp.kristdemokraterna.se\/ydre\/?page_id=935"},"modified":"2018-07-20T15:48:32","modified_gmt":"2018-07-20T13:48:32","slug":"2016-02-25-visst-ar-ydre-attraktivt","status":"publish","type":"page","link":"https:\/\/wp.kristdemokraterna.se\/ydre\/2016-02-25-visst-ar-ydre-attraktivt\/","title":{"rendered":"2016-02-25 Visst \u00e4r Ydre attraktivt!"},"content":{"rendered":"<p>Det vet vi ju! Men hur skall det bli \u00e4nnu attraktivare?<\/p>\n<p><img loading=\"lazy\" decoding=\"async\" src=\"http:\/\/ydrebo.se\/kd\/veckobrev\/torpasjon.JPG\" width=\"600\" height=\"460\" \/><br \/>\n<i>Hur skall vi f\u00e5 fler att vilja bo och arbeta h\u00e4r?<\/p>\n<p><\/i>Ett projekt som f\u00f6rbereds just nu \u00e4r en rastplats bredvid bensinstationen i \u00d6sterbymo. Den kommer att kosta en hel del men vi hoppas att den skall ge ett bra intryck hos bes\u00f6karna.<br \/>\nMen f\u00f6r att folk skall kunna bli kvar h\u00e4r fordras mer. Detta talades det en hel del om n\u00e4r kommunfullm\u00e4ktige hade en allm\u00e4npolitisk debatt vid det senaste sammantr\u00e4det.<\/p>\n<p><img loading=\"lazy\" decoding=\"async\" src=\"http:\/\/ydrebo.se\/kd\/veckobrev2016\/rivning.JPG\" width=\"600\" height=\"450\" \/><br \/>\n<i>Eftersom vi rivit hus m\u00e5ste vi bygga nya.<\/p>\n<p><\/i>F\u00f6rst och fr\u00e4mst beh\u00f6vs mer bost\u00e4der. De b\u00f6r framf\u00f6r allt ligga i &#8221;attraktiva&#8221; omr\u00e5den (rent praktiskt beh\u00f6vs b\u00e5de vatten och avlopp f\u00f6r husen). Det beh\u00f6vs inte bara villor utan ocks\u00e5 en hel del hyresl\u00e4genheter. Det m\u00e5ste finnas l\u00e4genheter \u00e5t dem som vill arbeta h\u00e4r (t.ex. i kommunens tj\u00e4nst). Men det beh\u00f6vs ocks\u00e5 l\u00e4genheter f\u00f6r de \u00e4ldre som vill flytta fr\u00e5n en villa.<br \/>\nVidare m\u00e5ste kommunen vara en bra arbetsgivare. Det har varit sv\u00e5rt att f\u00e5 ledningen att fungera eftersom flera chefer slutat och andra sjukskrivits. Dessutom har vi enligt revisorerna inte skaffat oss en tillr\u00e4ckligt bra \u00f6verblick \u00f6ver vilka behov av nyanst\u00e4llningar som snart kommer att finnas.<\/p>\n<p><img loading=\"lazy\" decoding=\"async\" src=\"http:\/\/ydrebo.se\/kd\/veckobrev\/snovader.JPG\" width=\"600\" height=\"463\" \/><br \/>\n<i>Kan v\u00e5ra nya grannar m\u00f6tas av tillr\u00e4ckligt mycket v\u00e4rme?<\/p>\n<p><\/i>Och s\u00e5 m\u00e5ste v\u00e5ra nya grannar f\u00e5 st\u00f6d f\u00f6r integrationen. De flesta i Ydre vill att det skall g\u00e5 bra f\u00f6r invandrarna \u00e4ven om det tyv\u00e4rr finns n\u00e5gra som inte vill se dem h\u00e4r.<br \/>\nDet blev en bra debatt i kommunfullm\u00e4ktige. S\u00e5 vi hoppas p\u00e5 fler s\u00e5dana diskussioner. Och det \u00e4r bra om m\u00e5nga fler i Ydre l\u00e4gger fram synpunkter p\u00e5 hur vi skall ha det i v\u00e5r bygd.<\/p>\n<p><i>Bengt Malm, ordf.<br \/>\n25 februari 2016<\/i><\/p>\n<p>&nbsp;<\/p>\n","protected":false},"excerpt":{"rendered":"<p>Det vet vi ju! Men hur skall det bli \u00e4nnu attraktivare? Hur skall vi f\u00e5 fler att vilja bo och arbeta h\u00e4r? Ett projekt som f\u00f6rbereds just nu \u00e4r en rastplats bredvid bensinstationen i \u00d6sterbymo. Den kommer att kosta en hel del men vi hoppas att den skall ge ett bra intryck hos bes\u00f6karna. Men <a class=\"read-more-link\" href=\"https:\/\/wp.kristdemokraterna.se\/ydre\/2016-02-25-visst-ar-ydre-attraktivt\/\">L\u00e4s mer<\/a><\/p>\n","protected":false},"author":793,"featured_media":0,"parent":0,"menu_order":0,"comment_status":"closed","ping_status":"closed","template":"","meta":{"_acf_changed":false,"footnotes":""},"class_list":["post-935","page","type-page","status-publish","hentry"],"acf":[],"yoast_head":"<!-- This site is optimized with the Yoast SEO plugin v27.5 - https:\/\/yoast.com\/product\/yoast-seo-wordpress\/ -->\n<title>2016-02-25 Visst \u00e4r Ydre attraktivt! - Kristdemokraterna i Ydre<\/title>\n<meta name=\"robots\" content=\"index, follow, max-snippet:-1, max-image-preview:large, max-video-preview:-1\" \/>\n<link rel=\"canonical\" href=\"https:\/\/wp.kristdemokraterna.se\/ydre\/2016-02-25-visst-ar-ydre-attraktivt\/\" \/>\n<meta property=\"og:locale\" content=\"sv_SE\" \/>\n<meta property=\"og:type\" content=\"article\" \/>\n<meta property=\"og:title\" content=\"2016-02-25 Visst \u00e4r Ydre attraktivt! - Kristdemokraterna i Ydre\" \/>\n<meta property=\"og:description\" content=\"Det vet vi ju! Men hur skall det bli \u00e4nnu attraktivare? Hur skall vi f\u00e5 fler att vilja bo och arbeta h\u00e4r? Ett projekt som f\u00f6rbereds just nu \u00e4r en rastplats bredvid bensinstationen i \u00d6sterbymo. Den kommer att kosta en hel del men vi hoppas att den skall ge ett bra intryck hos bes\u00f6karna. Men L\u00e4s mer\" \/>\n<meta property=\"og:url\" content=\"https:\/\/wp.kristdemokraterna.se\/ydre\/2016-02-25-visst-ar-ydre-attraktivt\/\" \/>\n<meta property=\"og:site_name\" content=\"Kristdemokraterna i Ydre\" \/>\n<meta property=\"article:modified_time\" content=\"2018-07-20T13:48:32+00:00\" \/>\n<meta property=\"og:image\" content=\"http:\/\/ydrebo.se\/kd\/veckobrev\/torpasjon.JPG\" \/>\n<meta name=\"twitter:card\" content=\"summary_large_image\" \/>\n<meta name=\"twitter:label1\" content=\"Ber\u00e4knad l\u00e4stid\" \/>\n\t<meta name=\"twitter:data1\" content=\"2 minuter\" \/>\n<script type=\"application\/ld+json\" class=\"yoast-schema-graph\">{\"@context\":\"https:\\\/\\\/schema.org\",\"@graph\":[{\"@type\":\"WebPage\",\"@id\":\"https:\\\/\\\/wp.kristdemokraterna.se\\\/ydre\\\/2016-02-25-visst-ar-ydre-attraktivt\\\/\",\"url\":\"https:\\\/\\\/wp.kristdemokraterna.se\\\/ydre\\\/2016-02-25-visst-ar-ydre-attraktivt\\\/\",\"name\":\"2016-02-25 Visst \u00e4r Ydre attraktivt! - Kristdemokraterna i Ydre\",\"isPartOf\":{\"@id\":\"https:\\\/\\\/wp.kristdemokraterna.se\\\/ydre\\\/#website\"},\"primaryImageOfPage\":{\"@id\":\"https:\\\/\\\/wp.kristdemokraterna.se\\\/ydre\\\/2016-02-25-visst-ar-ydre-attraktivt\\\/#primaryimage\"},\"image\":{\"@id\":\"https:\\\/\\\/wp.kristdemokraterna.se\\\/ydre\\\/2016-02-25-visst-ar-ydre-attraktivt\\\/#primaryimage\"},\"thumbnailUrl\":\"http:\\\/\\\/ydrebo.se\\\/kd\\\/veckobrev\\\/torpasjon.JPG\",\"datePublished\":\"2018-07-20T13:47:32+00:00\",\"dateModified\":\"2018-07-20T13:48:32+00:00\",\"breadcrumb\":{\"@id\":\"https:\\\/\\\/wp.kristdemokraterna.se\\\/ydre\\\/2016-02-25-visst-ar-ydre-attraktivt\\\/#breadcrumb\"},\"inLanguage\":\"sv-SE\",\"potentialAction\":[{\"@type\":\"ReadAction\",\"target\":[\"https:\\\/\\\/wp.kristdemokraterna.se\\\/ydre\\\/2016-02-25-visst-ar-ydre-attraktivt\\\/\"]}]},{\"@type\":\"ImageObject\",\"inLanguage\":\"sv-SE\",\"@id\":\"https:\\\/\\\/wp.kristdemokraterna.se\\\/ydre\\\/2016-02-25-visst-ar-ydre-attraktivt\\\/#primaryimage\",\"url\":\"http:\\\/\\\/ydrebo.se\\\/kd\\\/veckobrev\\\/torpasjon.JPG\",\"contentUrl\":\"http:\\\/\\\/ydrebo.se\\\/kd\\\/veckobrev\\\/torpasjon.JPG\"},{\"@type\":\"BreadcrumbList\",\"@id\":\"https:\\\/\\\/wp.kristdemokraterna.se\\\/ydre\\\/2016-02-25-visst-ar-ydre-attraktivt\\\/#breadcrumb\",\"itemListElement\":[{\"@type\":\"ListItem\",\"position\":1,\"name\":\"Hem\",\"item\":\"https:\\\/\\\/wp.kristdemokraterna.se\\\/ydre\\\/\"},{\"@type\":\"ListItem\",\"position\":2,\"name\":\"2016-02-25 Visst \u00e4r Ydre attraktivt!\"}]},{\"@type\":\"WebSite\",\"@id\":\"https:\\\/\\\/wp.kristdemokraterna.se\\\/ydre\\\/#website\",\"url\":\"https:\\\/\\\/wp.kristdemokraterna.se\\\/ydre\\\/\",\"name\":\"Kristdemokraterna i Ydre\",\"description\":\"En till Kristdemokraterna webbplats\",\"inLanguage\":\"sv-SE\"}]}<\/script>\n<!-- \/ Yoast SEO plugin. -->","yoast_head_json":{"title":"2016-02-25 Visst \u00e4r Ydre attraktivt! - Kristdemokraterna i Ydre","robots":{"index":"index","follow":"follow","max-snippet":"max-snippet:-1","max-image-preview":"max-image-preview:large","max-video-preview":"max-video-preview:-1"},"canonical":"https:\/\/wp.kristdemokraterna.se\/ydre\/2016-02-25-visst-ar-ydre-attraktivt\/","og_locale":"sv_SE","og_type":"article","og_title":"2016-02-25 Visst \u00e4r Ydre attraktivt! - Kristdemokraterna i Ydre","og_description":"Det vet vi ju! Men hur skall det bli \u00e4nnu attraktivare? Hur skall vi f\u00e5 fler att vilja bo och arbeta h\u00e4r? Ett projekt som f\u00f6rbereds just nu \u00e4r en rastplats bredvid bensinstationen i \u00d6sterbymo. Den kommer att kosta en hel del men vi hoppas att den skall ge ett bra intryck hos bes\u00f6karna. Men L\u00e4s mer","og_url":"https:\/\/wp.kristdemokraterna.se\/ydre\/2016-02-25-visst-ar-ydre-attraktivt\/","og_site_name":"Kristdemokraterna i Ydre","article_modified_time":"2018-07-20T13:48:32+00:00","og_image":[{"url":"http:\/\/ydrebo.se\/kd\/veckobrev\/torpasjon.JPG","type":"","width":"","height":""}],"twitter_card":"summary_large_image","twitter_misc":{"Ber\u00e4knad l\u00e4stid":"2 minuter"},"schema":{"@context":"https:\/\/schema.org","@graph":[{"@type":"WebPage","@id":"https:\/\/wp.kristdemokraterna.se\/ydre\/2016-02-25-visst-ar-ydre-attraktivt\/","url":"https:\/\/wp.kristdemokraterna.se\/ydre\/2016-02-25-visst-ar-ydre-attraktivt\/","name":"2016-02-25 Visst \u00e4r Ydre attraktivt! - Kristdemokraterna i Ydre","isPartOf":{"@id":"https:\/\/wp.kristdemokraterna.se\/ydre\/#website"},"primaryImageOfPage":{"@id":"https:\/\/wp.kristdemokraterna.se\/ydre\/2016-02-25-visst-ar-ydre-attraktivt\/#primaryimage"},"image":{"@id":"https:\/\/wp.kristdemokraterna.se\/ydre\/2016-02-25-visst-ar-ydre-attraktivt\/#primaryimage"},"thumbnailUrl":"http:\/\/ydrebo.se\/kd\/veckobrev\/torpasjon.JPG","datePublished":"2018-07-20T13:47:32+00:00","dateModified":"2018-07-20T13:48:32+00:00","breadcrumb":{"@id":"https:\/\/wp.kristdemokraterna.se\/ydre\/2016-02-25-visst-ar-ydre-attraktivt\/#breadcrumb"},"inLanguage":"sv-SE","potentialAction":[{"@type":"ReadAction","target":["https:\/\/wp.kristdemokraterna.se\/ydre\/2016-02-25-visst-ar-ydre-attraktivt\/"]}]},{"@type":"ImageObject","inLanguage":"sv-SE","@id":"https:\/\/wp.kristdemokraterna.se\/ydre\/2016-02-25-visst-ar-ydre-attraktivt\/#primaryimage","url":"http:\/\/ydrebo.se\/kd\/veckobrev\/torpasjon.JPG","contentUrl":"http:\/\/ydrebo.se\/kd\/veckobrev\/torpasjon.JPG"},{"@type":"BreadcrumbList","@id":"https:\/\/wp.kristdemokraterna.se\/ydre\/2016-02-25-visst-ar-ydre-attraktivt\/#breadcrumb","itemListElement":[{"@type":"ListItem","position":1,"name":"Hem","item":"https:\/\/wp.kristdemokraterna.se\/ydre\/"},{"@type":"ListItem","position":2,"name":"2016-02-25 Visst \u00e4r Ydre attraktivt!"}]},{"@type":"WebSite","@id":"https:\/\/wp.kristdemokraterna.se\/ydre\/#website","url":"https:\/\/wp.kristdemokraterna.se\/ydre\/","name":"Kristdemokraterna i Ydre","description":"En till Kristdemokraterna webbplats","inLanguage":"sv-SE"}]}},"_links":{"self":[{"href":"https:\/\/wp.kristdemokraterna.se\/ydre\/wp-json\/wp\/v2\/pages\/935","targetHints":{"allow":["GET"]}}],"collection":[{"href":"https:\/\/wp.kristdemokraterna.se\/ydre\/wp-json\/wp\/v2\/pages"}],"about":[{"href":"https:\/\/wp.kristdemokraterna.se\/ydre\/wp-json\/wp\/v2\/types\/page"}],"author":[{"embeddable":true,"href":"https:\/\/wp.kristdemokraterna.se\/ydre\/wp-json\/wp\/v2\/users\/793"}],"replies":[{"embeddable":true,"href":"https:\/\/wp.kristdemokraterna.se\/ydre\/wp-json\/wp\/v2\/comments?post=935"}],"version-history":[{"count":2,"href":"https:\/\/wp.kristdemokraterna.se\/ydre\/wp-json\/wp\/v2\/pages\/935\/revisions"}],"predecessor-version":[{"id":937,"href":"https:\/\/wp.kristdemokraterna.se\/ydre\/wp-json\/wp\/v2\/pages\/935\/revisions\/937"}],"wp:attachment":[{"href":"https:\/\/wp.kristdemokraterna.se\/ydre\/wp-json\/wp\/v2\/media?parent=935"}],"curies":[{"name":"wp","href":"https:\/\/api.w.org\/{rel}","templated":true}]}}