{"id":939,"date":"2018-07-20T15:50:09","date_gmt":"2018-07-20T13:50:09","guid":{"rendered":"http:\/\/wp.kristdemokraterna.se\/ydre\/?page_id=939"},"modified":"2018-07-20T15:51:46","modified_gmt":"2018-07-20T13:51:46","slug":"939-2","status":"publish","type":"page","link":"https:\/\/wp.kristdemokraterna.se\/ydre\/939-2\/","title":{"rendered":"2016-03-02 Vem skall f\u00f6rsvara oss?"},"content":{"rendered":"<p>Nyligen skickades det ut en enk\u00e4t till kommunpolitiker. Det var r\u00e4tt m\u00e5nga fr\u00e5gor om vilka som \u00e4r de st\u00f6rsta problemen i v\u00e5ra kommuner. Men p\u00e5fallande m\u00e5nga fr\u00e5gor handlade om f\u00f6rsvaret. K\u00e4nner vi politiker till det v\u00e4l? Vad tror vi om f\u00f6rsvarsmaktens f\u00f6rm\u00e5ga att fullg\u00f6ra sina uppgifter?<\/p>\n<p><img loading=\"lazy\" decoding=\"async\" src=\"http:\/\/ydrebo.se\/kd\/veckobrev2015\/nationaldag_i_ydre.JPG\" width=\"600\" height=\"461\" \/><br \/>\n<i>Vem kan f\u00f6rsvara oss?<\/p>\n<p><\/i>\u00c4nnu f\u00f6r n\u00e5gra \u00e5r sedan kunde man tro att f\u00f6rsvaret var n\u00e4stan on\u00f6digt. De flesta l\u00e4nderna i Europa \u00e4r ju med i EU. De vill bara samarbeta och absolut inte rusta mot varandra. Det fanns inget hot i sikte.<br \/>\nI dag \u00e4r l\u00e4get ett annat. F\u00f6r Sveriges del b\u00f6rjade det kanske med en \u00f6vning som Ryssland genomf\u00f6rde en l\u00e5ngfredag. Ett antal stridsflygplan \u00f6vade anfall mot Sverige. N\u00e5got s\u00e5dant hade inte f\u00f6rekommit p\u00e5 l\u00e4nge.<\/p>\n<p><img loading=\"lazy\" decoding=\"async\" src=\"http:\/\/ydrebo.se\/kd\/veckobrev2016\/rivning.JPG\" width=\"600\" height=\"450\" \/><br \/>\n<i>\u00c4n s\u00e5 l\u00e4nge \u00e4r det bara vi sj\u00e4lva som raserar v\u00e5ra hus.<\/p>\n<p><\/i>Och sedan dess har det h\u00e4nt en hel del i Europa. S\u00e5 vi m\u00e5ste se om v\u00e5rt hus.<br \/>\nMitt gamla regemente h\u00f6r till dem som f\u00f6rsvunnit. Vad skall vi ha i st\u00e4llet? Har vi en trygg milj\u00f6 f\u00f6r oss? En trygg milj\u00f6 b\u00e5de f\u00f6r gamla och nya svenskar?<\/p>\n<p><i>Bengt Malm, ordf.<br \/>\n2 mars 2016<\/i><\/p>\n<p><img loading=\"lazy\" decoding=\"async\" src=\"http:\/\/ydrebo.se\/kd\/veckobrev2015\/flagga_svensk.gif\" width=\"102\" height=\"75\" \/><\/p>\n","protected":false},"excerpt":{"rendered":"<p>Nyligen skickades det ut en enk\u00e4t till kommunpolitiker. Det var r\u00e4tt m\u00e5nga fr\u00e5gor om vilka som \u00e4r de st\u00f6rsta problemen i v\u00e5ra kommuner. Men p\u00e5fallande m\u00e5nga fr\u00e5gor handlade om f\u00f6rsvaret. K\u00e4nner vi politiker till det v\u00e4l? Vad tror vi om f\u00f6rsvarsmaktens f\u00f6rm\u00e5ga att fullg\u00f6ra sina uppgifter? Vem kan f\u00f6rsvara oss? \u00c4nnu f\u00f6r n\u00e5gra \u00e5r sedan <a class=\"read-more-link\" href=\"https:\/\/wp.kristdemokraterna.se\/ydre\/939-2\/\">L\u00e4s mer<\/a><\/p>\n","protected":false},"author":793,"featured_media":0,"parent":0,"menu_order":0,"comment_status":"closed","ping_status":"closed","template":"","meta":{"_acf_changed":false,"footnotes":""},"class_list":["post-939","page","type-page","status-publish","hentry"],"acf":[],"yoast_head":"<!-- This site is optimized with the Yoast SEO plugin v27.5 - https:\/\/yoast.com\/product\/yoast-seo-wordpress\/ -->\n<title>2016-03-02 Vem skall f\u00f6rsvara oss? - Kristdemokraterna i Ydre<\/title>\n<meta name=\"robots\" content=\"index, follow, max-snippet:-1, max-image-preview:large, max-video-preview:-1\" \/>\n<link rel=\"canonical\" href=\"https:\/\/wp.kristdemokraterna.se\/ydre\/939-2\/\" \/>\n<meta property=\"og:locale\" content=\"sv_SE\" \/>\n<meta property=\"og:type\" content=\"article\" \/>\n<meta property=\"og:title\" content=\"2016-03-02 Vem skall f\u00f6rsvara oss? - Kristdemokraterna i Ydre\" \/>\n<meta property=\"og:description\" content=\"Nyligen skickades det ut en enk\u00e4t till kommunpolitiker. Det var r\u00e4tt m\u00e5nga fr\u00e5gor om vilka som \u00e4r de st\u00f6rsta problemen i v\u00e5ra kommuner. Men p\u00e5fallande m\u00e5nga fr\u00e5gor handlade om f\u00f6rsvaret. K\u00e4nner vi politiker till det v\u00e4l? Vad tror vi om f\u00f6rsvarsmaktens f\u00f6rm\u00e5ga att fullg\u00f6ra sina uppgifter? Vem kan f\u00f6rsvara oss? \u00c4nnu f\u00f6r n\u00e5gra \u00e5r sedan L\u00e4s mer\" \/>\n<meta property=\"og:url\" content=\"https:\/\/wp.kristdemokraterna.se\/ydre\/939-2\/\" \/>\n<meta property=\"og:site_name\" content=\"Kristdemokraterna i Ydre\" \/>\n<meta property=\"article:modified_time\" content=\"2018-07-20T13:51:46+00:00\" \/>\n<meta property=\"og:image\" content=\"http:\/\/ydrebo.se\/kd\/veckobrev2015\/nationaldag_i_ydre.JPG\" \/>\n<meta name=\"twitter:card\" content=\"summary_large_image\" \/>\n<meta name=\"twitter:label1\" content=\"Ber\u00e4knad l\u00e4stid\" \/>\n\t<meta name=\"twitter:data1\" content=\"1 minut\" \/>\n<script type=\"application\/ld+json\" class=\"yoast-schema-graph\">{\"@context\":\"https:\\\/\\\/schema.org\",\"@graph\":[{\"@type\":\"WebPage\",\"@id\":\"https:\\\/\\\/wp.kristdemokraterna.se\\\/ydre\\\/939-2\\\/\",\"url\":\"https:\\\/\\\/wp.kristdemokraterna.se\\\/ydre\\\/939-2\\\/\",\"name\":\"2016-03-02 Vem skall f\u00f6rsvara oss? - Kristdemokraterna i Ydre\",\"isPartOf\":{\"@id\":\"https:\\\/\\\/wp.kristdemokraterna.se\\\/ydre\\\/#website\"},\"primaryImageOfPage\":{\"@id\":\"https:\\\/\\\/wp.kristdemokraterna.se\\\/ydre\\\/939-2\\\/#primaryimage\"},\"image\":{\"@id\":\"https:\\\/\\\/wp.kristdemokraterna.se\\\/ydre\\\/939-2\\\/#primaryimage\"},\"thumbnailUrl\":\"http:\\\/\\\/ydrebo.se\\\/kd\\\/veckobrev2015\\\/nationaldag_i_ydre.JPG\",\"datePublished\":\"2018-07-20T13:50:09+00:00\",\"dateModified\":\"2018-07-20T13:51:46+00:00\",\"breadcrumb\":{\"@id\":\"https:\\\/\\\/wp.kristdemokraterna.se\\\/ydre\\\/939-2\\\/#breadcrumb\"},\"inLanguage\":\"sv-SE\",\"potentialAction\":[{\"@type\":\"ReadAction\",\"target\":[\"https:\\\/\\\/wp.kristdemokraterna.se\\\/ydre\\\/939-2\\\/\"]}]},{\"@type\":\"ImageObject\",\"inLanguage\":\"sv-SE\",\"@id\":\"https:\\\/\\\/wp.kristdemokraterna.se\\\/ydre\\\/939-2\\\/#primaryimage\",\"url\":\"http:\\\/\\\/ydrebo.se\\\/kd\\\/veckobrev2015\\\/nationaldag_i_ydre.JPG\",\"contentUrl\":\"http:\\\/\\\/ydrebo.se\\\/kd\\\/veckobrev2015\\\/nationaldag_i_ydre.JPG\"},{\"@type\":\"BreadcrumbList\",\"@id\":\"https:\\\/\\\/wp.kristdemokraterna.se\\\/ydre\\\/939-2\\\/#breadcrumb\",\"itemListElement\":[{\"@type\":\"ListItem\",\"position\":1,\"name\":\"Hem\",\"item\":\"https:\\\/\\\/wp.kristdemokraterna.se\\\/ydre\\\/\"},{\"@type\":\"ListItem\",\"position\":2,\"name\":\"2016-03-02 Vem skall f\u00f6rsvara oss?\"}]},{\"@type\":\"WebSite\",\"@id\":\"https:\\\/\\\/wp.kristdemokraterna.se\\\/ydre\\\/#website\",\"url\":\"https:\\\/\\\/wp.kristdemokraterna.se\\\/ydre\\\/\",\"name\":\"Kristdemokraterna i Ydre\",\"description\":\"En till Kristdemokraterna webbplats\",\"inLanguage\":\"sv-SE\"}]}<\/script>\n<!-- \/ Yoast SEO plugin. -->","yoast_head_json":{"title":"2016-03-02 Vem skall f\u00f6rsvara oss? - Kristdemokraterna i Ydre","robots":{"index":"index","follow":"follow","max-snippet":"max-snippet:-1","max-image-preview":"max-image-preview:large","max-video-preview":"max-video-preview:-1"},"canonical":"https:\/\/wp.kristdemokraterna.se\/ydre\/939-2\/","og_locale":"sv_SE","og_type":"article","og_title":"2016-03-02 Vem skall f\u00f6rsvara oss? - Kristdemokraterna i Ydre","og_description":"Nyligen skickades det ut en enk\u00e4t till kommunpolitiker. Det var r\u00e4tt m\u00e5nga fr\u00e5gor om vilka som \u00e4r de st\u00f6rsta problemen i v\u00e5ra kommuner. Men p\u00e5fallande m\u00e5nga fr\u00e5gor handlade om f\u00f6rsvaret. K\u00e4nner vi politiker till det v\u00e4l? Vad tror vi om f\u00f6rsvarsmaktens f\u00f6rm\u00e5ga att fullg\u00f6ra sina uppgifter? Vem kan f\u00f6rsvara oss? \u00c4nnu f\u00f6r n\u00e5gra \u00e5r sedan L\u00e4s mer","og_url":"https:\/\/wp.kristdemokraterna.se\/ydre\/939-2\/","og_site_name":"Kristdemokraterna i Ydre","article_modified_time":"2018-07-20T13:51:46+00:00","og_image":[{"url":"http:\/\/ydrebo.se\/kd\/veckobrev2015\/nationaldag_i_ydre.JPG","type":"","width":"","height":""}],"twitter_card":"summary_large_image","twitter_misc":{"Ber\u00e4knad l\u00e4stid":"1 minut"},"schema":{"@context":"https:\/\/schema.org","@graph":[{"@type":"WebPage","@id":"https:\/\/wp.kristdemokraterna.se\/ydre\/939-2\/","url":"https:\/\/wp.kristdemokraterna.se\/ydre\/939-2\/","name":"2016-03-02 Vem skall f\u00f6rsvara oss? - Kristdemokraterna i Ydre","isPartOf":{"@id":"https:\/\/wp.kristdemokraterna.se\/ydre\/#website"},"primaryImageOfPage":{"@id":"https:\/\/wp.kristdemokraterna.se\/ydre\/939-2\/#primaryimage"},"image":{"@id":"https:\/\/wp.kristdemokraterna.se\/ydre\/939-2\/#primaryimage"},"thumbnailUrl":"http:\/\/ydrebo.se\/kd\/veckobrev2015\/nationaldag_i_ydre.JPG","datePublished":"2018-07-20T13:50:09+00:00","dateModified":"2018-07-20T13:51:46+00:00","breadcrumb":{"@id":"https:\/\/wp.kristdemokraterna.se\/ydre\/939-2\/#breadcrumb"},"inLanguage":"sv-SE","potentialAction":[{"@type":"ReadAction","target":["https:\/\/wp.kristdemokraterna.se\/ydre\/939-2\/"]}]},{"@type":"ImageObject","inLanguage":"sv-SE","@id":"https:\/\/wp.kristdemokraterna.se\/ydre\/939-2\/#primaryimage","url":"http:\/\/ydrebo.se\/kd\/veckobrev2015\/nationaldag_i_ydre.JPG","contentUrl":"http:\/\/ydrebo.se\/kd\/veckobrev2015\/nationaldag_i_ydre.JPG"},{"@type":"BreadcrumbList","@id":"https:\/\/wp.kristdemokraterna.se\/ydre\/939-2\/#breadcrumb","itemListElement":[{"@type":"ListItem","position":1,"name":"Hem","item":"https:\/\/wp.kristdemokraterna.se\/ydre\/"},{"@type":"ListItem","position":2,"name":"2016-03-02 Vem skall f\u00f6rsvara oss?"}]},{"@type":"WebSite","@id":"https:\/\/wp.kristdemokraterna.se\/ydre\/#website","url":"https:\/\/wp.kristdemokraterna.se\/ydre\/","name":"Kristdemokraterna i Ydre","description":"En till Kristdemokraterna webbplats","inLanguage":"sv-SE"}]}},"_links":{"self":[{"href":"https:\/\/wp.kristdemokraterna.se\/ydre\/wp-json\/wp\/v2\/pages\/939","targetHints":{"allow":["GET"]}}],"collection":[{"href":"https:\/\/wp.kristdemokraterna.se\/ydre\/wp-json\/wp\/v2\/pages"}],"about":[{"href":"https:\/\/wp.kristdemokraterna.se\/ydre\/wp-json\/wp\/v2\/types\/page"}],"author":[{"embeddable":true,"href":"https:\/\/wp.kristdemokraterna.se\/ydre\/wp-json\/wp\/v2\/users\/793"}],"replies":[{"embeddable":true,"href":"https:\/\/wp.kristdemokraterna.se\/ydre\/wp-json\/wp\/v2\/comments?post=939"}],"version-history":[{"count":3,"href":"https:\/\/wp.kristdemokraterna.se\/ydre\/wp-json\/wp\/v2\/pages\/939\/revisions"}],"predecessor-version":[{"id":942,"href":"https:\/\/wp.kristdemokraterna.se\/ydre\/wp-json\/wp\/v2\/pages\/939\/revisions\/942"}],"wp:attachment":[{"href":"https:\/\/wp.kristdemokraterna.se\/ydre\/wp-json\/wp\/v2\/media?parent=939"}],"curies":[{"name":"wp","href":"https:\/\/api.w.org\/{rel}","templated":true}]}}